{"id":183458,"date":"2019-06-11T19:32:00","date_gmt":"2019-06-11T17:32:00","guid":{"rendered":"https:\/\/insektenliebe.com\/shop\/produkt\/porcellio-scaber-fantasma\/"},"modified":"2026-03-05T18:04:27","modified_gmt":"2026-03-05T17:04:27","slug":"porcellio-scaber-fantasma","status":"publish","type":"product","link":"https:\/\/insektenliebe.com\/it\/shop\/prodotto\/porcellio-scaber-fantasma\/","title":{"rendered":"Porcellio scaber \"Fantasma"},"content":{"rendered":"<div class=\"vc_row wpb_row vc_row-fluid prrow\">\n<div class=\"wpb_column vc_column_container vc_col-sm-3\">\n<div class=\"vc_column-inner \">\n<div class=\"wpb_wrapper\">\n<div class=\"wpb_text_column wpb_content_element \">\n<div class=\"wpb_wrapper\">\n<h3 class=\"p1\"><span style=\"color: #99cc33;\"><strong><span class=\"s1\">Porcellio scaber \"Ghost\" - Bellezza luminosa per ogni terrario<\/span><\/strong><\/span><\/h3>\n<p class=\"p1\"><strong><span class=\"s1\">Porcellio scaber \"Fantasma\"<\/span><\/strong><span class=\"s2\"> \u00e8 uno dei morph di colore pi\u00f9 affascinanti della diffusa specie <\/span><span class=\"s1\">Porcellio scaber<\/span><span class=\"s2\">. Gli animali presentano una colorazione estremamente chiara, quasi traslucida, che in alcuni punti appare leggermente perlacea. Grazie alla ridotta pigmentazione, sia la struttura del corpo che i segmenti interni appaiono pi\u00f9 chiaramente visibili rispetto ad altri morph. Ogni animale presenta sfumature di colore individuali, il che significa che un gruppo appare sempre particolarmente vario. Questo aspetto unico rende il morph fantasma un vero punto di forza nel terrario degli isopodi.   <\/span><\/p>\n<p class=\"p1\"><span class=\"s2\">Come la specie madre <strong><span class=\"s1\">Porcellio scaber \"Ghost\"<\/span><\/strong><\/span><span class=\"s2\">  sono estremamente robusti e poco impegnativi. Questi animali si adattano bene a diversi microclimi e sono quindi ideali per i principianti. La loro attivit\u00e0 \u00e8 elevata e spesso possono essere visti durante il giorno, soprattutto in terrari strutturati con molti nascondigli. L&#8217;elevata visibilit\u00e0 \u00e8 uno dei grandi vantaggi dei ghost morph. La colorazione chiara fa s\u00ec che siano facili da individuare anche nelle zone pi\u00f9 scure del terreno o sotto il fogliame.    <\/span><\/p>\n<p class=\"p1\"><span class=\"s2\">Quando vengono tenuti, gli animali preferiscono un&#8217;area principale asciutta, ma utilizzano una piccola zona umida per liberarsi della pelle o bere acqua. Un substrato sciolto e ricco di strutture, composto da terra di bosco, foglie e legno bianco marcio, costituisce la base ideale. Una buona aerazione impedisce il ristagno dell&#8217;acqua, perch\u00e9 come tutti gli animali    <\/span><span class=\"s1\">scaber<\/span><span class=\"s2\">-Come altre specie, anche i fantasmi sono sensibili all&#8217;umidit\u00e0 eccessiva. La loro dieta \u00e8 varia. Oltre al fogliame e al legno, amano mangiare integratori ricchi di proteine come cibo per pesci, insetti essiccati e gusci di seppia. La pigmentazione chiara, in particolare, rimane forte se gli animali ricevono regolarmente fonti di calcio di alta qualit\u00e0.   <\/span><\/p>\n<p class=\"p1\"><span class=\"s2\">La riproduzione \u00e8 stabile e affidabile, ma non troppo rapida. Per questo motivo <strong><span class=\"s1\">Porcellio scaber \"Fantasma<\/span><\/strong> <\/span><span class=\"s2\">  Questo li rende una scelta ideale per gli allevatori che preferiscono una colonia facilmente controllabile. I giovani animali mostrano fin da subito una colorazione molto vivace, che si accentua a ogni muta. Poich\u00e9 gli animali sono socievoli e poco timidi, il loro comportamento \u00e8 particolarmente facile da osservare nel terrario. Si aggirano tra gli strati di fogliame, esplorano le strutture in legno e mostrano un vivace comportamento di gruppo che offre ogni giorno nuovi spunti di riflessione.   <\/span><\/p>\n<p class=\"p1\"><span class=\"s2\">Se stai cercando un isopode robusto, molto attivo e visivamente insolito, lo troverai in <strong><span class=\"s1\">Porcellio scaber \"Fantasma<\/span><\/strong><\/span><span class=\"s2\">  un morph colorato bello e facile da mantenere. Il suo aspetto brillante, il suo comportamento curioso e la sua cura semplice ne fanno una specie popolare sia per i principianti che per gli appassionati di isopodi. <\/span><\/p>\n<\/div>\n<\/div>\n<\/div>\n<\/div>\n<\/div>\n<\/div>\n","protected":false},"excerpt":{"rendered":"<p>Porcellio scaber \"Ghost\" - Bellezza luminosa per ogni terrario Porcellio scaber \"Fantasma\" \u00e8 uno dei morph di colore pi\u00f9 affascinanti della diffusa specie Porcellio scaber. Gli animali presentano una colorazione estremamente chiara, quasi traslucida, che in alcuni punti appare leggermente perlacea. Grazie alla ridotta pigmentazione, sia la struttura del corpo che i segmenti interni appaiono [&hellip;]<\/p>\n","protected":false},"featured_media":183461,"template":"","meta":{"_acf_changed":false},"product-supplier":[],"product_brand":[],"product_cat":[2787,2788],"product_tag":[],"lce-checkout-addons":[2746],"class_list":{"0":"post-183458","1":"product","2":"type-product","3":"status-publish","4":"has-post-thumbnail","6":"product_cat-porcellino-di-legno-porcellio","7":"product_cat-woodlice","8":"product_shipping_class-spedizione-di-animali","9":"pa_herkunft-cosmopolitan","10":"pa_kontinent-africa","11":"pa_kontinent-asia","12":"pa_kontinent-australia","13":"pa_kontinent-europa","14":"pa_kontinent-nord-america","15":"pa_kontinent-sud-america","16":"lce-checkout-addons-imballaggio-invernale","18":"first","19":"instock","20":"taxable","21":"shipping-taxable","22":"purchasable","23":"product-type-simple"},"acf":[],"yoast_head":"<!-- This site is optimized with the Yoast SEO plugin v27.3 - https:\/\/yoast.com\/product\/yoast-seo-wordpress\/ -->\n<title>Porcellio scaber &quot;Fantasma - Insektenliebe<\/title>\n<meta name=\"description\" content=\"Acquista online il Porcellio scaber &quot;Ghost&quot;. Facile da allevare e con un ottimo colore morph che puoi acquistare direttamente dall&#039;allevatore!\" \/>\n<meta name=\"robots\" content=\"index, follow, max-snippet:-1, max-image-preview:large, max-video-preview:-1\" \/>\n<link rel=\"canonical\" href=\"https:\/\/insektenliebe.com\/it\/shop\/prodotto\/porcellio-scaber-fantasma\/\" \/>\n<meta property=\"og:locale\" content=\"it_IT\" \/>\n<meta property=\"og:type\" content=\"article\" \/>\n<meta property=\"og:title\" content=\"Porcellio scaber &quot;Fantasma - Insektenliebe\" \/>\n<meta property=\"og:description\" content=\"Acquista online il Porcellio scaber &quot;Ghost&quot;. Facile da allevare e con un ottimo colore morph che puoi acquistare direttamente dall&#039;allevatore!\" \/>\n<meta property=\"og:url\" content=\"https:\/\/insektenliebe.com\/it\/shop\/prodotto\/porcellio-scaber-fantasma\/\" \/>\n<meta property=\"og:site_name\" content=\"Insektenliebe\" \/>\n<meta property=\"article:modified_time\" content=\"2026-03-05T17:04:27+00:00\" \/>\n<meta property=\"og:image\" content=\"https:\/\/insektenliebe.com\/wp-content\/uploads\/2019\/06\/Porcellio-scaber-22Ghost22.jpg\" \/>\n\t<meta property=\"og:image:width\" content=\"820\" \/>\n\t<meta property=\"og:image:height\" content=\"820\" \/>\n\t<meta property=\"og:image:type\" content=\"image\/jpeg\" \/>\n<meta name=\"twitter:card\" content=\"summary_large_image\" \/>\n<meta name=\"twitter:label1\" content=\"Tempo di lettura stimato\" \/>\n\t<meta name=\"twitter:data1\" content=\"2 minuto\" \/>\n<script type=\"application\/ld+json\" class=\"yoast-schema-graph\">{\"@context\":\"https:\\\/\\\/schema.org\",\"@graph\":[{\"@type\":\"WebPage\",\"@id\":\"https:\\\/\\\/insektenliebe.com\\\/it\\\/shop\\\/prodotto\\\/porcellio-scaber-fantasma\\\/\",\"url\":\"https:\\\/\\\/insektenliebe.com\\\/it\\\/shop\\\/prodotto\\\/porcellio-scaber-fantasma\\\/\",\"name\":\"Porcellio scaber \\\"Fantasma - Insektenliebe\",\"isPartOf\":{\"@id\":\"https:\\\/\\\/insektenliebe.com\\\/it\\\/#website\"},\"primaryImageOfPage\":{\"@id\":\"https:\\\/\\\/insektenliebe.com\\\/it\\\/shop\\\/prodotto\\\/porcellio-scaber-fantasma\\\/#primaryimage\"},\"image\":{\"@id\":\"https:\\\/\\\/insektenliebe.com\\\/it\\\/shop\\\/prodotto\\\/porcellio-scaber-fantasma\\\/#primaryimage\"},\"thumbnailUrl\":\"https:\\\/\\\/insektenliebe.com\\\/wp-content\\\/uploads\\\/2019\\\/06\\\/Porcellio-scaber-22Ghost22.jpg\",\"datePublished\":\"2019-06-11T17:32:00+00:00\",\"dateModified\":\"2026-03-05T17:04:27+00:00\",\"description\":\"Acquista online il Porcellio scaber \\\"Ghost\\\". Facile da allevare e con un ottimo colore morph che puoi acquistare direttamente dall'allevatore!\",\"breadcrumb\":{\"@id\":\"https:\\\/\\\/insektenliebe.com\\\/it\\\/shop\\\/prodotto\\\/porcellio-scaber-fantasma\\\/#breadcrumb\"},\"inLanguage\":\"it-IT\",\"potentialAction\":[{\"@type\":\"ReadAction\",\"target\":[\"https:\\\/\\\/insektenliebe.com\\\/it\\\/shop\\\/prodotto\\\/porcellio-scaber-fantasma\\\/\"]}]},{\"@type\":\"ImageObject\",\"inLanguage\":\"it-IT\",\"@id\":\"https:\\\/\\\/insektenliebe.com\\\/it\\\/shop\\\/prodotto\\\/porcellio-scaber-fantasma\\\/#primaryimage\",\"url\":\"https:\\\/\\\/insektenliebe.com\\\/wp-content\\\/uploads\\\/2019\\\/06\\\/Porcellio-scaber-22Ghost22.jpg\",\"contentUrl\":\"https:\\\/\\\/insektenliebe.com\\\/wp-content\\\/uploads\\\/2019\\\/06\\\/Porcellio-scaber-22Ghost22.jpg\",\"width\":820,\"height\":820,\"caption\":\"Porcellio scaber \\\"Fantasma\"},{\"@type\":\"BreadcrumbList\",\"@id\":\"https:\\\/\\\/insektenliebe.com\\\/it\\\/shop\\\/prodotto\\\/porcellio-scaber-fantasma\\\/#breadcrumb\",\"itemListElement\":[{\"@type\":\"ListItem\",\"position\":1,\"name\":\"Startseite\",\"item\":\"https:\\\/\\\/insektenliebe.com\\\/it\\\/\"},{\"@type\":\"ListItem\",\"position\":2,\"name\":\"Negozio\",\"item\":\"https:\\\/\\\/insektenliebe.com\\\/it\\\/negozio\\\/\"},{\"@type\":\"ListItem\",\"position\":3,\"name\":\"Porcellio scaber \\\"Fantasma\"}]},{\"@type\":\"WebSite\",\"@id\":\"https:\\\/\\\/insektenliebe.com\\\/it\\\/#website\",\"url\":\"https:\\\/\\\/insektenliebe.com\\\/it\\\/\",\"name\":\"Insektenliebe\",\"description\":\"Dein Zuhause f\u00fcr die kleinen Lebewesen\",\"publisher\":{\"@id\":\"https:\\\/\\\/insektenliebe.com\\\/it\\\/#organization\"},\"potentialAction\":[{\"@type\":\"SearchAction\",\"target\":{\"@type\":\"EntryPoint\",\"urlTemplate\":\"https:\\\/\\\/insektenliebe.com\\\/it\\\/?s={search_term_string}\"},\"query-input\":{\"@type\":\"PropertyValueSpecification\",\"valueRequired\":true,\"valueName\":\"search_term_string\"}}],\"inLanguage\":\"it-IT\"},{\"@type\":\"Organization\",\"@id\":\"https:\\\/\\\/insektenliebe.com\\\/it\\\/#organization\",\"name\":\"Insektenliebe\",\"url\":\"https:\\\/\\\/insektenliebe.com\\\/it\\\/\",\"logo\":{\"@type\":\"ImageObject\",\"inLanguage\":\"it-IT\",\"@id\":\"https:\\\/\\\/insektenliebe.com\\\/it\\\/#\\\/schema\\\/logo\\\/image\\\/\",\"url\":\"https:\\\/\\\/insektenliebe.com\\\/wp-content\\\/uploads\\\/2025\\\/03\\\/logo-white.png\",\"contentUrl\":\"https:\\\/\\\/insektenliebe.com\\\/wp-content\\\/uploads\\\/2025\\\/03\\\/logo-white.png\",\"width\":288,\"height\":188,\"caption\":\"Insektenliebe\"},\"image\":{\"@id\":\"https:\\\/\\\/insektenliebe.com\\\/it\\\/#\\\/schema\\\/logo\\\/image\\\/\"}}]}<\/script>\n<!-- \/ Yoast SEO plugin. -->","yoast_head_json":{"title":"Porcellio scaber \"Fantasma - Insektenliebe","description":"Acquista online il Porcellio scaber \"Ghost\". Facile da allevare e con un ottimo colore morph che puoi acquistare direttamente dall'allevatore!","robots":{"index":"index","follow":"follow","max-snippet":"max-snippet:-1","max-image-preview":"max-image-preview:large","max-video-preview":"max-video-preview:-1"},"canonical":"https:\/\/insektenliebe.com\/it\/shop\/prodotto\/porcellio-scaber-fantasma\/","og_locale":"it_IT","og_type":"article","og_title":"Porcellio scaber \"Fantasma - Insektenliebe","og_description":"Acquista online il Porcellio scaber \"Ghost\". Facile da allevare e con un ottimo colore morph che puoi acquistare direttamente dall'allevatore!","og_url":"https:\/\/insektenliebe.com\/it\/shop\/prodotto\/porcellio-scaber-fantasma\/","og_site_name":"Insektenliebe","article_modified_time":"2026-03-05T17:04:27+00:00","og_image":[{"width":820,"height":820,"url":"https:\/\/insektenliebe.com\/wp-content\/uploads\/2019\/06\/Porcellio-scaber-22Ghost22.jpg","type":"image\/jpeg"}],"twitter_card":"summary_large_image","twitter_misc":{"Tempo di lettura stimato":"2 minuto"},"schema":{"@context":"https:\/\/schema.org","@graph":[{"@type":"WebPage","@id":"https:\/\/insektenliebe.com\/it\/shop\/prodotto\/porcellio-scaber-fantasma\/","url":"https:\/\/insektenliebe.com\/it\/shop\/prodotto\/porcellio-scaber-fantasma\/","name":"Porcellio scaber \"Fantasma - Insektenliebe","isPartOf":{"@id":"https:\/\/insektenliebe.com\/it\/#website"},"primaryImageOfPage":{"@id":"https:\/\/insektenliebe.com\/it\/shop\/prodotto\/porcellio-scaber-fantasma\/#primaryimage"},"image":{"@id":"https:\/\/insektenliebe.com\/it\/shop\/prodotto\/porcellio-scaber-fantasma\/#primaryimage"},"thumbnailUrl":"https:\/\/insektenliebe.com\/wp-content\/uploads\/2019\/06\/Porcellio-scaber-22Ghost22.jpg","datePublished":"2019-06-11T17:32:00+00:00","dateModified":"2026-03-05T17:04:27+00:00","description":"Acquista online il Porcellio scaber \"Ghost\". Facile da allevare e con un ottimo colore morph che puoi acquistare direttamente dall'allevatore!","breadcrumb":{"@id":"https:\/\/insektenliebe.com\/it\/shop\/prodotto\/porcellio-scaber-fantasma\/#breadcrumb"},"inLanguage":"it-IT","potentialAction":[{"@type":"ReadAction","target":["https:\/\/insektenliebe.com\/it\/shop\/prodotto\/porcellio-scaber-fantasma\/"]}]},{"@type":"ImageObject","inLanguage":"it-IT","@id":"https:\/\/insektenliebe.com\/it\/shop\/prodotto\/porcellio-scaber-fantasma\/#primaryimage","url":"https:\/\/insektenliebe.com\/wp-content\/uploads\/2019\/06\/Porcellio-scaber-22Ghost22.jpg","contentUrl":"https:\/\/insektenliebe.com\/wp-content\/uploads\/2019\/06\/Porcellio-scaber-22Ghost22.jpg","width":820,"height":820,"caption":"Porcellio scaber \"Fantasma"},{"@type":"BreadcrumbList","@id":"https:\/\/insektenliebe.com\/it\/shop\/prodotto\/porcellio-scaber-fantasma\/#breadcrumb","itemListElement":[{"@type":"ListItem","position":1,"name":"Startseite","item":"https:\/\/insektenliebe.com\/it\/"},{"@type":"ListItem","position":2,"name":"Negozio","item":"https:\/\/insektenliebe.com\/it\/negozio\/"},{"@type":"ListItem","position":3,"name":"Porcellio scaber \"Fantasma"}]},{"@type":"WebSite","@id":"https:\/\/insektenliebe.com\/it\/#website","url":"https:\/\/insektenliebe.com\/it\/","name":"Insektenliebe","description":"Dein Zuhause f\u00fcr die kleinen Lebewesen","publisher":{"@id":"https:\/\/insektenliebe.com\/it\/#organization"},"potentialAction":[{"@type":"SearchAction","target":{"@type":"EntryPoint","urlTemplate":"https:\/\/insektenliebe.com\/it\/?s={search_term_string}"},"query-input":{"@type":"PropertyValueSpecification","valueRequired":true,"valueName":"search_term_string"}}],"inLanguage":"it-IT"},{"@type":"Organization","@id":"https:\/\/insektenliebe.com\/it\/#organization","name":"Insektenliebe","url":"https:\/\/insektenliebe.com\/it\/","logo":{"@type":"ImageObject","inLanguage":"it-IT","@id":"https:\/\/insektenliebe.com\/it\/#\/schema\/logo\/image\/","url":"https:\/\/insektenliebe.com\/wp-content\/uploads\/2025\/03\/logo-white.png","contentUrl":"https:\/\/insektenliebe.com\/wp-content\/uploads\/2025\/03\/logo-white.png","width":288,"height":188,"caption":"Insektenliebe"},"image":{"@id":"https:\/\/insektenliebe.com\/it\/#\/schema\/logo\/image\/"}}]}},"_links":{"self":[{"href":"https:\/\/insektenliebe.com\/it\/wp-json\/wp\/v2\/product\/183458","targetHints":{"allow":["GET"]}}],"collection":[{"href":"https:\/\/insektenliebe.com\/it\/wp-json\/wp\/v2\/product"}],"about":[{"href":"https:\/\/insektenliebe.com\/it\/wp-json\/wp\/v2\/types\/product"}],"wp:featuredmedia":[{"embeddable":true,"href":"https:\/\/insektenliebe.com\/it\/wp-json\/wp\/v2\/media\/183461"}],"wp:attachment":[{"href":"https:\/\/insektenliebe.com\/it\/wp-json\/wp\/v2\/media?parent=183458"}],"wp:term":[{"taxonomy":"product-supplier","embeddable":true,"href":"https:\/\/insektenliebe.com\/it\/wp-json\/wp\/v2\/product-supplier?post=183458"},{"taxonomy":"product_brand","embeddable":true,"href":"https:\/\/insektenliebe.com\/it\/wp-json\/wp\/v2\/product_brand?post=183458"},{"taxonomy":"product_cat","embeddable":true,"href":"https:\/\/insektenliebe.com\/it\/wp-json\/wp\/v2\/product_cat?post=183458"},{"taxonomy":"product_tag","embeddable":true,"href":"https:\/\/insektenliebe.com\/it\/wp-json\/wp\/v2\/product_tag?post=183458"},{"taxonomy":"lce-checkout-addons","embeddable":true,"href":"https:\/\/insektenliebe.com\/it\/wp-json\/wp\/v2\/lce-checkout-addons?post=183458"}],"curies":[{"name":"wp","href":"https:\/\/api.w.org\/{rel}","templated":true}]}}