{"id":183451,"date":"2019-08-21T08:03:00","date_gmt":"2019-08-21T06:03:00","guid":{"rendered":"https:\/\/insektenliebe.com\/shop\/produkt\/anadenobolus-monilicornis-millepiedi-bombo\/"},"modified":"2019-08-21T08:03:00","modified_gmt":"2019-08-21T06:03:00","slug":"anadenobolus-monilicornis-millepiedi-bombo","status":"publish","type":"product","link":"https:\/\/insektenliebe.com\/it\/shop\/prodotto\/anadenobolus-monilicornis-millepiedi-bombo\/","title":{"rendered":"Anadenobolus monilicornis \"millepiedi bombo\""},"content":{"rendered":"<h3><span style=\"color: #99cc33\">Breve descrizione di Anadenobolus monilicornis:<\/span><\/h3>\n<p class=\"p2\">Le antenne e le zampe dell&#8217;Anadenobolus monilicornis sono colorate di rosso. Il corpo \u00e8 argentato se visto lateralmente (lateralmente) e il dorso \u00e8 giallo se visto dorsalmente. L&#8217;intero corpo \u00e8 inoltre striato da strisce orizzontali nere. L&#8217;Anadenobolus monilicornis \u00e8 una delle specie di millepiedi pi\u00f9 colorate in assoluto. Come per molti altri millepiedi, il sesso pu\u00f2 essere riconosciuto dal fatto che una o due paia di zampe sul settimo segmento dei maschi sono state trasformate nell&#8217;organo di accoppiamento (gonopodio). Visto di lato, sembra che in questo punto manchino delle paia di zampe.     <\/p>\n<p class=\"p2\">Questa specie \u00e8 abbastanza facile da allevare ed \u00e8 considerata una buona specie di partenza. A volte vengono proposti anche con i sinonimi \"Millepiedi bombo\" o \"Diplopoda sp. Barbados giallo neon\". Sono considerati relativamente facili da allevare. L&#8217;et\u00e0 raggiungibile \u00e8 solitamente indicata in 2-2,5 anni, ma gli adulti muoiono relativamente presto dopo l&#8217;accoppiamento. Gli Anadenobolus monilicornis sono sessualmente maturi a circa 1,5-2 anni di et\u00e0.    <\/p>\n<p class=\"p2\">A causa delle dimensioni relativamente ridotte di questa specie, pu\u00f2 essere tenuta in terrari con un bordo lungo almeno 30 cm. Tuttavia, \u00e8 necessario assicurarsi che ci sia spazio sufficiente per un substrato sufficientemente alto. L&#8217;altezza del substrato per questa specie non dovrebbe essere inferiore a 5 cm! Il substrato funge sia da habitat che da cibo per gli animali e deve quindi essere scelto con cura. Gli animali sono prevalentemente notturni, per questo motivo puoi fare a meno di una fonte di luce aggiuntiva. Il substrato deve essere sempre mantenuto semi-umido: un&#8217;umidit\u00e0 del 70-80% si \u00e8 dimostrata efficace. Il substrato pu\u00f2 anche essere coperto con pezzi di corteccia o muschio. Questo aiuta a proteggerlo dall&#8217;essiccazione.       <\/p>\n<div style=\"width: 1920px;\" class=\"wp-video\"><video class=\"wp-video-shortcode\" id=\"video-183451-1\" width=\"1920\" height=\"1080\" preload=\"metadata\" controls=\"controls\"><source type=\"video\/mp4\" src=\"https:\/\/insektenliebe.com\/wp-content\/uploads\/2019\/08\/anadenobolus-monilicornis-bumble-bee.mp4?_=1\" \/><a href=\"https:\/\/insektenliebe.com\/wp-content\/uploads\/2019\/08\/anadenobolus-monilicornis-bumble-bee.mp4\">https:\/\/insektenliebe.com\/wp-content\/uploads\/2019\/08\/anadenobolus-monilicornis-bumble-bee.mp4<\/a><\/video><\/div>\n","protected":false},"excerpt":{"rendered":"<p>Breve descrizione di Anadenobolus monilicornis: Le antenne e le zampe dell&#8217;Anadenobolus monilicornis sono colorate di rosso. Il corpo \u00e8 argentato se visto lateralmente (lateralmente) e il dorso \u00e8 giallo se visto dorsalmente. L&#8217;intero corpo \u00e8 inoltre striato da strisce orizzontali nere. L&#8217;Anadenobolus monilicornis \u00e8 una delle specie di millepiedi pi\u00f9 colorate in assoluto. Come per [&hellip;]<\/p>\n","protected":false},"featured_media":183453,"template":"","meta":{"_acf_changed":false},"product-supplier":[],"product_brand":[],"product_cat":[2870],"product_tag":[],"lce-checkout-addons":[2746],"class_list":{"0":"post-183451","1":"product","2":"type-product","3":"status-publish","4":"has-post-thumbnail","6":"product_cat-millipede","7":"product_shipping_class-spedizione-di-animali","8":"pa_herkunft-florida","9":"pa_kontinent-nord-america","10":"lce-checkout-addons-imballaggio-invernale","12":"first","13":"outofstock","14":"taxable","15":"shipping-taxable","16":"purchasable","17":"product-type-simple"},"acf":[],"yoast_head":"<!-- This site is optimized with the Yoast SEO plugin v27.3 - https:\/\/yoast.com\/product\/yoast-seo-wordpress\/ -->\n<title>Anadenobolus monilicornis &quot;millepiedi bombo&quot; - Insektenliebe<\/title>\n<meta name=\"description\" content=\"Acquista online l&#039;Anadenobolus monilicornis &quot;Bumble-Bee Millipede&quot;. Un millepiedi molto colorato e facile da tenere, direttamente dall&#039;allevatore!\" \/>\n<meta name=\"robots\" content=\"index, follow, max-snippet:-1, max-image-preview:large, max-video-preview:-1\" \/>\n<link rel=\"canonical\" href=\"https:\/\/insektenliebe.com\/it\/shop\/prodotto\/anadenobolus-monilicornis-millepiedi-bombo\/\" \/>\n<meta property=\"og:locale\" content=\"it_IT\" \/>\n<meta property=\"og:type\" content=\"article\" \/>\n<meta property=\"og:title\" content=\"Anadenobolus monilicornis &quot;millepiedi bombo&quot; - Insektenliebe\" \/>\n<meta property=\"og:description\" content=\"Acquista online l&#039;Anadenobolus monilicornis &quot;Bumble-Bee Millipede&quot;. Un millepiedi molto colorato e facile da tenere, direttamente dall&#039;allevatore!\" \/>\n<meta property=\"og:url\" content=\"https:\/\/insektenliebe.com\/it\/shop\/prodotto\/anadenobolus-monilicornis-millepiedi-bombo\/\" \/>\n<meta property=\"og:site_name\" content=\"Insektenliebe\" \/>\n<meta property=\"og:image\" content=\"https:\/\/insektenliebe.com\/wp-content\/uploads\/2025\/05\/Anadenobolus-monilicornis-_Bumble-Bee_-2.jpg\" \/>\n\t<meta property=\"og:image:width\" content=\"820\" \/>\n\t<meta property=\"og:image:height\" content=\"820\" \/>\n\t<meta property=\"og:image:type\" content=\"image\/jpeg\" \/>\n<meta name=\"twitter:card\" content=\"summary_large_image\" \/>\n<meta name=\"twitter:label1\" content=\"Tempo di lettura stimato\" \/>\n\t<meta name=\"twitter:data1\" content=\"1 minuto\" \/>\n<script type=\"application\/ld+json\" class=\"yoast-schema-graph\">{\"@context\":\"https:\\\/\\\/schema.org\",\"@graph\":[{\"@type\":\"WebPage\",\"@id\":\"https:\\\/\\\/insektenliebe.com\\\/it\\\/shop\\\/prodotto\\\/anadenobolus-monilicornis-millepiedi-bombo\\\/\",\"url\":\"https:\\\/\\\/insektenliebe.com\\\/it\\\/shop\\\/prodotto\\\/anadenobolus-monilicornis-millepiedi-bombo\\\/\",\"name\":\"Anadenobolus monilicornis \\\"millepiedi bombo\\\" - Insektenliebe\",\"isPartOf\":{\"@id\":\"https:\\\/\\\/insektenliebe.com\\\/it\\\/#website\"},\"primaryImageOfPage\":{\"@id\":\"https:\\\/\\\/insektenliebe.com\\\/it\\\/shop\\\/prodotto\\\/anadenobolus-monilicornis-millepiedi-bombo\\\/#primaryimage\"},\"image\":{\"@id\":\"https:\\\/\\\/insektenliebe.com\\\/it\\\/shop\\\/prodotto\\\/anadenobolus-monilicornis-millepiedi-bombo\\\/#primaryimage\"},\"thumbnailUrl\":\"https:\\\/\\\/insektenliebe.com\\\/wp-content\\\/uploads\\\/2025\\\/05\\\/Anadenobolus-monilicornis-_Bumble-Bee_-2.jpg\",\"datePublished\":\"2019-08-21T06:03:00+00:00\",\"description\":\"Acquista online l'Anadenobolus monilicornis \\\"Bumble-Bee Millipede\\\". Un millepiedi molto colorato e facile da tenere, direttamente dall'allevatore!\",\"breadcrumb\":{\"@id\":\"https:\\\/\\\/insektenliebe.com\\\/it\\\/shop\\\/prodotto\\\/anadenobolus-monilicornis-millepiedi-bombo\\\/#breadcrumb\"},\"inLanguage\":\"it-IT\",\"potentialAction\":[{\"@type\":\"ReadAction\",\"target\":[\"https:\\\/\\\/insektenliebe.com\\\/it\\\/shop\\\/prodotto\\\/anadenobolus-monilicornis-millepiedi-bombo\\\/\"]}]},{\"@type\":\"ImageObject\",\"inLanguage\":\"it-IT\",\"@id\":\"https:\\\/\\\/insektenliebe.com\\\/it\\\/shop\\\/prodotto\\\/anadenobolus-monilicornis-millepiedi-bombo\\\/#primaryimage\",\"url\":\"https:\\\/\\\/insektenliebe.com\\\/wp-content\\\/uploads\\\/2025\\\/05\\\/Anadenobolus-monilicornis-_Bumble-Bee_-2.jpg\",\"contentUrl\":\"https:\\\/\\\/insektenliebe.com\\\/wp-content\\\/uploads\\\/2025\\\/05\\\/Anadenobolus-monilicornis-_Bumble-Bee_-2.jpg\",\"width\":820,\"height\":820,\"caption\":\"Anadenobolus-monilicornis-_Bumble-Bee_-2.jpg\"},{\"@type\":\"BreadcrumbList\",\"@id\":\"https:\\\/\\\/insektenliebe.com\\\/it\\\/shop\\\/prodotto\\\/anadenobolus-monilicornis-millepiedi-bombo\\\/#breadcrumb\",\"itemListElement\":[{\"@type\":\"ListItem\",\"position\":1,\"name\":\"Startseite\",\"item\":\"https:\\\/\\\/insektenliebe.com\\\/it\\\/\"},{\"@type\":\"ListItem\",\"position\":2,\"name\":\"Negozio\",\"item\":\"https:\\\/\\\/insektenliebe.com\\\/it\\\/negozio\\\/\"},{\"@type\":\"ListItem\",\"position\":3,\"name\":\"Anadenobolus monilicornis &#8220;millepiedi bombo&#8221;\"}]},{\"@type\":\"WebSite\",\"@id\":\"https:\\\/\\\/insektenliebe.com\\\/it\\\/#website\",\"url\":\"https:\\\/\\\/insektenliebe.com\\\/it\\\/\",\"name\":\"Insektenliebe\",\"description\":\"Dein Zuhause f\u00fcr die kleinen Lebewesen\",\"publisher\":{\"@id\":\"https:\\\/\\\/insektenliebe.com\\\/it\\\/#organization\"},\"potentialAction\":[{\"@type\":\"SearchAction\",\"target\":{\"@type\":\"EntryPoint\",\"urlTemplate\":\"https:\\\/\\\/insektenliebe.com\\\/it\\\/?s={search_term_string}\"},\"query-input\":{\"@type\":\"PropertyValueSpecification\",\"valueRequired\":true,\"valueName\":\"search_term_string\"}}],\"inLanguage\":\"it-IT\"},{\"@type\":\"Organization\",\"@id\":\"https:\\\/\\\/insektenliebe.com\\\/it\\\/#organization\",\"name\":\"Insektenliebe\",\"url\":\"https:\\\/\\\/insektenliebe.com\\\/it\\\/\",\"logo\":{\"@type\":\"ImageObject\",\"inLanguage\":\"it-IT\",\"@id\":\"https:\\\/\\\/insektenliebe.com\\\/it\\\/#\\\/schema\\\/logo\\\/image\\\/\",\"url\":\"https:\\\/\\\/insektenliebe.com\\\/wp-content\\\/uploads\\\/2025\\\/03\\\/logo-white.png\",\"contentUrl\":\"https:\\\/\\\/insektenliebe.com\\\/wp-content\\\/uploads\\\/2025\\\/03\\\/logo-white.png\",\"width\":288,\"height\":188,\"caption\":\"Insektenliebe\"},\"image\":{\"@id\":\"https:\\\/\\\/insektenliebe.com\\\/it\\\/#\\\/schema\\\/logo\\\/image\\\/\"}}]}<\/script>\n<!-- \/ Yoast SEO plugin. -->","yoast_head_json":{"title":"Anadenobolus monilicornis \"millepiedi bombo\" - Insektenliebe","description":"Acquista online l'Anadenobolus monilicornis \"Bumble-Bee Millipede\". Un millepiedi molto colorato e facile da tenere, direttamente dall'allevatore!","robots":{"index":"index","follow":"follow","max-snippet":"max-snippet:-1","max-image-preview":"max-image-preview:large","max-video-preview":"max-video-preview:-1"},"canonical":"https:\/\/insektenliebe.com\/it\/shop\/prodotto\/anadenobolus-monilicornis-millepiedi-bombo\/","og_locale":"it_IT","og_type":"article","og_title":"Anadenobolus monilicornis \"millepiedi bombo\" - Insektenliebe","og_description":"Acquista online l'Anadenobolus monilicornis \"Bumble-Bee Millipede\". Un millepiedi molto colorato e facile da tenere, direttamente dall'allevatore!","og_url":"https:\/\/insektenliebe.com\/it\/shop\/prodotto\/anadenobolus-monilicornis-millepiedi-bombo\/","og_site_name":"Insektenliebe","og_image":[{"width":820,"height":820,"url":"https:\/\/insektenliebe.com\/wp-content\/uploads\/2025\/05\/Anadenobolus-monilicornis-_Bumble-Bee_-2.jpg","type":"image\/jpeg"}],"twitter_card":"summary_large_image","twitter_misc":{"Tempo di lettura stimato":"1 minuto"},"schema":{"@context":"https:\/\/schema.org","@graph":[{"@type":"WebPage","@id":"https:\/\/insektenliebe.com\/it\/shop\/prodotto\/anadenobolus-monilicornis-millepiedi-bombo\/","url":"https:\/\/insektenliebe.com\/it\/shop\/prodotto\/anadenobolus-monilicornis-millepiedi-bombo\/","name":"Anadenobolus monilicornis \"millepiedi bombo\" - Insektenliebe","isPartOf":{"@id":"https:\/\/insektenliebe.com\/it\/#website"},"primaryImageOfPage":{"@id":"https:\/\/insektenliebe.com\/it\/shop\/prodotto\/anadenobolus-monilicornis-millepiedi-bombo\/#primaryimage"},"image":{"@id":"https:\/\/insektenliebe.com\/it\/shop\/prodotto\/anadenobolus-monilicornis-millepiedi-bombo\/#primaryimage"},"thumbnailUrl":"https:\/\/insektenliebe.com\/wp-content\/uploads\/2025\/05\/Anadenobolus-monilicornis-_Bumble-Bee_-2.jpg","datePublished":"2019-08-21T06:03:00+00:00","description":"Acquista online l'Anadenobolus monilicornis \"Bumble-Bee Millipede\". Un millepiedi molto colorato e facile da tenere, direttamente dall'allevatore!","breadcrumb":{"@id":"https:\/\/insektenliebe.com\/it\/shop\/prodotto\/anadenobolus-monilicornis-millepiedi-bombo\/#breadcrumb"},"inLanguage":"it-IT","potentialAction":[{"@type":"ReadAction","target":["https:\/\/insektenliebe.com\/it\/shop\/prodotto\/anadenobolus-monilicornis-millepiedi-bombo\/"]}]},{"@type":"ImageObject","inLanguage":"it-IT","@id":"https:\/\/insektenliebe.com\/it\/shop\/prodotto\/anadenobolus-monilicornis-millepiedi-bombo\/#primaryimage","url":"https:\/\/insektenliebe.com\/wp-content\/uploads\/2025\/05\/Anadenobolus-monilicornis-_Bumble-Bee_-2.jpg","contentUrl":"https:\/\/insektenliebe.com\/wp-content\/uploads\/2025\/05\/Anadenobolus-monilicornis-_Bumble-Bee_-2.jpg","width":820,"height":820,"caption":"Anadenobolus-monilicornis-_Bumble-Bee_-2.jpg"},{"@type":"BreadcrumbList","@id":"https:\/\/insektenliebe.com\/it\/shop\/prodotto\/anadenobolus-monilicornis-millepiedi-bombo\/#breadcrumb","itemListElement":[{"@type":"ListItem","position":1,"name":"Startseite","item":"https:\/\/insektenliebe.com\/it\/"},{"@type":"ListItem","position":2,"name":"Negozio","item":"https:\/\/insektenliebe.com\/it\/negozio\/"},{"@type":"ListItem","position":3,"name":"Anadenobolus monilicornis &#8220;millepiedi bombo&#8221;"}]},{"@type":"WebSite","@id":"https:\/\/insektenliebe.com\/it\/#website","url":"https:\/\/insektenliebe.com\/it\/","name":"Insektenliebe","description":"Dein Zuhause f\u00fcr die kleinen Lebewesen","publisher":{"@id":"https:\/\/insektenliebe.com\/it\/#organization"},"potentialAction":[{"@type":"SearchAction","target":{"@type":"EntryPoint","urlTemplate":"https:\/\/insektenliebe.com\/it\/?s={search_term_string}"},"query-input":{"@type":"PropertyValueSpecification","valueRequired":true,"valueName":"search_term_string"}}],"inLanguage":"it-IT"},{"@type":"Organization","@id":"https:\/\/insektenliebe.com\/it\/#organization","name":"Insektenliebe","url":"https:\/\/insektenliebe.com\/it\/","logo":{"@type":"ImageObject","inLanguage":"it-IT","@id":"https:\/\/insektenliebe.com\/it\/#\/schema\/logo\/image\/","url":"https:\/\/insektenliebe.com\/wp-content\/uploads\/2025\/03\/logo-white.png","contentUrl":"https:\/\/insektenliebe.com\/wp-content\/uploads\/2025\/03\/logo-white.png","width":288,"height":188,"caption":"Insektenliebe"},"image":{"@id":"https:\/\/insektenliebe.com\/it\/#\/schema\/logo\/image\/"}}]}},"_links":{"self":[{"href":"https:\/\/insektenliebe.com\/it\/wp-json\/wp\/v2\/product\/183451","targetHints":{"allow":["GET"]}}],"collection":[{"href":"https:\/\/insektenliebe.com\/it\/wp-json\/wp\/v2\/product"}],"about":[{"href":"https:\/\/insektenliebe.com\/it\/wp-json\/wp\/v2\/types\/product"}],"wp:featuredmedia":[{"embeddable":true,"href":"https:\/\/insektenliebe.com\/it\/wp-json\/wp\/v2\/media\/183453"}],"wp:attachment":[{"href":"https:\/\/insektenliebe.com\/it\/wp-json\/wp\/v2\/media?parent=183451"}],"wp:term":[{"taxonomy":"product-supplier","embeddable":true,"href":"https:\/\/insektenliebe.com\/it\/wp-json\/wp\/v2\/product-supplier?post=183451"},{"taxonomy":"product_brand","embeddable":true,"href":"https:\/\/insektenliebe.com\/it\/wp-json\/wp\/v2\/product_brand?post=183451"},{"taxonomy":"product_cat","embeddable":true,"href":"https:\/\/insektenliebe.com\/it\/wp-json\/wp\/v2\/product_cat?post=183451"},{"taxonomy":"product_tag","embeddable":true,"href":"https:\/\/insektenliebe.com\/it\/wp-json\/wp\/v2\/product_tag?post=183451"},{"taxonomy":"lce-checkout-addons","embeddable":true,"href":"https:\/\/insektenliebe.com\/it\/wp-json\/wp\/v2\/lce-checkout-addons?post=183451"}],"curies":[{"name":"wp","href":"https:\/\/api.w.org\/{rel}","templated":true}]}}