{"id":183423,"date":"2019-09-08T13:14:31","date_gmt":"2019-09-08T13:14:31","guid":{"rendered":"https:\/\/insektenliebe.com\/shop\/produkt\/gromphadorhina-portentosa-scarafaggio-sibilante-del-madagascar\/"},"modified":"2019-09-08T13:14:31","modified_gmt":"2019-09-08T11:14:31","slug":"gromphadorhina-portentosa-scarafaggio-sibilante-del-madagascar","status":"publish","type":"product","link":"https:\/\/insektenliebe.com\/it\/shop\/prodotto\/gromphadorhina-portentosa-scarafaggio-sibilante-del-madagascar\/","title":{"rendered":"Gromphadorhina portentosa \"scarafaggio sibilante del Madagascar"},"content":{"rendered":"<h3><span style=\"color: #99cc33\"><strong>Il sibilo della natura: gli scarafaggi sibilanti del Madagascar<\/strong><\/span><\/h3>\n<p>La <strong>Gromphadorhina portentosa<\/strong>, meglio conosciuta come scarafaggio sibilante del Madagascar, offre un&#8217;opportunit\u00e0 unica per scoprire l&#8217;affascinante mondo degli insetti in casa tua. Questa grande specie di scarafaggio \u00e8 originaria delle foreste secche del Madagascar ed \u00e8 un animale domestico molto amato dagli appassionati di terrari grazie al suo aspetto imponente e al suo comportamento insolito. <\/p>\n<p>Questi scarafaggi raggiungono dimensioni impressionanti, fino a 8-10 cm, e sono noti per la loro capacit\u00e0 di emettere un sibilo quando sono minacciati. Questo comportamento non \u00e8 solo uno spettacolo emozionante, ma in natura serve come meccanismo di difesa contro i predatori. Il loro corpo \u00e8 robusto, di colore prevalentemente marrone scuro e presenta un&#8217;impressionante corazza che li protegge dai danni fisici.  <\/p>\n<div class=\"vc_row wpb_row vc_row-fluid prrow\">\n<div class=\"wpb_column vc_column_container vc_col-sm-3\">\n<div class=\"vc_column-inner \">\n<div class=\"wpb_wrapper\">\n<div class=\"wpb_text_column wpb_content_element \">\n<div class=\"wpb_wrapper\"><\/div>\n<\/div>\n<\/div>\n<\/div>\n<\/div>\n<\/div>\n<p>Lo <strong>scarafaggio sibilante del Madagascar<\/strong> \u00e8 un animale notturno che ama nascondersi nelle tane che ha scavato da solo o sotto pezzi di legno e fogliame durante il giorno. Di notte diventano pi\u00f9 attivi ed esplorano il loro terrario, il che li rende un interessante oggetto di osservazione. Nonostante le dimensioni e l&#8217;aspetto imponente, questi scarafaggi sono estremamente facili da accudire e non richiedono grandi sforzi per il loro ambiente.  <\/p>\n<p>L&#8217;allevamento di questa specie di scarafaggio richiede un terrario con sufficienti nascondigli per imitare le loro condizioni di vita naturali. Una temperatura di 25-30\u00b0C \u00e8 ideale per favorire la loro attivit\u00e0 e la loro salute. Essendo onnivore, le <strong>Gromphadorhina portentosa<\/strong> si nutrono di una variet\u00e0 di materiali organici, tra cui verdure, frutta e cibo per scarafaggi.  <\/p>\n<p>Un altro vantaggio dello <strong>scarafaggio sibilante del Madagascar<\/strong> \u00e8 la sua relativa longevit\u00e0, che pu\u00f2 arrivare fino a 5 anni, rendendolo un&#8217;aggiunta a lungo termine a qualsiasi terrario. Sia per i terrariofili esperti che per i principianti, questa specie di scarafaggio rappresenta un&#8217;aggiunta interessante ed educativa a qualsiasi collezione di insetti. <\/p>\n<p>Se vuoi saperne di pi\u00f9 su questa specie, leggi il nostro <a href=\"https:\/\/insektenliebe.com\/de\/haltungsberichte\/futtertiere\/gromphadorhina-portentosa-madagaskar-fauchschabe\/\">rapporto sull&#8217;allevamento<\/a>!<\/p>\n","protected":false},"excerpt":{"rendered":"<p>Gli scarafaggi sibilanti sono tra i pi\u00f9 grandi e pi\u00f9 belli di tutte le specie di scarafaggi.<\/p>\n","protected":false},"featured_media":183424,"template":"","meta":{"_acf_changed":false},"product-supplier":[],"product_brand":[],"product_cat":[2785],"product_tag":[],"lce-checkout-addons":[2746],"class_list":{"0":"post-183423","1":"product","2":"type-product","3":"status-publish","4":"has-post-thumbnail","6":"product_cat-scarafaggi","7":"product_shipping_class-spedizione-di-animali","8":"pa_herkunft-madagascar","9":"pa_kontinent-africa","10":"lce-checkout-addons-imballaggio-invernale","12":"first","13":"outofstock","14":"taxable","15":"shipping-taxable","16":"purchasable","17":"product-type-variable"},"acf":[],"yoast_head":"<!-- This site is optimized with the Yoast SEO plugin v27.3 - https:\/\/yoast.com\/product\/yoast-seo-wordpress\/ -->\n<title>Gromphadorhina portentosa &quot;scarafaggio sibilante del Madagascar - Insektenliebe<\/title>\n<meta name=\"description\" content=\"Acquista online la Gromphadorhina portentosa. Le blatte sibilanti sono tra le pi\u00f9 grandi e belle di tutte le specie di scarafaggi. Compra direttamente dall&#039;allevatore!\" \/>\n<meta name=\"robots\" content=\"index, follow, max-snippet:-1, max-image-preview:large, max-video-preview:-1\" \/>\n<link rel=\"canonical\" href=\"https:\/\/insektenliebe.com\/it\/shop\/prodotto\/gromphadorhina-portentosa-scarafaggio-sibilante-del-madagascar\/\" \/>\n<meta property=\"og:locale\" content=\"it_IT\" \/>\n<meta property=\"og:type\" content=\"article\" \/>\n<meta property=\"og:title\" content=\"Gromphadorhina portentosa &quot;scarafaggio sibilante del Madagascar - Insektenliebe\" \/>\n<meta property=\"og:description\" content=\"Acquista online la Gromphadorhina portentosa. Le blatte sibilanti sono tra le pi\u00f9 grandi e belle di tutte le specie di scarafaggi. Compra direttamente dall&#039;allevatore!\" \/>\n<meta property=\"og:url\" content=\"https:\/\/insektenliebe.com\/it\/shop\/prodotto\/gromphadorhina-portentosa-scarafaggio-sibilante-del-madagascar\/\" \/>\n<meta property=\"og:site_name\" content=\"Insektenliebe\" \/>\n<meta property=\"og:image\" content=\"https:\/\/insektenliebe.com\/wp-content\/uploads\/2025\/05\/Gromphadorhina-portentosa-22Madagaskar-Fauchschabe22-2.jpg\" \/>\n\t<meta property=\"og:image:width\" content=\"1024\" \/>\n\t<meta property=\"og:image:height\" content=\"1024\" \/>\n\t<meta property=\"og:image:type\" content=\"image\/jpeg\" \/>\n<meta name=\"twitter:card\" content=\"summary_large_image\" \/>\n<meta name=\"twitter:label1\" content=\"Tempo di lettura stimato\" \/>\n\t<meta name=\"twitter:data1\" content=\"2 minuto\" \/>\n<script type=\"application\/ld+json\" class=\"yoast-schema-graph\">{\"@context\":\"https:\\\/\\\/schema.org\",\"@graph\":[{\"@type\":\"WebPage\",\"@id\":\"https:\\\/\\\/insektenliebe.com\\\/it\\\/shop\\\/prodotto\\\/gromphadorhina-portentosa-scarafaggio-sibilante-del-madagascar\\\/\",\"url\":\"https:\\\/\\\/insektenliebe.com\\\/it\\\/shop\\\/prodotto\\\/gromphadorhina-portentosa-scarafaggio-sibilante-del-madagascar\\\/\",\"name\":\"Gromphadorhina portentosa \\\"scarafaggio sibilante del Madagascar - Insektenliebe\",\"isPartOf\":{\"@id\":\"https:\\\/\\\/insektenliebe.com\\\/it\\\/#website\"},\"primaryImageOfPage\":{\"@id\":\"https:\\\/\\\/insektenliebe.com\\\/it\\\/shop\\\/prodotto\\\/gromphadorhina-portentosa-scarafaggio-sibilante-del-madagascar\\\/#primaryimage\"},\"image\":{\"@id\":\"https:\\\/\\\/insektenliebe.com\\\/it\\\/shop\\\/prodotto\\\/gromphadorhina-portentosa-scarafaggio-sibilante-del-madagascar\\\/#primaryimage\"},\"thumbnailUrl\":\"https:\\\/\\\/insektenliebe.com\\\/wp-content\\\/uploads\\\/2025\\\/05\\\/Gromphadorhina-portentosa-22Madagaskar-Fauchschabe22-2.jpg\",\"datePublished\":\"2019-09-08T13:14:31+00:00\",\"description\":\"Acquista online la Gromphadorhina portentosa. Le blatte sibilanti sono tra le pi\u00f9 grandi e belle di tutte le specie di scarafaggi. Compra direttamente dall'allevatore!\",\"breadcrumb\":{\"@id\":\"https:\\\/\\\/insektenliebe.com\\\/it\\\/shop\\\/prodotto\\\/gromphadorhina-portentosa-scarafaggio-sibilante-del-madagascar\\\/#breadcrumb\"},\"inLanguage\":\"it-IT\",\"potentialAction\":[{\"@type\":\"ReadAction\",\"target\":[\"https:\\\/\\\/insektenliebe.com\\\/it\\\/shop\\\/prodotto\\\/gromphadorhina-portentosa-scarafaggio-sibilante-del-madagascar\\\/\"]}]},{\"@type\":\"ImageObject\",\"inLanguage\":\"it-IT\",\"@id\":\"https:\\\/\\\/insektenliebe.com\\\/it\\\/shop\\\/prodotto\\\/gromphadorhina-portentosa-scarafaggio-sibilante-del-madagascar\\\/#primaryimage\",\"url\":\"https:\\\/\\\/insektenliebe.com\\\/wp-content\\\/uploads\\\/2025\\\/05\\\/Gromphadorhina-portentosa-22Madagaskar-Fauchschabe22-2.jpg\",\"contentUrl\":\"https:\\\/\\\/insektenliebe.com\\\/wp-content\\\/uploads\\\/2025\\\/05\\\/Gromphadorhina-portentosa-22Madagaskar-Fauchschabe22-2.jpg\",\"width\":1024,\"height\":1024,\"caption\":\"Gromphadorhina-portentosa-22Scarafaggio sibilante del Madagascar22-2.jpg\"},{\"@type\":\"BreadcrumbList\",\"@id\":\"https:\\\/\\\/insektenliebe.com\\\/it\\\/shop\\\/prodotto\\\/gromphadorhina-portentosa-scarafaggio-sibilante-del-madagascar\\\/#breadcrumb\",\"itemListElement\":[{\"@type\":\"ListItem\",\"position\":1,\"name\":\"Startseite\",\"item\":\"https:\\\/\\\/insektenliebe.com\\\/it\\\/\"},{\"@type\":\"ListItem\",\"position\":2,\"name\":\"Negozio\",\"item\":\"https:\\\/\\\/insektenliebe.com\\\/it\\\/negozio\\\/\"},{\"@type\":\"ListItem\",\"position\":3,\"name\":\"Gromphadorhina portentosa &#8220;scarafaggio sibilante del Madagascar\"}]},{\"@type\":\"WebSite\",\"@id\":\"https:\\\/\\\/insektenliebe.com\\\/it\\\/#website\",\"url\":\"https:\\\/\\\/insektenliebe.com\\\/it\\\/\",\"name\":\"Insektenliebe\",\"description\":\"Dein Zuhause f\u00fcr die kleinen Lebewesen\",\"publisher\":{\"@id\":\"https:\\\/\\\/insektenliebe.com\\\/it\\\/#organization\"},\"potentialAction\":[{\"@type\":\"SearchAction\",\"target\":{\"@type\":\"EntryPoint\",\"urlTemplate\":\"https:\\\/\\\/insektenliebe.com\\\/it\\\/?s={search_term_string}\"},\"query-input\":{\"@type\":\"PropertyValueSpecification\",\"valueRequired\":true,\"valueName\":\"search_term_string\"}}],\"inLanguage\":\"it-IT\"},{\"@type\":\"Organization\",\"@id\":\"https:\\\/\\\/insektenliebe.com\\\/it\\\/#organization\",\"name\":\"Insektenliebe\",\"url\":\"https:\\\/\\\/insektenliebe.com\\\/it\\\/\",\"logo\":{\"@type\":\"ImageObject\",\"inLanguage\":\"it-IT\",\"@id\":\"https:\\\/\\\/insektenliebe.com\\\/it\\\/#\\\/schema\\\/logo\\\/image\\\/\",\"url\":\"https:\\\/\\\/insektenliebe.com\\\/wp-content\\\/uploads\\\/2025\\\/03\\\/logo-white.png\",\"contentUrl\":\"https:\\\/\\\/insektenliebe.com\\\/wp-content\\\/uploads\\\/2025\\\/03\\\/logo-white.png\",\"width\":288,\"height\":188,\"caption\":\"Insektenliebe\"},\"image\":{\"@id\":\"https:\\\/\\\/insektenliebe.com\\\/it\\\/#\\\/schema\\\/logo\\\/image\\\/\"}}]}<\/script>\n<!-- \/ Yoast SEO plugin. -->","yoast_head_json":{"title":"Gromphadorhina portentosa \"scarafaggio sibilante del Madagascar - Insektenliebe","description":"Acquista online la Gromphadorhina portentosa. Le blatte sibilanti sono tra le pi\u00f9 grandi e belle di tutte le specie di scarafaggi. Compra direttamente dall'allevatore!","robots":{"index":"index","follow":"follow","max-snippet":"max-snippet:-1","max-image-preview":"max-image-preview:large","max-video-preview":"max-video-preview:-1"},"canonical":"https:\/\/insektenliebe.com\/it\/shop\/prodotto\/gromphadorhina-portentosa-scarafaggio-sibilante-del-madagascar\/","og_locale":"it_IT","og_type":"article","og_title":"Gromphadorhina portentosa \"scarafaggio sibilante del Madagascar - Insektenliebe","og_description":"Acquista online la Gromphadorhina portentosa. Le blatte sibilanti sono tra le pi\u00f9 grandi e belle di tutte le specie di scarafaggi. Compra direttamente dall'allevatore!","og_url":"https:\/\/insektenliebe.com\/it\/shop\/prodotto\/gromphadorhina-portentosa-scarafaggio-sibilante-del-madagascar\/","og_site_name":"Insektenliebe","og_image":[{"width":1024,"height":1024,"url":"https:\/\/insektenliebe.com\/wp-content\/uploads\/2025\/05\/Gromphadorhina-portentosa-22Madagaskar-Fauchschabe22-2.jpg","type":"image\/jpeg"}],"twitter_card":"summary_large_image","twitter_misc":{"Tempo di lettura stimato":"2 minuto"},"schema":{"@context":"https:\/\/schema.org","@graph":[{"@type":"WebPage","@id":"https:\/\/insektenliebe.com\/it\/shop\/prodotto\/gromphadorhina-portentosa-scarafaggio-sibilante-del-madagascar\/","url":"https:\/\/insektenliebe.com\/it\/shop\/prodotto\/gromphadorhina-portentosa-scarafaggio-sibilante-del-madagascar\/","name":"Gromphadorhina portentosa \"scarafaggio sibilante del Madagascar - Insektenliebe","isPartOf":{"@id":"https:\/\/insektenliebe.com\/it\/#website"},"primaryImageOfPage":{"@id":"https:\/\/insektenliebe.com\/it\/shop\/prodotto\/gromphadorhina-portentosa-scarafaggio-sibilante-del-madagascar\/#primaryimage"},"image":{"@id":"https:\/\/insektenliebe.com\/it\/shop\/prodotto\/gromphadorhina-portentosa-scarafaggio-sibilante-del-madagascar\/#primaryimage"},"thumbnailUrl":"https:\/\/insektenliebe.com\/wp-content\/uploads\/2025\/05\/Gromphadorhina-portentosa-22Madagaskar-Fauchschabe22-2.jpg","datePublished":"2019-09-08T13:14:31+00:00","description":"Acquista online la Gromphadorhina portentosa. Le blatte sibilanti sono tra le pi\u00f9 grandi e belle di tutte le specie di scarafaggi. Compra direttamente dall'allevatore!","breadcrumb":{"@id":"https:\/\/insektenliebe.com\/it\/shop\/prodotto\/gromphadorhina-portentosa-scarafaggio-sibilante-del-madagascar\/#breadcrumb"},"inLanguage":"it-IT","potentialAction":[{"@type":"ReadAction","target":["https:\/\/insektenliebe.com\/it\/shop\/prodotto\/gromphadorhina-portentosa-scarafaggio-sibilante-del-madagascar\/"]}]},{"@type":"ImageObject","inLanguage":"it-IT","@id":"https:\/\/insektenliebe.com\/it\/shop\/prodotto\/gromphadorhina-portentosa-scarafaggio-sibilante-del-madagascar\/#primaryimage","url":"https:\/\/insektenliebe.com\/wp-content\/uploads\/2025\/05\/Gromphadorhina-portentosa-22Madagaskar-Fauchschabe22-2.jpg","contentUrl":"https:\/\/insektenliebe.com\/wp-content\/uploads\/2025\/05\/Gromphadorhina-portentosa-22Madagaskar-Fauchschabe22-2.jpg","width":1024,"height":1024,"caption":"Gromphadorhina-portentosa-22Scarafaggio sibilante del Madagascar22-2.jpg"},{"@type":"BreadcrumbList","@id":"https:\/\/insektenliebe.com\/it\/shop\/prodotto\/gromphadorhina-portentosa-scarafaggio-sibilante-del-madagascar\/#breadcrumb","itemListElement":[{"@type":"ListItem","position":1,"name":"Startseite","item":"https:\/\/insektenliebe.com\/it\/"},{"@type":"ListItem","position":2,"name":"Negozio","item":"https:\/\/insektenliebe.com\/it\/negozio\/"},{"@type":"ListItem","position":3,"name":"Gromphadorhina portentosa &#8220;scarafaggio sibilante del Madagascar"}]},{"@type":"WebSite","@id":"https:\/\/insektenliebe.com\/it\/#website","url":"https:\/\/insektenliebe.com\/it\/","name":"Insektenliebe","description":"Dein Zuhause f\u00fcr die kleinen Lebewesen","publisher":{"@id":"https:\/\/insektenliebe.com\/it\/#organization"},"potentialAction":[{"@type":"SearchAction","target":{"@type":"EntryPoint","urlTemplate":"https:\/\/insektenliebe.com\/it\/?s={search_term_string}"},"query-input":{"@type":"PropertyValueSpecification","valueRequired":true,"valueName":"search_term_string"}}],"inLanguage":"it-IT"},{"@type":"Organization","@id":"https:\/\/insektenliebe.com\/it\/#organization","name":"Insektenliebe","url":"https:\/\/insektenliebe.com\/it\/","logo":{"@type":"ImageObject","inLanguage":"it-IT","@id":"https:\/\/insektenliebe.com\/it\/#\/schema\/logo\/image\/","url":"https:\/\/insektenliebe.com\/wp-content\/uploads\/2025\/03\/logo-white.png","contentUrl":"https:\/\/insektenliebe.com\/wp-content\/uploads\/2025\/03\/logo-white.png","width":288,"height":188,"caption":"Insektenliebe"},"image":{"@id":"https:\/\/insektenliebe.com\/it\/#\/schema\/logo\/image\/"}}]}},"_links":{"self":[{"href":"https:\/\/insektenliebe.com\/it\/wp-json\/wp\/v2\/product\/183423","targetHints":{"allow":["GET"]}}],"collection":[{"href":"https:\/\/insektenliebe.com\/it\/wp-json\/wp\/v2\/product"}],"about":[{"href":"https:\/\/insektenliebe.com\/it\/wp-json\/wp\/v2\/types\/product"}],"wp:featuredmedia":[{"embeddable":true,"href":"https:\/\/insektenliebe.com\/it\/wp-json\/wp\/v2\/media\/183424"}],"wp:attachment":[{"href":"https:\/\/insektenliebe.com\/it\/wp-json\/wp\/v2\/media?parent=183423"}],"wp:term":[{"taxonomy":"product-supplier","embeddable":true,"href":"https:\/\/insektenliebe.com\/it\/wp-json\/wp\/v2\/product-supplier?post=183423"},{"taxonomy":"product_brand","embeddable":true,"href":"https:\/\/insektenliebe.com\/it\/wp-json\/wp\/v2\/product_brand?post=183423"},{"taxonomy":"product_cat","embeddable":true,"href":"https:\/\/insektenliebe.com\/it\/wp-json\/wp\/v2\/product_cat?post=183423"},{"taxonomy":"product_tag","embeddable":true,"href":"https:\/\/insektenliebe.com\/it\/wp-json\/wp\/v2\/product_tag?post=183423"},{"taxonomy":"lce-checkout-addons","embeddable":true,"href":"https:\/\/insektenliebe.com\/it\/wp-json\/wp\/v2\/lce-checkout-addons?post=183423"}],"curies":[{"name":"wp","href":"https:\/\/api.w.org\/{rel}","templated":true}]}}