{"id":183422,"date":"2019-07-28T18:43:00","date_gmt":"2019-07-28T16:43:00","guid":{"rendered":"https:\/\/insektenliebe.com\/shop\/produkt\/armadillo-officinalis-israel\/"},"modified":"2019-07-28T18:43:00","modified_gmt":"2019-07-28T16:43:00","slug":"armadillo-officinalis-israel","status":"publish","type":"product","link":"https:\/\/insektenliebe.com\/it\/shop\/prodotto\/armadillo-officinalis-israel\/","title":{"rendered":"Armadillo officinalis \"Israel"},"content":{"rendered":"<h3><span style=\"color: #99cc33\">Breve descrizione:<\/span><\/h3>\n<p>L&#8217;Armadillo officinalis \"Israel\" \u00e8 una variante molto interessante dell&#8217;Armadillo officinalis. La struttura del corpo \u00e8 esattamente la stessa, ma la colorazione \u00e8 impressionante. Il colore di base \u00e8 l&#8217;argento, che sfuma nel grigio scuro. I colori si mescolano l&#8217;uno con l&#8217;altro come in un acquerello.   <\/p>\n<p>L&#8217;Armadillo officinalis \"Israel\" \u00e8 una specie di isopode di medie dimensioni proveniente dal Medio Oriente. Come tutte le specie di Armadillo officinalis, anche questa confina con la regione mediterranea. Gli animali crescono fino a 2 cm di dimensione. Il passaggio da giovane ad adulto richiede circa 12-16 mesi. Questo tempo di sviluppo relativamente lungo rende questa specie una rarit\u00e0.    <\/p>\n<p>Come tutte le cocciniglie, l&#8217;Armadillo officinalis pu\u00f2 raggomitolarsi in una palla chiusa quando \u00e8 in pericolo. Inoltre emettono un ronzio! <\/p>\n<p>\u00c8 possibile tenere un gruppo di Armadillo officinalis \"Israel\" in contenitori con una capacit\u00e0 di 5 litri o pi\u00f9. \u00c8 importante sapere che questa specie di isopode non si riprodurr\u00e0 se non c&#8217;\u00e8 spazio sufficiente. Un mix di terra, foglie, legno bianco marcio e calce \u00e8 adatto come substrato. Su questo strato di substrato vanno sparsi muschio, pezzi di corteccia e foglie. Da un lato, questi elementi servono come riparo, dall&#8217;altro come cibo e per mantenere l&#8217;umidit\u00e0 nella vasca. La vasca dell&#8217;Armadillo officinalis \"Israel\" deve essere sempre mantenuta leggermente umida. Tuttavia, i ristagni d&#8217;acqua devono essere evitati a tutti i costi. In genere, un livello di umidit\u00e0 del 60-70% si stabilizzer\u00e0 rapidamente da solo con regolari irrorazioni. La temperatura della vasca deve essere compresa tra i 18 e i 24\u00b0C. Gli animali hanno bisogno di calce per costruire il loro carapace, che pu\u00f2 essere somministrata sotto forma di seppie, gusci d&#8217;uovo schiacciati o simili. Il legno bianco marcio e le foglie presenti nel substrato servono come cibo. Anche le verdure, la frutta, i fiori e gli isopodi vengono accettati volentieri. L&#8217;armadillo officinalis \u00e8 crepuscolare e notturno e di solito si nasconde durante il giorno. Spesso si trovano raggomitolati sul substrato.             <\/p>\n<div><\/div>\n<div><\/div>\n","protected":false},"excerpt":{"rendered":"<p>Questa specie di isopode ha un sorprendente \"aspetto marmoreo\", che in alcuni punti gli conferisce un nobile effetto di metallo argentato.<\/p>\n","protected":false},"featured_media":183426,"template":"","meta":{"_acf_changed":false},"product-supplier":[],"product_brand":[],"product_cat":[2850,2788],"product_tag":[],"lce-checkout-addons":[2746],"class_list":{"0":"post-183422","1":"product","2":"type-product","3":"status-publish","4":"has-post-thumbnail","6":"product_cat-altri-isopodi-merulanella-ecc","7":"product_cat-woodlice","8":"product_shipping_class-spedizione-di-animali","9":"pa_herkunft-israele","10":"pa_kontinent-asia","11":"lce-checkout-addons-imballaggio-invernale","13":"first","14":"outofstock","15":"taxable","16":"shipping-taxable","17":"purchasable","18":"product-type-simple"},"acf":[],"yoast_head":"<!-- This site is optimized with the Yoast SEO plugin v27.3 - https:\/\/yoast.com\/product\/yoast-seo-wordpress\/ -->\n<title>Armadillo officinalis &quot;Israel - Insektenliebe<\/title>\n<meta name=\"description\" content=\"Acquista online Armadillo officinalis &quot;Israel&quot; a basso costo. Una grande specie di Armadillo marmorizzato che puoi acquistare direttamente dall&#039;allevatore!\" \/>\n<meta name=\"robots\" content=\"index, follow, max-snippet:-1, max-image-preview:large, max-video-preview:-1\" \/>\n<link rel=\"canonical\" href=\"https:\/\/insektenliebe.com\/it\/shop\/prodotto\/armadillo-officinalis-israel\/\" \/>\n<meta property=\"og:locale\" content=\"it_IT\" \/>\n<meta property=\"og:type\" content=\"article\" \/>\n<meta property=\"og:title\" content=\"Armadillo officinalis &quot;Israel - Insektenliebe\" \/>\n<meta property=\"og:description\" content=\"Acquista online Armadillo officinalis &quot;Israel&quot; a basso costo. Una grande specie di Armadillo marmorizzato che puoi acquistare direttamente dall&#039;allevatore!\" \/>\n<meta property=\"og:url\" content=\"https:\/\/insektenliebe.com\/it\/shop\/prodotto\/armadillo-officinalis-israel\/\" \/>\n<meta property=\"og:site_name\" content=\"Insektenliebe\" \/>\n<meta property=\"og:image\" content=\"https:\/\/insektenliebe.com\/wp-content\/uploads\/2025\/05\/Armadillo-officinalis-_Israel_-2.jpg\" \/>\n\t<meta property=\"og:image:width\" content=\"820\" \/>\n\t<meta property=\"og:image:height\" content=\"820\" \/>\n\t<meta property=\"og:image:type\" content=\"image\/jpeg\" \/>\n<meta name=\"twitter:card\" content=\"summary_large_image\" \/>\n<meta name=\"twitter:label1\" content=\"Tempo di lettura stimato\" \/>\n\t<meta name=\"twitter:data1\" content=\"2 minuto\" \/>\n<script type=\"application\/ld+json\" class=\"yoast-schema-graph\">{\"@context\":\"https:\\\/\\\/schema.org\",\"@graph\":[{\"@type\":\"WebPage\",\"@id\":\"https:\\\/\\\/insektenliebe.com\\\/it\\\/shop\\\/prodotto\\\/armadillo-officinalis-israel\\\/\",\"url\":\"https:\\\/\\\/insektenliebe.com\\\/it\\\/shop\\\/prodotto\\\/armadillo-officinalis-israel\\\/\",\"name\":\"Armadillo officinalis \\\"Israel - Insektenliebe\",\"isPartOf\":{\"@id\":\"https:\\\/\\\/insektenliebe.com\\\/it\\\/#website\"},\"primaryImageOfPage\":{\"@id\":\"https:\\\/\\\/insektenliebe.com\\\/it\\\/shop\\\/prodotto\\\/armadillo-officinalis-israel\\\/#primaryimage\"},\"image\":{\"@id\":\"https:\\\/\\\/insektenliebe.com\\\/it\\\/shop\\\/prodotto\\\/armadillo-officinalis-israel\\\/#primaryimage\"},\"thumbnailUrl\":\"https:\\\/\\\/insektenliebe.com\\\/wp-content\\\/uploads\\\/2025\\\/05\\\/Armadillo-officinalis-_Israel_-2.jpg\",\"datePublished\":\"2019-07-28T16:43:00+00:00\",\"description\":\"Acquista online Armadillo officinalis \\\"Israel\\\" a basso costo. Una grande specie di Armadillo marmorizzato che puoi acquistare direttamente dall'allevatore!\",\"breadcrumb\":{\"@id\":\"https:\\\/\\\/insektenliebe.com\\\/it\\\/shop\\\/prodotto\\\/armadillo-officinalis-israel\\\/#breadcrumb\"},\"inLanguage\":\"it-IT\",\"potentialAction\":[{\"@type\":\"ReadAction\",\"target\":[\"https:\\\/\\\/insektenliebe.com\\\/it\\\/shop\\\/prodotto\\\/armadillo-officinalis-israel\\\/\"]}]},{\"@type\":\"ImageObject\",\"inLanguage\":\"it-IT\",\"@id\":\"https:\\\/\\\/insektenliebe.com\\\/it\\\/shop\\\/prodotto\\\/armadillo-officinalis-israel\\\/#primaryimage\",\"url\":\"https:\\\/\\\/insektenliebe.com\\\/wp-content\\\/uploads\\\/2025\\\/05\\\/Armadillo-officinalis-_Israel_-2.jpg\",\"contentUrl\":\"https:\\\/\\\/insektenliebe.com\\\/wp-content\\\/uploads\\\/2025\\\/05\\\/Armadillo-officinalis-_Israel_-2.jpg\",\"width\":820,\"height\":820,\"caption\":\"Armadillo-officinalis-_Israele_-2.jpg\"},{\"@type\":\"BreadcrumbList\",\"@id\":\"https:\\\/\\\/insektenliebe.com\\\/it\\\/shop\\\/prodotto\\\/armadillo-officinalis-israel\\\/#breadcrumb\",\"itemListElement\":[{\"@type\":\"ListItem\",\"position\":1,\"name\":\"Startseite\",\"item\":\"https:\\\/\\\/insektenliebe.com\\\/it\\\/\"},{\"@type\":\"ListItem\",\"position\":2,\"name\":\"Negozio\",\"item\":\"https:\\\/\\\/insektenliebe.com\\\/it\\\/negozio\\\/\"},{\"@type\":\"ListItem\",\"position\":3,\"name\":\"Armadillo officinalis &#8220;Israel\"}]},{\"@type\":\"WebSite\",\"@id\":\"https:\\\/\\\/insektenliebe.com\\\/it\\\/#website\",\"url\":\"https:\\\/\\\/insektenliebe.com\\\/it\\\/\",\"name\":\"Insektenliebe\",\"description\":\"Dein Zuhause f\u00fcr die kleinen Lebewesen\",\"publisher\":{\"@id\":\"https:\\\/\\\/insektenliebe.com\\\/it\\\/#organization\"},\"potentialAction\":[{\"@type\":\"SearchAction\",\"target\":{\"@type\":\"EntryPoint\",\"urlTemplate\":\"https:\\\/\\\/insektenliebe.com\\\/it\\\/?s={search_term_string}\"},\"query-input\":{\"@type\":\"PropertyValueSpecification\",\"valueRequired\":true,\"valueName\":\"search_term_string\"}}],\"inLanguage\":\"it-IT\"},{\"@type\":\"Organization\",\"@id\":\"https:\\\/\\\/insektenliebe.com\\\/it\\\/#organization\",\"name\":\"Insektenliebe\",\"url\":\"https:\\\/\\\/insektenliebe.com\\\/it\\\/\",\"logo\":{\"@type\":\"ImageObject\",\"inLanguage\":\"it-IT\",\"@id\":\"https:\\\/\\\/insektenliebe.com\\\/it\\\/#\\\/schema\\\/logo\\\/image\\\/\",\"url\":\"https:\\\/\\\/insektenliebe.com\\\/wp-content\\\/uploads\\\/2025\\\/03\\\/logo-white.png\",\"contentUrl\":\"https:\\\/\\\/insektenliebe.com\\\/wp-content\\\/uploads\\\/2025\\\/03\\\/logo-white.png\",\"width\":288,\"height\":188,\"caption\":\"Insektenliebe\"},\"image\":{\"@id\":\"https:\\\/\\\/insektenliebe.com\\\/it\\\/#\\\/schema\\\/logo\\\/image\\\/\"}}]}<\/script>\n<!-- \/ Yoast SEO plugin. -->","yoast_head_json":{"title":"Armadillo officinalis \"Israel - Insektenliebe","description":"Acquista online Armadillo officinalis \"Israel\" a basso costo. Una grande specie di Armadillo marmorizzato che puoi acquistare direttamente dall'allevatore!","robots":{"index":"index","follow":"follow","max-snippet":"max-snippet:-1","max-image-preview":"max-image-preview:large","max-video-preview":"max-video-preview:-1"},"canonical":"https:\/\/insektenliebe.com\/it\/shop\/prodotto\/armadillo-officinalis-israel\/","og_locale":"it_IT","og_type":"article","og_title":"Armadillo officinalis \"Israel - Insektenliebe","og_description":"Acquista online Armadillo officinalis \"Israel\" a basso costo. Una grande specie di Armadillo marmorizzato che puoi acquistare direttamente dall'allevatore!","og_url":"https:\/\/insektenliebe.com\/it\/shop\/prodotto\/armadillo-officinalis-israel\/","og_site_name":"Insektenliebe","og_image":[{"width":820,"height":820,"url":"https:\/\/insektenliebe.com\/wp-content\/uploads\/2025\/05\/Armadillo-officinalis-_Israel_-2.jpg","type":"image\/jpeg"}],"twitter_card":"summary_large_image","twitter_misc":{"Tempo di lettura stimato":"2 minuto"},"schema":{"@context":"https:\/\/schema.org","@graph":[{"@type":"WebPage","@id":"https:\/\/insektenliebe.com\/it\/shop\/prodotto\/armadillo-officinalis-israel\/","url":"https:\/\/insektenliebe.com\/it\/shop\/prodotto\/armadillo-officinalis-israel\/","name":"Armadillo officinalis \"Israel - Insektenliebe","isPartOf":{"@id":"https:\/\/insektenliebe.com\/it\/#website"},"primaryImageOfPage":{"@id":"https:\/\/insektenliebe.com\/it\/shop\/prodotto\/armadillo-officinalis-israel\/#primaryimage"},"image":{"@id":"https:\/\/insektenliebe.com\/it\/shop\/prodotto\/armadillo-officinalis-israel\/#primaryimage"},"thumbnailUrl":"https:\/\/insektenliebe.com\/wp-content\/uploads\/2025\/05\/Armadillo-officinalis-_Israel_-2.jpg","datePublished":"2019-07-28T16:43:00+00:00","description":"Acquista online Armadillo officinalis \"Israel\" a basso costo. Una grande specie di Armadillo marmorizzato che puoi acquistare direttamente dall'allevatore!","breadcrumb":{"@id":"https:\/\/insektenliebe.com\/it\/shop\/prodotto\/armadillo-officinalis-israel\/#breadcrumb"},"inLanguage":"it-IT","potentialAction":[{"@type":"ReadAction","target":["https:\/\/insektenliebe.com\/it\/shop\/prodotto\/armadillo-officinalis-israel\/"]}]},{"@type":"ImageObject","inLanguage":"it-IT","@id":"https:\/\/insektenliebe.com\/it\/shop\/prodotto\/armadillo-officinalis-israel\/#primaryimage","url":"https:\/\/insektenliebe.com\/wp-content\/uploads\/2025\/05\/Armadillo-officinalis-_Israel_-2.jpg","contentUrl":"https:\/\/insektenliebe.com\/wp-content\/uploads\/2025\/05\/Armadillo-officinalis-_Israel_-2.jpg","width":820,"height":820,"caption":"Armadillo-officinalis-_Israele_-2.jpg"},{"@type":"BreadcrumbList","@id":"https:\/\/insektenliebe.com\/it\/shop\/prodotto\/armadillo-officinalis-israel\/#breadcrumb","itemListElement":[{"@type":"ListItem","position":1,"name":"Startseite","item":"https:\/\/insektenliebe.com\/it\/"},{"@type":"ListItem","position":2,"name":"Negozio","item":"https:\/\/insektenliebe.com\/it\/negozio\/"},{"@type":"ListItem","position":3,"name":"Armadillo officinalis &#8220;Israel"}]},{"@type":"WebSite","@id":"https:\/\/insektenliebe.com\/it\/#website","url":"https:\/\/insektenliebe.com\/it\/","name":"Insektenliebe","description":"Dein Zuhause f\u00fcr die kleinen Lebewesen","publisher":{"@id":"https:\/\/insektenliebe.com\/it\/#organization"},"potentialAction":[{"@type":"SearchAction","target":{"@type":"EntryPoint","urlTemplate":"https:\/\/insektenliebe.com\/it\/?s={search_term_string}"},"query-input":{"@type":"PropertyValueSpecification","valueRequired":true,"valueName":"search_term_string"}}],"inLanguage":"it-IT"},{"@type":"Organization","@id":"https:\/\/insektenliebe.com\/it\/#organization","name":"Insektenliebe","url":"https:\/\/insektenliebe.com\/it\/","logo":{"@type":"ImageObject","inLanguage":"it-IT","@id":"https:\/\/insektenliebe.com\/it\/#\/schema\/logo\/image\/","url":"https:\/\/insektenliebe.com\/wp-content\/uploads\/2025\/03\/logo-white.png","contentUrl":"https:\/\/insektenliebe.com\/wp-content\/uploads\/2025\/03\/logo-white.png","width":288,"height":188,"caption":"Insektenliebe"},"image":{"@id":"https:\/\/insektenliebe.com\/it\/#\/schema\/logo\/image\/"}}]}},"_links":{"self":[{"href":"https:\/\/insektenliebe.com\/it\/wp-json\/wp\/v2\/product\/183422","targetHints":{"allow":["GET"]}}],"collection":[{"href":"https:\/\/insektenliebe.com\/it\/wp-json\/wp\/v2\/product"}],"about":[{"href":"https:\/\/insektenliebe.com\/it\/wp-json\/wp\/v2\/types\/product"}],"wp:featuredmedia":[{"embeddable":true,"href":"https:\/\/insektenliebe.com\/it\/wp-json\/wp\/v2\/media\/183426"}],"wp:attachment":[{"href":"https:\/\/insektenliebe.com\/it\/wp-json\/wp\/v2\/media?parent=183422"}],"wp:term":[{"taxonomy":"product-supplier","embeddable":true,"href":"https:\/\/insektenliebe.com\/it\/wp-json\/wp\/v2\/product-supplier?post=183422"},{"taxonomy":"product_brand","embeddable":true,"href":"https:\/\/insektenliebe.com\/it\/wp-json\/wp\/v2\/product_brand?post=183422"},{"taxonomy":"product_cat","embeddable":true,"href":"https:\/\/insektenliebe.com\/it\/wp-json\/wp\/v2\/product_cat?post=183422"},{"taxonomy":"product_tag","embeddable":true,"href":"https:\/\/insektenliebe.com\/it\/wp-json\/wp\/v2\/product_tag?post=183422"},{"taxonomy":"lce-checkout-addons","embeddable":true,"href":"https:\/\/insektenliebe.com\/it\/wp-json\/wp\/v2\/lce-checkout-addons?post=183422"}],"curies":[{"name":"wp","href":"https:\/\/api.w.org\/{rel}","templated":true}]}}