{"id":183418,"date":"2019-09-09T13:19:00","date_gmt":"2019-09-09T11:19:00","guid":{"rendered":"https:\/\/insektenliebe.com\/shop\/produkt\/pseudoglomeris-magnifica-scarafaggio-di-smeraldo\/"},"modified":"2019-09-09T13:19:00","modified_gmt":"2019-09-09T11:19:00","slug":"pseudoglomeris-magnifica-scarafaggio-di-smeraldo","status":"publish","type":"product","link":"https:\/\/insektenliebe.com\/it\/shop\/prodotto\/pseudoglomeris-magnifica-scarafaggio-di-smeraldo\/","title":{"rendered":"Pseudoglomeris magnifica \"Scarafaggio di smeraldo"},"content":{"rendered":"<h3 class=\"p1\"><span style=\"color: #99cc33\"><strong><span class=\"s1\">Pseudoglomeris magnifica - Lo scarafaggio smeraldino abbagliante<\/span><\/strong><\/span><\/h3>\n<p class=\"p1\"><span class=\"s1\">Lo <strong>Pseudoglomeris magnifica<\/strong>, meglio conosciuto come scarafaggio smeraldino, \u00e8 una delle specie di scarafaggio pi\u00f9 colorate al mondo e colpisce per il suo guscio metallico e scintillante color verde smeraldo. A seconda dell&#8217;incidenza della luce, mostra un affascinante gioco di colori che vanno dal verde intenso ai riflessi dorati e bluastri. Con una dimensione che va dai due centimetri e mezzo ai tre centimetri, \u00e8 uno scarafaggio di medie dimensioni e un vero e proprio richiamo visivo nel terrario.  <\/span><\/p>\n<p class=\"p1\"><span class=\"s1\">Questa particolare specie \u00e8 originaria delle foreste tropicali del Sud-Est asiatico, dove vive in un clima caldo e umido. Nel terrario, lo scarafaggio smeraldino si sente pi\u00f9 a suo agio a temperature comprese tra i 24 e i 28 gradi centigradi e con un&#8217;umidit\u00e0 del 70-80%. Un substrato sciolto e umido di terra di bosco, humus di foglie e legno bianco marcio offre le condizioni ideali. Pezzi di sughero, lastre di corteccia e rami offrono nascondigli e possibilit\u00e0 di arrampicarsi. Poich\u00e9 \u00e8 un ottimo arrampicatore, \u00e8 particolarmente importante un terrario a prova di fuga con pareti lisce.    <\/span><\/p>\n<p class=\"p1\"><span class=\"s1\">Lo <strong>Pseudoglomeris magnifica \"scarafaggio smeraldo\"<\/strong> \u00e8 attivo soprattutto al crepuscolo e di notte, ma pu\u00f2 essere visto anche di giorno se ben acclimatato. I suoi movimenti sono calmi e deliberati, il che lo rende un animale piacevole da osservare. La sua dieta \u00e8 semplice e si nutre volentieri di frutta, verdura, foglie, legno bianco marcio e integratori ricchi di proteine come il cibo per scarafaggi o il gammarus essiccato. Anche il polline dei fiori \u00e8 molto apprezzato! L&#8217;acqua fresca o una zona umida di muschio dovrebbero essere sempre disponibili.    <\/span><\/p>\n<p class=\"p1\"><span class=\"s1\">Una caratteristica interessante di questa specie \u00e8 il suo comportamento quando viene disturbata. Pu\u00f2 raggomitolarsi strettamente, facendo apparire il suo corpo come uno scudo lucido e chiuso. Questo comportamento, unito alla sua insolita colorazione, la rende non solo interessante dal punto di vista biologico, ma anche molto attraente per i collezionisti e gli amanti degli animali esotici da terrario.  <\/span><\/p>\n<p class=\"p1\"><span class=\"s1\">L&#8217;allevamento in terrario \u00e8 possibile, ma richiede condizioni climatiche costanti. La femmina depone le ooteche, da cui si schiudono i piccoli dopo poche settimane. Questi ultimi sono inizialmente poco colorati, ma sviluppano l&#8217;impressionante lucentezza metallica degli adulti quando crescono. Lo <strong>Pseudoglomeris magnifica \"Scarafaggio smeraldo\"<\/strong> non \u00e8 solo un animale straordinario da osservare, ma anche un vero e proprio arricchimento per qualsiasi collezione esotica.  <\/span><\/p>\n","protected":false},"excerpt":{"rendered":"<p>Pseudoglomeris magnifica - Lo scarafaggio smeraldino abbagliante Lo Pseudoglomeris magnifica, meglio conosciuto come scarafaggio smeraldino, \u00e8 una delle specie di scarafaggio pi\u00f9 colorate al mondo e colpisce per il suo guscio metallico e scintillante color verde smeraldo. A seconda dell&#8217;incidenza della luce, mostra un affascinante gioco di colori che vanno dal verde intenso ai riflessi [&hellip;]<\/p>\n","protected":false},"featured_media":183421,"template":"","meta":{"_acf_changed":false},"product-supplier":[],"product_brand":[],"product_cat":[2785],"product_tag":[],"lce-checkout-addons":[2746],"class_list":{"0":"post-183418","1":"product","2":"type-product","3":"status-publish","4":"has-post-thumbnail","6":"product_cat-scarafaggi","7":"product_shipping_class-spedizione-di-animali","8":"pa_herkunft-cina","9":"pa_herkunft-vietnam","10":"pa_kontinent-asia","11":"lce-checkout-addons-imballaggio-invernale","13":"first","14":"instock","15":"taxable","16":"shipping-taxable","17":"purchasable","18":"product-type-simple"},"acf":[],"yoast_head":"<!-- This site is optimized with the Yoast SEO plugin v27.3 - https:\/\/yoast.com\/product\/yoast-seo-wordpress\/ -->\n<title>Pseudoglomeris magnifica &quot;Scarafaggio di smeraldo - Insektenliebe<\/title>\n<meta name=\"description\" content=\"Acquista online lo Pseudoglomeris magnifica &quot;Scarafaggio smeraldo&quot;. Le blatte smeraldine sono tra le specie di scarafaggi pi\u00f9 belle in assoluto. Compra direttamente dall&#039;allevatore!\" \/>\n<meta name=\"robots\" content=\"index, follow, max-snippet:-1, max-image-preview:large, max-video-preview:-1\" \/>\n<link rel=\"canonical\" href=\"https:\/\/insektenliebe.com\/it\/shop\/prodotto\/pseudoglomeris-magnifica-scarafaggio-di-smeraldo\/\" \/>\n<meta property=\"og:locale\" content=\"it_IT\" \/>\n<meta property=\"og:type\" content=\"article\" \/>\n<meta property=\"og:title\" content=\"Pseudoglomeris magnifica &quot;Scarafaggio di smeraldo - Insektenliebe\" \/>\n<meta property=\"og:description\" content=\"Acquista online lo Pseudoglomeris magnifica &quot;Scarafaggio smeraldo&quot;. Le blatte smeraldine sono tra le specie di scarafaggi pi\u00f9 belle in assoluto. Compra direttamente dall&#039;allevatore!\" \/>\n<meta property=\"og:url\" content=\"https:\/\/insektenliebe.com\/it\/shop\/prodotto\/pseudoglomeris-magnifica-scarafaggio-di-smeraldo\/\" \/>\n<meta property=\"og:site_name\" content=\"Insektenliebe\" \/>\n<meta property=\"og:image\" content=\"https:\/\/insektenliebe.com\/wp-content\/uploads\/2025\/05\/Pseudoglomeris-magnifica-22Smaragdschabe22-2.jpg\" \/>\n\t<meta property=\"og:image:width\" content=\"820\" \/>\n\t<meta property=\"og:image:height\" content=\"820\" \/>\n\t<meta property=\"og:image:type\" content=\"image\/jpeg\" \/>\n<meta name=\"twitter:card\" content=\"summary_large_image\" \/>\n<meta name=\"twitter:label1\" content=\"Tempo di lettura stimato\" \/>\n\t<meta name=\"twitter:data1\" content=\"2 minuto\" \/>\n<script type=\"application\/ld+json\" class=\"yoast-schema-graph\">{\"@context\":\"https:\\\/\\\/schema.org\",\"@graph\":[{\"@type\":\"WebPage\",\"@id\":\"https:\\\/\\\/insektenliebe.com\\\/it\\\/shop\\\/prodotto\\\/pseudoglomeris-magnifica-scarafaggio-di-smeraldo\\\/\",\"url\":\"https:\\\/\\\/insektenliebe.com\\\/it\\\/shop\\\/prodotto\\\/pseudoglomeris-magnifica-scarafaggio-di-smeraldo\\\/\",\"name\":\"Pseudoglomeris magnifica \\\"Scarafaggio di smeraldo - Insektenliebe\",\"isPartOf\":{\"@id\":\"https:\\\/\\\/insektenliebe.com\\\/it\\\/#website\"},\"primaryImageOfPage\":{\"@id\":\"https:\\\/\\\/insektenliebe.com\\\/it\\\/shop\\\/prodotto\\\/pseudoglomeris-magnifica-scarafaggio-di-smeraldo\\\/#primaryimage\"},\"image\":{\"@id\":\"https:\\\/\\\/insektenliebe.com\\\/it\\\/shop\\\/prodotto\\\/pseudoglomeris-magnifica-scarafaggio-di-smeraldo\\\/#primaryimage\"},\"thumbnailUrl\":\"https:\\\/\\\/insektenliebe.com\\\/wp-content\\\/uploads\\\/2025\\\/05\\\/Pseudoglomeris-magnifica-22Smaragdschabe22-2.jpg\",\"datePublished\":\"2019-09-09T11:19:00+00:00\",\"description\":\"Acquista online lo Pseudoglomeris magnifica \\\"Scarafaggio smeraldo\\\". Le blatte smeraldine sono tra le specie di scarafaggi pi\u00f9 belle in assoluto. Compra direttamente dall'allevatore!\",\"breadcrumb\":{\"@id\":\"https:\\\/\\\/insektenliebe.com\\\/it\\\/shop\\\/prodotto\\\/pseudoglomeris-magnifica-scarafaggio-di-smeraldo\\\/#breadcrumb\"},\"inLanguage\":\"it-IT\",\"potentialAction\":[{\"@type\":\"ReadAction\",\"target\":[\"https:\\\/\\\/insektenliebe.com\\\/it\\\/shop\\\/prodotto\\\/pseudoglomeris-magnifica-scarafaggio-di-smeraldo\\\/\"]}]},{\"@type\":\"ImageObject\",\"inLanguage\":\"it-IT\",\"@id\":\"https:\\\/\\\/insektenliebe.com\\\/it\\\/shop\\\/prodotto\\\/pseudoglomeris-magnifica-scarafaggio-di-smeraldo\\\/#primaryimage\",\"url\":\"https:\\\/\\\/insektenliebe.com\\\/wp-content\\\/uploads\\\/2025\\\/05\\\/Pseudoglomeris-magnifica-22Smaragdschabe22-2.jpg\",\"contentUrl\":\"https:\\\/\\\/insektenliebe.com\\\/wp-content\\\/uploads\\\/2025\\\/05\\\/Pseudoglomeris-magnifica-22Smaragdschabe22-2.jpg\",\"width\":820,\"height\":820,\"caption\":\"Pseudoglomeris-magnifica-22Smaragdschabe22-2.jpg\"},{\"@type\":\"BreadcrumbList\",\"@id\":\"https:\\\/\\\/insektenliebe.com\\\/it\\\/shop\\\/prodotto\\\/pseudoglomeris-magnifica-scarafaggio-di-smeraldo\\\/#breadcrumb\",\"itemListElement\":[{\"@type\":\"ListItem\",\"position\":1,\"name\":\"Startseite\",\"item\":\"https:\\\/\\\/insektenliebe.com\\\/it\\\/\"},{\"@type\":\"ListItem\",\"position\":2,\"name\":\"Negozio\",\"item\":\"https:\\\/\\\/insektenliebe.com\\\/it\\\/negozio\\\/\"},{\"@type\":\"ListItem\",\"position\":3,\"name\":\"Pseudoglomeris magnifica &#8220;Scarafaggio di smeraldo\"}]},{\"@type\":\"WebSite\",\"@id\":\"https:\\\/\\\/insektenliebe.com\\\/it\\\/#website\",\"url\":\"https:\\\/\\\/insektenliebe.com\\\/it\\\/\",\"name\":\"Insektenliebe\",\"description\":\"Dein Zuhause f\u00fcr die kleinen Lebewesen\",\"publisher\":{\"@id\":\"https:\\\/\\\/insektenliebe.com\\\/it\\\/#organization\"},\"potentialAction\":[{\"@type\":\"SearchAction\",\"target\":{\"@type\":\"EntryPoint\",\"urlTemplate\":\"https:\\\/\\\/insektenliebe.com\\\/it\\\/?s={search_term_string}\"},\"query-input\":{\"@type\":\"PropertyValueSpecification\",\"valueRequired\":true,\"valueName\":\"search_term_string\"}}],\"inLanguage\":\"it-IT\"},{\"@type\":\"Organization\",\"@id\":\"https:\\\/\\\/insektenliebe.com\\\/it\\\/#organization\",\"name\":\"Insektenliebe\",\"url\":\"https:\\\/\\\/insektenliebe.com\\\/it\\\/\",\"logo\":{\"@type\":\"ImageObject\",\"inLanguage\":\"it-IT\",\"@id\":\"https:\\\/\\\/insektenliebe.com\\\/it\\\/#\\\/schema\\\/logo\\\/image\\\/\",\"url\":\"https:\\\/\\\/insektenliebe.com\\\/wp-content\\\/uploads\\\/2025\\\/03\\\/logo-white.png\",\"contentUrl\":\"https:\\\/\\\/insektenliebe.com\\\/wp-content\\\/uploads\\\/2025\\\/03\\\/logo-white.png\",\"width\":288,\"height\":188,\"caption\":\"Insektenliebe\"},\"image\":{\"@id\":\"https:\\\/\\\/insektenliebe.com\\\/it\\\/#\\\/schema\\\/logo\\\/image\\\/\"}}]}<\/script>\n<!-- \/ Yoast SEO plugin. -->","yoast_head_json":{"title":"Pseudoglomeris magnifica \"Scarafaggio di smeraldo - Insektenliebe","description":"Acquista online lo Pseudoglomeris magnifica \"Scarafaggio smeraldo\". Le blatte smeraldine sono tra le specie di scarafaggi pi\u00f9 belle in assoluto. Compra direttamente dall'allevatore!","robots":{"index":"index","follow":"follow","max-snippet":"max-snippet:-1","max-image-preview":"max-image-preview:large","max-video-preview":"max-video-preview:-1"},"canonical":"https:\/\/insektenliebe.com\/it\/shop\/prodotto\/pseudoglomeris-magnifica-scarafaggio-di-smeraldo\/","og_locale":"it_IT","og_type":"article","og_title":"Pseudoglomeris magnifica \"Scarafaggio di smeraldo - Insektenliebe","og_description":"Acquista online lo Pseudoglomeris magnifica \"Scarafaggio smeraldo\". Le blatte smeraldine sono tra le specie di scarafaggi pi\u00f9 belle in assoluto. Compra direttamente dall'allevatore!","og_url":"https:\/\/insektenliebe.com\/it\/shop\/prodotto\/pseudoglomeris-magnifica-scarafaggio-di-smeraldo\/","og_site_name":"Insektenliebe","og_image":[{"width":820,"height":820,"url":"https:\/\/insektenliebe.com\/wp-content\/uploads\/2025\/05\/Pseudoglomeris-magnifica-22Smaragdschabe22-2.jpg","type":"image\/jpeg"}],"twitter_card":"summary_large_image","twitter_misc":{"Tempo di lettura stimato":"2 minuto"},"schema":{"@context":"https:\/\/schema.org","@graph":[{"@type":"WebPage","@id":"https:\/\/insektenliebe.com\/it\/shop\/prodotto\/pseudoglomeris-magnifica-scarafaggio-di-smeraldo\/","url":"https:\/\/insektenliebe.com\/it\/shop\/prodotto\/pseudoglomeris-magnifica-scarafaggio-di-smeraldo\/","name":"Pseudoglomeris magnifica \"Scarafaggio di smeraldo - Insektenliebe","isPartOf":{"@id":"https:\/\/insektenliebe.com\/it\/#website"},"primaryImageOfPage":{"@id":"https:\/\/insektenliebe.com\/it\/shop\/prodotto\/pseudoglomeris-magnifica-scarafaggio-di-smeraldo\/#primaryimage"},"image":{"@id":"https:\/\/insektenliebe.com\/it\/shop\/prodotto\/pseudoglomeris-magnifica-scarafaggio-di-smeraldo\/#primaryimage"},"thumbnailUrl":"https:\/\/insektenliebe.com\/wp-content\/uploads\/2025\/05\/Pseudoglomeris-magnifica-22Smaragdschabe22-2.jpg","datePublished":"2019-09-09T11:19:00+00:00","description":"Acquista online lo Pseudoglomeris magnifica \"Scarafaggio smeraldo\". Le blatte smeraldine sono tra le specie di scarafaggi pi\u00f9 belle in assoluto. Compra direttamente dall'allevatore!","breadcrumb":{"@id":"https:\/\/insektenliebe.com\/it\/shop\/prodotto\/pseudoglomeris-magnifica-scarafaggio-di-smeraldo\/#breadcrumb"},"inLanguage":"it-IT","potentialAction":[{"@type":"ReadAction","target":["https:\/\/insektenliebe.com\/it\/shop\/prodotto\/pseudoglomeris-magnifica-scarafaggio-di-smeraldo\/"]}]},{"@type":"ImageObject","inLanguage":"it-IT","@id":"https:\/\/insektenliebe.com\/it\/shop\/prodotto\/pseudoglomeris-magnifica-scarafaggio-di-smeraldo\/#primaryimage","url":"https:\/\/insektenliebe.com\/wp-content\/uploads\/2025\/05\/Pseudoglomeris-magnifica-22Smaragdschabe22-2.jpg","contentUrl":"https:\/\/insektenliebe.com\/wp-content\/uploads\/2025\/05\/Pseudoglomeris-magnifica-22Smaragdschabe22-2.jpg","width":820,"height":820,"caption":"Pseudoglomeris-magnifica-22Smaragdschabe22-2.jpg"},{"@type":"BreadcrumbList","@id":"https:\/\/insektenliebe.com\/it\/shop\/prodotto\/pseudoglomeris-magnifica-scarafaggio-di-smeraldo\/#breadcrumb","itemListElement":[{"@type":"ListItem","position":1,"name":"Startseite","item":"https:\/\/insektenliebe.com\/it\/"},{"@type":"ListItem","position":2,"name":"Negozio","item":"https:\/\/insektenliebe.com\/it\/negozio\/"},{"@type":"ListItem","position":3,"name":"Pseudoglomeris magnifica &#8220;Scarafaggio di smeraldo"}]},{"@type":"WebSite","@id":"https:\/\/insektenliebe.com\/it\/#website","url":"https:\/\/insektenliebe.com\/it\/","name":"Insektenliebe","description":"Dein Zuhause f\u00fcr die kleinen Lebewesen","publisher":{"@id":"https:\/\/insektenliebe.com\/it\/#organization"},"potentialAction":[{"@type":"SearchAction","target":{"@type":"EntryPoint","urlTemplate":"https:\/\/insektenliebe.com\/it\/?s={search_term_string}"},"query-input":{"@type":"PropertyValueSpecification","valueRequired":true,"valueName":"search_term_string"}}],"inLanguage":"it-IT"},{"@type":"Organization","@id":"https:\/\/insektenliebe.com\/it\/#organization","name":"Insektenliebe","url":"https:\/\/insektenliebe.com\/it\/","logo":{"@type":"ImageObject","inLanguage":"it-IT","@id":"https:\/\/insektenliebe.com\/it\/#\/schema\/logo\/image\/","url":"https:\/\/insektenliebe.com\/wp-content\/uploads\/2025\/03\/logo-white.png","contentUrl":"https:\/\/insektenliebe.com\/wp-content\/uploads\/2025\/03\/logo-white.png","width":288,"height":188,"caption":"Insektenliebe"},"image":{"@id":"https:\/\/insektenliebe.com\/it\/#\/schema\/logo\/image\/"}}]}},"_links":{"self":[{"href":"https:\/\/insektenliebe.com\/it\/wp-json\/wp\/v2\/product\/183418","targetHints":{"allow":["GET"]}}],"collection":[{"href":"https:\/\/insektenliebe.com\/it\/wp-json\/wp\/v2\/product"}],"about":[{"href":"https:\/\/insektenliebe.com\/it\/wp-json\/wp\/v2\/types\/product"}],"wp:featuredmedia":[{"embeddable":true,"href":"https:\/\/insektenliebe.com\/it\/wp-json\/wp\/v2\/media\/183421"}],"wp:attachment":[{"href":"https:\/\/insektenliebe.com\/it\/wp-json\/wp\/v2\/media?parent=183418"}],"wp:term":[{"taxonomy":"product-supplier","embeddable":true,"href":"https:\/\/insektenliebe.com\/it\/wp-json\/wp\/v2\/product-supplier?post=183418"},{"taxonomy":"product_brand","embeddable":true,"href":"https:\/\/insektenliebe.com\/it\/wp-json\/wp\/v2\/product_brand?post=183418"},{"taxonomy":"product_cat","embeddable":true,"href":"https:\/\/insektenliebe.com\/it\/wp-json\/wp\/v2\/product_cat?post=183418"},{"taxonomy":"product_tag","embeddable":true,"href":"https:\/\/insektenliebe.com\/it\/wp-json\/wp\/v2\/product_tag?post=183418"},{"taxonomy":"lce-checkout-addons","embeddable":true,"href":"https:\/\/insektenliebe.com\/it\/wp-json\/wp\/v2\/lce-checkout-addons?post=183418"}],"curies":[{"name":"wp","href":"https:\/\/api.w.org\/{rel}","templated":true}]}}