{"id":183410,"date":"2019-09-23T12:46:54","date_gmt":"2019-09-23T12:46:54","guid":{"rendered":"https:\/\/insektenliebe.com\/shop\/produkt\/cubaris-spec-amber\/"},"modified":"2019-09-23T12:46:54","modified_gmt":"2019-09-23T10:46:54","slug":"cubaris-spec-amber","status":"publish","type":"product","link":"https:\/\/insektenliebe.com\/it\/shop\/prodotto\/cubaris-spec-amber\/","title":{"rendered":"Cubaris spec. \"Amber\""},"content":{"rendered":"<h3 class=\"p1\"><span style=\"color: #99cc33\"><strong><span class=\"s1\">Cubaris spec. \"Amber\" - Pietre per il terrario <\/span><\/strong><\/span><\/h3>\n<p class=\"p1\"><span class=\"s2\"><strong>Cubaris spec. \"Amber\" <\/strong>  colpisce per il suo carapace di un morbido colore ambrato, da cui prende il nome. A seconda dell&#8217;incidenza della luce, il colore \u00e8 a volte pi\u00f9 chiaro, a volte pi\u00f9 intenso: un aspetto caldo e naturale che \u00e8 particolarmente efficace negli allestimenti piantumati o naturali. Questa specie non \u00e8 solo visivamente attraente, ma assume anche l&#8217;importante ruolo di \"polizia del suolo\" nel terrario. Decompone materiale organico come foglie, residui di legno e scarti di cibo e contribuisce attivamente alla stabilit\u00e0 del piccolo ecosistema.   <\/span><\/p>\n<p class=\"p1\"><span class=\"s2\">La postura mostra  <strong>Cubaris spec. \"Amber\" <\/strong>  robusti, a patto che il loro habitat sia adatto alle loro esigenze naturali. Un substrato strutturato composto da humus di foglie, legno bianco marcio, muschio e pezzi di sughero fornisce agli animali nutrimento sufficiente e luoghi in cui ritirarsi. Questa specie di isopodi preferisce un&#8217;elevata umidit\u00e0 e una buona ventilazione per evitare la formazione di muffe. Un gradiente di umidit\u00e0 \u00e8 particolarmente importante: una zona della vasca dovrebbe essere sempre leggermente umida, mentre altre zone dovrebbero rimanere pi\u00f9 asciutte in modo che gli animali possano scegliere da soli.   <\/span><\/p>\n<p class=\"p1\"><span class=\"s2\">I parametri ottimali di conservazione sono una temperatura compresa tra 22 e 26 \u00b0C e un&#8217;umidit\u00e0 da moderata a elevata. Una leggera nebulizzazione due o tre volte alla settimana \u00e8 di solito sufficiente. Il muschio non deve mai seccarsi completamente, poich\u00e9 funge da importante riserva di umidit\u00e0 per gli animali.  <\/span><\/p>\n<p class=\"p1\"><span class=\"s2\"><strong>Cubaris spec. \"Amber\" <\/strong>  \u00e8 pi\u00f9 attivo al crepuscolo e di notte, ma con un po&#8217; di pazienza pu\u00f2 essere osservato in esplorazione anche durante il giorno. Se allevato in condizioni ideali, si riproduce facilmente. <\/span><\/p>\n<p class=\"p1\"><span class=\"s2\">Che si tratti di un elemento decorativo o di un utile aiuto nei terrari bioattivi, il  <strong>Cubaris spec. \"Amber\" <\/strong>  combina estetica e funzionalit\u00e0. Per gli amanti dei colori tenui e naturali, \u00e8 un vero arricchimento del terrario. <\/span><\/p>\n","protected":false},"excerpt":{"rendered":"<p>Cubaris spec. \"Amber\" - Pietre per il terrario Cubaris spec. \"Amber\" colpisce per il suo carapace di un morbido colore ambrato, da cui prende il nome. A seconda dell&#8217;incidenza della luce, il colore \u00e8 a volte pi\u00f9 chiaro, a volte pi\u00f9 intenso: un aspetto caldo e naturale che \u00e8 particolarmente efficace negli allestimenti piantumati o [&hellip;]<\/p>\n","protected":false},"featured_media":183411,"template":"","meta":{"_acf_changed":false},"product-supplier":[],"product_brand":[],"product_cat":[2841,2788],"product_tag":[],"lce-checkout-addons":[2746],"class_list":{"0":"post-183410","1":"product","2":"type-product","3":"status-publish","4":"has-post-thumbnail","6":"product_cat-isopodi-colorati-tropicali-cubaris","7":"product_cat-woodlice","8":"product_shipping_class-spedizione-di-animali","9":"pa_herkunft-thailandia","10":"pa_kontinent-asia","11":"lce-checkout-addons-imballaggio-invernale","13":"first","14":"outofstock","15":"taxable","16":"shipping-taxable","17":"purchasable","18":"product-type-variable","19":"has-default-attributes"},"acf":[],"yoast_head":"<!-- This site is optimized with the Yoast SEO plugin v27.3 - https:\/\/yoast.com\/product\/yoast-seo-wordpress\/ -->\n<title>Cubaris spec. &quot;Amber&quot; - Insektenliebe<\/title>\n<meta name=\"description\" content=\"Acquista online il Cubaris spec. &quot;Amber&quot; a basso costo. Una delle specie di lucertola terrestre pi\u00f9 belle al mondo che puoi acquistare direttamente dall&#039;allevatore!\" \/>\n<meta name=\"robots\" content=\"index, follow, max-snippet:-1, max-image-preview:large, max-video-preview:-1\" \/>\n<link rel=\"canonical\" href=\"https:\/\/insektenliebe.com\/it\/shop\/prodotto\/cubaris-spec-amber\/\" \/>\n<meta property=\"og:locale\" content=\"it_IT\" \/>\n<meta property=\"og:type\" content=\"article\" \/>\n<meta property=\"og:title\" content=\"Cubaris spec. &quot;Amber&quot; - Insektenliebe\" \/>\n<meta property=\"og:description\" content=\"Acquista online il Cubaris spec. &quot;Amber&quot; a basso costo. Una delle specie di lucertola terrestre pi\u00f9 belle al mondo che puoi acquistare direttamente dall&#039;allevatore!\" \/>\n<meta property=\"og:url\" content=\"https:\/\/insektenliebe.com\/it\/shop\/prodotto\/cubaris-spec-amber\/\" \/>\n<meta property=\"og:site_name\" content=\"Insektenliebe\" \/>\n<meta property=\"og:image\" content=\"https:\/\/insektenliebe.com\/wp-content\/uploads\/2025\/05\/Cubaris-spec.-Amber-Ducky-7-bearbeitet-scaled-3.jpg\" \/>\n\t<meta property=\"og:image:width\" content=\"2560\" \/>\n\t<meta property=\"og:image:height\" content=\"1717\" \/>\n\t<meta property=\"og:image:type\" content=\"image\/jpeg\" \/>\n<meta name=\"twitter:card\" content=\"summary_large_image\" \/>\n<meta name=\"twitter:label1\" content=\"Tempo di lettura stimato\" \/>\n\t<meta name=\"twitter:data1\" content=\"2 minuto\" \/>\n<script type=\"application\/ld+json\" class=\"yoast-schema-graph\">{\"@context\":\"https:\\\/\\\/schema.org\",\"@graph\":[{\"@type\":\"WebPage\",\"@id\":\"https:\\\/\\\/insektenliebe.com\\\/it\\\/shop\\\/prodotto\\\/cubaris-spec-amber\\\/\",\"url\":\"https:\\\/\\\/insektenliebe.com\\\/it\\\/shop\\\/prodotto\\\/cubaris-spec-amber\\\/\",\"name\":\"Cubaris spec. \\\"Amber\\\" - Insektenliebe\",\"isPartOf\":{\"@id\":\"https:\\\/\\\/insektenliebe.com\\\/it\\\/#website\"},\"primaryImageOfPage\":{\"@id\":\"https:\\\/\\\/insektenliebe.com\\\/it\\\/shop\\\/prodotto\\\/cubaris-spec-amber\\\/#primaryimage\"},\"image\":{\"@id\":\"https:\\\/\\\/insektenliebe.com\\\/it\\\/shop\\\/prodotto\\\/cubaris-spec-amber\\\/#primaryimage\"},\"thumbnailUrl\":\"https:\\\/\\\/insektenliebe.com\\\/wp-content\\\/uploads\\\/2025\\\/05\\\/Cubaris-spec.-Amber-Ducky-7-bearbeitet-scaled-3.jpg\",\"datePublished\":\"2019-09-23T12:46:54+00:00\",\"description\":\"Acquista online il Cubaris spec. \\\"Amber\\\" a basso costo. Una delle specie di lucertola terrestre pi\u00f9 belle al mondo che puoi acquistare direttamente dall'allevatore!\",\"breadcrumb\":{\"@id\":\"https:\\\/\\\/insektenliebe.com\\\/it\\\/shop\\\/prodotto\\\/cubaris-spec-amber\\\/#breadcrumb\"},\"inLanguage\":\"it-IT\",\"potentialAction\":[{\"@type\":\"ReadAction\",\"target\":[\"https:\\\/\\\/insektenliebe.com\\\/it\\\/shop\\\/prodotto\\\/cubaris-spec-amber\\\/\"]}]},{\"@type\":\"ImageObject\",\"inLanguage\":\"it-IT\",\"@id\":\"https:\\\/\\\/insektenliebe.com\\\/it\\\/shop\\\/prodotto\\\/cubaris-spec-amber\\\/#primaryimage\",\"url\":\"https:\\\/\\\/insektenliebe.com\\\/wp-content\\\/uploads\\\/2025\\\/05\\\/Cubaris-spec.-Amber-Ducky-7-bearbeitet-scaled-3.jpg\",\"contentUrl\":\"https:\\\/\\\/insektenliebe.com\\\/wp-content\\\/uploads\\\/2025\\\/05\\\/Cubaris-spec.-Amber-Ducky-7-bearbeitet-scaled-3.jpg\",\"width\":2560,\"height\":1717,\"caption\":\"Cubaris-spec.-Amber-Ducky-7-edited-scaled-3.jpg\"},{\"@type\":\"BreadcrumbList\",\"@id\":\"https:\\\/\\\/insektenliebe.com\\\/it\\\/shop\\\/prodotto\\\/cubaris-spec-amber\\\/#breadcrumb\",\"itemListElement\":[{\"@type\":\"ListItem\",\"position\":1,\"name\":\"Startseite\",\"item\":\"https:\\\/\\\/insektenliebe.com\\\/it\\\/\"},{\"@type\":\"ListItem\",\"position\":2,\"name\":\"Negozio\",\"item\":\"https:\\\/\\\/insektenliebe.com\\\/it\\\/negozio\\\/\"},{\"@type\":\"ListItem\",\"position\":3,\"name\":\"Cubaris spec. &#8220;Amber&#8221;\"}]},{\"@type\":\"WebSite\",\"@id\":\"https:\\\/\\\/insektenliebe.com\\\/it\\\/#website\",\"url\":\"https:\\\/\\\/insektenliebe.com\\\/it\\\/\",\"name\":\"Insektenliebe\",\"description\":\"Dein Zuhause f\u00fcr die kleinen Lebewesen\",\"publisher\":{\"@id\":\"https:\\\/\\\/insektenliebe.com\\\/it\\\/#organization\"},\"potentialAction\":[{\"@type\":\"SearchAction\",\"target\":{\"@type\":\"EntryPoint\",\"urlTemplate\":\"https:\\\/\\\/insektenliebe.com\\\/it\\\/?s={search_term_string}\"},\"query-input\":{\"@type\":\"PropertyValueSpecification\",\"valueRequired\":true,\"valueName\":\"search_term_string\"}}],\"inLanguage\":\"it-IT\"},{\"@type\":\"Organization\",\"@id\":\"https:\\\/\\\/insektenliebe.com\\\/it\\\/#organization\",\"name\":\"Insektenliebe\",\"url\":\"https:\\\/\\\/insektenliebe.com\\\/it\\\/\",\"logo\":{\"@type\":\"ImageObject\",\"inLanguage\":\"it-IT\",\"@id\":\"https:\\\/\\\/insektenliebe.com\\\/it\\\/#\\\/schema\\\/logo\\\/image\\\/\",\"url\":\"https:\\\/\\\/insektenliebe.com\\\/wp-content\\\/uploads\\\/2025\\\/03\\\/logo-white.png\",\"contentUrl\":\"https:\\\/\\\/insektenliebe.com\\\/wp-content\\\/uploads\\\/2025\\\/03\\\/logo-white.png\",\"width\":288,\"height\":188,\"caption\":\"Insektenliebe\"},\"image\":{\"@id\":\"https:\\\/\\\/insektenliebe.com\\\/it\\\/#\\\/schema\\\/logo\\\/image\\\/\"}}]}<\/script>\n<!-- \/ Yoast SEO plugin. -->","yoast_head_json":{"title":"Cubaris spec. \"Amber\" - Insektenliebe","description":"Acquista online il Cubaris spec. \"Amber\" a basso costo. Una delle specie di lucertola terrestre pi\u00f9 belle al mondo che puoi acquistare direttamente dall'allevatore!","robots":{"index":"index","follow":"follow","max-snippet":"max-snippet:-1","max-image-preview":"max-image-preview:large","max-video-preview":"max-video-preview:-1"},"canonical":"https:\/\/insektenliebe.com\/it\/shop\/prodotto\/cubaris-spec-amber\/","og_locale":"it_IT","og_type":"article","og_title":"Cubaris spec. \"Amber\" - Insektenliebe","og_description":"Acquista online il Cubaris spec. \"Amber\" a basso costo. Una delle specie di lucertola terrestre pi\u00f9 belle al mondo che puoi acquistare direttamente dall'allevatore!","og_url":"https:\/\/insektenliebe.com\/it\/shop\/prodotto\/cubaris-spec-amber\/","og_site_name":"Insektenliebe","og_image":[{"width":2560,"height":1717,"url":"https:\/\/insektenliebe.com\/wp-content\/uploads\/2025\/05\/Cubaris-spec.-Amber-Ducky-7-bearbeitet-scaled-3.jpg","type":"image\/jpeg"}],"twitter_card":"summary_large_image","twitter_misc":{"Tempo di lettura stimato":"2 minuto"},"schema":{"@context":"https:\/\/schema.org","@graph":[{"@type":"WebPage","@id":"https:\/\/insektenliebe.com\/it\/shop\/prodotto\/cubaris-spec-amber\/","url":"https:\/\/insektenliebe.com\/it\/shop\/prodotto\/cubaris-spec-amber\/","name":"Cubaris spec. \"Amber\" - Insektenliebe","isPartOf":{"@id":"https:\/\/insektenliebe.com\/it\/#website"},"primaryImageOfPage":{"@id":"https:\/\/insektenliebe.com\/it\/shop\/prodotto\/cubaris-spec-amber\/#primaryimage"},"image":{"@id":"https:\/\/insektenliebe.com\/it\/shop\/prodotto\/cubaris-spec-amber\/#primaryimage"},"thumbnailUrl":"https:\/\/insektenliebe.com\/wp-content\/uploads\/2025\/05\/Cubaris-spec.-Amber-Ducky-7-bearbeitet-scaled-3.jpg","datePublished":"2019-09-23T12:46:54+00:00","description":"Acquista online il Cubaris spec. \"Amber\" a basso costo. Una delle specie di lucertola terrestre pi\u00f9 belle al mondo che puoi acquistare direttamente dall'allevatore!","breadcrumb":{"@id":"https:\/\/insektenliebe.com\/it\/shop\/prodotto\/cubaris-spec-amber\/#breadcrumb"},"inLanguage":"it-IT","potentialAction":[{"@type":"ReadAction","target":["https:\/\/insektenliebe.com\/it\/shop\/prodotto\/cubaris-spec-amber\/"]}]},{"@type":"ImageObject","inLanguage":"it-IT","@id":"https:\/\/insektenliebe.com\/it\/shop\/prodotto\/cubaris-spec-amber\/#primaryimage","url":"https:\/\/insektenliebe.com\/wp-content\/uploads\/2025\/05\/Cubaris-spec.-Amber-Ducky-7-bearbeitet-scaled-3.jpg","contentUrl":"https:\/\/insektenliebe.com\/wp-content\/uploads\/2025\/05\/Cubaris-spec.-Amber-Ducky-7-bearbeitet-scaled-3.jpg","width":2560,"height":1717,"caption":"Cubaris-spec.-Amber-Ducky-7-edited-scaled-3.jpg"},{"@type":"BreadcrumbList","@id":"https:\/\/insektenliebe.com\/it\/shop\/prodotto\/cubaris-spec-amber\/#breadcrumb","itemListElement":[{"@type":"ListItem","position":1,"name":"Startseite","item":"https:\/\/insektenliebe.com\/it\/"},{"@type":"ListItem","position":2,"name":"Negozio","item":"https:\/\/insektenliebe.com\/it\/negozio\/"},{"@type":"ListItem","position":3,"name":"Cubaris spec. &#8220;Amber&#8221;"}]},{"@type":"WebSite","@id":"https:\/\/insektenliebe.com\/it\/#website","url":"https:\/\/insektenliebe.com\/it\/","name":"Insektenliebe","description":"Dein Zuhause f\u00fcr die kleinen Lebewesen","publisher":{"@id":"https:\/\/insektenliebe.com\/it\/#organization"},"potentialAction":[{"@type":"SearchAction","target":{"@type":"EntryPoint","urlTemplate":"https:\/\/insektenliebe.com\/it\/?s={search_term_string}"},"query-input":{"@type":"PropertyValueSpecification","valueRequired":true,"valueName":"search_term_string"}}],"inLanguage":"it-IT"},{"@type":"Organization","@id":"https:\/\/insektenliebe.com\/it\/#organization","name":"Insektenliebe","url":"https:\/\/insektenliebe.com\/it\/","logo":{"@type":"ImageObject","inLanguage":"it-IT","@id":"https:\/\/insektenliebe.com\/it\/#\/schema\/logo\/image\/","url":"https:\/\/insektenliebe.com\/wp-content\/uploads\/2025\/03\/logo-white.png","contentUrl":"https:\/\/insektenliebe.com\/wp-content\/uploads\/2025\/03\/logo-white.png","width":288,"height":188,"caption":"Insektenliebe"},"image":{"@id":"https:\/\/insektenliebe.com\/it\/#\/schema\/logo\/image\/"}}]}},"_links":{"self":[{"href":"https:\/\/insektenliebe.com\/it\/wp-json\/wp\/v2\/product\/183410","targetHints":{"allow":["GET"]}}],"collection":[{"href":"https:\/\/insektenliebe.com\/it\/wp-json\/wp\/v2\/product"}],"about":[{"href":"https:\/\/insektenliebe.com\/it\/wp-json\/wp\/v2\/types\/product"}],"wp:featuredmedia":[{"embeddable":true,"href":"https:\/\/insektenliebe.com\/it\/wp-json\/wp\/v2\/media\/183411"}],"wp:attachment":[{"href":"https:\/\/insektenliebe.com\/it\/wp-json\/wp\/v2\/media?parent=183410"}],"wp:term":[{"taxonomy":"product-supplier","embeddable":true,"href":"https:\/\/insektenliebe.com\/it\/wp-json\/wp\/v2\/product-supplier?post=183410"},{"taxonomy":"product_brand","embeddable":true,"href":"https:\/\/insektenliebe.com\/it\/wp-json\/wp\/v2\/product_brand?post=183410"},{"taxonomy":"product_cat","embeddable":true,"href":"https:\/\/insektenliebe.com\/it\/wp-json\/wp\/v2\/product_cat?post=183410"},{"taxonomy":"product_tag","embeddable":true,"href":"https:\/\/insektenliebe.com\/it\/wp-json\/wp\/v2\/product_tag?post=183410"},{"taxonomy":"lce-checkout-addons","embeddable":true,"href":"https:\/\/insektenliebe.com\/it\/wp-json\/wp\/v2\/lce-checkout-addons?post=183410"}],"curies":[{"name":"wp","href":"https:\/\/api.w.org\/{rel}","templated":true}]}}