{"id":183398,"date":"2019-09-23T17:00:25","date_gmt":"2019-09-23T17:00:25","guid":{"rendered":"https:\/\/insektenliebe.com\/shop\/produkt\/cubaris-spec-tigre-bianca\/"},"modified":"2019-09-23T17:00:25","modified_gmt":"2019-09-23T15:00:25","slug":"cubaris-spec-tigre-bianca","status":"publish","type":"product","link":"https:\/\/insektenliebe.com\/it\/shop\/prodotto\/cubaris-spec-tigre-bianca\/","title":{"rendered":"Cubaris spec. \"Tigre bianca\""},"content":{"rendered":"<h3 class=\"p1\"><span style=\"color: #99cc33\"><strong><span class=\"s1\">Cubaris spec. \"White Tiger\" - eleganza a strisce <\/span><\/strong><\/span><\/h3>\n<p class=\"p1\"><span class=\"s1\"><strong>Cubaris spec. \"Tigre bianca\" <\/strong>  \u00e8 una specie particolarmente attraente di isopode del Sud-Est asiatico, che deve il suo nome al caratteristico motivo a strisce. Il carapace ha una base chiara con bande trasversali scure ben definite che lo attraversano. Questo motivo ad alto contrasto ricorda la pelliccia di una tigre, ma appare molto pi\u00f9 elegante nei tenui colori bianco e crema della specie. A seconda dell&#8217;incidenza della luce, il carapace brilla leggermente e conferisce agli animali un aspetto quasi nobile.   <\/span><\/p>\n<p class=\"p1\"><span class=\"s1\">Nel suo habitat naturale, la \"Tigre bianca\" vive in terreni forestali umidi e ben strutturati, sotto foglie, muschio o legno marcio. Nel terrario preferisce condizioni simili: Temperature comprese tra 22 e 26 \u00b0C, un&#8217;umidit\u00e0 di circa il 75-85% e un substrato vario sono l&#8217;ideale. Una miscela di humus di foglie, legno marcio bianco, muschio e un additivo a base di calce si \u00e8 dimostrata particolarmente efficace per la formazione di un carapace sano. \u00c8 necessario mantenere sempre una separazione tra umido e secco per permettere agli animali di scegliere tra diverse zone microclimatiche.   <\/span><\/p>\n<p class=\"p1\"><span class=\"s1\"><strong>Cubaris spec. \"Tigre bianca\" <\/strong>  \u00e8 considerata una specie piuttosto tranquilla che ama ritirarsi durante il giorno ed \u00e8 particolarmente attiva la sera e la notte. Dopo l&#8217;irrorazione, tuttavia, \u00e8 possibile vederli spesso esplorare e nutrirsi. Come parte di una forza di polizia del suolo funzionante, contribuiscono in modo significativo alla decomposizione del materiale organico e quindi alla stabilit\u00e0 di un terrario bioattivo.  <\/span><\/p>\n<p class=\"p1\"><span class=\"s1\">La riproduzione \u00e8 possibile in buone condizioni di allevamento. Le femmine portano i loro piccoli in un marsupio fino a quando non sono abbastanza indipendenti. I giovani sono spesso di colore un po&#8217; pi\u00f9 pallido, ma ad ogni muta sviluppano le tipiche \"strisce tigrate\" che rendono questa specie cos\u00ec popolare.  <\/span><\/p>\n<p class=\"p1\"><span class=\"s1\"><strong>Cubaris spec. \"Tigre bianca\" <\/strong>  non \u00e8 quindi solo un utile abitante, ma anche un vero e proprio richiamo visivo per qualsiasi terrario - perfetto per i collezionisti di rare specie di isopodi e per gli amanti degli allestimenti bioattivi.<\/span><\/p>\n","protected":false},"excerpt":{"rendered":"<p>Una specie di Cubaris bianco dall&#8217;aspetto voluminoso e molto ricercato.<\/p>\n","protected":false},"featured_media":183401,"template":"","meta":{"_acf_changed":false},"product-supplier":[],"product_brand":[],"product_cat":[2841,2788],"product_tag":[],"lce-checkout-addons":[2746],"class_list":{"0":"post-183398","1":"product","2":"type-product","3":"status-publish","4":"has-post-thumbnail","6":"product_cat-isopodi-colorati-tropicali-cubaris","7":"product_cat-woodlice","8":"product_shipping_class-spedizione-di-animali","9":"pa_herkunft-malesia","10":"pa_kontinent-asia","11":"lce-checkout-addons-imballaggio-invernale","13":"first","14":"outofstock","15":"taxable","16":"shipping-taxable","17":"purchasable","18":"product-type-simple"},"acf":[],"yoast_head":"<!-- This site is optimized with the Yoast SEO plugin v27.3 - https:\/\/yoast.com\/product\/yoast-seo-wordpress\/ -->\n<title>Cubaris spec. &quot;Tigre bianca&quot; - Insektenliebe<\/title>\n<meta name=\"description\" content=\"Acquista online il Cubaris spec. &quot;White Tiger&quot;. Una delle specie di lucertola terrestre pi\u00f9 belle al mondo che puoi acquistare direttamente dall&#039;allevatore!\" \/>\n<meta name=\"robots\" content=\"index, follow, max-snippet:-1, max-image-preview:large, max-video-preview:-1\" \/>\n<link rel=\"canonical\" href=\"https:\/\/insektenliebe.com\/it\/shop\/prodotto\/cubaris-spec-tigre-bianca\/\" \/>\n<meta property=\"og:locale\" content=\"it_IT\" \/>\n<meta property=\"og:type\" content=\"article\" \/>\n<meta property=\"og:title\" content=\"Cubaris spec. &quot;Tigre bianca&quot; - Insektenliebe\" \/>\n<meta property=\"og:description\" content=\"Acquista online il Cubaris spec. &quot;White Tiger&quot;. Una delle specie di lucertola terrestre pi\u00f9 belle al mondo che puoi acquistare direttamente dall&#039;allevatore!\" \/>\n<meta property=\"og:url\" content=\"https:\/\/insektenliebe.com\/it\/shop\/prodotto\/cubaris-spec-tigre-bianca\/\" \/>\n<meta property=\"og:site_name\" content=\"Insektenliebe\" \/>\n<meta property=\"og:image\" content=\"https:\/\/insektenliebe.com\/wp-content\/uploads\/2025\/05\/Cubaris-spec.-White-Tiger-16-bearbeitet-scaled-3.jpg\" \/>\n\t<meta property=\"og:image:width\" content=\"2560\" \/>\n\t<meta property=\"og:image:height\" content=\"1707\" \/>\n\t<meta property=\"og:image:type\" content=\"image\/jpeg\" \/>\n<meta name=\"twitter:card\" content=\"summary_large_image\" \/>\n<meta name=\"twitter:label1\" content=\"Tempo di lettura stimato\" \/>\n\t<meta name=\"twitter:data1\" content=\"2 minuto\" \/>\n<script type=\"application\/ld+json\" class=\"yoast-schema-graph\">{\"@context\":\"https:\\\/\\\/schema.org\",\"@graph\":[{\"@type\":\"WebPage\",\"@id\":\"https:\\\/\\\/insektenliebe.com\\\/it\\\/shop\\\/prodotto\\\/cubaris-spec-tigre-bianca\\\/\",\"url\":\"https:\\\/\\\/insektenliebe.com\\\/it\\\/shop\\\/prodotto\\\/cubaris-spec-tigre-bianca\\\/\",\"name\":\"Cubaris spec. \\\"Tigre bianca\\\" - Insektenliebe\",\"isPartOf\":{\"@id\":\"https:\\\/\\\/insektenliebe.com\\\/it\\\/#website\"},\"primaryImageOfPage\":{\"@id\":\"https:\\\/\\\/insektenliebe.com\\\/it\\\/shop\\\/prodotto\\\/cubaris-spec-tigre-bianca\\\/#primaryimage\"},\"image\":{\"@id\":\"https:\\\/\\\/insektenliebe.com\\\/it\\\/shop\\\/prodotto\\\/cubaris-spec-tigre-bianca\\\/#primaryimage\"},\"thumbnailUrl\":\"https:\\\/\\\/insektenliebe.com\\\/wp-content\\\/uploads\\\/2025\\\/05\\\/Cubaris-spec.-White-Tiger-16-bearbeitet-scaled-3.jpg\",\"datePublished\":\"2019-09-23T17:00:25+00:00\",\"description\":\"Acquista online il Cubaris spec. \\\"White Tiger\\\". Una delle specie di lucertola terrestre pi\u00f9 belle al mondo che puoi acquistare direttamente dall'allevatore!\",\"breadcrumb\":{\"@id\":\"https:\\\/\\\/insektenliebe.com\\\/it\\\/shop\\\/prodotto\\\/cubaris-spec-tigre-bianca\\\/#breadcrumb\"},\"inLanguage\":\"it-IT\",\"potentialAction\":[{\"@type\":\"ReadAction\",\"target\":[\"https:\\\/\\\/insektenliebe.com\\\/it\\\/shop\\\/prodotto\\\/cubaris-spec-tigre-bianca\\\/\"]}]},{\"@type\":\"ImageObject\",\"inLanguage\":\"it-IT\",\"@id\":\"https:\\\/\\\/insektenliebe.com\\\/it\\\/shop\\\/prodotto\\\/cubaris-spec-tigre-bianca\\\/#primaryimage\",\"url\":\"https:\\\/\\\/insektenliebe.com\\\/wp-content\\\/uploads\\\/2025\\\/05\\\/Cubaris-spec.-White-Tiger-16-bearbeitet-scaled-3.jpg\",\"contentUrl\":\"https:\\\/\\\/insektenliebe.com\\\/wp-content\\\/uploads\\\/2025\\\/05\\\/Cubaris-spec.-White-Tiger-16-bearbeitet-scaled-3.jpg\",\"width\":2560,\"height\":1707,\"caption\":\"Cubaris-spec.-White-Tiger-16-edited-scaled-3.jpg\"},{\"@type\":\"BreadcrumbList\",\"@id\":\"https:\\\/\\\/insektenliebe.com\\\/it\\\/shop\\\/prodotto\\\/cubaris-spec-tigre-bianca\\\/#breadcrumb\",\"itemListElement\":[{\"@type\":\"ListItem\",\"position\":1,\"name\":\"Startseite\",\"item\":\"https:\\\/\\\/insektenliebe.com\\\/it\\\/\"},{\"@type\":\"ListItem\",\"position\":2,\"name\":\"Negozio\",\"item\":\"https:\\\/\\\/insektenliebe.com\\\/it\\\/negozio\\\/\"},{\"@type\":\"ListItem\",\"position\":3,\"name\":\"Cubaris spec. &#8220;Tigre bianca&#8221;\"}]},{\"@type\":\"WebSite\",\"@id\":\"https:\\\/\\\/insektenliebe.com\\\/it\\\/#website\",\"url\":\"https:\\\/\\\/insektenliebe.com\\\/it\\\/\",\"name\":\"Insektenliebe\",\"description\":\"Dein Zuhause f\u00fcr die kleinen Lebewesen\",\"publisher\":{\"@id\":\"https:\\\/\\\/insektenliebe.com\\\/it\\\/#organization\"},\"potentialAction\":[{\"@type\":\"SearchAction\",\"target\":{\"@type\":\"EntryPoint\",\"urlTemplate\":\"https:\\\/\\\/insektenliebe.com\\\/it\\\/?s={search_term_string}\"},\"query-input\":{\"@type\":\"PropertyValueSpecification\",\"valueRequired\":true,\"valueName\":\"search_term_string\"}}],\"inLanguage\":\"it-IT\"},{\"@type\":\"Organization\",\"@id\":\"https:\\\/\\\/insektenliebe.com\\\/it\\\/#organization\",\"name\":\"Insektenliebe\",\"url\":\"https:\\\/\\\/insektenliebe.com\\\/it\\\/\",\"logo\":{\"@type\":\"ImageObject\",\"inLanguage\":\"it-IT\",\"@id\":\"https:\\\/\\\/insektenliebe.com\\\/it\\\/#\\\/schema\\\/logo\\\/image\\\/\",\"url\":\"https:\\\/\\\/insektenliebe.com\\\/wp-content\\\/uploads\\\/2025\\\/03\\\/logo-white.png\",\"contentUrl\":\"https:\\\/\\\/insektenliebe.com\\\/wp-content\\\/uploads\\\/2025\\\/03\\\/logo-white.png\",\"width\":288,\"height\":188,\"caption\":\"Insektenliebe\"},\"image\":{\"@id\":\"https:\\\/\\\/insektenliebe.com\\\/it\\\/#\\\/schema\\\/logo\\\/image\\\/\"}}]}<\/script>\n<!-- \/ Yoast SEO plugin. -->","yoast_head_json":{"title":"Cubaris spec. \"Tigre bianca\" - Insektenliebe","description":"Acquista online il Cubaris spec. \"White Tiger\". Una delle specie di lucertola terrestre pi\u00f9 belle al mondo che puoi acquistare direttamente dall'allevatore!","robots":{"index":"index","follow":"follow","max-snippet":"max-snippet:-1","max-image-preview":"max-image-preview:large","max-video-preview":"max-video-preview:-1"},"canonical":"https:\/\/insektenliebe.com\/it\/shop\/prodotto\/cubaris-spec-tigre-bianca\/","og_locale":"it_IT","og_type":"article","og_title":"Cubaris spec. \"Tigre bianca\" - Insektenliebe","og_description":"Acquista online il Cubaris spec. \"White Tiger\". Una delle specie di lucertola terrestre pi\u00f9 belle al mondo che puoi acquistare direttamente dall'allevatore!","og_url":"https:\/\/insektenliebe.com\/it\/shop\/prodotto\/cubaris-spec-tigre-bianca\/","og_site_name":"Insektenliebe","og_image":[{"width":2560,"height":1707,"url":"https:\/\/insektenliebe.com\/wp-content\/uploads\/2025\/05\/Cubaris-spec.-White-Tiger-16-bearbeitet-scaled-3.jpg","type":"image\/jpeg"}],"twitter_card":"summary_large_image","twitter_misc":{"Tempo di lettura stimato":"2 minuto"},"schema":{"@context":"https:\/\/schema.org","@graph":[{"@type":"WebPage","@id":"https:\/\/insektenliebe.com\/it\/shop\/prodotto\/cubaris-spec-tigre-bianca\/","url":"https:\/\/insektenliebe.com\/it\/shop\/prodotto\/cubaris-spec-tigre-bianca\/","name":"Cubaris spec. \"Tigre bianca\" - Insektenliebe","isPartOf":{"@id":"https:\/\/insektenliebe.com\/it\/#website"},"primaryImageOfPage":{"@id":"https:\/\/insektenliebe.com\/it\/shop\/prodotto\/cubaris-spec-tigre-bianca\/#primaryimage"},"image":{"@id":"https:\/\/insektenliebe.com\/it\/shop\/prodotto\/cubaris-spec-tigre-bianca\/#primaryimage"},"thumbnailUrl":"https:\/\/insektenliebe.com\/wp-content\/uploads\/2025\/05\/Cubaris-spec.-White-Tiger-16-bearbeitet-scaled-3.jpg","datePublished":"2019-09-23T17:00:25+00:00","description":"Acquista online il Cubaris spec. \"White Tiger\". Una delle specie di lucertola terrestre pi\u00f9 belle al mondo che puoi acquistare direttamente dall'allevatore!","breadcrumb":{"@id":"https:\/\/insektenliebe.com\/it\/shop\/prodotto\/cubaris-spec-tigre-bianca\/#breadcrumb"},"inLanguage":"it-IT","potentialAction":[{"@type":"ReadAction","target":["https:\/\/insektenliebe.com\/it\/shop\/prodotto\/cubaris-spec-tigre-bianca\/"]}]},{"@type":"ImageObject","inLanguage":"it-IT","@id":"https:\/\/insektenliebe.com\/it\/shop\/prodotto\/cubaris-spec-tigre-bianca\/#primaryimage","url":"https:\/\/insektenliebe.com\/wp-content\/uploads\/2025\/05\/Cubaris-spec.-White-Tiger-16-bearbeitet-scaled-3.jpg","contentUrl":"https:\/\/insektenliebe.com\/wp-content\/uploads\/2025\/05\/Cubaris-spec.-White-Tiger-16-bearbeitet-scaled-3.jpg","width":2560,"height":1707,"caption":"Cubaris-spec.-White-Tiger-16-edited-scaled-3.jpg"},{"@type":"BreadcrumbList","@id":"https:\/\/insektenliebe.com\/it\/shop\/prodotto\/cubaris-spec-tigre-bianca\/#breadcrumb","itemListElement":[{"@type":"ListItem","position":1,"name":"Startseite","item":"https:\/\/insektenliebe.com\/it\/"},{"@type":"ListItem","position":2,"name":"Negozio","item":"https:\/\/insektenliebe.com\/it\/negozio\/"},{"@type":"ListItem","position":3,"name":"Cubaris spec. &#8220;Tigre bianca&#8221;"}]},{"@type":"WebSite","@id":"https:\/\/insektenliebe.com\/it\/#website","url":"https:\/\/insektenliebe.com\/it\/","name":"Insektenliebe","description":"Dein Zuhause f\u00fcr die kleinen Lebewesen","publisher":{"@id":"https:\/\/insektenliebe.com\/it\/#organization"},"potentialAction":[{"@type":"SearchAction","target":{"@type":"EntryPoint","urlTemplate":"https:\/\/insektenliebe.com\/it\/?s={search_term_string}"},"query-input":{"@type":"PropertyValueSpecification","valueRequired":true,"valueName":"search_term_string"}}],"inLanguage":"it-IT"},{"@type":"Organization","@id":"https:\/\/insektenliebe.com\/it\/#organization","name":"Insektenliebe","url":"https:\/\/insektenliebe.com\/it\/","logo":{"@type":"ImageObject","inLanguage":"it-IT","@id":"https:\/\/insektenliebe.com\/it\/#\/schema\/logo\/image\/","url":"https:\/\/insektenliebe.com\/wp-content\/uploads\/2025\/03\/logo-white.png","contentUrl":"https:\/\/insektenliebe.com\/wp-content\/uploads\/2025\/03\/logo-white.png","width":288,"height":188,"caption":"Insektenliebe"},"image":{"@id":"https:\/\/insektenliebe.com\/it\/#\/schema\/logo\/image\/"}}]}},"_links":{"self":[{"href":"https:\/\/insektenliebe.com\/it\/wp-json\/wp\/v2\/product\/183398","targetHints":{"allow":["GET"]}}],"collection":[{"href":"https:\/\/insektenliebe.com\/it\/wp-json\/wp\/v2\/product"}],"about":[{"href":"https:\/\/insektenliebe.com\/it\/wp-json\/wp\/v2\/types\/product"}],"wp:featuredmedia":[{"embeddable":true,"href":"https:\/\/insektenliebe.com\/it\/wp-json\/wp\/v2\/media\/183401"}],"wp:attachment":[{"href":"https:\/\/insektenliebe.com\/it\/wp-json\/wp\/v2\/media?parent=183398"}],"wp:term":[{"taxonomy":"product-supplier","embeddable":true,"href":"https:\/\/insektenliebe.com\/it\/wp-json\/wp\/v2\/product-supplier?post=183398"},{"taxonomy":"product_brand","embeddable":true,"href":"https:\/\/insektenliebe.com\/it\/wp-json\/wp\/v2\/product_brand?post=183398"},{"taxonomy":"product_cat","embeddable":true,"href":"https:\/\/insektenliebe.com\/it\/wp-json\/wp\/v2\/product_cat?post=183398"},{"taxonomy":"product_tag","embeddable":true,"href":"https:\/\/insektenliebe.com\/it\/wp-json\/wp\/v2\/product_tag?post=183398"},{"taxonomy":"lce-checkout-addons","embeddable":true,"href":"https:\/\/insektenliebe.com\/it\/wp-json\/wp\/v2\/lce-checkout-addons?post=183398"}],"curies":[{"name":"wp","href":"https:\/\/api.w.org\/{rel}","templated":true}]}}