{"id":183394,"date":"2019-09-25T14:26:00","date_gmt":"2019-09-25T12:26:00","guid":{"rendered":"https:\/\/insektenliebe.com\/shop\/produkt\/therea-olegrandjeani-scarafaggio-punto-interrogativo\/"},"modified":"2019-09-25T14:26:00","modified_gmt":"2019-09-25T12:26:00","slug":"therea-olegrandjeani-scarafaggio-punto-interrogativo","status":"publish","type":"product","link":"https:\/\/insektenliebe.com\/it\/shop\/prodotto\/therea-olegrandjeani-scarafaggio-punto-interrogativo\/","title":{"rendered":"Therea olegrandjeani \"scarafaggio punto interrogativo\""},"content":{"rendered":"<h3 class=\"p1\"><span style=\"color: #99cc33\"><strong><span class=\"s1\">Therea olegrandjeani - lo scarafaggio a punto interrogativo dal disegno inconfondibile<\/span><\/strong><\/span><\/h3>\n<p class=\"p1\"><span class=\"s1\"><strong>La Therea olegrandjeani<\/strong>, affettuosamente conosciuta nell&#8217;ambiente come scarafaggio a punto interrogativo, \u00e8 probabilmente una delle specie di scarafaggio pi\u00f9 appariscenti e interessanti. Deve il suo nome tedesco al sorprendente disegno sulle sue elitre, che ricorda fortemente un punto interrogativo. Questo motivo unico lo rende un vero e proprio richiamo visivo nel terrario e una delle specie preferite dai collezionisti e dagli amanti degli insetti esotici.  <\/span><\/p>\n<p class=\"p1\"><span class=\"s1\">Lo scarafaggio punto interrogativo \u00e8 originario dell&#8217;India, dove vive in regioni da secche a leggermente umide. Nel terrario ha bisogno di temperature comprese tra i 24 e i 28 gradi centigradi e di un&#8217;umidit\u00e0 di circa il 60-70%. Un substrato sciolto di terra, humus di foglie e legno bianco marcio crea un microclima ideale e offre agli animali la possibilit\u00e0 di scavare. Poich\u00e9 si tratta di una specie che vive sul terreno, il terrario deve offrire spazio sufficiente per il pavimento e nascondigli come pezzi di corteccia, tavole di sughero e foglie.   <\/span><\/p>\n<p class=\"p1\"><span class=\"s1\">Lo scarafaggio punto interrogativo \u00e8 attivo soprattutto al crepuscolo e di notte. Durante il giorno, trascorre la maggior parte del tempo sepolto o sotto il fogliame ed emerge solo quando l&#8217;intensit\u00e0 della luce diminuisce. Quando viene allevato, \u00e8 pacifico, tranquillo e resistente allo stress, il che lo rende una specie adatta ai principianti. Per quanto riguarda l&#8217;alimentazione, \u00e8 semplice e gradisce un mix di frutta e verdura fresca, foglie secche, legno bianco marcio e aggiunte proteiche come fiocchi di cibo per pesci o insetti secchi.   <\/span><\/p>\n<p class=\"p1\"><span class=\"s1\">Una particolarit\u00e0 interessante di questa specie \u00e8 la sua capacit\u00e0 di fingersi morta quando \u00e8 in pericolo. Rimane immobile finch\u00e9 non si sente al sicuro: un comportamento che la protegge dai predatori in natura. La riproduzione in terrario \u00e8 generalmente priva di problemi se le condizioni climatiche sono adatte. La femmina depone le ooteche, dalle quali i piccoli si schiudono dopo qualche settimana. Questi non presentano ancora i segni del punto interrogativo, che si svilupperanno solo con la muta da adulti.    <\/span><\/p>\n<p class=\"p1\"><span class=\"s1\"><strong>Il Therea olegrandjeani \"scarafaggio punto interrogativo\"<\/strong> non \u00e8 quindi solo un animale affascinante da osservare, ma anche un vero e proprio esotico che arricchisce qualsiasi terrario grazie al suo aspetto particolare e alla sua natura tranquilla.<\/span><\/p>\n","protected":false},"excerpt":{"rendered":"<p>Therea olegrandjeani - lo scarafaggio a punto interrogativo dal disegno inconfondibile La Therea olegrandjeani, affettuosamente conosciuta nell&#8217;ambiente come scarafaggio a punto interrogativo, \u00e8 probabilmente una delle specie di scarafaggio pi\u00f9 appariscenti e interessanti. Deve il suo nome tedesco al sorprendente disegno sulle sue elitre, che ricorda fortemente un punto interrogativo. Questo motivo unico lo rende [&hellip;]<\/p>\n","protected":false},"featured_media":183396,"template":"","meta":{"_acf_changed":false},"product-supplier":[],"product_brand":[],"product_cat":[2785],"product_tag":[],"lce-checkout-addons":[2746],"class_list":{"0":"post-183394","1":"product","2":"type-product","3":"status-publish","4":"has-post-thumbnail","6":"product_cat-scarafaggi","7":"product_shipping_class-spedizione-di-animali","8":"pa_herkunft-india","9":"pa_kontinent-asia","10":"lce-checkout-addons-imballaggio-invernale","12":"first","13":"instock","14":"taxable","15":"shipping-taxable","16":"purchasable","17":"product-type-simple"},"acf":[],"yoast_head":"<!-- This site is optimized with the Yoast SEO plugin v27.3 - https:\/\/yoast.com\/product\/yoast-seo-wordpress\/ -->\n<title>Therea olegrandjeani &quot;scarafaggio punto interrogativo&quot; - Insektenliebe<\/title>\n<meta name=\"description\" content=\"Acquista Therea olegrandjeani &quot;Scarafaggio punto interrogativo&quot; direttamente online. Questi bellissimi scarafaggi diurni a punto interrogativo possono essere acquistati direttamente dall&#039;allevatore.\" \/>\n<meta name=\"robots\" content=\"index, follow, max-snippet:-1, max-image-preview:large, max-video-preview:-1\" \/>\n<link rel=\"canonical\" href=\"https:\/\/insektenliebe.com\/it\/shop\/prodotto\/therea-olegrandjeani-scarafaggio-punto-interrogativo\/\" \/>\n<meta property=\"og:locale\" content=\"it_IT\" \/>\n<meta property=\"og:type\" content=\"article\" \/>\n<meta property=\"og:title\" content=\"Therea olegrandjeani &quot;scarafaggio punto interrogativo&quot; - Insektenliebe\" \/>\n<meta property=\"og:description\" content=\"Acquista Therea olegrandjeani &quot;Scarafaggio punto interrogativo&quot; direttamente online. Questi bellissimi scarafaggi diurni a punto interrogativo possono essere acquistati direttamente dall&#039;allevatore.\" \/>\n<meta property=\"og:url\" content=\"https:\/\/insektenliebe.com\/it\/shop\/prodotto\/therea-olegrandjeani-scarafaggio-punto-interrogativo\/\" \/>\n<meta property=\"og:site_name\" content=\"Insektenliebe\" \/>\n<meta property=\"og:image\" content=\"https:\/\/insektenliebe.com\/wp-content\/uploads\/2025\/05\/Therea-olegrandjeani-2.jpg\" \/>\n\t<meta property=\"og:image:width\" content=\"820\" \/>\n\t<meta property=\"og:image:height\" content=\"820\" \/>\n\t<meta property=\"og:image:type\" content=\"image\/jpeg\" \/>\n<meta name=\"twitter:card\" content=\"summary_large_image\" \/>\n<meta name=\"twitter:label1\" content=\"Tempo di lettura stimato\" \/>\n\t<meta name=\"twitter:data1\" content=\"2 minuto\" \/>\n<script type=\"application\/ld+json\" class=\"yoast-schema-graph\">{\"@context\":\"https:\\\/\\\/schema.org\",\"@graph\":[{\"@type\":\"WebPage\",\"@id\":\"https:\\\/\\\/insektenliebe.com\\\/it\\\/shop\\\/prodotto\\\/therea-olegrandjeani-scarafaggio-punto-interrogativo\\\/\",\"url\":\"https:\\\/\\\/insektenliebe.com\\\/it\\\/shop\\\/prodotto\\\/therea-olegrandjeani-scarafaggio-punto-interrogativo\\\/\",\"name\":\"Therea olegrandjeani \\\"scarafaggio punto interrogativo\\\" - Insektenliebe\",\"isPartOf\":{\"@id\":\"https:\\\/\\\/insektenliebe.com\\\/it\\\/#website\"},\"primaryImageOfPage\":{\"@id\":\"https:\\\/\\\/insektenliebe.com\\\/it\\\/shop\\\/prodotto\\\/therea-olegrandjeani-scarafaggio-punto-interrogativo\\\/#primaryimage\"},\"image\":{\"@id\":\"https:\\\/\\\/insektenliebe.com\\\/it\\\/shop\\\/prodotto\\\/therea-olegrandjeani-scarafaggio-punto-interrogativo\\\/#primaryimage\"},\"thumbnailUrl\":\"https:\\\/\\\/insektenliebe.com\\\/wp-content\\\/uploads\\\/2025\\\/05\\\/Therea-olegrandjeani-2.jpg\",\"datePublished\":\"2019-09-25T12:26:00+00:00\",\"description\":\"Acquista Therea olegrandjeani \\\"Scarafaggio punto interrogativo\\\" direttamente online. Questi bellissimi scarafaggi diurni a punto interrogativo possono essere acquistati direttamente dall'allevatore.\",\"breadcrumb\":{\"@id\":\"https:\\\/\\\/insektenliebe.com\\\/it\\\/shop\\\/prodotto\\\/therea-olegrandjeani-scarafaggio-punto-interrogativo\\\/#breadcrumb\"},\"inLanguage\":\"it-IT\",\"potentialAction\":[{\"@type\":\"ReadAction\",\"target\":[\"https:\\\/\\\/insektenliebe.com\\\/it\\\/shop\\\/prodotto\\\/therea-olegrandjeani-scarafaggio-punto-interrogativo\\\/\"]}]},{\"@type\":\"ImageObject\",\"inLanguage\":\"it-IT\",\"@id\":\"https:\\\/\\\/insektenliebe.com\\\/it\\\/shop\\\/prodotto\\\/therea-olegrandjeani-scarafaggio-punto-interrogativo\\\/#primaryimage\",\"url\":\"https:\\\/\\\/insektenliebe.com\\\/wp-content\\\/uploads\\\/2025\\\/05\\\/Therea-olegrandjeani-2.jpg\",\"contentUrl\":\"https:\\\/\\\/insektenliebe.com\\\/wp-content\\\/uploads\\\/2025\\\/05\\\/Therea-olegrandjeani-2.jpg\",\"width\":820,\"height\":820,\"caption\":\"Therea-olegrandjeani-2.jpg\"},{\"@type\":\"BreadcrumbList\",\"@id\":\"https:\\\/\\\/insektenliebe.com\\\/it\\\/shop\\\/prodotto\\\/therea-olegrandjeani-scarafaggio-punto-interrogativo\\\/#breadcrumb\",\"itemListElement\":[{\"@type\":\"ListItem\",\"position\":1,\"name\":\"Startseite\",\"item\":\"https:\\\/\\\/insektenliebe.com\\\/it\\\/\"},{\"@type\":\"ListItem\",\"position\":2,\"name\":\"Negozio\",\"item\":\"https:\\\/\\\/insektenliebe.com\\\/it\\\/negozio\\\/\"},{\"@type\":\"ListItem\",\"position\":3,\"name\":\"Therea olegrandjeani &#8220;scarafaggio punto interrogativo&#8221;\"}]},{\"@type\":\"WebSite\",\"@id\":\"https:\\\/\\\/insektenliebe.com\\\/it\\\/#website\",\"url\":\"https:\\\/\\\/insektenliebe.com\\\/it\\\/\",\"name\":\"Insektenliebe\",\"description\":\"Dein Zuhause f\u00fcr die kleinen Lebewesen\",\"publisher\":{\"@id\":\"https:\\\/\\\/insektenliebe.com\\\/it\\\/#organization\"},\"potentialAction\":[{\"@type\":\"SearchAction\",\"target\":{\"@type\":\"EntryPoint\",\"urlTemplate\":\"https:\\\/\\\/insektenliebe.com\\\/it\\\/?s={search_term_string}\"},\"query-input\":{\"@type\":\"PropertyValueSpecification\",\"valueRequired\":true,\"valueName\":\"search_term_string\"}}],\"inLanguage\":\"it-IT\"},{\"@type\":\"Organization\",\"@id\":\"https:\\\/\\\/insektenliebe.com\\\/it\\\/#organization\",\"name\":\"Insektenliebe\",\"url\":\"https:\\\/\\\/insektenliebe.com\\\/it\\\/\",\"logo\":{\"@type\":\"ImageObject\",\"inLanguage\":\"it-IT\",\"@id\":\"https:\\\/\\\/insektenliebe.com\\\/it\\\/#\\\/schema\\\/logo\\\/image\\\/\",\"url\":\"https:\\\/\\\/insektenliebe.com\\\/wp-content\\\/uploads\\\/2025\\\/03\\\/logo-white.png\",\"contentUrl\":\"https:\\\/\\\/insektenliebe.com\\\/wp-content\\\/uploads\\\/2025\\\/03\\\/logo-white.png\",\"width\":288,\"height\":188,\"caption\":\"Insektenliebe\"},\"image\":{\"@id\":\"https:\\\/\\\/insektenliebe.com\\\/it\\\/#\\\/schema\\\/logo\\\/image\\\/\"}}]}<\/script>\n<!-- \/ Yoast SEO plugin. -->","yoast_head_json":{"title":"Therea olegrandjeani \"scarafaggio punto interrogativo\" - Insektenliebe","description":"Acquista Therea olegrandjeani \"Scarafaggio punto interrogativo\" direttamente online. Questi bellissimi scarafaggi diurni a punto interrogativo possono essere acquistati direttamente dall'allevatore.","robots":{"index":"index","follow":"follow","max-snippet":"max-snippet:-1","max-image-preview":"max-image-preview:large","max-video-preview":"max-video-preview:-1"},"canonical":"https:\/\/insektenliebe.com\/it\/shop\/prodotto\/therea-olegrandjeani-scarafaggio-punto-interrogativo\/","og_locale":"it_IT","og_type":"article","og_title":"Therea olegrandjeani \"scarafaggio punto interrogativo\" - Insektenliebe","og_description":"Acquista Therea olegrandjeani \"Scarafaggio punto interrogativo\" direttamente online. Questi bellissimi scarafaggi diurni a punto interrogativo possono essere acquistati direttamente dall'allevatore.","og_url":"https:\/\/insektenliebe.com\/it\/shop\/prodotto\/therea-olegrandjeani-scarafaggio-punto-interrogativo\/","og_site_name":"Insektenliebe","og_image":[{"width":820,"height":820,"url":"https:\/\/insektenliebe.com\/wp-content\/uploads\/2025\/05\/Therea-olegrandjeani-2.jpg","type":"image\/jpeg"}],"twitter_card":"summary_large_image","twitter_misc":{"Tempo di lettura stimato":"2 minuto"},"schema":{"@context":"https:\/\/schema.org","@graph":[{"@type":"WebPage","@id":"https:\/\/insektenliebe.com\/it\/shop\/prodotto\/therea-olegrandjeani-scarafaggio-punto-interrogativo\/","url":"https:\/\/insektenliebe.com\/it\/shop\/prodotto\/therea-olegrandjeani-scarafaggio-punto-interrogativo\/","name":"Therea olegrandjeani \"scarafaggio punto interrogativo\" - Insektenliebe","isPartOf":{"@id":"https:\/\/insektenliebe.com\/it\/#website"},"primaryImageOfPage":{"@id":"https:\/\/insektenliebe.com\/it\/shop\/prodotto\/therea-olegrandjeani-scarafaggio-punto-interrogativo\/#primaryimage"},"image":{"@id":"https:\/\/insektenliebe.com\/it\/shop\/prodotto\/therea-olegrandjeani-scarafaggio-punto-interrogativo\/#primaryimage"},"thumbnailUrl":"https:\/\/insektenliebe.com\/wp-content\/uploads\/2025\/05\/Therea-olegrandjeani-2.jpg","datePublished":"2019-09-25T12:26:00+00:00","description":"Acquista Therea olegrandjeani \"Scarafaggio punto interrogativo\" direttamente online. Questi bellissimi scarafaggi diurni a punto interrogativo possono essere acquistati direttamente dall'allevatore.","breadcrumb":{"@id":"https:\/\/insektenliebe.com\/it\/shop\/prodotto\/therea-olegrandjeani-scarafaggio-punto-interrogativo\/#breadcrumb"},"inLanguage":"it-IT","potentialAction":[{"@type":"ReadAction","target":["https:\/\/insektenliebe.com\/it\/shop\/prodotto\/therea-olegrandjeani-scarafaggio-punto-interrogativo\/"]}]},{"@type":"ImageObject","inLanguage":"it-IT","@id":"https:\/\/insektenliebe.com\/it\/shop\/prodotto\/therea-olegrandjeani-scarafaggio-punto-interrogativo\/#primaryimage","url":"https:\/\/insektenliebe.com\/wp-content\/uploads\/2025\/05\/Therea-olegrandjeani-2.jpg","contentUrl":"https:\/\/insektenliebe.com\/wp-content\/uploads\/2025\/05\/Therea-olegrandjeani-2.jpg","width":820,"height":820,"caption":"Therea-olegrandjeani-2.jpg"},{"@type":"BreadcrumbList","@id":"https:\/\/insektenliebe.com\/it\/shop\/prodotto\/therea-olegrandjeani-scarafaggio-punto-interrogativo\/#breadcrumb","itemListElement":[{"@type":"ListItem","position":1,"name":"Startseite","item":"https:\/\/insektenliebe.com\/it\/"},{"@type":"ListItem","position":2,"name":"Negozio","item":"https:\/\/insektenliebe.com\/it\/negozio\/"},{"@type":"ListItem","position":3,"name":"Therea olegrandjeani &#8220;scarafaggio punto interrogativo&#8221;"}]},{"@type":"WebSite","@id":"https:\/\/insektenliebe.com\/it\/#website","url":"https:\/\/insektenliebe.com\/it\/","name":"Insektenliebe","description":"Dein Zuhause f\u00fcr die kleinen Lebewesen","publisher":{"@id":"https:\/\/insektenliebe.com\/it\/#organization"},"potentialAction":[{"@type":"SearchAction","target":{"@type":"EntryPoint","urlTemplate":"https:\/\/insektenliebe.com\/it\/?s={search_term_string}"},"query-input":{"@type":"PropertyValueSpecification","valueRequired":true,"valueName":"search_term_string"}}],"inLanguage":"it-IT"},{"@type":"Organization","@id":"https:\/\/insektenliebe.com\/it\/#organization","name":"Insektenliebe","url":"https:\/\/insektenliebe.com\/it\/","logo":{"@type":"ImageObject","inLanguage":"it-IT","@id":"https:\/\/insektenliebe.com\/it\/#\/schema\/logo\/image\/","url":"https:\/\/insektenliebe.com\/wp-content\/uploads\/2025\/03\/logo-white.png","contentUrl":"https:\/\/insektenliebe.com\/wp-content\/uploads\/2025\/03\/logo-white.png","width":288,"height":188,"caption":"Insektenliebe"},"image":{"@id":"https:\/\/insektenliebe.com\/it\/#\/schema\/logo\/image\/"}}]}},"_links":{"self":[{"href":"https:\/\/insektenliebe.com\/it\/wp-json\/wp\/v2\/product\/183394","targetHints":{"allow":["GET"]}}],"collection":[{"href":"https:\/\/insektenliebe.com\/it\/wp-json\/wp\/v2\/product"}],"about":[{"href":"https:\/\/insektenliebe.com\/it\/wp-json\/wp\/v2\/types\/product"}],"wp:featuredmedia":[{"embeddable":true,"href":"https:\/\/insektenliebe.com\/it\/wp-json\/wp\/v2\/media\/183396"}],"wp:attachment":[{"href":"https:\/\/insektenliebe.com\/it\/wp-json\/wp\/v2\/media?parent=183394"}],"wp:term":[{"taxonomy":"product-supplier","embeddable":true,"href":"https:\/\/insektenliebe.com\/it\/wp-json\/wp\/v2\/product-supplier?post=183394"},{"taxonomy":"product_brand","embeddable":true,"href":"https:\/\/insektenliebe.com\/it\/wp-json\/wp\/v2\/product_brand?post=183394"},{"taxonomy":"product_cat","embeddable":true,"href":"https:\/\/insektenliebe.com\/it\/wp-json\/wp\/v2\/product_cat?post=183394"},{"taxonomy":"product_tag","embeddable":true,"href":"https:\/\/insektenliebe.com\/it\/wp-json\/wp\/v2\/product_tag?post=183394"},{"taxonomy":"lce-checkout-addons","embeddable":true,"href":"https:\/\/insektenliebe.com\/it\/wp-json\/wp\/v2\/lce-checkout-addons?post=183394"}],"curies":[{"name":"wp","href":"https:\/\/api.w.org\/{rel}","templated":true}]}}