{"id":183380,"date":"2018-04-04T14:36:20","date_gmt":"2018-04-04T14:36:20","guid":{"rendered":"https:\/\/insektenliebe.com\/shop\/produkt\/phyllocrania-paradoxa-mantide-fantasma\/"},"modified":"2018-04-04T14:36:20","modified_gmt":"2018-04-04T12:36:20","slug":"phyllocrania-paradoxa-mantide-fantasma","status":"publish","type":"product","link":"https:\/\/insektenliebe.com\/it\/shop\/prodotto\/phyllocrania-paradoxa-mantide-fantasma\/","title":{"rendered":"Phyllocrania paradoxa \"Mantide Fantasma"},"content":{"rendered":"<div class=\"vc_row wpb_row vc_row-fluid prrow\">\n<div class=\"wpb_column vc_column_container vc_col-sm-3\">\n<div class=\"vc_column-inner \">\n<div class=\"wpb_wrapper\">\n<div class=\"wpb_text_column wpb_content_element \">\n<div class=\"wpb_wrapper\">\n<h3><strong style=\"color: #99cc33\"><span class=\"s1\">Phyllocrania paradoxa - Eleganza spettrale dell&#8217;ordine Mantodea<\/span><\/strong><\/h3>\n<\/div>\n<p><strong>La Phyllocrania paradoxa<\/strong>, meglio conosciuta come mantide fantasma, appartiene alla famiglia Hymenopodidae, sottofamiglia Phyllothelyinae - un gruppo di mantidi altamente specializzate e caratterizzate da un notevole mimetismo. La specie \u00e8 originaria dell&#8217;Africa tropicale, tra cui Angola, Madagascar, Malawi e altre regioni con macchie secche e foreste aperte. <\/p>\n<p>La P. paradoxa \u00e8 caratterizzata da un corpo fortemente pronunciato, simile a una foglia, con numerosi lobi su testa, torace e addome. Queste strutture servono a mimetizzarsi nel suo habitat naturale: imita il fogliame secco in modo cos\u00ec convincente che spesso viene trascurata anche nei terrari. <\/p>\n<p>Allo stadio adulto, la mantide fantasma raggiunge una lunghezza di circa 4-5 cm, con le femmine pi\u00f9 robuste e massicce rispetto ai maschi pi\u00f9 delicati, che sono anche pienamente in grado di volare. La specie \u00e8 dimorfica, ma entrambi i sessi mostrano l&#8217;aspetto \"scheletrico\" tipico dei Phyllocrania. <\/p>\n<p>Un terrario ben ventilato di 20 \u00d7 20 \u00d7 30 cm \u00e8 sufficiente per tenere un solo animale. Tuttavia, se vuoi tenere pi\u00f9 animali insieme, devi assicurarti che lo spazio e la struttura siano sufficienti. Per gruppi di tre o pi\u00f9 animali, si consiglia una vasca di almeno 30 \u00d7 30 \u00d7 40 cm con molti rami secchi, foglie secche e barriere visive per evitare stress e cannibalismo. Rispetto a molte altre specie di mantidi, la <strong>Phyllocrania paradoxa<\/strong> \u00e8 estremamente pacifica: i gruppi possono essere tenuti con successo nelle giuste condizioni, soprattutto negli stadi pi\u00f9 giovani. Tuttavia, maggiore \u00e8 lo spazio e le possibilit\u00e0 di ritirarsi, migliore sar\u00e0 la convivenza. Una buona circolazione dell&#8217;aria \u00e8 particolarmente importante negli alloggi di gruppo, poich\u00e9 una maggiore densit\u00e0 di animali pu\u00f2 influire sull&#8217;umidit\u00e0 a livello locale.    <\/p>\n<p>La P. paradoxa \u00e8 relativamente tollerante in allevamento. La temperatura ottimale \u00e8 di 24-28 \u00b0C con un leggero calo durante la notte. L&#8217;umidit\u00e0 deve essere mantenuta tra il 50 e il 70%. \u00c8 importante una buona ventilazione, poich\u00e9 l&#8217;aria umida e stagnante pu\u00f2 causare micosi, un problema comune nei terrari sovraffollati. Un terrario di 20x20x30 cm \u00e8 sufficiente per un singolo animale. Se li tieni in gruppo, assicurati che ci sia sufficiente privacy, molta struttura e molto spazio per evitare il cannibalismo.     <\/p>\n<p>Gli insetti attivi nel volo come Terfly, mosche dorate o Drosophila hydei sono adatti agli animali giovani. Scarafaggi o grilli dovrebbero essere offerti solo se sono abbastanza piccoli e mobili, poich\u00e9 i P. paradoxa sono cacciatori da agguato con una preferenza per le prede volanti. <\/p>\n<p>La specie pu\u00f2 essere allevata con successo in condizioni controllate. Le femmine depongono le ooteche, dalle quali si schiudono tra le 20 e le 40 ninfe dopo circa 4-8 settimane, a seconda della temperatura e dell&#8217;umidit\u00e0. Queste ultime sono completamente indipendenti alla nascita, ma necessitano di un microclima ad alta umidit\u00e0 per la prima muta.  <\/p>\n<p>La <strong>Phyllocrania paradoxa<\/strong> \u00e8 ideale per vasche da esposizione strutturalmente ricche con un design quasi naturale. Grazie al suo temperamento pacifico, all&#8217;ingombro ridotto e all&#8217;affascinante morfologia, \u00e8 molto apprezzata anche dai principianti. Tuttavia, l&#8217;allevatore deve sempre tenere conto dei requisiti ecologici: un&#8217;umidit\u00e0 eccessiva o un&#8217;aerazione inadeguata possono avere rapidamente un effetto negativo.  <\/p>\n<p><strong>Cibo:  <\/strong><\/p>\n<ul>\n<li>L1\/L2: Piccoli moscerini della frutta, grilli XS<\/li>\n<li>L3\/L4: Grandi mosche della frutta, pesci da forno, grilli S<\/li>\n<li>L5\/L6: mosche d&#8217;oro, pesci da forno, grillo M, terfly<\/li>\n<li>L7\/adulto: mosconi, grilli L<\/li>\n<\/ul>\n<\/div>\n<\/div>\n<\/div>\n<\/div>\n<\/div>\n","protected":false},"excerpt":{"rendered":"<p>Grazie alla loro scarsa aggressivit\u00e0, le mantidi fantasma possono essere tenute anche in gruppo se il cibo a disposizione \u00e8 sufficiente.<\/p>\n","protected":false},"featured_media":183382,"template":"","meta":{"_acf_changed":false},"product-supplier":[],"product_brand":[],"product_cat":[2754],"product_tag":[],"lce-checkout-addons":[2746],"class_list":{"0":"post-183380","1":"product","2":"type-product","3":"status-publish","4":"has-post-thumbnail","6":"product_cat-mantidi","7":"product_shipping_class-spedizione-di-animali","8":"pa_geschlecht-indeterminato","9":"pa_herkunft-madagascar","10":"pa_kontinent-africa","11":"lce-checkout-addons-imballaggio-invernale","13":"first","14":"outofstock","15":"taxable","16":"shipping-taxable","17":"purchasable","18":"product-type-variable"},"acf":[],"yoast_head":"<!-- This site is optimized with the Yoast SEO plugin v27.3 - https:\/\/yoast.com\/product\/yoast-seo-wordpress\/ -->\n<title>Phyllocrania paradoxa &quot;Mantide Fantasma - Insektenliebe<\/title>\n<meta name=\"description\" content=\"Acquista online la Phyllocrania paradoxa &quot;Ghost Mantis&quot;. Mantide religiosa dall&#039;aspetto affascinante e bizzarro che puoi acquistare qui direttamente dall&#039;allevatore!\" \/>\n<meta name=\"robots\" content=\"index, follow, max-snippet:-1, max-image-preview:large, max-video-preview:-1\" \/>\n<link rel=\"canonical\" href=\"https:\/\/insektenliebe.com\/it\/shop\/prodotto\/phyllocrania-paradoxa-mantide-fantasma\/\" \/>\n<meta property=\"og:locale\" content=\"it_IT\" \/>\n<meta property=\"og:type\" content=\"article\" \/>\n<meta property=\"og:title\" content=\"Phyllocrania paradoxa &quot;Mantide Fantasma - Insektenliebe\" \/>\n<meta property=\"og:description\" content=\"Acquista online la Phyllocrania paradoxa &quot;Ghost Mantis&quot;. Mantide religiosa dall&#039;aspetto affascinante e bizzarro che puoi acquistare qui direttamente dall&#039;allevatore!\" \/>\n<meta property=\"og:url\" content=\"https:\/\/insektenliebe.com\/it\/shop\/prodotto\/phyllocrania-paradoxa-mantide-fantasma\/\" \/>\n<meta property=\"og:site_name\" content=\"Insektenliebe\" \/>\n<meta property=\"og:image\" content=\"https:\/\/insektenliebe.com\/wp-content\/uploads\/2025\/05\/PHYLLOCRANIA-PARADOXA-frei-2.png\" \/>\n\t<meta property=\"og:image:width\" content=\"714\" \/>\n\t<meta property=\"og:image:height\" content=\"500\" \/>\n\t<meta property=\"og:image:type\" content=\"image\/png\" \/>\n<meta name=\"twitter:card\" content=\"summary_large_image\" \/>\n<meta name=\"twitter:label1\" content=\"Tempo di lettura stimato\" \/>\n\t<meta name=\"twitter:data1\" content=\"3 minuto\" \/>\n<script type=\"application\/ld+json\" class=\"yoast-schema-graph\">{\"@context\":\"https:\\\/\\\/schema.org\",\"@graph\":[{\"@type\":\"WebPage\",\"@id\":\"https:\\\/\\\/insektenliebe.com\\\/it\\\/shop\\\/prodotto\\\/phyllocrania-paradoxa-mantide-fantasma\\\/\",\"url\":\"https:\\\/\\\/insektenliebe.com\\\/it\\\/shop\\\/prodotto\\\/phyllocrania-paradoxa-mantide-fantasma\\\/\",\"name\":\"Phyllocrania paradoxa \\\"Mantide Fantasma - Insektenliebe\",\"isPartOf\":{\"@id\":\"https:\\\/\\\/insektenliebe.com\\\/it\\\/#website\"},\"primaryImageOfPage\":{\"@id\":\"https:\\\/\\\/insektenliebe.com\\\/it\\\/shop\\\/prodotto\\\/phyllocrania-paradoxa-mantide-fantasma\\\/#primaryimage\"},\"image\":{\"@id\":\"https:\\\/\\\/insektenliebe.com\\\/it\\\/shop\\\/prodotto\\\/phyllocrania-paradoxa-mantide-fantasma\\\/#primaryimage\"},\"thumbnailUrl\":\"https:\\\/\\\/insektenliebe.com\\\/wp-content\\\/uploads\\\/2025\\\/05\\\/PHYLLOCRANIA-PARADOXA-frei-2.png\",\"datePublished\":\"2018-04-04T14:36:20+00:00\",\"description\":\"Acquista online la Phyllocrania paradoxa \\\"Ghost Mantis\\\". Mantide religiosa dall'aspetto affascinante e bizzarro che puoi acquistare qui direttamente dall'allevatore!\",\"breadcrumb\":{\"@id\":\"https:\\\/\\\/insektenliebe.com\\\/it\\\/shop\\\/prodotto\\\/phyllocrania-paradoxa-mantide-fantasma\\\/#breadcrumb\"},\"inLanguage\":\"it-IT\",\"potentialAction\":[{\"@type\":\"ReadAction\",\"target\":[\"https:\\\/\\\/insektenliebe.com\\\/it\\\/shop\\\/prodotto\\\/phyllocrania-paradoxa-mantide-fantasma\\\/\"]}]},{\"@type\":\"ImageObject\",\"inLanguage\":\"it-IT\",\"@id\":\"https:\\\/\\\/insektenliebe.com\\\/it\\\/shop\\\/prodotto\\\/phyllocrania-paradoxa-mantide-fantasma\\\/#primaryimage\",\"url\":\"https:\\\/\\\/insektenliebe.com\\\/wp-content\\\/uploads\\\/2025\\\/05\\\/PHYLLOCRANIA-PARADOXA-frei-2.png\",\"contentUrl\":\"https:\\\/\\\/insektenliebe.com\\\/wp-content\\\/uploads\\\/2025\\\/05\\\/PHYLLOCRANIA-PARADOXA-frei-2.png\",\"width\":714,\"height\":500,\"caption\":\"FILOCRANIA-PARADOXA-free-2.png\"},{\"@type\":\"BreadcrumbList\",\"@id\":\"https:\\\/\\\/insektenliebe.com\\\/it\\\/shop\\\/prodotto\\\/phyllocrania-paradoxa-mantide-fantasma\\\/#breadcrumb\",\"itemListElement\":[{\"@type\":\"ListItem\",\"position\":1,\"name\":\"Startseite\",\"item\":\"https:\\\/\\\/insektenliebe.com\\\/it\\\/\"},{\"@type\":\"ListItem\",\"position\":2,\"name\":\"Negozio\",\"item\":\"https:\\\/\\\/insektenliebe.com\\\/it\\\/negozio\\\/\"},{\"@type\":\"ListItem\",\"position\":3,\"name\":\"Phyllocrania paradoxa &#8220;Mantide Fantasma\"}]},{\"@type\":\"WebSite\",\"@id\":\"https:\\\/\\\/insektenliebe.com\\\/it\\\/#website\",\"url\":\"https:\\\/\\\/insektenliebe.com\\\/it\\\/\",\"name\":\"Insektenliebe\",\"description\":\"Dein Zuhause f\u00fcr die kleinen Lebewesen\",\"publisher\":{\"@id\":\"https:\\\/\\\/insektenliebe.com\\\/it\\\/#organization\"},\"potentialAction\":[{\"@type\":\"SearchAction\",\"target\":{\"@type\":\"EntryPoint\",\"urlTemplate\":\"https:\\\/\\\/insektenliebe.com\\\/it\\\/?s={search_term_string}\"},\"query-input\":{\"@type\":\"PropertyValueSpecification\",\"valueRequired\":true,\"valueName\":\"search_term_string\"}}],\"inLanguage\":\"it-IT\"},{\"@type\":\"Organization\",\"@id\":\"https:\\\/\\\/insektenliebe.com\\\/it\\\/#organization\",\"name\":\"Insektenliebe\",\"url\":\"https:\\\/\\\/insektenliebe.com\\\/it\\\/\",\"logo\":{\"@type\":\"ImageObject\",\"inLanguage\":\"it-IT\",\"@id\":\"https:\\\/\\\/insektenliebe.com\\\/it\\\/#\\\/schema\\\/logo\\\/image\\\/\",\"url\":\"https:\\\/\\\/insektenliebe.com\\\/wp-content\\\/uploads\\\/2025\\\/03\\\/logo-white.png\",\"contentUrl\":\"https:\\\/\\\/insektenliebe.com\\\/wp-content\\\/uploads\\\/2025\\\/03\\\/logo-white.png\",\"width\":288,\"height\":188,\"caption\":\"Insektenliebe\"},\"image\":{\"@id\":\"https:\\\/\\\/insektenliebe.com\\\/it\\\/#\\\/schema\\\/logo\\\/image\\\/\"}}]}<\/script>\n<!-- \/ Yoast SEO plugin. -->","yoast_head_json":{"title":"Phyllocrania paradoxa \"Mantide Fantasma - Insektenliebe","description":"Acquista online la Phyllocrania paradoxa \"Ghost Mantis\". Mantide religiosa dall'aspetto affascinante e bizzarro che puoi acquistare qui direttamente dall'allevatore!","robots":{"index":"index","follow":"follow","max-snippet":"max-snippet:-1","max-image-preview":"max-image-preview:large","max-video-preview":"max-video-preview:-1"},"canonical":"https:\/\/insektenliebe.com\/it\/shop\/prodotto\/phyllocrania-paradoxa-mantide-fantasma\/","og_locale":"it_IT","og_type":"article","og_title":"Phyllocrania paradoxa \"Mantide Fantasma - Insektenliebe","og_description":"Acquista online la Phyllocrania paradoxa \"Ghost Mantis\". Mantide religiosa dall'aspetto affascinante e bizzarro che puoi acquistare qui direttamente dall'allevatore!","og_url":"https:\/\/insektenliebe.com\/it\/shop\/prodotto\/phyllocrania-paradoxa-mantide-fantasma\/","og_site_name":"Insektenliebe","og_image":[{"width":714,"height":500,"url":"https:\/\/insektenliebe.com\/wp-content\/uploads\/2025\/05\/PHYLLOCRANIA-PARADOXA-frei-2.png","type":"image\/png"}],"twitter_card":"summary_large_image","twitter_misc":{"Tempo di lettura stimato":"3 minuto"},"schema":{"@context":"https:\/\/schema.org","@graph":[{"@type":"WebPage","@id":"https:\/\/insektenliebe.com\/it\/shop\/prodotto\/phyllocrania-paradoxa-mantide-fantasma\/","url":"https:\/\/insektenliebe.com\/it\/shop\/prodotto\/phyllocrania-paradoxa-mantide-fantasma\/","name":"Phyllocrania paradoxa \"Mantide Fantasma - Insektenliebe","isPartOf":{"@id":"https:\/\/insektenliebe.com\/it\/#website"},"primaryImageOfPage":{"@id":"https:\/\/insektenliebe.com\/it\/shop\/prodotto\/phyllocrania-paradoxa-mantide-fantasma\/#primaryimage"},"image":{"@id":"https:\/\/insektenliebe.com\/it\/shop\/prodotto\/phyllocrania-paradoxa-mantide-fantasma\/#primaryimage"},"thumbnailUrl":"https:\/\/insektenliebe.com\/wp-content\/uploads\/2025\/05\/PHYLLOCRANIA-PARADOXA-frei-2.png","datePublished":"2018-04-04T14:36:20+00:00","description":"Acquista online la Phyllocrania paradoxa \"Ghost Mantis\". Mantide religiosa dall'aspetto affascinante e bizzarro che puoi acquistare qui direttamente dall'allevatore!","breadcrumb":{"@id":"https:\/\/insektenliebe.com\/it\/shop\/prodotto\/phyllocrania-paradoxa-mantide-fantasma\/#breadcrumb"},"inLanguage":"it-IT","potentialAction":[{"@type":"ReadAction","target":["https:\/\/insektenliebe.com\/it\/shop\/prodotto\/phyllocrania-paradoxa-mantide-fantasma\/"]}]},{"@type":"ImageObject","inLanguage":"it-IT","@id":"https:\/\/insektenliebe.com\/it\/shop\/prodotto\/phyllocrania-paradoxa-mantide-fantasma\/#primaryimage","url":"https:\/\/insektenliebe.com\/wp-content\/uploads\/2025\/05\/PHYLLOCRANIA-PARADOXA-frei-2.png","contentUrl":"https:\/\/insektenliebe.com\/wp-content\/uploads\/2025\/05\/PHYLLOCRANIA-PARADOXA-frei-2.png","width":714,"height":500,"caption":"FILOCRANIA-PARADOXA-free-2.png"},{"@type":"BreadcrumbList","@id":"https:\/\/insektenliebe.com\/it\/shop\/prodotto\/phyllocrania-paradoxa-mantide-fantasma\/#breadcrumb","itemListElement":[{"@type":"ListItem","position":1,"name":"Startseite","item":"https:\/\/insektenliebe.com\/it\/"},{"@type":"ListItem","position":2,"name":"Negozio","item":"https:\/\/insektenliebe.com\/it\/negozio\/"},{"@type":"ListItem","position":3,"name":"Phyllocrania paradoxa &#8220;Mantide Fantasma"}]},{"@type":"WebSite","@id":"https:\/\/insektenliebe.com\/it\/#website","url":"https:\/\/insektenliebe.com\/it\/","name":"Insektenliebe","description":"Dein Zuhause f\u00fcr die kleinen Lebewesen","publisher":{"@id":"https:\/\/insektenliebe.com\/it\/#organization"},"potentialAction":[{"@type":"SearchAction","target":{"@type":"EntryPoint","urlTemplate":"https:\/\/insektenliebe.com\/it\/?s={search_term_string}"},"query-input":{"@type":"PropertyValueSpecification","valueRequired":true,"valueName":"search_term_string"}}],"inLanguage":"it-IT"},{"@type":"Organization","@id":"https:\/\/insektenliebe.com\/it\/#organization","name":"Insektenliebe","url":"https:\/\/insektenliebe.com\/it\/","logo":{"@type":"ImageObject","inLanguage":"it-IT","@id":"https:\/\/insektenliebe.com\/it\/#\/schema\/logo\/image\/","url":"https:\/\/insektenliebe.com\/wp-content\/uploads\/2025\/03\/logo-white.png","contentUrl":"https:\/\/insektenliebe.com\/wp-content\/uploads\/2025\/03\/logo-white.png","width":288,"height":188,"caption":"Insektenliebe"},"image":{"@id":"https:\/\/insektenliebe.com\/it\/#\/schema\/logo\/image\/"}}]}},"_links":{"self":[{"href":"https:\/\/insektenliebe.com\/it\/wp-json\/wp\/v2\/product\/183380","targetHints":{"allow":["GET"]}}],"collection":[{"href":"https:\/\/insektenliebe.com\/it\/wp-json\/wp\/v2\/product"}],"about":[{"href":"https:\/\/insektenliebe.com\/it\/wp-json\/wp\/v2\/types\/product"}],"wp:featuredmedia":[{"embeddable":true,"href":"https:\/\/insektenliebe.com\/it\/wp-json\/wp\/v2\/media\/183382"}],"wp:attachment":[{"href":"https:\/\/insektenliebe.com\/it\/wp-json\/wp\/v2\/media?parent=183380"}],"wp:term":[{"taxonomy":"product-supplier","embeddable":true,"href":"https:\/\/insektenliebe.com\/it\/wp-json\/wp\/v2\/product-supplier?post=183380"},{"taxonomy":"product_brand","embeddable":true,"href":"https:\/\/insektenliebe.com\/it\/wp-json\/wp\/v2\/product_brand?post=183380"},{"taxonomy":"product_cat","embeddable":true,"href":"https:\/\/insektenliebe.com\/it\/wp-json\/wp\/v2\/product_cat?post=183380"},{"taxonomy":"product_tag","embeddable":true,"href":"https:\/\/insektenliebe.com\/it\/wp-json\/wp\/v2\/product_tag?post=183380"},{"taxonomy":"lce-checkout-addons","embeddable":true,"href":"https:\/\/insektenliebe.com\/it\/wp-json\/wp\/v2\/lce-checkout-addons?post=183380"}],"curies":[{"name":"wp","href":"https:\/\/api.w.org\/{rel}","templated":true}]}}