{"id":183360,"date":"2019-10-10T11:53:20","date_gmt":"2019-10-10T11:53:20","guid":{"rendered":"https:\/\/insektenliebe.com\/shop\/produkt\/grande-mosca-della-frutta\/"},"modified":"2026-04-06T12:25:22","modified_gmt":"2026-04-06T10:25:22","slug":"grande-mosca-della-frutta","status":"publish","type":"product","link":"https:\/\/insektenliebe.com\/it\/shop\/prodotto\/grande-mosca-della-frutta\/","title":{"rendered":"Grande mosca della frutta"},"content":{"rendered":"<h3 class=\"p1\"><span style=\"color: #99cc33;\"><strong><span class=\"s1\">Mosca della frutta di grandi dimensioni - cibo vivo ideale per gli abitanti del terrario affamati<\/span><\/strong><\/span><\/h3>\n<p class=\"p1\"><span class=\"s1\">Il <strong>grande moscerino della frutta<\/strong> (<\/span><span class=\"s2\">Drosophila hydei<\/span><span class=\"s1\">) \u00e8 una forma riproduttiva senza volo ed \u00e8 uno degli animali da cibo pi\u00f9 popolari per gli abitanti di terrari di medie e piccole dimensioni. Con una lunghezza del corpo di circa 3 mm, \u00e8 molto pi\u00f9 grande del piccolo moscerino della frutta ( <\/span><span class=\"s2\">Drosophila melanogaster<\/span><span class=\"s1\">) ed \u00e8 quindi ideale per gli animali che preferiscono prede leggermente pi\u00f9 grandi, ma che sono comunque sensibili ad animali troppo grandi, come ragni saltatori adulti, giovani mantidi religiose, piccoli gechi, rane o giovani uccelli allevati dall&#8217;uomo.<\/span><\/p>\n<p class=\"p1\"><span class=\"s1\">La particolarit\u00e0 del grande moscerino della frutta \u00e8 il suo movimento attivo. Anche se non pu\u00f2 volare, la sua corsa attiva crea un naturale istinto di caccia nella maggior parte degli animali da terrario. Le loro dimensioni robuste li rendono inoltre un&#8217;aggiunta nutriente e varia alla dieta.  <\/span><\/p>\n<p class=\"p1\"><span class=\"s1\">In allevamento <\/span><span class=\"s2\">Drosophila hydei<\/span><span class=\"s1\">  molto semplice. Pu\u00f2 essere propagata senza problemi in speciali vasche di allevamento con un substrato ricco di sostanze nutritive. A temperature intorno ai 22-25 \u00b0C, gli animali si sviluppano in circa 12-16 giorni dalla deposizione delle uova alla mosca finita. Se l&#8217;allevamento \u00e8 ben organizzato, \u00e8 facile garantire una fornitura continua di cibo fresco e vivo.  <\/span><\/p>\n<p class=\"p1\"><span class=\"s1\">Oltre che per l&#8217;alimentazione, il <strong>moscerino della frutta di grandi dimensioni<\/strong> viene spesso utilizzato in progetti di allevamento, di ricerca e scolastici, poich\u00e9 il suo sviluppo \u00e8 facile da osservare e non presenta rischi di fuga o di riproduzione incontrollata.<\/span><\/p>\n<p class=\"p1\"><span class=\"s1\">Sia come alimento principale per i cacciatori pi\u00f9 piccoli, sia come aggiunta variegata alla dieta, la <strong>grande mosca della frutta<\/strong> \u00e8 facile da gestire, ha buoni valori nutrizionali ed \u00e8 adatta a un&#8217;ampia gamma di specie animali.<\/span><\/p>\n","protected":false},"excerpt":{"rendered":"<p>Mosca della frutta di grandi dimensioni - cibo vivo ideale per gli abitanti del terrario affamati Il grande moscerino della frutta (Drosophila hydei) \u00e8 una forma riproduttiva senza volo ed \u00e8 uno degli animali da cibo pi\u00f9 popolari per gli abitanti di terrari di medie e piccole dimensioni. Con una lunghezza del corpo di circa [&hellip;]<\/p>\n","protected":false},"featured_media":183379,"template":"","meta":{"_acf_changed":false},"product-supplier":[],"product_brand":[],"product_cat":[2817],"product_tag":[],"lce-checkout-addons":[2746],"class_list":{"0":"post-183360","1":"product","2":"type-product","3":"status-publish","4":"has-post-thumbnail","6":"product_cat-animali-da-mangiare","7":"product_shipping_class-equipment-shipping","8":"lce-checkout-addons-imballaggio-invernale","10":"first","11":"instock","12":"taxable","13":"shipping-taxable","14":"purchasable","15":"product-type-simple"},"acf":[],"yoast_head":"<!-- This site is optimized with the Yoast SEO plugin v27.3 - https:\/\/yoast.com\/product\/yoast-seo-wordpress\/ -->\n<title>Grande mosca della frutta - Insektenliebe<\/title>\n<meta name=\"description\" content=\"Acquista online mosche della frutta di grandi dimensioni a basso costo. L&#039;animale senza volo ideale per anfibi, mantidi, ragni e rettili. Compra direttamente dall&#039;allevatore!\" \/>\n<meta name=\"robots\" content=\"index, follow, max-snippet:-1, max-image-preview:large, max-video-preview:-1\" \/>\n<link rel=\"canonical\" href=\"https:\/\/insektenliebe.com\/it\/shop\/prodotto\/grande-mosca-della-frutta\/\" \/>\n<meta property=\"og:locale\" content=\"it_IT\" \/>\n<meta property=\"og:type\" content=\"article\" \/>\n<meta property=\"og:title\" content=\"Grande mosca della frutta - Insektenliebe\" \/>\n<meta property=\"og:description\" content=\"Acquista online mosche della frutta di grandi dimensioni a basso costo. L&#039;animale senza volo ideale per anfibi, mantidi, ragni e rettili. Compra direttamente dall&#039;allevatore!\" \/>\n<meta property=\"og:url\" content=\"https:\/\/insektenliebe.com\/it\/shop\/prodotto\/grande-mosca-della-frutta\/\" \/>\n<meta property=\"og:site_name\" content=\"Insektenliebe\" \/>\n<meta property=\"article:modified_time\" content=\"2026-04-06T10:25:22+00:00\" \/>\n<meta property=\"og:image\" content=\"https:\/\/insektenliebe.com\/wp-content\/uploads\/2019\/10\/Drosophila-hydei-Grosse-Fruchtfliege-2.jpg\" \/>\n\t<meta property=\"og:image:width\" content=\"820\" \/>\n\t<meta property=\"og:image:height\" content=\"820\" \/>\n\t<meta property=\"og:image:type\" content=\"image\/jpeg\" \/>\n<meta name=\"twitter:card\" content=\"summary_large_image\" \/>\n<meta name=\"twitter:label1\" content=\"Tempo di lettura stimato\" \/>\n\t<meta name=\"twitter:data1\" content=\"1 minuto\" \/>\n<script type=\"application\/ld+json\" class=\"yoast-schema-graph\">{\"@context\":\"https:\\\/\\\/schema.org\",\"@graph\":[{\"@type\":\"WebPage\",\"@id\":\"https:\\\/\\\/insektenliebe.com\\\/it\\\/shop\\\/prodotto\\\/grande-mosca-della-frutta\\\/\",\"url\":\"https:\\\/\\\/insektenliebe.com\\\/it\\\/shop\\\/prodotto\\\/grande-mosca-della-frutta\\\/\",\"name\":\"Grande mosca della frutta - Insektenliebe\",\"isPartOf\":{\"@id\":\"https:\\\/\\\/insektenliebe.com\\\/it\\\/#website\"},\"primaryImageOfPage\":{\"@id\":\"https:\\\/\\\/insektenliebe.com\\\/it\\\/shop\\\/prodotto\\\/grande-mosca-della-frutta\\\/#primaryimage\"},\"image\":{\"@id\":\"https:\\\/\\\/insektenliebe.com\\\/it\\\/shop\\\/prodotto\\\/grande-mosca-della-frutta\\\/#primaryimage\"},\"thumbnailUrl\":\"https:\\\/\\\/insektenliebe.com\\\/wp-content\\\/uploads\\\/2019\\\/10\\\/Drosophila-hydei-Grosse-Fruchtfliege-2.jpg\",\"datePublished\":\"2019-10-10T11:53:20+00:00\",\"dateModified\":\"2026-04-06T10:25:22+00:00\",\"description\":\"Acquista online mosche della frutta di grandi dimensioni a basso costo. L'animale senza volo ideale per anfibi, mantidi, ragni e rettili. Compra direttamente dall'allevatore!\",\"breadcrumb\":{\"@id\":\"https:\\\/\\\/insektenliebe.com\\\/it\\\/shop\\\/prodotto\\\/grande-mosca-della-frutta\\\/#breadcrumb\"},\"inLanguage\":\"it-IT\",\"potentialAction\":[{\"@type\":\"ReadAction\",\"target\":[\"https:\\\/\\\/insektenliebe.com\\\/it\\\/shop\\\/prodotto\\\/grande-mosca-della-frutta\\\/\"]}]},{\"@type\":\"ImageObject\",\"inLanguage\":\"it-IT\",\"@id\":\"https:\\\/\\\/insektenliebe.com\\\/it\\\/shop\\\/prodotto\\\/grande-mosca-della-frutta\\\/#primaryimage\",\"url\":\"https:\\\/\\\/insektenliebe.com\\\/wp-content\\\/uploads\\\/2019\\\/10\\\/Drosophila-hydei-Grosse-Fruchtfliege-2.jpg\",\"contentUrl\":\"https:\\\/\\\/insektenliebe.com\\\/wp-content\\\/uploads\\\/2019\\\/10\\\/Drosophila-hydei-Grosse-Fruchtfliege-2.jpg\",\"width\":820,\"height\":820,\"caption\":\"Grande mosca della frutta\"},{\"@type\":\"BreadcrumbList\",\"@id\":\"https:\\\/\\\/insektenliebe.com\\\/it\\\/shop\\\/prodotto\\\/grande-mosca-della-frutta\\\/#breadcrumb\",\"itemListElement\":[{\"@type\":\"ListItem\",\"position\":1,\"name\":\"Startseite\",\"item\":\"https:\\\/\\\/insektenliebe.com\\\/it\\\/\"},{\"@type\":\"ListItem\",\"position\":2,\"name\":\"Negozio\",\"item\":\"https:\\\/\\\/insektenliebe.com\\\/it\\\/negozio\\\/\"},{\"@type\":\"ListItem\",\"position\":3,\"name\":\"Grande mosca della frutta\"}]},{\"@type\":\"WebSite\",\"@id\":\"https:\\\/\\\/insektenliebe.com\\\/it\\\/#website\",\"url\":\"https:\\\/\\\/insektenliebe.com\\\/it\\\/\",\"name\":\"Insektenliebe\",\"description\":\"Dein Zuhause f\u00fcr die kleinen Lebewesen\",\"publisher\":{\"@id\":\"https:\\\/\\\/insektenliebe.com\\\/it\\\/#organization\"},\"potentialAction\":[{\"@type\":\"SearchAction\",\"target\":{\"@type\":\"EntryPoint\",\"urlTemplate\":\"https:\\\/\\\/insektenliebe.com\\\/it\\\/?s={search_term_string}\"},\"query-input\":{\"@type\":\"PropertyValueSpecification\",\"valueRequired\":true,\"valueName\":\"search_term_string\"}}],\"inLanguage\":\"it-IT\"},{\"@type\":\"Organization\",\"@id\":\"https:\\\/\\\/insektenliebe.com\\\/it\\\/#organization\",\"name\":\"Insektenliebe\",\"url\":\"https:\\\/\\\/insektenliebe.com\\\/it\\\/\",\"logo\":{\"@type\":\"ImageObject\",\"inLanguage\":\"it-IT\",\"@id\":\"https:\\\/\\\/insektenliebe.com\\\/it\\\/#\\\/schema\\\/logo\\\/image\\\/\",\"url\":\"https:\\\/\\\/insektenliebe.com\\\/wp-content\\\/uploads\\\/2025\\\/03\\\/logo-white.png\",\"contentUrl\":\"https:\\\/\\\/insektenliebe.com\\\/wp-content\\\/uploads\\\/2025\\\/03\\\/logo-white.png\",\"width\":288,\"height\":188,\"caption\":\"Insektenliebe\"},\"image\":{\"@id\":\"https:\\\/\\\/insektenliebe.com\\\/it\\\/#\\\/schema\\\/logo\\\/image\\\/\"}}]}<\/script>\n<!-- \/ Yoast SEO plugin. -->","yoast_head_json":{"title":"Grande mosca della frutta - Insektenliebe","description":"Acquista online mosche della frutta di grandi dimensioni a basso costo. L'animale senza volo ideale per anfibi, mantidi, ragni e rettili. Compra direttamente dall'allevatore!","robots":{"index":"index","follow":"follow","max-snippet":"max-snippet:-1","max-image-preview":"max-image-preview:large","max-video-preview":"max-video-preview:-1"},"canonical":"https:\/\/insektenliebe.com\/it\/shop\/prodotto\/grande-mosca-della-frutta\/","og_locale":"it_IT","og_type":"article","og_title":"Grande mosca della frutta - Insektenliebe","og_description":"Acquista online mosche della frutta di grandi dimensioni a basso costo. L'animale senza volo ideale per anfibi, mantidi, ragni e rettili. Compra direttamente dall'allevatore!","og_url":"https:\/\/insektenliebe.com\/it\/shop\/prodotto\/grande-mosca-della-frutta\/","og_site_name":"Insektenliebe","article_modified_time":"2026-04-06T10:25:22+00:00","og_image":[{"width":820,"height":820,"url":"https:\/\/insektenliebe.com\/wp-content\/uploads\/2019\/10\/Drosophila-hydei-Grosse-Fruchtfliege-2.jpg","type":"image\/jpeg"}],"twitter_card":"summary_large_image","twitter_misc":{"Tempo di lettura stimato":"1 minuto"},"schema":{"@context":"https:\/\/schema.org","@graph":[{"@type":"WebPage","@id":"https:\/\/insektenliebe.com\/it\/shop\/prodotto\/grande-mosca-della-frutta\/","url":"https:\/\/insektenliebe.com\/it\/shop\/prodotto\/grande-mosca-della-frutta\/","name":"Grande mosca della frutta - Insektenliebe","isPartOf":{"@id":"https:\/\/insektenliebe.com\/it\/#website"},"primaryImageOfPage":{"@id":"https:\/\/insektenliebe.com\/it\/shop\/prodotto\/grande-mosca-della-frutta\/#primaryimage"},"image":{"@id":"https:\/\/insektenliebe.com\/it\/shop\/prodotto\/grande-mosca-della-frutta\/#primaryimage"},"thumbnailUrl":"https:\/\/insektenliebe.com\/wp-content\/uploads\/2019\/10\/Drosophila-hydei-Grosse-Fruchtfliege-2.jpg","datePublished":"2019-10-10T11:53:20+00:00","dateModified":"2026-04-06T10:25:22+00:00","description":"Acquista online mosche della frutta di grandi dimensioni a basso costo. L'animale senza volo ideale per anfibi, mantidi, ragni e rettili. Compra direttamente dall'allevatore!","breadcrumb":{"@id":"https:\/\/insektenliebe.com\/it\/shop\/prodotto\/grande-mosca-della-frutta\/#breadcrumb"},"inLanguage":"it-IT","potentialAction":[{"@type":"ReadAction","target":["https:\/\/insektenliebe.com\/it\/shop\/prodotto\/grande-mosca-della-frutta\/"]}]},{"@type":"ImageObject","inLanguage":"it-IT","@id":"https:\/\/insektenliebe.com\/it\/shop\/prodotto\/grande-mosca-della-frutta\/#primaryimage","url":"https:\/\/insektenliebe.com\/wp-content\/uploads\/2019\/10\/Drosophila-hydei-Grosse-Fruchtfliege-2.jpg","contentUrl":"https:\/\/insektenliebe.com\/wp-content\/uploads\/2019\/10\/Drosophila-hydei-Grosse-Fruchtfliege-2.jpg","width":820,"height":820,"caption":"Grande mosca della frutta"},{"@type":"BreadcrumbList","@id":"https:\/\/insektenliebe.com\/it\/shop\/prodotto\/grande-mosca-della-frutta\/#breadcrumb","itemListElement":[{"@type":"ListItem","position":1,"name":"Startseite","item":"https:\/\/insektenliebe.com\/it\/"},{"@type":"ListItem","position":2,"name":"Negozio","item":"https:\/\/insektenliebe.com\/it\/negozio\/"},{"@type":"ListItem","position":3,"name":"Grande mosca della frutta"}]},{"@type":"WebSite","@id":"https:\/\/insektenliebe.com\/it\/#website","url":"https:\/\/insektenliebe.com\/it\/","name":"Insektenliebe","description":"Dein Zuhause f\u00fcr die kleinen Lebewesen","publisher":{"@id":"https:\/\/insektenliebe.com\/it\/#organization"},"potentialAction":[{"@type":"SearchAction","target":{"@type":"EntryPoint","urlTemplate":"https:\/\/insektenliebe.com\/it\/?s={search_term_string}"},"query-input":{"@type":"PropertyValueSpecification","valueRequired":true,"valueName":"search_term_string"}}],"inLanguage":"it-IT"},{"@type":"Organization","@id":"https:\/\/insektenliebe.com\/it\/#organization","name":"Insektenliebe","url":"https:\/\/insektenliebe.com\/it\/","logo":{"@type":"ImageObject","inLanguage":"it-IT","@id":"https:\/\/insektenliebe.com\/it\/#\/schema\/logo\/image\/","url":"https:\/\/insektenliebe.com\/wp-content\/uploads\/2025\/03\/logo-white.png","contentUrl":"https:\/\/insektenliebe.com\/wp-content\/uploads\/2025\/03\/logo-white.png","width":288,"height":188,"caption":"Insektenliebe"},"image":{"@id":"https:\/\/insektenliebe.com\/it\/#\/schema\/logo\/image\/"}}]}},"_links":{"self":[{"href":"https:\/\/insektenliebe.com\/it\/wp-json\/wp\/v2\/product\/183360","targetHints":{"allow":["GET"]}}],"collection":[{"href":"https:\/\/insektenliebe.com\/it\/wp-json\/wp\/v2\/product"}],"about":[{"href":"https:\/\/insektenliebe.com\/it\/wp-json\/wp\/v2\/types\/product"}],"wp:featuredmedia":[{"embeddable":true,"href":"https:\/\/insektenliebe.com\/it\/wp-json\/wp\/v2\/media\/183379"}],"wp:attachment":[{"href":"https:\/\/insektenliebe.com\/it\/wp-json\/wp\/v2\/media?parent=183360"}],"wp:term":[{"taxonomy":"product-supplier","embeddable":true,"href":"https:\/\/insektenliebe.com\/it\/wp-json\/wp\/v2\/product-supplier?post=183360"},{"taxonomy":"product_brand","embeddable":true,"href":"https:\/\/insektenliebe.com\/it\/wp-json\/wp\/v2\/product_brand?post=183360"},{"taxonomy":"product_cat","embeddable":true,"href":"https:\/\/insektenliebe.com\/it\/wp-json\/wp\/v2\/product_cat?post=183360"},{"taxonomy":"product_tag","embeddable":true,"href":"https:\/\/insektenliebe.com\/it\/wp-json\/wp\/v2\/product_tag?post=183360"},{"taxonomy":"lce-checkout-addons","embeddable":true,"href":"https:\/\/insektenliebe.com\/it\/wp-json\/wp\/v2\/lce-checkout-addons?post=183360"}],"curies":[{"name":"wp","href":"https:\/\/api.w.org\/{rel}","templated":true}]}}