{"id":183340,"date":"2019-10-18T08:52:55","date_gmt":"2019-10-18T08:52:55","guid":{"rendered":"https:\/\/insektenliebe.com\/shop\/produkt\/scatole-di-allevamento-con-garza-nel-coperchio\/"},"modified":"2026-03-06T11:20:21","modified_gmt":"2026-03-06T10:20:21","slug":"scatole-di-allevamento-con-garza-nel-coperchio","status":"publish","type":"product","link":"https:\/\/insektenliebe.com\/it\/shop\/prodotto\/scatole-di-allevamento-con-garza-nel-coperchio\/","title":{"rendered":"Scatole di allevamento con garza nel coperchio"},"content":{"rendered":"<h3><span class=\"s1\" style=\"color: #99cc33;\">Scatole per l&#8217;allevamento con garza nel coperchio: una sistemazione sicura per i piccoli animali<\/span><\/h3>\n<p class=\"p1\"><span class=\"s1\">Il <\/span><strong><span class=\"s2\">scatole di allevamento con garza nel coperchio<\/span><\/strong><span class=\"s1\">  sono una soluzione pratica e collaudata per tenere e allevare piccoli animali da terrario. Sono stabili, trasparenti e allo stesso tempo molto versatili. Sono quindi ideali per    <\/span><span class=\"s2\">Giovani o piccole specie di invertebrati<\/span><span class=\"s1\">.<\/span><\/p>\n<p class=\"p1\"><span class=\"s1\">Il coperchio ha una <\/span><span class=\"s2\">garza di ventilazione saldata<\/span><span class=\"s1\">in modo che la circolazione dell&#8217;aria all&#8217;interno del barattolo sia costante. In questo modo si mantiene un clima stabile e si evita allo stesso tempo la congestione dell&#8217;aria. La struttura a maglie fini della garza impedisce inoltre la fuoriuscita di piccoli animali da cibo. In particolare     <\/span><span class=\"s2\">Mosche della frutta Drosophila<\/span><span class=\"s1\">  rimangono saldamente all&#8217;interno del contenitore. Questo rende il contenitore affidabile   <\/span><span class=\"s2\">drosophila-safe<\/span><span class=\"s1\">.<\/span><\/p>\n<p class=\"p1\"><span class=\"s1\">Il coperchio si chiude in modo stabile e affidabile. In questo modo i tuoi animali rimangono al sicuro all&#8217;interno del contenitore e puoi aprirlo rapidamente. In questo modo sia il    <\/span><span class=\"s2\">Alimentazione e cure regolari<\/span><span class=\"s1\">.<\/span><\/p>\n<p class=\"p1\"><span class=\"s1\">I box di allevamento sono realizzati in <\/span><span class=\"s2\">plastica trasparente<\/span><span class=\"s1\">in modo da poter tenere sempre sotto controllo i tuoi animali. Allo stesso tempo, non dovrai aprire la scatola cos\u00ec spesso, evitando cos\u00ec di stressare inutilmente gli animali. <\/span><\/p>\n<p class=\"p1\"><span class=\"s1\">Per un allevamento di successo, \u00e8 importante che le cassette di allevamento <\/span><span class=\"s2\">Le cassette di allevamento siano allestite in modo sensato<\/span><span class=\"s1\">. L&#8217;allestimento deve sempre essere adattato alle rispettive specie animali. \u00c8 importante disporre di uno spazio sufficiente e di valori di temperatura e umidit\u00e0 adeguati. <\/span><\/p>\n<p class=\"p1\"><span class=\"s1\">Molti allevatori sistemano le scatole <\/span><span class=\"s2\">con substrato, corteccia o piccoli rami<\/span><span class=\"s1\">  in. In questo modo si creano nascondigli e possibilit\u00e0 di arrampicarsi che danno agli animali un senso di sicurezza. In alternativa, alcuni allevatori utilizzano anche    <\/span><span class=\"s2\">Carta da cucina, batuffoli di cotone o semplici serbatoi d&#8217;acqua<\/span><span class=\"s1\">soprattutto quando si accudiscono molti animali. Questa variante facilita la pulizia e fa risparmiare tempo durante la cura. <\/span><\/p>\n<p class=\"p1\"><span class=\"s1\">Se preferisci osservare i tuoi animali in un ambiente naturale <\/span><span class=\"s2\">ambiente naturale<\/span><span class=\"s1\">un allestimento quasi naturale con substrato e decorazioni ha senso. Inoltre, anche i piccoli   <\/span><span class=\"s2\">Le code di primavera come polizia del suolo<\/span><span class=\"s1\">  utilizzo. Aiutano a decomporre i residui organici e a mantenere pulito il barattolo. <\/span><\/p>\n<p class=\"p1\"><span class=\"s1\">Inoltre <\/span><span class=\"s2\">piccole piante<\/span><span class=\"s1\">  pu\u00f2 essere utilizzato in questi box di allevamento. In questo modo si aumenta l&#8217;umidit\u00e0 e allo stesso tempo si creano ulteriori nascondigli e possibilit\u00e0 di arrampicarsi per gli animali. <\/span><\/p>\n<p class=\"p1\"><span class=\"s1\">Le varianti con <\/span><span class=\"s2\">870 ml e 1000 ml di volume<\/span><span class=\"s1\">  hanno lo stesso coperchio. L&#8217;unica differenza \u00e8 l&#8217;altezza del contenitore. Questo ti permette di scegliere la dimensione giusta a seconda della specie animale.  <\/span><\/p>\n<p class=\"p1\"><span class=\"s1\">Grazie alla loro struttura stabile, alla ventilazione sicura e alle versatili opzioni di allestimento, le cassette di allevamento con garza nel coperchio <\/span><strong><span class=\"s2\">scatole di allevamento con garza nel coperchio<\/span><\/strong><span class=\"s1\"> sono una soluzione eccellente per allevare e mantenere piccoli invertebrati in terrario.<\/span><\/p>\n<p>&nbsp;<\/p>\n<p><strong>Versioni del vaso di coltura con garza:<br \/>\n<\/strong>280 ml: altezza 6 cm \u00d8 8,5 cm<br \/>\n550 ml: altezza 8 cm \u00d8 9 cm<br \/>\n870 ml: altezza 12,5 cm \u00d8 11,5 cm<br \/>\n1000 ml: altezza 14,5 cm \u00d8 11,5 cm<\/p>\n","protected":false},"excerpt":{"rendered":"<p>Scatole per l&#8217;allevamento con garza nel coperchio: una sistemazione sicura per i piccoli animali Il scatole di allevamento con garza nel coperchio sono una soluzione pratica e collaudata per tenere e allevare piccoli animali da terrario. Sono stabili, trasparenti e allo stesso tempo molto versatili. Sono quindi ideali per Giovani o piccole specie di invertebrati. [&hellip;]<\/p>\n","protected":false},"featured_media":183341,"template":"","meta":{"_acf_changed":false},"product-supplier":[],"product_brand":[],"product_cat":[2760],"product_tag":[],"lce-checkout-addons":[],"class_list":{"0":"post-183340","1":"product","2":"type-product","3":"status-publish","4":"has-post-thumbnail","6":"product_cat-terrari-e-contenitori","7":"product_shipping_class-equipment-shipping","9":"first","10":"instock","11":"taxable","12":"shipping-taxable","13":"purchasable","14":"product-type-variable"},"acf":[],"yoast_head":"<!-- This site is optimized with the Yoast SEO plugin v27.3 - https:\/\/yoast.com\/product\/yoast-seo-wordpress\/ -->\n<title>Scatole di allevamento con garza nel coperchio - Insektenliebe<\/title>\n<meta name=\"description\" content=\"Scatole di allevamento con coperchio in garza - scatola di allevamento a prova di drosofila per tarantole, ragni saltatori e altri invertebrati. Ideale per l&#039;allevamento.\" \/>\n<meta name=\"robots\" content=\"index, follow, max-snippet:-1, max-image-preview:large, max-video-preview:-1\" \/>\n<link rel=\"canonical\" href=\"https:\/\/insektenliebe.com\/it\/shop\/prodotto\/scatole-di-allevamento-con-garza-nel-coperchio\/\" \/>\n<meta property=\"og:locale\" content=\"it_IT\" \/>\n<meta property=\"og:type\" content=\"article\" \/>\n<meta property=\"og:title\" content=\"Scatole di allevamento con garza nel coperchio - Insektenliebe\" \/>\n<meta property=\"og:description\" content=\"Scatole di allevamento con coperchio in garza - scatola di allevamento a prova di drosofila per tarantole, ragni saltatori e altri invertebrati. Ideale per l&#039;allevamento.\" \/>\n<meta property=\"og:url\" content=\"https:\/\/insektenliebe.com\/it\/shop\/prodotto\/scatole-di-allevamento-con-garza-nel-coperchio\/\" \/>\n<meta property=\"og:site_name\" content=\"Insektenliebe\" \/>\n<meta property=\"article:modified_time\" content=\"2026-03-06T10:20:21+00:00\" \/>\n<meta property=\"og:image\" content=\"https:\/\/insektenliebe.com\/wp-content\/uploads\/2025\/05\/Aufzuchtdose-mit-Gaze-550-ml-2.jpg\" \/>\n\t<meta property=\"og:image:width\" content=\"820\" \/>\n\t<meta property=\"og:image:height\" content=\"820\" \/>\n\t<meta property=\"og:image:type\" content=\"image\/jpeg\" \/>\n<meta name=\"twitter:card\" content=\"summary_large_image\" \/>\n<meta name=\"twitter:label1\" content=\"Tempo di lettura stimato\" \/>\n\t<meta name=\"twitter:data1\" content=\"2 minuto\" \/>\n<script type=\"application\/ld+json\" class=\"yoast-schema-graph\">{\"@context\":\"https:\\\/\\\/schema.org\",\"@graph\":[{\"@type\":\"WebPage\",\"@id\":\"https:\\\/\\\/insektenliebe.com\\\/it\\\/shop\\\/prodotto\\\/scatole-di-allevamento-con-garza-nel-coperchio\\\/\",\"url\":\"https:\\\/\\\/insektenliebe.com\\\/it\\\/shop\\\/prodotto\\\/scatole-di-allevamento-con-garza-nel-coperchio\\\/\",\"name\":\"Scatole di allevamento con garza nel coperchio - Insektenliebe\",\"isPartOf\":{\"@id\":\"https:\\\/\\\/insektenliebe.com\\\/it\\\/#website\"},\"primaryImageOfPage\":{\"@id\":\"https:\\\/\\\/insektenliebe.com\\\/it\\\/shop\\\/prodotto\\\/scatole-di-allevamento-con-garza-nel-coperchio\\\/#primaryimage\"},\"image\":{\"@id\":\"https:\\\/\\\/insektenliebe.com\\\/it\\\/shop\\\/prodotto\\\/scatole-di-allevamento-con-garza-nel-coperchio\\\/#primaryimage\"},\"thumbnailUrl\":\"https:\\\/\\\/insektenliebe.com\\\/wp-content\\\/uploads\\\/2025\\\/05\\\/Aufzuchtdose-mit-Gaze-550-ml-2.jpg\",\"datePublished\":\"2019-10-18T08:52:55+00:00\",\"dateModified\":\"2026-03-06T10:20:21+00:00\",\"description\":\"Scatole di allevamento con coperchio in garza - scatola di allevamento a prova di drosofila per tarantole, ragni saltatori e altri invertebrati. Ideale per l'allevamento.\",\"breadcrumb\":{\"@id\":\"https:\\\/\\\/insektenliebe.com\\\/it\\\/shop\\\/prodotto\\\/scatole-di-allevamento-con-garza-nel-coperchio\\\/#breadcrumb\"},\"inLanguage\":\"it-IT\",\"potentialAction\":[{\"@type\":\"ReadAction\",\"target\":[\"https:\\\/\\\/insektenliebe.com\\\/it\\\/shop\\\/prodotto\\\/scatole-di-allevamento-con-garza-nel-coperchio\\\/\"]}]},{\"@type\":\"ImageObject\",\"inLanguage\":\"it-IT\",\"@id\":\"https:\\\/\\\/insektenliebe.com\\\/it\\\/shop\\\/prodotto\\\/scatole-di-allevamento-con-garza-nel-coperchio\\\/#primaryimage\",\"url\":\"https:\\\/\\\/insektenliebe.com\\\/wp-content\\\/uploads\\\/2025\\\/05\\\/Aufzuchtdose-mit-Gaze-550-ml-2.jpg\",\"contentUrl\":\"https:\\\/\\\/insektenliebe.com\\\/wp-content\\\/uploads\\\/2025\\\/05\\\/Aufzuchtdose-mit-Gaze-550-ml-2.jpg\",\"width\":820,\"height\":820,\"caption\":\"Canna da zucchero con garza-550-ml-2.jpg\"},{\"@type\":\"BreadcrumbList\",\"@id\":\"https:\\\/\\\/insektenliebe.com\\\/it\\\/shop\\\/prodotto\\\/scatole-di-allevamento-con-garza-nel-coperchio\\\/#breadcrumb\",\"itemListElement\":[{\"@type\":\"ListItem\",\"position\":1,\"name\":\"Startseite\",\"item\":\"https:\\\/\\\/insektenliebe.com\\\/it\\\/\"},{\"@type\":\"ListItem\",\"position\":2,\"name\":\"Negozio\",\"item\":\"https:\\\/\\\/insektenliebe.com\\\/it\\\/negozio\\\/\"},{\"@type\":\"ListItem\",\"position\":3,\"name\":\"Scatole di allevamento con garza nel coperchio\"}]},{\"@type\":\"WebSite\",\"@id\":\"https:\\\/\\\/insektenliebe.com\\\/it\\\/#website\",\"url\":\"https:\\\/\\\/insektenliebe.com\\\/it\\\/\",\"name\":\"Insektenliebe\",\"description\":\"Dein Zuhause f\u00fcr die kleinen Lebewesen\",\"publisher\":{\"@id\":\"https:\\\/\\\/insektenliebe.com\\\/it\\\/#organization\"},\"potentialAction\":[{\"@type\":\"SearchAction\",\"target\":{\"@type\":\"EntryPoint\",\"urlTemplate\":\"https:\\\/\\\/insektenliebe.com\\\/it\\\/?s={search_term_string}\"},\"query-input\":{\"@type\":\"PropertyValueSpecification\",\"valueRequired\":true,\"valueName\":\"search_term_string\"}}],\"inLanguage\":\"it-IT\"},{\"@type\":\"Organization\",\"@id\":\"https:\\\/\\\/insektenliebe.com\\\/it\\\/#organization\",\"name\":\"Insektenliebe\",\"url\":\"https:\\\/\\\/insektenliebe.com\\\/it\\\/\",\"logo\":{\"@type\":\"ImageObject\",\"inLanguage\":\"it-IT\",\"@id\":\"https:\\\/\\\/insektenliebe.com\\\/it\\\/#\\\/schema\\\/logo\\\/image\\\/\",\"url\":\"https:\\\/\\\/insektenliebe.com\\\/wp-content\\\/uploads\\\/2025\\\/03\\\/logo-white.png\",\"contentUrl\":\"https:\\\/\\\/insektenliebe.com\\\/wp-content\\\/uploads\\\/2025\\\/03\\\/logo-white.png\",\"width\":288,\"height\":188,\"caption\":\"Insektenliebe\"},\"image\":{\"@id\":\"https:\\\/\\\/insektenliebe.com\\\/it\\\/#\\\/schema\\\/logo\\\/image\\\/\"}}]}<\/script>\n<!-- \/ Yoast SEO plugin. -->","yoast_head_json":{"title":"Scatole di allevamento con garza nel coperchio - Insektenliebe","description":"Scatole di allevamento con coperchio in garza - scatola di allevamento a prova di drosofila per tarantole, ragni saltatori e altri invertebrati. Ideale per l'allevamento.","robots":{"index":"index","follow":"follow","max-snippet":"max-snippet:-1","max-image-preview":"max-image-preview:large","max-video-preview":"max-video-preview:-1"},"canonical":"https:\/\/insektenliebe.com\/it\/shop\/prodotto\/scatole-di-allevamento-con-garza-nel-coperchio\/","og_locale":"it_IT","og_type":"article","og_title":"Scatole di allevamento con garza nel coperchio - Insektenliebe","og_description":"Scatole di allevamento con coperchio in garza - scatola di allevamento a prova di drosofila per tarantole, ragni saltatori e altri invertebrati. Ideale per l'allevamento.","og_url":"https:\/\/insektenliebe.com\/it\/shop\/prodotto\/scatole-di-allevamento-con-garza-nel-coperchio\/","og_site_name":"Insektenliebe","article_modified_time":"2026-03-06T10:20:21+00:00","og_image":[{"width":820,"height":820,"url":"https:\/\/insektenliebe.com\/wp-content\/uploads\/2025\/05\/Aufzuchtdose-mit-Gaze-550-ml-2.jpg","type":"image\/jpeg"}],"twitter_card":"summary_large_image","twitter_misc":{"Tempo di lettura stimato":"2 minuto"},"schema":{"@context":"https:\/\/schema.org","@graph":[{"@type":"WebPage","@id":"https:\/\/insektenliebe.com\/it\/shop\/prodotto\/scatole-di-allevamento-con-garza-nel-coperchio\/","url":"https:\/\/insektenliebe.com\/it\/shop\/prodotto\/scatole-di-allevamento-con-garza-nel-coperchio\/","name":"Scatole di allevamento con garza nel coperchio - Insektenliebe","isPartOf":{"@id":"https:\/\/insektenliebe.com\/it\/#website"},"primaryImageOfPage":{"@id":"https:\/\/insektenliebe.com\/it\/shop\/prodotto\/scatole-di-allevamento-con-garza-nel-coperchio\/#primaryimage"},"image":{"@id":"https:\/\/insektenliebe.com\/it\/shop\/prodotto\/scatole-di-allevamento-con-garza-nel-coperchio\/#primaryimage"},"thumbnailUrl":"https:\/\/insektenliebe.com\/wp-content\/uploads\/2025\/05\/Aufzuchtdose-mit-Gaze-550-ml-2.jpg","datePublished":"2019-10-18T08:52:55+00:00","dateModified":"2026-03-06T10:20:21+00:00","description":"Scatole di allevamento con coperchio in garza - scatola di allevamento a prova di drosofila per tarantole, ragni saltatori e altri invertebrati. Ideale per l'allevamento.","breadcrumb":{"@id":"https:\/\/insektenliebe.com\/it\/shop\/prodotto\/scatole-di-allevamento-con-garza-nel-coperchio\/#breadcrumb"},"inLanguage":"it-IT","potentialAction":[{"@type":"ReadAction","target":["https:\/\/insektenliebe.com\/it\/shop\/prodotto\/scatole-di-allevamento-con-garza-nel-coperchio\/"]}]},{"@type":"ImageObject","inLanguage":"it-IT","@id":"https:\/\/insektenliebe.com\/it\/shop\/prodotto\/scatole-di-allevamento-con-garza-nel-coperchio\/#primaryimage","url":"https:\/\/insektenliebe.com\/wp-content\/uploads\/2025\/05\/Aufzuchtdose-mit-Gaze-550-ml-2.jpg","contentUrl":"https:\/\/insektenliebe.com\/wp-content\/uploads\/2025\/05\/Aufzuchtdose-mit-Gaze-550-ml-2.jpg","width":820,"height":820,"caption":"Canna da zucchero con garza-550-ml-2.jpg"},{"@type":"BreadcrumbList","@id":"https:\/\/insektenliebe.com\/it\/shop\/prodotto\/scatole-di-allevamento-con-garza-nel-coperchio\/#breadcrumb","itemListElement":[{"@type":"ListItem","position":1,"name":"Startseite","item":"https:\/\/insektenliebe.com\/it\/"},{"@type":"ListItem","position":2,"name":"Negozio","item":"https:\/\/insektenliebe.com\/it\/negozio\/"},{"@type":"ListItem","position":3,"name":"Scatole di allevamento con garza nel coperchio"}]},{"@type":"WebSite","@id":"https:\/\/insektenliebe.com\/it\/#website","url":"https:\/\/insektenliebe.com\/it\/","name":"Insektenliebe","description":"Dein Zuhause f\u00fcr die kleinen Lebewesen","publisher":{"@id":"https:\/\/insektenliebe.com\/it\/#organization"},"potentialAction":[{"@type":"SearchAction","target":{"@type":"EntryPoint","urlTemplate":"https:\/\/insektenliebe.com\/it\/?s={search_term_string}"},"query-input":{"@type":"PropertyValueSpecification","valueRequired":true,"valueName":"search_term_string"}}],"inLanguage":"it-IT"},{"@type":"Organization","@id":"https:\/\/insektenliebe.com\/it\/#organization","name":"Insektenliebe","url":"https:\/\/insektenliebe.com\/it\/","logo":{"@type":"ImageObject","inLanguage":"it-IT","@id":"https:\/\/insektenliebe.com\/it\/#\/schema\/logo\/image\/","url":"https:\/\/insektenliebe.com\/wp-content\/uploads\/2025\/03\/logo-white.png","contentUrl":"https:\/\/insektenliebe.com\/wp-content\/uploads\/2025\/03\/logo-white.png","width":288,"height":188,"caption":"Insektenliebe"},"image":{"@id":"https:\/\/insektenliebe.com\/it\/#\/schema\/logo\/image\/"}}]}},"_links":{"self":[{"href":"https:\/\/insektenliebe.com\/it\/wp-json\/wp\/v2\/product\/183340","targetHints":{"allow":["GET"]}}],"collection":[{"href":"https:\/\/insektenliebe.com\/it\/wp-json\/wp\/v2\/product"}],"about":[{"href":"https:\/\/insektenliebe.com\/it\/wp-json\/wp\/v2\/types\/product"}],"wp:featuredmedia":[{"embeddable":true,"href":"https:\/\/insektenliebe.com\/it\/wp-json\/wp\/v2\/media\/183341"}],"wp:attachment":[{"href":"https:\/\/insektenliebe.com\/it\/wp-json\/wp\/v2\/media?parent=183340"}],"wp:term":[{"taxonomy":"product-supplier","embeddable":true,"href":"https:\/\/insektenliebe.com\/it\/wp-json\/wp\/v2\/product-supplier?post=183340"},{"taxonomy":"product_brand","embeddable":true,"href":"https:\/\/insektenliebe.com\/it\/wp-json\/wp\/v2\/product_brand?post=183340"},{"taxonomy":"product_cat","embeddable":true,"href":"https:\/\/insektenliebe.com\/it\/wp-json\/wp\/v2\/product_cat?post=183340"},{"taxonomy":"product_tag","embeddable":true,"href":"https:\/\/insektenliebe.com\/it\/wp-json\/wp\/v2\/product_tag?post=183340"},{"taxonomy":"lce-checkout-addons","embeddable":true,"href":"https:\/\/insektenliebe.com\/it\/wp-json\/wp\/v2\/lce-checkout-addons?post=183340"}],"curies":[{"name":"wp","href":"https:\/\/api.w.org\/{rel}","templated":true}]}}