{"id":183339,"date":"2019-10-03T10:11:10","date_gmt":"2019-10-03T10:11:10","guid":{"rendered":"https:\/\/insektenliebe.com\/shop\/produkt\/phidippus-regius-soroa\/"},"modified":"2026-03-05T19:19:48","modified_gmt":"2026-03-05T18:19:48","slug":"phidippus-regius-soroa","status":"publish","type":"product","link":"https:\/\/insektenliebe.com\/it\/shop\/prodotto\/phidippus-regius-soroa\/","title":{"rendered":"Phidippus regius \"Soroa"},"content":{"rendered":"<p><strong>Il Phidippus regius \"Soroa\"<\/strong> \u00e8 un bellissimo ragno saltatore originario dell&#8217;esotica e pittoresca Soroa, a Cuba. Spesso definita \"l&#8217;arcobaleno dei Caraibi\", Soroa \u00e8 nota per la sua vegetazione lussureggiante e l&#8217;eccezionale biodiversit\u00e0, che ha ispirato e influenzato questa specie di ragno saltatore. <\/p>\n<p><strong>Il Phidippus regius \"Soroa\"<\/strong> \u00e8 famoso per la sua impressionante agilit\u00e0 e per la capacit\u00e0 di saltare a grandi distanze, cosa che lo avvantaggia nella caccia e nella fuga dai predatori. La sottospecie originaria di Soroa \u00e8 caratterizzata da un colore particolarmente appariscente. Il colore rosso non \u00e8 solo piacevole alla vista, ma svolge anche un ruolo importante nell&#8217;habitat naturale del ragno, fornendo mimetismo e un effetto di segnalazione quando comunica con i conspecifici.  <\/p>\n<p>Il <strong>Phidippus regius \"Soroa\"<\/strong> \u00e8 relativamente semplice da allevare, purch\u00e9 vengano rispettate alcune condizioni di base. Questi ragni saltatori hanno bisogno di un terrario ben ventilato con spazio sufficiente per saltare e arrampicarsi. Un substrato di humus forestale e muschio, combinato con rami e foglie, crea un ambiente ideale che assomiglia al loro habitat naturale. La temperatura deve essere mantenuta calda, idealmente tra i 26 e i 28 gradi Celsius, con un&#8217;umidit\u00e0 relativa di circa il 60-70%.   <\/p>\n<p>La dieta del <strong>Phidippus regius \"Soroa\"<\/strong> consiste principalmente in piccoli insetti come mosche della frutta, cavallette o piccoli grilli. \u00c8 importante che le prede siano fresche e sane per fornire al ragno i nutrienti necessari. Un ritmo di alimentazione regolare aiuta il ragno a mantenere il suo comportamento attivo e la sua salute.  <\/p>\n<p>Con il <strong>Phidippus regius \"Soroa\"<\/strong> non solo otterrai una creatura straordinaria, ma anche una visione del complesso mondo degli aracnidi, abbinata a una dose giornaliera di bellezza naturale e diversit\u00e0 comportamentale che sicuramente arricchir\u00e0 il tuo interesse e la tua curiosit\u00e0.<\/p>\n","protected":false},"excerpt":{"rendered":"<p>Il Phidippus regius \"Soroa\" \u00e8 un bellissimo ragno saltatore originario dell&#8217;esotica e pittoresca Soroa, a Cuba. Spesso definita \"l&#8217;arcobaleno dei Caraibi\", Soroa \u00e8 nota per la sua vegetazione lussureggiante e l&#8217;eccezionale biodiversit\u00e0, che ha ispirato e influenzato questa specie di ragno saltatore. Il Phidippus regius \"Soroa\" \u00e8 famoso per la sua impressionante agilit\u00e0 e per [&hellip;]<\/p>\n","protected":false},"featured_media":183350,"template":"","meta":{"_acf_changed":false},"product-supplier":[],"product_brand":[],"product_cat":[2809,2808],"product_tag":[],"lce-checkout-addons":[2746],"class_list":{"0":"post-183339","1":"product","2":"type-product","3":"status-publish","4":"has-post-thumbnail","6":"product_cat-ragni","7":"product_cat-ragni-che-saltano","8":"product_shipping_class-spedizione-di-animali","9":"pa_geschlecht-donna","10":"pa_geschlecht-indeterminato","11":"pa_geschlecht-uomo","12":"pa_herkunft-cuba","13":"pa_kontinent-nord-america","14":"lce-checkout-addons-imballaggio-invernale","16":"first","17":"instock","18":"taxable","19":"shipping-taxable","20":"purchasable","21":"product-type-variable"},"acf":[],"yoast_head":"<!-- This site is optimized with the Yoast SEO Premium plugin v26.8 (Yoast SEO v27.3) - https:\/\/yoast.com\/product\/yoast-seo-premium-wordpress\/ -->\n<title>Phidippus regius &quot;Soroa - Insektenliebe<\/title>\n<meta name=\"description\" content=\"Acquista a buon mercato Phidippus regius &quot;Soroa&quot; direttamente online. Una bellissima specie di ragno saltatore che puoi acquistare direttamente dall&#039;allevatore!\" \/>\n<meta name=\"robots\" content=\"index, follow, max-snippet:-1, max-image-preview:large, max-video-preview:-1\" \/>\n<link rel=\"canonical\" href=\"https:\/\/insektenliebe.com\/it\/shop\/prodotto\/phidippus-regius-soroa\/\" \/>\n<meta property=\"og:locale\" content=\"it_IT\" \/>\n<meta property=\"og:type\" content=\"article\" \/>\n<meta property=\"og:title\" content=\"Phidippus regius &quot;Soroa\" \/>\n<meta property=\"og:description\" content=\"Acquista a buon mercato Phidippus regius &quot;Soroa&quot; direttamente online. Una bellissima specie di ragno saltatore che puoi acquistare direttamente dall&#039;allevatore!\" \/>\n<meta property=\"og:url\" content=\"https:\/\/insektenliebe.com\/it\/shop\/prodotto\/phidippus-regius-soroa\/\" \/>\n<meta property=\"og:site_name\" content=\"Insektenliebe\" \/>\n<meta property=\"article:modified_time\" content=\"2026-03-05T18:19:48+00:00\" \/>\n<meta property=\"og:image\" content=\"https:\/\/insektenliebe.com\/wp-content\/uploads\/2025\/05\/Phidippus-regius-22Soroa22-1-2.jpg\" \/>\n\t<meta property=\"og:image:width\" content=\"820\" \/>\n\t<meta property=\"og:image:height\" content=\"820\" \/>\n\t<meta property=\"og:image:type\" content=\"image\/jpeg\" \/>\n<meta name=\"twitter:card\" content=\"summary_large_image\" \/>\n<meta name=\"twitter:label1\" content=\"Disponibilit\u00e0\" \/>\n\t<meta name=\"twitter:data1\" content=\"In stock\" \/>\n<script type=\"application\/ld+json\" class=\"yoast-schema-graph\">{\"@context\":\"https:\\\/\\\/schema.org\",\"@graph\":[{\"@type\":\"WebPage\",\"@id\":\"https:\\\/\\\/insektenliebe.com\\\/it\\\/shop\\\/prodotto\\\/phidippus-regius-soroa\\\/\",\"url\":\"https:\\\/\\\/insektenliebe.com\\\/it\\\/shop\\\/prodotto\\\/phidippus-regius-soroa\\\/\",\"name\":\"Phidippus regius \\\"Soroa - Insektenliebe\",\"isPartOf\":{\"@id\":\"https:\\\/\\\/insektenliebe.com\\\/it\\\/#website\"},\"primaryImageOfPage\":{\"@id\":\"https:\\\/\\\/insektenliebe.com\\\/it\\\/shop\\\/prodotto\\\/phidippus-regius-soroa\\\/#primaryimage\"},\"image\":{\"@id\":\"https:\\\/\\\/insektenliebe.com\\\/it\\\/shop\\\/prodotto\\\/phidippus-regius-soroa\\\/#primaryimage\"},\"thumbnailUrl\":\"https:\\\/\\\/insektenliebe.com\\\/wp-content\\\/uploads\\\/2025\\\/05\\\/Phidippus-regius-22Soroa22-1-2.jpg\",\"datePublished\":\"2019-10-03T10:11:10+00:00\",\"dateModified\":\"2026-03-05T18:19:48+00:00\",\"description\":\"Acquista a buon mercato Phidippus regius \\\"Soroa\\\" direttamente online. Una bellissima specie di ragno saltatore che puoi acquistare direttamente dall'allevatore!\",\"breadcrumb\":{\"@id\":\"https:\\\/\\\/insektenliebe.com\\\/it\\\/shop\\\/prodotto\\\/phidippus-regius-soroa\\\/#breadcrumb\"},\"inLanguage\":\"it-IT\",\"potentialAction\":[{\"@type\":\"ReadAction\",\"target\":[\"https:\\\/\\\/insektenliebe.com\\\/it\\\/shop\\\/prodotto\\\/phidippus-regius-soroa\\\/\"]}]},{\"@type\":\"ImageObject\",\"inLanguage\":\"it-IT\",\"@id\":\"https:\\\/\\\/insektenliebe.com\\\/it\\\/shop\\\/prodotto\\\/phidippus-regius-soroa\\\/#primaryimage\",\"url\":\"https:\\\/\\\/insektenliebe.com\\\/wp-content\\\/uploads\\\/2025\\\/05\\\/Phidippus-regius-22Soroa22-1-2.jpg\",\"contentUrl\":\"https:\\\/\\\/insektenliebe.com\\\/wp-content\\\/uploads\\\/2025\\\/05\\\/Phidippus-regius-22Soroa22-1-2.jpg\",\"width\":820,\"height\":820,\"caption\":\"Phidippus-regius-22Soroa22-1-2.jpg\"},{\"@type\":\"BreadcrumbList\",\"@id\":\"https:\\\/\\\/insektenliebe.com\\\/it\\\/shop\\\/prodotto\\\/phidippus-regius-soroa\\\/#breadcrumb\",\"itemListElement\":[{\"@type\":\"ListItem\",\"position\":1,\"name\":\"Startseite\",\"item\":\"https:\\\/\\\/insektenliebe.com\\\/it\\\/\"},{\"@type\":\"ListItem\",\"position\":2,\"name\":\"Negozio\",\"item\":\"https:\\\/\\\/insektenliebe.com\\\/it\\\/negozio\\\/\"},{\"@type\":\"ListItem\",\"position\":3,\"name\":\"Phidippus regius &#8220;Soroa\"}]},{\"@type\":\"WebSite\",\"@id\":\"https:\\\/\\\/insektenliebe.com\\\/it\\\/#website\",\"url\":\"https:\\\/\\\/insektenliebe.com\\\/it\\\/\",\"name\":\"Insektenliebe\",\"description\":\"Dein Zuhause f\u00fcr die kleinen Lebewesen\",\"publisher\":{\"@id\":\"https:\\\/\\\/insektenliebe.com\\\/it\\\/#organization\"},\"potentialAction\":[{\"@type\":\"SearchAction\",\"target\":{\"@type\":\"EntryPoint\",\"urlTemplate\":\"https:\\\/\\\/insektenliebe.com\\\/it\\\/?s={search_term_string}\"},\"query-input\":{\"@type\":\"PropertyValueSpecification\",\"valueRequired\":true,\"valueName\":\"search_term_string\"}}],\"inLanguage\":\"it-IT\"},{\"@type\":\"Organization\",\"@id\":\"https:\\\/\\\/insektenliebe.com\\\/it\\\/#organization\",\"name\":\"Insektenliebe\",\"url\":\"https:\\\/\\\/insektenliebe.com\\\/it\\\/\",\"logo\":{\"@type\":\"ImageObject\",\"inLanguage\":\"it-IT\",\"@id\":\"https:\\\/\\\/insektenliebe.com\\\/it\\\/#\\\/schema\\\/logo\\\/image\\\/\",\"url\":\"https:\\\/\\\/insektenliebe.com\\\/wp-content\\\/uploads\\\/2025\\\/03\\\/logo-white.png\",\"contentUrl\":\"https:\\\/\\\/insektenliebe.com\\\/wp-content\\\/uploads\\\/2025\\\/03\\\/logo-white.png\",\"width\":288,\"height\":188,\"caption\":\"Insektenliebe\"},\"image\":{\"@id\":\"https:\\\/\\\/insektenliebe.com\\\/it\\\/#\\\/schema\\\/logo\\\/image\\\/\"}}]}<\/script>\n<meta property=\"og:availability\" content=\"instock\" \/>\n<meta property=\"product:availability\" content=\"instock\" \/>\n<meta property=\"product:retailer_item_id\" content=\"125\" \/>\n<meta property=\"product:condition\" content=\"new\" \/>\n<!-- \/ Yoast SEO Premium plugin. -->","yoast_head_json":{"title":"Phidippus regius \"Soroa - Insektenliebe","description":"Acquista a buon mercato Phidippus regius \"Soroa\" direttamente online. Una bellissima specie di ragno saltatore che puoi acquistare direttamente dall'allevatore!","robots":{"index":"index","follow":"follow","max-snippet":"max-snippet:-1","max-image-preview":"max-image-preview:large","max-video-preview":"max-video-preview:-1"},"canonical":"https:\/\/insektenliebe.com\/it\/shop\/prodotto\/phidippus-regius-soroa\/","og_locale":"it_IT","og_type":"article","og_title":"Phidippus regius \"Soroa","og_description":"Acquista a buon mercato Phidippus regius \"Soroa\" direttamente online. Una bellissima specie di ragno saltatore che puoi acquistare direttamente dall'allevatore!","og_url":"https:\/\/insektenliebe.com\/it\/shop\/prodotto\/phidippus-regius-soroa\/","og_site_name":"Insektenliebe","article_modified_time":"2026-03-05T18:19:48+00:00","og_image":[{"width":820,"height":820,"url":"https:\/\/insektenliebe.com\/wp-content\/uploads\/2025\/05\/Phidippus-regius-22Soroa22-1-2.jpg","type":"image\/jpeg"}],"twitter_card":"summary_large_image","twitter_misc":{"Disponibilit\u00e0":"In stock"},"schema":{"@context":"https:\/\/schema.org","@graph":[{"@type":"WebPage","@id":"https:\/\/insektenliebe.com\/it\/shop\/prodotto\/phidippus-regius-soroa\/","url":"https:\/\/insektenliebe.com\/it\/shop\/prodotto\/phidippus-regius-soroa\/","name":"Phidippus regius \"Soroa - Insektenliebe","isPartOf":{"@id":"https:\/\/insektenliebe.com\/it\/#website"},"primaryImageOfPage":{"@id":"https:\/\/insektenliebe.com\/it\/shop\/prodotto\/phidippus-regius-soroa\/#primaryimage"},"image":{"@id":"https:\/\/insektenliebe.com\/it\/shop\/prodotto\/phidippus-regius-soroa\/#primaryimage"},"thumbnailUrl":"https:\/\/insektenliebe.com\/wp-content\/uploads\/2025\/05\/Phidippus-regius-22Soroa22-1-2.jpg","datePublished":"2019-10-03T10:11:10+00:00","dateModified":"2026-03-05T18:19:48+00:00","description":"Acquista a buon mercato Phidippus regius \"Soroa\" direttamente online. Una bellissima specie di ragno saltatore che puoi acquistare direttamente dall'allevatore!","breadcrumb":{"@id":"https:\/\/insektenliebe.com\/it\/shop\/prodotto\/phidippus-regius-soroa\/#breadcrumb"},"inLanguage":"it-IT","potentialAction":[{"@type":"ReadAction","target":["https:\/\/insektenliebe.com\/it\/shop\/prodotto\/phidippus-regius-soroa\/"]}]},{"@type":"ImageObject","inLanguage":"it-IT","@id":"https:\/\/insektenliebe.com\/it\/shop\/prodotto\/phidippus-regius-soroa\/#primaryimage","url":"https:\/\/insektenliebe.com\/wp-content\/uploads\/2025\/05\/Phidippus-regius-22Soroa22-1-2.jpg","contentUrl":"https:\/\/insektenliebe.com\/wp-content\/uploads\/2025\/05\/Phidippus-regius-22Soroa22-1-2.jpg","width":820,"height":820,"caption":"Phidippus-regius-22Soroa22-1-2.jpg"},{"@type":"BreadcrumbList","@id":"https:\/\/insektenliebe.com\/it\/shop\/prodotto\/phidippus-regius-soroa\/#breadcrumb","itemListElement":[{"@type":"ListItem","position":1,"name":"Startseite","item":"https:\/\/insektenliebe.com\/it\/"},{"@type":"ListItem","position":2,"name":"Negozio","item":"https:\/\/insektenliebe.com\/it\/negozio\/"},{"@type":"ListItem","position":3,"name":"Phidippus regius &#8220;Soroa"}]},{"@type":"WebSite","@id":"https:\/\/insektenliebe.com\/it\/#website","url":"https:\/\/insektenliebe.com\/it\/","name":"Insektenliebe","description":"Dein Zuhause f\u00fcr die kleinen Lebewesen","publisher":{"@id":"https:\/\/insektenliebe.com\/it\/#organization"},"potentialAction":[{"@type":"SearchAction","target":{"@type":"EntryPoint","urlTemplate":"https:\/\/insektenliebe.com\/it\/?s={search_term_string}"},"query-input":{"@type":"PropertyValueSpecification","valueRequired":true,"valueName":"search_term_string"}}],"inLanguage":"it-IT"},{"@type":"Organization","@id":"https:\/\/insektenliebe.com\/it\/#organization","name":"Insektenliebe","url":"https:\/\/insektenliebe.com\/it\/","logo":{"@type":"ImageObject","inLanguage":"it-IT","@id":"https:\/\/insektenliebe.com\/it\/#\/schema\/logo\/image\/","url":"https:\/\/insektenliebe.com\/wp-content\/uploads\/2025\/03\/logo-white.png","contentUrl":"https:\/\/insektenliebe.com\/wp-content\/uploads\/2025\/03\/logo-white.png","width":288,"height":188,"caption":"Insektenliebe"},"image":{"@id":"https:\/\/insektenliebe.com\/it\/#\/schema\/logo\/image\/"}}]},"og_availability":"instock","product_availability":"instock","product_retailer_item_id":"125","product_condition":"new"},"_links":{"self":[{"href":"https:\/\/insektenliebe.com\/it\/wp-json\/wp\/v2\/product\/183339","targetHints":{"allow":["GET"]}}],"collection":[{"href":"https:\/\/insektenliebe.com\/it\/wp-json\/wp\/v2\/product"}],"about":[{"href":"https:\/\/insektenliebe.com\/it\/wp-json\/wp\/v2\/types\/product"}],"wp:featuredmedia":[{"embeddable":true,"href":"https:\/\/insektenliebe.com\/it\/wp-json\/wp\/v2\/media\/183350"}],"wp:attachment":[{"href":"https:\/\/insektenliebe.com\/it\/wp-json\/wp\/v2\/media?parent=183339"}],"wp:term":[{"taxonomy":"product-supplier","embeddable":true,"href":"https:\/\/insektenliebe.com\/it\/wp-json\/wp\/v2\/product-supplier?post=183339"},{"taxonomy":"product_brand","embeddable":true,"href":"https:\/\/insektenliebe.com\/it\/wp-json\/wp\/v2\/product_brand?post=183339"},{"taxonomy":"product_cat","embeddable":true,"href":"https:\/\/insektenliebe.com\/it\/wp-json\/wp\/v2\/product_cat?post=183339"},{"taxonomy":"product_tag","embeddable":true,"href":"https:\/\/insektenliebe.com\/it\/wp-json\/wp\/v2\/product_tag?post=183339"},{"taxonomy":"lce-checkout-addons","embeddable":true,"href":"https:\/\/insektenliebe.com\/it\/wp-json\/wp\/v2\/lce-checkout-addons?post=183339"}],"curies":[{"name":"wp","href":"https:\/\/api.w.org\/{rel}","templated":true}]}}