{"id":183328,"date":"2019-10-20T05:31:20","date_gmt":"2019-10-20T05:31:20","guid":{"rendered":"https:\/\/insektenliebe.com\/shop\/produkt\/archimandrita-tesselata-scarafaggio-del-pepe\/"},"modified":"2019-10-20T05:31:20","modified_gmt":"2019-10-20T03:31:20","slug":"archimandrita-tesselata-scarafaggio-del-pepe","status":"publish","type":"product","link":"https:\/\/insektenliebe.com\/it\/shop\/prodotto\/archimandrita-tesselata-scarafaggio-del-pepe\/","title":{"rendered":"Archimandrita tesselata \"Scarafaggio del pepe"},"content":{"rendered":"<h3><span style=\"color: #99cc33\">Breve descrizione Archimandrita tesselata \"Scarafaggio del pepe\":<\/span><\/h3>\n<p>Gli scarafaggi al pepe sono animali impressionanti, e non solo per le loro dimensioni. In caso di pericolo, emettono una secrezione di difesa che profuma di pepe, il che giustifica il loro nome. Gli animali adulti vivono per altri 2 anni dopo la muta, una rarit\u00e0 per gli scarafaggi.  <\/p>\n<p>Il substrato gioca un ruolo decisivo in questa specie. Le ninfe si seppelliscono in esso fino a raggiungere la maturit\u00e0 e si nutrono principalmente di legno bianco marcio e foglie. L&#8217;allevamento dell&#8217;<strong>Archimandrita tesselata \"scarafaggio del pepe\"<\/strong> non \u00e8 complicato. Tuttavia, il loro sviluppo richiede un tempo relativamente lungo e sono quindi adatti come animali da cibo solo in misura limitata.   <\/p>\n<p>Puoi offrire agli animali frutta e verdura una volta alla settimana. La cosa migliore \u00e8 posizionare il cibo sul substrato. In questo modo le ninfe avranno la possibilit\u00e0 di servirsi da sole. Il substrato non deve mai asciugarsi completamente. Per questo motivo \u00e8 meglio spruzzare accuratamente il substrato ogni settimana. Un&#8217;umidit\u00e0 del 60% \u00e8 sufficiente per questa specie.     <\/p>\n","protected":false},"excerpt":{"rendered":"<p>Breve descrizione Archimandrita tesselata \"Scarafaggio del pepe\": Gli scarafaggi al pepe sono animali impressionanti, e non solo per le loro dimensioni. In caso di pericolo, emettono una secrezione di difesa che profuma di pepe, il che giustifica il loro nome. Gli animali adulti vivono per altri 2 anni dopo la muta, una rarit\u00e0 per gli [&hellip;]<\/p>\n","protected":false},"featured_media":183329,"template":"","meta":{"_acf_changed":false},"product-supplier":[],"product_brand":[],"product_cat":[2785],"product_tag":[],"lce-checkout-addons":[2746],"class_list":{"0":"post-183328","1":"product","2":"type-product","3":"status-publish","4":"has-post-thumbnail","6":"product_cat-scarafaggi","7":"product_shipping_class-spedizione-di-animali","8":"pa_herkunft-cosmopolitan","9":"pa_kontinent-sud-america","10":"lce-checkout-addons-imballaggio-invernale","12":"first","13":"outofstock","14":"taxable","15":"shipping-taxable","16":"product-type-variable","17":"has-default-attributes"},"acf":[],"yoast_head":"<!-- This site is optimized with the Yoast SEO plugin v27.3 - https:\/\/yoast.com\/product\/yoast-seo-wordpress\/ -->\n<title>Archimandrita tesselata &quot;Scarafaggio del pepe - Insektenliebe<\/title>\n<meta name=\"description\" content=\"Acquista online Archimandrita tesselata a buon mercato. Questa specie di scarafaggio sudamericano di grandi dimensioni pu\u00f2 essere acquistata qui direttamente dall&#039;allevatore.\" \/>\n<meta name=\"robots\" content=\"index, follow, max-snippet:-1, max-image-preview:large, max-video-preview:-1\" \/>\n<link rel=\"canonical\" href=\"https:\/\/insektenliebe.com\/it\/shop\/prodotto\/archimandrita-tesselata-scarafaggio-del-pepe\/\" \/>\n<meta property=\"og:locale\" content=\"it_IT\" \/>\n<meta property=\"og:type\" content=\"article\" \/>\n<meta property=\"og:title\" content=\"Archimandrita tesselata &quot;Scarafaggio del pepe - Insektenliebe\" \/>\n<meta property=\"og:description\" content=\"Acquista online Archimandrita tesselata a buon mercato. Questa specie di scarafaggio sudamericano di grandi dimensioni pu\u00f2 essere acquistata qui direttamente dall&#039;allevatore.\" \/>\n<meta property=\"og:url\" content=\"https:\/\/insektenliebe.com\/it\/shop\/prodotto\/archimandrita-tesselata-scarafaggio-del-pepe\/\" \/>\n<meta property=\"og:site_name\" content=\"Insektenliebe\" \/>\n<meta property=\"og:image\" content=\"https:\/\/insektenliebe.com\/wp-content\/uploads\/2025\/05\/Archimandrita-tesselata-22Pfefferschabe22-2.jpg\" \/>\n\t<meta property=\"og:image:width\" content=\"2560\" \/>\n\t<meta property=\"og:image:height\" content=\"2560\" \/>\n\t<meta property=\"og:image:type\" content=\"image\/jpeg\" \/>\n<meta name=\"twitter:card\" content=\"summary_large_image\" \/>\n<meta name=\"twitter:label1\" content=\"Tempo di lettura stimato\" \/>\n\t<meta name=\"twitter:data1\" content=\"1 minuto\" \/>\n<script type=\"application\/ld+json\" class=\"yoast-schema-graph\">{\"@context\":\"https:\\\/\\\/schema.org\",\"@graph\":[{\"@type\":\"WebPage\",\"@id\":\"https:\\\/\\\/insektenliebe.com\\\/it\\\/shop\\\/prodotto\\\/archimandrita-tesselata-scarafaggio-del-pepe\\\/\",\"url\":\"https:\\\/\\\/insektenliebe.com\\\/it\\\/shop\\\/prodotto\\\/archimandrita-tesselata-scarafaggio-del-pepe\\\/\",\"name\":\"Archimandrita tesselata \\\"Scarafaggio del pepe - Insektenliebe\",\"isPartOf\":{\"@id\":\"https:\\\/\\\/insektenliebe.com\\\/it\\\/#website\"},\"primaryImageOfPage\":{\"@id\":\"https:\\\/\\\/insektenliebe.com\\\/it\\\/shop\\\/prodotto\\\/archimandrita-tesselata-scarafaggio-del-pepe\\\/#primaryimage\"},\"image\":{\"@id\":\"https:\\\/\\\/insektenliebe.com\\\/it\\\/shop\\\/prodotto\\\/archimandrita-tesselata-scarafaggio-del-pepe\\\/#primaryimage\"},\"thumbnailUrl\":\"https:\\\/\\\/insektenliebe.com\\\/wp-content\\\/uploads\\\/2025\\\/05\\\/Archimandrita-tesselata-22Pfefferschabe22-2.jpg\",\"datePublished\":\"2019-10-20T05:31:20+00:00\",\"description\":\"Acquista online Archimandrita tesselata a buon mercato. Questa specie di scarafaggio sudamericano di grandi dimensioni pu\u00f2 essere acquistata qui direttamente dall'allevatore.\",\"breadcrumb\":{\"@id\":\"https:\\\/\\\/insektenliebe.com\\\/it\\\/shop\\\/prodotto\\\/archimandrita-tesselata-scarafaggio-del-pepe\\\/#breadcrumb\"},\"inLanguage\":\"it-IT\",\"potentialAction\":[{\"@type\":\"ReadAction\",\"target\":[\"https:\\\/\\\/insektenliebe.com\\\/it\\\/shop\\\/prodotto\\\/archimandrita-tesselata-scarafaggio-del-pepe\\\/\"]}]},{\"@type\":\"ImageObject\",\"inLanguage\":\"it-IT\",\"@id\":\"https:\\\/\\\/insektenliebe.com\\\/it\\\/shop\\\/prodotto\\\/archimandrita-tesselata-scarafaggio-del-pepe\\\/#primaryimage\",\"url\":\"https:\\\/\\\/insektenliebe.com\\\/wp-content\\\/uploads\\\/2025\\\/05\\\/Archimandrita-tesselata-22Pfefferschabe22-2.jpg\",\"contentUrl\":\"https:\\\/\\\/insektenliebe.com\\\/wp-content\\\/uploads\\\/2025\\\/05\\\/Archimandrita-tesselata-22Pfefferschabe22-2.jpg\",\"width\":2560,\"height\":2560,\"caption\":\"Archimandrita-tesselata-22Scarafaggio del pepe22-2.jpg\"},{\"@type\":\"BreadcrumbList\",\"@id\":\"https:\\\/\\\/insektenliebe.com\\\/it\\\/shop\\\/prodotto\\\/archimandrita-tesselata-scarafaggio-del-pepe\\\/#breadcrumb\",\"itemListElement\":[{\"@type\":\"ListItem\",\"position\":1,\"name\":\"Startseite\",\"item\":\"https:\\\/\\\/insektenliebe.com\\\/it\\\/\"},{\"@type\":\"ListItem\",\"position\":2,\"name\":\"Negozio\",\"item\":\"https:\\\/\\\/insektenliebe.com\\\/it\\\/negozio\\\/\"},{\"@type\":\"ListItem\",\"position\":3,\"name\":\"Archimandrita tesselata &#8220;Scarafaggio del pepe\"}]},{\"@type\":\"WebSite\",\"@id\":\"https:\\\/\\\/insektenliebe.com\\\/it\\\/#website\",\"url\":\"https:\\\/\\\/insektenliebe.com\\\/it\\\/\",\"name\":\"Insektenliebe\",\"description\":\"Dein Zuhause f\u00fcr die kleinen Lebewesen\",\"publisher\":{\"@id\":\"https:\\\/\\\/insektenliebe.com\\\/it\\\/#organization\"},\"potentialAction\":[{\"@type\":\"SearchAction\",\"target\":{\"@type\":\"EntryPoint\",\"urlTemplate\":\"https:\\\/\\\/insektenliebe.com\\\/it\\\/?s={search_term_string}\"},\"query-input\":{\"@type\":\"PropertyValueSpecification\",\"valueRequired\":true,\"valueName\":\"search_term_string\"}}],\"inLanguage\":\"it-IT\"},{\"@type\":\"Organization\",\"@id\":\"https:\\\/\\\/insektenliebe.com\\\/it\\\/#organization\",\"name\":\"Insektenliebe\",\"url\":\"https:\\\/\\\/insektenliebe.com\\\/it\\\/\",\"logo\":{\"@type\":\"ImageObject\",\"inLanguage\":\"it-IT\",\"@id\":\"https:\\\/\\\/insektenliebe.com\\\/it\\\/#\\\/schema\\\/logo\\\/image\\\/\",\"url\":\"https:\\\/\\\/insektenliebe.com\\\/wp-content\\\/uploads\\\/2025\\\/03\\\/logo-white.png\",\"contentUrl\":\"https:\\\/\\\/insektenliebe.com\\\/wp-content\\\/uploads\\\/2025\\\/03\\\/logo-white.png\",\"width\":288,\"height\":188,\"caption\":\"Insektenliebe\"},\"image\":{\"@id\":\"https:\\\/\\\/insektenliebe.com\\\/it\\\/#\\\/schema\\\/logo\\\/image\\\/\"}}]}<\/script>\n<!-- \/ Yoast SEO plugin. -->","yoast_head_json":{"title":"Archimandrita tesselata \"Scarafaggio del pepe - Insektenliebe","description":"Acquista online Archimandrita tesselata a buon mercato. Questa specie di scarafaggio sudamericano di grandi dimensioni pu\u00f2 essere acquistata qui direttamente dall'allevatore.","robots":{"index":"index","follow":"follow","max-snippet":"max-snippet:-1","max-image-preview":"max-image-preview:large","max-video-preview":"max-video-preview:-1"},"canonical":"https:\/\/insektenliebe.com\/it\/shop\/prodotto\/archimandrita-tesselata-scarafaggio-del-pepe\/","og_locale":"it_IT","og_type":"article","og_title":"Archimandrita tesselata \"Scarafaggio del pepe - Insektenliebe","og_description":"Acquista online Archimandrita tesselata a buon mercato. Questa specie di scarafaggio sudamericano di grandi dimensioni pu\u00f2 essere acquistata qui direttamente dall'allevatore.","og_url":"https:\/\/insektenliebe.com\/it\/shop\/prodotto\/archimandrita-tesselata-scarafaggio-del-pepe\/","og_site_name":"Insektenliebe","og_image":[{"width":2560,"height":2560,"url":"https:\/\/insektenliebe.com\/wp-content\/uploads\/2025\/05\/Archimandrita-tesselata-22Pfefferschabe22-2.jpg","type":"image\/jpeg"}],"twitter_card":"summary_large_image","twitter_misc":{"Tempo di lettura stimato":"1 minuto"},"schema":{"@context":"https:\/\/schema.org","@graph":[{"@type":"WebPage","@id":"https:\/\/insektenliebe.com\/it\/shop\/prodotto\/archimandrita-tesselata-scarafaggio-del-pepe\/","url":"https:\/\/insektenliebe.com\/it\/shop\/prodotto\/archimandrita-tesselata-scarafaggio-del-pepe\/","name":"Archimandrita tesselata \"Scarafaggio del pepe - Insektenliebe","isPartOf":{"@id":"https:\/\/insektenliebe.com\/it\/#website"},"primaryImageOfPage":{"@id":"https:\/\/insektenliebe.com\/it\/shop\/prodotto\/archimandrita-tesselata-scarafaggio-del-pepe\/#primaryimage"},"image":{"@id":"https:\/\/insektenliebe.com\/it\/shop\/prodotto\/archimandrita-tesselata-scarafaggio-del-pepe\/#primaryimage"},"thumbnailUrl":"https:\/\/insektenliebe.com\/wp-content\/uploads\/2025\/05\/Archimandrita-tesselata-22Pfefferschabe22-2.jpg","datePublished":"2019-10-20T05:31:20+00:00","description":"Acquista online Archimandrita tesselata a buon mercato. Questa specie di scarafaggio sudamericano di grandi dimensioni pu\u00f2 essere acquistata qui direttamente dall'allevatore.","breadcrumb":{"@id":"https:\/\/insektenliebe.com\/it\/shop\/prodotto\/archimandrita-tesselata-scarafaggio-del-pepe\/#breadcrumb"},"inLanguage":"it-IT","potentialAction":[{"@type":"ReadAction","target":["https:\/\/insektenliebe.com\/it\/shop\/prodotto\/archimandrita-tesselata-scarafaggio-del-pepe\/"]}]},{"@type":"ImageObject","inLanguage":"it-IT","@id":"https:\/\/insektenliebe.com\/it\/shop\/prodotto\/archimandrita-tesselata-scarafaggio-del-pepe\/#primaryimage","url":"https:\/\/insektenliebe.com\/wp-content\/uploads\/2025\/05\/Archimandrita-tesselata-22Pfefferschabe22-2.jpg","contentUrl":"https:\/\/insektenliebe.com\/wp-content\/uploads\/2025\/05\/Archimandrita-tesselata-22Pfefferschabe22-2.jpg","width":2560,"height":2560,"caption":"Archimandrita-tesselata-22Scarafaggio del pepe22-2.jpg"},{"@type":"BreadcrumbList","@id":"https:\/\/insektenliebe.com\/it\/shop\/prodotto\/archimandrita-tesselata-scarafaggio-del-pepe\/#breadcrumb","itemListElement":[{"@type":"ListItem","position":1,"name":"Startseite","item":"https:\/\/insektenliebe.com\/it\/"},{"@type":"ListItem","position":2,"name":"Negozio","item":"https:\/\/insektenliebe.com\/it\/negozio\/"},{"@type":"ListItem","position":3,"name":"Archimandrita tesselata &#8220;Scarafaggio del pepe"}]},{"@type":"WebSite","@id":"https:\/\/insektenliebe.com\/it\/#website","url":"https:\/\/insektenliebe.com\/it\/","name":"Insektenliebe","description":"Dein Zuhause f\u00fcr die kleinen Lebewesen","publisher":{"@id":"https:\/\/insektenliebe.com\/it\/#organization"},"potentialAction":[{"@type":"SearchAction","target":{"@type":"EntryPoint","urlTemplate":"https:\/\/insektenliebe.com\/it\/?s={search_term_string}"},"query-input":{"@type":"PropertyValueSpecification","valueRequired":true,"valueName":"search_term_string"}}],"inLanguage":"it-IT"},{"@type":"Organization","@id":"https:\/\/insektenliebe.com\/it\/#organization","name":"Insektenliebe","url":"https:\/\/insektenliebe.com\/it\/","logo":{"@type":"ImageObject","inLanguage":"it-IT","@id":"https:\/\/insektenliebe.com\/it\/#\/schema\/logo\/image\/","url":"https:\/\/insektenliebe.com\/wp-content\/uploads\/2025\/03\/logo-white.png","contentUrl":"https:\/\/insektenliebe.com\/wp-content\/uploads\/2025\/03\/logo-white.png","width":288,"height":188,"caption":"Insektenliebe"},"image":{"@id":"https:\/\/insektenliebe.com\/it\/#\/schema\/logo\/image\/"}}]}},"_links":{"self":[{"href":"https:\/\/insektenliebe.com\/it\/wp-json\/wp\/v2\/product\/183328","targetHints":{"allow":["GET"]}}],"collection":[{"href":"https:\/\/insektenliebe.com\/it\/wp-json\/wp\/v2\/product"}],"about":[{"href":"https:\/\/insektenliebe.com\/it\/wp-json\/wp\/v2\/types\/product"}],"wp:featuredmedia":[{"embeddable":true,"href":"https:\/\/insektenliebe.com\/it\/wp-json\/wp\/v2\/media\/183329"}],"wp:attachment":[{"href":"https:\/\/insektenliebe.com\/it\/wp-json\/wp\/v2\/media?parent=183328"}],"wp:term":[{"taxonomy":"product-supplier","embeddable":true,"href":"https:\/\/insektenliebe.com\/it\/wp-json\/wp\/v2\/product-supplier?post=183328"},{"taxonomy":"product_brand","embeddable":true,"href":"https:\/\/insektenliebe.com\/it\/wp-json\/wp\/v2\/product_brand?post=183328"},{"taxonomy":"product_cat","embeddable":true,"href":"https:\/\/insektenliebe.com\/it\/wp-json\/wp\/v2\/product_cat?post=183328"},{"taxonomy":"product_tag","embeddable":true,"href":"https:\/\/insektenliebe.com\/it\/wp-json\/wp\/v2\/product_tag?post=183328"},{"taxonomy":"lce-checkout-addons","embeddable":true,"href":"https:\/\/insektenliebe.com\/it\/wp-json\/wp\/v2\/lce-checkout-addons?post=183328"}],"curies":[{"name":"wp","href":"https:\/\/api.w.org\/{rel}","templated":true}]}}