{"id":183319,"date":"2020-01-26T15:51:37","date_gmt":"2020-01-26T15:51:37","guid":{"rendered":"https:\/\/insektenliebe.com\/shop\/produkt\/braplast-puo\/"},"modified":"2026-03-06T09:59:29","modified_gmt":"2026-03-06T08:59:29","slug":"braplast-puo","status":"publish","type":"product","link":"https:\/\/insektenliebe.com\/it\/shop\/prodotto\/braplast-puo\/","title":{"rendered":"BraPlast pu\u00f2"},"content":{"rendered":"<h3><span class=\"s1\" style=\"color: #99cc33;\">BraPlast box - Contenitore flessibile per invertebrati<\/span><\/h3>\n<p class=\"p1\"><span class=\"s1\">Il <\/span><strong><span class=\"s2\">BraPlast pu\u00f2<\/span><\/strong><span class=\"s1\">  \u00e8 una delle cassette abitative pi\u00f9 popolari in ambito terraristico. \u00c8 stabile, versatile e allo stesso tempo particolarmente flessibile. \u00c8 quindi ideale per    <\/span><span class=\"s2\">Allevare, tenere o trasportare piccoli animali da terrario<\/span><span class=\"s1\">.<\/span><\/p>\n<p class=\"p1\"><span class=\"s1\">Uno dei principali vantaggi di questo barattolo \u00e8 la <\/span><span class=\"s2\">ventilazione personalizzabile<\/span><span class=\"s1\">. Puoi applicare tu stesso i fori di ventilazione e quindi determinare con esattezza l&#8217;intensit\u00e0 della circolazione dell&#8217;aria nel contenitore. In questo modo il contenitore pu\u00f2 essere adattato in modo ottimale alle esigenze dei tuoi animali. <\/span><\/p>\n<p class=\"p1\"><span class=\"s1\">Alcune specie hanno bisogno solo di un po&#8217; di movimento d&#8217;aria, mentre altri animali hanno bisogno di molta pi\u00f9 aria fresca. Con il <strong>barattolo BraPlast<\/strong> puoi   <\/span><span class=\"s2\">Regola la ventilazione in modo preciso in base alle rispettive specie animali<\/span><span class=\"s1\">. In questo modo si crea un microclima pi\u00f9 controllabile all&#8217;interno del contenitore.<\/span><\/p>\n<p class=\"p1\"><span class=\"s1\">La scatola \u00e8 realizzata in <\/span><span class=\"s2\">plastica trasparente<\/span><span class=\"s1\">in modo da poter tenere sempre sotto controllo i tuoi animali. Allo stesso tempo, non dovrai aprire il contenitore cos\u00ec spesso. In questo modo l&#8217;animale rimane pi\u00f9 calmo ed evita inutili stress.  <\/span><\/p>\n<p class=\"p1\"><span class=\"s1\">Grazie alla loro forma compatta, pi\u00f9 barattoli possono essere <\/span><span class=\"s2\">possono essere facilmente posizionati uno accanto all&#8217;altro o uno sopra l&#8217;altro.<\/span><span class=\"s1\">. Questo rende la <strong>lattina BraPlast<\/strong> particolarmente adatta agli allevatori o ai proprietari di pi\u00f9 animali.<\/span><\/p>\n<p class=\"p1\"><span class=\"s1\">In terraristica, questi barattoli sono spesso usati per <\/span><span class=\"s2\">tarantole, ragni saltatori, mantidi, scorpioni o altri piccoli invertebrati<\/span><span class=\"s1\">  utilizzati. Sono anche una soluzione pratica per gli animali giovani o come contenitori per la quarantena. <\/span><\/p>\n<p class=\"p1\"><span class=\"s1\">L&#8217;installazione del box \u00e8 semplice. Un po&#8217; di   <\/span><span class=\"s2\">Substrato, muschio, corteccia o piccoli rami<\/span><span class=\"s1\">  sono spesso sufficienti per creare un ambiente piccolo e naturale. Allo stesso tempo, la manutenzione rimane semplice e chiara. <\/span><\/p>\n<p class=\"p1\"><span class=\"s1\">Grazie alla sua struttura stabile, alla ventilazione flessibile e alle versatili opzioni di applicazione, il box BraPlast <\/span><strong><span class=\"s2\">BraPlast<\/span><\/strong><span class=\"s1\"> \u00e8 un vero e proprio classico della terraristica e fa parte dell&#8217;attrezzatura di base di molti allevatori.<\/span><\/p>\n<p><strong>Esecuzione:<\/strong><\/p>\n<p>Capacit\u00e0: 5,8 litri<br \/>\nDimensioni: 19,5 cm x 19,5 cm x 19,0 cm<\/p>\n<p>Capacit\u00e0: 3,0 litri<br \/>\nDimensioni: 19,5 cm x 19,5 cm x 11,5 cm<\/p>\n","protected":false},"excerpt":{"rendered":"<p>L&#8217;ingegnoso contenitore BraPlast per terrari. Robusto, pratico e personalizzabile! <\/p>\n","protected":false},"featured_media":183321,"template":"","meta":{"_acf_changed":false},"product-supplier":[],"product_brand":[],"product_cat":[2760],"product_tag":[],"lce-checkout-addons":[],"class_list":{"0":"post-183319","1":"product","2":"type-product","3":"status-publish","4":"has-post-thumbnail","6":"product_cat-terrari-e-contenitori","7":"product_shipping_class-equipment-shipping","9":"first","10":"instock","11":"taxable","12":"shipping-taxable","13":"purchasable","14":"product-type-variable"},"acf":[],"yoast_head":"<!-- This site is optimized with the Yoast SEO plugin v27.3 - https:\/\/yoast.com\/product\/yoast-seo-wordpress\/ -->\n<title>BraPlast pu\u00f2 - Insektenliebe<\/title>\n<meta name=\"description\" content=\"Scatola BraPlast - scatola trasparente per tarantole, ragni saltatori e altri invertebrati. Ventilazione regolabile individualmente.\" \/>\n<meta name=\"robots\" content=\"index, follow, max-snippet:-1, max-image-preview:large, max-video-preview:-1\" \/>\n<link rel=\"canonical\" href=\"https:\/\/insektenliebe.com\/it\/shop\/prodotto\/braplast-puo\/\" \/>\n<meta property=\"og:locale\" content=\"it_IT\" \/>\n<meta property=\"og:type\" content=\"article\" \/>\n<meta property=\"og:title\" content=\"BraPlast pu\u00f2 - Insektenliebe\" \/>\n<meta property=\"og:description\" content=\"Scatola BraPlast - scatola trasparente per tarantole, ragni saltatori e altri invertebrati. Ventilazione regolabile individualmente.\" \/>\n<meta property=\"og:url\" content=\"https:\/\/insektenliebe.com\/it\/shop\/prodotto\/braplast-puo\/\" \/>\n<meta property=\"og:site_name\" content=\"Insektenliebe\" \/>\n<meta property=\"article:modified_time\" content=\"2026-03-06T08:59:29+00:00\" \/>\n<meta property=\"og:image\" content=\"https:\/\/insektenliebe.com\/wp-content\/uploads\/2025\/05\/BraPlast-Dose-1-scaled-3.jpg\" \/>\n\t<meta property=\"og:image:width\" content=\"2560\" \/>\n\t<meta property=\"og:image:height\" content=\"2560\" \/>\n\t<meta property=\"og:image:type\" content=\"image\/jpeg\" \/>\n<meta name=\"twitter:card\" content=\"summary_large_image\" \/>\n<meta name=\"twitter:label1\" content=\"Tempo di lettura stimato\" \/>\n\t<meta name=\"twitter:data1\" content=\"2 minuto\" \/>\n<script type=\"application\/ld+json\" class=\"yoast-schema-graph\">{\"@context\":\"https:\\\/\\\/schema.org\",\"@graph\":[{\"@type\":\"WebPage\",\"@id\":\"https:\\\/\\\/insektenliebe.com\\\/it\\\/shop\\\/prodotto\\\/braplast-puo\\\/\",\"url\":\"https:\\\/\\\/insektenliebe.com\\\/it\\\/shop\\\/prodotto\\\/braplast-puo\\\/\",\"name\":\"BraPlast pu\u00f2 - Insektenliebe\",\"isPartOf\":{\"@id\":\"https:\\\/\\\/insektenliebe.com\\\/it\\\/#website\"},\"primaryImageOfPage\":{\"@id\":\"https:\\\/\\\/insektenliebe.com\\\/it\\\/shop\\\/prodotto\\\/braplast-puo\\\/#primaryimage\"},\"image\":{\"@id\":\"https:\\\/\\\/insektenliebe.com\\\/it\\\/shop\\\/prodotto\\\/braplast-puo\\\/#primaryimage\"},\"thumbnailUrl\":\"https:\\\/\\\/insektenliebe.com\\\/wp-content\\\/uploads\\\/2025\\\/05\\\/BraPlast-Dose-1-scaled-3.jpg\",\"datePublished\":\"2020-01-26T15:51:37+00:00\",\"dateModified\":\"2026-03-06T08:59:29+00:00\",\"description\":\"Scatola BraPlast - scatola trasparente per tarantole, ragni saltatori e altri invertebrati. Ventilazione regolabile individualmente.\",\"breadcrumb\":{\"@id\":\"https:\\\/\\\/insektenliebe.com\\\/it\\\/shop\\\/prodotto\\\/braplast-puo\\\/#breadcrumb\"},\"inLanguage\":\"it-IT\",\"potentialAction\":[{\"@type\":\"ReadAction\",\"target\":[\"https:\\\/\\\/insektenliebe.com\\\/it\\\/shop\\\/prodotto\\\/braplast-puo\\\/\"]}]},{\"@type\":\"ImageObject\",\"inLanguage\":\"it-IT\",\"@id\":\"https:\\\/\\\/insektenliebe.com\\\/it\\\/shop\\\/prodotto\\\/braplast-puo\\\/#primaryimage\",\"url\":\"https:\\\/\\\/insektenliebe.com\\\/wp-content\\\/uploads\\\/2025\\\/05\\\/BraPlast-Dose-1-scaled-3.jpg\",\"contentUrl\":\"https:\\\/\\\/insektenliebe.com\\\/wp-content\\\/uploads\\\/2025\\\/05\\\/BraPlast-Dose-1-scaled-3.jpg\",\"width\":2560,\"height\":2560,\"caption\":\"Lattina BraPlast da 5,8 litri\"},{\"@type\":\"BreadcrumbList\",\"@id\":\"https:\\\/\\\/insektenliebe.com\\\/it\\\/shop\\\/prodotto\\\/braplast-puo\\\/#breadcrumb\",\"itemListElement\":[{\"@type\":\"ListItem\",\"position\":1,\"name\":\"Startseite\",\"item\":\"https:\\\/\\\/insektenliebe.com\\\/it\\\/\"},{\"@type\":\"ListItem\",\"position\":2,\"name\":\"Negozio\",\"item\":\"https:\\\/\\\/insektenliebe.com\\\/it\\\/negozio\\\/\"},{\"@type\":\"ListItem\",\"position\":3,\"name\":\"BraPlast pu\u00f2\"}]},{\"@type\":\"WebSite\",\"@id\":\"https:\\\/\\\/insektenliebe.com\\\/it\\\/#website\",\"url\":\"https:\\\/\\\/insektenliebe.com\\\/it\\\/\",\"name\":\"Insektenliebe\",\"description\":\"Dein Zuhause f\u00fcr die kleinen Lebewesen\",\"publisher\":{\"@id\":\"https:\\\/\\\/insektenliebe.com\\\/it\\\/#organization\"},\"potentialAction\":[{\"@type\":\"SearchAction\",\"target\":{\"@type\":\"EntryPoint\",\"urlTemplate\":\"https:\\\/\\\/insektenliebe.com\\\/it\\\/?s={search_term_string}\"},\"query-input\":{\"@type\":\"PropertyValueSpecification\",\"valueRequired\":true,\"valueName\":\"search_term_string\"}}],\"inLanguage\":\"it-IT\"},{\"@type\":\"Organization\",\"@id\":\"https:\\\/\\\/insektenliebe.com\\\/it\\\/#organization\",\"name\":\"Insektenliebe\",\"url\":\"https:\\\/\\\/insektenliebe.com\\\/it\\\/\",\"logo\":{\"@type\":\"ImageObject\",\"inLanguage\":\"it-IT\",\"@id\":\"https:\\\/\\\/insektenliebe.com\\\/it\\\/#\\\/schema\\\/logo\\\/image\\\/\",\"url\":\"https:\\\/\\\/insektenliebe.com\\\/wp-content\\\/uploads\\\/2025\\\/03\\\/logo-white.png\",\"contentUrl\":\"https:\\\/\\\/insektenliebe.com\\\/wp-content\\\/uploads\\\/2025\\\/03\\\/logo-white.png\",\"width\":288,\"height\":188,\"caption\":\"Insektenliebe\"},\"image\":{\"@id\":\"https:\\\/\\\/insektenliebe.com\\\/it\\\/#\\\/schema\\\/logo\\\/image\\\/\"}}]}<\/script>\n<!-- \/ Yoast SEO plugin. -->","yoast_head_json":{"title":"BraPlast pu\u00f2 - Insektenliebe","description":"Scatola BraPlast - scatola trasparente per tarantole, ragni saltatori e altri invertebrati. Ventilazione regolabile individualmente.","robots":{"index":"index","follow":"follow","max-snippet":"max-snippet:-1","max-image-preview":"max-image-preview:large","max-video-preview":"max-video-preview:-1"},"canonical":"https:\/\/insektenliebe.com\/it\/shop\/prodotto\/braplast-puo\/","og_locale":"it_IT","og_type":"article","og_title":"BraPlast pu\u00f2 - Insektenliebe","og_description":"Scatola BraPlast - scatola trasparente per tarantole, ragni saltatori e altri invertebrati. Ventilazione regolabile individualmente.","og_url":"https:\/\/insektenliebe.com\/it\/shop\/prodotto\/braplast-puo\/","og_site_name":"Insektenliebe","article_modified_time":"2026-03-06T08:59:29+00:00","og_image":[{"width":2560,"height":2560,"url":"https:\/\/insektenliebe.com\/wp-content\/uploads\/2025\/05\/BraPlast-Dose-1-scaled-3.jpg","type":"image\/jpeg"}],"twitter_card":"summary_large_image","twitter_misc":{"Tempo di lettura stimato":"2 minuto"},"schema":{"@context":"https:\/\/schema.org","@graph":[{"@type":"WebPage","@id":"https:\/\/insektenliebe.com\/it\/shop\/prodotto\/braplast-puo\/","url":"https:\/\/insektenliebe.com\/it\/shop\/prodotto\/braplast-puo\/","name":"BraPlast pu\u00f2 - Insektenliebe","isPartOf":{"@id":"https:\/\/insektenliebe.com\/it\/#website"},"primaryImageOfPage":{"@id":"https:\/\/insektenliebe.com\/it\/shop\/prodotto\/braplast-puo\/#primaryimage"},"image":{"@id":"https:\/\/insektenliebe.com\/it\/shop\/prodotto\/braplast-puo\/#primaryimage"},"thumbnailUrl":"https:\/\/insektenliebe.com\/wp-content\/uploads\/2025\/05\/BraPlast-Dose-1-scaled-3.jpg","datePublished":"2020-01-26T15:51:37+00:00","dateModified":"2026-03-06T08:59:29+00:00","description":"Scatola BraPlast - scatola trasparente per tarantole, ragni saltatori e altri invertebrati. Ventilazione regolabile individualmente.","breadcrumb":{"@id":"https:\/\/insektenliebe.com\/it\/shop\/prodotto\/braplast-puo\/#breadcrumb"},"inLanguage":"it-IT","potentialAction":[{"@type":"ReadAction","target":["https:\/\/insektenliebe.com\/it\/shop\/prodotto\/braplast-puo\/"]}]},{"@type":"ImageObject","inLanguage":"it-IT","@id":"https:\/\/insektenliebe.com\/it\/shop\/prodotto\/braplast-puo\/#primaryimage","url":"https:\/\/insektenliebe.com\/wp-content\/uploads\/2025\/05\/BraPlast-Dose-1-scaled-3.jpg","contentUrl":"https:\/\/insektenliebe.com\/wp-content\/uploads\/2025\/05\/BraPlast-Dose-1-scaled-3.jpg","width":2560,"height":2560,"caption":"Lattina BraPlast da 5,8 litri"},{"@type":"BreadcrumbList","@id":"https:\/\/insektenliebe.com\/it\/shop\/prodotto\/braplast-puo\/#breadcrumb","itemListElement":[{"@type":"ListItem","position":1,"name":"Startseite","item":"https:\/\/insektenliebe.com\/it\/"},{"@type":"ListItem","position":2,"name":"Negozio","item":"https:\/\/insektenliebe.com\/it\/negozio\/"},{"@type":"ListItem","position":3,"name":"BraPlast pu\u00f2"}]},{"@type":"WebSite","@id":"https:\/\/insektenliebe.com\/it\/#website","url":"https:\/\/insektenliebe.com\/it\/","name":"Insektenliebe","description":"Dein Zuhause f\u00fcr die kleinen Lebewesen","publisher":{"@id":"https:\/\/insektenliebe.com\/it\/#organization"},"potentialAction":[{"@type":"SearchAction","target":{"@type":"EntryPoint","urlTemplate":"https:\/\/insektenliebe.com\/it\/?s={search_term_string}"},"query-input":{"@type":"PropertyValueSpecification","valueRequired":true,"valueName":"search_term_string"}}],"inLanguage":"it-IT"},{"@type":"Organization","@id":"https:\/\/insektenliebe.com\/it\/#organization","name":"Insektenliebe","url":"https:\/\/insektenliebe.com\/it\/","logo":{"@type":"ImageObject","inLanguage":"it-IT","@id":"https:\/\/insektenliebe.com\/it\/#\/schema\/logo\/image\/","url":"https:\/\/insektenliebe.com\/wp-content\/uploads\/2025\/03\/logo-white.png","contentUrl":"https:\/\/insektenliebe.com\/wp-content\/uploads\/2025\/03\/logo-white.png","width":288,"height":188,"caption":"Insektenliebe"},"image":{"@id":"https:\/\/insektenliebe.com\/it\/#\/schema\/logo\/image\/"}}]}},"_links":{"self":[{"href":"https:\/\/insektenliebe.com\/it\/wp-json\/wp\/v2\/product\/183319","targetHints":{"allow":["GET"]}}],"collection":[{"href":"https:\/\/insektenliebe.com\/it\/wp-json\/wp\/v2\/product"}],"about":[{"href":"https:\/\/insektenliebe.com\/it\/wp-json\/wp\/v2\/types\/product"}],"wp:featuredmedia":[{"embeddable":true,"href":"https:\/\/insektenliebe.com\/it\/wp-json\/wp\/v2\/media\/183321"}],"wp:attachment":[{"href":"https:\/\/insektenliebe.com\/it\/wp-json\/wp\/v2\/media?parent=183319"}],"wp:term":[{"taxonomy":"product-supplier","embeddable":true,"href":"https:\/\/insektenliebe.com\/it\/wp-json\/wp\/v2\/product-supplier?post=183319"},{"taxonomy":"product_brand","embeddable":true,"href":"https:\/\/insektenliebe.com\/it\/wp-json\/wp\/v2\/product_brand?post=183319"},{"taxonomy":"product_cat","embeddable":true,"href":"https:\/\/insektenliebe.com\/it\/wp-json\/wp\/v2\/product_cat?post=183319"},{"taxonomy":"product_tag","embeddable":true,"href":"https:\/\/insektenliebe.com\/it\/wp-json\/wp\/v2\/product_tag?post=183319"},{"taxonomy":"lce-checkout-addons","embeddable":true,"href":"https:\/\/insektenliebe.com\/it\/wp-json\/wp\/v2\/lce-checkout-addons?post=183319"}],"curies":[{"name":"wp","href":"https:\/\/api.w.org\/{rel}","templated":true}]}}