{"id":183061,"date":"2021-05-14T10:22:00","date_gmt":"2021-05-14T08:22:00","guid":{"rendered":"https:\/\/insektenliebe.com\/shop\/produkt\/hobby-hygro-therm\/"},"modified":"2026-03-05T19:34:11","modified_gmt":"2026-03-05T18:34:11","slug":"hobby-hygro-therm","status":"publish","type":"product","link":"https:\/\/insektenliebe.com\/it\/shop\/prodotto\/hobby-hygro-therm\/","title":{"rendered":"Hobby Hygro-Therm"},"content":{"rendered":"<h3><span class=\"s1\" style=\"color: #99cc33;\">Hobby Hygro-Therm - Controllo preciso per il tuo terrario<\/span><\/h3>\n<p class=\"p1\"><span class=\"s1\">Il <\/span><strong><span class=\"s2\">Hobby Hygro-Therm<\/span><\/strong><span class=\"s1\"> \u00e8 un termometro e igrometro digitale compatto e facile da usare <\/span><span class=\"s2\">termometro e igrometro digitale<\/span><span class=\"s1\">  per terrari. Con questo pratico strumento di misurazione puoi mantenere sia   <\/span><span class=\"s2\">temperatura e umidit\u00e0<\/span><span class=\"s1\"> con un colpo d&#8217;occhio in ogni momento.<\/span><\/p>\n<p class=\"p1\"><span class=\"s1\">I valori climatici stabili giocano un ruolo decisivo soprattutto nella terraristica. Molti rettili, anfibi e invertebrati reagiscono in modo sensibile a temperature non corrette o a un&#8217;umidit\u00e0 non adeguata. L&#8217;<strong>Hobby Hygro-Therm<\/strong> ti aiuta a controllare in modo affidabile questi valori.  <\/span><\/p>\n<p class=\"p1\"><span class=\"s1\">Il dispositivo misura in modo particolarmente preciso. La temperatura viene misurata con una precisione di   <\/span><span class=\"s2\">\u00b10,5 \u00b0C<\/span><span class=\"s1\"> mentre l&#8217;umidit\u00e0 viene misurata con una precisione di <\/span><span class=\"s2\">\u00b13 %<\/span><span class=\"s1\">  viene visualizzato. Questo ti permette di capire rapidamente se le condizioni del terrario sono ottimali o se \u00e8 necessario apportare delle modifiche. <\/span><\/p>\n<p class=\"p1\"><span class=\"s1\">La <\/span><span class=\"s2\">L&#8217;intervallo di misurazione della temperatura va da -20 \u00b0C a 60 \u00b0C.<\/span><span class=\"s1\">. Allo stesso tempo, il dispositivo misura un  <\/span><span class=\"s2\">Umidit\u00e0 relativa compresa tra il 20 e il 95<\/span><span class=\"s1\">. Questo rende l&#8217;Hygro-Therm adatto a diversi tipi di terrario, da quelli secchi del deserto a quelli umidi della foresta pluviale.<\/span><\/p>\n<p class=\"p1\"><span class=\"s1\">Il dispositivo di misurazione aggiorna i suoi valori regolarmente. Tutti   <\/span><span class=\"s2\">10 secondi<\/span><span class=\"s1\">  effettua una nuova misurazione. In questo modo avrai sempre dati aggiornati sul clima del terrario. <\/span><\/p>\n<p class=\"p1\"><span class=\"s1\">Anche l&#8217;installazione \u00e8 particolarmente semplice. L&#8217;Hygro-Therm \u00e8 dotato di un   <\/span><span class=\"s2\">Ventosa di alta qualit\u00e0<\/span><span class=\"s1\">  in dotazione. Questo ti permette di fissare il dispositivo in modo flessibile al disco del terrario. Allo stesso tempo, pu\u00f2 essere rimosso in qualsiasi momento o collocato in una posizione diversa.  <\/span><\/p>\n<p class=\"p1\"><span class=\"s1\">Grazie al suo <\/span><span class=\"s2\">design compatto<\/span><span class=\"s1\">  il dispositivo non \u00e8 invadente nel terrario e non occupa quasi spazio. Allo stesso tempo, il display rimane facile da leggere. <\/span><\/p>\n<p class=\"p1\"><span class=\"s1\">L&#8217;<strong>Hobby Hygro-Therm<\/strong> non \u00e8 adatto solo ai terrari. Puoi anche utilizzarlo   <\/span><span class=\"s2\">in viaggio, in scatole da trasporto o in contenitori di allevamento<\/span><span class=\"s1\"> per controllare importanti valori climatici.<\/span><\/p>\n<p class=\"p1\"><span class=\"s1\">Grazie alla precisione delle misure, alla semplicit\u00e0 d&#8217;uso e alla flessibilit\u00e0 di installazione, l&#8217;Hygro-Therm di Hobby \u00e8 un sistema di misurazioni e di controllo. <\/span><strong><span class=\"s2\">Hobby Hygro-Therm<\/span><\/strong><span class=\"s1\"> \u00e8 un pratico dispositivo di controllo per ogni terrario.<\/span><\/p>\n","protected":false},"excerpt":{"rendered":"<p>Hobby Hygro-Therm - Controllo preciso per il tuo terrario Il Hobby Hygro-Therm \u00e8 un termometro e igrometro digitale compatto e facile da usare termometro e igrometro digitale per terrari. Con questo pratico strumento di misurazione puoi mantenere sia temperatura e umidit\u00e0 con un colpo d&#8217;occhio in ogni momento. I valori climatici stabili giocano un ruolo [&hellip;]<\/p>\n","protected":false},"featured_media":183064,"template":"","meta":{"_acf_changed":false},"product-supplier":[2555],"product_brand":[2739],"product_cat":[2740,2741],"product_tag":[],"lce-checkout-addons":[],"class_list":{"0":"post-183061","1":"product","2":"type-product","3":"status-publish","4":"has-post-thumbnail","6":"product_brand-hobby-terraristica","7":"product_cat-arredamento-e-decorazione","8":"product_cat-illuminazione-e-clima","9":"product_shipping_class-equipment-shipping","11":"first","12":"instock","13":"sale","14":"taxable","15":"shipping-taxable","16":"purchasable","17":"product-type-simple"},"acf":[],"yoast_head":"<!-- This site is optimized with the Yoast SEO plugin v27.3 - https:\/\/yoast.com\/product\/yoast-seo-wordpress\/ -->\n<title>Hobby Hygro-Therm - Insektenliebe<\/title>\n<meta name=\"description\" content=\"Hobby Hygro-Therm - termometro e igrometro digitale per terrari. Misura la temperatura e l&#039;umidit\u00e0 in modo preciso e affidabile.\" \/>\n<meta name=\"robots\" content=\"index, follow, max-snippet:-1, max-image-preview:large, max-video-preview:-1\" \/>\n<link rel=\"canonical\" href=\"https:\/\/insektenliebe.com\/it\/shop\/prodotto\/hobby-hygro-therm\/\" \/>\n<meta property=\"og:locale\" content=\"it_IT\" \/>\n<meta property=\"og:type\" content=\"article\" \/>\n<meta property=\"og:title\" content=\"Hobby Hygro-Therm - Insektenliebe\" \/>\n<meta property=\"og:description\" content=\"Hobby Hygro-Therm - termometro e igrometro digitale per terrari. Misura la temperatura e l&#039;umidit\u00e0 in modo preciso e affidabile.\" \/>\n<meta property=\"og:url\" content=\"https:\/\/insektenliebe.com\/it\/shop\/prodotto\/hobby-hygro-therm\/\" \/>\n<meta property=\"og:site_name\" content=\"Insektenliebe\" \/>\n<meta property=\"article:modified_time\" content=\"2026-03-05T18:34:11+00:00\" \/>\n<meta property=\"og:image\" content=\"https:\/\/insektenliebe.com\/wp-content\/uploads\/2025\/05\/Hobby-Hygro-Therm-2.jpg\" \/>\n\t<meta property=\"og:image:width\" content=\"820\" \/>\n\t<meta property=\"og:image:height\" content=\"820\" \/>\n\t<meta property=\"og:image:type\" content=\"image\/jpeg\" \/>\n<meta name=\"twitter:card\" content=\"summary_large_image\" \/>\n<meta name=\"twitter:label1\" content=\"Tempo di lettura stimato\" \/>\n\t<meta name=\"twitter:data1\" content=\"2 minuto\" \/>\n<script type=\"application\/ld+json\" class=\"yoast-schema-graph\">{\"@context\":\"https:\\\/\\\/schema.org\",\"@graph\":[{\"@type\":\"WebPage\",\"@id\":\"https:\\\/\\\/insektenliebe.com\\\/it\\\/shop\\\/prodotto\\\/hobby-hygro-therm\\\/\",\"url\":\"https:\\\/\\\/insektenliebe.com\\\/it\\\/shop\\\/prodotto\\\/hobby-hygro-therm\\\/\",\"name\":\"Hobby Hygro-Therm - Insektenliebe\",\"isPartOf\":{\"@id\":\"https:\\\/\\\/insektenliebe.com\\\/it\\\/#website\"},\"primaryImageOfPage\":{\"@id\":\"https:\\\/\\\/insektenliebe.com\\\/it\\\/shop\\\/prodotto\\\/hobby-hygro-therm\\\/#primaryimage\"},\"image\":{\"@id\":\"https:\\\/\\\/insektenliebe.com\\\/it\\\/shop\\\/prodotto\\\/hobby-hygro-therm\\\/#primaryimage\"},\"thumbnailUrl\":\"https:\\\/\\\/insektenliebe.com\\\/wp-content\\\/uploads\\\/2025\\\/05\\\/Hobby-Hygro-Therm-2.jpg\",\"datePublished\":\"2021-05-14T08:22:00+00:00\",\"dateModified\":\"2026-03-05T18:34:11+00:00\",\"description\":\"Hobby Hygro-Therm - termometro e igrometro digitale per terrari. Misura la temperatura e l'umidit\u00e0 in modo preciso e affidabile.\",\"breadcrumb\":{\"@id\":\"https:\\\/\\\/insektenliebe.com\\\/it\\\/shop\\\/prodotto\\\/hobby-hygro-therm\\\/#breadcrumb\"},\"inLanguage\":\"it-IT\",\"potentialAction\":[{\"@type\":\"ReadAction\",\"target\":[\"https:\\\/\\\/insektenliebe.com\\\/it\\\/shop\\\/prodotto\\\/hobby-hygro-therm\\\/\"]}]},{\"@type\":\"ImageObject\",\"inLanguage\":\"it-IT\",\"@id\":\"https:\\\/\\\/insektenliebe.com\\\/it\\\/shop\\\/prodotto\\\/hobby-hygro-therm\\\/#primaryimage\",\"url\":\"https:\\\/\\\/insektenliebe.com\\\/wp-content\\\/uploads\\\/2025\\\/05\\\/Hobby-Hygro-Therm-2.jpg\",\"contentUrl\":\"https:\\\/\\\/insektenliebe.com\\\/wp-content\\\/uploads\\\/2025\\\/05\\\/Hobby-Hygro-Therm-2.jpg\",\"width\":820,\"height\":820,\"caption\":\"Hobby-Hygro-Therm-2.jpg\"},{\"@type\":\"BreadcrumbList\",\"@id\":\"https:\\\/\\\/insektenliebe.com\\\/it\\\/shop\\\/prodotto\\\/hobby-hygro-therm\\\/#breadcrumb\",\"itemListElement\":[{\"@type\":\"ListItem\",\"position\":1,\"name\":\"Startseite\",\"item\":\"https:\\\/\\\/insektenliebe.com\\\/it\\\/\"},{\"@type\":\"ListItem\",\"position\":2,\"name\":\"Negozio\",\"item\":\"https:\\\/\\\/insektenliebe.com\\\/it\\\/negozio\\\/\"},{\"@type\":\"ListItem\",\"position\":3,\"name\":\"Hobby Hygro-Therm\"}]},{\"@type\":\"WebSite\",\"@id\":\"https:\\\/\\\/insektenliebe.com\\\/it\\\/#website\",\"url\":\"https:\\\/\\\/insektenliebe.com\\\/it\\\/\",\"name\":\"Insektenliebe\",\"description\":\"Dein Zuhause f\u00fcr die kleinen Lebewesen\",\"publisher\":{\"@id\":\"https:\\\/\\\/insektenliebe.com\\\/it\\\/#organization\"},\"potentialAction\":[{\"@type\":\"SearchAction\",\"target\":{\"@type\":\"EntryPoint\",\"urlTemplate\":\"https:\\\/\\\/insektenliebe.com\\\/it\\\/?s={search_term_string}\"},\"query-input\":{\"@type\":\"PropertyValueSpecification\",\"valueRequired\":true,\"valueName\":\"search_term_string\"}}],\"inLanguage\":\"it-IT\"},{\"@type\":\"Organization\",\"@id\":\"https:\\\/\\\/insektenliebe.com\\\/it\\\/#organization\",\"name\":\"Insektenliebe\",\"url\":\"https:\\\/\\\/insektenliebe.com\\\/it\\\/\",\"logo\":{\"@type\":\"ImageObject\",\"inLanguage\":\"it-IT\",\"@id\":\"https:\\\/\\\/insektenliebe.com\\\/it\\\/#\\\/schema\\\/logo\\\/image\\\/\",\"url\":\"https:\\\/\\\/insektenliebe.com\\\/wp-content\\\/uploads\\\/2025\\\/03\\\/logo-white.png\",\"contentUrl\":\"https:\\\/\\\/insektenliebe.com\\\/wp-content\\\/uploads\\\/2025\\\/03\\\/logo-white.png\",\"width\":288,\"height\":188,\"caption\":\"Insektenliebe\"},\"image\":{\"@id\":\"https:\\\/\\\/insektenliebe.com\\\/it\\\/#\\\/schema\\\/logo\\\/image\\\/\"}}]}<\/script>\n<!-- \/ Yoast SEO plugin. -->","yoast_head_json":{"title":"Hobby Hygro-Therm - Insektenliebe","description":"Hobby Hygro-Therm - termometro e igrometro digitale per terrari. Misura la temperatura e l'umidit\u00e0 in modo preciso e affidabile.","robots":{"index":"index","follow":"follow","max-snippet":"max-snippet:-1","max-image-preview":"max-image-preview:large","max-video-preview":"max-video-preview:-1"},"canonical":"https:\/\/insektenliebe.com\/it\/shop\/prodotto\/hobby-hygro-therm\/","og_locale":"it_IT","og_type":"article","og_title":"Hobby Hygro-Therm - Insektenliebe","og_description":"Hobby Hygro-Therm - termometro e igrometro digitale per terrari. Misura la temperatura e l'umidit\u00e0 in modo preciso e affidabile.","og_url":"https:\/\/insektenliebe.com\/it\/shop\/prodotto\/hobby-hygro-therm\/","og_site_name":"Insektenliebe","article_modified_time":"2026-03-05T18:34:11+00:00","og_image":[{"width":820,"height":820,"url":"https:\/\/insektenliebe.com\/wp-content\/uploads\/2025\/05\/Hobby-Hygro-Therm-2.jpg","type":"image\/jpeg"}],"twitter_card":"summary_large_image","twitter_misc":{"Tempo di lettura stimato":"2 minuto"},"schema":{"@context":"https:\/\/schema.org","@graph":[{"@type":"WebPage","@id":"https:\/\/insektenliebe.com\/it\/shop\/prodotto\/hobby-hygro-therm\/","url":"https:\/\/insektenliebe.com\/it\/shop\/prodotto\/hobby-hygro-therm\/","name":"Hobby Hygro-Therm - Insektenliebe","isPartOf":{"@id":"https:\/\/insektenliebe.com\/it\/#website"},"primaryImageOfPage":{"@id":"https:\/\/insektenliebe.com\/it\/shop\/prodotto\/hobby-hygro-therm\/#primaryimage"},"image":{"@id":"https:\/\/insektenliebe.com\/it\/shop\/prodotto\/hobby-hygro-therm\/#primaryimage"},"thumbnailUrl":"https:\/\/insektenliebe.com\/wp-content\/uploads\/2025\/05\/Hobby-Hygro-Therm-2.jpg","datePublished":"2021-05-14T08:22:00+00:00","dateModified":"2026-03-05T18:34:11+00:00","description":"Hobby Hygro-Therm - termometro e igrometro digitale per terrari. Misura la temperatura e l'umidit\u00e0 in modo preciso e affidabile.","breadcrumb":{"@id":"https:\/\/insektenliebe.com\/it\/shop\/prodotto\/hobby-hygro-therm\/#breadcrumb"},"inLanguage":"it-IT","potentialAction":[{"@type":"ReadAction","target":["https:\/\/insektenliebe.com\/it\/shop\/prodotto\/hobby-hygro-therm\/"]}]},{"@type":"ImageObject","inLanguage":"it-IT","@id":"https:\/\/insektenliebe.com\/it\/shop\/prodotto\/hobby-hygro-therm\/#primaryimage","url":"https:\/\/insektenliebe.com\/wp-content\/uploads\/2025\/05\/Hobby-Hygro-Therm-2.jpg","contentUrl":"https:\/\/insektenliebe.com\/wp-content\/uploads\/2025\/05\/Hobby-Hygro-Therm-2.jpg","width":820,"height":820,"caption":"Hobby-Hygro-Therm-2.jpg"},{"@type":"BreadcrumbList","@id":"https:\/\/insektenliebe.com\/it\/shop\/prodotto\/hobby-hygro-therm\/#breadcrumb","itemListElement":[{"@type":"ListItem","position":1,"name":"Startseite","item":"https:\/\/insektenliebe.com\/it\/"},{"@type":"ListItem","position":2,"name":"Negozio","item":"https:\/\/insektenliebe.com\/it\/negozio\/"},{"@type":"ListItem","position":3,"name":"Hobby Hygro-Therm"}]},{"@type":"WebSite","@id":"https:\/\/insektenliebe.com\/it\/#website","url":"https:\/\/insektenliebe.com\/it\/","name":"Insektenliebe","description":"Dein Zuhause f\u00fcr die kleinen Lebewesen","publisher":{"@id":"https:\/\/insektenliebe.com\/it\/#organization"},"potentialAction":[{"@type":"SearchAction","target":{"@type":"EntryPoint","urlTemplate":"https:\/\/insektenliebe.com\/it\/?s={search_term_string}"},"query-input":{"@type":"PropertyValueSpecification","valueRequired":true,"valueName":"search_term_string"}}],"inLanguage":"it-IT"},{"@type":"Organization","@id":"https:\/\/insektenliebe.com\/it\/#organization","name":"Insektenliebe","url":"https:\/\/insektenliebe.com\/it\/","logo":{"@type":"ImageObject","inLanguage":"it-IT","@id":"https:\/\/insektenliebe.com\/it\/#\/schema\/logo\/image\/","url":"https:\/\/insektenliebe.com\/wp-content\/uploads\/2025\/03\/logo-white.png","contentUrl":"https:\/\/insektenliebe.com\/wp-content\/uploads\/2025\/03\/logo-white.png","width":288,"height":188,"caption":"Insektenliebe"},"image":{"@id":"https:\/\/insektenliebe.com\/it\/#\/schema\/logo\/image\/"}}]}},"_links":{"self":[{"href":"https:\/\/insektenliebe.com\/it\/wp-json\/wp\/v2\/product\/183061","targetHints":{"allow":["GET"]}}],"collection":[{"href":"https:\/\/insektenliebe.com\/it\/wp-json\/wp\/v2\/product"}],"about":[{"href":"https:\/\/insektenliebe.com\/it\/wp-json\/wp\/v2\/types\/product"}],"wp:featuredmedia":[{"embeddable":true,"href":"https:\/\/insektenliebe.com\/it\/wp-json\/wp\/v2\/media\/183064"}],"wp:attachment":[{"href":"https:\/\/insektenliebe.com\/it\/wp-json\/wp\/v2\/media?parent=183061"}],"wp:term":[{"taxonomy":"product-supplier","embeddable":true,"href":"https:\/\/insektenliebe.com\/it\/wp-json\/wp\/v2\/product-supplier?post=183061"},{"taxonomy":"product_brand","embeddable":true,"href":"https:\/\/insektenliebe.com\/it\/wp-json\/wp\/v2\/product_brand?post=183061"},{"taxonomy":"product_cat","embeddable":true,"href":"https:\/\/insektenliebe.com\/it\/wp-json\/wp\/v2\/product_cat?post=183061"},{"taxonomy":"product_tag","embeddable":true,"href":"https:\/\/insektenliebe.com\/it\/wp-json\/wp\/v2\/product_tag?post=183061"},{"taxonomy":"lce-checkout-addons","embeddable":true,"href":"https:\/\/insektenliebe.com\/it\/wp-json\/wp\/v2\/lce-checkout-addons?post=183061"}],"curies":[{"name":"wp","href":"https:\/\/api.w.org\/{rel}","templated":true}]}}