{"id":182466,"date":"2018-04-17T11:40:24","date_gmt":"2018-04-17T09:40:24","guid":{"rendered":"https:\/\/insektenliebe.com\/impronta\/"},"modified":"2026-02-26T09:46:08","modified_gmt":"2026-02-26T08:46:08","slug":"impronta","status":"publish","type":"page","link":"https:\/\/insektenliebe.com\/it\/impronta\/","title":{"rendered":"Impronta"},"content":{"rendered":"\n<div class=\"wp-block-columns is-layout-flex wp-container-core-columns-is-layout-28f84493 wp-block-columns-is-layout-flex\">\n<div class=\"wp-block-column has-custom-hellgruen-background-color has-background is-layout-flow wp-block-column-is-layout-flow\" style=\"padding-top:var(--wp--preset--spacing--30);padding-right:var(--wp--preset--spacing--30);padding-bottom:var(--wp--preset--spacing--30);padding-left:var(--wp--preset--spacing--30)\">\n<p style=\"font-style:normal;font-weight:700\">Insektenliebe GmbH<\/p>\n\n\n\n<p>Im Unterw\u00e4sser 5<br\/>72574 Bad Urach<br\/><br\/>Germania<\/p>\n<\/div>\n\n\n\n<div class=\"wp-block-column has-custom-hellgruen-background-color has-background is-layout-flow wp-block-column-is-layout-flow\" style=\"padding-top:var(--wp--preset--spacing--30);padding-right:var(--wp--preset--spacing--30);padding-bottom:var(--wp--preset--spacing--30);padding-left:var(--wp--preset--spacing--30)\">\n<p style=\"font-style:normal;font-weight:700\">Insektenliebe GmbH \u00e8 rappresentata da amministratori delegati:<\/p>\n\n\n\n<p>Frank Reebig<\/p>\n<\/div>\n\n\n\n<div class=\"wp-block-column has-custom-hellgruen-background-color has-background is-layout-flow wp-block-column-is-layout-flow\" style=\"padding-top:var(--wp--preset--spacing--30);padding-right:var(--wp--preset--spacing--30);padding-bottom:var(--wp--preset--spacing--30);padding-left:var(--wp--preset--spacing--30)\">\n<p style=\"font-style:normal;font-weight:700\">Contatto:<\/p>\n\n\n\n<p><a href=\"fon:%20+49%20176%2027105420\">Telefono: <\/a>+49 1578 5161804<br\/><em>Ti richiameremo se non sei raggiungibile<\/em><br\/><\/p>\n\n\n\n<p>Mail: service@insektenliebe.de<\/p>\n<\/div>\n<\/div>\n\n<div class=\"wp-block-columns is-layout-flex wp-container-core-columns-is-layout-28f84493 wp-block-columns-is-layout-flex\">\n<div class=\"wp-block-column has-custom-hellgruen-background-color has-background is-layout-flow wp-block-column-is-layout-flow\" style=\"padding-top:var(--wp--preset--spacing--30);padding-right:var(--wp--preset--spacing--30);padding-bottom:var(--wp--preset--spacing--30);padding-left:var(--wp--preset--spacing--30)\">\n<p style=\"font-style:normal;font-weight:700\">Numero di identificazione dell&#8217;imposta sul valore aggiunto ai sensi del \u00a727a della legge sull&#8217;imposta sul valore aggiunto (UStG): <\/p>\n\n\n\n<p>DE346060231<\/p>\n<\/div>\n\n\n\n<div class=\"wp-block-column has-custom-hellgruen-background-color has-background is-layout-flow wp-block-column-is-layout-flow\" style=\"padding-top:var(--wp--preset--spacing--30);padding-right:var(--wp--preset--spacing--30);padding-bottom:var(--wp--preset--spacing--30);padding-left:var(--wp--preset--spacing--30)\">\n<p style=\"font-style:normal;font-weight:700\">Numero di registrazione LUCID:<\/p>\n\n\n\n<p>DE1543588953552<\/p>\n<\/div>\n\n\n\n<div class=\"wp-block-column has-custom-hellgruen-background-color has-background is-layout-flow wp-block-column-is-layout-flow\" style=\"padding-top:var(--wp--preset--spacing--30);padding-right:var(--wp--preset--spacing--30);padding-bottom:var(--wp--preset--spacing--30);padding-left:var(--wp--preset--spacing--30)\">\n<p style=\"font-style:normal;font-weight:700\">Responsabile del contenuto ai sensi del \u00a7 55 II RStV: <\/p>\n\n\n\n<p>Insektenliebe GmbH<br\/>B\u00f6hringer Stra\u00dfe 42<br\/>72582 Grabenstetten<\/p>\n<\/div>\n<\/div>\n\n<p class=\"has-small-font-size\">Impronta creata dal generatore di impronte di e-recht24.de<\/p>\n\n<h2 class=\"wp-block-heading\">Responsabilit\u00e0 per i contenuti<\/h2>\n\n<p>I contenuti delle nostre pagine sono stati creati con la massima cura. Tuttavia, non possiamo assumerci alcuna responsabilit\u00e0 per l&#8217;accuratezza, la completezza e l&#8217;attualit\u00e0 dei contenuti. In qualit\u00e0 di fornitore di servizi, siamo responsabili dei nostri contenuti su queste pagine ai sensi del \u00a7 7 comma 1 TMG (legge tedesca sui media telematici) e delle leggi generali. Ai sensi dei \u00a7\u00a7 8-10 TMG, tuttavia, in qualit\u00e0 di fornitore di servizi non siamo obbligati a monitorare le informazioni trasmesse o memorizzate da terzi o a indagare su circostanze che indicano un&#8217;attivit\u00e0 illegale. Gli obblighi di rimuovere o bloccare l&#8217;uso delle informazioni in conformit\u00e0 alla legislazione generale rimangono inalterati. Tuttavia, la responsabilit\u00e0 in questo senso \u00e8 possibile solo dal momento in cui veniamo a conoscenza di una specifica violazione legale e rimuoveremo immediatamente questi contenuti qualora venissimo a conoscenza di tali violazioni.      <\/p>\n\n<h2 class=\"wp-block-heading\">Responsabilit\u00e0 per i link<\/h2>\n\n<p>Il nostro sito web contiene link a siti web esterni di terzi sui cui contenuti non abbiamo alcuna influenza. Pertanto, non possiamo assumerci alcuna responsabilit\u00e0 per questi contenuti di terzi. Il rispettivo fornitore o gestore delle pagine \u00e8 sempre responsabile del contenuto delle pagine collegate. Le pagine collegate sono state controllate per verificare la presenza di eventuali violazioni legali al momento del collegamento. I contenuti illegali non sono stati individuati al momento del collegamento. Tuttavia, il monitoraggio permanente del contenuto delle pagine collegate non \u00e8 ragionevole in assenza di prove concrete di una violazione. Se dovessimo venire a conoscenza di eventuali violazioni legali, rimuoveremo immediatamente tali link.      <\/p>\n\n<h2 class=\"wp-block-heading\">Copyright<\/h2>\n\n<p>I contenuti e le opere create dagli operatori del sito in queste pagine sono soggetti alla legge tedesca sul copyright. La duplicazione, l&#8217;elaborazione, la distribuzione e qualsiasi tipo di utilizzo al di fuori dei limiti della legge sul copyright richiedono il consenso scritto del rispettivo autore o creatore. I download e le copie di questo sito sono consentiti solo per uso privato e non commerciale. Nella misura in cui i contenuti di questo sito non sono stati creati dall&#8217;operatore, vengono rispettati i diritti d&#8217;autore di terzi. In particolare, i contenuti di terzi sono contrassegnati come tali. Se tuttavia dovessi venire a conoscenza di una violazione del copyright, ti preghiamo di informarci di conseguenza. Qualora venissimo a conoscenza di violazioni, provvederemo a rimuovere immediatamente tali contenuti.      <\/p>\n\n<h2 class=\"wp-block-heading\">Protezione dei dati<\/h2>\n\n<p>L&#8217;utilizzo del nostro sito web \u00e8 generalmente possibile senza fornire dati personali. Se sul nostro sito web vengono raccolti dati personali (ad esempio nome, indirizzo o indirizzo e-mail), ci\u00f2 avviene sempre su base volontaria, per quanto possibile. Questi dati non saranno trasmessi a terzi senza il tuo esplicito consenso e desideriamo sottolineare che la trasmissione dei dati su Internet (ad esempio, quando si comunica via e-mail) pu\u00f2 essere soggetta a vulnerabilit\u00e0 di sicurezza. Una protezione completa dei dati contro l&#8217;accesso da parte di terzi non \u00e8 possibile. Con la presente si vieta espressamente l&#8217;utilizzo dei dati di contatto pubblicati nell&#8217;ambito dell&#8217;obbligo di imprinting da parte di terzi per l&#8217;invio di materiale pubblicitario e informativo non richiesto. Gli operatori di questo sito web si riservano espressamente il diritto di intraprendere azioni legali in caso di invio non richiesto di informazioni pubblicitarie, come ad esempio e-mail di spam.     <\/p>\n\n<h2 class=\"wp-block-heading\">Informativa sulla privacy per l&#8217;utilizzo di Google Analytics<\/h2>\n\n<p>Questo sito web utilizza Google Analytics, un servizio di analisi web fornito da Google Inc (\"Google\"). Google Analytics utilizza dei \"cookies\", ovvero dei file di testo che vengono depositati sul tuo computer per consentire al sito web di analizzare come gli utenti utilizzano il sito. Le informazioni generate dal cookie sull&#8217;utilizzo del sito web da parte dell&#8217;utente vengono solitamente trasferite a un server di Google negli Stati Uniti e l\u00ec memorizzate. Tuttavia, se su questo sito web viene attivata l&#8217;anonimizzazione dell&#8217;IP, il tuo indirizzo IP verr\u00e0 prima troncato da Google negli Stati membri dell&#8217;Unione Europea o in altri Stati firmatari dell&#8217;Accordo sullo Spazio Economico Europeo. Solo in casi eccezionali l&#8217;indirizzo IP completo verr\u00e0 trasmesso a un server di Google negli Stati Uniti e l\u00ec troncato. Per conto del gestore di questo sito web, Google utilizzer\u00e0 queste informazioni per analizzare l&#8217;utilizzo del sito web da parte dell&#8217;utente, per compilare report sulle attivit\u00e0 del sito web e per fornire altri servizi relativi alle attivit\u00e0 del sito web e all&#8217;utilizzo di internet al gestore del sito web. L&#8217;indirizzo IP trasmesso dal tuo browser nell&#8217;ambito di Google Analytics non verr\u00e0 unito ad altri dati di Google. Puoi rifiutare l&#8217;uso dei cookie selezionando l&#8217;impostazione appropriata sul tuo browser; tuttavia, tieni presente che in tal caso potresti non essere in grado di utilizzare tutte le funzionalit\u00e0 di questo sito web. Puoi anche impedire a Google di raccogliere i dati generati dal cookie e relativi al tuo utilizzo del sito web (compreso il tuo indirizzo IP) e di elaborarli da parte di Google scaricando e installando il plug-in del browser disponibile al seguente link: http:\/\/tools.google.com\/dlpage\/gaoptout?hl=de.         <\/p>\n\n<p class=\"has-small-font-size\">Fonti: Disclaimer di eRecht24, il portale di diritto di internet dell&#8217;avvocato S\u00f6ren Siebert, Informativa sulla privacy Google Analytics<\/p>\n\n<p style=\"font-style:normal;font-weight:700\">Informazioni ai sensi del \u00a7 5 TMG <\/p>\n\n<div style=\"height:100px\" aria-hidden=\"true\" class=\"wp-block-spacer\"><\/div>\n","protected":false},"excerpt":{"rendered":"<p>Insektenliebe GmbH Im Unterw\u00e4sser 572574 Bad Urach Germania Insektenliebe GmbH \u00e8 rappresentata da amministratori delegati: Frank Reebig Contatto: Telefono: +49 1578 5161804Ti richiameremo se non sei raggiungibile Mail: service@insektenliebe.de Numero di identificazione dell&#8217;imposta sul valore aggiunto ai sensi del \u00a727a della legge sull&#8217;imposta sul valore aggiunto (UStG): DE346060231 Numero di registrazione LUCID: DE1543588953552 Responsabile del [&hellip;]<\/p>\n","protected":false},"author":1,"featured_media":182467,"parent":0,"menu_order":0,"comment_status":"closed","ping_status":"closed","template":"","meta":{"_acf_changed":false,"footnotes":""},"tags":[],"class_list":["post-182466","page","type-page","status-publish","has-post-thumbnail","hentry"],"acf":[],"yoast_head":"<!-- This site is optimized with the Yoast SEO plugin v27.3 - https:\/\/yoast.com\/product\/yoast-seo-wordpress\/ -->\n<title>Impronta - Insektenliebe<\/title>\n<meta name=\"robots\" content=\"index, nofollow, max-snippet:-1, max-image-preview:large, max-video-preview:-1\" \/>\n<link rel=\"canonical\" href=\"https:\/\/insektenliebe.com\/it\/impronta\/\" \/>\n<meta property=\"og:locale\" content=\"it_IT\" \/>\n<meta property=\"og:type\" content=\"article\" \/>\n<meta property=\"og:title\" content=\"Impronta - Insektenliebe\" \/>\n<meta property=\"og:description\" content=\"Insektenliebe GmbH Im Unterw\u00e4sser 572574 Bad Urach Germania Insektenliebe GmbH \u00e8 rappresentata da amministratori delegati: Frank Reebig Contatto: Telefono: +49 1578 5161804Ti richiameremo se non sei raggiungibile Mail: service@insektenliebe.de Numero di identificazione dell&#8217;imposta sul valore aggiunto ai sensi del \u00a727a della legge sull&#8217;imposta sul valore aggiunto (UStG): DE346060231 Numero di registrazione LUCID: DE1543588953552 Responsabile del [&hellip;]\" \/>\n<meta property=\"og:url\" content=\"https:\/\/insektenliebe.com\/it\/impronta\/\" \/>\n<meta property=\"og:site_name\" content=\"Insektenliebe\" \/>\n<meta property=\"article:modified_time\" content=\"2026-02-26T08:46:08+00:00\" \/>\n<meta property=\"og:image\" content=\"https:\/\/insektenliebe.com\/wp-content\/uploads\/2023\/06\/Orchidee-Terrarium.jpg\" \/>\n\t<meta property=\"og:image:width\" content=\"1280\" \/>\n\t<meta property=\"og:image:height\" content=\"853\" \/>\n\t<meta property=\"og:image:type\" content=\"image\/jpeg\" \/>\n<meta name=\"twitter:card\" content=\"summary_large_image\" \/>\n<meta name=\"twitter:label1\" content=\"Tempo di lettura stimato\" \/>\n\t<meta name=\"twitter:data1\" content=\"5 minuto\" \/>\n<script type=\"application\/ld+json\" class=\"yoast-schema-graph\">{\"@context\":\"https:\\\/\\\/schema.org\",\"@graph\":[{\"@type\":\"WebPage\",\"@id\":\"https:\\\/\\\/insektenliebe.com\\\/it\\\/impronta\\\/\",\"url\":\"https:\\\/\\\/insektenliebe.com\\\/it\\\/impronta\\\/\",\"name\":\"Impronta - Insektenliebe\",\"isPartOf\":{\"@id\":\"https:\\\/\\\/insektenliebe.com\\\/it\\\/#website\"},\"primaryImageOfPage\":{\"@id\":\"https:\\\/\\\/insektenliebe.com\\\/it\\\/impronta\\\/#primaryimage\"},\"image\":{\"@id\":\"https:\\\/\\\/insektenliebe.com\\\/it\\\/impronta\\\/#primaryimage\"},\"thumbnailUrl\":\"https:\\\/\\\/insektenliebe.com\\\/wp-content\\\/uploads\\\/2023\\\/06\\\/Orchidee-Terrarium.jpg\",\"datePublished\":\"2018-04-17T09:40:24+00:00\",\"dateModified\":\"2026-02-26T08:46:08+00:00\",\"breadcrumb\":{\"@id\":\"https:\\\/\\\/insektenliebe.com\\\/it\\\/impronta\\\/#breadcrumb\"},\"inLanguage\":\"it-IT\",\"potentialAction\":[{\"@type\":\"ReadAction\",\"target\":[\"https:\\\/\\\/insektenliebe.com\\\/it\\\/impronta\\\/\"]}]},{\"@type\":\"ImageObject\",\"inLanguage\":\"it-IT\",\"@id\":\"https:\\\/\\\/insektenliebe.com\\\/it\\\/impronta\\\/#primaryimage\",\"url\":\"https:\\\/\\\/insektenliebe.com\\\/wp-content\\\/uploads\\\/2023\\\/06\\\/Orchidee-Terrarium.jpg\",\"contentUrl\":\"https:\\\/\\\/insektenliebe.com\\\/wp-content\\\/uploads\\\/2023\\\/06\\\/Orchidee-Terrarium.jpg\",\"width\":1280,\"height\":853,\"caption\":\"Terrario di orchidee\"},{\"@type\":\"BreadcrumbList\",\"@id\":\"https:\\\/\\\/insektenliebe.com\\\/it\\\/impronta\\\/#breadcrumb\",\"itemListElement\":[{\"@type\":\"ListItem\",\"position\":1,\"name\":\"Startseite\",\"item\":\"https:\\\/\\\/insektenliebe.com\\\/it\\\/\"},{\"@type\":\"ListItem\",\"position\":2,\"name\":\"Impronta\"}]},{\"@type\":\"WebSite\",\"@id\":\"https:\\\/\\\/insektenliebe.com\\\/it\\\/#website\",\"url\":\"https:\\\/\\\/insektenliebe.com\\\/it\\\/\",\"name\":\"Insektenliebe\",\"description\":\"Dein Zuhause f\u00fcr die kleinen Lebewesen\",\"publisher\":{\"@id\":\"https:\\\/\\\/insektenliebe.com\\\/it\\\/#organization\"},\"potentialAction\":[{\"@type\":\"SearchAction\",\"target\":{\"@type\":\"EntryPoint\",\"urlTemplate\":\"https:\\\/\\\/insektenliebe.com\\\/it\\\/?s={search_term_string}\"},\"query-input\":{\"@type\":\"PropertyValueSpecification\",\"valueRequired\":true,\"valueName\":\"search_term_string\"}}],\"inLanguage\":\"it-IT\"},{\"@type\":\"Organization\",\"@id\":\"https:\\\/\\\/insektenliebe.com\\\/it\\\/#organization\",\"name\":\"Insektenliebe\",\"url\":\"https:\\\/\\\/insektenliebe.com\\\/it\\\/\",\"logo\":{\"@type\":\"ImageObject\",\"inLanguage\":\"it-IT\",\"@id\":\"https:\\\/\\\/insektenliebe.com\\\/it\\\/#\\\/schema\\\/logo\\\/image\\\/\",\"url\":\"https:\\\/\\\/insektenliebe.com\\\/wp-content\\\/uploads\\\/2025\\\/03\\\/logo-white.png\",\"contentUrl\":\"https:\\\/\\\/insektenliebe.com\\\/wp-content\\\/uploads\\\/2025\\\/03\\\/logo-white.png\",\"width\":288,\"height\":188,\"caption\":\"Insektenliebe\"},\"image\":{\"@id\":\"https:\\\/\\\/insektenliebe.com\\\/it\\\/#\\\/schema\\\/logo\\\/image\\\/\"}}]}<\/script>\n<!-- \/ Yoast SEO plugin. -->","yoast_head_json":{"title":"Impronta - Insektenliebe","robots":{"index":"index","follow":"nofollow","max-snippet":"max-snippet:-1","max-image-preview":"max-image-preview:large","max-video-preview":"max-video-preview:-1"},"canonical":"https:\/\/insektenliebe.com\/it\/impronta\/","og_locale":"it_IT","og_type":"article","og_title":"Impronta - Insektenliebe","og_description":"Insektenliebe GmbH Im Unterw\u00e4sser 572574 Bad Urach Germania Insektenliebe GmbH \u00e8 rappresentata da amministratori delegati: Frank Reebig Contatto: Telefono: +49 1578 5161804Ti richiameremo se non sei raggiungibile Mail: service@insektenliebe.de Numero di identificazione dell&#8217;imposta sul valore aggiunto ai sensi del \u00a727a della legge sull&#8217;imposta sul valore aggiunto (UStG): DE346060231 Numero di registrazione LUCID: DE1543588953552 Responsabile del [&hellip;]","og_url":"https:\/\/insektenliebe.com\/it\/impronta\/","og_site_name":"Insektenliebe","article_modified_time":"2026-02-26T08:46:08+00:00","og_image":[{"width":1280,"height":853,"url":"https:\/\/insektenliebe.com\/wp-content\/uploads\/2023\/06\/Orchidee-Terrarium.jpg","type":"image\/jpeg"}],"twitter_card":"summary_large_image","twitter_misc":{"Tempo di lettura stimato":"5 minuto"},"schema":{"@context":"https:\/\/schema.org","@graph":[{"@type":"WebPage","@id":"https:\/\/insektenliebe.com\/it\/impronta\/","url":"https:\/\/insektenliebe.com\/it\/impronta\/","name":"Impronta - Insektenliebe","isPartOf":{"@id":"https:\/\/insektenliebe.com\/it\/#website"},"primaryImageOfPage":{"@id":"https:\/\/insektenliebe.com\/it\/impronta\/#primaryimage"},"image":{"@id":"https:\/\/insektenliebe.com\/it\/impronta\/#primaryimage"},"thumbnailUrl":"https:\/\/insektenliebe.com\/wp-content\/uploads\/2023\/06\/Orchidee-Terrarium.jpg","datePublished":"2018-04-17T09:40:24+00:00","dateModified":"2026-02-26T08:46:08+00:00","breadcrumb":{"@id":"https:\/\/insektenliebe.com\/it\/impronta\/#breadcrumb"},"inLanguage":"it-IT","potentialAction":[{"@type":"ReadAction","target":["https:\/\/insektenliebe.com\/it\/impronta\/"]}]},{"@type":"ImageObject","inLanguage":"it-IT","@id":"https:\/\/insektenliebe.com\/it\/impronta\/#primaryimage","url":"https:\/\/insektenliebe.com\/wp-content\/uploads\/2023\/06\/Orchidee-Terrarium.jpg","contentUrl":"https:\/\/insektenliebe.com\/wp-content\/uploads\/2023\/06\/Orchidee-Terrarium.jpg","width":1280,"height":853,"caption":"Terrario di orchidee"},{"@type":"BreadcrumbList","@id":"https:\/\/insektenliebe.com\/it\/impronta\/#breadcrumb","itemListElement":[{"@type":"ListItem","position":1,"name":"Startseite","item":"https:\/\/insektenliebe.com\/it\/"},{"@type":"ListItem","position":2,"name":"Impronta"}]},{"@type":"WebSite","@id":"https:\/\/insektenliebe.com\/it\/#website","url":"https:\/\/insektenliebe.com\/it\/","name":"Insektenliebe","description":"Dein Zuhause f\u00fcr die kleinen Lebewesen","publisher":{"@id":"https:\/\/insektenliebe.com\/it\/#organization"},"potentialAction":[{"@type":"SearchAction","target":{"@type":"EntryPoint","urlTemplate":"https:\/\/insektenliebe.com\/it\/?s={search_term_string}"},"query-input":{"@type":"PropertyValueSpecification","valueRequired":true,"valueName":"search_term_string"}}],"inLanguage":"it-IT"},{"@type":"Organization","@id":"https:\/\/insektenliebe.com\/it\/#organization","name":"Insektenliebe","url":"https:\/\/insektenliebe.com\/it\/","logo":{"@type":"ImageObject","inLanguage":"it-IT","@id":"https:\/\/insektenliebe.com\/it\/#\/schema\/logo\/image\/","url":"https:\/\/insektenliebe.com\/wp-content\/uploads\/2025\/03\/logo-white.png","contentUrl":"https:\/\/insektenliebe.com\/wp-content\/uploads\/2025\/03\/logo-white.png","width":288,"height":188,"caption":"Insektenliebe"},"image":{"@id":"https:\/\/insektenliebe.com\/it\/#\/schema\/logo\/image\/"}}]}},"_links":{"self":[{"href":"https:\/\/insektenliebe.com\/it\/wp-json\/wp\/v2\/pages\/182466","targetHints":{"allow":["GET"]}}],"collection":[{"href":"https:\/\/insektenliebe.com\/it\/wp-json\/wp\/v2\/pages"}],"about":[{"href":"https:\/\/insektenliebe.com\/it\/wp-json\/wp\/v2\/types\/page"}],"author":[{"embeddable":true,"href":"https:\/\/insektenliebe.com\/it\/wp-json\/wp\/v2\/users\/1"}],"replies":[{"embeddable":true,"href":"https:\/\/insektenliebe.com\/it\/wp-json\/wp\/v2\/comments?post=182466"}],"version-history":[{"count":3,"href":"https:\/\/insektenliebe.com\/it\/wp-json\/wp\/v2\/pages\/182466\/revisions"}],"predecessor-version":[{"id":182473,"href":"https:\/\/insektenliebe.com\/it\/wp-json\/wp\/v2\/pages\/182466\/revisions\/182473"}],"wp:featuredmedia":[{"embeddable":true,"href":"https:\/\/insektenliebe.com\/it\/wp-json\/wp\/v2\/media\/182467"}],"wp:attachment":[{"href":"https:\/\/insektenliebe.com\/it\/wp-json\/wp\/v2\/media?parent=182466"}],"wp:term":[{"taxonomy":"post_tag","embeddable":true,"href":"https:\/\/insektenliebe.com\/it\/wp-json\/wp\/v2\/tags?post=182466"}],"curies":[{"name":"wp","href":"https:\/\/api.w.org\/{rel}","templated":true}]}}