{"id":182279,"date":"2018-04-09T14:24:07","date_gmt":"2018-04-09T12:24:07","guid":{"rendered":"https:\/\/insektenliebe.com\/pagamenti\/"},"modified":"2026-02-26T09:45:33","modified_gmt":"2026-02-26T08:45:33","slug":"pagamenti","status":"publish","type":"page","link":"https:\/\/insektenliebe.com\/it\/negozio\/pagamenti\/","title":{"rendered":"Pagamenti"},"content":{"rendered":"\n<div class=\"wp-block-columns is-layout-flex wp-container-core-columns-is-layout-678597d8 wp-block-columns-is-layout-flex\" style=\"border-bottom-color:var(--wp--preset--color--custom-lichtgrau);border-bottom-width:1px;padding-bottom:var(--wp--preset--spacing--30)\">\n<div class=\"wp-block-column is-vertically-aligned-center is-layout-flow wp-block-column-is-layout-flow\" style=\"flex-basis:25%\">\n<figure class=\"wp-block-image aligncenter size-full is-resized hover-grau\"><img loading=\"lazy\" decoding=\"async\" width=\"593\" height=\"585\" src=\"https:\/\/insektenliebe.com\/wp-content\/uploads\/2025\/06\/Paypal_2014_logo.png\" alt=\"\" class=\"wp-image-141377\" style=\"width:150px\" srcset=\"https:\/\/insektenliebe.com\/wp-content\/uploads\/2025\/06\/Paypal_2014_logo.png 593w, https:\/\/insektenliebe.com\/wp-content\/uploads\/2025\/06\/Paypal_2014_logo-300x296.png 300w, https:\/\/insektenliebe.com\/wp-content\/uploads\/2025\/06\/Paypal_2014_logo-100x100.png 100w\" sizes=\"auto, (max-width: 593px) 100vw, 593px\" \/><\/figure>\n<\/div>\n\n\n\n<div class=\"wp-block-column is-layout-flow wp-block-column-is-layout-flow\" style=\"flex-basis:66.66%\">\n<h2 class=\"wp-block-heading has-large-font-size\" style=\"text-transform:uppercase\">PAGAMENTO CON PAYPAL<\/h2>\n\n\n\n<p>Dopo aver inserito i dati di spedizione e fatturazione, puoi selezionare PayPal come metodo di pagamento.  <\/p>\n\n\n\n<p>Dopo aver confermato l&#8217;acquisto, verrai reindirizzato alla pagina di login di PayPal dove potrai inserire i tuoi dati di accesso e concludere il pagamento.<\/p>\n\n\n\n<p>Se non hai un conto PayPal, puoi crearne uno nuovo in modo rapido e sicuro tramite la pagina di login di PayPal.<\/p>\n<\/div>\n<\/div>\n\n<div class=\"wp-block-columns is-layout-flex wp-container-core-columns-is-layout-9d134d96 wp-block-columns-is-layout-flex\" style=\"border-bottom-color:var(--wp--preset--color--custom-lichtgrau);border-bottom-width:1px;margin-top:var(--wp--preset--spacing--30);padding-bottom:var(--wp--preset--spacing--30)\">\n<div class=\"wp-block-column is-vertically-aligned-center is-layout-flow wp-block-column-is-layout-flow\" style=\"flex-basis:25%\">\n<figure class=\"wp-block-image aligncenter size-large is-resized hover-color\"><img loading=\"lazy\" decoding=\"async\" width=\"1024\" height=\"570\" src=\"https:\/\/insektenliebe.com\/wp-content\/uploads\/2025\/06\/Klarna_Payment_Badge.svg-1-1024x570.webp\" alt=\"\" class=\"wp-image-141378\" style=\"width:150px\" srcset=\"https:\/\/insektenliebe.com\/wp-content\/uploads\/2025\/06\/Klarna_Payment_Badge.svg-1-1024x570.webp 1024w, https:\/\/insektenliebe.com\/wp-content\/uploads\/2025\/06\/Klarna_Payment_Badge.svg-1-300x167.webp 300w, https:\/\/insektenliebe.com\/wp-content\/uploads\/2025\/06\/Klarna_Payment_Badge.svg-1-768x427.webp 768w, https:\/\/insektenliebe.com\/wp-content\/uploads\/2025\/06\/Klarna_Payment_Badge.svg-1-1536x854.webp 1536w, https:\/\/insektenliebe.com\/wp-content\/uploads\/2025\/06\/Klarna_Payment_Badge.svg-1-2048x1139.webp 2048w, https:\/\/insektenliebe.com\/wp-content\/uploads\/2025\/06\/Klarna_Payment_Badge.svg-1-600x334.webp 600w\" sizes=\"auto, (max-width: 1024px) 100vw, 1024px\" \/><\/figure>\n<\/div>\n\n\n\n<div class=\"wp-block-column is-layout-flow wp-block-column-is-layout-flow\" style=\"flex-basis:66.66%\">\n<h2 class=\"wp-block-heading has-large-font-size\" style=\"text-transform:uppercase\">PAGAMENTO CON Klarna<\/h2>\n\n\n\n<p>Pagamenti semplici e senza complicazioni con Klarna:<\/p>\n\n\n\n<p>Accederai con il tuo account Klarna e potrai utilizzare i metodi di pagamento che hai gi\u00e0 selezionato e impostato con Klarna. In questo modo non dovrai inserire nuovamente i tuoi dati e potrai pagare la fattura in modo comodo e semplice tramite il tuo account Klarna. <\/p>\n<\/div>\n<\/div>\n\n<div class=\"wp-block-columns is-layout-flex wp-container-core-columns-is-layout-9d134d96 wp-block-columns-is-layout-flex\" style=\"border-bottom-color:var(--wp--preset--color--custom-lichtgrau);border-bottom-width:1px;margin-top:var(--wp--preset--spacing--30);padding-bottom:var(--wp--preset--spacing--30)\">\n<div class=\"wp-block-column is-vertically-aligned-center is-layout-flow wp-block-column-is-layout-flow\" style=\"flex-basis:25%\">\n<figure class=\"wp-block-image aligncenter size-full is-resized hover-color\"><img loading=\"lazy\" decoding=\"async\" width=\"989\" height=\"458\" src=\"https:\/\/insektenliebe.com\/wp-content\/uploads\/2025\/06\/vorkasse1-1.jpg\" alt=\"\" class=\"wp-image-141379\" style=\"width:150px\" srcset=\"https:\/\/insektenliebe.com\/wp-content\/uploads\/2025\/06\/vorkasse1-1.jpg 989w, https:\/\/insektenliebe.com\/wp-content\/uploads\/2025\/06\/vorkasse1-1-300x139.jpg 300w, https:\/\/insektenliebe.com\/wp-content\/uploads\/2025\/06\/vorkasse1-1-768x356.jpg 768w, https:\/\/insektenliebe.com\/wp-content\/uploads\/2025\/06\/vorkasse1-1-600x278.jpg 600w\" sizes=\"auto, (max-width: 989px) 100vw, 989px\" \/><\/figure>\n<\/div>\n\n\n\n<div class=\"wp-block-column is-layout-flow wp-block-column-is-layout-flow\" style=\"flex-basis:66.66%\">\n<h2 class=\"wp-block-heading has-large-font-size\" style=\"text-transform:uppercase\">PAGAMENTO ANTICIPATO<\/h2>\n\n\n\n<p>Se paghi in anticipo, riceverai le nostre coordinate bancarie nella conferma dell&#8217;ordine. Non appena avremo ricevuto l&#8217;importo dovuto, ti spediremo la merce. <\/p>\n\n\n\n<p>Se non siamo in grado di registrare la ricezione del pagamento entro 20 giorni, dovremo purtroppo cancellare la tua prenotazione della merce. Se dopo 30 giorni non \u00e8 stato ricevuto alcun pagamento, l&#8217;ordine verr\u00e0 automaticamente annullato e cancellato. <\/p>\n<\/div>\n<\/div>\n\n<div class=\"wp-block-columns is-layout-flex wp-container-core-columns-is-layout-9d134d96 wp-block-columns-is-layout-flex\" style=\"border-bottom-color:var(--wp--preset--color--custom-lichtgrau);border-bottom-width:1px;margin-top:var(--wp--preset--spacing--30);padding-bottom:var(--wp--preset--spacing--30)\">\n<div class=\"wp-block-column is-vertically-aligned-center is-layout-flow wp-block-column-is-layout-flow\" style=\"flex-basis:25%\">\n<figure class=\"wp-block-image aligncenter size-large is-resized hover-color\"><img loading=\"lazy\" decoding=\"async\" width=\"1024\" height=\"421\" src=\"https:\/\/insektenliebe.com\/wp-content\/uploads\/2025\/06\/Apple_Pay_logo.svg-1024x421.png\" alt=\"\" class=\"wp-image-141380\" style=\"width:150px\" srcset=\"https:\/\/insektenliebe.com\/wp-content\/uploads\/2025\/06\/Apple_Pay_logo.svg-1024x421.png 1024w, https:\/\/insektenliebe.com\/wp-content\/uploads\/2025\/06\/Apple_Pay_logo.svg-300x123.png 300w, https:\/\/insektenliebe.com\/wp-content\/uploads\/2025\/06\/Apple_Pay_logo.svg-768x316.png 768w, https:\/\/insektenliebe.com\/wp-content\/uploads\/2025\/06\/Apple_Pay_logo.svg-600x247.png 600w, https:\/\/insektenliebe.com\/wp-content\/uploads\/2025\/06\/Apple_Pay_logo.svg.png 1200w\" sizes=\"auto, (max-width: 1024px) 100vw, 1024px\" \/><\/figure>\n<\/div>\n\n\n\n<div class=\"wp-block-column is-layout-flow wp-block-column-is-layout-flow\" style=\"flex-basis:66.66%\">\n<h2 class=\"wp-block-heading has-large-font-size\" style=\"text-transform:uppercase\">PAGAMENTO CON Apple Pay<\/h2>\n\n\n\n<p>Puoi pagare in modo rapido e sicuro con Apple Pay. Seleziona Apple Pay come metodo di pagamento e conferma il pagamento con Face ID, Touch ID o il codice del tuo dispositivo. I dati della tua carta di credito non ci vengono trasmessi, il che garantisce una maggiore sicurezza.  <\/p>\n\n\n\n<p>Dopo la conferma del pagamento, il tuo ordine verr\u00e0 elaborato immediatamente e la merce ti verr\u00e0 spedita nel pi\u00f9 breve tempo possibile.<\/p>\n<\/div>\n<\/div>\n\n<div class=\"wp-block-columns is-layout-flex wp-container-core-columns-is-layout-9d134d96 wp-block-columns-is-layout-flex\" style=\"border-bottom-color:var(--wp--preset--color--custom-lichtgrau);border-bottom-width:1px;margin-top:var(--wp--preset--spacing--30);padding-bottom:var(--wp--preset--spacing--30)\">\n<div class=\"wp-block-column is-vertically-aligned-center is-layout-flow wp-block-column-is-layout-flow\" style=\"flex-basis:25%\">\n<figure class=\"wp-block-image aligncenter size-large is-resized hover-color\"><img loading=\"lazy\" decoding=\"async\" width=\"1024\" height=\"488\" src=\"https:\/\/insektenliebe.com\/wp-content\/uploads\/2025\/06\/Google_Pay_Logo.svg-1024x488.png\" alt=\"\" class=\"wp-image-141381\" style=\"width:150px\" srcset=\"https:\/\/insektenliebe.com\/wp-content\/uploads\/2025\/06\/Google_Pay_Logo.svg-1024x488.png 1024w, https:\/\/insektenliebe.com\/wp-content\/uploads\/2025\/06\/Google_Pay_Logo.svg-300x143.png 300w, https:\/\/insektenliebe.com\/wp-content\/uploads\/2025\/06\/Google_Pay_Logo.svg-768x366.png 768w, https:\/\/insektenliebe.com\/wp-content\/uploads\/2025\/06\/Google_Pay_Logo.svg-600x286.png 600w, https:\/\/insektenliebe.com\/wp-content\/uploads\/2025\/06\/Google_Pay_Logo.svg.png 1200w\" sizes=\"auto, (max-width: 1024px) 100vw, 1024px\" \/><\/figure>\n<\/div>\n\n\n\n<div class=\"wp-block-column is-layout-flow wp-block-column-is-layout-flow\" style=\"flex-basis:66.66%\">\n<h2 class=\"wp-block-heading has-large-font-size\" style=\"text-transform:uppercase\">PAGAMENTO CON Google Pay<\/h2>\n\n\n\n<p>Con Google Pay puoi effettuare i tuoi acquisti in modo semplice e sicuro tramite il tuo smartphone. Seleziona Google Pay come opzione di pagamento durante il processo di pagamento. Il pagamento viene effettuato tramite la carta collegata nell&#8217;app Google Pay, senza che i dati sensibili della carta di credito vengano trasmessi a noi. Questo garantisce un elevato livello di sicurezza.   <\/p>\n\n\n\n<p>Non appena il pagamento sar\u00e0 confermato, faremo tutto il possibile per spedire il tuo ordine nel pi\u00f9 breve tempo possibile.<\/p>\n<\/div>\n<\/div>\n\n<div class=\"wp-block-columns is-layout-flex wp-container-core-columns-is-layout-9d134d96 wp-block-columns-is-layout-flex\" style=\"border-bottom-color:var(--wp--preset--color--custom-lichtgrau);border-bottom-width:1px;margin-top:var(--wp--preset--spacing--30);padding-bottom:var(--wp--preset--spacing--30)\">\n<div class=\"wp-block-column is-vertically-aligned-center is-layout-flow wp-block-column-is-layout-flow\" style=\"flex-basis:25%\">\n<figure class=\"wp-block-image aligncenter size-full is-resized hover-color\"><img decoding=\"async\" src=\"https:\/\/insektenliebe.com\/wp-content\/uploads\/2025\/06\/IDEAL_Bezahlsystem_logo.svg\" alt=\"\" class=\"wp-image-141382\" style=\"width:150px\"\/><\/figure>\n<\/div>\n\n\n\n<div class=\"wp-block-column is-layout-flow wp-block-column-is-layout-flow\" style=\"flex-basis:66.66%\">\n<h2 class=\"wp-block-heading has-large-font-size\" style=\"text-transform:uppercase\">Pagamento con iDEAL<\/h2>\n\n\n\n<p>Con iDEAL puoi effettuare i tuoi acquisti online in modo comodo e sicuro tramite il tuo conto bancario. Seleziona iDEAL come metodo di pagamento nell&#8217;area di checkout e segui le istruzioni per autorizzare il pagamento tramite l&#8217;online banking della tua banca. I tuoi dati bancari rimangono protetti e non vengono trasmessi a noi, garantendo la massima sicurezza.  <\/p>\n\n\n\n<p>Una volta confermato il pagamento, l&#8217;ordine verr\u00e0 elaborato e la merce spedita nel pi\u00f9 breve tempo possibile.<\/p>\n<\/div>\n<\/div>\n\n<div class=\"wp-block-columns is-layout-flex wp-container-core-columns-is-layout-9d134d96 wp-block-columns-is-layout-flex\" style=\"border-bottom-color:var(--wp--preset--color--custom-lichtgrau);border-bottom-width:1px;margin-top:var(--wp--preset--spacing--30);padding-bottom:var(--wp--preset--spacing--30)\">\n<div class=\"wp-block-column is-vertically-aligned-center is-layout-flow wp-block-column-is-layout-flow\" style=\"flex-basis:25%\">\n<figure class=\"wp-block-image aligncenter size-full is-resized hover-color\"><img loading=\"lazy\" decoding=\"async\" width=\"394\" height=\"334\" src=\"https:\/\/insektenliebe.com\/wp-content\/uploads\/2025\/06\/logos-secure_394x0.png\" alt=\"\" class=\"wp-image-141383\" style=\"width:150px\" srcset=\"https:\/\/insektenliebe.com\/wp-content\/uploads\/2025\/06\/logos-secure_394x0.png 394w, https:\/\/insektenliebe.com\/wp-content\/uploads\/2025\/06\/logos-secure_394x0-300x254.png 300w\" sizes=\"auto, (max-width: 394px) 100vw, 394px\" \/><\/figure>\n<\/div>\n\n\n\n<div class=\"wp-block-column is-layout-flow wp-block-column-is-layout-flow\" style=\"flex-basis:66.66%\">\n<h2 class=\"wp-block-heading has-large-font-size\" style=\"text-transform:uppercase\">PAGAMENTO CON CARTE DI CREDITO E DI DEBITO<\/h2>\n\n\n\n<p>Usa la tua carta di credito o di debito per pagamenti veloci e sicuri. Seleziona l&#8217;opzione \"Carta di credito\/debito\" al momento del pagamento e inserisci i dati della carta richiesti. Utilizziamo tecnologie di crittografia avanzate per garantire che i dati della tua carta siano trasmessi ed elaborati in modo sicuro.  <\/p>\n\n\n\n<p>Non appena il pagamento \u00e8 stato autorizzato, l&#8217;ordine verr\u00e0 elaborato immediatamente e la merce ti verr\u00e0 spedita nel pi\u00f9 breve tempo possibile.<\/p>\n<\/div>\n<\/div>\n\n<h2 class=\"wp-block-heading\">TRANSAZIONI DI PAGAMENTO:<\/h2>\n\n<div class=\"wp-block-columns is-layout-flex wp-container-core-columns-is-layout-28f84493 wp-block-columns-is-layout-flex\">\n<div class=\"wp-block-column is-layout-flow wp-block-column-is-layout-flow\">\n<div class=\"wp-block-columns are-vertically-aligned-center is-layout-flex wp-container-core-columns-is-layout-28f84493 wp-block-columns-is-layout-flex\">\n<div class=\"wp-block-column is-vertically-aligned-center is-layout-flow wp-block-column-is-layout-flow\" style=\"flex-basis:33.33%\">\n<figure class=\"wp-block-image\"><img decoding=\"async\" src=\"https:\/\/insektenliebe.com\/wp-content\/uploads\/2022\/07\/banktransfer-1.jpg\" alt=\"bonifico bancario\"\/><\/figure>\n<\/div>\n\n\n\n<div class=\"wp-block-column is-vertically-aligned-center is-layout-flow wp-block-column-is-layout-flow\" style=\"flex-basis:66.66%\">\n<p><strong>Coordinate bancarie:<\/strong><br\/>Nome della banca: Volksbank Ermstal-Alb eG<br\/>Titolare del conto: Insektenliebe GmbH<br\/>IBAN: DE68 6409 1200 0228 8230 05<br\/>BIC \/ Swift: GENODES1MTZ<\/p>\n<\/div>\n<\/div>\n\n\n\n<figure class=\"wp-block-image alignleft is-resized\"><img decoding=\"async\" src=\"https:\/\/insektenliebe.com\/wp-content\/uploads\/2024\/11\/QR-Code-Bank-1.jpg\" alt=\"Banca di codici QR\" style=\"width:400px\"\/><\/figure>\n<\/div>\n\n\n\n<div class=\"wp-block-column is-layout-flow wp-block-column-is-layout-flow\">\n<div class=\"wp-block-columns are-vertically-aligned-center is-layout-flex wp-container-core-columns-is-layout-28f84493 wp-block-columns-is-layout-flex\">\n<div class=\"wp-block-column is-vertically-aligned-center is-layout-flow wp-block-column-is-layout-flow\" style=\"flex-basis:33.33%\">\n<figure class=\"wp-block-image\"><img decoding=\"async\" src=\"https:\/\/insektenliebe.com\/wp-content\/uploads\/2022\/07\/PayPal-Verkehr.jpg\" alt=\"Traffico PayPal\"\/><\/figure>\n<\/div>\n\n\n\n<div class=\"wp-block-column is-vertically-aligned-center is-layout-flow wp-block-column-is-layout-flow\" style=\"flex-basis:66.66%\">\n<p><strong>PayPal:<\/strong><br\/>service@insektenliebe.com<\/p>\n<\/div>\n<\/div>\n\n\n\n<figure class=\"wp-block-image alignleft is-resized\"><img decoding=\"async\" src=\"https:\/\/insektenliebe.com\/wp-content\/uploads\/2024\/11\/QR-Code-PayPal-1.jpg\" alt=\"Codice QR PayPal\" style=\"width:400px\"\/><\/figure>\n<\/div>\n<\/div>\n\n<div style=\"height:100px\" aria-hidden=\"true\" class=\"wp-block-spacer\"><\/div>\n","protected":false},"excerpt":{"rendered":"<p>PAGAMENTO CON PAYPAL Dopo aver inserito i dati di spedizione e fatturazione, puoi selezionare PayPal come metodo di pagamento. Dopo aver confermato l&#8217;acquisto, verrai reindirizzato alla pagina di login di PayPal dove potrai inserire i tuoi dati di accesso e concludere il pagamento. Se non hai un conto PayPal, puoi crearne uno nuovo in modo [&hellip;]<\/p>\n","protected":false},"author":1,"featured_media":182289,"parent":182376,"menu_order":0,"comment_status":"closed","ping_status":"closed","template":"","meta":{"_acf_changed":false,"footnotes":""},"tags":[],"class_list":["post-182279","page","type-page","status-publish","has-post-thumbnail","hentry"],"acf":[],"yoast_head":"<!-- This site is optimized with the Yoast SEO plugin v27.3 - https:\/\/yoast.com\/product\/yoast-seo-wordpress\/ -->\n<title>Pagamenti - Insektenliebe<\/title>\n<meta name=\"robots\" content=\"index, follow, max-snippet:-1, max-image-preview:large, max-video-preview:-1\" \/>\n<link rel=\"canonical\" href=\"https:\/\/insektenliebe.com\/it\/negozio\/pagamenti\/\" \/>\n<meta property=\"og:locale\" content=\"it_IT\" \/>\n<meta property=\"og:type\" content=\"article\" \/>\n<meta property=\"og:title\" content=\"Pagamenti - Insektenliebe\" \/>\n<meta property=\"og:description\" content=\"PAGAMENTO CON PAYPAL Dopo aver inserito i dati di spedizione e fatturazione, puoi selezionare PayPal come metodo di pagamento. Dopo aver confermato l&#8217;acquisto, verrai reindirizzato alla pagina di login di PayPal dove potrai inserire i tuoi dati di accesso e concludere il pagamento. Se non hai un conto PayPal, puoi crearne uno nuovo in modo [&hellip;]\" \/>\n<meta property=\"og:url\" content=\"https:\/\/insektenliebe.com\/it\/negozio\/pagamenti\/\" \/>\n<meta property=\"og:site_name\" content=\"Insektenliebe\" \/>\n<meta property=\"article:modified_time\" content=\"2026-02-26T08:45:33+00:00\" \/>\n<meta property=\"og:image\" content=\"https:\/\/insektenliebe.com\/wp-content\/uploads\/2023\/06\/Terrarium-Farn.jpg\" \/>\n\t<meta property=\"og:image:width\" content=\"1280\" \/>\n\t<meta property=\"og:image:height\" content=\"853\" \/>\n\t<meta property=\"og:image:type\" content=\"image\/jpeg\" \/>\n<meta name=\"twitter:card\" content=\"summary_large_image\" \/>\n<meta name=\"twitter:label1\" content=\"Tempo di lettura stimato\" \/>\n\t<meta name=\"twitter:data1\" content=\"3 minuto\" \/>\n<script type=\"application\/ld+json\" class=\"yoast-schema-graph\">{\"@context\":\"https:\\\/\\\/schema.org\",\"@graph\":[{\"@type\":\"WebPage\",\"@id\":\"https:\\\/\\\/insektenliebe.com\\\/it\\\/negozio\\\/pagamenti\\\/\",\"url\":\"https:\\\/\\\/insektenliebe.com\\\/it\\\/negozio\\\/pagamenti\\\/\",\"name\":\"Pagamenti - Insektenliebe\",\"isPartOf\":{\"@id\":\"https:\\\/\\\/insektenliebe.com\\\/it\\\/#website\"},\"primaryImageOfPage\":{\"@id\":\"https:\\\/\\\/insektenliebe.com\\\/it\\\/negozio\\\/pagamenti\\\/#primaryimage\"},\"image\":{\"@id\":\"https:\\\/\\\/insektenliebe.com\\\/it\\\/negozio\\\/pagamenti\\\/#primaryimage\"},\"thumbnailUrl\":\"https:\\\/\\\/insektenliebe.com\\\/wp-content\\\/uploads\\\/2023\\\/06\\\/Terrarium-Farn.jpg\",\"datePublished\":\"2018-04-09T12:24:07+00:00\",\"dateModified\":\"2026-02-26T08:45:33+00:00\",\"breadcrumb\":{\"@id\":\"https:\\\/\\\/insektenliebe.com\\\/it\\\/negozio\\\/pagamenti\\\/#breadcrumb\"},\"inLanguage\":\"it-IT\",\"potentialAction\":[{\"@type\":\"ReadAction\",\"target\":[\"https:\\\/\\\/insektenliebe.com\\\/it\\\/negozio\\\/pagamenti\\\/\"]}]},{\"@type\":\"ImageObject\",\"inLanguage\":\"it-IT\",\"@id\":\"https:\\\/\\\/insektenliebe.com\\\/it\\\/negozio\\\/pagamenti\\\/#primaryimage\",\"url\":\"https:\\\/\\\/insektenliebe.com\\\/wp-content\\\/uploads\\\/2023\\\/06\\\/Terrarium-Farn.jpg\",\"contentUrl\":\"https:\\\/\\\/insektenliebe.com\\\/wp-content\\\/uploads\\\/2023\\\/06\\\/Terrarium-Farn.jpg\",\"width\":1280,\"height\":853,\"caption\":\"Felce da terrario\"},{\"@type\":\"BreadcrumbList\",\"@id\":\"https:\\\/\\\/insektenliebe.com\\\/it\\\/negozio\\\/pagamenti\\\/#breadcrumb\",\"itemListElement\":[{\"@type\":\"ListItem\",\"position\":1,\"name\":\"Startseite\",\"item\":\"https:\\\/\\\/insektenliebe.com\\\/it\\\/\"},{\"@type\":\"ListItem\",\"position\":2,\"name\":\"Negozio\",\"item\":\"https:\\\/\\\/insektenliebe.com\\\/it\\\/negozio\\\/\"},{\"@type\":\"ListItem\",\"position\":3,\"name\":\"Pagamenti\"}]},{\"@type\":\"WebSite\",\"@id\":\"https:\\\/\\\/insektenliebe.com\\\/it\\\/#website\",\"url\":\"https:\\\/\\\/insektenliebe.com\\\/it\\\/\",\"name\":\"Insektenliebe\",\"description\":\"Dein Zuhause f\u00fcr die kleinen Lebewesen\",\"publisher\":{\"@id\":\"https:\\\/\\\/insektenliebe.com\\\/it\\\/#organization\"},\"potentialAction\":[{\"@type\":\"SearchAction\",\"target\":{\"@type\":\"EntryPoint\",\"urlTemplate\":\"https:\\\/\\\/insektenliebe.com\\\/it\\\/?s={search_term_string}\"},\"query-input\":{\"@type\":\"PropertyValueSpecification\",\"valueRequired\":true,\"valueName\":\"search_term_string\"}}],\"inLanguage\":\"it-IT\"},{\"@type\":\"Organization\",\"@id\":\"https:\\\/\\\/insektenliebe.com\\\/it\\\/#organization\",\"name\":\"Insektenliebe\",\"url\":\"https:\\\/\\\/insektenliebe.com\\\/it\\\/\",\"logo\":{\"@type\":\"ImageObject\",\"inLanguage\":\"it-IT\",\"@id\":\"https:\\\/\\\/insektenliebe.com\\\/it\\\/#\\\/schema\\\/logo\\\/image\\\/\",\"url\":\"https:\\\/\\\/insektenliebe.com\\\/wp-content\\\/uploads\\\/2025\\\/03\\\/logo-white.png\",\"contentUrl\":\"https:\\\/\\\/insektenliebe.com\\\/wp-content\\\/uploads\\\/2025\\\/03\\\/logo-white.png\",\"width\":288,\"height\":188,\"caption\":\"Insektenliebe\"},\"image\":{\"@id\":\"https:\\\/\\\/insektenliebe.com\\\/it\\\/#\\\/schema\\\/logo\\\/image\\\/\"}}]}<\/script>\n<!-- \/ Yoast SEO plugin. -->","yoast_head_json":{"title":"Pagamenti - Insektenliebe","robots":{"index":"index","follow":"follow","max-snippet":"max-snippet:-1","max-image-preview":"max-image-preview:large","max-video-preview":"max-video-preview:-1"},"canonical":"https:\/\/insektenliebe.com\/it\/negozio\/pagamenti\/","og_locale":"it_IT","og_type":"article","og_title":"Pagamenti - Insektenliebe","og_description":"PAGAMENTO CON PAYPAL Dopo aver inserito i dati di spedizione e fatturazione, puoi selezionare PayPal come metodo di pagamento. Dopo aver confermato l&#8217;acquisto, verrai reindirizzato alla pagina di login di PayPal dove potrai inserire i tuoi dati di accesso e concludere il pagamento. Se non hai un conto PayPal, puoi crearne uno nuovo in modo [&hellip;]","og_url":"https:\/\/insektenliebe.com\/it\/negozio\/pagamenti\/","og_site_name":"Insektenliebe","article_modified_time":"2026-02-26T08:45:33+00:00","og_image":[{"width":1280,"height":853,"url":"https:\/\/insektenliebe.com\/wp-content\/uploads\/2023\/06\/Terrarium-Farn.jpg","type":"image\/jpeg"}],"twitter_card":"summary_large_image","twitter_misc":{"Tempo di lettura stimato":"3 minuto"},"schema":{"@context":"https:\/\/schema.org","@graph":[{"@type":"WebPage","@id":"https:\/\/insektenliebe.com\/it\/negozio\/pagamenti\/","url":"https:\/\/insektenliebe.com\/it\/negozio\/pagamenti\/","name":"Pagamenti - Insektenliebe","isPartOf":{"@id":"https:\/\/insektenliebe.com\/it\/#website"},"primaryImageOfPage":{"@id":"https:\/\/insektenliebe.com\/it\/negozio\/pagamenti\/#primaryimage"},"image":{"@id":"https:\/\/insektenliebe.com\/it\/negozio\/pagamenti\/#primaryimage"},"thumbnailUrl":"https:\/\/insektenliebe.com\/wp-content\/uploads\/2023\/06\/Terrarium-Farn.jpg","datePublished":"2018-04-09T12:24:07+00:00","dateModified":"2026-02-26T08:45:33+00:00","breadcrumb":{"@id":"https:\/\/insektenliebe.com\/it\/negozio\/pagamenti\/#breadcrumb"},"inLanguage":"it-IT","potentialAction":[{"@type":"ReadAction","target":["https:\/\/insektenliebe.com\/it\/negozio\/pagamenti\/"]}]},{"@type":"ImageObject","inLanguage":"it-IT","@id":"https:\/\/insektenliebe.com\/it\/negozio\/pagamenti\/#primaryimage","url":"https:\/\/insektenliebe.com\/wp-content\/uploads\/2023\/06\/Terrarium-Farn.jpg","contentUrl":"https:\/\/insektenliebe.com\/wp-content\/uploads\/2023\/06\/Terrarium-Farn.jpg","width":1280,"height":853,"caption":"Felce da terrario"},{"@type":"BreadcrumbList","@id":"https:\/\/insektenliebe.com\/it\/negozio\/pagamenti\/#breadcrumb","itemListElement":[{"@type":"ListItem","position":1,"name":"Startseite","item":"https:\/\/insektenliebe.com\/it\/"},{"@type":"ListItem","position":2,"name":"Negozio","item":"https:\/\/insektenliebe.com\/it\/negozio\/"},{"@type":"ListItem","position":3,"name":"Pagamenti"}]},{"@type":"WebSite","@id":"https:\/\/insektenliebe.com\/it\/#website","url":"https:\/\/insektenliebe.com\/it\/","name":"Insektenliebe","description":"Dein Zuhause f\u00fcr die kleinen Lebewesen","publisher":{"@id":"https:\/\/insektenliebe.com\/it\/#organization"},"potentialAction":[{"@type":"SearchAction","target":{"@type":"EntryPoint","urlTemplate":"https:\/\/insektenliebe.com\/it\/?s={search_term_string}"},"query-input":{"@type":"PropertyValueSpecification","valueRequired":true,"valueName":"search_term_string"}}],"inLanguage":"it-IT"},{"@type":"Organization","@id":"https:\/\/insektenliebe.com\/it\/#organization","name":"Insektenliebe","url":"https:\/\/insektenliebe.com\/it\/","logo":{"@type":"ImageObject","inLanguage":"it-IT","@id":"https:\/\/insektenliebe.com\/it\/#\/schema\/logo\/image\/","url":"https:\/\/insektenliebe.com\/wp-content\/uploads\/2025\/03\/logo-white.png","contentUrl":"https:\/\/insektenliebe.com\/wp-content\/uploads\/2025\/03\/logo-white.png","width":288,"height":188,"caption":"Insektenliebe"},"image":{"@id":"https:\/\/insektenliebe.com\/it\/#\/schema\/logo\/image\/"}}]}},"_links":{"self":[{"href":"https:\/\/insektenliebe.com\/it\/wp-json\/wp\/v2\/pages\/182279","targetHints":{"allow":["GET"]}}],"collection":[{"href":"https:\/\/insektenliebe.com\/it\/wp-json\/wp\/v2\/pages"}],"about":[{"href":"https:\/\/insektenliebe.com\/it\/wp-json\/wp\/v2\/types\/page"}],"author":[{"embeddable":true,"href":"https:\/\/insektenliebe.com\/it\/wp-json\/wp\/v2\/users\/1"}],"replies":[{"embeddable":true,"href":"https:\/\/insektenliebe.com\/it\/wp-json\/wp\/v2\/comments?post=182279"}],"version-history":[{"count":1,"href":"https:\/\/insektenliebe.com\/it\/wp-json\/wp\/v2\/pages\/182279\/revisions"}],"predecessor-version":[{"id":182302,"href":"https:\/\/insektenliebe.com\/it\/wp-json\/wp\/v2\/pages\/182279\/revisions\/182302"}],"up":[{"embeddable":true,"href":"https:\/\/insektenliebe.com\/it\/wp-json\/wp\/v2\/pages\/182376"}],"wp:featuredmedia":[{"embeddable":true,"href":"https:\/\/insektenliebe.com\/it\/wp-json\/wp\/v2\/media\/182289"}],"wp:attachment":[{"href":"https:\/\/insektenliebe.com\/it\/wp-json\/wp\/v2\/media?parent=182279"}],"wp:term":[{"taxonomy":"post_tag","embeddable":true,"href":"https:\/\/insektenliebe.com\/it\/wp-json\/wp\/v2\/tags?post=182279"}],"curies":[{"name":"wp","href":"https:\/\/api.w.org\/{rel}","templated":true}]}}