{"id":5843,"date":"2025-03-29T10:01:00","date_gmt":"2025-03-29T09:01:00","guid":{"rendered":"http:\/\/localhost\/ins-test\/?post_type=product&#038;p=5843"},"modified":"2026-01-24T21:50:27","modified_gmt":"2026-01-24T20:50:27","slug":"ardentiella-spec-pastel","status":"publish","type":"product","link":"https:\/\/insektenliebe.com\/de\/shop\/produkt\/ardentiella-spec-pastel\/","title":{"rendered":"Ardentiella spec. \"Pastel\""},"content":{"rendered":"<h3 data-start=\"0\" data-end=\"61\"><span style=\"color: #99cc33\"><strong>Farbenfrohes Terrarienleben: Ardentiella spec. \"Pastel\" richtig pflegen<\/strong><\/span><\/h3>\n<p data-start=\"0\" data-end=\"291\"><strong>Ardentiella spec. \"Pastel\"<\/strong> ist wirklich etwas Besonderes f\u00fcr dein Terrarium, aber ganz ehrlich, sie sind nicht die einfachsten Mitbewohner. Diese auff\u00e4lligen Asseln mit ihrem pastellfarbenen Panzer und den markanten Mustern ben\u00f6tigen eine ganz spezielle Pflege, um sich richtig wohlzuf\u00fchlen.<\/p>\n<p data-start=\"293\" data-end=\"819\">Ihr Zuhause sollte eine perfekte Balance zwischen Feuchtigkeit und Trockenheit bieten. Klingt kompliziert? Ist es auch ein bisschen. Du musst daf\u00fcr sorgen, dass das Substrat schnell abtrocknen kann, ohne dass es durchgehend nass bleibt. Eine gute Durchl\u00fcftung ist das A und O, um Schimmel und zu hohe Feuchtigkeit fernzuhalten. Gleichzeitig muss das Terrarium aber auch gen\u00fcgend feucht sein, damit die \"Pastel\" sich heimisch f\u00fchlen. Also, eine echte Herausforderung, die dich aber mit einer faszinierenden Beobachtung belohnt.<\/p>\n<p data-start=\"821\" data-end=\"1089\">Das perfekte Substrat f\u00fcr diese Sch\u00f6nheiten besteht aus einer Mischung aus Waldhumus und Korkgranulat, das mit einer Schicht aus abgestorbenem Laub und kleinen Holzst\u00fccken angereichert ist. Dies bietet ihnen nicht nur Nahrung, sondern auch viele Versteckm\u00f6glichkeiten.<\/p>\n<p data-start=\"1091\" data-end=\"1411\">Mit ihrer beeindruckenden F\u00e4rbung und den interessanten Verhaltensweisen sind die <strong>Ardentiella spec. \"Pastel\"<\/strong> echte Hingucker. Sie bringen eine au\u00dfergew\u00f6hnliche Note in jedes bioaktive oder bepflanzte Terrarium und unterst\u00fctzen durch ihre Zersetzungst\u00e4tigkeit die nat\u00fcrliche Kreislaufwirtschaft deines kleinen \u00d6kosystems.<\/p>\n<p data-start=\"1413\" data-end=\"1725\" data-is-last-node=\"\" data-is-only-node=\"\">Wenn du also Lust auf ein bisschen Herausforderung hast und dein Terrarium mit etwas ganz Besonderem bereichern m\u00f6chtest, dann sind die <strong>Ardentiella spec. \"Pastel\"<\/strong> genau das Richtige f\u00fcr dich. Aber denk dran, sie brauchen deine volle Aufmerksamkeit und die richtigen Bedingungen, um sich voll entfalten zu k\u00f6nnen.<\/p>\n<p data-start=\"1413\" data-end=\"1725\" data-is-last-node=\"\" data-is-only-node=\"\"><em>Die fr\u00fcher als Merulanella bekannten Asseln wurden aufgrund neuer wissenschaftlicher Erkenntnisse in Ardentiella umbenannt. F\u00fcr detaillierte Informationen zu dieser Namens\u00e4nderung und den damit verbundenen taxonomischen Anpassungen kannst du das entsprechende WhitePaper einsehen. Dieses bietet umfassende Einblicke in die aktuelle Forschung und die Gr\u00fcnde f\u00fcr die Neuklassifizierung.<\/em><\/p>\n<p><a href=\"https:\/\/nhcm.pensoft.net\/article\/144386\/\">Facing the taxonomic impediment \u2014 a reassessment of\u00a0<i><span class=\"tn\" data-obkms-id=\"99E93FC5-0751-4F23-BA2D-88CAA65A6BE5\" data-taxon-parsed-name=\"Merulanella\"><span class=\"genus\">Merulanella<\/span><\/span><\/i>\u00a0Verhoeff, 1926 (<span class=\"tn\" data-obkms-id=\"AAD01DE8-1BB5-4353-AC98-0E014A47719F\" data-taxon-parsed-name=\"Oniscidea\"><span class=\"suborder\">Oniscidea<\/span><\/span>,\u00a0<span class=\"tn\" data-obkms-id=\"88CD0131-E2B3-455F-B0C3-22D9FEAD33CB\" data-taxon-parsed-name=\"Armadillidae\"><span class=\"family\">Armadillidae<\/span><\/span>) through historical specimens<\/a><\/p>\n","protected":false},"excerpt":{"rendered":"<p>Farbenfrohes Terrarienleben: Ardentiella spec. \"Pastel\" richtig pflegen Ardentiella spec. \"Pastel\" ist wirklich etwas Besonderes f\u00fcr dein Terrarium, aber ganz ehrlich, sie sind nicht die einfachsten Mitbewohner. Diese auff\u00e4lligen Asseln mit ihrem pastellfarbenen Panzer und den markanten Mustern ben\u00f6tigen eine ganz spezielle Pflege, um sich richtig wohlzuf\u00fchlen. Ihr Zuhause sollte eine perfekte Balance zwischen Feuchtigkeit und [&hellip;]<\/p>\n","protected":false},"featured_media":5868,"template":"","meta":{"_acf_changed":false},"product-supplier":[],"product_brand":[],"product_cat":[627,125],"product_tag":[],"lce-checkout-addons":[1202],"class_list":{"0":"post-5843","1":"product","2":"type-product","3":"status-publish","4":"has-post-thumbnail","6":"product_cat-asseln","7":"product_cat-sonstige-asseln-merulanella-uvm","8":"product_shipping_class-animal-shipping","9":"pa_herkunft-vietnam","10":"pa_kontinent-asien","11":"lce-checkout-addons-winterverpackung","13":"first","14":"outofstock","15":"sale","16":"taxable","17":"shipping-taxable","18":"purchasable","19":"product-type-variable","20":"has-default-attributes"},"acf":[],"yoast_head":"<!-- This site is optimized with the Yoast SEO plugin v27.3 - https:\/\/yoast.com\/product\/yoast-seo-wordpress\/ -->\n<title>Ardentiella spec. &quot;Pastel&quot; - Insektenliebe<\/title>\n<meta name=\"description\" content=\"Kaufe direkt online die exotische Asselart Ardentiella spec. &quot;Pastel&quot; \u2013 diese Asselart erfordert spezielle Haltungsbedingungen. Mehr hier!\" \/>\n<meta name=\"robots\" content=\"index, follow, max-snippet:-1, max-image-preview:large, max-video-preview:-1\" \/>\n<link rel=\"canonical\" href=\"https:\/\/insektenliebe.com\/de\/shop\/produkt\/ardentiella-spec-pastel\/\" \/>\n<meta property=\"og:locale\" content=\"de_DE\" \/>\n<meta property=\"og:type\" content=\"article\" \/>\n<meta property=\"og:title\" content=\"Ardentiella spec. &quot;Pastel&quot; - Insektenliebe\" \/>\n<meta property=\"og:description\" content=\"Kaufe direkt online die exotische Asselart Ardentiella spec. &quot;Pastel&quot; \u2013 diese Asselart erfordert spezielle Haltungsbedingungen. Mehr hier!\" \/>\n<meta property=\"og:url\" content=\"https:\/\/insektenliebe.com\/de\/shop\/produkt\/ardentiella-spec-pastel\/\" \/>\n<meta property=\"og:site_name\" content=\"Insektenliebe\" \/>\n<meta property=\"article:modified_time\" content=\"2026-01-24T20:50:27+00:00\" \/>\n<meta property=\"og:image\" content=\"https:\/\/insektenliebe.com\/wp-content\/uploads\/2025\/05\/Ardentiella-spec.-22Pastel22-2.jpg\" \/>\n\t<meta property=\"og:image:width\" content=\"820\" \/>\n\t<meta property=\"og:image:height\" content=\"820\" \/>\n\t<meta property=\"og:image:type\" content=\"image\/jpeg\" \/>\n<meta name=\"twitter:card\" content=\"summary_large_image\" \/>\n<meta name=\"twitter:label1\" content=\"Gesch\u00e4tzte Lesezeit\" \/>\n\t<meta name=\"twitter:data1\" content=\"2\u00a0Minuten\" \/>\n<script type=\"application\/ld+json\" class=\"yoast-schema-graph\">{\"@context\":\"https:\\\/\\\/schema.org\",\"@graph\":[{\"@type\":\"WebPage\",\"@id\":\"https:\\\/\\\/insektenliebe.com\\\/de\\\/shop\\\/produkt\\\/ardentiella-spec-pastel\\\/\",\"url\":\"https:\\\/\\\/insektenliebe.com\\\/de\\\/shop\\\/produkt\\\/ardentiella-spec-pastel\\\/\",\"name\":\"Ardentiella spec. \\\"Pastel\\\" - Insektenliebe\",\"isPartOf\":{\"@id\":\"https:\\\/\\\/insektenliebe.com\\\/de\\\/#website\"},\"primaryImageOfPage\":{\"@id\":\"https:\\\/\\\/insektenliebe.com\\\/de\\\/shop\\\/produkt\\\/ardentiella-spec-pastel\\\/#primaryimage\"},\"image\":{\"@id\":\"https:\\\/\\\/insektenliebe.com\\\/de\\\/shop\\\/produkt\\\/ardentiella-spec-pastel\\\/#primaryimage\"},\"thumbnailUrl\":\"https:\\\/\\\/insektenliebe.com\\\/wp-content\\\/uploads\\\/2025\\\/05\\\/Ardentiella-spec.-22Pastel22-2.jpg\",\"datePublished\":\"2025-03-29T09:01:00+00:00\",\"dateModified\":\"2026-01-24T20:50:27+00:00\",\"description\":\"Kaufe direkt online die exotische Asselart Ardentiella spec. \\\"Pastel\\\" \u2013 diese Asselart erfordert spezielle Haltungsbedingungen. Mehr hier!\",\"breadcrumb\":{\"@id\":\"https:\\\/\\\/insektenliebe.com\\\/de\\\/shop\\\/produkt\\\/ardentiella-spec-pastel\\\/#breadcrumb\"},\"inLanguage\":\"de\",\"potentialAction\":[{\"@type\":\"ReadAction\",\"target\":[\"https:\\\/\\\/insektenliebe.com\\\/de\\\/shop\\\/produkt\\\/ardentiella-spec-pastel\\\/\"]}]},{\"@type\":\"ImageObject\",\"inLanguage\":\"de\",\"@id\":\"https:\\\/\\\/insektenliebe.com\\\/de\\\/shop\\\/produkt\\\/ardentiella-spec-pastel\\\/#primaryimage\",\"url\":\"https:\\\/\\\/insektenliebe.com\\\/wp-content\\\/uploads\\\/2025\\\/05\\\/Ardentiella-spec.-22Pastel22-2.jpg\",\"contentUrl\":\"https:\\\/\\\/insektenliebe.com\\\/wp-content\\\/uploads\\\/2025\\\/05\\\/Ardentiella-spec.-22Pastel22-2.jpg\",\"width\":820,\"height\":820,\"caption\":\"Ardentiella-spec.-22Pastel22-2.jpg\"},{\"@type\":\"BreadcrumbList\",\"@id\":\"https:\\\/\\\/insektenliebe.com\\\/de\\\/shop\\\/produkt\\\/ardentiella-spec-pastel\\\/#breadcrumb\",\"itemListElement\":[{\"@type\":\"ListItem\",\"position\":1,\"name\":\"Startseite\",\"item\":\"https:\\\/\\\/insektenliebe.com\\\/de\\\/\"},{\"@type\":\"ListItem\",\"position\":2,\"name\":\"Shop\",\"item\":\"https:\\\/\\\/insektenliebe.com\\\/de\\\/shop\\\/\"},{\"@type\":\"ListItem\",\"position\":3,\"name\":\"Ardentiella spec. &#8222;Pastel&#8220;\"}]},{\"@type\":\"WebSite\",\"@id\":\"https:\\\/\\\/insektenliebe.com\\\/de\\\/#website\",\"url\":\"https:\\\/\\\/insektenliebe.com\\\/de\\\/\",\"name\":\"Insektenliebe\",\"description\":\"Dein Zuhause f\u00fcr die kleinen Lebewesen\",\"publisher\":{\"@id\":\"https:\\\/\\\/insektenliebe.com\\\/de\\\/#organization\"},\"potentialAction\":[{\"@type\":\"SearchAction\",\"target\":{\"@type\":\"EntryPoint\",\"urlTemplate\":\"https:\\\/\\\/insektenliebe.com\\\/de\\\/?s={search_term_string}\"},\"query-input\":{\"@type\":\"PropertyValueSpecification\",\"valueRequired\":true,\"valueName\":\"search_term_string\"}}],\"inLanguage\":\"de\"},{\"@type\":\"Organization\",\"@id\":\"https:\\\/\\\/insektenliebe.com\\\/de\\\/#organization\",\"name\":\"Insektenliebe\",\"url\":\"https:\\\/\\\/insektenliebe.com\\\/de\\\/\",\"logo\":{\"@type\":\"ImageObject\",\"inLanguage\":\"de\",\"@id\":\"https:\\\/\\\/insektenliebe.com\\\/de\\\/#\\\/schema\\\/logo\\\/image\\\/\",\"url\":\"https:\\\/\\\/insektenliebe.com\\\/wp-content\\\/uploads\\\/2025\\\/03\\\/logo-white.png\",\"contentUrl\":\"https:\\\/\\\/insektenliebe.com\\\/wp-content\\\/uploads\\\/2025\\\/03\\\/logo-white.png\",\"width\":288,\"height\":188,\"caption\":\"Insektenliebe\"},\"image\":{\"@id\":\"https:\\\/\\\/insektenliebe.com\\\/de\\\/#\\\/schema\\\/logo\\\/image\\\/\"}}]}<\/script>\n<!-- \/ Yoast SEO plugin. -->","yoast_head_json":{"title":"Ardentiella spec. \"Pastel\" - Insektenliebe","description":"Kaufe direkt online die exotische Asselart Ardentiella spec. \"Pastel\" \u2013 diese Asselart erfordert spezielle Haltungsbedingungen. Mehr hier!","robots":{"index":"index","follow":"follow","max-snippet":"max-snippet:-1","max-image-preview":"max-image-preview:large","max-video-preview":"max-video-preview:-1"},"canonical":"https:\/\/insektenliebe.com\/de\/shop\/produkt\/ardentiella-spec-pastel\/","og_locale":"de_DE","og_type":"article","og_title":"Ardentiella spec. \"Pastel\" - Insektenliebe","og_description":"Kaufe direkt online die exotische Asselart Ardentiella spec. \"Pastel\" \u2013 diese Asselart erfordert spezielle Haltungsbedingungen. Mehr hier!","og_url":"https:\/\/insektenliebe.com\/de\/shop\/produkt\/ardentiella-spec-pastel\/","og_site_name":"Insektenliebe","article_modified_time":"2026-01-24T20:50:27+00:00","og_image":[{"width":820,"height":820,"url":"https:\/\/insektenliebe.com\/wp-content\/uploads\/2025\/05\/Ardentiella-spec.-22Pastel22-2.jpg","type":"image\/jpeg"}],"twitter_card":"summary_large_image","twitter_misc":{"Gesch\u00e4tzte Lesezeit":"2\u00a0Minuten"},"schema":{"@context":"https:\/\/schema.org","@graph":[{"@type":"WebPage","@id":"https:\/\/insektenliebe.com\/de\/shop\/produkt\/ardentiella-spec-pastel\/","url":"https:\/\/insektenliebe.com\/de\/shop\/produkt\/ardentiella-spec-pastel\/","name":"Ardentiella spec. \"Pastel\" - Insektenliebe","isPartOf":{"@id":"https:\/\/insektenliebe.com\/de\/#website"},"primaryImageOfPage":{"@id":"https:\/\/insektenliebe.com\/de\/shop\/produkt\/ardentiella-spec-pastel\/#primaryimage"},"image":{"@id":"https:\/\/insektenliebe.com\/de\/shop\/produkt\/ardentiella-spec-pastel\/#primaryimage"},"thumbnailUrl":"https:\/\/insektenliebe.com\/wp-content\/uploads\/2025\/05\/Ardentiella-spec.-22Pastel22-2.jpg","datePublished":"2025-03-29T09:01:00+00:00","dateModified":"2026-01-24T20:50:27+00:00","description":"Kaufe direkt online die exotische Asselart Ardentiella spec. \"Pastel\" \u2013 diese Asselart erfordert spezielle Haltungsbedingungen. Mehr hier!","breadcrumb":{"@id":"https:\/\/insektenliebe.com\/de\/shop\/produkt\/ardentiella-spec-pastel\/#breadcrumb"},"inLanguage":"de","potentialAction":[{"@type":"ReadAction","target":["https:\/\/insektenliebe.com\/de\/shop\/produkt\/ardentiella-spec-pastel\/"]}]},{"@type":"ImageObject","inLanguage":"de","@id":"https:\/\/insektenliebe.com\/de\/shop\/produkt\/ardentiella-spec-pastel\/#primaryimage","url":"https:\/\/insektenliebe.com\/wp-content\/uploads\/2025\/05\/Ardentiella-spec.-22Pastel22-2.jpg","contentUrl":"https:\/\/insektenliebe.com\/wp-content\/uploads\/2025\/05\/Ardentiella-spec.-22Pastel22-2.jpg","width":820,"height":820,"caption":"Ardentiella-spec.-22Pastel22-2.jpg"},{"@type":"BreadcrumbList","@id":"https:\/\/insektenliebe.com\/de\/shop\/produkt\/ardentiella-spec-pastel\/#breadcrumb","itemListElement":[{"@type":"ListItem","position":1,"name":"Startseite","item":"https:\/\/insektenliebe.com\/de\/"},{"@type":"ListItem","position":2,"name":"Shop","item":"https:\/\/insektenliebe.com\/de\/shop\/"},{"@type":"ListItem","position":3,"name":"Ardentiella spec. &#8222;Pastel&#8220;"}]},{"@type":"WebSite","@id":"https:\/\/insektenliebe.com\/de\/#website","url":"https:\/\/insektenliebe.com\/de\/","name":"Insektenliebe","description":"Dein Zuhause f\u00fcr die kleinen Lebewesen","publisher":{"@id":"https:\/\/insektenliebe.com\/de\/#organization"},"potentialAction":[{"@type":"SearchAction","target":{"@type":"EntryPoint","urlTemplate":"https:\/\/insektenliebe.com\/de\/?s={search_term_string}"},"query-input":{"@type":"PropertyValueSpecification","valueRequired":true,"valueName":"search_term_string"}}],"inLanguage":"de"},{"@type":"Organization","@id":"https:\/\/insektenliebe.com\/de\/#organization","name":"Insektenliebe","url":"https:\/\/insektenliebe.com\/de\/","logo":{"@type":"ImageObject","inLanguage":"de","@id":"https:\/\/insektenliebe.com\/de\/#\/schema\/logo\/image\/","url":"https:\/\/insektenliebe.com\/wp-content\/uploads\/2025\/03\/logo-white.png","contentUrl":"https:\/\/insektenliebe.com\/wp-content\/uploads\/2025\/03\/logo-white.png","width":288,"height":188,"caption":"Insektenliebe"},"image":{"@id":"https:\/\/insektenliebe.com\/de\/#\/schema\/logo\/image\/"}}]}},"_links":{"self":[{"href":"https:\/\/insektenliebe.com\/de\/wp-json\/wp\/v2\/product\/5843","targetHints":{"allow":["GET"]}}],"collection":[{"href":"https:\/\/insektenliebe.com\/de\/wp-json\/wp\/v2\/product"}],"about":[{"href":"https:\/\/insektenliebe.com\/de\/wp-json\/wp\/v2\/types\/product"}],"wp:featuredmedia":[{"embeddable":true,"href":"https:\/\/insektenliebe.com\/de\/wp-json\/wp\/v2\/media\/5868"}],"wp:attachment":[{"href":"https:\/\/insektenliebe.com\/de\/wp-json\/wp\/v2\/media?parent=5843"}],"wp:term":[{"taxonomy":"product-supplier","embeddable":true,"href":"https:\/\/insektenliebe.com\/de\/wp-json\/wp\/v2\/product-supplier?post=5843"},{"taxonomy":"product_brand","embeddable":true,"href":"https:\/\/insektenliebe.com\/de\/wp-json\/wp\/v2\/product_brand?post=5843"},{"taxonomy":"product_cat","embeddable":true,"href":"https:\/\/insektenliebe.com\/de\/wp-json\/wp\/v2\/product_cat?post=5843"},{"taxonomy":"product_tag","embeddable":true,"href":"https:\/\/insektenliebe.com\/de\/wp-json\/wp\/v2\/product_tag?post=5843"},{"taxonomy":"lce-checkout-addons","embeddable":true,"href":"https:\/\/insektenliebe.com\/de\/wp-json\/wp\/v2\/lce-checkout-addons?post=5843"}],"curies":[{"name":"wp","href":"https:\/\/api.w.org\/{rel}","templated":true}]}}