{"id":5832,"date":"2025-03-13T09:33:00","date_gmt":"2025-03-13T08:33:00","guid":{"rendered":"http:\/\/localhost\/ins-test\/?post_type=product&#038;p=5832"},"modified":"2026-04-05T11:00:44","modified_gmt":"2026-04-05T09:00:44","slug":"terraleaf-brick","status":"publish","type":"product","link":"https:\/\/insektenliebe.com\/de\/shop\/produkt\/terraleaf-brick\/","title":{"rendered":"Terraleaf-Brick"},"content":{"rendered":"<h3 data-start=\"0\" data-end=\"88\"><span style=\"color: #99cc33;\"><strong>Entdecke den Terraleaf-Brick \u2013 Dein Schl\u00fcssel zum nat\u00fcrlichen Dschungel im Terrarium<\/strong><\/span><\/h3>\n<p>Der <strong data-start=\"94\" data-end=\"113\">Terraleaf-Brick<\/strong> ist eine einzigartige Mischung aus diversen exotischen Bl\u00e4ttern wie Cashewbl\u00e4tter, Mandelbl\u00e4tter, Mangobl\u00e4tter, Kakaobl\u00e4tter, Mangosteenbl\u00e4tter und Bananenbl\u00e4ttern, die speziell f\u00fcr die Anreicherung deines Terrariums entwickelt wurde. Diese Bl\u00e4tter werden in Sri Lanka sorgf\u00e4ltig von einem Familienbetrieb geerntet und ohne den Einsatz von Chemikalien behandelt, um ihre Nat\u00fcrlichkeit und Reinheit zu gew\u00e4hrleisten. Anschlie\u00dfend werden sie geschreddert und zu handlichen Bricks gepresst, die sich leicht lagern und verwenden lassen.<\/p>\n<p>Der <strong data-start=\"652\" data-end=\"671\">Terraleaf-Brick<\/strong> bietet nicht nur einen \u00e4sthetischen Mehrwert durch seinen nat\u00fcrlichen Dschungellook, sondern hat auch praktische Vorteile. Die Vielfalt der Bl\u00e4tter schafft ein reichhaltiges, zersetzbares Material, das besonders von Erstzersetzer wie Asseln, Tausendf\u00fc\u00dfern und Springschw\u00e4nzen gesch\u00e4tzt wird. Diese Organismen nutzen die Bl\u00e4tter als Nahrungsquelle und tragen gleichzeitig zur Aufrechterhaltung eines gesunden \u00d6kosystems im Terrarium bei.<\/p>\n<p>Dar\u00fcber hinaus profitieren auch Reptilien, Schlangen und Spinnen von diesem Substrat. Die Mischung der unterschiedlichen Bl\u00e4tter sorgt daf\u00fcr, dass das Substrat die Feuchtigkeit besser speichern kann, was gerade in Terrarien, die eine h\u00f6here Luftfeuchtigkeit erfordern, von Vorteil ist.<\/p>\n<p data-start=\"1522\" data-end=\"1812\">Die Feuchtigkeit wird gleichm\u00e4\u00dfiger verteilt und l\u00e4nger gehalten, was eine stabilere und ges\u00fcndere Umgebung f\u00fcr die Tiere schafft.<\/p>\n<p data-start=\"1522\" data-end=\"1812\"><strong data-start=\"1522\" data-end=\"1541\">Terraleaf-Brick<\/strong> ist einfach zu handhaben: Du kannst die Bl\u00e4tter direkt in dein Terrarium einlegen und bei Bedarf nachfeuchten. Sie zersetzen sich langsam und geben kontinuierlich wertvolle organische Stoffe ab, die das mikrobielle Leben im Boden f\u00f6rdern und die Bodenqualit\u00e4t verbessern.<\/p>\n<p data-start=\"1814\" data-end=\"2128\" data-is-last-node=\"\" data-is-only-node=\"\">Investiere in den <strong data-start=\"1832\" data-end=\"1851\">Terraleaf-Brick<\/strong> und verwandle dein Terrarium in eine lebendige, nat\u00fcrliche Oase, die nicht nur das Wohlbefinden deiner Terrarienbewohner f\u00f6rdert, sondern auch ein Blickfang f\u00fcr jeden Raum ist. Hol dir jetzt dieses nat\u00fcrliche, nachhaltige Produkt und gib deinen Tieren das Beste aus der Natur.<\/p>\n<p data-start=\"1814\" data-end=\"2128\" data-is-last-node=\"\" data-is-only-node=\"\"><strong><span class=\"hiddenSpellError\">Inhalt:<br \/>\n<\/span><\/strong><span class=\"hiddenSpellError\">Cashewbl\u00e4tter, Mandelbl\u00e4tter, Mangobl\u00e4tter, Kakaobl\u00e4tter, Mangosteenbl\u00e4tter, Bananenbl\u00e4tter<\/span><\/p>\n<h3><span style=\"color: #99cc33;\">Anwendung:<\/span><\/h3>\n<p>Um den\u00a0<strong>Terraleaf-Brick<\/strong>\u00a0optimal vorzubereiten, nimm einen 10 Liter Eimer oder eine geeignete Beh\u00e4ltergr\u00f6\u00dfe. Gie\u00dfe anschlie\u00dfend vorsichtig\u00a0<strong>0,5 Liter lauwarmes Wasser<\/strong> \u00fcber den Ziegel und lasse ihn <strong>ca.<\/strong>\u00a0<strong>30 Minuten<\/strong> lang einwirken, w\u00e4hrend du ihn gelegentlich umr\u00fchrst.<\/p>\n<p>So quillt der Block allm\u00e4hlich auf und verwandelt sich in ein lockeres und naturnahes Laub f\u00fcr dein Terrarium. Vor dem verwenden das \u00fcbersch\u00fcssige Wasser ausdr\u00fccken. Gelegentlich das Laub nachw\u00e4ssern.<\/p>\n","protected":false},"excerpt":{"rendered":"<p>Entdecke den Terraleaf-Brick \u2013 Dein Schl\u00fcssel zum nat\u00fcrlichen Dschungel im Terrarium Der Terraleaf-Brick ist eine einzigartige Mischung aus diversen exotischen Bl\u00e4ttern wie Cashewbl\u00e4tter, Mandelbl\u00e4tter, Mangobl\u00e4tter, Kakaobl\u00e4tter, Mangosteenbl\u00e4tter und Bananenbl\u00e4ttern, die speziell f\u00fcr die Anreicherung deines Terrariums entwickelt wurde. Diese Bl\u00e4tter werden in Sri Lanka sorgf\u00e4ltig von einem Familienbetrieb geerntet und ohne den Einsatz von Chemikalien [&hellip;]<\/p>\n","protected":false},"featured_media":5858,"template":"","meta":{"_acf_changed":false},"product-supplier":[],"product_brand":[],"product_cat":[253,129],"product_tag":[],"lce-checkout-addons":[],"class_list":{"0":"post-5832","1":"product","2":"type-product","3":"status-publish","4":"has-post-thumbnail","6":"product_cat-einrichtung-dekoration","7":"product_cat-futter-kalzium","8":"product_shipping_class-equipment-shipping","9":"pa_herkunft-sri-lanka","11":"first","12":"instock","13":"taxable","14":"shipping-taxable","15":"purchasable","16":"product-type-simple"},"acf":[],"yoast_head":"<!-- This site is optimized with the Yoast SEO plugin v27.3 - https:\/\/yoast.com\/product\/yoast-seo-wordpress\/ -->\n<title>Terraleaf-Brick - Insektenliebe<\/title>\n<meta name=\"description\" content=\"Kaufe Terraleaf-Brick g\u00fcnstig und direkt online: Ein naturnahes Substrat aus exotischen Bl\u00e4ttern, ideal f\u00fcr Erstzersetzer und zur Feuchtigkeitsregulierung.\" \/>\n<meta name=\"robots\" content=\"index, follow, max-snippet:-1, max-image-preview:large, max-video-preview:-1\" \/>\n<link rel=\"canonical\" href=\"https:\/\/insektenliebe.com\/de\/shop\/produkt\/terraleaf-brick\/\" \/>\n<meta property=\"og:locale\" content=\"de_DE\" \/>\n<meta property=\"og:type\" content=\"article\" \/>\n<meta property=\"og:title\" content=\"Terraleaf-Brick - Insektenliebe\" \/>\n<meta property=\"og:description\" content=\"Kaufe Terraleaf-Brick g\u00fcnstig und direkt online: Ein naturnahes Substrat aus exotischen Bl\u00e4ttern, ideal f\u00fcr Erstzersetzer und zur Feuchtigkeitsregulierung.\" \/>\n<meta property=\"og:url\" content=\"https:\/\/insektenliebe.com\/de\/shop\/produkt\/terraleaf-brick\/\" \/>\n<meta property=\"og:site_name\" content=\"Insektenliebe\" \/>\n<meta property=\"article:modified_time\" content=\"2026-04-05T09:00:44+00:00\" \/>\n<meta property=\"og:image\" content=\"https:\/\/insektenliebe.com\/wp-content\/uploads\/2025\/05\/Terraleaf-Brick-1-2.jpg\" \/>\n\t<meta property=\"og:image:width\" content=\"820\" \/>\n\t<meta property=\"og:image:height\" content=\"820\" \/>\n\t<meta property=\"og:image:type\" content=\"image\/jpeg\" \/>\n<meta name=\"twitter:card\" content=\"summary_large_image\" \/>\n<meta name=\"twitter:label1\" content=\"Gesch\u00e4tzte Lesezeit\" \/>\n\t<meta name=\"twitter:data1\" content=\"3\u00a0Minuten\" \/>\n<script type=\"application\/ld+json\" class=\"yoast-schema-graph\">{\"@context\":\"https:\\\/\\\/schema.org\",\"@graph\":[{\"@type\":\"WebPage\",\"@id\":\"https:\\\/\\\/insektenliebe.com\\\/de\\\/shop\\\/produkt\\\/terraleaf-brick\\\/\",\"url\":\"https:\\\/\\\/insektenliebe.com\\\/de\\\/shop\\\/produkt\\\/terraleaf-brick\\\/\",\"name\":\"Terraleaf-Brick - Insektenliebe\",\"isPartOf\":{\"@id\":\"https:\\\/\\\/insektenliebe.com\\\/de\\\/#website\"},\"primaryImageOfPage\":{\"@id\":\"https:\\\/\\\/insektenliebe.com\\\/de\\\/shop\\\/produkt\\\/terraleaf-brick\\\/#primaryimage\"},\"image\":{\"@id\":\"https:\\\/\\\/insektenliebe.com\\\/de\\\/shop\\\/produkt\\\/terraleaf-brick\\\/#primaryimage\"},\"thumbnailUrl\":\"https:\\\/\\\/insektenliebe.com\\\/wp-content\\\/uploads\\\/2025\\\/05\\\/Terraleaf-Brick-1-2.jpg\",\"datePublished\":\"2025-03-13T08:33:00+00:00\",\"dateModified\":\"2026-04-05T09:00:44+00:00\",\"description\":\"Kaufe Terraleaf-Brick g\u00fcnstig und direkt online: Ein naturnahes Substrat aus exotischen Bl\u00e4ttern, ideal f\u00fcr Erstzersetzer und zur Feuchtigkeitsregulierung.\",\"breadcrumb\":{\"@id\":\"https:\\\/\\\/insektenliebe.com\\\/de\\\/shop\\\/produkt\\\/terraleaf-brick\\\/#breadcrumb\"},\"inLanguage\":\"de\",\"potentialAction\":[{\"@type\":\"ReadAction\",\"target\":[\"https:\\\/\\\/insektenliebe.com\\\/de\\\/shop\\\/produkt\\\/terraleaf-brick\\\/\"]}]},{\"@type\":\"ImageObject\",\"inLanguage\":\"de\",\"@id\":\"https:\\\/\\\/insektenliebe.com\\\/de\\\/shop\\\/produkt\\\/terraleaf-brick\\\/#primaryimage\",\"url\":\"https:\\\/\\\/insektenliebe.com\\\/wp-content\\\/uploads\\\/2025\\\/05\\\/Terraleaf-Brick-1-2.jpg\",\"contentUrl\":\"https:\\\/\\\/insektenliebe.com\\\/wp-content\\\/uploads\\\/2025\\\/05\\\/Terraleaf-Brick-1-2.jpg\",\"width\":820,\"height\":820,\"caption\":\"Terraleaf-Brick-1-2.jpg\"},{\"@type\":\"BreadcrumbList\",\"@id\":\"https:\\\/\\\/insektenliebe.com\\\/de\\\/shop\\\/produkt\\\/terraleaf-brick\\\/#breadcrumb\",\"itemListElement\":[{\"@type\":\"ListItem\",\"position\":1,\"name\":\"Startseite\",\"item\":\"https:\\\/\\\/insektenliebe.com\\\/de\\\/\"},{\"@type\":\"ListItem\",\"position\":2,\"name\":\"Shop\",\"item\":\"https:\\\/\\\/insektenliebe.com\\\/de\\\/shop\\\/\"},{\"@type\":\"ListItem\",\"position\":3,\"name\":\"Terraleaf-Brick\"}]},{\"@type\":\"WebSite\",\"@id\":\"https:\\\/\\\/insektenliebe.com\\\/de\\\/#website\",\"url\":\"https:\\\/\\\/insektenliebe.com\\\/de\\\/\",\"name\":\"Insektenliebe\",\"description\":\"Dein Zuhause f\u00fcr die kleinen Lebewesen\",\"publisher\":{\"@id\":\"https:\\\/\\\/insektenliebe.com\\\/de\\\/#organization\"},\"potentialAction\":[{\"@type\":\"SearchAction\",\"target\":{\"@type\":\"EntryPoint\",\"urlTemplate\":\"https:\\\/\\\/insektenliebe.com\\\/de\\\/?s={search_term_string}\"},\"query-input\":{\"@type\":\"PropertyValueSpecification\",\"valueRequired\":true,\"valueName\":\"search_term_string\"}}],\"inLanguage\":\"de\"},{\"@type\":\"Organization\",\"@id\":\"https:\\\/\\\/insektenliebe.com\\\/de\\\/#organization\",\"name\":\"Insektenliebe\",\"url\":\"https:\\\/\\\/insektenliebe.com\\\/de\\\/\",\"logo\":{\"@type\":\"ImageObject\",\"inLanguage\":\"de\",\"@id\":\"https:\\\/\\\/insektenliebe.com\\\/de\\\/#\\\/schema\\\/logo\\\/image\\\/\",\"url\":\"https:\\\/\\\/insektenliebe.com\\\/wp-content\\\/uploads\\\/2025\\\/03\\\/logo-white.png\",\"contentUrl\":\"https:\\\/\\\/insektenliebe.com\\\/wp-content\\\/uploads\\\/2025\\\/03\\\/logo-white.png\",\"width\":288,\"height\":188,\"caption\":\"Insektenliebe\"},\"image\":{\"@id\":\"https:\\\/\\\/insektenliebe.com\\\/de\\\/#\\\/schema\\\/logo\\\/image\\\/\"}}]}<\/script>\n<!-- \/ Yoast SEO plugin. -->","yoast_head_json":{"title":"Terraleaf-Brick - Insektenliebe","description":"Kaufe Terraleaf-Brick g\u00fcnstig und direkt online: Ein naturnahes Substrat aus exotischen Bl\u00e4ttern, ideal f\u00fcr Erstzersetzer und zur Feuchtigkeitsregulierung.","robots":{"index":"index","follow":"follow","max-snippet":"max-snippet:-1","max-image-preview":"max-image-preview:large","max-video-preview":"max-video-preview:-1"},"canonical":"https:\/\/insektenliebe.com\/de\/shop\/produkt\/terraleaf-brick\/","og_locale":"de_DE","og_type":"article","og_title":"Terraleaf-Brick - Insektenliebe","og_description":"Kaufe Terraleaf-Brick g\u00fcnstig und direkt online: Ein naturnahes Substrat aus exotischen Bl\u00e4ttern, ideal f\u00fcr Erstzersetzer und zur Feuchtigkeitsregulierung.","og_url":"https:\/\/insektenliebe.com\/de\/shop\/produkt\/terraleaf-brick\/","og_site_name":"Insektenliebe","article_modified_time":"2026-04-05T09:00:44+00:00","og_image":[{"width":820,"height":820,"url":"https:\/\/insektenliebe.com\/wp-content\/uploads\/2025\/05\/Terraleaf-Brick-1-2.jpg","type":"image\/jpeg"}],"twitter_card":"summary_large_image","twitter_misc":{"Gesch\u00e4tzte Lesezeit":"3\u00a0Minuten"},"schema":{"@context":"https:\/\/schema.org","@graph":[{"@type":"WebPage","@id":"https:\/\/insektenliebe.com\/de\/shop\/produkt\/terraleaf-brick\/","url":"https:\/\/insektenliebe.com\/de\/shop\/produkt\/terraleaf-brick\/","name":"Terraleaf-Brick - Insektenliebe","isPartOf":{"@id":"https:\/\/insektenliebe.com\/de\/#website"},"primaryImageOfPage":{"@id":"https:\/\/insektenliebe.com\/de\/shop\/produkt\/terraleaf-brick\/#primaryimage"},"image":{"@id":"https:\/\/insektenliebe.com\/de\/shop\/produkt\/terraleaf-brick\/#primaryimage"},"thumbnailUrl":"https:\/\/insektenliebe.com\/wp-content\/uploads\/2025\/05\/Terraleaf-Brick-1-2.jpg","datePublished":"2025-03-13T08:33:00+00:00","dateModified":"2026-04-05T09:00:44+00:00","description":"Kaufe Terraleaf-Brick g\u00fcnstig und direkt online: Ein naturnahes Substrat aus exotischen Bl\u00e4ttern, ideal f\u00fcr Erstzersetzer und zur Feuchtigkeitsregulierung.","breadcrumb":{"@id":"https:\/\/insektenliebe.com\/de\/shop\/produkt\/terraleaf-brick\/#breadcrumb"},"inLanguage":"de","potentialAction":[{"@type":"ReadAction","target":["https:\/\/insektenliebe.com\/de\/shop\/produkt\/terraleaf-brick\/"]}]},{"@type":"ImageObject","inLanguage":"de","@id":"https:\/\/insektenliebe.com\/de\/shop\/produkt\/terraleaf-brick\/#primaryimage","url":"https:\/\/insektenliebe.com\/wp-content\/uploads\/2025\/05\/Terraleaf-Brick-1-2.jpg","contentUrl":"https:\/\/insektenliebe.com\/wp-content\/uploads\/2025\/05\/Terraleaf-Brick-1-2.jpg","width":820,"height":820,"caption":"Terraleaf-Brick-1-2.jpg"},{"@type":"BreadcrumbList","@id":"https:\/\/insektenliebe.com\/de\/shop\/produkt\/terraleaf-brick\/#breadcrumb","itemListElement":[{"@type":"ListItem","position":1,"name":"Startseite","item":"https:\/\/insektenliebe.com\/de\/"},{"@type":"ListItem","position":2,"name":"Shop","item":"https:\/\/insektenliebe.com\/de\/shop\/"},{"@type":"ListItem","position":3,"name":"Terraleaf-Brick"}]},{"@type":"WebSite","@id":"https:\/\/insektenliebe.com\/de\/#website","url":"https:\/\/insektenliebe.com\/de\/","name":"Insektenliebe","description":"Dein Zuhause f\u00fcr die kleinen Lebewesen","publisher":{"@id":"https:\/\/insektenliebe.com\/de\/#organization"},"potentialAction":[{"@type":"SearchAction","target":{"@type":"EntryPoint","urlTemplate":"https:\/\/insektenliebe.com\/de\/?s={search_term_string}"},"query-input":{"@type":"PropertyValueSpecification","valueRequired":true,"valueName":"search_term_string"}}],"inLanguage":"de"},{"@type":"Organization","@id":"https:\/\/insektenliebe.com\/de\/#organization","name":"Insektenliebe","url":"https:\/\/insektenliebe.com\/de\/","logo":{"@type":"ImageObject","inLanguage":"de","@id":"https:\/\/insektenliebe.com\/de\/#\/schema\/logo\/image\/","url":"https:\/\/insektenliebe.com\/wp-content\/uploads\/2025\/03\/logo-white.png","contentUrl":"https:\/\/insektenliebe.com\/wp-content\/uploads\/2025\/03\/logo-white.png","width":288,"height":188,"caption":"Insektenliebe"},"image":{"@id":"https:\/\/insektenliebe.com\/de\/#\/schema\/logo\/image\/"}}]}},"_links":{"self":[{"href":"https:\/\/insektenliebe.com\/de\/wp-json\/wp\/v2\/product\/5832","targetHints":{"allow":["GET"]}}],"collection":[{"href":"https:\/\/insektenliebe.com\/de\/wp-json\/wp\/v2\/product"}],"about":[{"href":"https:\/\/insektenliebe.com\/de\/wp-json\/wp\/v2\/types\/product"}],"wp:featuredmedia":[{"embeddable":true,"href":"https:\/\/insektenliebe.com\/de\/wp-json\/wp\/v2\/media\/5858"}],"wp:attachment":[{"href":"https:\/\/insektenliebe.com\/de\/wp-json\/wp\/v2\/media?parent=5832"}],"wp:term":[{"taxonomy":"product-supplier","embeddable":true,"href":"https:\/\/insektenliebe.com\/de\/wp-json\/wp\/v2\/product-supplier?post=5832"},{"taxonomy":"product_brand","embeddable":true,"href":"https:\/\/insektenliebe.com\/de\/wp-json\/wp\/v2\/product_brand?post=5832"},{"taxonomy":"product_cat","embeddable":true,"href":"https:\/\/insektenliebe.com\/de\/wp-json\/wp\/v2\/product_cat?post=5832"},{"taxonomy":"product_tag","embeddable":true,"href":"https:\/\/insektenliebe.com\/de\/wp-json\/wp\/v2\/product_tag?post=5832"},{"taxonomy":"lce-checkout-addons","embeddable":true,"href":"https:\/\/insektenliebe.com\/de\/wp-json\/wp\/v2\/lce-checkout-addons?post=5832"}],"curies":[{"name":"wp","href":"https:\/\/api.w.org\/{rel}","templated":true}]}}