{"id":5821,"date":"2025-01-21T11:45:04","date_gmt":"2025-01-21T09:45:04","guid":{"rendered":"http:\/\/localhost\/ins-test\/?post_type=product&#038;p=5821"},"modified":"2026-04-18T16:22:21","modified_gmt":"2026-04-18T14:22:21","slug":"insektenliebe-kokosziegel","status":"publish","type":"product","link":"https:\/\/insektenliebe.com\/de\/shop\/produkt\/insektenliebe-kokosziegel\/","title":{"rendered":"Insektenliebe Kokosziegel"},"content":{"rendered":"<h3><span style=\"color: #99cc33\"><strong>Perfekte Bodenfeuchte mit dem Insektenliebe Kokosziegel<\/strong><\/span><\/h3>\n<p>Der <strong>Insektenliebe Kokosziegel<\/strong> ist eine hervorragende Alternative zu herk\u00f6mmlichen Terrariensubstraten. Er wird aus nachhaltig gewonnenen Kokosfasern hergestellt, die aus der Schale der Kokosnuss stammen. Durch die Zugabe von Wasser quillt der gepresste Kokosziegel innerhalb weniger Minuten zu einem lockeren, nat\u00fcrlichen Bodensubstrat auf, das ideal f\u00fcr zahlreiche Terrarientiere und Pflanzen geeignet ist.<\/p>\n<p>Dank seiner <strong>hervorragenden feuchtigkeitsspeichernden Eigenschaften<\/strong> sorgt der <strong>Insektenliebe Kokosziegel<\/strong> f\u00fcr ein ausgeglichenes Klima im Terrarium. Besonders in der Haltung von Vogelspinnen, Amphibien und anderen feuchtigkeitsliebenden Terrarienbewohnern erfreut sich dieses Substrat gro\u00dfer Beliebtheit. Es tr\u00e4gt dazu bei, die Luftfeuchtigkeit im Terrarium zu stabilisieren und schafft eine naturnahe Umgebung f\u00fcr deine Tiere.<\/p>\n<p>Ein weiterer Vorteil dieses Substrats ist seine <strong>nachhaltige Gewinnung<\/strong>. Die umweltfreundliche Herstellung macht den <strong>Insektenliebe Kokosziegel<\/strong> nicht nur zu einer \u00f6kologisch bewussten Wahl, sondern garantiert auch eine gleichbleibend hohe Qualit\u00e4t f\u00fcr die Bed\u00fcrfnisse deiner Terrarientiere.<\/p>\n<p>Egal, ob du kleine Reptilien, Amphibien oder wirbellose Tiere h\u00e4ltst \u2013 dieses Kokosfasersubstrat bietet ihnen ein angenehmes und naturnahes Umfeld. Die vielseitige Einsetzbarkeit macht es zu einer wertvollen Grundlage f\u00fcr dein Terrarium-Setup.<\/p>\n<h3><span style=\"color: #99cc33\">Wichtiger Hinweis f\u00fcr die Haltung von Erstzersetzern<\/span><\/h3>\n<p>Obwohl der <strong>Insektenliebe Kokosziegel<\/strong> viele positive Eigenschaften besitzt, sollte er nicht f\u00fcr die Haltung von Erstzersetzern wie <strong>Tausendf\u00fc\u00dfern, Asseln oder Schaben<\/strong> verwendet werden. Diese Tiere nehmen das Substrat nicht auf und ben\u00f6tigen f\u00fcr eine artgerechte Haltung stattdessen <strong>Waldhumus, wei\u00dffaules Holz und Futterlaub<\/strong> als Grundlage. F\u00fcr eine optimale Versorgung dieser Tiere empfehlen wir daher weiterhin auf nat\u00fcrliche Waldbodenmischungen zur\u00fcckzugreifen.<\/p>\n<h3><span style=\"color: #99cc33\">Anwendung:<\/span><\/h3>\n<p>Um den <strong>Insektenliebe Kokosziegel<\/strong> optimal vorzubereiten, nimm einen 10 Liter Eimer oder eine geeignete Beh\u00e4ltergr\u00f6\u00dfe. Gie\u00dfe anschlie\u00dfend vorsichtig <strong>1\u20131,25 Liter lauwarmes Wasser<\/strong> \u00fcber den Quellhumus und lasse ihn <strong>ca.<\/strong> <strong>30 Minuten<\/strong> lang einwirken, w\u00e4hrend du ihn gelegentlich umr\u00fchrst.<\/p>\n<p>So quillt der Block allm\u00e4hlich auf und verwandelt sich in ein lockeres und naturnahes Bodensubstrat f\u00fcr dein Terrarium.<\/p>\n<p>Um den <strong>Insektenliebe Kokosziegel<\/strong> optimal vorzubereiten, nimm einen 10 Liter Eimer oder eine geeignete Beh\u00e4ltergr\u00f6\u00dfe. Gie\u00dfe anschlie\u00dfend vorsichtig <strong>1,5\u20132 Liter lauwarmes Wasser<\/strong> \u00fcber den Quellhumus und lasse ihn <strong>ca.<\/strong> <strong>30 Minuten<\/strong> lang einwirken, w\u00e4hrend du ihn gelegentlich umr\u00fchrst.<\/p>\n<p>So quillt der Block allm\u00e4hlich auf und verwandelt sich in ein lockeres und naturnahes Bodensubstrat f\u00fcr dein Terrarium.<\/p>\n<p>Um den <strong>Insektenliebe Kokosziegel<\/strong> optimal vorzubereiten, nimm einen 10 Liter Eimer oder eine geeignete Beh\u00e4ltergr\u00f6\u00dfe. Gie\u00dfe anschlie\u00dfend vorsichtig <strong>3\u20134\u00a0Liter lauwarmes Wasser<\/strong> \u00fcber den Quellhumus und lasse ihn <strong>ca.<\/strong> <strong>30 Minuten<\/strong> lang einwirken, w\u00e4hrend du ihn gelegentlich umr\u00fchrst.<\/p>\n<p>So quillt der Block allm\u00e4hlich auf und verwandelt sich in ein lockeres und naturnahes Bodensubstrat f\u00fcr dein Terrarium.<\/p>\n","protected":false},"excerpt":{"rendered":"<p>Perfekte Bodenfeuchte mit dem Insektenliebe Kokosziegel Der Insektenliebe Kokosziegel ist eine hervorragende Alternative zu herk\u00f6mmlichen Terrariensubstraten. Er wird aus nachhaltig gewonnenen Kokosfasern hergestellt, die aus der Schale der Kokosnuss stammen. Durch die Zugabe von Wasser quillt der gepresste Kokosziegel innerhalb weniger Minuten zu einem lockeren, nat\u00fcrlichen Bodensubstrat auf, das ideal f\u00fcr zahlreiche Terrarientiere und Pflanzen [&hellip;]<\/p>\n","protected":false},"featured_media":5850,"template":"","meta":{"_acf_changed":false},"product-supplier":[],"product_brand":[1414],"product_cat":[127],"product_tag":[],"lce-checkout-addons":[],"class_list":{"0":"post-5821","1":"product","2":"type-product","3":"status-publish","4":"has-post-thumbnail","6":"product_brand-insektenliebe","7":"product_cat-substrate-moose","8":"product_shipping_class-equipment-shipping","10":"first","11":"instock","12":"taxable","13":"shipping-taxable","14":"purchasable","15":"product-type-variable","16":"has-default-attributes"},"acf":[],"yoast_head":"<!-- This site is optimized with the Yoast SEO plugin v27.3 - https:\/\/yoast.com\/product\/yoast-seo-wordpress\/ -->\n<title>Insektenliebe Kokosziegel - Insektenliebe<\/title>\n<meta name=\"description\" content=\"G\u00fcnstiger Insektenliebe Kokosziegel direkt online kaufen. Er eignet sich perfekt als nat\u00fcrlicher Bodengrund f\u00fcr alle Vogelspinnen im Terrarium.\" \/>\n<meta name=\"robots\" content=\"index, follow, max-snippet:-1, max-image-preview:large, max-video-preview:-1\" \/>\n<link rel=\"canonical\" href=\"https:\/\/insektenliebe.com\/de\/shop\/produkt\/insektenliebe-kokosziegel\/\" \/>\n<meta property=\"og:locale\" content=\"de_DE\" \/>\n<meta property=\"og:type\" content=\"article\" \/>\n<meta property=\"og:title\" content=\"Insektenliebe Kokosziegel - Insektenliebe\" \/>\n<meta property=\"og:description\" content=\"G\u00fcnstiger Insektenliebe Kokosziegel direkt online kaufen. Er eignet sich perfekt als nat\u00fcrlicher Bodengrund f\u00fcr alle Vogelspinnen im Terrarium.\" \/>\n<meta property=\"og:url\" content=\"https:\/\/insektenliebe.com\/de\/shop\/produkt\/insektenliebe-kokosziegel\/\" \/>\n<meta property=\"og:site_name\" content=\"Insektenliebe\" \/>\n<meta property=\"article:modified_time\" content=\"2026-04-18T14:22:21+00:00\" \/>\n<meta property=\"og:image\" content=\"https:\/\/insektenliebe.com\/wp-content\/uploads\/2025\/05\/Insektenliebe-Kokosziegel-2.jpg\" \/>\n\t<meta property=\"og:image:width\" content=\"820\" \/>\n\t<meta property=\"og:image:height\" content=\"820\" \/>\n\t<meta property=\"og:image:type\" content=\"image\/jpeg\" \/>\n<meta name=\"twitter:card\" content=\"summary_large_image\" \/>\n<meta name=\"twitter:label1\" content=\"Gesch\u00e4tzte Lesezeit\" \/>\n\t<meta name=\"twitter:data1\" content=\"3\u00a0Minuten\" \/>\n<script type=\"application\/ld+json\" class=\"yoast-schema-graph\">{\"@context\":\"https:\\\/\\\/schema.org\",\"@graph\":[{\"@type\":\"WebPage\",\"@id\":\"https:\\\/\\\/insektenliebe.com\\\/de\\\/shop\\\/produkt\\\/insektenliebe-kokosziegel\\\/\",\"url\":\"https:\\\/\\\/insektenliebe.com\\\/de\\\/shop\\\/produkt\\\/insektenliebe-kokosziegel\\\/\",\"name\":\"Insektenliebe Kokosziegel - Insektenliebe\",\"isPartOf\":{\"@id\":\"https:\\\/\\\/insektenliebe.com\\\/de\\\/#website\"},\"primaryImageOfPage\":{\"@id\":\"https:\\\/\\\/insektenliebe.com\\\/de\\\/shop\\\/produkt\\\/insektenliebe-kokosziegel\\\/#primaryimage\"},\"image\":{\"@id\":\"https:\\\/\\\/insektenliebe.com\\\/de\\\/shop\\\/produkt\\\/insektenliebe-kokosziegel\\\/#primaryimage\"},\"thumbnailUrl\":\"https:\\\/\\\/insektenliebe.com\\\/wp-content\\\/uploads\\\/2025\\\/05\\\/Insektenliebe-Kokosziegel-2.jpg\",\"datePublished\":\"2025-01-21T09:45:04+00:00\",\"dateModified\":\"2026-04-18T14:22:21+00:00\",\"description\":\"G\u00fcnstiger Insektenliebe Kokosziegel direkt online kaufen. Er eignet sich perfekt als nat\u00fcrlicher Bodengrund f\u00fcr alle Vogelspinnen im Terrarium.\",\"breadcrumb\":{\"@id\":\"https:\\\/\\\/insektenliebe.com\\\/de\\\/shop\\\/produkt\\\/insektenliebe-kokosziegel\\\/#breadcrumb\"},\"inLanguage\":\"de\",\"potentialAction\":[{\"@type\":\"ReadAction\",\"target\":[\"https:\\\/\\\/insektenliebe.com\\\/de\\\/shop\\\/produkt\\\/insektenliebe-kokosziegel\\\/\"]}]},{\"@type\":\"ImageObject\",\"inLanguage\":\"de\",\"@id\":\"https:\\\/\\\/insektenliebe.com\\\/de\\\/shop\\\/produkt\\\/insektenliebe-kokosziegel\\\/#primaryimage\",\"url\":\"https:\\\/\\\/insektenliebe.com\\\/wp-content\\\/uploads\\\/2025\\\/05\\\/Insektenliebe-Kokosziegel-2.jpg\",\"contentUrl\":\"https:\\\/\\\/insektenliebe.com\\\/wp-content\\\/uploads\\\/2025\\\/05\\\/Insektenliebe-Kokosziegel-2.jpg\",\"width\":820,\"height\":820,\"caption\":\"Insektenliebe-Kokosziegel-2.jpg\"},{\"@type\":\"BreadcrumbList\",\"@id\":\"https:\\\/\\\/insektenliebe.com\\\/de\\\/shop\\\/produkt\\\/insektenliebe-kokosziegel\\\/#breadcrumb\",\"itemListElement\":[{\"@type\":\"ListItem\",\"position\":1,\"name\":\"Startseite\",\"item\":\"https:\\\/\\\/insektenliebe.com\\\/de\\\/\"},{\"@type\":\"ListItem\",\"position\":2,\"name\":\"Shop\",\"item\":\"https:\\\/\\\/insektenliebe.com\\\/de\\\/shop\\\/\"},{\"@type\":\"ListItem\",\"position\":3,\"name\":\"Insektenliebe Kokosziegel\"}]},{\"@type\":\"WebSite\",\"@id\":\"https:\\\/\\\/insektenliebe.com\\\/de\\\/#website\",\"url\":\"https:\\\/\\\/insektenliebe.com\\\/de\\\/\",\"name\":\"Insektenliebe\",\"description\":\"Dein Zuhause f\u00fcr die kleinen Lebewesen\",\"publisher\":{\"@id\":\"https:\\\/\\\/insektenliebe.com\\\/de\\\/#organization\"},\"potentialAction\":[{\"@type\":\"SearchAction\",\"target\":{\"@type\":\"EntryPoint\",\"urlTemplate\":\"https:\\\/\\\/insektenliebe.com\\\/de\\\/?s={search_term_string}\"},\"query-input\":{\"@type\":\"PropertyValueSpecification\",\"valueRequired\":true,\"valueName\":\"search_term_string\"}}],\"inLanguage\":\"de\"},{\"@type\":\"Organization\",\"@id\":\"https:\\\/\\\/insektenliebe.com\\\/de\\\/#organization\",\"name\":\"Insektenliebe\",\"url\":\"https:\\\/\\\/insektenliebe.com\\\/de\\\/\",\"logo\":{\"@type\":\"ImageObject\",\"inLanguage\":\"de\",\"@id\":\"https:\\\/\\\/insektenliebe.com\\\/de\\\/#\\\/schema\\\/logo\\\/image\\\/\",\"url\":\"https:\\\/\\\/insektenliebe.com\\\/wp-content\\\/uploads\\\/2025\\\/03\\\/logo-white.png\",\"contentUrl\":\"https:\\\/\\\/insektenliebe.com\\\/wp-content\\\/uploads\\\/2025\\\/03\\\/logo-white.png\",\"width\":288,\"height\":188,\"caption\":\"Insektenliebe\"},\"image\":{\"@id\":\"https:\\\/\\\/insektenliebe.com\\\/de\\\/#\\\/schema\\\/logo\\\/image\\\/\"}}]}<\/script>\n<!-- \/ Yoast SEO plugin. -->","yoast_head_json":{"title":"Insektenliebe Kokosziegel - Insektenliebe","description":"G\u00fcnstiger Insektenliebe Kokosziegel direkt online kaufen. Er eignet sich perfekt als nat\u00fcrlicher Bodengrund f\u00fcr alle Vogelspinnen im Terrarium.","robots":{"index":"index","follow":"follow","max-snippet":"max-snippet:-1","max-image-preview":"max-image-preview:large","max-video-preview":"max-video-preview:-1"},"canonical":"https:\/\/insektenliebe.com\/de\/shop\/produkt\/insektenliebe-kokosziegel\/","og_locale":"de_DE","og_type":"article","og_title":"Insektenliebe Kokosziegel - Insektenliebe","og_description":"G\u00fcnstiger Insektenliebe Kokosziegel direkt online kaufen. Er eignet sich perfekt als nat\u00fcrlicher Bodengrund f\u00fcr alle Vogelspinnen im Terrarium.","og_url":"https:\/\/insektenliebe.com\/de\/shop\/produkt\/insektenliebe-kokosziegel\/","og_site_name":"Insektenliebe","article_modified_time":"2026-04-18T14:22:21+00:00","og_image":[{"width":820,"height":820,"url":"https:\/\/insektenliebe.com\/wp-content\/uploads\/2025\/05\/Insektenliebe-Kokosziegel-2.jpg","type":"image\/jpeg"}],"twitter_card":"summary_large_image","twitter_misc":{"Gesch\u00e4tzte Lesezeit":"3\u00a0Minuten"},"schema":{"@context":"https:\/\/schema.org","@graph":[{"@type":"WebPage","@id":"https:\/\/insektenliebe.com\/de\/shop\/produkt\/insektenliebe-kokosziegel\/","url":"https:\/\/insektenliebe.com\/de\/shop\/produkt\/insektenliebe-kokosziegel\/","name":"Insektenliebe Kokosziegel - Insektenliebe","isPartOf":{"@id":"https:\/\/insektenliebe.com\/de\/#website"},"primaryImageOfPage":{"@id":"https:\/\/insektenliebe.com\/de\/shop\/produkt\/insektenliebe-kokosziegel\/#primaryimage"},"image":{"@id":"https:\/\/insektenliebe.com\/de\/shop\/produkt\/insektenliebe-kokosziegel\/#primaryimage"},"thumbnailUrl":"https:\/\/insektenliebe.com\/wp-content\/uploads\/2025\/05\/Insektenliebe-Kokosziegel-2.jpg","datePublished":"2025-01-21T09:45:04+00:00","dateModified":"2026-04-18T14:22:21+00:00","description":"G\u00fcnstiger Insektenliebe Kokosziegel direkt online kaufen. Er eignet sich perfekt als nat\u00fcrlicher Bodengrund f\u00fcr alle Vogelspinnen im Terrarium.","breadcrumb":{"@id":"https:\/\/insektenliebe.com\/de\/shop\/produkt\/insektenliebe-kokosziegel\/#breadcrumb"},"inLanguage":"de","potentialAction":[{"@type":"ReadAction","target":["https:\/\/insektenliebe.com\/de\/shop\/produkt\/insektenliebe-kokosziegel\/"]}]},{"@type":"ImageObject","inLanguage":"de","@id":"https:\/\/insektenliebe.com\/de\/shop\/produkt\/insektenliebe-kokosziegel\/#primaryimage","url":"https:\/\/insektenliebe.com\/wp-content\/uploads\/2025\/05\/Insektenliebe-Kokosziegel-2.jpg","contentUrl":"https:\/\/insektenliebe.com\/wp-content\/uploads\/2025\/05\/Insektenliebe-Kokosziegel-2.jpg","width":820,"height":820,"caption":"Insektenliebe-Kokosziegel-2.jpg"},{"@type":"BreadcrumbList","@id":"https:\/\/insektenliebe.com\/de\/shop\/produkt\/insektenliebe-kokosziegel\/#breadcrumb","itemListElement":[{"@type":"ListItem","position":1,"name":"Startseite","item":"https:\/\/insektenliebe.com\/de\/"},{"@type":"ListItem","position":2,"name":"Shop","item":"https:\/\/insektenliebe.com\/de\/shop\/"},{"@type":"ListItem","position":3,"name":"Insektenliebe Kokosziegel"}]},{"@type":"WebSite","@id":"https:\/\/insektenliebe.com\/de\/#website","url":"https:\/\/insektenliebe.com\/de\/","name":"Insektenliebe","description":"Dein Zuhause f\u00fcr die kleinen Lebewesen","publisher":{"@id":"https:\/\/insektenliebe.com\/de\/#organization"},"potentialAction":[{"@type":"SearchAction","target":{"@type":"EntryPoint","urlTemplate":"https:\/\/insektenliebe.com\/de\/?s={search_term_string}"},"query-input":{"@type":"PropertyValueSpecification","valueRequired":true,"valueName":"search_term_string"}}],"inLanguage":"de"},{"@type":"Organization","@id":"https:\/\/insektenliebe.com\/de\/#organization","name":"Insektenliebe","url":"https:\/\/insektenliebe.com\/de\/","logo":{"@type":"ImageObject","inLanguage":"de","@id":"https:\/\/insektenliebe.com\/de\/#\/schema\/logo\/image\/","url":"https:\/\/insektenliebe.com\/wp-content\/uploads\/2025\/03\/logo-white.png","contentUrl":"https:\/\/insektenliebe.com\/wp-content\/uploads\/2025\/03\/logo-white.png","width":288,"height":188,"caption":"Insektenliebe"},"image":{"@id":"https:\/\/insektenliebe.com\/de\/#\/schema\/logo\/image\/"}}]}},"_links":{"self":[{"href":"https:\/\/insektenliebe.com\/de\/wp-json\/wp\/v2\/product\/5821","targetHints":{"allow":["GET"]}}],"collection":[{"href":"https:\/\/insektenliebe.com\/de\/wp-json\/wp\/v2\/product"}],"about":[{"href":"https:\/\/insektenliebe.com\/de\/wp-json\/wp\/v2\/types\/product"}],"wp:featuredmedia":[{"embeddable":true,"href":"https:\/\/insektenliebe.com\/de\/wp-json\/wp\/v2\/media\/5850"}],"wp:attachment":[{"href":"https:\/\/insektenliebe.com\/de\/wp-json\/wp\/v2\/media?parent=5821"}],"wp:term":[{"taxonomy":"product-supplier","embeddable":true,"href":"https:\/\/insektenliebe.com\/de\/wp-json\/wp\/v2\/product-supplier?post=5821"},{"taxonomy":"product_brand","embeddable":true,"href":"https:\/\/insektenliebe.com\/de\/wp-json\/wp\/v2\/product_brand?post=5821"},{"taxonomy":"product_cat","embeddable":true,"href":"https:\/\/insektenliebe.com\/de\/wp-json\/wp\/v2\/product_cat?post=5821"},{"taxonomy":"product_tag","embeddable":true,"href":"https:\/\/insektenliebe.com\/de\/wp-json\/wp\/v2\/product_tag?post=5821"},{"taxonomy":"lce-checkout-addons","embeddable":true,"href":"https:\/\/insektenliebe.com\/de\/wp-json\/wp\/v2\/lce-checkout-addons?post=5821"}],"curies":[{"name":"wp","href":"https:\/\/api.w.org\/{rel}","templated":true}]}}