{"id":5787,"date":"2024-11-01T11:29:04","date_gmt":"2024-11-01T09:29:04","guid":{"rendered":"http:\/\/localhost\/ins-test\/?post_type=product&#038;p=5787"},"modified":"2026-02-26T18:06:19","modified_gmt":"2026-02-26T17:06:19","slug":"eukalyptus-glocken","status":"publish","type":"product","link":"https:\/\/insektenliebe.com\/de\/shop\/produkt\/eukalyptus-glocken\/","title":{"rendered":"Eukalyptus Glocken"},"content":{"rendered":"<div class=\"flex-shrink-0 flex flex-col relative items-end\">\n<div>\n<div class=\"pt-0\">\n<div class=\"gizmo-bot-avatar flex h-8 w-8 items-center justify-center overflow-hidden rounded-full\">\n<h3 class=\"relative p-1 rounded-sm flex items-center justify-center bg-token-main-surface-primary text-token-text-primary h-8 w-8\"><span style=\"color: #99cc33;\"><strong><span style=\"font-size: 20.16px;\">Eukalyptus Glocken: Nat\u00fcrliche Verstecke f\u00fcr dein Terrarium<\/span><\/strong><\/span><\/h3>\n<\/div>\n<\/div>\n<\/div>\n<\/div>\n<p><strong>Eukalyptus Glocken <\/strong>sind\u00a0eine perfekte Erg\u00e4nzung f\u00fcr dein Terrarium, die nicht nur optisch beeindruckt, sondern auch einen funktionalen Lebensraum f\u00fcr deine kleinen Terrarienbewohner bietet. Diese einzigartigen Nussh\u00e4uschen, ideal f\u00fcr Springspinnen, Asseln und Tausendf\u00fc\u00dfer, f\u00fcgen sich nahtlos in jede Terrariumsumgebung ein und bereichern diese durch ihre nat\u00fcrliche Ausstrahlung.<\/p>\n<p>Die <strong>Eukalyptusn\u00fcsse,<\/strong> mit einer charakteristischen \u00d6ffnung auf der Vorderseite, bieten einen idealen Unterschlupf oder ein Nest f\u00fcr kleine Terrarientiere. Die nat\u00fcrliche Form und das robuste Material der <strong>Eukalyptus Glocken<\/strong> sch\u00fctzen nicht nur effektiv, sondern heben auch das nat\u00fcrliche Erscheinungsbild deines Terrariums hervor.<\/p>\n<p>Du kannst die <strong>Eukalyptus Glocken<\/strong> leicht in dein Terrarium integrieren. Ob aufgeh\u00e4ngt an \u00c4sten, festgeklebt an der R\u00fcckwand oder einfach auf dem Boden platziert \u2013 sie bieten dir vielf\u00e4ltige Gestaltungsm\u00f6glichkeiten. Aufgeh\u00e4ngt erinnern sie an kleine Vogelh\u00e4uschen und sind besonders bei Springspinnen beliebt, die darin gerne ihre Netze weben und sich zur\u00fcckziehen. Auf dem Boden liegend, dienen sie als ideale Verstecke f\u00fcr Bodenbewohner wie Asseln und Tausendf\u00fc\u00dfer.<\/p>\n<p>Die <strong>Eukalyptus Glocken<\/strong> sind nicht nur dekorativ, sondern auch nachhaltig. Eukalyptus ist ein schnell nachwachsender Rohstoff, der die Umweltbelastung minimiert und durch seine Langlebigkeit und Widerstandsf\u00e4higkeit gegen \u00e4u\u00dfere Einfl\u00fcsse besonders haltbar ist.<\/p>\n<p>Die Pflege der <strong>Eukalyptus Glocken<\/strong> ist einfach. Sie ben\u00f6tigen keine spezielle Behandlung und k\u00f6nnen bei Bedarf leicht gereinigt werden. Ihre glatte Oberfl\u00e4che verhindert die Ansammlung von Schmutz und erleichtert die Wartung deines Terrariums.<\/p>\n<p>Mit den <strong>Eukalyptus Glocken<\/strong> bietest du deinen Terrarienbewohnern nicht nur ein praktisches und sicheres Zuhause, sondern unterst\u00fctzt auch aktiv die nat\u00fcrliche Dekoration deines Terrariums. Sie sind perfekt f\u00fcr alle, die Wert auf eine naturnahe, stilvolle und artgerechte Terrariengestaltung legen.<\/p>\n<p>Wir weisen darauf hin, dass es sich um ein Naturprodukt handelt bei dem kein St\u00fcck dem anderen gleicht.<\/p>\n","protected":false},"excerpt":{"rendered":"<p>Eukalyptus Glocken: Nat\u00fcrliche Verstecke f\u00fcr dein Terrarium Eukalyptus Glocken sind\u00a0eine perfekte Erg\u00e4nzung f\u00fcr dein Terrarium, die nicht nur optisch beeindruckt, sondern auch einen funktionalen Lebensraum f\u00fcr deine kleinen Terrarienbewohner bietet. Diese einzigartigen Nussh\u00e4uschen, ideal f\u00fcr Springspinnen, Asseln und Tausendf\u00fc\u00dfer, f\u00fcgen sich nahtlos in jede Terrariumsumgebung ein und bereichern diese durch ihre nat\u00fcrliche Ausstrahlung. Die Eukalyptusn\u00fcsse, [&hellip;]<\/p>\n","protected":false},"featured_media":5816,"template":"","meta":{"_acf_changed":false},"product-supplier":[],"product_brand":[],"product_cat":[253],"product_tag":[],"lce-checkout-addons":[],"class_list":{"0":"post-5787","1":"product","2":"type-product","3":"status-publish","4":"has-post-thumbnail","6":"product_cat-einrichtung-dekoration","7":"product_shipping_class-equipment-shipping","9":"first","10":"instock","11":"taxable","12":"shipping-taxable","13":"purchasable","14":"product-type-simple"},"acf":[],"yoast_head":"<!-- This site is optimized with the Yoast SEO plugin v27.3 - https:\/\/yoast.com\/product\/yoast-seo-wordpress\/ -->\n<title>Eukalyptus Glocken - Insektenliebe<\/title>\n<meta name=\"description\" content=\"Kaufe g\u00fcnstige Eukalyptus Glocken direkt online! Ideal f\u00fcr Springspinnen\u2013 bringe nat\u00fcrliche, stilvolle Verstecke in dein Terrarium.\" \/>\n<meta name=\"robots\" content=\"index, follow, max-snippet:-1, max-image-preview:large, max-video-preview:-1\" \/>\n<link rel=\"canonical\" href=\"https:\/\/insektenliebe.com\/de\/shop\/produkt\/eukalyptus-glocken\/\" \/>\n<meta property=\"og:locale\" content=\"de_DE\" \/>\n<meta property=\"og:type\" content=\"article\" \/>\n<meta property=\"og:title\" content=\"Eukalyptus Glocken - Insektenliebe\" \/>\n<meta property=\"og:description\" content=\"Kaufe g\u00fcnstige Eukalyptus Glocken direkt online! Ideal f\u00fcr Springspinnen\u2013 bringe nat\u00fcrliche, stilvolle Verstecke in dein Terrarium.\" \/>\n<meta property=\"og:url\" content=\"https:\/\/insektenliebe.com\/de\/shop\/produkt\/eukalyptus-glocken\/\" \/>\n<meta property=\"og:site_name\" content=\"Insektenliebe\" \/>\n<meta property=\"article:modified_time\" content=\"2026-02-26T17:06:19+00:00\" \/>\n<meta property=\"og:image\" content=\"https:\/\/insektenliebe.com\/wp-content\/uploads\/2025\/05\/Eukalyptus-Glocken-2.jpg\" \/>\n\t<meta property=\"og:image:width\" content=\"820\" \/>\n\t<meta property=\"og:image:height\" content=\"820\" \/>\n\t<meta property=\"og:image:type\" content=\"image\/jpeg\" \/>\n<meta name=\"twitter:card\" content=\"summary_large_image\" \/>\n<meta name=\"twitter:label1\" content=\"Gesch\u00e4tzte Lesezeit\" \/>\n\t<meta name=\"twitter:data1\" content=\"2\u00a0Minuten\" \/>\n<script type=\"application\/ld+json\" class=\"yoast-schema-graph\">{\"@context\":\"https:\\\/\\\/schema.org\",\"@graph\":[{\"@type\":\"WebPage\",\"@id\":\"https:\\\/\\\/insektenliebe.com\\\/de\\\/shop\\\/produkt\\\/eukalyptus-glocken\\\/\",\"url\":\"https:\\\/\\\/insektenliebe.com\\\/de\\\/shop\\\/produkt\\\/eukalyptus-glocken\\\/\",\"name\":\"Eukalyptus Glocken - Insektenliebe\",\"isPartOf\":{\"@id\":\"https:\\\/\\\/insektenliebe.com\\\/de\\\/#website\"},\"primaryImageOfPage\":{\"@id\":\"https:\\\/\\\/insektenliebe.com\\\/de\\\/shop\\\/produkt\\\/eukalyptus-glocken\\\/#primaryimage\"},\"image\":{\"@id\":\"https:\\\/\\\/insektenliebe.com\\\/de\\\/shop\\\/produkt\\\/eukalyptus-glocken\\\/#primaryimage\"},\"thumbnailUrl\":\"https:\\\/\\\/insektenliebe.com\\\/wp-content\\\/uploads\\\/2025\\\/05\\\/Eukalyptus-Glocken-2.jpg\",\"datePublished\":\"2024-11-01T09:29:04+00:00\",\"dateModified\":\"2026-02-26T17:06:19+00:00\",\"description\":\"Kaufe g\u00fcnstige Eukalyptus Glocken direkt online! Ideal f\u00fcr Springspinnen\u2013 bringe nat\u00fcrliche, stilvolle Verstecke in dein Terrarium.\",\"breadcrumb\":{\"@id\":\"https:\\\/\\\/insektenliebe.com\\\/de\\\/shop\\\/produkt\\\/eukalyptus-glocken\\\/#breadcrumb\"},\"inLanguage\":\"de\",\"potentialAction\":[{\"@type\":\"ReadAction\",\"target\":[\"https:\\\/\\\/insektenliebe.com\\\/de\\\/shop\\\/produkt\\\/eukalyptus-glocken\\\/\"]}]},{\"@type\":\"ImageObject\",\"inLanguage\":\"de\",\"@id\":\"https:\\\/\\\/insektenliebe.com\\\/de\\\/shop\\\/produkt\\\/eukalyptus-glocken\\\/#primaryimage\",\"url\":\"https:\\\/\\\/insektenliebe.com\\\/wp-content\\\/uploads\\\/2025\\\/05\\\/Eukalyptus-Glocken-2.jpg\",\"contentUrl\":\"https:\\\/\\\/insektenliebe.com\\\/wp-content\\\/uploads\\\/2025\\\/05\\\/Eukalyptus-Glocken-2.jpg\",\"width\":820,\"height\":820,\"caption\":\"Eukalyptus-Glocken-2.jpg\"},{\"@type\":\"BreadcrumbList\",\"@id\":\"https:\\\/\\\/insektenliebe.com\\\/de\\\/shop\\\/produkt\\\/eukalyptus-glocken\\\/#breadcrumb\",\"itemListElement\":[{\"@type\":\"ListItem\",\"position\":1,\"name\":\"Startseite\",\"item\":\"https:\\\/\\\/insektenliebe.com\\\/de\\\/\"},{\"@type\":\"ListItem\",\"position\":2,\"name\":\"Shop\",\"item\":\"https:\\\/\\\/insektenliebe.com\\\/de\\\/shop\\\/\"},{\"@type\":\"ListItem\",\"position\":3,\"name\":\"Eukalyptus Glocken\"}]},{\"@type\":\"WebSite\",\"@id\":\"https:\\\/\\\/insektenliebe.com\\\/de\\\/#website\",\"url\":\"https:\\\/\\\/insektenliebe.com\\\/de\\\/\",\"name\":\"Insektenliebe\",\"description\":\"Dein Zuhause f\u00fcr die kleinen Lebewesen\",\"publisher\":{\"@id\":\"https:\\\/\\\/insektenliebe.com\\\/de\\\/#organization\"},\"potentialAction\":[{\"@type\":\"SearchAction\",\"target\":{\"@type\":\"EntryPoint\",\"urlTemplate\":\"https:\\\/\\\/insektenliebe.com\\\/de\\\/?s={search_term_string}\"},\"query-input\":{\"@type\":\"PropertyValueSpecification\",\"valueRequired\":true,\"valueName\":\"search_term_string\"}}],\"inLanguage\":\"de\"},{\"@type\":\"Organization\",\"@id\":\"https:\\\/\\\/insektenliebe.com\\\/de\\\/#organization\",\"name\":\"Insektenliebe\",\"url\":\"https:\\\/\\\/insektenliebe.com\\\/de\\\/\",\"logo\":{\"@type\":\"ImageObject\",\"inLanguage\":\"de\",\"@id\":\"https:\\\/\\\/insektenliebe.com\\\/de\\\/#\\\/schema\\\/logo\\\/image\\\/\",\"url\":\"https:\\\/\\\/insektenliebe.com\\\/wp-content\\\/uploads\\\/2025\\\/03\\\/logo-white.png\",\"contentUrl\":\"https:\\\/\\\/insektenliebe.com\\\/wp-content\\\/uploads\\\/2025\\\/03\\\/logo-white.png\",\"width\":288,\"height\":188,\"caption\":\"Insektenliebe\"},\"image\":{\"@id\":\"https:\\\/\\\/insektenliebe.com\\\/de\\\/#\\\/schema\\\/logo\\\/image\\\/\"}}]}<\/script>\n<!-- \/ Yoast SEO plugin. -->","yoast_head_json":{"title":"Eukalyptus Glocken - Insektenliebe","description":"Kaufe g\u00fcnstige Eukalyptus Glocken direkt online! Ideal f\u00fcr Springspinnen\u2013 bringe nat\u00fcrliche, stilvolle Verstecke in dein Terrarium.","robots":{"index":"index","follow":"follow","max-snippet":"max-snippet:-1","max-image-preview":"max-image-preview:large","max-video-preview":"max-video-preview:-1"},"canonical":"https:\/\/insektenliebe.com\/de\/shop\/produkt\/eukalyptus-glocken\/","og_locale":"de_DE","og_type":"article","og_title":"Eukalyptus Glocken - Insektenliebe","og_description":"Kaufe g\u00fcnstige Eukalyptus Glocken direkt online! Ideal f\u00fcr Springspinnen\u2013 bringe nat\u00fcrliche, stilvolle Verstecke in dein Terrarium.","og_url":"https:\/\/insektenliebe.com\/de\/shop\/produkt\/eukalyptus-glocken\/","og_site_name":"Insektenliebe","article_modified_time":"2026-02-26T17:06:19+00:00","og_image":[{"width":820,"height":820,"url":"https:\/\/insektenliebe.com\/wp-content\/uploads\/2025\/05\/Eukalyptus-Glocken-2.jpg","type":"image\/jpeg"}],"twitter_card":"summary_large_image","twitter_misc":{"Gesch\u00e4tzte Lesezeit":"2\u00a0Minuten"},"schema":{"@context":"https:\/\/schema.org","@graph":[{"@type":"WebPage","@id":"https:\/\/insektenliebe.com\/de\/shop\/produkt\/eukalyptus-glocken\/","url":"https:\/\/insektenliebe.com\/de\/shop\/produkt\/eukalyptus-glocken\/","name":"Eukalyptus Glocken - Insektenliebe","isPartOf":{"@id":"https:\/\/insektenliebe.com\/de\/#website"},"primaryImageOfPage":{"@id":"https:\/\/insektenliebe.com\/de\/shop\/produkt\/eukalyptus-glocken\/#primaryimage"},"image":{"@id":"https:\/\/insektenliebe.com\/de\/shop\/produkt\/eukalyptus-glocken\/#primaryimage"},"thumbnailUrl":"https:\/\/insektenliebe.com\/wp-content\/uploads\/2025\/05\/Eukalyptus-Glocken-2.jpg","datePublished":"2024-11-01T09:29:04+00:00","dateModified":"2026-02-26T17:06:19+00:00","description":"Kaufe g\u00fcnstige Eukalyptus Glocken direkt online! Ideal f\u00fcr Springspinnen\u2013 bringe nat\u00fcrliche, stilvolle Verstecke in dein Terrarium.","breadcrumb":{"@id":"https:\/\/insektenliebe.com\/de\/shop\/produkt\/eukalyptus-glocken\/#breadcrumb"},"inLanguage":"de","potentialAction":[{"@type":"ReadAction","target":["https:\/\/insektenliebe.com\/de\/shop\/produkt\/eukalyptus-glocken\/"]}]},{"@type":"ImageObject","inLanguage":"de","@id":"https:\/\/insektenliebe.com\/de\/shop\/produkt\/eukalyptus-glocken\/#primaryimage","url":"https:\/\/insektenliebe.com\/wp-content\/uploads\/2025\/05\/Eukalyptus-Glocken-2.jpg","contentUrl":"https:\/\/insektenliebe.com\/wp-content\/uploads\/2025\/05\/Eukalyptus-Glocken-2.jpg","width":820,"height":820,"caption":"Eukalyptus-Glocken-2.jpg"},{"@type":"BreadcrumbList","@id":"https:\/\/insektenliebe.com\/de\/shop\/produkt\/eukalyptus-glocken\/#breadcrumb","itemListElement":[{"@type":"ListItem","position":1,"name":"Startseite","item":"https:\/\/insektenliebe.com\/de\/"},{"@type":"ListItem","position":2,"name":"Shop","item":"https:\/\/insektenliebe.com\/de\/shop\/"},{"@type":"ListItem","position":3,"name":"Eukalyptus Glocken"}]},{"@type":"WebSite","@id":"https:\/\/insektenliebe.com\/de\/#website","url":"https:\/\/insektenliebe.com\/de\/","name":"Insektenliebe","description":"Dein Zuhause f\u00fcr die kleinen Lebewesen","publisher":{"@id":"https:\/\/insektenliebe.com\/de\/#organization"},"potentialAction":[{"@type":"SearchAction","target":{"@type":"EntryPoint","urlTemplate":"https:\/\/insektenliebe.com\/de\/?s={search_term_string}"},"query-input":{"@type":"PropertyValueSpecification","valueRequired":true,"valueName":"search_term_string"}}],"inLanguage":"de"},{"@type":"Organization","@id":"https:\/\/insektenliebe.com\/de\/#organization","name":"Insektenliebe","url":"https:\/\/insektenliebe.com\/de\/","logo":{"@type":"ImageObject","inLanguage":"de","@id":"https:\/\/insektenliebe.com\/de\/#\/schema\/logo\/image\/","url":"https:\/\/insektenliebe.com\/wp-content\/uploads\/2025\/03\/logo-white.png","contentUrl":"https:\/\/insektenliebe.com\/wp-content\/uploads\/2025\/03\/logo-white.png","width":288,"height":188,"caption":"Insektenliebe"},"image":{"@id":"https:\/\/insektenliebe.com\/de\/#\/schema\/logo\/image\/"}}]}},"_links":{"self":[{"href":"https:\/\/insektenliebe.com\/de\/wp-json\/wp\/v2\/product\/5787","targetHints":{"allow":["GET"]}}],"collection":[{"href":"https:\/\/insektenliebe.com\/de\/wp-json\/wp\/v2\/product"}],"about":[{"href":"https:\/\/insektenliebe.com\/de\/wp-json\/wp\/v2\/types\/product"}],"wp:featuredmedia":[{"embeddable":true,"href":"https:\/\/insektenliebe.com\/de\/wp-json\/wp\/v2\/media\/5816"}],"wp:attachment":[{"href":"https:\/\/insektenliebe.com\/de\/wp-json\/wp\/v2\/media?parent=5787"}],"wp:term":[{"taxonomy":"product-supplier","embeddable":true,"href":"https:\/\/insektenliebe.com\/de\/wp-json\/wp\/v2\/product-supplier?post=5787"},{"taxonomy":"product_brand","embeddable":true,"href":"https:\/\/insektenliebe.com\/de\/wp-json\/wp\/v2\/product_brand?post=5787"},{"taxonomy":"product_cat","embeddable":true,"href":"https:\/\/insektenliebe.com\/de\/wp-json\/wp\/v2\/product_cat?post=5787"},{"taxonomy":"product_tag","embeddable":true,"href":"https:\/\/insektenliebe.com\/de\/wp-json\/wp\/v2\/product_tag?post=5787"},{"taxonomy":"lce-checkout-addons","embeddable":true,"href":"https:\/\/insektenliebe.com\/de\/wp-json\/wp\/v2\/lce-checkout-addons?post=5787"}],"curies":[{"name":"wp","href":"https:\/\/api.w.org\/{rel}","templated":true}]}}