{"id":5785,"date":"2024-10-25T12:44:00","date_gmt":"2024-10-25T10:44:00","guid":{"rendered":"http:\/\/localhost\/ins-test\/?post_type=product&#038;p=5785"},"modified":"2026-04-11T10:02:22","modified_gmt":"2026-04-11T08:02:22","slug":"cryptocoryne-petchii","status":"publish","type":"product","link":"https:\/\/insektenliebe.com\/de\/shop\/produkt\/cryptocoryne-petchii\/","title":{"rendered":"Cryptocoryne petchii"},"content":{"rendered":"<h3><strong><span style=\"color: #99cc33\">Cryptocoryne petchii: Exotische Pflanze f\u00fcr feuchte Terrarien<\/span><\/strong><\/h3>\n<div class=\"group\/conversation-turn relative flex w-full min-w-0 flex-col agent-turn\">\n<div class=\"flex-col gap-1 md:gap-3\">\n<div class=\"flex flex-grow flex-col max-w-full\">\n<div class=\"min-h- text-message flex flex-col items-start whitespace-pre-wrap break-words :mt-5 juice:w-full juice:items-end overflow-x-auto gap-2\" dir=\"auto\" data-message-author-role=\"assistant\" data-message-id=\"622823d4-6ea1-4150-9ef9-019842ccf5a1\">\n<div class=\"flex w-full flex-col gap-1 juice:empty:hidden juice:first:pt-\">\n<div class=\"markdown prose w-full break-words dark:prose-invert light\">\n<div class=\"flex-shrink-0 flex flex-col relative items-end\">\n<div>\n<div class=\"pt-0\">\n<div class=\"gizmo-bot-avatar flex h-8 w-8 items-center justify-center overflow-hidden rounded-full\">\n<div class=\"relative p-1 rounded-sm flex items-center justify-center bg-token-main-surface-primary text-token-text-primary h-8 w-8\"><span style=\"color: #555555\">Die <strong>Cryptocoryne petchii,<\/strong> eine bezaubernde Pflanze aus der Familie der Aronstabgew\u00e4chse, ist eine Bereicherung f\u00fcr jedes Terrarium. Diese Art stammt urspr\u00fcnglich aus S\u00fcdostasien und zeichnet sich durch ihre kompakte Gr\u00f6\u00dfe und die attraktive Blattf\u00e4rbung aus. Ihre welligen, schmalen Bl\u00e4tter, die je nach Lichtverh\u00e4ltnissen von tiefem Gr\u00fcn bis hin zu bronzefarben variieren k\u00f6nnen, verleihen jedem Terrarium eine exotische Note. <strong>Cryptocoryne petchii<\/strong> gedeiht sowohl in feuchten Terrarienbedingungen als auch in Aquaterrarien, wo sie teils untergetaucht oder komplett unter Wasser leben kann. Ihre Robustheit und Anpassungsf\u00e4higkeit an verschiedene Umgebungen macht sie besonders f\u00fcr Anf\u00e4nger geeignet. Sie bevorzugt weiches bis mittelhartes Wasser und kommt mit m\u00e4\u00dfiger Beleuchtung aus, wobei st\u00e4rkeres Licht die Farbintensit\u00e4t ihrer Bl\u00e4tter verst\u00e4rkt.<\/span><\/div>\n<\/div>\n<\/div>\n<\/div>\n<\/div>\n<div class=\"group\/conversation-turn relative flex w-full min-w-0 flex-col agent-turn\">\n<div class=\"flex-col gap-1 md:gap-3\">\n<div class=\"flex max-w-full flex-col flex-grow AIPRM__conversation__response\">\n<div class=\"min-h-8 text-message flex w-full flex-col items-end gap-2 whitespace-normal break-words :mt-5\" dir=\"auto\" data-message-author-role=\"assistant\" data-message-id=\"330c059d-30d9-4031-90d0-89d640514e49\" data-message-model-slug=\"gpt-4\">\n<div class=\"flex w-full flex-col gap-1 empty:hidden first:pt-\">\n<div class=\"markdown prose w-full break-words dark:prose-invert light\">\n<p>Die Pflege dieser Cryptocoryne ist unkompliziert. Sie ben\u00f6tigt nur minimale Aufmerksamkeit hinsichtlich D\u00fcngung und Licht, um ihr volles Potenzial zu entfalten. Einmal etabliert, kann sie sich durch Ausl\u00e4ufer vermehren und langsam aber sicher dichte, attraktive Gruppen bilden. Nicht nur das \u00e4sthetische Erscheinungsbild der <strong>Cryptocoryne petchii<\/strong> ist von Vorteil, sondern auch ihre F\u00e4higkeit, zur Verbesserung der Wasserqualit\u00e4t beizutragen.<\/p>\n<\/div>\n<\/div>\n<\/div>\n<\/div>\n<\/div>\n<\/div>\n<\/div>\n<\/div>\n<\/div>\n<\/div>\n<\/div>\n<\/div>\n<p>In einem Aquaterrarium hilft sie, N\u00e4hrstoffe zu binden und das Wasser klar zu halten, was wiederum das biologische Gleichgewicht f\u00f6rdert und eine gesunde Umgebung f\u00fcr deine Tiere schafft.<\/p>\n<p>F\u00fcr die Bewohner deines Terrariums bietet <strong>Cryptocoryne petchii<\/strong> nicht nur eine visuelle Aufwertung, sondern auch praktische Versteckm\u00f6glichkeiten. Insbesondere kleinere Amphibien und Wasserlebewesen profitieren von den dichten Pflanzengruppen als Schutz vor zu starker Lichteinstrahlung und als R\u00fcckzugsort. Hol dir die <strong>Cryptocoryne petchii<\/strong> in dein Zuhause und erlebe, wie diese elegante Pflanze dein Terrarium in eine lebendige, gr\u00fcne Oase verwandelt. Sie ist die perfekte Wahl f\u00fcr jeden Terrarienliebhaber, der eine pflegeleichte und dennoch spektakul\u00e4re Pflanze sucht, um die nat\u00fcrliche Sch\u00f6nheit seines Lebensraums zu bereichern.<\/p>\n","protected":false},"excerpt":{"rendered":"<p>Cryptocoryne petchii: Exotische Pflanze f\u00fcr feuchte Terrarien Die Cryptocoryne petchii, eine bezaubernde Pflanze aus der Familie der Aronstabgew\u00e4chse, ist eine Bereicherung f\u00fcr jedes Terrarium. Diese Art stammt urspr\u00fcnglich aus S\u00fcdostasien und zeichnet sich durch ihre kompakte Gr\u00f6\u00dfe und die attraktive Blattf\u00e4rbung aus. Ihre welligen, schmalen Bl\u00e4tter, die je nach Lichtverh\u00e4ltnissen von tiefem Gr\u00fcn bis hin [&hellip;]<\/p>\n","protected":false},"featured_media":5814,"template":"","meta":{"_acf_changed":false},"product-supplier":[],"product_brand":[],"product_cat":[414],"product_tag":[],"lce-checkout-addons":[1202],"class_list":{"0":"post-5785","1":"product","2":"type-product","3":"status-publish","4":"has-post-thumbnail","6":"product_cat-terrarienpflanzen","7":"product_shipping_class-equipment-shipping","8":"pa_herkunft-sri-lanka","9":"lce-checkout-addons-winterverpackung","11":"first","12":"outofstock","13":"taxable","14":"shipping-taxable","15":"purchasable","16":"product-type-simple"},"acf":[],"yoast_head":"<!-- This site is optimized with the Yoast SEO Premium plugin v26.8 (Yoast SEO v27.5) - https:\/\/yoast.com\/product\/yoast-seo-premium-wordpress\/ -->\n<title>Cryptocoryne petchii - Insektenliebe<\/title>\n<meta name=\"description\" content=\"Kaufe jetzt Cryptocoryne petchii g\u00fcnstig und direkt online: Eine robuste und optisch ansprechende Pflanze f\u00fcr Terrarien, Paludarien und Aquarien.\" \/>\n<meta name=\"robots\" content=\"index, follow, max-snippet:-1, max-image-preview:large, max-video-preview:-1\" \/>\n<link rel=\"canonical\" href=\"https:\/\/insektenliebe.com\/de\/shop\/produkt\/cryptocoryne-petchii\/\" \/>\n<meta property=\"og:locale\" content=\"de_DE\" \/>\n<meta property=\"og:type\" content=\"article\" \/>\n<meta property=\"og:title\" content=\"Cryptocoryne petchii\" \/>\n<meta property=\"og:description\" content=\"Kaufe jetzt Cryptocoryne petchii g\u00fcnstig und direkt online: Eine robuste und optisch ansprechende Pflanze f\u00fcr Terrarien, Paludarien und Aquarien.\" \/>\n<meta property=\"og:url\" content=\"https:\/\/insektenliebe.com\/de\/shop\/produkt\/cryptocoryne-petchii\/\" \/>\n<meta property=\"og:site_name\" content=\"Insektenliebe\" \/>\n<meta property=\"article:modified_time\" content=\"2026-04-11T08:02:22+00:00\" \/>\n<meta property=\"og:image\" content=\"https:\/\/insektenliebe.com\/wp-content\/uploads\/2025\/05\/Cryptocoryne-petchii-2.jpg\" \/>\n\t<meta property=\"og:image:width\" content=\"820\" \/>\n\t<meta property=\"og:image:height\" content=\"820\" \/>\n\t<meta property=\"og:image:type\" content=\"image\/jpeg\" \/>\n<meta name=\"twitter:card\" content=\"summary_large_image\" \/>\n<meta name=\"twitter:label1\" content=\"Preis\" \/>\n\t<meta name=\"twitter:data1\" content=\"7,90&nbsp;&euro; inkl. MwSt. zzgl. Versand\" \/>\n\t<meta name=\"twitter:label2\" content=\"Verf\u00fcgbarkeit\" \/>\n\t<meta name=\"twitter:data2\" content=\"ausverkauft\" \/>\n<script type=\"application\/ld+json\" class=\"yoast-schema-graph\">{\"@context\":\"https:\\\/\\\/schema.org\",\"@graph\":[{\"@type\":\"WebPage\",\"@id\":\"https:\\\/\\\/insektenliebe.com\\\/de\\\/shop\\\/produkt\\\/cryptocoryne-petchii\\\/\",\"url\":\"https:\\\/\\\/insektenliebe.com\\\/de\\\/shop\\\/produkt\\\/cryptocoryne-petchii\\\/\",\"name\":\"Cryptocoryne petchii - Insektenliebe\",\"isPartOf\":{\"@id\":\"https:\\\/\\\/insektenliebe.com\\\/de\\\/#website\"},\"primaryImageOfPage\":{\"@id\":\"https:\\\/\\\/insektenliebe.com\\\/de\\\/shop\\\/produkt\\\/cryptocoryne-petchii\\\/#primaryimage\"},\"image\":{\"@id\":\"https:\\\/\\\/insektenliebe.com\\\/de\\\/shop\\\/produkt\\\/cryptocoryne-petchii\\\/#primaryimage\"},\"thumbnailUrl\":\"https:\\\/\\\/insektenliebe.com\\\/wp-content\\\/uploads\\\/2025\\\/05\\\/Cryptocoryne-petchii-2.jpg\",\"datePublished\":\"2024-10-25T10:44:00+00:00\",\"dateModified\":\"2026-04-11T08:02:22+00:00\",\"description\":\"Kaufe jetzt Cryptocoryne petchii g\u00fcnstig und direkt online: Eine robuste und optisch ansprechende Pflanze f\u00fcr Terrarien, Paludarien und Aquarien.\",\"breadcrumb\":{\"@id\":\"https:\\\/\\\/insektenliebe.com\\\/de\\\/shop\\\/produkt\\\/cryptocoryne-petchii\\\/#breadcrumb\"},\"inLanguage\":\"de\",\"potentialAction\":[{\"@type\":\"ReadAction\",\"target\":[\"https:\\\/\\\/insektenliebe.com\\\/de\\\/shop\\\/produkt\\\/cryptocoryne-petchii\\\/\"]}]},{\"@type\":\"ImageObject\",\"inLanguage\":\"de\",\"@id\":\"https:\\\/\\\/insektenliebe.com\\\/de\\\/shop\\\/produkt\\\/cryptocoryne-petchii\\\/#primaryimage\",\"url\":\"https:\\\/\\\/insektenliebe.com\\\/wp-content\\\/uploads\\\/2025\\\/05\\\/Cryptocoryne-petchii-2.jpg\",\"contentUrl\":\"https:\\\/\\\/insektenliebe.com\\\/wp-content\\\/uploads\\\/2025\\\/05\\\/Cryptocoryne-petchii-2.jpg\",\"width\":820,\"height\":820,\"caption\":\"Cryptocoryne-petchii-2.jpg\"},{\"@type\":\"BreadcrumbList\",\"@id\":\"https:\\\/\\\/insektenliebe.com\\\/de\\\/shop\\\/produkt\\\/cryptocoryne-petchii\\\/#breadcrumb\",\"itemListElement\":[{\"@type\":\"ListItem\",\"position\":1,\"name\":\"Startseite\",\"item\":\"https:\\\/\\\/insektenliebe.com\\\/de\\\/\"},{\"@type\":\"ListItem\",\"position\":2,\"name\":\"Shop\",\"item\":\"https:\\\/\\\/insektenliebe.com\\\/de\\\/shop\\\/\"},{\"@type\":\"ListItem\",\"position\":3,\"name\":\"Cryptocoryne petchii\"}]},{\"@type\":\"WebSite\",\"@id\":\"https:\\\/\\\/insektenliebe.com\\\/de\\\/#website\",\"url\":\"https:\\\/\\\/insektenliebe.com\\\/de\\\/\",\"name\":\"Insektenliebe\",\"description\":\"Dein Zuhause f\u00fcr die kleinen Lebewesen\",\"publisher\":{\"@id\":\"https:\\\/\\\/insektenliebe.com\\\/de\\\/#organization\"},\"potentialAction\":[{\"@type\":\"SearchAction\",\"target\":{\"@type\":\"EntryPoint\",\"urlTemplate\":\"https:\\\/\\\/insektenliebe.com\\\/de\\\/?s={search_term_string}\"},\"query-input\":{\"@type\":\"PropertyValueSpecification\",\"valueRequired\":true,\"valueName\":\"search_term_string\"}}],\"inLanguage\":\"de\"},{\"@type\":\"Organization\",\"@id\":\"https:\\\/\\\/insektenliebe.com\\\/de\\\/#organization\",\"name\":\"Insektenliebe\",\"url\":\"https:\\\/\\\/insektenliebe.com\\\/de\\\/\",\"logo\":{\"@type\":\"ImageObject\",\"inLanguage\":\"de\",\"@id\":\"https:\\\/\\\/insektenliebe.com\\\/de\\\/#\\\/schema\\\/logo\\\/image\\\/\",\"url\":\"https:\\\/\\\/insektenliebe.com\\\/wp-content\\\/uploads\\\/2025\\\/03\\\/logo-white.png\",\"contentUrl\":\"https:\\\/\\\/insektenliebe.com\\\/wp-content\\\/uploads\\\/2025\\\/03\\\/logo-white.png\",\"width\":288,\"height\":188,\"caption\":\"Insektenliebe\"},\"image\":{\"@id\":\"https:\\\/\\\/insektenliebe.com\\\/de\\\/#\\\/schema\\\/logo\\\/image\\\/\"}}]}<\/script>\n<meta property=\"product:price:amount\" content=\"7.90\" \/>\n<meta property=\"product:price:currency\" content=\"EUR\" \/>\n<meta property=\"og:availability\" content=\"out of stock\" \/>\n<meta property=\"product:availability\" content=\"out of stock\" \/>\n<meta property=\"product:retailer_item_id\" content=\"P2020405\" \/>\n<meta property=\"product:condition\" content=\"new\" \/>\n<!-- \/ Yoast SEO Premium plugin. -->","yoast_head_json":{"title":"Cryptocoryne petchii - Insektenliebe","description":"Kaufe jetzt Cryptocoryne petchii g\u00fcnstig und direkt online: Eine robuste und optisch ansprechende Pflanze f\u00fcr Terrarien, Paludarien und Aquarien.","robots":{"index":"index","follow":"follow","max-snippet":"max-snippet:-1","max-image-preview":"max-image-preview:large","max-video-preview":"max-video-preview:-1"},"canonical":"https:\/\/insektenliebe.com\/de\/shop\/produkt\/cryptocoryne-petchii\/","og_locale":"de_DE","og_type":"article","og_title":"Cryptocoryne petchii","og_description":"Kaufe jetzt Cryptocoryne petchii g\u00fcnstig und direkt online: Eine robuste und optisch ansprechende Pflanze f\u00fcr Terrarien, Paludarien und Aquarien.","og_url":"https:\/\/insektenliebe.com\/de\/shop\/produkt\/cryptocoryne-petchii\/","og_site_name":"Insektenliebe","article_modified_time":"2026-04-11T08:02:22+00:00","og_image":[{"width":820,"height":820,"url":"https:\/\/insektenliebe.com\/wp-content\/uploads\/2025\/05\/Cryptocoryne-petchii-2.jpg","type":"image\/jpeg"}],"twitter_card":"summary_large_image","twitter_misc":{"Preis":"7,90&nbsp;&euro; inkl. MwSt. zzgl. Versand","Verf\u00fcgbarkeit":"ausverkauft"},"schema":{"@context":"https:\/\/schema.org","@graph":[{"@type":"WebPage","@id":"https:\/\/insektenliebe.com\/de\/shop\/produkt\/cryptocoryne-petchii\/","url":"https:\/\/insektenliebe.com\/de\/shop\/produkt\/cryptocoryne-petchii\/","name":"Cryptocoryne petchii - Insektenliebe","isPartOf":{"@id":"https:\/\/insektenliebe.com\/de\/#website"},"primaryImageOfPage":{"@id":"https:\/\/insektenliebe.com\/de\/shop\/produkt\/cryptocoryne-petchii\/#primaryimage"},"image":{"@id":"https:\/\/insektenliebe.com\/de\/shop\/produkt\/cryptocoryne-petchii\/#primaryimage"},"thumbnailUrl":"https:\/\/insektenliebe.com\/wp-content\/uploads\/2025\/05\/Cryptocoryne-petchii-2.jpg","datePublished":"2024-10-25T10:44:00+00:00","dateModified":"2026-04-11T08:02:22+00:00","description":"Kaufe jetzt Cryptocoryne petchii g\u00fcnstig und direkt online: Eine robuste und optisch ansprechende Pflanze f\u00fcr Terrarien, Paludarien und Aquarien.","breadcrumb":{"@id":"https:\/\/insektenliebe.com\/de\/shop\/produkt\/cryptocoryne-petchii\/#breadcrumb"},"inLanguage":"de","potentialAction":[{"@type":"ReadAction","target":["https:\/\/insektenliebe.com\/de\/shop\/produkt\/cryptocoryne-petchii\/"]}]},{"@type":"ImageObject","inLanguage":"de","@id":"https:\/\/insektenliebe.com\/de\/shop\/produkt\/cryptocoryne-petchii\/#primaryimage","url":"https:\/\/insektenliebe.com\/wp-content\/uploads\/2025\/05\/Cryptocoryne-petchii-2.jpg","contentUrl":"https:\/\/insektenliebe.com\/wp-content\/uploads\/2025\/05\/Cryptocoryne-petchii-2.jpg","width":820,"height":820,"caption":"Cryptocoryne-petchii-2.jpg"},{"@type":"BreadcrumbList","@id":"https:\/\/insektenliebe.com\/de\/shop\/produkt\/cryptocoryne-petchii\/#breadcrumb","itemListElement":[{"@type":"ListItem","position":1,"name":"Startseite","item":"https:\/\/insektenliebe.com\/de\/"},{"@type":"ListItem","position":2,"name":"Shop","item":"https:\/\/insektenliebe.com\/de\/shop\/"},{"@type":"ListItem","position":3,"name":"Cryptocoryne petchii"}]},{"@type":"WebSite","@id":"https:\/\/insektenliebe.com\/de\/#website","url":"https:\/\/insektenliebe.com\/de\/","name":"Insektenliebe","description":"Dein Zuhause f\u00fcr die kleinen Lebewesen","publisher":{"@id":"https:\/\/insektenliebe.com\/de\/#organization"},"potentialAction":[{"@type":"SearchAction","target":{"@type":"EntryPoint","urlTemplate":"https:\/\/insektenliebe.com\/de\/?s={search_term_string}"},"query-input":{"@type":"PropertyValueSpecification","valueRequired":true,"valueName":"search_term_string"}}],"inLanguage":"de"},{"@type":"Organization","@id":"https:\/\/insektenliebe.com\/de\/#organization","name":"Insektenliebe","url":"https:\/\/insektenliebe.com\/de\/","logo":{"@type":"ImageObject","inLanguage":"de","@id":"https:\/\/insektenliebe.com\/de\/#\/schema\/logo\/image\/","url":"https:\/\/insektenliebe.com\/wp-content\/uploads\/2025\/03\/logo-white.png","contentUrl":"https:\/\/insektenliebe.com\/wp-content\/uploads\/2025\/03\/logo-white.png","width":288,"height":188,"caption":"Insektenliebe"},"image":{"@id":"https:\/\/insektenliebe.com\/de\/#\/schema\/logo\/image\/"}}]},"product_price_amount":"7.90","product_price_currency":"EUR","og_availability":"out of stock","product_availability":"out of stock","product_retailer_item_id":"P2020405","product_condition":"new"},"_links":{"self":[{"href":"https:\/\/insektenliebe.com\/de\/wp-json\/wp\/v2\/product\/5785","targetHints":{"allow":["GET"]}}],"collection":[{"href":"https:\/\/insektenliebe.com\/de\/wp-json\/wp\/v2\/product"}],"about":[{"href":"https:\/\/insektenliebe.com\/de\/wp-json\/wp\/v2\/types\/product"}],"wp:featuredmedia":[{"embeddable":true,"href":"https:\/\/insektenliebe.com\/de\/wp-json\/wp\/v2\/media\/5814"}],"wp:attachment":[{"href":"https:\/\/insektenliebe.com\/de\/wp-json\/wp\/v2\/media?parent=5785"}],"wp:term":[{"taxonomy":"product-supplier","embeddable":true,"href":"https:\/\/insektenliebe.com\/de\/wp-json\/wp\/v2\/product-supplier?post=5785"},{"taxonomy":"product_brand","embeddable":true,"href":"https:\/\/insektenliebe.com\/de\/wp-json\/wp\/v2\/product_brand?post=5785"},{"taxonomy":"product_cat","embeddable":true,"href":"https:\/\/insektenliebe.com\/de\/wp-json\/wp\/v2\/product_cat?post=5785"},{"taxonomy":"product_tag","embeddable":true,"href":"https:\/\/insektenliebe.com\/de\/wp-json\/wp\/v2\/product_tag?post=5785"},{"taxonomy":"lce-checkout-addons","embeddable":true,"href":"https:\/\/insektenliebe.com\/de\/wp-json\/wp\/v2\/lce-checkout-addons?post=5785"}],"curies":[{"name":"wp","href":"https:\/\/api.w.org\/{rel}","templated":true}]}}