{"id":5781,"date":"2024-10-15T11:10:34","date_gmt":"2024-10-15T09:10:34","guid":{"rendered":"http:\/\/localhost\/ins-test\/?post_type=product&#038;p=5781"},"modified":"2026-01-30T21:56:09","modified_gmt":"2026-01-30T20:56:09","slug":"lycosa-praegrandis","status":"publish","type":"product","link":"https:\/\/insektenliebe.com\/de\/shop\/produkt\/lycosa-praegrandis\/","title":{"rendered":"Lycosa praegrandis"},"content":{"rendered":"<h3>Leicht<\/h3>\n<h3>Vorderasien<\/h3>\n<h3>3 CM<\/h3>\n<h3>20-28 \u00b0C<\/h3>\n<h3><span style=\"color: #99cc33\"><strong>Lycosa praegrandis: Ein faszinierender Bewohner trockener Steppen<\/strong><\/span><\/h3>\n<div>\n<p><strong>Lycosa praegrandis<\/strong> ist eine beeindruckende Wolfspinne, die von Griechenland \u00fcber Kleinasien bis hin zum Kaukasus und Iran bis nach Kirgistan und S\u00fcdost-Kasachstan verbreitet ist. Diese robuste Art findet sich in trockenen Ebenen mit Steppenvegetation und trockenen, steinigen Vorgebirgen und zeichnet sich durch ihre F\u00e4higkeit aus, komplexe Wohnh\u00f6hlen zu graben. Diese Wohnh\u00f6hlen, die bis zu 20 cm tief sein k\u00f6nnen und einen Durchmesser von etwa 25 mm aufweisen, werden sorgf\u00e4ltig mit Spinnseide umrandet, um Schutz vor Eindringlingen und Umwelteinfl\u00fcssen zu bieten.<\/p>\n<p>F\u00fcr die Terrarienhaltung der <strong>Lycosa praegrandis<\/strong> ist die Schaffung eines ihrer nat\u00fcrlichen Umgebung nachempfundenen Habitats entscheidend. Ein Terrarium f\u00fcr eine adulte Spinne sollte mindestens 30x30x30 cm messen, um gen\u00fcgend Raum f\u00fcr das nat\u00fcrliche Verhalten der Spinne zu bieten. Das Terrarium sollte eine Mischung aus Sand und Waldhumus enthalten, erg\u00e4nzt durch Steine oder Wurzeln, um das Graben der charakteristischen Wohnh\u00f6hlen zu erm\u00f6glichen.<\/p>\n<\/div>\n<p><img decoding=\"async\" src=\"https:\/\/insektenliebe.com\/wp-content\/uploads\/2024\/10\/Lycosa-praegrandis-Vogelperspektive.jpg\" alt=\"Lycosa praegrandis-Vogelperspektive\" \/><\/p>\n<p><img decoding=\"async\" src=\"https:\/\/insektenliebe.com\/wp-content\/uploads\/2024\/10\/Lycosa-praegrandis-Face.jpg\" alt=\"Lycosa praegrandis-Face\" \/><\/p>\n<p>Die Bedingungen im Terrarium sollten trocken gehalten werden, mit einem leichten Feuchtigkeitsgradienten, um nat\u00fcrliche Lebensbedingungen zu simulieren. Die <strong>Lycosa praegrandis<\/strong> erreicht eine maximale Lebensdauer von etwa drei Jahren. Um ihr Wohlbefinden zu sichern, ist es wichtig, die Umgebung im Terrarium trocken zu halten. Dennoch solltest du stets darauf achten, einen Napf mit frischem Wasser bereitzustellen. Dies gew\u00e4hrleistet, dass die Spinne jederzeit Zugang zu Trinkwasser hat, was f\u00fcr ihre Gesundheit und Hydratation essentiell ist.<\/p>\n<p>Die Temperaturen sollten tags\u00fcber zwischen 24 und 28 Grad Celsius liegen, mit leichten Absenkungen in der Nacht, aber nicht unter 18 Grad Celsius. Eine ad\u00e4quate Beleuchtung, die einen nat\u00fcrlichen Tagesrhythmus simuliert, unterst\u00fctzt das Wohlbefinden der Spinne. Ihre Ern\u00e4hrung sollte der nat\u00fcrlichen Nahrungsaufnahme entsprechen und haupts\u00e4chlich aus passenden Insekten bestehen, die das nat\u00fcrliche Jagdverhalten der Spinne f\u00f6rdern.<\/p>\n<p>Die <strong>Lycosa praegrandis<\/strong> ist nicht nur wegen ihrer interessanten Lebensweise ein spannendes Studienobjekt, sondern auch wegen ihrer Anpassungsf\u00e4higkeit und der F\u00e4higkeit, in extremen Lebensr\u00e4umen zu \u00fcberleben, eine Bereicherung f\u00fcr jedes Terrarium. Ihre Haltung bietet tiefe Einblicke in das Verhalten und die \u00d6kologie einer der anpassungsf\u00e4higsten Spinnenarten.<\/p>\n<p><strong style=\"color: #99cc33;font-size: 20.16px\">Produkte f\u00fcr Lycosa praegrandis<\/strong><strong style=\"color: #99cc33;font-size: 20.16px\">!<\/strong><\/p>\n","protected":false},"excerpt":{"rendered":"<p>Leicht Vorderasien 3 CM 20-28 \u00b0C Lycosa praegrandis: Ein faszinierender Bewohner trockener Steppen Lycosa praegrandis ist eine beeindruckende Wolfspinne, die von Griechenland \u00fcber Kleinasien bis hin zum Kaukasus und Iran bis nach Kirgistan und S\u00fcdost-Kasachstan verbreitet ist. Diese robuste Art findet sich in trockenen Ebenen mit Steppenvegetation und trockenen, steinigen Vorgebirgen und zeichnet sich durch [&hellip;]<\/p>\n","protected":false},"featured_media":5810,"template":"","meta":{"_acf_changed":false},"product-supplier":[],"product_brand":[],"product_cat":[79,626],"product_tag":[],"lce-checkout-addons":[1202],"class_list":{"0":"post-5781","1":"product","2":"type-product","3":"status-publish","4":"has-post-thumbnail","6":"product_cat-sonstige-spinnen","7":"product_cat-spinnen","8":"product_shipping_class-animal-shipping","9":"lce-checkout-addons-winterverpackung","11":"first","12":"outofstock","13":"taxable","14":"shipping-taxable","15":"product-type-variable","16":"has-default-attributes"},"acf":[],"yoast_head":"<!-- This site is optimized with the Yoast SEO Premium plugin v26.8 (Yoast SEO v27.3) - https:\/\/yoast.com\/product\/yoast-seo-premium-wordpress\/ -->\n<title>Lycosa praegrandis - Insektenliebe<\/title>\n<meta name=\"description\" content=\"Kaufe die Lycosa praegrandis g\u00fcnstig und direkt online. Erlebe eine robuste Wolfspinne, perfekt angepasst an trockene Steppenlandschaften.\" \/>\n<meta name=\"robots\" content=\"index, follow, max-snippet:-1, max-image-preview:large, max-video-preview:-1\" \/>\n<link rel=\"canonical\" href=\"https:\/\/insektenliebe.com\/de\/shop\/produkt\/lycosa-praegrandis\/\" \/>\n<meta property=\"og:locale\" content=\"de_DE\" \/>\n<meta property=\"og:type\" content=\"article\" \/>\n<meta property=\"og:title\" content=\"Lycosa praegrandis\" \/>\n<meta property=\"og:description\" content=\"Kaufe die Lycosa praegrandis g\u00fcnstig und direkt online. Erlebe eine robuste Wolfspinne, perfekt angepasst an trockene Steppenlandschaften.\" \/>\n<meta property=\"og:url\" content=\"https:\/\/insektenliebe.com\/de\/shop\/produkt\/lycosa-praegrandis\/\" \/>\n<meta property=\"og:site_name\" content=\"Insektenliebe\" \/>\n<meta property=\"article:modified_time\" content=\"2026-01-30T20:56:09+00:00\" \/>\n<meta property=\"og:image\" content=\"https:\/\/insektenliebe.com\/wp-content\/uploads\/2025\/05\/Lycosa-praegrandis-2.jpg\" \/>\n\t<meta property=\"og:image:width\" content=\"820\" \/>\n\t<meta property=\"og:image:height\" content=\"820\" \/>\n\t<meta property=\"og:image:type\" content=\"image\/jpeg\" \/>\n<meta name=\"twitter:card\" content=\"summary_large_image\" \/>\n<meta name=\"twitter:label1\" content=\"Verf\u00fcgbarkeit\" \/>\n\t<meta name=\"twitter:data1\" content=\"ausverkauft\" \/>\n<script type=\"application\/ld+json\" class=\"yoast-schema-graph\">{\"@context\":\"https:\\\/\\\/schema.org\",\"@graph\":[{\"@type\":\"WebPage\",\"@id\":\"https:\\\/\\\/insektenliebe.com\\\/de\\\/shop\\\/produkt\\\/lycosa-praegrandis\\\/\",\"url\":\"https:\\\/\\\/insektenliebe.com\\\/de\\\/shop\\\/produkt\\\/lycosa-praegrandis\\\/\",\"name\":\"Lycosa praegrandis - Insektenliebe\",\"isPartOf\":{\"@id\":\"https:\\\/\\\/insektenliebe.com\\\/de\\\/#website\"},\"primaryImageOfPage\":{\"@id\":\"https:\\\/\\\/insektenliebe.com\\\/de\\\/shop\\\/produkt\\\/lycosa-praegrandis\\\/#primaryimage\"},\"image\":{\"@id\":\"https:\\\/\\\/insektenliebe.com\\\/de\\\/shop\\\/produkt\\\/lycosa-praegrandis\\\/#primaryimage\"},\"thumbnailUrl\":\"https:\\\/\\\/insektenliebe.com\\\/wp-content\\\/uploads\\\/2025\\\/05\\\/Lycosa-praegrandis-2.jpg\",\"datePublished\":\"2024-10-15T09:10:34+00:00\",\"dateModified\":\"2026-01-30T20:56:09+00:00\",\"description\":\"Kaufe die Lycosa praegrandis g\u00fcnstig und direkt online. Erlebe eine robuste Wolfspinne, perfekt angepasst an trockene Steppenlandschaften.\",\"breadcrumb\":{\"@id\":\"https:\\\/\\\/insektenliebe.com\\\/de\\\/shop\\\/produkt\\\/lycosa-praegrandis\\\/#breadcrumb\"},\"inLanguage\":\"de\",\"potentialAction\":[{\"@type\":\"ReadAction\",\"target\":[\"https:\\\/\\\/insektenliebe.com\\\/de\\\/shop\\\/produkt\\\/lycosa-praegrandis\\\/\"]}]},{\"@type\":\"ImageObject\",\"inLanguage\":\"de\",\"@id\":\"https:\\\/\\\/insektenliebe.com\\\/de\\\/shop\\\/produkt\\\/lycosa-praegrandis\\\/#primaryimage\",\"url\":\"https:\\\/\\\/insektenliebe.com\\\/wp-content\\\/uploads\\\/2025\\\/05\\\/Lycosa-praegrandis-2.jpg\",\"contentUrl\":\"https:\\\/\\\/insektenliebe.com\\\/wp-content\\\/uploads\\\/2025\\\/05\\\/Lycosa-praegrandis-2.jpg\",\"width\":820,\"height\":820,\"caption\":\"Lycosa-praegrandis-2.jpg\"},{\"@type\":\"BreadcrumbList\",\"@id\":\"https:\\\/\\\/insektenliebe.com\\\/de\\\/shop\\\/produkt\\\/lycosa-praegrandis\\\/#breadcrumb\",\"itemListElement\":[{\"@type\":\"ListItem\",\"position\":1,\"name\":\"Startseite\",\"item\":\"https:\\\/\\\/insektenliebe.com\\\/de\\\/\"},{\"@type\":\"ListItem\",\"position\":2,\"name\":\"Shop\",\"item\":\"https:\\\/\\\/insektenliebe.com\\\/de\\\/shop\\\/\"},{\"@type\":\"ListItem\",\"position\":3,\"name\":\"Lycosa praegrandis\"}]},{\"@type\":\"WebSite\",\"@id\":\"https:\\\/\\\/insektenliebe.com\\\/de\\\/#website\",\"url\":\"https:\\\/\\\/insektenliebe.com\\\/de\\\/\",\"name\":\"Insektenliebe\",\"description\":\"Dein Zuhause f\u00fcr die kleinen Lebewesen\",\"publisher\":{\"@id\":\"https:\\\/\\\/insektenliebe.com\\\/de\\\/#organization\"},\"potentialAction\":[{\"@type\":\"SearchAction\",\"target\":{\"@type\":\"EntryPoint\",\"urlTemplate\":\"https:\\\/\\\/insektenliebe.com\\\/de\\\/?s={search_term_string}\"},\"query-input\":{\"@type\":\"PropertyValueSpecification\",\"valueRequired\":true,\"valueName\":\"search_term_string\"}}],\"inLanguage\":\"de\"},{\"@type\":\"Organization\",\"@id\":\"https:\\\/\\\/insektenliebe.com\\\/de\\\/#organization\",\"name\":\"Insektenliebe\",\"url\":\"https:\\\/\\\/insektenliebe.com\\\/de\\\/\",\"logo\":{\"@type\":\"ImageObject\",\"inLanguage\":\"de\",\"@id\":\"https:\\\/\\\/insektenliebe.com\\\/de\\\/#\\\/schema\\\/logo\\\/image\\\/\",\"url\":\"https:\\\/\\\/insektenliebe.com\\\/wp-content\\\/uploads\\\/2025\\\/03\\\/logo-white.png\",\"contentUrl\":\"https:\\\/\\\/insektenliebe.com\\\/wp-content\\\/uploads\\\/2025\\\/03\\\/logo-white.png\",\"width\":288,\"height\":188,\"caption\":\"Insektenliebe\"},\"image\":{\"@id\":\"https:\\\/\\\/insektenliebe.com\\\/de\\\/#\\\/schema\\\/logo\\\/image\\\/\"}}]}<\/script>\n<meta property=\"og:availability\" content=\"out of stock\" \/>\n<meta property=\"product:availability\" content=\"out of stock\" \/>\n<meta property=\"product:retailer_item_id\" content=\"648\" \/>\n<meta property=\"product:condition\" content=\"new\" \/>\n<!-- \/ Yoast SEO Premium plugin. -->","yoast_head_json":{"title":"Lycosa praegrandis - Insektenliebe","description":"Kaufe die Lycosa praegrandis g\u00fcnstig und direkt online. Erlebe eine robuste Wolfspinne, perfekt angepasst an trockene Steppenlandschaften.","robots":{"index":"index","follow":"follow","max-snippet":"max-snippet:-1","max-image-preview":"max-image-preview:large","max-video-preview":"max-video-preview:-1"},"canonical":"https:\/\/insektenliebe.com\/de\/shop\/produkt\/lycosa-praegrandis\/","og_locale":"de_DE","og_type":"article","og_title":"Lycosa praegrandis","og_description":"Kaufe die Lycosa praegrandis g\u00fcnstig und direkt online. Erlebe eine robuste Wolfspinne, perfekt angepasst an trockene Steppenlandschaften.","og_url":"https:\/\/insektenliebe.com\/de\/shop\/produkt\/lycosa-praegrandis\/","og_site_name":"Insektenliebe","article_modified_time":"2026-01-30T20:56:09+00:00","og_image":[{"width":820,"height":820,"url":"https:\/\/insektenliebe.com\/wp-content\/uploads\/2025\/05\/Lycosa-praegrandis-2.jpg","type":"image\/jpeg"}],"twitter_card":"summary_large_image","twitter_misc":{"Verf\u00fcgbarkeit":"ausverkauft"},"schema":{"@context":"https:\/\/schema.org","@graph":[{"@type":"WebPage","@id":"https:\/\/insektenliebe.com\/de\/shop\/produkt\/lycosa-praegrandis\/","url":"https:\/\/insektenliebe.com\/de\/shop\/produkt\/lycosa-praegrandis\/","name":"Lycosa praegrandis - Insektenliebe","isPartOf":{"@id":"https:\/\/insektenliebe.com\/de\/#website"},"primaryImageOfPage":{"@id":"https:\/\/insektenliebe.com\/de\/shop\/produkt\/lycosa-praegrandis\/#primaryimage"},"image":{"@id":"https:\/\/insektenliebe.com\/de\/shop\/produkt\/lycosa-praegrandis\/#primaryimage"},"thumbnailUrl":"https:\/\/insektenliebe.com\/wp-content\/uploads\/2025\/05\/Lycosa-praegrandis-2.jpg","datePublished":"2024-10-15T09:10:34+00:00","dateModified":"2026-01-30T20:56:09+00:00","description":"Kaufe die Lycosa praegrandis g\u00fcnstig und direkt online. Erlebe eine robuste Wolfspinne, perfekt angepasst an trockene Steppenlandschaften.","breadcrumb":{"@id":"https:\/\/insektenliebe.com\/de\/shop\/produkt\/lycosa-praegrandis\/#breadcrumb"},"inLanguage":"de","potentialAction":[{"@type":"ReadAction","target":["https:\/\/insektenliebe.com\/de\/shop\/produkt\/lycosa-praegrandis\/"]}]},{"@type":"ImageObject","inLanguage":"de","@id":"https:\/\/insektenliebe.com\/de\/shop\/produkt\/lycosa-praegrandis\/#primaryimage","url":"https:\/\/insektenliebe.com\/wp-content\/uploads\/2025\/05\/Lycosa-praegrandis-2.jpg","contentUrl":"https:\/\/insektenliebe.com\/wp-content\/uploads\/2025\/05\/Lycosa-praegrandis-2.jpg","width":820,"height":820,"caption":"Lycosa-praegrandis-2.jpg"},{"@type":"BreadcrumbList","@id":"https:\/\/insektenliebe.com\/de\/shop\/produkt\/lycosa-praegrandis\/#breadcrumb","itemListElement":[{"@type":"ListItem","position":1,"name":"Startseite","item":"https:\/\/insektenliebe.com\/de\/"},{"@type":"ListItem","position":2,"name":"Shop","item":"https:\/\/insektenliebe.com\/de\/shop\/"},{"@type":"ListItem","position":3,"name":"Lycosa praegrandis"}]},{"@type":"WebSite","@id":"https:\/\/insektenliebe.com\/de\/#website","url":"https:\/\/insektenliebe.com\/de\/","name":"Insektenliebe","description":"Dein Zuhause f\u00fcr die kleinen Lebewesen","publisher":{"@id":"https:\/\/insektenliebe.com\/de\/#organization"},"potentialAction":[{"@type":"SearchAction","target":{"@type":"EntryPoint","urlTemplate":"https:\/\/insektenliebe.com\/de\/?s={search_term_string}"},"query-input":{"@type":"PropertyValueSpecification","valueRequired":true,"valueName":"search_term_string"}}],"inLanguage":"de"},{"@type":"Organization","@id":"https:\/\/insektenliebe.com\/de\/#organization","name":"Insektenliebe","url":"https:\/\/insektenliebe.com\/de\/","logo":{"@type":"ImageObject","inLanguage":"de","@id":"https:\/\/insektenliebe.com\/de\/#\/schema\/logo\/image\/","url":"https:\/\/insektenliebe.com\/wp-content\/uploads\/2025\/03\/logo-white.png","contentUrl":"https:\/\/insektenliebe.com\/wp-content\/uploads\/2025\/03\/logo-white.png","width":288,"height":188,"caption":"Insektenliebe"},"image":{"@id":"https:\/\/insektenliebe.com\/de\/#\/schema\/logo\/image\/"}}]},"og_availability":"out of stock","product_availability":"out of stock","product_retailer_item_id":"648","product_condition":"new"},"_links":{"self":[{"href":"https:\/\/insektenliebe.com\/de\/wp-json\/wp\/v2\/product\/5781","targetHints":{"allow":["GET"]}}],"collection":[{"href":"https:\/\/insektenliebe.com\/de\/wp-json\/wp\/v2\/product"}],"about":[{"href":"https:\/\/insektenliebe.com\/de\/wp-json\/wp\/v2\/types\/product"}],"wp:featuredmedia":[{"embeddable":true,"href":"https:\/\/insektenliebe.com\/de\/wp-json\/wp\/v2\/media\/5810"}],"wp:attachment":[{"href":"https:\/\/insektenliebe.com\/de\/wp-json\/wp\/v2\/media?parent=5781"}],"wp:term":[{"taxonomy":"product-supplier","embeddable":true,"href":"https:\/\/insektenliebe.com\/de\/wp-json\/wp\/v2\/product-supplier?post=5781"},{"taxonomy":"product_brand","embeddable":true,"href":"https:\/\/insektenliebe.com\/de\/wp-json\/wp\/v2\/product_brand?post=5781"},{"taxonomy":"product_cat","embeddable":true,"href":"https:\/\/insektenliebe.com\/de\/wp-json\/wp\/v2\/product_cat?post=5781"},{"taxonomy":"product_tag","embeddable":true,"href":"https:\/\/insektenliebe.com\/de\/wp-json\/wp\/v2\/product_tag?post=5781"},{"taxonomy":"lce-checkout-addons","embeddable":true,"href":"https:\/\/insektenliebe.com\/de\/wp-json\/wp\/v2\/lce-checkout-addons?post=5781"}],"curies":[{"name":"wp","href":"https:\/\/api.w.org\/{rel}","templated":true}]}}