{"id":5779,"date":"2024-10-09T16:53:00","date_gmt":"2024-10-09T14:53:00","guid":{"rendered":"http:\/\/localhost\/ins-test\/?post_type=product&#038;p=5779"},"modified":"2026-04-26T22:24:00","modified_gmt":"2026-04-26T20:24:00","slug":"modellierschaum","status":"publish","type":"product","link":"https:\/\/insektenliebe.com\/de\/shop\/produkt\/modellierschaum\/","title":{"rendered":"Modellierschaum"},"content":{"rendered":"<h3><span style=\"color: #99cc33;\"><strong>Modellierschaum: Die ideale Wahl f\u00fcr kreative Terrarienbauer<\/strong><\/span><\/h3>\n<p class=\"p1\">Der <strong>Modellierschaum<\/strong>\u00a0bietet dir die Freiheit, dein Terrarium ganz nach deinen Vorstellungen zu gestalten, sei es mit individuell geformten R\u00fcckw\u00e4nden, nat\u00fcrlichen Bachl\u00e4ufen, beeindruckenden Wasserf\u00e4llen oder selbst kreierten Steinen und H\u00f6hlen. Er ist dein unverzichtbares Werkzeug f\u00fcr ma\u00dfgeschneiderte Terrariendekorationen.<\/p>\n<p class=\"p1\">Der <strong>Modellierschaum<\/strong>\u00a0ist speziell f\u00fcr die Anforderungen der Terraristik entwickelt worden. Der Schaum ist v\u00f6llig ungef\u00e4hrlich f\u00fcr Tiere und Pflanzen. Er bietet zahlreiche Vorteile gegen\u00fcber herk\u00f6mmlichem Bauschaum. Einer der gr\u00f6\u00dften Vorteile ist, dass er schwarz aush\u00e4rtet, was ihn in einem Terrarium nahezu unsichtbar macht und eine nat\u00fcrliche Optik f\u00f6rdert. Diese dunkle F\u00e4rbung erleichtert es, ihn in die Gestaltung von dunkleren und schattigen Bereichen einzuf\u00fcgen, ohne dass nachtr\u00e4gliche Anstriche n\u00f6tig sind.<\/p>\n<p class=\"p1\">Ein weiterer bedeutender Pluspunkt unseres <strong>Modellierschaums<\/strong>\u00a0ist, dass er beim Trocknen nur minimal aufbl\u00e4ht. Dies erm\u00f6glicht eine pr\u00e4zisere und kontrolliertere Anwendung, sodass du deine kreativen Ideen ohne die Sorge vor unerw\u00fcnschter Ausdehnung umsetzen kannst. So beh\u00e4ltst du stets die Kontrolle \u00fcber das Design und die Struktur deiner Terrarieneinrichtung.<\/p>\n<p class=\"p1\">Die Verwendung des <strong>Modellierschaum<\/strong><b>s<\/b> ist denkbar einfach und eignet sich auch hervorragend f\u00fcr Terrarien-Anf\u00e4nger, die gerne selbst Hand anlegen m\u00f6chten. Ob du ein spektakul\u00e4res Felsgebirge nachbilden oder eine geheime H\u00f6hle f\u00fcr deine Reptilien erschaffen m\u00f6chtest, mit diesem Schaum ist alles m\u00f6glich.<\/p>\n<p class=\"p1\">Setze auf den <strong>Modellierschaum<\/strong>, um deinem Terrarium eine pers\u00f6nliche und einzigartige Note zu verleihen. Er bietet nicht nur eine hervorragende Grundlage f\u00fcr kreative Landschaftsgestaltungen, sondern unterst\u00fctzt auch das Wohlbefinden deiner Terrarienbewohner durch die Schaffung von Verstecken und Ruhepl\u00e4tzen, die ihren nat\u00fcrlichen Lebensbedingungen entsprechen.<\/p>\n<p class=\"p1\">Hol dir jetzt den <strong>Modellierschaum<\/strong>\u00a0und verwandle dein Terrarium in eine beeindruckende und individuell gestaltete Naturlandschaft, die die Blicke auf sich zieht und zur nat\u00fcrlichen Verhaltensweise deiner Tiere beitr\u00e4gt.<\/p>\n<p class=\"p1\"><span style=\"color: #99cc33;\"><strong>Anwendungsbeispiel:<\/strong><\/span><\/p>\n<p>Spr\u00fche den Schaum an die Stelle, die du modellieren m\u00f6chtest. Vermeide das Spr\u00fchen von langen Schaumstr\u00e4ngen, sondern halte den Spr\u00fchhalm fest an einer Stelle und spr\u00fche, bis die gew\u00fcnschte Menge erreicht ist. Lass den Schaum anschlie\u00dfend trocknen. Sobald er vollst\u00e4ndig ausgeh\u00e4rtet ist, kannst du mit einem scharfen Messer den trockenen Schaum nach Belieben formen und modellieren.<\/p>\n<p><img decoding=\"async\" src=\"https:\/\/insektenliebe.com\/wp-content\/uploads\/2024\/10\/Gestaltungsschaum-Anwendung.jpg\" alt=\"Modellierschaum-Anwendung\" \/><\/p>\n<p><img decoding=\"async\" src=\"https:\/\/insektenliebe.com\/wp-content\/uploads\/2024\/10\/Gestaltungsschaum-Steinoptik-1.jpg\" alt=\"Modellierschaum-Steinoptik\" \/><\/p>\n<p><img decoding=\"async\" src=\"https:\/\/insektenliebe.com\/wp-content\/uploads\/2024\/10\/Gestaltungsschaum-Hoehle.jpg\" alt=\"Modellierschaum-Ho\u0308hle\" \/><\/p>\n<div class=\"flex-shrink-0 flex flex-col relative items-end\">\n<div>\n<div class=\"pt-0\">\n<div class=\"gizmo-bot-avatar flex h-8 w-8 items-center justify-center overflow-hidden rounded-full\">\n<div class=\"relative p-1 rounded-sm flex items-center justify-center bg-token-main-surface-primary text-token-text-primary h-8 w-8\"><span style=\"color: #555555;\">Bitte lies dir vor dem Gebrauch die Sicherheitshinweise durch! Die Oberfl\u00e4che muss trocken, sauber, fett- und staubfrei sein. Entferne lose Teile und befeuchte die Oberfl\u00e4che zuvor. Schraube den Strohhalm auf die aufrecht stehende Dose und sch\u00fcttele die Dose mindestens 20 Mal kr\u00e4ftig. Halte die Dose auf den Kopf und spr\u00fche den Schaum aus: F\u00fclle Fugen bis zu 60%, bei gro\u00dfen Fugen mehrmals spr\u00fchen. Nach etwa 15 Minuten ist der Schaum klebfrei, die vollst\u00e4ndige Aush\u00e4rtung kann je nach Schaumdicke bis zu 16 Stunden dauern. Verarbeite den Schaum bei Temperaturen zwischen 5 und 25\u00b0C. Leichte Verf\u00e4rbungen sind m\u00f6glich. Die Haltbarkeit betr\u00e4gt 12 Monate in unge\u00f6ffneter, aufrechter Verpackung an einem k\u00fchlen, frostfreien, trockenen Ort (5-30\u00b0C); siehe Aufdruck auf dem Boden. Nach dem \u00d6ffnen ist das Produkt nur begrenzt haltbar.<\/span><\/div>\n<\/div>\n<\/div>\n<\/div>\n<\/div>\n","protected":false},"excerpt":{"rendered":"<p>Modellierschaum: Die ideale Wahl f\u00fcr kreative Terrarienbauer Der Modellierschaum\u00a0bietet dir die Freiheit, dein Terrarium ganz nach deinen Vorstellungen zu gestalten, sei es mit individuell geformten R\u00fcckw\u00e4nden, nat\u00fcrlichen Bachl\u00e4ufen, beeindruckenden Wasserf\u00e4llen oder selbst kreierten Steinen und H\u00f6hlen. Er ist dein unverzichtbares Werkzeug f\u00fcr ma\u00dfgeschneiderte Terrariendekorationen. Der Modellierschaum\u00a0ist speziell f\u00fcr die Anforderungen der Terraristik entwickelt worden. Der [&hellip;]<\/p>\n","protected":false},"featured_media":5808,"template":"","meta":{"_acf_changed":false},"product-supplier":[],"product_brand":[],"product_cat":[253],"product_tag":[],"lce-checkout-addons":[],"class_list":{"0":"post-5779","1":"product","2":"type-product","3":"status-publish","4":"has-post-thumbnail","6":"product_cat-einrichtung-dekoration","7":"product_shipping_class-equipment-shipping","9":"first","10":"instock","11":"taxable","12":"shipping-taxable","13":"purchasable","14":"product-type-simple"},"acf":[],"yoast_head":"<!-- This site is optimized with the Yoast SEO Premium plugin v26.8 (Yoast SEO v27.3) - https:\/\/yoast.com\/product\/yoast-seo-premium-wordpress\/ -->\n<title>Modellierschaum - Insektenliebe<\/title>\n<meta name=\"description\" content=\"Kaufe 375ml schwarzen Modellierschaum g\u00fcnstig und direkt online: Perfekt f\u00fcr Terrarienr\u00fcckw\u00e4nde und Dekorationen, sicher f\u00fcr Tiere und Pflanzen.\" \/>\n<meta name=\"robots\" content=\"index, follow, max-snippet:-1, max-image-preview:large, max-video-preview:-1\" \/>\n<link rel=\"canonical\" href=\"https:\/\/insektenliebe.com\/de\/shop\/produkt\/modellierschaum\/\" \/>\n<meta property=\"og:locale\" content=\"de_DE\" \/>\n<meta property=\"og:type\" content=\"article\" \/>\n<meta property=\"og:title\" content=\"Modellierschaum\" \/>\n<meta property=\"og:description\" content=\"Kaufe 375ml schwarzen Modellierschaum g\u00fcnstig und direkt online: Perfekt f\u00fcr Terrarienr\u00fcckw\u00e4nde und Dekorationen, sicher f\u00fcr Tiere und Pflanzen.\" \/>\n<meta property=\"og:url\" content=\"https:\/\/insektenliebe.com\/de\/shop\/produkt\/modellierschaum\/\" \/>\n<meta property=\"og:site_name\" content=\"Insektenliebe\" \/>\n<meta property=\"article:modified_time\" content=\"2026-04-26T20:24:00+00:00\" \/>\n<meta property=\"og:image\" content=\"https:\/\/insektenliebe.com\/wp-content\/uploads\/2025\/05\/Gestaltungsschaum-2.jpg\" \/>\n\t<meta property=\"og:image:width\" content=\"820\" \/>\n\t<meta property=\"og:image:height\" content=\"820\" \/>\n\t<meta property=\"og:image:type\" content=\"image\/jpeg\" \/>\n<meta name=\"twitter:card\" content=\"summary_large_image\" \/>\n<meta name=\"twitter:label1\" content=\"Preis\" \/>\n\t<meta name=\"twitter:data1\" content=\"13,99&nbsp;&euro; inkl. MwSt. zzgl. Versand\" \/>\n\t<meta name=\"twitter:label2\" content=\"Verf\u00fcgbarkeit\" \/>\n\t<meta name=\"twitter:data2\" content=\"Auf Lager\" \/>\n<script type=\"application\/ld+json\" class=\"yoast-schema-graph\">{\"@context\":\"https:\\\/\\\/schema.org\",\"@graph\":[{\"@type\":\"WebPage\",\"@id\":\"https:\\\/\\\/insektenliebe.com\\\/de\\\/shop\\\/produkt\\\/modellierschaum\\\/\",\"url\":\"https:\\\/\\\/insektenliebe.com\\\/de\\\/shop\\\/produkt\\\/modellierschaum\\\/\",\"name\":\"Modellierschaum - Insektenliebe\",\"isPartOf\":{\"@id\":\"https:\\\/\\\/insektenliebe.com\\\/de\\\/#website\"},\"primaryImageOfPage\":{\"@id\":\"https:\\\/\\\/insektenliebe.com\\\/de\\\/shop\\\/produkt\\\/modellierschaum\\\/#primaryimage\"},\"image\":{\"@id\":\"https:\\\/\\\/insektenliebe.com\\\/de\\\/shop\\\/produkt\\\/modellierschaum\\\/#primaryimage\"},\"thumbnailUrl\":\"https:\\\/\\\/insektenliebe.com\\\/wp-content\\\/uploads\\\/2025\\\/05\\\/Gestaltungsschaum-2.jpg\",\"datePublished\":\"2024-10-09T14:53:00+00:00\",\"dateModified\":\"2026-04-26T20:24:00+00:00\",\"description\":\"Kaufe 375ml schwarzen Modellierschaum g\u00fcnstig und direkt online: Perfekt f\u00fcr Terrarienr\u00fcckw\u00e4nde und Dekorationen, sicher f\u00fcr Tiere und Pflanzen.\",\"breadcrumb\":{\"@id\":\"https:\\\/\\\/insektenliebe.com\\\/de\\\/shop\\\/produkt\\\/modellierschaum\\\/#breadcrumb\"},\"inLanguage\":\"de\",\"potentialAction\":[{\"@type\":\"ReadAction\",\"target\":[\"https:\\\/\\\/insektenliebe.com\\\/de\\\/shop\\\/produkt\\\/modellierschaum\\\/\"]}]},{\"@type\":\"ImageObject\",\"inLanguage\":\"de\",\"@id\":\"https:\\\/\\\/insektenliebe.com\\\/de\\\/shop\\\/produkt\\\/modellierschaum\\\/#primaryimage\",\"url\":\"https:\\\/\\\/insektenliebe.com\\\/wp-content\\\/uploads\\\/2025\\\/05\\\/Gestaltungsschaum-2.jpg\",\"contentUrl\":\"https:\\\/\\\/insektenliebe.com\\\/wp-content\\\/uploads\\\/2025\\\/05\\\/Gestaltungsschaum-2.jpg\",\"width\":820,\"height\":820,\"caption\":\"Gestaltungsschaum-2.jpg\"},{\"@type\":\"BreadcrumbList\",\"@id\":\"https:\\\/\\\/insektenliebe.com\\\/de\\\/shop\\\/produkt\\\/modellierschaum\\\/#breadcrumb\",\"itemListElement\":[{\"@type\":\"ListItem\",\"position\":1,\"name\":\"Startseite\",\"item\":\"https:\\\/\\\/insektenliebe.com\\\/de\\\/\"},{\"@type\":\"ListItem\",\"position\":2,\"name\":\"Shop\",\"item\":\"https:\\\/\\\/insektenliebe.com\\\/de\\\/shop\\\/\"},{\"@type\":\"ListItem\",\"position\":3,\"name\":\"Modellierschaum\"}]},{\"@type\":\"WebSite\",\"@id\":\"https:\\\/\\\/insektenliebe.com\\\/de\\\/#website\",\"url\":\"https:\\\/\\\/insektenliebe.com\\\/de\\\/\",\"name\":\"Insektenliebe\",\"description\":\"Dein Zuhause f\u00fcr die kleinen Lebewesen\",\"publisher\":{\"@id\":\"https:\\\/\\\/insektenliebe.com\\\/de\\\/#organization\"},\"potentialAction\":[{\"@type\":\"SearchAction\",\"target\":{\"@type\":\"EntryPoint\",\"urlTemplate\":\"https:\\\/\\\/insektenliebe.com\\\/de\\\/?s={search_term_string}\"},\"query-input\":{\"@type\":\"PropertyValueSpecification\",\"valueRequired\":true,\"valueName\":\"search_term_string\"}}],\"inLanguage\":\"de\"},{\"@type\":\"Organization\",\"@id\":\"https:\\\/\\\/insektenliebe.com\\\/de\\\/#organization\",\"name\":\"Insektenliebe\",\"url\":\"https:\\\/\\\/insektenliebe.com\\\/de\\\/\",\"logo\":{\"@type\":\"ImageObject\",\"inLanguage\":\"de\",\"@id\":\"https:\\\/\\\/insektenliebe.com\\\/de\\\/#\\\/schema\\\/logo\\\/image\\\/\",\"url\":\"https:\\\/\\\/insektenliebe.com\\\/wp-content\\\/uploads\\\/2025\\\/03\\\/logo-white.png\",\"contentUrl\":\"https:\\\/\\\/insektenliebe.com\\\/wp-content\\\/uploads\\\/2025\\\/03\\\/logo-white.png\",\"width\":288,\"height\":188,\"caption\":\"Insektenliebe\"},\"image\":{\"@id\":\"https:\\\/\\\/insektenliebe.com\\\/de\\\/#\\\/schema\\\/logo\\\/image\\\/\"}}]}<\/script>\n<meta property=\"product:price:amount\" content=\"13.99\" \/>\n<meta property=\"product:price:currency\" content=\"EUR\" \/>\n<meta property=\"og:availability\" content=\"instock\" \/>\n<meta property=\"product:availability\" content=\"instock\" \/>\n<meta property=\"product:retailer_item_id\" content=\"C6080535\" \/>\n<meta property=\"product:condition\" content=\"new\" \/>\n<!-- \/ Yoast SEO Premium plugin. -->","yoast_head_json":{"title":"Modellierschaum - Insektenliebe","description":"Kaufe 375ml schwarzen Modellierschaum g\u00fcnstig und direkt online: Perfekt f\u00fcr Terrarienr\u00fcckw\u00e4nde und Dekorationen, sicher f\u00fcr Tiere und Pflanzen.","robots":{"index":"index","follow":"follow","max-snippet":"max-snippet:-1","max-image-preview":"max-image-preview:large","max-video-preview":"max-video-preview:-1"},"canonical":"https:\/\/insektenliebe.com\/de\/shop\/produkt\/modellierschaum\/","og_locale":"de_DE","og_type":"article","og_title":"Modellierschaum","og_description":"Kaufe 375ml schwarzen Modellierschaum g\u00fcnstig und direkt online: Perfekt f\u00fcr Terrarienr\u00fcckw\u00e4nde und Dekorationen, sicher f\u00fcr Tiere und Pflanzen.","og_url":"https:\/\/insektenliebe.com\/de\/shop\/produkt\/modellierschaum\/","og_site_name":"Insektenliebe","article_modified_time":"2026-04-26T20:24:00+00:00","og_image":[{"width":820,"height":820,"url":"https:\/\/insektenliebe.com\/wp-content\/uploads\/2025\/05\/Gestaltungsschaum-2.jpg","type":"image\/jpeg"}],"twitter_card":"summary_large_image","twitter_misc":{"Preis":"13,99&nbsp;&euro; inkl. MwSt. zzgl. Versand","Verf\u00fcgbarkeit":"Auf Lager"},"schema":{"@context":"https:\/\/schema.org","@graph":[{"@type":"WebPage","@id":"https:\/\/insektenliebe.com\/de\/shop\/produkt\/modellierschaum\/","url":"https:\/\/insektenliebe.com\/de\/shop\/produkt\/modellierschaum\/","name":"Modellierschaum - Insektenliebe","isPartOf":{"@id":"https:\/\/insektenliebe.com\/de\/#website"},"primaryImageOfPage":{"@id":"https:\/\/insektenliebe.com\/de\/shop\/produkt\/modellierschaum\/#primaryimage"},"image":{"@id":"https:\/\/insektenliebe.com\/de\/shop\/produkt\/modellierschaum\/#primaryimage"},"thumbnailUrl":"https:\/\/insektenliebe.com\/wp-content\/uploads\/2025\/05\/Gestaltungsschaum-2.jpg","datePublished":"2024-10-09T14:53:00+00:00","dateModified":"2026-04-26T20:24:00+00:00","description":"Kaufe 375ml schwarzen Modellierschaum g\u00fcnstig und direkt online: Perfekt f\u00fcr Terrarienr\u00fcckw\u00e4nde und Dekorationen, sicher f\u00fcr Tiere und Pflanzen.","breadcrumb":{"@id":"https:\/\/insektenliebe.com\/de\/shop\/produkt\/modellierschaum\/#breadcrumb"},"inLanguage":"de","potentialAction":[{"@type":"ReadAction","target":["https:\/\/insektenliebe.com\/de\/shop\/produkt\/modellierschaum\/"]}]},{"@type":"ImageObject","inLanguage":"de","@id":"https:\/\/insektenliebe.com\/de\/shop\/produkt\/modellierschaum\/#primaryimage","url":"https:\/\/insektenliebe.com\/wp-content\/uploads\/2025\/05\/Gestaltungsschaum-2.jpg","contentUrl":"https:\/\/insektenliebe.com\/wp-content\/uploads\/2025\/05\/Gestaltungsschaum-2.jpg","width":820,"height":820,"caption":"Gestaltungsschaum-2.jpg"},{"@type":"BreadcrumbList","@id":"https:\/\/insektenliebe.com\/de\/shop\/produkt\/modellierschaum\/#breadcrumb","itemListElement":[{"@type":"ListItem","position":1,"name":"Startseite","item":"https:\/\/insektenliebe.com\/de\/"},{"@type":"ListItem","position":2,"name":"Shop","item":"https:\/\/insektenliebe.com\/de\/shop\/"},{"@type":"ListItem","position":3,"name":"Modellierschaum"}]},{"@type":"WebSite","@id":"https:\/\/insektenliebe.com\/de\/#website","url":"https:\/\/insektenliebe.com\/de\/","name":"Insektenliebe","description":"Dein Zuhause f\u00fcr die kleinen Lebewesen","publisher":{"@id":"https:\/\/insektenliebe.com\/de\/#organization"},"potentialAction":[{"@type":"SearchAction","target":{"@type":"EntryPoint","urlTemplate":"https:\/\/insektenliebe.com\/de\/?s={search_term_string}"},"query-input":{"@type":"PropertyValueSpecification","valueRequired":true,"valueName":"search_term_string"}}],"inLanguage":"de"},{"@type":"Organization","@id":"https:\/\/insektenliebe.com\/de\/#organization","name":"Insektenliebe","url":"https:\/\/insektenliebe.com\/de\/","logo":{"@type":"ImageObject","inLanguage":"de","@id":"https:\/\/insektenliebe.com\/de\/#\/schema\/logo\/image\/","url":"https:\/\/insektenliebe.com\/wp-content\/uploads\/2025\/03\/logo-white.png","contentUrl":"https:\/\/insektenliebe.com\/wp-content\/uploads\/2025\/03\/logo-white.png","width":288,"height":188,"caption":"Insektenliebe"},"image":{"@id":"https:\/\/insektenliebe.com\/de\/#\/schema\/logo\/image\/"}}]},"product_price_amount":"13.99","product_price_currency":"EUR","og_availability":"instock","product_availability":"instock","product_retailer_item_id":"C6080535","product_condition":"new"},"_links":{"self":[{"href":"https:\/\/insektenliebe.com\/de\/wp-json\/wp\/v2\/product\/5779","targetHints":{"allow":["GET"]}}],"collection":[{"href":"https:\/\/insektenliebe.com\/de\/wp-json\/wp\/v2\/product"}],"about":[{"href":"https:\/\/insektenliebe.com\/de\/wp-json\/wp\/v2\/types\/product"}],"wp:featuredmedia":[{"embeddable":true,"href":"https:\/\/insektenliebe.com\/de\/wp-json\/wp\/v2\/media\/5808"}],"wp:attachment":[{"href":"https:\/\/insektenliebe.com\/de\/wp-json\/wp\/v2\/media?parent=5779"}],"wp:term":[{"taxonomy":"product-supplier","embeddable":true,"href":"https:\/\/insektenliebe.com\/de\/wp-json\/wp\/v2\/product-supplier?post=5779"},{"taxonomy":"product_brand","embeddable":true,"href":"https:\/\/insektenliebe.com\/de\/wp-json\/wp\/v2\/product_brand?post=5779"},{"taxonomy":"product_cat","embeddable":true,"href":"https:\/\/insektenliebe.com\/de\/wp-json\/wp\/v2\/product_cat?post=5779"},{"taxonomy":"product_tag","embeddable":true,"href":"https:\/\/insektenliebe.com\/de\/wp-json\/wp\/v2\/product_tag?post=5779"},{"taxonomy":"lce-checkout-addons","embeddable":true,"href":"https:\/\/insektenliebe.com\/de\/wp-json\/wp\/v2\/lce-checkout-addons?post=5779"}],"curies":[{"name":"wp","href":"https:\/\/api.w.org\/{rel}","templated":true}]}}