{"id":5776,"date":"2024-09-28T10:20:00","date_gmt":"2024-09-28T08:20:00","guid":{"rendered":"http:\/\/localhost\/ins-test\/?post_type=product&#038;p=5776"},"modified":"2026-01-29T08:44:44","modified_gmt":"2026-01-29T07:44:44","slug":"lasius-cautolasius-flavus","status":"publish","type":"product","link":"https:\/\/insektenliebe.com\/de\/shop\/produkt\/lasius-cautolasius-flavus\/","title":{"rendered":"Lasius (Cautolasius) flavus"},"content":{"rendered":"<h3><strong style=\"color: #99cc33;font-size: 16px\">Lasius (Cautolasius) flavus: Der perfekte Einstieg in die Ameisenhaltung<\/strong><\/h3>\n<p><strong>Lasius (Cautolasius) flavus <\/strong>ist eine bei Einsteigern besonders beliebte Ameisenart, die sich ideal f\u00fcr den Start in die faszinierende Welt der Ameisenhaltung eignet. Diese Art lebt \u00fcberwiegend unterirdisch und bildet Nester, die oft nur wenige oder gar keine sichtbaren Ausg\u00e4nge haben. Der kleinere, oberirdische Teil des Nestes, oft als H\u00fcgel geformt, dient an warmen Tagen als Lagerplatz f\u00fcr die Brut.<\/p>\n<p><strong>Lasius (Cautolasius) flavus<\/strong> ern\u00e4hrt sich haupts\u00e4chlich durch Trophobiose, das hei\u00dft, sie leben in Symbiose mit verschiedenen Wurzell\u00e4usen, von denen sie N\u00e4hrstoffe in Form von Honigtau erhalten. Diese Koexistenz erm\u00f6glicht es den Ameisen, eine stetige Nahrungsquelle zu nutzen, wobei sie gelegentlich auch die Wurzell\u00e4use selbst verzehren. Diese Ern\u00e4hrungsweise macht sie besonders interessant f\u00fcr die Beobachtung und Studie von symbiotischen Beziehungen in der Natur.<\/p>\n<p>Die Ameisen nutzen haupts\u00e4chlich ihren ausgepr\u00e4gten Geruchssinn zur Orientierung, da ihr Sehsinn stark zur\u00fcckgebildet ist. Dieser Aspekt ihrer Biologie bietet spannende Einblicke in die Anpassungsf\u00e4higkeit und evolution\u00e4re Entwicklung von Insekten.<\/p>\n<p><img decoding=\"async\" src=\"https:\/\/insektenliebe.com\/wp-content\/uploads\/2024\/09\/Lasius-Cautolasius-flavus-Reagenzglas-1.jpg\" alt=\"Lasius (Cautolasius) flavus-Reagenzglas\" \/><\/p>\n<p>In Bezug auf die Ern\u00e4hrung bietet <strong>Lasius (Cautolasius) flavus<\/strong> vielseitige M\u00f6glichkeiten. Du kannst ihnen eine abwechslungsreiche Kost bestehend aus Ofenfischchen, Jelly, Drosophila hydei, Schokoschaben und Zuckerwasser anbieten. Diese Nahrungsquellen decken sowohl den Protein- als auch den Energiebedarf der Ameisen ab und f\u00f6rdern ihre Gesundheit und Entwicklung. Im mitgelieferten Reagenzglas befindet sich ein Wassertank, der nicht nur die notwendige Feuchtigkeit im Nest sicherstellt, sondern auch als wichtige Fl\u00fcssigkeitsquelle dient. Dieses Setup erm\u00f6glicht es, die Ameisenkolonie bis zu einer Gr\u00f6\u00dfe von etwa 50 Arbeitern im Reagenzglas zu halten, bevor eine Vergr\u00f6\u00dferung des Lebensraumes in Betracht gezogen werden sollte.<\/p>\n<p>Eine weitere Besonderheit von <strong>Lasius (Cautolasius) flavus<\/strong> ist die j\u00e4hrliche Winterruhe, die von Ende Oktober bis Ende M\u00e4rz andauert und bei Temperaturen zwischen 5 und 8\u00b0C gehalten werden sollte. Diese Ruhephase ist entscheidend f\u00fcr den nat\u00fcrlichen Lebenszyklus der Ameisen und muss in der Haltung ber\u00fccksichtigt werden, um die Gesundheit und das Wohlbefinden der Kolonie zu gew\u00e4hrleisten. W\u00e4hrend der Winterruhe von Ende Oktober bis Ende M\u00e4rz solltest du die Ameisen nicht f\u00fcttern und das Nest nicht st\u00f6ren, um ihren nat\u00fcrlichen Ruhezyklus zu unterst\u00fctzen.<\/p>\n<p>In deinem Set erh\u00e4ltst du die Ameisen in einem Reagenzglas, zusammen mit ihrer Brut, was dir einen unmittelbaren Einblick in das Brutpflegeverhalten dieser faszinierenden Ameise bietet. Ob als lehrreiches Projekt f\u00fcr Kinder oder als spannendes Hobby f\u00fcr Erwachsene, <strong>Lasius (Cautolasius) flavus<\/strong> bietet eine einzigartige Gelegenheit, tiefer in die Welt der Ameisen einzutauchen und mehr \u00fcber ihr komplexes Sozialverhalten und ihre \u00d6kologie zu lernen.<\/p>\n","protected":false},"excerpt":{"rendered":"<p>Lasius (Cautolasius) flavus: Der perfekte Einstieg in die Ameisenhaltung Lasius (Cautolasius) flavus ist eine bei Einsteigern besonders beliebte Ameisenart, die sich ideal f\u00fcr den Start in die faszinierende Welt der Ameisenhaltung eignet. Diese Art lebt \u00fcberwiegend unterirdisch und bildet Nester, die oft nur wenige oder gar keine sichtbaren Ausg\u00e4nge haben. Der kleinere, oberirdische Teil des [&hellip;]<\/p>\n","protected":false},"featured_media":5805,"template":"","meta":{"_acf_changed":false},"product-supplier":[],"product_brand":[],"product_cat":[143],"product_tag":[],"lce-checkout-addons":[1202],"class_list":{"0":"post-5776","1":"product","2":"type-product","3":"status-publish","4":"has-post-thumbnail","6":"product_cat-sonstige-wirbellose","7":"product_shipping_class-animal-shipping","8":"pa_herkunft-kosmopolitisch","9":"pa_kontinent-asien","10":"pa_kontinent-europa","11":"lce-checkout-addons-winterverpackung","13":"first","14":"outofstock","15":"taxable","16":"shipping-taxable","17":"purchasable","18":"product-type-simple"},"acf":[],"yoast_head":"<!-- This site is optimized with the Yoast SEO Premium plugin v26.8 (Yoast SEO v27.3) - https:\/\/yoast.com\/product\/yoast-seo-premium-wordpress\/ -->\n<title>Lasius (Cautolasius) flavus - Insektenliebe<\/title>\n<meta name=\"description\" content=\"Kaufe Lasius (Cautolasius) flavus g\u00fcnstig online: Ideal f\u00fcr Einsteiger, pflegeleicht, robust und ideal f\u00fcr die Haltung Zuhause.\" \/>\n<meta name=\"robots\" content=\"index, follow, max-snippet:-1, max-image-preview:large, max-video-preview:-1\" \/>\n<link rel=\"canonical\" href=\"https:\/\/insektenliebe.com\/de\/shop\/produkt\/lasius-cautolasius-flavus\/\" \/>\n<meta property=\"og:locale\" content=\"de_DE\" \/>\n<meta property=\"og:type\" content=\"article\" \/>\n<meta property=\"og:title\" content=\"Lasius (Cautolasius) flavus\" \/>\n<meta property=\"og:description\" content=\"Kaufe Lasius (Cautolasius) flavus g\u00fcnstig online: Ideal f\u00fcr Einsteiger, pflegeleicht, robust und ideal f\u00fcr die Haltung Zuhause.\" \/>\n<meta property=\"og:url\" content=\"https:\/\/insektenliebe.com\/de\/shop\/produkt\/lasius-cautolasius-flavus\/\" \/>\n<meta property=\"og:site_name\" content=\"Insektenliebe\" \/>\n<meta property=\"article:modified_time\" content=\"2026-01-29T07:44:44+00:00\" \/>\n<meta property=\"og:image\" content=\"https:\/\/insektenliebe.com\/wp-content\/uploads\/2025\/05\/Lasius-Cautolasius-flavus-1-2.jpg\" \/>\n\t<meta property=\"og:image:width\" content=\"820\" \/>\n\t<meta property=\"og:image:height\" content=\"820\" \/>\n\t<meta property=\"og:image:type\" content=\"image\/jpeg\" \/>\n<meta name=\"twitter:card\" content=\"summary_large_image\" \/>\n<meta name=\"twitter:label1\" content=\"Preis\" \/>\n\t<meta name=\"twitter:data1\" content=\"14,50&nbsp;&euro; inkl. MwSt. zzgl. Versand\" \/>\n\t<meta name=\"twitter:label2\" content=\"Verf\u00fcgbarkeit\" \/>\n\t<meta name=\"twitter:data2\" content=\"ausverkauft\" \/>\n<script type=\"application\/ld+json\" class=\"yoast-schema-graph\">{\"@context\":\"https:\\\/\\\/schema.org\",\"@graph\":[{\"@type\":\"WebPage\",\"@id\":\"https:\\\/\\\/insektenliebe.com\\\/de\\\/shop\\\/produkt\\\/lasius-cautolasius-flavus\\\/\",\"url\":\"https:\\\/\\\/insektenliebe.com\\\/de\\\/shop\\\/produkt\\\/lasius-cautolasius-flavus\\\/\",\"name\":\"Lasius (Cautolasius) flavus - Insektenliebe\",\"isPartOf\":{\"@id\":\"https:\\\/\\\/insektenliebe.com\\\/de\\\/#website\"},\"primaryImageOfPage\":{\"@id\":\"https:\\\/\\\/insektenliebe.com\\\/de\\\/shop\\\/produkt\\\/lasius-cautolasius-flavus\\\/#primaryimage\"},\"image\":{\"@id\":\"https:\\\/\\\/insektenliebe.com\\\/de\\\/shop\\\/produkt\\\/lasius-cautolasius-flavus\\\/#primaryimage\"},\"thumbnailUrl\":\"https:\\\/\\\/insektenliebe.com\\\/wp-content\\\/uploads\\\/2025\\\/05\\\/Lasius-Cautolasius-flavus-1-2.jpg\",\"datePublished\":\"2024-09-28T08:20:00+00:00\",\"dateModified\":\"2026-01-29T07:44:44+00:00\",\"description\":\"Kaufe Lasius (Cautolasius) flavus g\u00fcnstig online: Ideal f\u00fcr Einsteiger, pflegeleicht, robust und ideal f\u00fcr die Haltung Zuhause.\",\"breadcrumb\":{\"@id\":\"https:\\\/\\\/insektenliebe.com\\\/de\\\/shop\\\/produkt\\\/lasius-cautolasius-flavus\\\/#breadcrumb\"},\"inLanguage\":\"de\",\"potentialAction\":[{\"@type\":\"ReadAction\",\"target\":[\"https:\\\/\\\/insektenliebe.com\\\/de\\\/shop\\\/produkt\\\/lasius-cautolasius-flavus\\\/\"]}]},{\"@type\":\"ImageObject\",\"inLanguage\":\"de\",\"@id\":\"https:\\\/\\\/insektenliebe.com\\\/de\\\/shop\\\/produkt\\\/lasius-cautolasius-flavus\\\/#primaryimage\",\"url\":\"https:\\\/\\\/insektenliebe.com\\\/wp-content\\\/uploads\\\/2025\\\/05\\\/Lasius-Cautolasius-flavus-1-2.jpg\",\"contentUrl\":\"https:\\\/\\\/insektenliebe.com\\\/wp-content\\\/uploads\\\/2025\\\/05\\\/Lasius-Cautolasius-flavus-1-2.jpg\",\"width\":820,\"height\":820,\"caption\":\"Lasius-Cautolasius-flavus-1-2.jpg\"},{\"@type\":\"BreadcrumbList\",\"@id\":\"https:\\\/\\\/insektenliebe.com\\\/de\\\/shop\\\/produkt\\\/lasius-cautolasius-flavus\\\/#breadcrumb\",\"itemListElement\":[{\"@type\":\"ListItem\",\"position\":1,\"name\":\"Startseite\",\"item\":\"https:\\\/\\\/insektenliebe.com\\\/de\\\/\"},{\"@type\":\"ListItem\",\"position\":2,\"name\":\"Shop\",\"item\":\"https:\\\/\\\/insektenliebe.com\\\/de\\\/shop\\\/\"},{\"@type\":\"ListItem\",\"position\":3,\"name\":\"Lasius (Cautolasius) flavus\"}]},{\"@type\":\"WebSite\",\"@id\":\"https:\\\/\\\/insektenliebe.com\\\/de\\\/#website\",\"url\":\"https:\\\/\\\/insektenliebe.com\\\/de\\\/\",\"name\":\"Insektenliebe\",\"description\":\"Dein Zuhause f\u00fcr die kleinen Lebewesen\",\"publisher\":{\"@id\":\"https:\\\/\\\/insektenliebe.com\\\/de\\\/#organization\"},\"potentialAction\":[{\"@type\":\"SearchAction\",\"target\":{\"@type\":\"EntryPoint\",\"urlTemplate\":\"https:\\\/\\\/insektenliebe.com\\\/de\\\/?s={search_term_string}\"},\"query-input\":{\"@type\":\"PropertyValueSpecification\",\"valueRequired\":true,\"valueName\":\"search_term_string\"}}],\"inLanguage\":\"de\"},{\"@type\":\"Organization\",\"@id\":\"https:\\\/\\\/insektenliebe.com\\\/de\\\/#organization\",\"name\":\"Insektenliebe\",\"url\":\"https:\\\/\\\/insektenliebe.com\\\/de\\\/\",\"logo\":{\"@type\":\"ImageObject\",\"inLanguage\":\"de\",\"@id\":\"https:\\\/\\\/insektenliebe.com\\\/de\\\/#\\\/schema\\\/logo\\\/image\\\/\",\"url\":\"https:\\\/\\\/insektenliebe.com\\\/wp-content\\\/uploads\\\/2025\\\/03\\\/logo-white.png\",\"contentUrl\":\"https:\\\/\\\/insektenliebe.com\\\/wp-content\\\/uploads\\\/2025\\\/03\\\/logo-white.png\",\"width\":288,\"height\":188,\"caption\":\"Insektenliebe\"},\"image\":{\"@id\":\"https:\\\/\\\/insektenliebe.com\\\/de\\\/#\\\/schema\\\/logo\\\/image\\\/\"}}]}<\/script>\n<meta property=\"product:price:amount\" content=\"14.50\" \/>\n<meta property=\"product:price:currency\" content=\"EUR\" \/>\n<meta property=\"og:availability\" content=\"out of stock\" \/>\n<meta property=\"product:availability\" content=\"out of stock\" \/>\n<meta property=\"product:retailer_item_id\" content=\"646\" \/>\n<meta property=\"product:condition\" content=\"new\" \/>\n<!-- \/ Yoast SEO Premium plugin. -->","yoast_head_json":{"title":"Lasius (Cautolasius) flavus - Insektenliebe","description":"Kaufe Lasius (Cautolasius) flavus g\u00fcnstig online: Ideal f\u00fcr Einsteiger, pflegeleicht, robust und ideal f\u00fcr die Haltung Zuhause.","robots":{"index":"index","follow":"follow","max-snippet":"max-snippet:-1","max-image-preview":"max-image-preview:large","max-video-preview":"max-video-preview:-1"},"canonical":"https:\/\/insektenliebe.com\/de\/shop\/produkt\/lasius-cautolasius-flavus\/","og_locale":"de_DE","og_type":"article","og_title":"Lasius (Cautolasius) flavus","og_description":"Kaufe Lasius (Cautolasius) flavus g\u00fcnstig online: Ideal f\u00fcr Einsteiger, pflegeleicht, robust und ideal f\u00fcr die Haltung Zuhause.","og_url":"https:\/\/insektenliebe.com\/de\/shop\/produkt\/lasius-cautolasius-flavus\/","og_site_name":"Insektenliebe","article_modified_time":"2026-01-29T07:44:44+00:00","og_image":[{"width":820,"height":820,"url":"https:\/\/insektenliebe.com\/wp-content\/uploads\/2025\/05\/Lasius-Cautolasius-flavus-1-2.jpg","type":"image\/jpeg"}],"twitter_card":"summary_large_image","twitter_misc":{"Preis":"14,50&nbsp;&euro; inkl. MwSt. zzgl. Versand","Verf\u00fcgbarkeit":"ausverkauft"},"schema":{"@context":"https:\/\/schema.org","@graph":[{"@type":"WebPage","@id":"https:\/\/insektenliebe.com\/de\/shop\/produkt\/lasius-cautolasius-flavus\/","url":"https:\/\/insektenliebe.com\/de\/shop\/produkt\/lasius-cautolasius-flavus\/","name":"Lasius (Cautolasius) flavus - Insektenliebe","isPartOf":{"@id":"https:\/\/insektenliebe.com\/de\/#website"},"primaryImageOfPage":{"@id":"https:\/\/insektenliebe.com\/de\/shop\/produkt\/lasius-cautolasius-flavus\/#primaryimage"},"image":{"@id":"https:\/\/insektenliebe.com\/de\/shop\/produkt\/lasius-cautolasius-flavus\/#primaryimage"},"thumbnailUrl":"https:\/\/insektenliebe.com\/wp-content\/uploads\/2025\/05\/Lasius-Cautolasius-flavus-1-2.jpg","datePublished":"2024-09-28T08:20:00+00:00","dateModified":"2026-01-29T07:44:44+00:00","description":"Kaufe Lasius (Cautolasius) flavus g\u00fcnstig online: Ideal f\u00fcr Einsteiger, pflegeleicht, robust und ideal f\u00fcr die Haltung Zuhause.","breadcrumb":{"@id":"https:\/\/insektenliebe.com\/de\/shop\/produkt\/lasius-cautolasius-flavus\/#breadcrumb"},"inLanguage":"de","potentialAction":[{"@type":"ReadAction","target":["https:\/\/insektenliebe.com\/de\/shop\/produkt\/lasius-cautolasius-flavus\/"]}]},{"@type":"ImageObject","inLanguage":"de","@id":"https:\/\/insektenliebe.com\/de\/shop\/produkt\/lasius-cautolasius-flavus\/#primaryimage","url":"https:\/\/insektenliebe.com\/wp-content\/uploads\/2025\/05\/Lasius-Cautolasius-flavus-1-2.jpg","contentUrl":"https:\/\/insektenliebe.com\/wp-content\/uploads\/2025\/05\/Lasius-Cautolasius-flavus-1-2.jpg","width":820,"height":820,"caption":"Lasius-Cautolasius-flavus-1-2.jpg"},{"@type":"BreadcrumbList","@id":"https:\/\/insektenliebe.com\/de\/shop\/produkt\/lasius-cautolasius-flavus\/#breadcrumb","itemListElement":[{"@type":"ListItem","position":1,"name":"Startseite","item":"https:\/\/insektenliebe.com\/de\/"},{"@type":"ListItem","position":2,"name":"Shop","item":"https:\/\/insektenliebe.com\/de\/shop\/"},{"@type":"ListItem","position":3,"name":"Lasius (Cautolasius) flavus"}]},{"@type":"WebSite","@id":"https:\/\/insektenliebe.com\/de\/#website","url":"https:\/\/insektenliebe.com\/de\/","name":"Insektenliebe","description":"Dein Zuhause f\u00fcr die kleinen Lebewesen","publisher":{"@id":"https:\/\/insektenliebe.com\/de\/#organization"},"potentialAction":[{"@type":"SearchAction","target":{"@type":"EntryPoint","urlTemplate":"https:\/\/insektenliebe.com\/de\/?s={search_term_string}"},"query-input":{"@type":"PropertyValueSpecification","valueRequired":true,"valueName":"search_term_string"}}],"inLanguage":"de"},{"@type":"Organization","@id":"https:\/\/insektenliebe.com\/de\/#organization","name":"Insektenliebe","url":"https:\/\/insektenliebe.com\/de\/","logo":{"@type":"ImageObject","inLanguage":"de","@id":"https:\/\/insektenliebe.com\/de\/#\/schema\/logo\/image\/","url":"https:\/\/insektenliebe.com\/wp-content\/uploads\/2025\/03\/logo-white.png","contentUrl":"https:\/\/insektenliebe.com\/wp-content\/uploads\/2025\/03\/logo-white.png","width":288,"height":188,"caption":"Insektenliebe"},"image":{"@id":"https:\/\/insektenliebe.com\/de\/#\/schema\/logo\/image\/"}}]},"product_price_amount":"14.50","product_price_currency":"EUR","og_availability":"out of stock","product_availability":"out of stock","product_retailer_item_id":"646","product_condition":"new"},"_links":{"self":[{"href":"https:\/\/insektenliebe.com\/de\/wp-json\/wp\/v2\/product\/5776","targetHints":{"allow":["GET"]}}],"collection":[{"href":"https:\/\/insektenliebe.com\/de\/wp-json\/wp\/v2\/product"}],"about":[{"href":"https:\/\/insektenliebe.com\/de\/wp-json\/wp\/v2\/types\/product"}],"wp:featuredmedia":[{"embeddable":true,"href":"https:\/\/insektenliebe.com\/de\/wp-json\/wp\/v2\/media\/5805"}],"wp:attachment":[{"href":"https:\/\/insektenliebe.com\/de\/wp-json\/wp\/v2\/media?parent=5776"}],"wp:term":[{"taxonomy":"product-supplier","embeddable":true,"href":"https:\/\/insektenliebe.com\/de\/wp-json\/wp\/v2\/product-supplier?post=5776"},{"taxonomy":"product_brand","embeddable":true,"href":"https:\/\/insektenliebe.com\/de\/wp-json\/wp\/v2\/product_brand?post=5776"},{"taxonomy":"product_cat","embeddable":true,"href":"https:\/\/insektenliebe.com\/de\/wp-json\/wp\/v2\/product_cat?post=5776"},{"taxonomy":"product_tag","embeddable":true,"href":"https:\/\/insektenliebe.com\/de\/wp-json\/wp\/v2\/product_tag?post=5776"},{"taxonomy":"lce-checkout-addons","embeddable":true,"href":"https:\/\/insektenliebe.com\/de\/wp-json\/wp\/v2\/lce-checkout-addons?post=5776"}],"curies":[{"name":"wp","href":"https:\/\/api.w.org\/{rel}","templated":true}]}}