{"id":5774,"date":"2024-09-27T14:07:00","date_gmt":"2024-09-27T12:07:00","guid":{"rendered":"http:\/\/localhost\/ins-test\/?post_type=product&#038;p=5774"},"modified":"2025-12-08T21:48:50","modified_gmt":"2025-12-08T20:48:50","slug":"tropischer-blaettermix","status":"publish","type":"product","link":"https:\/\/insektenliebe.com\/de\/shop\/produkt\/tropischer-blaettermix\/","title":{"rendered":"Tropischer Bl\u00e4ttermix"},"content":{"rendered":"<h3><span style=\"color: #99cc33\"><strong>Tropischer Bl\u00e4ttermix: Entfalte die nat\u00fcrliche Vielfalt in deinem Terrarium<\/strong><\/span><\/h3>\n<p class=\"p1\">Der <b>Tropische Bl\u00e4ttermix<\/b> ist eine sorgf\u00e4ltig zusammengestellte Kombination aus Seemandelbaumbl\u00e4ttern, Mangostinbl\u00e4ttern, Bambusbl\u00e4ttern, Cashewbl\u00e4ttern und Mangobl\u00e4ttern. Diese Mischung bereichert nicht nur optisch dein Terrarium, sondern unterst\u00fctzt auch die Gesundheit und das Wohlbefinden deiner Terrarientiere. Zus\u00e4tzlich eignet sich dieser Mix hervorragend zur Verf\u00fctterung an Asseln, Schaben und Tausendf\u00fc\u00dfer. Er liefert wichtige N\u00e4hrstoffe wie Cellulose und Tannine, die essentiell f\u00fcr die Verdauung und Gesundheit deiner Tiere sind. Diese N\u00e4hrstoffe f\u00f6rdern die Gesundheit und unterst\u00fctzen die nat\u00fcrlichen Zersetzungsprozesse im Terrarium, wodurch ein gesundes Mikrobiom aufrechterhalten wird.<\/p>\n<p><strong>Seemandelbaumbl\u00e4tter<\/strong> sind bekannt f\u00fcr ihre pH-senkenden Eigenschaften und den hohen Gerbstoffgehalt. Sie bieten nat\u00fcrlichen Schutz gegen Pilze und Bakterien und sind eine hervorragende Nahrungsquelle f\u00fcr Bodenbewohner wie Asseln und Tausendf\u00fc\u00dfer. Mit der Zeit entwickelt sich auf den Bl\u00e4ttern ein nahrhafter Biofilm, der von den Tieren gerne gefressen wird.<\/p>\n<p><strong>Mangostinbl\u00e4tter<\/strong> aus dem hochgesch\u00e4tzten Mangostinbaum in der traditionellen Medizin S\u00fcdostasiens bieten \u00e4hnliche Vorteile. Ihre entz\u00fcndungshemmenden und antiseptischen Eigenschaften helfen, Pilzkrankheiten zu bek\u00e4mpfen und die allgemeine Gesundheit zu f\u00f6rdern.<\/p>\n<p><strong>Bambusbl\u00e4tter<\/strong> verleihen deinem asiatisch inspirierten Terrarium einen nat\u00fcrlichen Look und bieten zahlreiche Versteckm\u00f6glichkeiten. Sie helfen, die Bodenfeuchtigkeit zu bewahren und dienen vielen Erstzersetzern als wichtige Nahrungsquelle.<\/p>\n<p><strong>Cashewbl\u00e4tter<\/strong> aus kontrolliertem Anbau in Sri Lanka tragen durch ihren Gerbs\u00e4uregehalt ebenfalls zur Vermeidung von Schimmelbildung bei und unterst\u00fctzen ein gesundes Mikroklima im Terrarium.<\/p>\n<p><strong>Mangobl\u00e4tter<\/strong> runden diesen Mix ab. Sie sind bekannt f\u00fcr ihre antioxidativen und antibakteriellen Eigenschaften, die das Terrarium nicht nur optisch bereichern, sondern auch eine gesunde Umgebung f\u00f6rdern.<\/p>\n<p>Der <strong>Tropische Bl\u00e4ttermix<\/strong> ist mehr als nur eine Dekoration \u2013 er ist eine funktionale Erg\u00e4nzung, die die nat\u00fcrlichen Lebensbedingungen deiner Terrarientiere verbessert und gleichzeitig das \u00e4sthetische Gef\u00fchl eines echten Dschungels vermittelt. Ideal f\u00fcr alle, die Wert auf ein nat\u00fcrliches Habitat und das Wohlbefinden ihrer Tiere legen. Hol dir diesen vielseitigen Mix und schaffe eine lebendige, gesunde Umgebung f\u00fcr deine Terrarienbewohner.<\/p>\n<p>Wir weisen darauf hin, dass es sich um ein Naturprodukt handelt bei dem kein St\u00fcck dem anderen gleicht.<\/p>\n","protected":false},"excerpt":{"rendered":"<p>Tropischer Bl\u00e4ttermix: Entfalte die nat\u00fcrliche Vielfalt in deinem Terrarium Der Tropische Bl\u00e4ttermix ist eine sorgf\u00e4ltig zusammengestellte Kombination aus Seemandelbaumbl\u00e4ttern, Mangostinbl\u00e4ttern, Bambusbl\u00e4ttern, Cashewbl\u00e4ttern und Mangobl\u00e4ttern. Diese Mischung bereichert nicht nur optisch dein Terrarium, sondern unterst\u00fctzt auch die Gesundheit und das Wohlbefinden deiner Terrarientiere. Zus\u00e4tzlich eignet sich dieser Mix hervorragend zur Verf\u00fctterung an Asseln, Schaben und Tausendf\u00fc\u00dfer. [&hellip;]<\/p>\n","protected":false},"featured_media":5803,"template":"","meta":{"_acf_changed":false},"product-supplier":[],"product_brand":[],"product_cat":[253,129],"product_tag":[],"lce-checkout-addons":[],"class_list":{"0":"post-5774","1":"product","2":"type-product","3":"status-publish","4":"has-post-thumbnail","6":"product_cat-einrichtung-dekoration","7":"product_cat-futter-kalzium","8":"product_shipping_class-equipment-shipping","9":"pa_herkunft-sri-lanka","11":"first","12":"instock","13":"taxable","14":"shipping-taxable","15":"purchasable","16":"product-type-simple"},"acf":[],"yoast_head":"<!-- This site is optimized with the Yoast SEO plugin v27.3 - https:\/\/yoast.com\/product\/yoast-seo-wordpress\/ -->\n<title>Tropischer Bl\u00e4ttermix - Insektenliebe<\/title>\n<meta name=\"description\" content=\"G\u00fcnstige Cashewbl\u00e4tter online kaufen. Sie sind\u00a0die ideale Deckschicht im Regenwaldterrarium und verhindert die Schimmel- und Bakterienbildung.\" \/>\n<meta name=\"robots\" content=\"index, follow, max-snippet:-1, max-image-preview:large, max-video-preview:-1\" \/>\n<link rel=\"canonical\" href=\"https:\/\/insektenliebe.com\/de\/shop\/produkt\/tropischer-blaettermix\/\" \/>\n<meta property=\"og:locale\" content=\"de_DE\" \/>\n<meta property=\"og:type\" content=\"article\" \/>\n<meta property=\"og:title\" content=\"Tropischer Bl\u00e4ttermix - Insektenliebe\" \/>\n<meta property=\"og:description\" content=\"G\u00fcnstige Cashewbl\u00e4tter online kaufen. Sie sind\u00a0die ideale Deckschicht im Regenwaldterrarium und verhindert die Schimmel- und Bakterienbildung.\" \/>\n<meta property=\"og:url\" content=\"https:\/\/insektenliebe.com\/de\/shop\/produkt\/tropischer-blaettermix\/\" \/>\n<meta property=\"og:site_name\" content=\"Insektenliebe\" \/>\n<meta property=\"article:modified_time\" content=\"2025-12-08T20:48:50+00:00\" \/>\n<meta property=\"og:image\" content=\"https:\/\/insektenliebe.com\/wp-content\/uploads\/2025\/05\/Tropischer-Blaettermix-2.jpg\" \/>\n\t<meta property=\"og:image:width\" content=\"820\" \/>\n\t<meta property=\"og:image:height\" content=\"820\" \/>\n\t<meta property=\"og:image:type\" content=\"image\/jpeg\" \/>\n<meta name=\"twitter:card\" content=\"summary_large_image\" \/>\n<meta name=\"twitter:label1\" content=\"Gesch\u00e4tzte Lesezeit\" \/>\n\t<meta name=\"twitter:data1\" content=\"2\u00a0Minuten\" \/>\n<script type=\"application\/ld+json\" class=\"yoast-schema-graph\">{\"@context\":\"https:\\\/\\\/schema.org\",\"@graph\":[{\"@type\":\"WebPage\",\"@id\":\"https:\\\/\\\/insektenliebe.com\\\/de\\\/shop\\\/produkt\\\/tropischer-blaettermix\\\/\",\"url\":\"https:\\\/\\\/insektenliebe.com\\\/de\\\/shop\\\/produkt\\\/tropischer-blaettermix\\\/\",\"name\":\"Tropischer Bl\u00e4ttermix - Insektenliebe\",\"isPartOf\":{\"@id\":\"https:\\\/\\\/insektenliebe.com\\\/de\\\/#website\"},\"primaryImageOfPage\":{\"@id\":\"https:\\\/\\\/insektenliebe.com\\\/de\\\/shop\\\/produkt\\\/tropischer-blaettermix\\\/#primaryimage\"},\"image\":{\"@id\":\"https:\\\/\\\/insektenliebe.com\\\/de\\\/shop\\\/produkt\\\/tropischer-blaettermix\\\/#primaryimage\"},\"thumbnailUrl\":\"https:\\\/\\\/insektenliebe.com\\\/wp-content\\\/uploads\\\/2025\\\/05\\\/Tropischer-Blaettermix-2.jpg\",\"datePublished\":\"2024-09-27T12:07:00+00:00\",\"dateModified\":\"2025-12-08T20:48:50+00:00\",\"description\":\"G\u00fcnstige Cashewbl\u00e4tter online kaufen. Sie sind\u00a0die ideale Deckschicht im Regenwaldterrarium und verhindert die Schimmel- und Bakterienbildung.\",\"breadcrumb\":{\"@id\":\"https:\\\/\\\/insektenliebe.com\\\/de\\\/shop\\\/produkt\\\/tropischer-blaettermix\\\/#breadcrumb\"},\"inLanguage\":\"de\",\"potentialAction\":[{\"@type\":\"ReadAction\",\"target\":[\"https:\\\/\\\/insektenliebe.com\\\/de\\\/shop\\\/produkt\\\/tropischer-blaettermix\\\/\"]}]},{\"@type\":\"ImageObject\",\"inLanguage\":\"de\",\"@id\":\"https:\\\/\\\/insektenliebe.com\\\/de\\\/shop\\\/produkt\\\/tropischer-blaettermix\\\/#primaryimage\",\"url\":\"https:\\\/\\\/insektenliebe.com\\\/wp-content\\\/uploads\\\/2025\\\/05\\\/Tropischer-Blaettermix-2.jpg\",\"contentUrl\":\"https:\\\/\\\/insektenliebe.com\\\/wp-content\\\/uploads\\\/2025\\\/05\\\/Tropischer-Blaettermix-2.jpg\",\"width\":820,\"height\":820,\"caption\":\"Tropischer-Blaettermix-2.jpg\"},{\"@type\":\"BreadcrumbList\",\"@id\":\"https:\\\/\\\/insektenliebe.com\\\/de\\\/shop\\\/produkt\\\/tropischer-blaettermix\\\/#breadcrumb\",\"itemListElement\":[{\"@type\":\"ListItem\",\"position\":1,\"name\":\"Startseite\",\"item\":\"https:\\\/\\\/insektenliebe.com\\\/de\\\/\"},{\"@type\":\"ListItem\",\"position\":2,\"name\":\"Shop\",\"item\":\"https:\\\/\\\/insektenliebe.com\\\/de\\\/shop\\\/\"},{\"@type\":\"ListItem\",\"position\":3,\"name\":\"Tropischer Bl\u00e4ttermix\"}]},{\"@type\":\"WebSite\",\"@id\":\"https:\\\/\\\/insektenliebe.com\\\/de\\\/#website\",\"url\":\"https:\\\/\\\/insektenliebe.com\\\/de\\\/\",\"name\":\"Insektenliebe\",\"description\":\"Dein Zuhause f\u00fcr die kleinen Lebewesen\",\"publisher\":{\"@id\":\"https:\\\/\\\/insektenliebe.com\\\/de\\\/#organization\"},\"potentialAction\":[{\"@type\":\"SearchAction\",\"target\":{\"@type\":\"EntryPoint\",\"urlTemplate\":\"https:\\\/\\\/insektenliebe.com\\\/de\\\/?s={search_term_string}\"},\"query-input\":{\"@type\":\"PropertyValueSpecification\",\"valueRequired\":true,\"valueName\":\"search_term_string\"}}],\"inLanguage\":\"de\"},{\"@type\":\"Organization\",\"@id\":\"https:\\\/\\\/insektenliebe.com\\\/de\\\/#organization\",\"name\":\"Insektenliebe\",\"url\":\"https:\\\/\\\/insektenliebe.com\\\/de\\\/\",\"logo\":{\"@type\":\"ImageObject\",\"inLanguage\":\"de\",\"@id\":\"https:\\\/\\\/insektenliebe.com\\\/de\\\/#\\\/schema\\\/logo\\\/image\\\/\",\"url\":\"https:\\\/\\\/insektenliebe.com\\\/wp-content\\\/uploads\\\/2025\\\/03\\\/logo-white.png\",\"contentUrl\":\"https:\\\/\\\/insektenliebe.com\\\/wp-content\\\/uploads\\\/2025\\\/03\\\/logo-white.png\",\"width\":288,\"height\":188,\"caption\":\"Insektenliebe\"},\"image\":{\"@id\":\"https:\\\/\\\/insektenliebe.com\\\/de\\\/#\\\/schema\\\/logo\\\/image\\\/\"}}]}<\/script>\n<!-- \/ Yoast SEO plugin. -->","yoast_head_json":{"title":"Tropischer Bl\u00e4ttermix - Insektenliebe","description":"G\u00fcnstige Cashewbl\u00e4tter online kaufen. Sie sind\u00a0die ideale Deckschicht im Regenwaldterrarium und verhindert die Schimmel- und Bakterienbildung.","robots":{"index":"index","follow":"follow","max-snippet":"max-snippet:-1","max-image-preview":"max-image-preview:large","max-video-preview":"max-video-preview:-1"},"canonical":"https:\/\/insektenliebe.com\/de\/shop\/produkt\/tropischer-blaettermix\/","og_locale":"de_DE","og_type":"article","og_title":"Tropischer Bl\u00e4ttermix - Insektenliebe","og_description":"G\u00fcnstige Cashewbl\u00e4tter online kaufen. Sie sind\u00a0die ideale Deckschicht im Regenwaldterrarium und verhindert die Schimmel- und Bakterienbildung.","og_url":"https:\/\/insektenliebe.com\/de\/shop\/produkt\/tropischer-blaettermix\/","og_site_name":"Insektenliebe","article_modified_time":"2025-12-08T20:48:50+00:00","og_image":[{"width":820,"height":820,"url":"https:\/\/insektenliebe.com\/wp-content\/uploads\/2025\/05\/Tropischer-Blaettermix-2.jpg","type":"image\/jpeg"}],"twitter_card":"summary_large_image","twitter_misc":{"Gesch\u00e4tzte Lesezeit":"2\u00a0Minuten"},"schema":{"@context":"https:\/\/schema.org","@graph":[{"@type":"WebPage","@id":"https:\/\/insektenliebe.com\/de\/shop\/produkt\/tropischer-blaettermix\/","url":"https:\/\/insektenliebe.com\/de\/shop\/produkt\/tropischer-blaettermix\/","name":"Tropischer Bl\u00e4ttermix - Insektenliebe","isPartOf":{"@id":"https:\/\/insektenliebe.com\/de\/#website"},"primaryImageOfPage":{"@id":"https:\/\/insektenliebe.com\/de\/shop\/produkt\/tropischer-blaettermix\/#primaryimage"},"image":{"@id":"https:\/\/insektenliebe.com\/de\/shop\/produkt\/tropischer-blaettermix\/#primaryimage"},"thumbnailUrl":"https:\/\/insektenliebe.com\/wp-content\/uploads\/2025\/05\/Tropischer-Blaettermix-2.jpg","datePublished":"2024-09-27T12:07:00+00:00","dateModified":"2025-12-08T20:48:50+00:00","description":"G\u00fcnstige Cashewbl\u00e4tter online kaufen. Sie sind\u00a0die ideale Deckschicht im Regenwaldterrarium und verhindert die Schimmel- und Bakterienbildung.","breadcrumb":{"@id":"https:\/\/insektenliebe.com\/de\/shop\/produkt\/tropischer-blaettermix\/#breadcrumb"},"inLanguage":"de","potentialAction":[{"@type":"ReadAction","target":["https:\/\/insektenliebe.com\/de\/shop\/produkt\/tropischer-blaettermix\/"]}]},{"@type":"ImageObject","inLanguage":"de","@id":"https:\/\/insektenliebe.com\/de\/shop\/produkt\/tropischer-blaettermix\/#primaryimage","url":"https:\/\/insektenliebe.com\/wp-content\/uploads\/2025\/05\/Tropischer-Blaettermix-2.jpg","contentUrl":"https:\/\/insektenliebe.com\/wp-content\/uploads\/2025\/05\/Tropischer-Blaettermix-2.jpg","width":820,"height":820,"caption":"Tropischer-Blaettermix-2.jpg"},{"@type":"BreadcrumbList","@id":"https:\/\/insektenliebe.com\/de\/shop\/produkt\/tropischer-blaettermix\/#breadcrumb","itemListElement":[{"@type":"ListItem","position":1,"name":"Startseite","item":"https:\/\/insektenliebe.com\/de\/"},{"@type":"ListItem","position":2,"name":"Shop","item":"https:\/\/insektenliebe.com\/de\/shop\/"},{"@type":"ListItem","position":3,"name":"Tropischer Bl\u00e4ttermix"}]},{"@type":"WebSite","@id":"https:\/\/insektenliebe.com\/de\/#website","url":"https:\/\/insektenliebe.com\/de\/","name":"Insektenliebe","description":"Dein Zuhause f\u00fcr die kleinen Lebewesen","publisher":{"@id":"https:\/\/insektenliebe.com\/de\/#organization"},"potentialAction":[{"@type":"SearchAction","target":{"@type":"EntryPoint","urlTemplate":"https:\/\/insektenliebe.com\/de\/?s={search_term_string}"},"query-input":{"@type":"PropertyValueSpecification","valueRequired":true,"valueName":"search_term_string"}}],"inLanguage":"de"},{"@type":"Organization","@id":"https:\/\/insektenliebe.com\/de\/#organization","name":"Insektenliebe","url":"https:\/\/insektenliebe.com\/de\/","logo":{"@type":"ImageObject","inLanguage":"de","@id":"https:\/\/insektenliebe.com\/de\/#\/schema\/logo\/image\/","url":"https:\/\/insektenliebe.com\/wp-content\/uploads\/2025\/03\/logo-white.png","contentUrl":"https:\/\/insektenliebe.com\/wp-content\/uploads\/2025\/03\/logo-white.png","width":288,"height":188,"caption":"Insektenliebe"},"image":{"@id":"https:\/\/insektenliebe.com\/de\/#\/schema\/logo\/image\/"}}]}},"_links":{"self":[{"href":"https:\/\/insektenliebe.com\/de\/wp-json\/wp\/v2\/product\/5774","targetHints":{"allow":["GET"]}}],"collection":[{"href":"https:\/\/insektenliebe.com\/de\/wp-json\/wp\/v2\/product"}],"about":[{"href":"https:\/\/insektenliebe.com\/de\/wp-json\/wp\/v2\/types\/product"}],"wp:featuredmedia":[{"embeddable":true,"href":"https:\/\/insektenliebe.com\/de\/wp-json\/wp\/v2\/media\/5803"}],"wp:attachment":[{"href":"https:\/\/insektenliebe.com\/de\/wp-json\/wp\/v2\/media?parent=5774"}],"wp:term":[{"taxonomy":"product-supplier","embeddable":true,"href":"https:\/\/insektenliebe.com\/de\/wp-json\/wp\/v2\/product-supplier?post=5774"},{"taxonomy":"product_brand","embeddable":true,"href":"https:\/\/insektenliebe.com\/de\/wp-json\/wp\/v2\/product_brand?post=5774"},{"taxonomy":"product_cat","embeddable":true,"href":"https:\/\/insektenliebe.com\/de\/wp-json\/wp\/v2\/product_cat?post=5774"},{"taxonomy":"product_tag","embeddable":true,"href":"https:\/\/insektenliebe.com\/de\/wp-json\/wp\/v2\/product_tag?post=5774"},{"taxonomy":"lce-checkout-addons","embeddable":true,"href":"https:\/\/insektenliebe.com\/de\/wp-json\/wp\/v2\/lce-checkout-addons?post=5774"}],"curies":[{"name":"wp","href":"https:\/\/api.w.org\/{rel}","templated":true}]}}