{"id":5767,"date":"2024-09-11T18:00:48","date_gmt":"2024-09-11T16:00:48","guid":{"rendered":"http:\/\/localhost\/ins-test\/?post_type=product&#038;p=5767"},"modified":"2026-01-28T21:16:24","modified_gmt":"2026-01-28T20:16:24","slug":"hierodula-venosa-multicolor","status":"publish","type":"product","link":"https:\/\/insektenliebe.com\/de\/shop\/produkt\/hierodula-venosa-multicolor\/","title":{"rendered":"Hierodula venosa \"Multicolor\""},"content":{"rendered":"<h3>Leicht<\/h3>\n<h3>Asien<\/h3>\n<h3>8 CM<\/h3>\n<h3>24-30 \u00b0C<\/h3>\n<h2 class=\"p1\"><span style=\"color: #99cc33\"><strong>Hierodula venosa \"Multicolor\": Farbenpracht und Dynamik im Terrarium<\/strong><\/span><\/h2>\n<p>Die <strong>Hierodula venosa \"Multicolor\"<\/strong> ist eine beeindruckende Gottesanbeterin, die durch ihre variable Farbgebung in lebendigen T\u00f6nen von Gr\u00fcn, Pink und Lila besticht. Diese Farbvielfalt macht jedes Exemplar zu einem einzigartigen Blickfang in deinem Terrarium.<\/p>\n<p>Mit einer empfohlenen Terrariumgr\u00f6\u00dfe von 30 x 30 x 30 cm bietet diese Art gen\u00fcgend Raum, um ihre nat\u00fcrlichen Verhaltensweisen auszuleben. Die <strong>Hierodula venosa \"Multicolor\"<\/strong> ist bekannt f\u00fcr ihre schnelle Verpaarung, wobei die M\u00e4nnchen jedoch Vorsicht walten lassen sollten, da sie nach der Paarung oft von den weiblichen Tieren gefressen werden.<\/p>\n<p>Diese Gottesanbeterin ist nicht nur f\u00fcr ihre Sch\u00f6nheit bekannt, sondern auch f\u00fcr ihr aggressives und aktives Verhalten. Sie jagt ihre Beute leidenschaftlich und ist stets auf der Suche nach Futter, was sie zu einem faszinierenden Beobachtungsobjekt macht.<\/p>\n<p>Ihre Beweglichkeit und die Tendenz, aktiv Futtertiere zu jagen, f\u00f6rdern den nat\u00fcrlichen Jagdinstinkt und sorgen f\u00fcr eine spannende Dynamik im Terrarium.<\/p>\n<p><img decoding=\"async\" src=\"https:\/\/insektenliebe.com\/wp-content\/uploads\/2024\/09\/Hierodula-venosa-22Multicolor22-lila-1.jpg\" alt=\"Hierodula venosa &quot;Multicolor&quot;-lila\" \/><\/p>\n<p><img decoding=\"async\" src=\"https:\/\/insektenliebe.com\/wp-content\/uploads\/2024\/09\/Hierodula-venosa-22Multicolor22-rosa-1.jpg\" alt=\"Hierodula venosa &quot;Multicolor&quot;-rosa\" \/><\/p>\n<p><img decoding=\"async\" src=\"https:\/\/insektenliebe.com\/wp-content\/uploads\/2024\/09\/Hierodula-venosa-22Multicolor22-gruen-2.jpg\" alt=\"Hierodula venosa Multicolor-gru\u0308n\" \/><\/p>\n<p>Die <strong>Hierodula venosa \"Multicolor\"<\/strong> eignet sich hervorragend f\u00fcr Terrarienbesitzer, die ein Interesse an der Pflege und Beobachtung von Verhaltensmustern exotischer Raubinsekten haben. Die Haltung dieser Art erfordert ein Verst\u00e4ndnis f\u00fcr ihre Bed\u00fcrfnisse und eine sorgf\u00e4ltige Handhabung, besonders im Umgang mit der Paarung und der F\u00fctterung.<\/p>\n<p>Mit der <strong>Hierodula venosa \"Multicolor\"<\/strong> holst du dir ein St\u00fcck lebendige Natur und beeindruckende Farbenvielfalt in dein Zuhause, die dein Terrarium sowohl visuell bereichert als auch eine herausfordernde und bereichernde Erfahrung f\u00fcr jeden Terrarienfan bietet.<\/p>\n<h3><span style=\"color: #99cc33\"><strong>Aufzucht der Nymphen<\/strong><\/span><\/h3>\n<p class=\"font_2 wixui-rich-text__text\"><span class=\"wixui-rich-text__text\"><strong>Temperatur:<\/strong> 24<\/span><span class=\"wixui-rich-text__text\"> - 27\u00b0C<\/span><\/p>\n<p class=\"font_2 wixui-rich-text__text\"><span class=\"wixui-rich-text__text\"><strong>Luftfeuchtigkeit:<\/strong> 70 - 80%\u00a0<\/span><\/p>\n<p class=\"font_2 wixui-rich-text__text\"><span class=\"wixui-rich-text__text\"><strong>Futter:<\/strong> Drosophila hydei<\/span><\/p>\n<p class=\"font_2 wixui-rich-text__text\"><span class=\"wixui-rich-text__text\"><strong>Temperatur:<\/strong> 24<\/span><span class=\"wixui-rich-text__text\"> - 27\u00b0C<\/span><\/p>\n<p class=\"font_2 wixui-rich-text__text\"><span class=\"wixui-rich-text__text\"><strong>Luftfeuchtigkeit:<\/strong> 70 - 80%\u00a0<\/span><\/p>\n<p class=\"font_2 wixui-rich-text__text\"><span class=\"wixui-rich-text__text\"><strong>Futter: <\/strong>Drosophila hydei \/ Ofenfischchen<\/span><\/p>\n<p class=\"font_2 wixui-rich-text__text\"><span class=\"wixui-rich-text__text\"><strong>Temperatur:<\/strong> 24<\/span><span class=\"wixui-rich-text__text\"> - 27\u00b0C<\/span><\/p>\n<p class=\"font_2 wixui-rich-text__text\"><span class=\"wixui-rich-text__text\"><strong>Luftfeuchtigkeit:<\/strong> 70 - 80%\u00a0<\/span><\/p>\n<p class=\"font_2 wixui-rich-text__text\"><span class=\"wixui-rich-text__text\"><strong>Futter:<\/strong> Drosophila hydei \/ Ofenfischchen<\/span><\/p>\n<p class=\"font_2 wixui-rich-text__text\"><span class=\"wixui-rich-text__text\"><strong>Temperatur:<\/strong> 24<\/span><span class=\"wixui-rich-text__text\"> - 30\u00b0C<\/span><\/p>\n<p class=\"font_2 wixui-rich-text__text\"><span class=\"wixui-rich-text__text\"><strong>Luftfeuchtigkeit:<\/strong> 70 - 80%\u00a0<\/span><\/p>\n<p class=\"font_2 wixui-rich-text__text\"><span class=\"wixui-rich-text__text\"><strong>Futter:<\/strong> Goldfliegen \/ Schmei\u00dffliegen \/ Schokoschaben \/ Waldschaben<\/span><\/p>\n<p class=\"font_2 wixui-rich-text__text\"><span class=\"wixui-rich-text__text\"><strong>Temperatur:<\/strong> 24<\/span><span class=\"wixui-rich-text__text\"> - 30\u00b0C<\/span><\/p>\n<p class=\"font_2 wixui-rich-text__text\"><span class=\"wixui-rich-text__text\"><strong>Luftfeuchtigkeit:<\/strong> 70 - 80%\u00a0<\/span><\/p>\n<p class=\"font_2 wixui-rich-text__text\"><span class=\"wixui-rich-text__text\"><strong>Futter:<\/strong> Goldfliegen \/ Schmei\u00dffliegen \/ Schokoschaben \/ Waldschaben<\/span><\/p>\n<p class=\"font_2 wixui-rich-text__text\"><span class=\"wixui-rich-text__text\"><strong>Temperatur:<\/strong> 24<\/span><span class=\"wixui-rich-text__text\"> - 30\u00b0C<\/span><\/p>\n<p class=\"font_2 wixui-rich-text__text\"><span class=\"wixui-rich-text__text\"><strong>Luftfeuchtigkeit:<\/strong> 70 - 85%\u00a0<\/span><\/p>\n<p class=\"font_2 wixui-rich-text__text\"><span class=\"wixui-rich-text__text\"><strong>Futter:<\/strong> Goldfliegen \/ Schmei\u00dffliegen \/ Schokoschaben \/ Waldschaben<\/span><\/p>\n<p class=\"font_2 wixui-rich-text__text\"><span class=\"wixui-rich-text__text\"><strong>Temperatur:<\/strong> 24<\/span><span class=\"wixui-rich-text__text\"> - 30\u00b0C<\/span><\/p>\n<p class=\"font_2 wixui-rich-text__text\"><span class=\"wixui-rich-text__text\"><strong>Luftfeuchtigkeit:<\/strong> 70 - 85%\u00a0<\/span><\/p>\n<p class=\"font_2 wixui-rich-text__text\"><span class=\"wixui-rich-text__text\"><strong>Futter:<\/strong> Schmei\u00dffliegen \/ Schokoschaben \/ Waldschaben<\/span><\/p>\n<p class=\"font_2 wixui-rich-text__text\"><span class=\"wixui-rich-text__text\"><strong>Temperatur:<\/strong> 24<\/span><span class=\"wixui-rich-text__text\"> - 30\u00b0C<\/span><\/p>\n<p class=\"font_2 wixui-rich-text__text\"><span class=\"wixui-rich-text__text\"><strong>Luftfeuchtigkeit:<\/strong> 70 - 85%\u00a0<\/span><\/p>\n<p class=\"font_2 wixui-rich-text__text\"><span class=\"wixui-rich-text__text\"><strong>Futter:<\/strong> Schmei\u00dffliegen \/ Schokoschaben \/ Waldschaben<\/span><\/p>\n<p class=\"font_2 wixui-rich-text__text\"><span class=\"wixui-rich-text__text\"><strong>Temperatur:<\/strong> 24<\/span><span class=\"wixui-rich-text__text\"> - 30\u00b0C<\/span><\/p>\n<p class=\"font_2 wixui-rich-text__text\"><span class=\"wixui-rich-text__text\"><strong>Luftfeuchtigkeit:<\/strong> 70 - 85%\u00a0<\/span><\/p>\n<p class=\"font_2 wixui-rich-text__text\"><span class=\"wixui-rich-text__text\"><strong>Futter:<\/strong> Schmei\u00dffliegen \/ Schokoschaben \/ Waldschaben<\/span><\/p>\n<p><strong>Hinweis: <\/strong>M\u00e4nnchen sind geschlechtsreif<br \/>\n<strong>Paarung: <\/strong>Etwa zwei bis drei Wochen nach der Reifeh\u00e4utung ist sie paarungsbereit.<\/p>\n<p class=\"font_2 wixui-rich-text__text\"><span class=\"wixui-rich-text__text\"><strong>Temperatur:<\/strong> 24<\/span><span class=\"wixui-rich-text__text\"> - 30\u00b0C<\/span><\/p>\n<p class=\"font_2 wixui-rich-text__text\"><span class=\"wixui-rich-text__text\"><strong>Luftfeuchtigkeit:<\/strong> 70 - 85%\u00a0<\/span><\/p>\n<p class=\"font_2 wixui-rich-text__text\"><span class=\"wixui-rich-text__text\"><strong>Futter:<\/strong> Schmei\u00dffliegen \/ Schokoschaben \/ Waldschaben<\/span><\/p>\n<p><strong>Hinweis: <\/strong>Weibchen sind geschlechtsreif<br \/>\n<strong>Paarung: <\/strong>Etwa vier Wochen nach der Reifeh\u00e4utung ist sie paarungsbereit.<strong><br \/>\n<\/strong><\/p>\n<h3><span style=\"color: #99cc33\"><strong>Produkte f\u00fcr Hierodula venosa \"Multicolor\"!<\/strong><\/span><\/h3>\n","protected":false},"excerpt":{"rendered":"<p>Leicht Asien 8 CM 24-30 \u00b0C Hierodula venosa \"Multicolor\": Farbenpracht und Dynamik im Terrarium Die Hierodula venosa \"Multicolor\" ist eine beeindruckende Gottesanbeterin, die durch ihre variable Farbgebung in lebendigen T\u00f6nen von Gr\u00fcn, Pink und Lila besticht. Diese Farbvielfalt macht jedes Exemplar zu einem einzigartigen Blickfang in deinem Terrarium. Mit einer empfohlenen Terrariumgr\u00f6\u00dfe von 30 x [&hellip;]<\/p>\n","protected":false},"featured_media":5796,"template":"","meta":{"_acf_changed":false},"product-supplier":[],"product_brand":[],"product_cat":[218],"product_tag":[],"lce-checkout-addons":[1202],"class_list":{"0":"post-5767","1":"product","2":"type-product","3":"status-publish","4":"has-post-thumbnail","6":"product_cat-mantiden","7":"product_shipping_class-animal-shipping","8":"lce-checkout-addons-winterverpackung","10":"first","11":"outofstock","12":"taxable","13":"shipping-taxable","14":"product-type-variable","15":"has-default-attributes"},"acf":[],"yoast_head":"<!-- This site is optimized with the Yoast SEO plugin v27.3 - https:\/\/yoast.com\/product\/yoast-seo-wordpress\/ -->\n<title>Hierodula venosa &quot;Multicolor&quot; - Insektenliebe<\/title>\n<meta name=\"description\" content=\"Kaufe die Hierodula venosa &quot;Multicolor&quot; g\u00fcnstig und direkt online: Eine farbenpr\u00e4chtige und aktive Gottesanbeterin, ideal f\u00fcr Terrarien ab 30x30x30 cm.\" \/>\n<meta name=\"robots\" content=\"index, follow, max-snippet:-1, max-image-preview:large, max-video-preview:-1\" \/>\n<link rel=\"canonical\" href=\"https:\/\/insektenliebe.com\/de\/shop\/produkt\/hierodula-venosa-multicolor\/\" \/>\n<meta property=\"og:locale\" content=\"de_DE\" \/>\n<meta property=\"og:type\" content=\"article\" \/>\n<meta property=\"og:title\" content=\"Hierodula venosa &quot;Multicolor&quot; - Insektenliebe\" \/>\n<meta property=\"og:description\" content=\"Kaufe die Hierodula venosa &quot;Multicolor&quot; g\u00fcnstig und direkt online: Eine farbenpr\u00e4chtige und aktive Gottesanbeterin, ideal f\u00fcr Terrarien ab 30x30x30 cm.\" \/>\n<meta property=\"og:url\" content=\"https:\/\/insektenliebe.com\/de\/shop\/produkt\/hierodula-venosa-multicolor\/\" \/>\n<meta property=\"og:site_name\" content=\"Insektenliebe\" \/>\n<meta property=\"article:modified_time\" content=\"2026-01-28T20:16:24+00:00\" \/>\n<meta property=\"og:image\" content=\"https:\/\/insektenliebe.com\/wp-content\/uploads\/2025\/05\/Hierodula-venosa-22Multicolor22-2.jpg\" \/>\n\t<meta property=\"og:image:width\" content=\"820\" \/>\n\t<meta property=\"og:image:height\" content=\"820\" \/>\n\t<meta property=\"og:image:type\" content=\"image\/jpeg\" \/>\n<meta name=\"twitter:card\" content=\"summary_large_image\" \/>\n<meta name=\"twitter:label1\" content=\"Gesch\u00e4tzte Lesezeit\" \/>\n\t<meta name=\"twitter:data1\" content=\"4\u00a0Minuten\" \/>\n<script type=\"application\/ld+json\" class=\"yoast-schema-graph\">{\"@context\":\"https:\\\/\\\/schema.org\",\"@graph\":[{\"@type\":\"WebPage\",\"@id\":\"https:\\\/\\\/insektenliebe.com\\\/de\\\/shop\\\/produkt\\\/hierodula-venosa-multicolor\\\/\",\"url\":\"https:\\\/\\\/insektenliebe.com\\\/de\\\/shop\\\/produkt\\\/hierodula-venosa-multicolor\\\/\",\"name\":\"Hierodula venosa \\\"Multicolor\\\" - Insektenliebe\",\"isPartOf\":{\"@id\":\"https:\\\/\\\/insektenliebe.com\\\/de\\\/#website\"},\"primaryImageOfPage\":{\"@id\":\"https:\\\/\\\/insektenliebe.com\\\/de\\\/shop\\\/produkt\\\/hierodula-venosa-multicolor\\\/#primaryimage\"},\"image\":{\"@id\":\"https:\\\/\\\/insektenliebe.com\\\/de\\\/shop\\\/produkt\\\/hierodula-venosa-multicolor\\\/#primaryimage\"},\"thumbnailUrl\":\"https:\\\/\\\/insektenliebe.com\\\/wp-content\\\/uploads\\\/2025\\\/05\\\/Hierodula-venosa-22Multicolor22-2.jpg\",\"datePublished\":\"2024-09-11T16:00:48+00:00\",\"dateModified\":\"2026-01-28T20:16:24+00:00\",\"description\":\"Kaufe die Hierodula venosa \\\"Multicolor\\\" g\u00fcnstig und direkt online: Eine farbenpr\u00e4chtige und aktive Gottesanbeterin, ideal f\u00fcr Terrarien ab 30x30x30 cm.\",\"breadcrumb\":{\"@id\":\"https:\\\/\\\/insektenliebe.com\\\/de\\\/shop\\\/produkt\\\/hierodula-venosa-multicolor\\\/#breadcrumb\"},\"inLanguage\":\"de\",\"potentialAction\":[{\"@type\":\"ReadAction\",\"target\":[\"https:\\\/\\\/insektenliebe.com\\\/de\\\/shop\\\/produkt\\\/hierodula-venosa-multicolor\\\/\"]}]},{\"@type\":\"ImageObject\",\"inLanguage\":\"de\",\"@id\":\"https:\\\/\\\/insektenliebe.com\\\/de\\\/shop\\\/produkt\\\/hierodula-venosa-multicolor\\\/#primaryimage\",\"url\":\"https:\\\/\\\/insektenliebe.com\\\/wp-content\\\/uploads\\\/2025\\\/05\\\/Hierodula-venosa-22Multicolor22-2.jpg\",\"contentUrl\":\"https:\\\/\\\/insektenliebe.com\\\/wp-content\\\/uploads\\\/2025\\\/05\\\/Hierodula-venosa-22Multicolor22-2.jpg\",\"width\":820,\"height\":820,\"caption\":\"Hierodula-venosa-22Multicolor22-2.jpg\"},{\"@type\":\"BreadcrumbList\",\"@id\":\"https:\\\/\\\/insektenliebe.com\\\/de\\\/shop\\\/produkt\\\/hierodula-venosa-multicolor\\\/#breadcrumb\",\"itemListElement\":[{\"@type\":\"ListItem\",\"position\":1,\"name\":\"Startseite\",\"item\":\"https:\\\/\\\/insektenliebe.com\\\/de\\\/\"},{\"@type\":\"ListItem\",\"position\":2,\"name\":\"Shop\",\"item\":\"https:\\\/\\\/insektenliebe.com\\\/de\\\/shop\\\/\"},{\"@type\":\"ListItem\",\"position\":3,\"name\":\"Hierodula venosa &#8222;Multicolor&#8220;\"}]},{\"@type\":\"WebSite\",\"@id\":\"https:\\\/\\\/insektenliebe.com\\\/de\\\/#website\",\"url\":\"https:\\\/\\\/insektenliebe.com\\\/de\\\/\",\"name\":\"Insektenliebe\",\"description\":\"Dein Zuhause f\u00fcr die kleinen Lebewesen\",\"publisher\":{\"@id\":\"https:\\\/\\\/insektenliebe.com\\\/de\\\/#organization\"},\"potentialAction\":[{\"@type\":\"SearchAction\",\"target\":{\"@type\":\"EntryPoint\",\"urlTemplate\":\"https:\\\/\\\/insektenliebe.com\\\/de\\\/?s={search_term_string}\"},\"query-input\":{\"@type\":\"PropertyValueSpecification\",\"valueRequired\":true,\"valueName\":\"search_term_string\"}}],\"inLanguage\":\"de\"},{\"@type\":\"Organization\",\"@id\":\"https:\\\/\\\/insektenliebe.com\\\/de\\\/#organization\",\"name\":\"Insektenliebe\",\"url\":\"https:\\\/\\\/insektenliebe.com\\\/de\\\/\",\"logo\":{\"@type\":\"ImageObject\",\"inLanguage\":\"de\",\"@id\":\"https:\\\/\\\/insektenliebe.com\\\/de\\\/#\\\/schema\\\/logo\\\/image\\\/\",\"url\":\"https:\\\/\\\/insektenliebe.com\\\/wp-content\\\/uploads\\\/2025\\\/03\\\/logo-white.png\",\"contentUrl\":\"https:\\\/\\\/insektenliebe.com\\\/wp-content\\\/uploads\\\/2025\\\/03\\\/logo-white.png\",\"width\":288,\"height\":188,\"caption\":\"Insektenliebe\"},\"image\":{\"@id\":\"https:\\\/\\\/insektenliebe.com\\\/de\\\/#\\\/schema\\\/logo\\\/image\\\/\"}}]}<\/script>\n<!-- \/ Yoast SEO plugin. -->","yoast_head_json":{"title":"Hierodula venosa \"Multicolor\" - Insektenliebe","description":"Kaufe die Hierodula venosa \"Multicolor\" g\u00fcnstig und direkt online: Eine farbenpr\u00e4chtige und aktive Gottesanbeterin, ideal f\u00fcr Terrarien ab 30x30x30 cm.","robots":{"index":"index","follow":"follow","max-snippet":"max-snippet:-1","max-image-preview":"max-image-preview:large","max-video-preview":"max-video-preview:-1"},"canonical":"https:\/\/insektenliebe.com\/de\/shop\/produkt\/hierodula-venosa-multicolor\/","og_locale":"de_DE","og_type":"article","og_title":"Hierodula venosa \"Multicolor\" - Insektenliebe","og_description":"Kaufe die Hierodula venosa \"Multicolor\" g\u00fcnstig und direkt online: Eine farbenpr\u00e4chtige und aktive Gottesanbeterin, ideal f\u00fcr Terrarien ab 30x30x30 cm.","og_url":"https:\/\/insektenliebe.com\/de\/shop\/produkt\/hierodula-venosa-multicolor\/","og_site_name":"Insektenliebe","article_modified_time":"2026-01-28T20:16:24+00:00","og_image":[{"width":820,"height":820,"url":"https:\/\/insektenliebe.com\/wp-content\/uploads\/2025\/05\/Hierodula-venosa-22Multicolor22-2.jpg","type":"image\/jpeg"}],"twitter_card":"summary_large_image","twitter_misc":{"Gesch\u00e4tzte Lesezeit":"4\u00a0Minuten"},"schema":{"@context":"https:\/\/schema.org","@graph":[{"@type":"WebPage","@id":"https:\/\/insektenliebe.com\/de\/shop\/produkt\/hierodula-venosa-multicolor\/","url":"https:\/\/insektenliebe.com\/de\/shop\/produkt\/hierodula-venosa-multicolor\/","name":"Hierodula venosa \"Multicolor\" - Insektenliebe","isPartOf":{"@id":"https:\/\/insektenliebe.com\/de\/#website"},"primaryImageOfPage":{"@id":"https:\/\/insektenliebe.com\/de\/shop\/produkt\/hierodula-venosa-multicolor\/#primaryimage"},"image":{"@id":"https:\/\/insektenliebe.com\/de\/shop\/produkt\/hierodula-venosa-multicolor\/#primaryimage"},"thumbnailUrl":"https:\/\/insektenliebe.com\/wp-content\/uploads\/2025\/05\/Hierodula-venosa-22Multicolor22-2.jpg","datePublished":"2024-09-11T16:00:48+00:00","dateModified":"2026-01-28T20:16:24+00:00","description":"Kaufe die Hierodula venosa \"Multicolor\" g\u00fcnstig und direkt online: Eine farbenpr\u00e4chtige und aktive Gottesanbeterin, ideal f\u00fcr Terrarien ab 30x30x30 cm.","breadcrumb":{"@id":"https:\/\/insektenliebe.com\/de\/shop\/produkt\/hierodula-venosa-multicolor\/#breadcrumb"},"inLanguage":"de","potentialAction":[{"@type":"ReadAction","target":["https:\/\/insektenliebe.com\/de\/shop\/produkt\/hierodula-venosa-multicolor\/"]}]},{"@type":"ImageObject","inLanguage":"de","@id":"https:\/\/insektenliebe.com\/de\/shop\/produkt\/hierodula-venosa-multicolor\/#primaryimage","url":"https:\/\/insektenliebe.com\/wp-content\/uploads\/2025\/05\/Hierodula-venosa-22Multicolor22-2.jpg","contentUrl":"https:\/\/insektenliebe.com\/wp-content\/uploads\/2025\/05\/Hierodula-venosa-22Multicolor22-2.jpg","width":820,"height":820,"caption":"Hierodula-venosa-22Multicolor22-2.jpg"},{"@type":"BreadcrumbList","@id":"https:\/\/insektenliebe.com\/de\/shop\/produkt\/hierodula-venosa-multicolor\/#breadcrumb","itemListElement":[{"@type":"ListItem","position":1,"name":"Startseite","item":"https:\/\/insektenliebe.com\/de\/"},{"@type":"ListItem","position":2,"name":"Shop","item":"https:\/\/insektenliebe.com\/de\/shop\/"},{"@type":"ListItem","position":3,"name":"Hierodula venosa &#8222;Multicolor&#8220;"}]},{"@type":"WebSite","@id":"https:\/\/insektenliebe.com\/de\/#website","url":"https:\/\/insektenliebe.com\/de\/","name":"Insektenliebe","description":"Dein Zuhause f\u00fcr die kleinen Lebewesen","publisher":{"@id":"https:\/\/insektenliebe.com\/de\/#organization"},"potentialAction":[{"@type":"SearchAction","target":{"@type":"EntryPoint","urlTemplate":"https:\/\/insektenliebe.com\/de\/?s={search_term_string}"},"query-input":{"@type":"PropertyValueSpecification","valueRequired":true,"valueName":"search_term_string"}}],"inLanguage":"de"},{"@type":"Organization","@id":"https:\/\/insektenliebe.com\/de\/#organization","name":"Insektenliebe","url":"https:\/\/insektenliebe.com\/de\/","logo":{"@type":"ImageObject","inLanguage":"de","@id":"https:\/\/insektenliebe.com\/de\/#\/schema\/logo\/image\/","url":"https:\/\/insektenliebe.com\/wp-content\/uploads\/2025\/03\/logo-white.png","contentUrl":"https:\/\/insektenliebe.com\/wp-content\/uploads\/2025\/03\/logo-white.png","width":288,"height":188,"caption":"Insektenliebe"},"image":{"@id":"https:\/\/insektenliebe.com\/de\/#\/schema\/logo\/image\/"}}]}},"_links":{"self":[{"href":"https:\/\/insektenliebe.com\/de\/wp-json\/wp\/v2\/product\/5767","targetHints":{"allow":["GET"]}}],"collection":[{"href":"https:\/\/insektenliebe.com\/de\/wp-json\/wp\/v2\/product"}],"about":[{"href":"https:\/\/insektenliebe.com\/de\/wp-json\/wp\/v2\/types\/product"}],"wp:featuredmedia":[{"embeddable":true,"href":"https:\/\/insektenliebe.com\/de\/wp-json\/wp\/v2\/media\/5796"}],"wp:attachment":[{"href":"https:\/\/insektenliebe.com\/de\/wp-json\/wp\/v2\/media?parent=5767"}],"wp:term":[{"taxonomy":"product-supplier","embeddable":true,"href":"https:\/\/insektenliebe.com\/de\/wp-json\/wp\/v2\/product-supplier?post=5767"},{"taxonomy":"product_brand","embeddable":true,"href":"https:\/\/insektenliebe.com\/de\/wp-json\/wp\/v2\/product_brand?post=5767"},{"taxonomy":"product_cat","embeddable":true,"href":"https:\/\/insektenliebe.com\/de\/wp-json\/wp\/v2\/product_cat?post=5767"},{"taxonomy":"product_tag","embeddable":true,"href":"https:\/\/insektenliebe.com\/de\/wp-json\/wp\/v2\/product_tag?post=5767"},{"taxonomy":"lce-checkout-addons","embeddable":true,"href":"https:\/\/insektenliebe.com\/de\/wp-json\/wp\/v2\/lce-checkout-addons?post=5767"}],"curies":[{"name":"wp","href":"https:\/\/api.w.org\/{rel}","templated":true}]}}