{"id":5723,"date":"2024-07-13T11:51:00","date_gmt":"2024-07-13T09:51:00","guid":{"rendered":"http:\/\/localhost\/ins-test\/?post_type=product&#038;p=5723"},"modified":"2026-04-11T11:02:30","modified_gmt":"2026-04-11T09:02:30","slug":"hobby-terra-fix-easy-led","status":"publish","type":"product","link":"https:\/\/insektenliebe.com\/de\/shop\/produkt\/hobby-terra-fix-easy-led\/","title":{"rendered":"Hobby Terra Fix &amp; Easy LED"},"content":{"rendered":"<h3><span style=\"color: #99cc33\"><span class=\"s1\">Hobby Terra Fix &amp; Easy LED \u2013 <\/span><span class=\"s1\">Wei\u00df-, Kaltwei\u00df- und Mondlichtmodus<\/span><\/span><\/h3>\n<p class=\"p1\"><span class=\"s1\">Mit der <\/span><strong><span class=\"s2\">Hobby Terra Fix &amp; Easy LED<\/span><\/strong><span class=\"s1\"> bringst du moderne, flexible Beleuchtung in dein Terrarium. Die Leuchte wurde speziell f\u00fcr die Terra Fix &amp; Easy Terrarien entwickelt. Gleichzeitig passt sie jedoch auch problemlos in viele herk\u00f6mmliche Terrarien. Dadurch profitierst du von maximaler Flexibilit\u00e4t bei der Gestaltung deines Setups.<\/span><\/p>\n<p class=\"p1\"><span class=\"s1\">Das besonders flache Design wirkt dezent und hochwertig. Trotzdem liefert die LED eine starke und gleichm\u00e4\u00dfige Ausleuchtung. Dank des integrierten Controllers steuerst du die Beleuchtung komfortabel und pr\u00e4zise. Der stufenlose Dimmer erm\u00f6glicht dir, die Lichtintensit\u00e4t exakt an die Bed\u00fcrfnisse deiner Tiere und Pflanzen anzupassen.<\/span><\/p>\n<p class=\"p1\"><span class=\"s1\">Du kannst zwischen verschiedenen Lichtoptionen w\u00e4hlen. Reines Wei\u00df sorgt f\u00fcr eine klare Tagesbeleuchtung. K\u00fchles Wei\u00df wirkt besonders nat\u00fcrlich und unterst\u00fctzt die Photosynthese deiner Pflanzen. Zus\u00e4tzlich steht dir ein sanftes blaues Licht f\u00fcr die Mondsimulation zur Verf\u00fcgung. Dadurch erzeugst du eine naturnahe Nachtatmosph\u00e4re, die den Tag-Nacht-Rhythmus deiner Tiere unterst\u00fctzt.<\/span><\/p>\n<p class=\"p1\"><span class=\"s1\">Gerade bei Reptilien, Amphibien oder Wirbellosen spielt ein stabiler Lichtzyklus eine entscheidende Rolle. Die Terra Fix &amp; Easy LED hilft dir, diesen Rhythmus gezielt nachzubilden. Gleichzeitig profitieren bepflanzte Terrarien von der gleichm\u00e4\u00dfigen Lichtverteilung, da das Pflanzenwachstum aktiv gef\u00f6rdert wird.<\/span><\/p>\n<p class=\"p1\"><span class=\"s1\">Der integrierte Nachtmodus schafft eine ruhige Mondlichtstimmung. Dadurch kannst du deine Tiere auch in den Abendstunden beobachten, ohne sie zu stressen. Das blaue Licht wirkt beruhigend und unterst\u00fctzt nat\u00fcrliche Verhaltensweisen.<\/span><\/p>\n<p class=\"p1\"><span class=\"s1\">Die Installation gestaltet sich besonders einfach. Mit den mitgelieferten Halteb\u00fcgeln befestigst du die Lampe sicher und stabil. Au\u00dferdem arbeitet die LED-Technologie energieeffizient und langlebig. Dadurch reduzierst du Stromkosten und Wartungsaufwand.<\/span><\/p>\n<p class=\"p1\"><span class=\"s1\">Mit der <\/span><strong><span class=\"s2\">Hobby Terra Fix &amp; Easy LED<\/span><\/strong><span class=\"s1\"> verwandelst du dein Terrarium in eine lebendige, naturnahe Umgebung. Du steuerst Lichtfarbe und Intensit\u00e4t flexibel, unterst\u00fctzt Gesundheit und Wachstum deiner Tiere und Pflanzen und setzt dein Setup gleichzeitig stilvoll in Szene.<\/span><\/p>\n","protected":false},"excerpt":{"rendered":"<p>Hobby Terra Fix &amp; Easy LED \u2013 Wei\u00df-, Kaltwei\u00df- und Mondlichtmodus Mit der Hobby Terra Fix &amp; Easy LED bringst du moderne, flexible Beleuchtung in dein Terrarium. Die Leuchte wurde speziell f\u00fcr die Terra Fix &amp; Easy Terrarien entwickelt. Gleichzeitig passt sie jedoch auch problemlos in viele herk\u00f6mmliche Terrarien. Dadurch profitierst du von maximaler Flexibilit\u00e4t [&hellip;]<\/p>\n","protected":false},"featured_media":5752,"template":"","meta":{"_acf_changed":false},"product-supplier":[2555],"product_brand":[92],"product_cat":[299],"product_tag":[],"lce-checkout-addons":[],"class_list":{"0":"post-5723","1":"product","2":"type-product","3":"status-publish","4":"has-post-thumbnail","6":"product_brand-hobby-terraristik","7":"product_cat-beleuchtung-klima","8":"product_shipping_class-equipment-shipping","10":"first","11":"instock","12":"sale","13":"taxable","14":"shipping-taxable","15":"purchasable","16":"product-type-simple"},"acf":[],"yoast_head":"<!-- This site is optimized with the Yoast SEO plugin v27.3 - https:\/\/yoast.com\/product\/yoast-seo-wordpress\/ -->\n<title>Hobby Terra Fix &amp; Easy LED - Insektenliebe<\/title>\n<meta name=\"description\" content=\"Erlebe optimale Terrarienbeleuchtung mit der Hobby Terra Fix &amp; Easy LED: anpassbar, energieeffizient, langlebig und vielseitig f\u00fcr jedes Terrarium.\" \/>\n<meta name=\"robots\" content=\"index, follow, max-snippet:-1, max-image-preview:large, max-video-preview:-1\" \/>\n<link rel=\"canonical\" href=\"https:\/\/insektenliebe.com\/de\/shop\/produkt\/hobby-terra-fix-easy-led\/\" \/>\n<meta property=\"og:locale\" content=\"de_DE\" \/>\n<meta property=\"og:type\" content=\"article\" \/>\n<meta property=\"og:title\" content=\"Hobby Terra Fix &amp; Easy LED - Insektenliebe\" \/>\n<meta property=\"og:description\" content=\"Erlebe optimale Terrarienbeleuchtung mit der Hobby Terra Fix &amp; Easy LED: anpassbar, energieeffizient, langlebig und vielseitig f\u00fcr jedes Terrarium.\" \/>\n<meta property=\"og:url\" content=\"https:\/\/insektenliebe.com\/de\/shop\/produkt\/hobby-terra-fix-easy-led\/\" \/>\n<meta property=\"og:site_name\" content=\"Insektenliebe\" \/>\n<meta property=\"article:modified_time\" content=\"2026-04-11T09:02:30+00:00\" \/>\n<meta property=\"og:image\" content=\"https:\/\/insektenliebe.com\/wp-content\/uploads\/2025\/05\/Hobby-Terra-Fix-Easy-LED-2.jpg\" \/>\n\t<meta property=\"og:image:width\" content=\"820\" \/>\n\t<meta property=\"og:image:height\" content=\"820\" \/>\n\t<meta property=\"og:image:type\" content=\"image\/jpeg\" \/>\n<meta name=\"twitter:card\" content=\"summary_large_image\" \/>\n<meta name=\"twitter:label1\" content=\"Gesch\u00e4tzte Lesezeit\" \/>\n\t<meta name=\"twitter:data1\" content=\"2\u00a0Minuten\" \/>\n<script type=\"application\/ld+json\" class=\"yoast-schema-graph\">{\"@context\":\"https:\\\/\\\/schema.org\",\"@graph\":[{\"@type\":\"WebPage\",\"@id\":\"https:\\\/\\\/insektenliebe.com\\\/de\\\/shop\\\/produkt\\\/hobby-terra-fix-easy-led\\\/\",\"url\":\"https:\\\/\\\/insektenliebe.com\\\/de\\\/shop\\\/produkt\\\/hobby-terra-fix-easy-led\\\/\",\"name\":\"Hobby Terra Fix &amp; Easy LED - Insektenliebe\",\"isPartOf\":{\"@id\":\"https:\\\/\\\/insektenliebe.com\\\/de\\\/#website\"},\"primaryImageOfPage\":{\"@id\":\"https:\\\/\\\/insektenliebe.com\\\/de\\\/shop\\\/produkt\\\/hobby-terra-fix-easy-led\\\/#primaryimage\"},\"image\":{\"@id\":\"https:\\\/\\\/insektenliebe.com\\\/de\\\/shop\\\/produkt\\\/hobby-terra-fix-easy-led\\\/#primaryimage\"},\"thumbnailUrl\":\"https:\\\/\\\/insektenliebe.com\\\/wp-content\\\/uploads\\\/2025\\\/05\\\/Hobby-Terra-Fix-Easy-LED-2.jpg\",\"datePublished\":\"2024-07-13T09:51:00+00:00\",\"dateModified\":\"2026-04-11T09:02:30+00:00\",\"description\":\"Erlebe optimale Terrarienbeleuchtung mit der Hobby Terra Fix & Easy LED: anpassbar, energieeffizient, langlebig und vielseitig f\u00fcr jedes Terrarium.\",\"breadcrumb\":{\"@id\":\"https:\\\/\\\/insektenliebe.com\\\/de\\\/shop\\\/produkt\\\/hobby-terra-fix-easy-led\\\/#breadcrumb\"},\"inLanguage\":\"de\",\"potentialAction\":[{\"@type\":\"ReadAction\",\"target\":[\"https:\\\/\\\/insektenliebe.com\\\/de\\\/shop\\\/produkt\\\/hobby-terra-fix-easy-led\\\/\"]}]},{\"@type\":\"ImageObject\",\"inLanguage\":\"de\",\"@id\":\"https:\\\/\\\/insektenliebe.com\\\/de\\\/shop\\\/produkt\\\/hobby-terra-fix-easy-led\\\/#primaryimage\",\"url\":\"https:\\\/\\\/insektenliebe.com\\\/wp-content\\\/uploads\\\/2025\\\/05\\\/Hobby-Terra-Fix-Easy-LED-2.jpg\",\"contentUrl\":\"https:\\\/\\\/insektenliebe.com\\\/wp-content\\\/uploads\\\/2025\\\/05\\\/Hobby-Terra-Fix-Easy-LED-2.jpg\",\"width\":820,\"height\":820,\"caption\":\"Hobby-Terra-Fix-Easy-LED-2.jpg\"},{\"@type\":\"BreadcrumbList\",\"@id\":\"https:\\\/\\\/insektenliebe.com\\\/de\\\/shop\\\/produkt\\\/hobby-terra-fix-easy-led\\\/#breadcrumb\",\"itemListElement\":[{\"@type\":\"ListItem\",\"position\":1,\"name\":\"Startseite\",\"item\":\"https:\\\/\\\/insektenliebe.com\\\/de\\\/\"},{\"@type\":\"ListItem\",\"position\":2,\"name\":\"Shop\",\"item\":\"https:\\\/\\\/insektenliebe.com\\\/de\\\/shop\\\/\"},{\"@type\":\"ListItem\",\"position\":3,\"name\":\"Hobby Terra Fix &amp; Easy LED\"}]},{\"@type\":\"WebSite\",\"@id\":\"https:\\\/\\\/insektenliebe.com\\\/de\\\/#website\",\"url\":\"https:\\\/\\\/insektenliebe.com\\\/de\\\/\",\"name\":\"Insektenliebe\",\"description\":\"Dein Zuhause f\u00fcr die kleinen Lebewesen\",\"publisher\":{\"@id\":\"https:\\\/\\\/insektenliebe.com\\\/de\\\/#organization\"},\"potentialAction\":[{\"@type\":\"SearchAction\",\"target\":{\"@type\":\"EntryPoint\",\"urlTemplate\":\"https:\\\/\\\/insektenliebe.com\\\/de\\\/?s={search_term_string}\"},\"query-input\":{\"@type\":\"PropertyValueSpecification\",\"valueRequired\":true,\"valueName\":\"search_term_string\"}}],\"inLanguage\":\"de\"},{\"@type\":\"Organization\",\"@id\":\"https:\\\/\\\/insektenliebe.com\\\/de\\\/#organization\",\"name\":\"Insektenliebe\",\"url\":\"https:\\\/\\\/insektenliebe.com\\\/de\\\/\",\"logo\":{\"@type\":\"ImageObject\",\"inLanguage\":\"de\",\"@id\":\"https:\\\/\\\/insektenliebe.com\\\/de\\\/#\\\/schema\\\/logo\\\/image\\\/\",\"url\":\"https:\\\/\\\/insektenliebe.com\\\/wp-content\\\/uploads\\\/2025\\\/03\\\/logo-white.png\",\"contentUrl\":\"https:\\\/\\\/insektenliebe.com\\\/wp-content\\\/uploads\\\/2025\\\/03\\\/logo-white.png\",\"width\":288,\"height\":188,\"caption\":\"Insektenliebe\"},\"image\":{\"@id\":\"https:\\\/\\\/insektenliebe.com\\\/de\\\/#\\\/schema\\\/logo\\\/image\\\/\"}}]}<\/script>\n<!-- \/ Yoast SEO plugin. -->","yoast_head_json":{"title":"Hobby Terra Fix &amp; Easy LED - Insektenliebe","description":"Erlebe optimale Terrarienbeleuchtung mit der Hobby Terra Fix & Easy LED: anpassbar, energieeffizient, langlebig und vielseitig f\u00fcr jedes Terrarium.","robots":{"index":"index","follow":"follow","max-snippet":"max-snippet:-1","max-image-preview":"max-image-preview:large","max-video-preview":"max-video-preview:-1"},"canonical":"https:\/\/insektenliebe.com\/de\/shop\/produkt\/hobby-terra-fix-easy-led\/","og_locale":"de_DE","og_type":"article","og_title":"Hobby Terra Fix &amp; Easy LED - Insektenliebe","og_description":"Erlebe optimale Terrarienbeleuchtung mit der Hobby Terra Fix & Easy LED: anpassbar, energieeffizient, langlebig und vielseitig f\u00fcr jedes Terrarium.","og_url":"https:\/\/insektenliebe.com\/de\/shop\/produkt\/hobby-terra-fix-easy-led\/","og_site_name":"Insektenliebe","article_modified_time":"2026-04-11T09:02:30+00:00","og_image":[{"width":820,"height":820,"url":"https:\/\/insektenliebe.com\/wp-content\/uploads\/2025\/05\/Hobby-Terra-Fix-Easy-LED-2.jpg","type":"image\/jpeg"}],"twitter_card":"summary_large_image","twitter_misc":{"Gesch\u00e4tzte Lesezeit":"2\u00a0Minuten"},"schema":{"@context":"https:\/\/schema.org","@graph":[{"@type":"WebPage","@id":"https:\/\/insektenliebe.com\/de\/shop\/produkt\/hobby-terra-fix-easy-led\/","url":"https:\/\/insektenliebe.com\/de\/shop\/produkt\/hobby-terra-fix-easy-led\/","name":"Hobby Terra Fix &amp; Easy LED - Insektenliebe","isPartOf":{"@id":"https:\/\/insektenliebe.com\/de\/#website"},"primaryImageOfPage":{"@id":"https:\/\/insektenliebe.com\/de\/shop\/produkt\/hobby-terra-fix-easy-led\/#primaryimage"},"image":{"@id":"https:\/\/insektenliebe.com\/de\/shop\/produkt\/hobby-terra-fix-easy-led\/#primaryimage"},"thumbnailUrl":"https:\/\/insektenliebe.com\/wp-content\/uploads\/2025\/05\/Hobby-Terra-Fix-Easy-LED-2.jpg","datePublished":"2024-07-13T09:51:00+00:00","dateModified":"2026-04-11T09:02:30+00:00","description":"Erlebe optimale Terrarienbeleuchtung mit der Hobby Terra Fix & Easy LED: anpassbar, energieeffizient, langlebig und vielseitig f\u00fcr jedes Terrarium.","breadcrumb":{"@id":"https:\/\/insektenliebe.com\/de\/shop\/produkt\/hobby-terra-fix-easy-led\/#breadcrumb"},"inLanguage":"de","potentialAction":[{"@type":"ReadAction","target":["https:\/\/insektenliebe.com\/de\/shop\/produkt\/hobby-terra-fix-easy-led\/"]}]},{"@type":"ImageObject","inLanguage":"de","@id":"https:\/\/insektenliebe.com\/de\/shop\/produkt\/hobby-terra-fix-easy-led\/#primaryimage","url":"https:\/\/insektenliebe.com\/wp-content\/uploads\/2025\/05\/Hobby-Terra-Fix-Easy-LED-2.jpg","contentUrl":"https:\/\/insektenliebe.com\/wp-content\/uploads\/2025\/05\/Hobby-Terra-Fix-Easy-LED-2.jpg","width":820,"height":820,"caption":"Hobby-Terra-Fix-Easy-LED-2.jpg"},{"@type":"BreadcrumbList","@id":"https:\/\/insektenliebe.com\/de\/shop\/produkt\/hobby-terra-fix-easy-led\/#breadcrumb","itemListElement":[{"@type":"ListItem","position":1,"name":"Startseite","item":"https:\/\/insektenliebe.com\/de\/"},{"@type":"ListItem","position":2,"name":"Shop","item":"https:\/\/insektenliebe.com\/de\/shop\/"},{"@type":"ListItem","position":3,"name":"Hobby Terra Fix &amp; Easy LED"}]},{"@type":"WebSite","@id":"https:\/\/insektenliebe.com\/de\/#website","url":"https:\/\/insektenliebe.com\/de\/","name":"Insektenliebe","description":"Dein Zuhause f\u00fcr die kleinen Lebewesen","publisher":{"@id":"https:\/\/insektenliebe.com\/de\/#organization"},"potentialAction":[{"@type":"SearchAction","target":{"@type":"EntryPoint","urlTemplate":"https:\/\/insektenliebe.com\/de\/?s={search_term_string}"},"query-input":{"@type":"PropertyValueSpecification","valueRequired":true,"valueName":"search_term_string"}}],"inLanguage":"de"},{"@type":"Organization","@id":"https:\/\/insektenliebe.com\/de\/#organization","name":"Insektenliebe","url":"https:\/\/insektenliebe.com\/de\/","logo":{"@type":"ImageObject","inLanguage":"de","@id":"https:\/\/insektenliebe.com\/de\/#\/schema\/logo\/image\/","url":"https:\/\/insektenliebe.com\/wp-content\/uploads\/2025\/03\/logo-white.png","contentUrl":"https:\/\/insektenliebe.com\/wp-content\/uploads\/2025\/03\/logo-white.png","width":288,"height":188,"caption":"Insektenliebe"},"image":{"@id":"https:\/\/insektenliebe.com\/de\/#\/schema\/logo\/image\/"}}]}},"_links":{"self":[{"href":"https:\/\/insektenliebe.com\/de\/wp-json\/wp\/v2\/product\/5723","targetHints":{"allow":["GET"]}}],"collection":[{"href":"https:\/\/insektenliebe.com\/de\/wp-json\/wp\/v2\/product"}],"about":[{"href":"https:\/\/insektenliebe.com\/de\/wp-json\/wp\/v2\/types\/product"}],"wp:featuredmedia":[{"embeddable":true,"href":"https:\/\/insektenliebe.com\/de\/wp-json\/wp\/v2\/media\/5752"}],"wp:attachment":[{"href":"https:\/\/insektenliebe.com\/de\/wp-json\/wp\/v2\/media?parent=5723"}],"wp:term":[{"taxonomy":"product-supplier","embeddable":true,"href":"https:\/\/insektenliebe.com\/de\/wp-json\/wp\/v2\/product-supplier?post=5723"},{"taxonomy":"product_brand","embeddable":true,"href":"https:\/\/insektenliebe.com\/de\/wp-json\/wp\/v2\/product_brand?post=5723"},{"taxonomy":"product_cat","embeddable":true,"href":"https:\/\/insektenliebe.com\/de\/wp-json\/wp\/v2\/product_cat?post=5723"},{"taxonomy":"product_tag","embeddable":true,"href":"https:\/\/insektenliebe.com\/de\/wp-json\/wp\/v2\/product_tag?post=5723"},{"taxonomy":"lce-checkout-addons","embeddable":true,"href":"https:\/\/insektenliebe.com\/de\/wp-json\/wp\/v2\/lce-checkout-addons?post=5723"}],"curies":[{"name":"wp","href":"https:\/\/api.w.org\/{rel}","templated":true}]}}