{"id":5721,"date":"2024-07-11T15:34:56","date_gmt":"2024-07-11T13:34:56","guid":{"rendered":"http:\/\/localhost\/ins-test\/?post_type=product&#038;p=5721"},"modified":"2026-02-07T21:49:27","modified_gmt":"2026-02-07T20:49:27","slug":"peridontopyge-rubescens","status":"publish","type":"product","link":"https:\/\/insektenliebe.com\/de\/shop\/produkt\/peridontopyge-rubescens\/","title":{"rendered":"Peridontopyge rubescens"},"content":{"rendered":"<h3><span style=\"color: #99cc33\">Erkundung seltener Arthropoden: Der Peridontopyge rubescens im Fokus<\/span><\/h3>\n<p>Der <strong>Peridontopyge rubescens<\/strong> geh\u00f6rt zur Familie der Diplopoden, also zu den Doppelf\u00fc\u00dfern, und ist eine weniger bekannte, aber interessante Tausendf\u00fc\u00dferart. Diese Spezies zeichnet sich durch ihre charakteristische rote bis r\u00f6tlich-braune F\u00e4rbung aus, die ihr auch den Namenszusatz \"rubescens\", was \"r\u00f6tend\" bedeutet, eingebracht hat.<\/p>\n<p>Tausendf\u00fc\u00dfer dieser Art sind typischerweise bodenbewohnend und bevorzugen feuchte, gut bedeckte Lebensr\u00e4ume, wie sie in Waldgebieten gefunden werden k\u00f6nnen. Sie ern\u00e4hren sich vorwiegend von verrottendem organischen Material, was sie zu wichtigen Zersetzern in ihrem \u00d6kosystem macht. <strong>Peridontopyge rubescens<\/strong> spielt eine entscheidende Rolle im Abbau von abgestorbenem Pflanzenmaterial, was zur N\u00e4hrstoffr\u00fcckf\u00fchrung im Boden beitr\u00e4gt.<\/p>\n<p>In der Terraristik k\u00f6nnte diese Art aufgrund ihrer auff\u00e4lligen F\u00e4rbung und ihres interessanten Verhaltens bei der Nahrungssuche und Fortbewegung Interesse wecken. Die Haltung solcher Tausendf\u00fc\u00dfer erfordert jedoch eine sorgf\u00e4ltige Nachahmung ihrer nat\u00fcrlichen Umgebung, einschlie\u00dflich der Aufrechterhaltung hoher Luftfeuchtigkeit und der Bereitstellung einer Schicht aus Laub und wei\u00dffaulem Holz, in der sie graben und sich verstecken k\u00f6nnen.<\/p>\n<p>Obwohl nicht so bekannt wie andere Tausendf\u00fc\u00dferarten, bietet der <strong>Peridontopyge rubescens<\/strong> f\u00fcr Tausendf\u00fc\u00dfer-Fans gleicherma\u00dfen eine faszinierende M\u00f6glichkeit, Einblicke in die Lebensweise und \u00d6kologie der Doppelf\u00fc\u00dfer zu gewinnen.<\/p>\n","protected":false},"excerpt":{"rendered":"<p>Erkundung seltener Arthropoden: Der Peridontopyge rubescens im Fokus Der Peridontopyge rubescens geh\u00f6rt zur Familie der Diplopoden, also zu den Doppelf\u00fc\u00dfern, und ist eine weniger bekannte, aber interessante Tausendf\u00fc\u00dferart. Diese Spezies zeichnet sich durch ihre charakteristische rote bis r\u00f6tlich-braune F\u00e4rbung aus, die ihr auch den Namenszusatz \"rubescens\", was \"r\u00f6tend\" bedeutet, eingebracht hat. Tausendf\u00fc\u00dfer dieser Art sind [&hellip;]<\/p>\n","protected":false},"featured_media":5750,"template":"","meta":{"_acf_changed":false},"product-supplier":[],"product_brand":[],"product_cat":[144],"product_tag":[],"lce-checkout-addons":[1202],"class_list":{"0":"post-5721","1":"product","2":"type-product","3":"status-publish","4":"has-post-thumbnail","6":"product_cat-tausendfuesser","7":"product_shipping_class-animal-shipping","8":"pa_herkunft-tansania","9":"pa_kontinent-afrika","10":"lce-checkout-addons-winterverpackung","12":"first","13":"outofstock","14":"taxable","15":"shipping-taxable","16":"purchasable","17":"product-type-simple"},"acf":[],"yoast_head":"<!-- This site is optimized with the Yoast SEO plugin v27.3 - https:\/\/yoast.com\/product\/yoast-seo-wordpress\/ -->\n<title>Peridontopyge rubescens - Insektenliebe<\/title>\n<meta name=\"description\" content=\"G\u00fcnstige Peridontopyge rubescens direkt online kaufen. Erfahre mehr \u00fcber den Peridontopyge rubescens, eine seltene Tausendf\u00fc\u00dfer-Art.\" \/>\n<meta name=\"robots\" content=\"index, follow, max-snippet:-1, max-image-preview:large, max-video-preview:-1\" \/>\n<link rel=\"canonical\" href=\"https:\/\/insektenliebe.com\/de\/shop\/produkt\/peridontopyge-rubescens\/\" \/>\n<meta property=\"og:locale\" content=\"de_DE\" \/>\n<meta property=\"og:type\" content=\"article\" \/>\n<meta property=\"og:title\" content=\"Peridontopyge rubescens - Insektenliebe\" \/>\n<meta property=\"og:description\" content=\"G\u00fcnstige Peridontopyge rubescens direkt online kaufen. Erfahre mehr \u00fcber den Peridontopyge rubescens, eine seltene Tausendf\u00fc\u00dfer-Art.\" \/>\n<meta property=\"og:url\" content=\"https:\/\/insektenliebe.com\/de\/shop\/produkt\/peridontopyge-rubescens\/\" \/>\n<meta property=\"og:site_name\" content=\"Insektenliebe\" \/>\n<meta property=\"article:modified_time\" content=\"2026-02-07T20:49:27+00:00\" \/>\n<meta property=\"og:image\" content=\"https:\/\/insektenliebe.com\/wp-content\/uploads\/2025\/05\/Peridontopyge-rubescens-2.jpg\" \/>\n\t<meta property=\"og:image:width\" content=\"820\" \/>\n\t<meta property=\"og:image:height\" content=\"820\" \/>\n\t<meta property=\"og:image:type\" content=\"image\/jpeg\" \/>\n<meta name=\"twitter:card\" content=\"summary_large_image\" \/>\n<meta name=\"twitter:label1\" content=\"Gesch\u00e4tzte Lesezeit\" \/>\n\t<meta name=\"twitter:data1\" content=\"2\u00a0Minuten\" \/>\n<script type=\"application\/ld+json\" class=\"yoast-schema-graph\">{\"@context\":\"https:\\\/\\\/schema.org\",\"@graph\":[{\"@type\":\"WebPage\",\"@id\":\"https:\\\/\\\/insektenliebe.com\\\/de\\\/shop\\\/produkt\\\/peridontopyge-rubescens\\\/\",\"url\":\"https:\\\/\\\/insektenliebe.com\\\/de\\\/shop\\\/produkt\\\/peridontopyge-rubescens\\\/\",\"name\":\"Peridontopyge rubescens - Insektenliebe\",\"isPartOf\":{\"@id\":\"https:\\\/\\\/insektenliebe.com\\\/de\\\/#website\"},\"primaryImageOfPage\":{\"@id\":\"https:\\\/\\\/insektenliebe.com\\\/de\\\/shop\\\/produkt\\\/peridontopyge-rubescens\\\/#primaryimage\"},\"image\":{\"@id\":\"https:\\\/\\\/insektenliebe.com\\\/de\\\/shop\\\/produkt\\\/peridontopyge-rubescens\\\/#primaryimage\"},\"thumbnailUrl\":\"https:\\\/\\\/insektenliebe.com\\\/wp-content\\\/uploads\\\/2025\\\/05\\\/Peridontopyge-rubescens-2.jpg\",\"datePublished\":\"2024-07-11T13:34:56+00:00\",\"dateModified\":\"2026-02-07T20:49:27+00:00\",\"description\":\"G\u00fcnstige Peridontopyge rubescens direkt online kaufen. Erfahre mehr \u00fcber den Peridontopyge rubescens, eine seltene Tausendf\u00fc\u00dfer-Art.\",\"breadcrumb\":{\"@id\":\"https:\\\/\\\/insektenliebe.com\\\/de\\\/shop\\\/produkt\\\/peridontopyge-rubescens\\\/#breadcrumb\"},\"inLanguage\":\"de\",\"potentialAction\":[{\"@type\":\"ReadAction\",\"target\":[\"https:\\\/\\\/insektenliebe.com\\\/de\\\/shop\\\/produkt\\\/peridontopyge-rubescens\\\/\"]}]},{\"@type\":\"ImageObject\",\"inLanguage\":\"de\",\"@id\":\"https:\\\/\\\/insektenliebe.com\\\/de\\\/shop\\\/produkt\\\/peridontopyge-rubescens\\\/#primaryimage\",\"url\":\"https:\\\/\\\/insektenliebe.com\\\/wp-content\\\/uploads\\\/2025\\\/05\\\/Peridontopyge-rubescens-2.jpg\",\"contentUrl\":\"https:\\\/\\\/insektenliebe.com\\\/wp-content\\\/uploads\\\/2025\\\/05\\\/Peridontopyge-rubescens-2.jpg\",\"width\":820,\"height\":820,\"caption\":\"Peridontopyge-rubescens-2.jpg\"},{\"@type\":\"BreadcrumbList\",\"@id\":\"https:\\\/\\\/insektenliebe.com\\\/de\\\/shop\\\/produkt\\\/peridontopyge-rubescens\\\/#breadcrumb\",\"itemListElement\":[{\"@type\":\"ListItem\",\"position\":1,\"name\":\"Startseite\",\"item\":\"https:\\\/\\\/insektenliebe.com\\\/de\\\/\"},{\"@type\":\"ListItem\",\"position\":2,\"name\":\"Shop\",\"item\":\"https:\\\/\\\/insektenliebe.com\\\/de\\\/shop\\\/\"},{\"@type\":\"ListItem\",\"position\":3,\"name\":\"Peridontopyge rubescens\"}]},{\"@type\":\"WebSite\",\"@id\":\"https:\\\/\\\/insektenliebe.com\\\/de\\\/#website\",\"url\":\"https:\\\/\\\/insektenliebe.com\\\/de\\\/\",\"name\":\"Insektenliebe\",\"description\":\"Dein Zuhause f\u00fcr die kleinen Lebewesen\",\"publisher\":{\"@id\":\"https:\\\/\\\/insektenliebe.com\\\/de\\\/#organization\"},\"potentialAction\":[{\"@type\":\"SearchAction\",\"target\":{\"@type\":\"EntryPoint\",\"urlTemplate\":\"https:\\\/\\\/insektenliebe.com\\\/de\\\/?s={search_term_string}\"},\"query-input\":{\"@type\":\"PropertyValueSpecification\",\"valueRequired\":true,\"valueName\":\"search_term_string\"}}],\"inLanguage\":\"de\"},{\"@type\":\"Organization\",\"@id\":\"https:\\\/\\\/insektenliebe.com\\\/de\\\/#organization\",\"name\":\"Insektenliebe\",\"url\":\"https:\\\/\\\/insektenliebe.com\\\/de\\\/\",\"logo\":{\"@type\":\"ImageObject\",\"inLanguage\":\"de\",\"@id\":\"https:\\\/\\\/insektenliebe.com\\\/de\\\/#\\\/schema\\\/logo\\\/image\\\/\",\"url\":\"https:\\\/\\\/insektenliebe.com\\\/wp-content\\\/uploads\\\/2025\\\/03\\\/logo-white.png\",\"contentUrl\":\"https:\\\/\\\/insektenliebe.com\\\/wp-content\\\/uploads\\\/2025\\\/03\\\/logo-white.png\",\"width\":288,\"height\":188,\"caption\":\"Insektenliebe\"},\"image\":{\"@id\":\"https:\\\/\\\/insektenliebe.com\\\/de\\\/#\\\/schema\\\/logo\\\/image\\\/\"}}]}<\/script>\n<!-- \/ Yoast SEO plugin. -->","yoast_head_json":{"title":"Peridontopyge rubescens - Insektenliebe","description":"G\u00fcnstige Peridontopyge rubescens direkt online kaufen. Erfahre mehr \u00fcber den Peridontopyge rubescens, eine seltene Tausendf\u00fc\u00dfer-Art.","robots":{"index":"index","follow":"follow","max-snippet":"max-snippet:-1","max-image-preview":"max-image-preview:large","max-video-preview":"max-video-preview:-1"},"canonical":"https:\/\/insektenliebe.com\/de\/shop\/produkt\/peridontopyge-rubescens\/","og_locale":"de_DE","og_type":"article","og_title":"Peridontopyge rubescens - Insektenliebe","og_description":"G\u00fcnstige Peridontopyge rubescens direkt online kaufen. Erfahre mehr \u00fcber den Peridontopyge rubescens, eine seltene Tausendf\u00fc\u00dfer-Art.","og_url":"https:\/\/insektenliebe.com\/de\/shop\/produkt\/peridontopyge-rubescens\/","og_site_name":"Insektenliebe","article_modified_time":"2026-02-07T20:49:27+00:00","og_image":[{"width":820,"height":820,"url":"https:\/\/insektenliebe.com\/wp-content\/uploads\/2025\/05\/Peridontopyge-rubescens-2.jpg","type":"image\/jpeg"}],"twitter_card":"summary_large_image","twitter_misc":{"Gesch\u00e4tzte Lesezeit":"2\u00a0Minuten"},"schema":{"@context":"https:\/\/schema.org","@graph":[{"@type":"WebPage","@id":"https:\/\/insektenliebe.com\/de\/shop\/produkt\/peridontopyge-rubescens\/","url":"https:\/\/insektenliebe.com\/de\/shop\/produkt\/peridontopyge-rubescens\/","name":"Peridontopyge rubescens - Insektenliebe","isPartOf":{"@id":"https:\/\/insektenliebe.com\/de\/#website"},"primaryImageOfPage":{"@id":"https:\/\/insektenliebe.com\/de\/shop\/produkt\/peridontopyge-rubescens\/#primaryimage"},"image":{"@id":"https:\/\/insektenliebe.com\/de\/shop\/produkt\/peridontopyge-rubescens\/#primaryimage"},"thumbnailUrl":"https:\/\/insektenliebe.com\/wp-content\/uploads\/2025\/05\/Peridontopyge-rubescens-2.jpg","datePublished":"2024-07-11T13:34:56+00:00","dateModified":"2026-02-07T20:49:27+00:00","description":"G\u00fcnstige Peridontopyge rubescens direkt online kaufen. Erfahre mehr \u00fcber den Peridontopyge rubescens, eine seltene Tausendf\u00fc\u00dfer-Art.","breadcrumb":{"@id":"https:\/\/insektenliebe.com\/de\/shop\/produkt\/peridontopyge-rubescens\/#breadcrumb"},"inLanguage":"de","potentialAction":[{"@type":"ReadAction","target":["https:\/\/insektenliebe.com\/de\/shop\/produkt\/peridontopyge-rubescens\/"]}]},{"@type":"ImageObject","inLanguage":"de","@id":"https:\/\/insektenliebe.com\/de\/shop\/produkt\/peridontopyge-rubescens\/#primaryimage","url":"https:\/\/insektenliebe.com\/wp-content\/uploads\/2025\/05\/Peridontopyge-rubescens-2.jpg","contentUrl":"https:\/\/insektenliebe.com\/wp-content\/uploads\/2025\/05\/Peridontopyge-rubescens-2.jpg","width":820,"height":820,"caption":"Peridontopyge-rubescens-2.jpg"},{"@type":"BreadcrumbList","@id":"https:\/\/insektenliebe.com\/de\/shop\/produkt\/peridontopyge-rubescens\/#breadcrumb","itemListElement":[{"@type":"ListItem","position":1,"name":"Startseite","item":"https:\/\/insektenliebe.com\/de\/"},{"@type":"ListItem","position":2,"name":"Shop","item":"https:\/\/insektenliebe.com\/de\/shop\/"},{"@type":"ListItem","position":3,"name":"Peridontopyge rubescens"}]},{"@type":"WebSite","@id":"https:\/\/insektenliebe.com\/de\/#website","url":"https:\/\/insektenliebe.com\/de\/","name":"Insektenliebe","description":"Dein Zuhause f\u00fcr die kleinen Lebewesen","publisher":{"@id":"https:\/\/insektenliebe.com\/de\/#organization"},"potentialAction":[{"@type":"SearchAction","target":{"@type":"EntryPoint","urlTemplate":"https:\/\/insektenliebe.com\/de\/?s={search_term_string}"},"query-input":{"@type":"PropertyValueSpecification","valueRequired":true,"valueName":"search_term_string"}}],"inLanguage":"de"},{"@type":"Organization","@id":"https:\/\/insektenliebe.com\/de\/#organization","name":"Insektenliebe","url":"https:\/\/insektenliebe.com\/de\/","logo":{"@type":"ImageObject","inLanguage":"de","@id":"https:\/\/insektenliebe.com\/de\/#\/schema\/logo\/image\/","url":"https:\/\/insektenliebe.com\/wp-content\/uploads\/2025\/03\/logo-white.png","contentUrl":"https:\/\/insektenliebe.com\/wp-content\/uploads\/2025\/03\/logo-white.png","width":288,"height":188,"caption":"Insektenliebe"},"image":{"@id":"https:\/\/insektenliebe.com\/de\/#\/schema\/logo\/image\/"}}]}},"_links":{"self":[{"href":"https:\/\/insektenliebe.com\/de\/wp-json\/wp\/v2\/product\/5721","targetHints":{"allow":["GET"]}}],"collection":[{"href":"https:\/\/insektenliebe.com\/de\/wp-json\/wp\/v2\/product"}],"about":[{"href":"https:\/\/insektenliebe.com\/de\/wp-json\/wp\/v2\/types\/product"}],"wp:featuredmedia":[{"embeddable":true,"href":"https:\/\/insektenliebe.com\/de\/wp-json\/wp\/v2\/media\/5750"}],"wp:attachment":[{"href":"https:\/\/insektenliebe.com\/de\/wp-json\/wp\/v2\/media?parent=5721"}],"wp:term":[{"taxonomy":"product-supplier","embeddable":true,"href":"https:\/\/insektenliebe.com\/de\/wp-json\/wp\/v2\/product-supplier?post=5721"},{"taxonomy":"product_brand","embeddable":true,"href":"https:\/\/insektenliebe.com\/de\/wp-json\/wp\/v2\/product_brand?post=5721"},{"taxonomy":"product_cat","embeddable":true,"href":"https:\/\/insektenliebe.com\/de\/wp-json\/wp\/v2\/product_cat?post=5721"},{"taxonomy":"product_tag","embeddable":true,"href":"https:\/\/insektenliebe.com\/de\/wp-json\/wp\/v2\/product_tag?post=5721"},{"taxonomy":"lce-checkout-addons","embeddable":true,"href":"https:\/\/insektenliebe.com\/de\/wp-json\/wp\/v2\/lce-checkout-addons?post=5721"}],"curies":[{"name":"wp","href":"https:\/\/api.w.org\/{rel}","templated":true}]}}