{"id":5720,"date":"2024-07-10T17:13:08","date_gmt":"2024-07-10T15:13:08","guid":{"rendered":"http:\/\/localhost\/ins-test\/?post_type=product&#038;p=5720"},"modified":"2026-02-07T21:49:59","modified_gmt":"2026-02-07T20:49:59","slug":"millipedus-aurantiocephalus-virens","status":"publish","type":"product","link":"https:\/\/insektenliebe.com\/de\/shop\/produkt\/millipedus-aurantiocephalus-virens\/","title":{"rendered":"Millipedus aurantiocephalus virens"},"content":{"rendered":"<h3><span style=\"color: #99cc33\">Von Nigeria zu Dir: Alles \u00fcber die Neuentdeckung Millipedus aurantiocephalus virens<\/span><\/h3>\n<p class=\"p1\"><strong>Millipedus aurantiocephalus virens,<\/strong> eine echte Neuheit in der Welt der Terraristik. Dieser Tausendf\u00fc\u00dfer stammt aus den \u00fcppigen W\u00e4ldern Nigerias und ist noch nicht wissenschaftlich beschrieben, was ihn zu einer echten Rarit\u00e4t f\u00fcr Sammler und Hobbyisten macht.<\/p>\n<p class=\"p1\">Mit seiner imposanten L\u00e4nge von bis zu 20 cm und einem schlanken K\u00f6rperbau, der an den bekannten Spirostreptus spec. 1 erinnert, zieht er garantiert alle Blicke auf sich. Sein auff\u00e4lliges Farbschema mit gr\u00fcn-schwarzen Streifen am K\u00f6rper und leuchtend orangenen Beinen, Kopf und Antennen macht ihn zum Highlight in jedem Terrarium.<\/p>\n<p class=\"p1\">In seiner nat\u00fcrlichen Umgebung bevorzugst du f\u00fcr ihn feuchte und schattige Pl\u00e4tze. Um ihm ein gutes Zuhause zu bieten, solltest du sein Terrarium mit viel organischem Material wie Laub und morschem Holz ausstatten. Halte die Temperaturen konstant zwischen 24 und 28 Grad Celsius und sorge f\u00fcr eine hohe Luftfeuchtigkeit, um optimale Bedingungen zu schaffen.<\/p>\n<p class=\"p1\">Als neue Art in der Terraristik bietet dir der <strong>Millipedus aurantiocephalus virens<\/strong> nicht nur optisch etwas Besonderes, sondern auch die M\u00f6glichkeit, etwas wirklich Einzigartiges zu pflegen. Er ist ideal, wenn du deine Sammlung um eine faszinierende und ruhige Art erweitern m\u00f6chtest.<\/p>\n<p>Dieser Tausendf\u00fc\u00dfer ist nicht nur ein lebendes Kunstwerk, sondern auch ein spannendes Projekt, das deine Faszination f\u00fcr die nat\u00fcrliche Welt vertiefen wird.<\/p>\n","protected":false},"excerpt":{"rendered":"<p>Von Nigeria zu Dir: Alles \u00fcber die Neuentdeckung Millipedus aurantiocephalus virens Millipedus aurantiocephalus virens, eine echte Neuheit in der Welt der Terraristik. Dieser Tausendf\u00fc\u00dfer stammt aus den \u00fcppigen W\u00e4ldern Nigerias und ist noch nicht wissenschaftlich beschrieben, was ihn zu einer echten Rarit\u00e4t f\u00fcr Sammler und Hobbyisten macht. Mit seiner imposanten L\u00e4nge von bis zu 20 [&hellip;]<\/p>\n","protected":false},"featured_media":5749,"template":"","meta":{"_acf_changed":false},"product-supplier":[],"product_brand":[],"product_cat":[144],"product_tag":[],"lce-checkout-addons":[1202],"class_list":{"0":"post-5720","1":"product","2":"type-product","3":"status-publish","4":"has-post-thumbnail","6":"product_cat-tausendfuesser","7":"product_shipping_class-animal-shipping","8":"pa_herkunft-nigeria","9":"pa_kontinent-afrika","10":"lce-checkout-addons-winterverpackung","12":"first","13":"outofstock","14":"taxable","15":"shipping-taxable","16":"purchasable","17":"product-type-simple"},"acf":[],"yoast_head":"<!-- This site is optimized with the Yoast SEO plugin v27.3 - https:\/\/yoast.com\/product\/yoast-seo-wordpress\/ -->\n<title>Millipedus aurantiocephalus virens - Insektenliebe<\/title>\n<meta name=\"description\" content=\"G\u00fcnstige Millipedus aurantiocephalus virens direkt online kaufen. Ein neuer, farbenpr\u00e4chtiger Tausendf\u00fc\u00dfer aus Nigeria, ideal f\u00fcr Terrarium-Liebhaber.\" \/>\n<meta name=\"robots\" content=\"index, follow, max-snippet:-1, max-image-preview:large, max-video-preview:-1\" \/>\n<link rel=\"canonical\" href=\"https:\/\/insektenliebe.com\/de\/shop\/produkt\/millipedus-aurantiocephalus-virens\/\" \/>\n<meta property=\"og:locale\" content=\"de_DE\" \/>\n<meta property=\"og:type\" content=\"article\" \/>\n<meta property=\"og:title\" content=\"Millipedus aurantiocephalus virens - Insektenliebe\" \/>\n<meta property=\"og:description\" content=\"G\u00fcnstige Millipedus aurantiocephalus virens direkt online kaufen. Ein neuer, farbenpr\u00e4chtiger Tausendf\u00fc\u00dfer aus Nigeria, ideal f\u00fcr Terrarium-Liebhaber.\" \/>\n<meta property=\"og:url\" content=\"https:\/\/insektenliebe.com\/de\/shop\/produkt\/millipedus-aurantiocephalus-virens\/\" \/>\n<meta property=\"og:site_name\" content=\"Insektenliebe\" \/>\n<meta property=\"article:modified_time\" content=\"2026-02-07T20:49:59+00:00\" \/>\n<meta property=\"og:image\" content=\"https:\/\/insektenliebe.com\/wp-content\/uploads\/2025\/05\/Spirostreptus-spec.-22Red-Legged22-2.jpg\" \/>\n\t<meta property=\"og:image:width\" content=\"820\" \/>\n\t<meta property=\"og:image:height\" content=\"820\" \/>\n\t<meta property=\"og:image:type\" content=\"image\/jpeg\" \/>\n<meta name=\"twitter:card\" content=\"summary_large_image\" \/>\n<meta name=\"twitter:label1\" content=\"Gesch\u00e4tzte Lesezeit\" \/>\n\t<meta name=\"twitter:data1\" content=\"2\u00a0Minuten\" \/>\n<script type=\"application\/ld+json\" class=\"yoast-schema-graph\">{\"@context\":\"https:\\\/\\\/schema.org\",\"@graph\":[{\"@type\":\"WebPage\",\"@id\":\"https:\\\/\\\/insektenliebe.com\\\/de\\\/shop\\\/produkt\\\/millipedus-aurantiocephalus-virens\\\/\",\"url\":\"https:\\\/\\\/insektenliebe.com\\\/de\\\/shop\\\/produkt\\\/millipedus-aurantiocephalus-virens\\\/\",\"name\":\"Millipedus aurantiocephalus virens - Insektenliebe\",\"isPartOf\":{\"@id\":\"https:\\\/\\\/insektenliebe.com\\\/de\\\/#website\"},\"primaryImageOfPage\":{\"@id\":\"https:\\\/\\\/insektenliebe.com\\\/de\\\/shop\\\/produkt\\\/millipedus-aurantiocephalus-virens\\\/#primaryimage\"},\"image\":{\"@id\":\"https:\\\/\\\/insektenliebe.com\\\/de\\\/shop\\\/produkt\\\/millipedus-aurantiocephalus-virens\\\/#primaryimage\"},\"thumbnailUrl\":\"https:\\\/\\\/insektenliebe.com\\\/wp-content\\\/uploads\\\/2025\\\/05\\\/Spirostreptus-spec.-22Red-Legged22-2.jpg\",\"datePublished\":\"2024-07-10T15:13:08+00:00\",\"dateModified\":\"2026-02-07T20:49:59+00:00\",\"description\":\"G\u00fcnstige Millipedus aurantiocephalus virens direkt online kaufen. Ein neuer, farbenpr\u00e4chtiger Tausendf\u00fc\u00dfer aus Nigeria, ideal f\u00fcr Terrarium-Liebhaber.\",\"breadcrumb\":{\"@id\":\"https:\\\/\\\/insektenliebe.com\\\/de\\\/shop\\\/produkt\\\/millipedus-aurantiocephalus-virens\\\/#breadcrumb\"},\"inLanguage\":\"de\",\"potentialAction\":[{\"@type\":\"ReadAction\",\"target\":[\"https:\\\/\\\/insektenliebe.com\\\/de\\\/shop\\\/produkt\\\/millipedus-aurantiocephalus-virens\\\/\"]}]},{\"@type\":\"ImageObject\",\"inLanguage\":\"de\",\"@id\":\"https:\\\/\\\/insektenliebe.com\\\/de\\\/shop\\\/produkt\\\/millipedus-aurantiocephalus-virens\\\/#primaryimage\",\"url\":\"https:\\\/\\\/insektenliebe.com\\\/wp-content\\\/uploads\\\/2025\\\/05\\\/Spirostreptus-spec.-22Red-Legged22-2.jpg\",\"contentUrl\":\"https:\\\/\\\/insektenliebe.com\\\/wp-content\\\/uploads\\\/2025\\\/05\\\/Spirostreptus-spec.-22Red-Legged22-2.jpg\",\"width\":820,\"height\":820,\"caption\":\"Spirostreptus-spec.-22Red-Legged22-2.jpg\"},{\"@type\":\"BreadcrumbList\",\"@id\":\"https:\\\/\\\/insektenliebe.com\\\/de\\\/shop\\\/produkt\\\/millipedus-aurantiocephalus-virens\\\/#breadcrumb\",\"itemListElement\":[{\"@type\":\"ListItem\",\"position\":1,\"name\":\"Startseite\",\"item\":\"https:\\\/\\\/insektenliebe.com\\\/de\\\/\"},{\"@type\":\"ListItem\",\"position\":2,\"name\":\"Shop\",\"item\":\"https:\\\/\\\/insektenliebe.com\\\/de\\\/shop\\\/\"},{\"@type\":\"ListItem\",\"position\":3,\"name\":\"Millipedus aurantiocephalus virens\"}]},{\"@type\":\"WebSite\",\"@id\":\"https:\\\/\\\/insektenliebe.com\\\/de\\\/#website\",\"url\":\"https:\\\/\\\/insektenliebe.com\\\/de\\\/\",\"name\":\"Insektenliebe\",\"description\":\"Dein Zuhause f\u00fcr die kleinen Lebewesen\",\"publisher\":{\"@id\":\"https:\\\/\\\/insektenliebe.com\\\/de\\\/#organization\"},\"potentialAction\":[{\"@type\":\"SearchAction\",\"target\":{\"@type\":\"EntryPoint\",\"urlTemplate\":\"https:\\\/\\\/insektenliebe.com\\\/de\\\/?s={search_term_string}\"},\"query-input\":{\"@type\":\"PropertyValueSpecification\",\"valueRequired\":true,\"valueName\":\"search_term_string\"}}],\"inLanguage\":\"de\"},{\"@type\":\"Organization\",\"@id\":\"https:\\\/\\\/insektenliebe.com\\\/de\\\/#organization\",\"name\":\"Insektenliebe\",\"url\":\"https:\\\/\\\/insektenliebe.com\\\/de\\\/\",\"logo\":{\"@type\":\"ImageObject\",\"inLanguage\":\"de\",\"@id\":\"https:\\\/\\\/insektenliebe.com\\\/de\\\/#\\\/schema\\\/logo\\\/image\\\/\",\"url\":\"https:\\\/\\\/insektenliebe.com\\\/wp-content\\\/uploads\\\/2025\\\/03\\\/logo-white.png\",\"contentUrl\":\"https:\\\/\\\/insektenliebe.com\\\/wp-content\\\/uploads\\\/2025\\\/03\\\/logo-white.png\",\"width\":288,\"height\":188,\"caption\":\"Insektenliebe\"},\"image\":{\"@id\":\"https:\\\/\\\/insektenliebe.com\\\/de\\\/#\\\/schema\\\/logo\\\/image\\\/\"}}]}<\/script>\n<!-- \/ Yoast SEO plugin. -->","yoast_head_json":{"title":"Millipedus aurantiocephalus virens - Insektenliebe","description":"G\u00fcnstige Millipedus aurantiocephalus virens direkt online kaufen. Ein neuer, farbenpr\u00e4chtiger Tausendf\u00fc\u00dfer aus Nigeria, ideal f\u00fcr Terrarium-Liebhaber.","robots":{"index":"index","follow":"follow","max-snippet":"max-snippet:-1","max-image-preview":"max-image-preview:large","max-video-preview":"max-video-preview:-1"},"canonical":"https:\/\/insektenliebe.com\/de\/shop\/produkt\/millipedus-aurantiocephalus-virens\/","og_locale":"de_DE","og_type":"article","og_title":"Millipedus aurantiocephalus virens - Insektenliebe","og_description":"G\u00fcnstige Millipedus aurantiocephalus virens direkt online kaufen. Ein neuer, farbenpr\u00e4chtiger Tausendf\u00fc\u00dfer aus Nigeria, ideal f\u00fcr Terrarium-Liebhaber.","og_url":"https:\/\/insektenliebe.com\/de\/shop\/produkt\/millipedus-aurantiocephalus-virens\/","og_site_name":"Insektenliebe","article_modified_time":"2026-02-07T20:49:59+00:00","og_image":[{"width":820,"height":820,"url":"https:\/\/insektenliebe.com\/wp-content\/uploads\/2025\/05\/Spirostreptus-spec.-22Red-Legged22-2.jpg","type":"image\/jpeg"}],"twitter_card":"summary_large_image","twitter_misc":{"Gesch\u00e4tzte Lesezeit":"2\u00a0Minuten"},"schema":{"@context":"https:\/\/schema.org","@graph":[{"@type":"WebPage","@id":"https:\/\/insektenliebe.com\/de\/shop\/produkt\/millipedus-aurantiocephalus-virens\/","url":"https:\/\/insektenliebe.com\/de\/shop\/produkt\/millipedus-aurantiocephalus-virens\/","name":"Millipedus aurantiocephalus virens - Insektenliebe","isPartOf":{"@id":"https:\/\/insektenliebe.com\/de\/#website"},"primaryImageOfPage":{"@id":"https:\/\/insektenliebe.com\/de\/shop\/produkt\/millipedus-aurantiocephalus-virens\/#primaryimage"},"image":{"@id":"https:\/\/insektenliebe.com\/de\/shop\/produkt\/millipedus-aurantiocephalus-virens\/#primaryimage"},"thumbnailUrl":"https:\/\/insektenliebe.com\/wp-content\/uploads\/2025\/05\/Spirostreptus-spec.-22Red-Legged22-2.jpg","datePublished":"2024-07-10T15:13:08+00:00","dateModified":"2026-02-07T20:49:59+00:00","description":"G\u00fcnstige Millipedus aurantiocephalus virens direkt online kaufen. Ein neuer, farbenpr\u00e4chtiger Tausendf\u00fc\u00dfer aus Nigeria, ideal f\u00fcr Terrarium-Liebhaber.","breadcrumb":{"@id":"https:\/\/insektenliebe.com\/de\/shop\/produkt\/millipedus-aurantiocephalus-virens\/#breadcrumb"},"inLanguage":"de","potentialAction":[{"@type":"ReadAction","target":["https:\/\/insektenliebe.com\/de\/shop\/produkt\/millipedus-aurantiocephalus-virens\/"]}]},{"@type":"ImageObject","inLanguage":"de","@id":"https:\/\/insektenliebe.com\/de\/shop\/produkt\/millipedus-aurantiocephalus-virens\/#primaryimage","url":"https:\/\/insektenliebe.com\/wp-content\/uploads\/2025\/05\/Spirostreptus-spec.-22Red-Legged22-2.jpg","contentUrl":"https:\/\/insektenliebe.com\/wp-content\/uploads\/2025\/05\/Spirostreptus-spec.-22Red-Legged22-2.jpg","width":820,"height":820,"caption":"Spirostreptus-spec.-22Red-Legged22-2.jpg"},{"@type":"BreadcrumbList","@id":"https:\/\/insektenliebe.com\/de\/shop\/produkt\/millipedus-aurantiocephalus-virens\/#breadcrumb","itemListElement":[{"@type":"ListItem","position":1,"name":"Startseite","item":"https:\/\/insektenliebe.com\/de\/"},{"@type":"ListItem","position":2,"name":"Shop","item":"https:\/\/insektenliebe.com\/de\/shop\/"},{"@type":"ListItem","position":3,"name":"Millipedus aurantiocephalus virens"}]},{"@type":"WebSite","@id":"https:\/\/insektenliebe.com\/de\/#website","url":"https:\/\/insektenliebe.com\/de\/","name":"Insektenliebe","description":"Dein Zuhause f\u00fcr die kleinen Lebewesen","publisher":{"@id":"https:\/\/insektenliebe.com\/de\/#organization"},"potentialAction":[{"@type":"SearchAction","target":{"@type":"EntryPoint","urlTemplate":"https:\/\/insektenliebe.com\/de\/?s={search_term_string}"},"query-input":{"@type":"PropertyValueSpecification","valueRequired":true,"valueName":"search_term_string"}}],"inLanguage":"de"},{"@type":"Organization","@id":"https:\/\/insektenliebe.com\/de\/#organization","name":"Insektenliebe","url":"https:\/\/insektenliebe.com\/de\/","logo":{"@type":"ImageObject","inLanguage":"de","@id":"https:\/\/insektenliebe.com\/de\/#\/schema\/logo\/image\/","url":"https:\/\/insektenliebe.com\/wp-content\/uploads\/2025\/03\/logo-white.png","contentUrl":"https:\/\/insektenliebe.com\/wp-content\/uploads\/2025\/03\/logo-white.png","width":288,"height":188,"caption":"Insektenliebe"},"image":{"@id":"https:\/\/insektenliebe.com\/de\/#\/schema\/logo\/image\/"}}]}},"_links":{"self":[{"href":"https:\/\/insektenliebe.com\/de\/wp-json\/wp\/v2\/product\/5720","targetHints":{"allow":["GET"]}}],"collection":[{"href":"https:\/\/insektenliebe.com\/de\/wp-json\/wp\/v2\/product"}],"about":[{"href":"https:\/\/insektenliebe.com\/de\/wp-json\/wp\/v2\/types\/product"}],"wp:featuredmedia":[{"embeddable":true,"href":"https:\/\/insektenliebe.com\/de\/wp-json\/wp\/v2\/media\/5749"}],"wp:attachment":[{"href":"https:\/\/insektenliebe.com\/de\/wp-json\/wp\/v2\/media?parent=5720"}],"wp:term":[{"taxonomy":"product-supplier","embeddable":true,"href":"https:\/\/insektenliebe.com\/de\/wp-json\/wp\/v2\/product-supplier?post=5720"},{"taxonomy":"product_brand","embeddable":true,"href":"https:\/\/insektenliebe.com\/de\/wp-json\/wp\/v2\/product_brand?post=5720"},{"taxonomy":"product_cat","embeddable":true,"href":"https:\/\/insektenliebe.com\/de\/wp-json\/wp\/v2\/product_cat?post=5720"},{"taxonomy":"product_tag","embeddable":true,"href":"https:\/\/insektenliebe.com\/de\/wp-json\/wp\/v2\/product_tag?post=5720"},{"taxonomy":"lce-checkout-addons","embeddable":true,"href":"https:\/\/insektenliebe.com\/de\/wp-json\/wp\/v2\/lce-checkout-addons?post=5720"}],"curies":[{"name":"wp","href":"https:\/\/api.w.org\/{rel}","templated":true}]}}