{"id":5717,"date":"2024-06-29T15:27:14","date_gmt":"2024-06-29T13:27:13","guid":{"rendered":"http:\/\/localhost\/ins-test\/?post_type=product&#038;p=5717"},"modified":"2026-01-29T08:17:59","modified_gmt":"2026-01-29T07:17:59","slug":"perisphaerus-pygmaeus","status":"publish","type":"product","link":"https:\/\/insektenliebe.com\/de\/shop\/produkt\/perisphaerus-pygmaeus\/","title":{"rendered":"Perisphaerus pygmaeus"},"content":{"rendered":"<p class=\"p1\">Die <b><\/b><strong>Perisphaerus pygmaeus<\/strong><b><\/b>, auch bekannt als Pill Bug Cockroach, fasziniert durch ihre einzigartige F\u00e4higkeit, sich bei Gefahr zu einer kleinen Kugel zusammenzurollen \u2013 ein Verhalten, das sie mit den heimischen Rollasseln teilt und ihr den Spitznamen eingebracht hat. Diese Schabenart unterscheidet sich von vielen anderen durch ihre ungew\u00f6hnliche Vorliebe f\u00fcr h\u00f6her gelegene Lebensr\u00e4ume. Anstatt den Boden zu bevorzugen, wurden <strong>Perisphaerus pygmaeus<\/strong>\u00a0h\u00e4ufig auf \u00c4sten oder Baumst\u00e4mmen beobachtet, wo sie sich von Baums\u00e4ften ern\u00e4hren. Diese Vorliebe macht sie zu einer spannenden Erg\u00e4nzung f\u00fcr Gesellschaftsterrarien, die auch andere kletterfreudige Arten wie Tausendf\u00fc\u00dfer beherbergen.<\/p>\n<p class=\"p1\">Um diesen nat\u00fcrlichen Instinkten gerecht zu werden, bieten Korkrinden im Terrarium ideale Bedingungen. Sie erm\u00f6glichen nicht nur das Klettern und Verstecken, sondern simulieren auch die nat\u00fcrliche Umgebung, die <strong>Perisphaerus pygmaeus<\/strong>\u00a0aus ihrer Heimat gewohnt sind. Dies f\u00f6rdert das nat\u00fcrliche Verhalten der Tiere und gibt ihnen das Gef\u00fchl von Sicherheit und Geborgenheit.<\/p>\n<p><img decoding=\"async\" src=\"https:\/\/insektenliebe.com\/wp-content\/uploads\/2024\/06\/Perisphaerus-pygmaeus-seitlich-1.jpg\" alt=\"Perisphaerus pygmaeus-seitlich\" \/><\/p>\n<p class=\"p1\">Junge Schaben dieser Art zeigen eine bemerkenswerte Neugier, wenn sie sich in Rindenspalten verstecken und von dort aus ihre Umgebung erkunden. Ihre Ern\u00e4hrung ist vielseitig und reicht von Bl\u00fctenpollen \u00fcber Asselfutter bis hin zu frischen Fr\u00fcchten wie Bananen- und Apfelscheiben. Auch Futterlaub und wei\u00dffaules Holz sind wichtige Bestandteile ihrer Nahrung.<\/p>\n<p class=\"p1\">Die Haltung von <strong>Perisphaerus pygmaeus<\/strong>\u00a0bereichert jede exotische Haustiersammlung durch ihr interessantes Verhalten und die einfache Beobachtung ihrer Aktivit\u00e4ten. Diese Schabenart bietet nicht nur einzigartige Einblicke in die Komplexit\u00e4t ihrer Lebensweise, sondern auch einen charmanten und faszinierenden Anblick f\u00fcr jeden Liebhaber exotischer Tiere.<\/p>\n","protected":false},"excerpt":{"rendered":"<p>Die Perisphaerus pygmaeus, auch bekannt als Pill Bug Cockroach, fasziniert durch ihre einzigartige F\u00e4higkeit, sich bei Gefahr zu einer kleinen Kugel zusammenzurollen \u2013 ein Verhalten, das sie mit den heimischen Rollasseln teilt und ihr den Spitznamen eingebracht hat. Diese Schabenart unterscheidet sich von vielen anderen durch ihre ungew\u00f6hnliche Vorliebe f\u00fcr h\u00f6her gelegene Lebensr\u00e4ume. Anstatt den [&hellip;]<\/p>\n","protected":false},"featured_media":5746,"template":"","meta":{"_acf_changed":false},"product-supplier":[],"product_brand":[],"product_cat":[214],"product_tag":[],"lce-checkout-addons":[1202],"class_list":{"0":"post-5717","1":"product","2":"type-product","3":"status-publish","4":"has-post-thumbnail","6":"product_cat-schaben","7":"product_shipping_class-animal-shipping","8":"pa_herkunft-taiwan","9":"pa_kontinent-asien","10":"lce-checkout-addons-winterverpackung","12":"first","13":"outofstock","14":"taxable","15":"shipping-taxable","16":"product-type-variable"},"acf":[],"yoast_head":"<!-- This site is optimized with the Yoast SEO plugin v27.3 - https:\/\/yoast.com\/product\/yoast-seo-wordpress\/ -->\n<title>Perisphaerus pygmaeus - Insektenliebe<\/title>\n<meta name=\"description\" content=\"G\u00fcnstige Pseudoglomeris magnifica &quot;Smaragdschabe&quot; online kaufen. Smaragdschaben z\u00e4hlen zu den sch\u00f6nsten Schabenarten \u00fcberhaupt. Direkt vom Z\u00fcchter kaufen!\" \/>\n<meta name=\"robots\" content=\"index, follow, max-snippet:-1, max-image-preview:large, max-video-preview:-1\" \/>\n<link rel=\"canonical\" href=\"https:\/\/insektenliebe.com\/de\/shop\/produkt\/perisphaerus-pygmaeus\/\" \/>\n<meta property=\"og:locale\" content=\"de_DE\" \/>\n<meta property=\"og:type\" content=\"article\" \/>\n<meta property=\"og:title\" content=\"Perisphaerus pygmaeus - Insektenliebe\" \/>\n<meta property=\"og:description\" content=\"G\u00fcnstige Pseudoglomeris magnifica &quot;Smaragdschabe&quot; online kaufen. Smaragdschaben z\u00e4hlen zu den sch\u00f6nsten Schabenarten \u00fcberhaupt. Direkt vom Z\u00fcchter kaufen!\" \/>\n<meta property=\"og:url\" content=\"https:\/\/insektenliebe.com\/de\/shop\/produkt\/perisphaerus-pygmaeus\/\" \/>\n<meta property=\"og:site_name\" content=\"Insektenliebe\" \/>\n<meta property=\"article:modified_time\" content=\"2026-01-29T07:17:59+00:00\" \/>\n<meta property=\"og:image\" content=\"https:\/\/insektenliebe.com\/wp-content\/uploads\/2025\/05\/Perisphaerus-pygmaeus-2.jpg\" \/>\n\t<meta property=\"og:image:width\" content=\"820\" \/>\n\t<meta property=\"og:image:height\" content=\"820\" \/>\n\t<meta property=\"og:image:type\" content=\"image\/jpeg\" \/>\n<meta name=\"twitter:card\" content=\"summary_large_image\" \/>\n<meta name=\"twitter:label1\" content=\"Gesch\u00e4tzte Lesezeit\" \/>\n\t<meta name=\"twitter:data1\" content=\"2\u00a0Minuten\" \/>\n<script type=\"application\/ld+json\" class=\"yoast-schema-graph\">{\"@context\":\"https:\\\/\\\/schema.org\",\"@graph\":[{\"@type\":\"WebPage\",\"@id\":\"https:\\\/\\\/insektenliebe.com\\\/de\\\/shop\\\/produkt\\\/perisphaerus-pygmaeus\\\/\",\"url\":\"https:\\\/\\\/insektenliebe.com\\\/de\\\/shop\\\/produkt\\\/perisphaerus-pygmaeus\\\/\",\"name\":\"Perisphaerus pygmaeus - Insektenliebe\",\"isPartOf\":{\"@id\":\"https:\\\/\\\/insektenliebe.com\\\/de\\\/#website\"},\"primaryImageOfPage\":{\"@id\":\"https:\\\/\\\/insektenliebe.com\\\/de\\\/shop\\\/produkt\\\/perisphaerus-pygmaeus\\\/#primaryimage\"},\"image\":{\"@id\":\"https:\\\/\\\/insektenliebe.com\\\/de\\\/shop\\\/produkt\\\/perisphaerus-pygmaeus\\\/#primaryimage\"},\"thumbnailUrl\":\"https:\\\/\\\/insektenliebe.com\\\/wp-content\\\/uploads\\\/2025\\\/05\\\/Perisphaerus-pygmaeus-2.jpg\",\"datePublished\":\"2024-06-29T13:27:13+00:00\",\"dateModified\":\"2026-01-29T07:17:59+00:00\",\"description\":\"G\u00fcnstige Pseudoglomeris magnifica \\\"Smaragdschabe\\\" online kaufen. Smaragdschaben z\u00e4hlen zu den sch\u00f6nsten Schabenarten \u00fcberhaupt. Direkt vom Z\u00fcchter kaufen!\",\"breadcrumb\":{\"@id\":\"https:\\\/\\\/insektenliebe.com\\\/de\\\/shop\\\/produkt\\\/perisphaerus-pygmaeus\\\/#breadcrumb\"},\"inLanguage\":\"de\",\"potentialAction\":[{\"@type\":\"ReadAction\",\"target\":[\"https:\\\/\\\/insektenliebe.com\\\/de\\\/shop\\\/produkt\\\/perisphaerus-pygmaeus\\\/\"]}]},{\"@type\":\"ImageObject\",\"inLanguage\":\"de\",\"@id\":\"https:\\\/\\\/insektenliebe.com\\\/de\\\/shop\\\/produkt\\\/perisphaerus-pygmaeus\\\/#primaryimage\",\"url\":\"https:\\\/\\\/insektenliebe.com\\\/wp-content\\\/uploads\\\/2025\\\/05\\\/Perisphaerus-pygmaeus-2.jpg\",\"contentUrl\":\"https:\\\/\\\/insektenliebe.com\\\/wp-content\\\/uploads\\\/2025\\\/05\\\/Perisphaerus-pygmaeus-2.jpg\",\"width\":820,\"height\":820,\"caption\":\"Perisphaerus-pygmaeus-2.jpg\"},{\"@type\":\"BreadcrumbList\",\"@id\":\"https:\\\/\\\/insektenliebe.com\\\/de\\\/shop\\\/produkt\\\/perisphaerus-pygmaeus\\\/#breadcrumb\",\"itemListElement\":[{\"@type\":\"ListItem\",\"position\":1,\"name\":\"Startseite\",\"item\":\"https:\\\/\\\/insektenliebe.com\\\/de\\\/\"},{\"@type\":\"ListItem\",\"position\":2,\"name\":\"Shop\",\"item\":\"https:\\\/\\\/insektenliebe.com\\\/de\\\/shop\\\/\"},{\"@type\":\"ListItem\",\"position\":3,\"name\":\"Perisphaerus pygmaeus\"}]},{\"@type\":\"WebSite\",\"@id\":\"https:\\\/\\\/insektenliebe.com\\\/de\\\/#website\",\"url\":\"https:\\\/\\\/insektenliebe.com\\\/de\\\/\",\"name\":\"Insektenliebe\",\"description\":\"Dein Zuhause f\u00fcr die kleinen Lebewesen\",\"publisher\":{\"@id\":\"https:\\\/\\\/insektenliebe.com\\\/de\\\/#organization\"},\"potentialAction\":[{\"@type\":\"SearchAction\",\"target\":{\"@type\":\"EntryPoint\",\"urlTemplate\":\"https:\\\/\\\/insektenliebe.com\\\/de\\\/?s={search_term_string}\"},\"query-input\":{\"@type\":\"PropertyValueSpecification\",\"valueRequired\":true,\"valueName\":\"search_term_string\"}}],\"inLanguage\":\"de\"},{\"@type\":\"Organization\",\"@id\":\"https:\\\/\\\/insektenliebe.com\\\/de\\\/#organization\",\"name\":\"Insektenliebe\",\"url\":\"https:\\\/\\\/insektenliebe.com\\\/de\\\/\",\"logo\":{\"@type\":\"ImageObject\",\"inLanguage\":\"de\",\"@id\":\"https:\\\/\\\/insektenliebe.com\\\/de\\\/#\\\/schema\\\/logo\\\/image\\\/\",\"url\":\"https:\\\/\\\/insektenliebe.com\\\/wp-content\\\/uploads\\\/2025\\\/03\\\/logo-white.png\",\"contentUrl\":\"https:\\\/\\\/insektenliebe.com\\\/wp-content\\\/uploads\\\/2025\\\/03\\\/logo-white.png\",\"width\":288,\"height\":188,\"caption\":\"Insektenliebe\"},\"image\":{\"@id\":\"https:\\\/\\\/insektenliebe.com\\\/de\\\/#\\\/schema\\\/logo\\\/image\\\/\"}}]}<\/script>\n<!-- \/ Yoast SEO plugin. -->","yoast_head_json":{"title":"Perisphaerus pygmaeus - Insektenliebe","description":"G\u00fcnstige Pseudoglomeris magnifica \"Smaragdschabe\" online kaufen. Smaragdschaben z\u00e4hlen zu den sch\u00f6nsten Schabenarten \u00fcberhaupt. Direkt vom Z\u00fcchter kaufen!","robots":{"index":"index","follow":"follow","max-snippet":"max-snippet:-1","max-image-preview":"max-image-preview:large","max-video-preview":"max-video-preview:-1"},"canonical":"https:\/\/insektenliebe.com\/de\/shop\/produkt\/perisphaerus-pygmaeus\/","og_locale":"de_DE","og_type":"article","og_title":"Perisphaerus pygmaeus - Insektenliebe","og_description":"G\u00fcnstige Pseudoglomeris magnifica \"Smaragdschabe\" online kaufen. Smaragdschaben z\u00e4hlen zu den sch\u00f6nsten Schabenarten \u00fcberhaupt. Direkt vom Z\u00fcchter kaufen!","og_url":"https:\/\/insektenliebe.com\/de\/shop\/produkt\/perisphaerus-pygmaeus\/","og_site_name":"Insektenliebe","article_modified_time":"2026-01-29T07:17:59+00:00","og_image":[{"width":820,"height":820,"url":"https:\/\/insektenliebe.com\/wp-content\/uploads\/2025\/05\/Perisphaerus-pygmaeus-2.jpg","type":"image\/jpeg"}],"twitter_card":"summary_large_image","twitter_misc":{"Gesch\u00e4tzte Lesezeit":"2\u00a0Minuten"},"schema":{"@context":"https:\/\/schema.org","@graph":[{"@type":"WebPage","@id":"https:\/\/insektenliebe.com\/de\/shop\/produkt\/perisphaerus-pygmaeus\/","url":"https:\/\/insektenliebe.com\/de\/shop\/produkt\/perisphaerus-pygmaeus\/","name":"Perisphaerus pygmaeus - Insektenliebe","isPartOf":{"@id":"https:\/\/insektenliebe.com\/de\/#website"},"primaryImageOfPage":{"@id":"https:\/\/insektenliebe.com\/de\/shop\/produkt\/perisphaerus-pygmaeus\/#primaryimage"},"image":{"@id":"https:\/\/insektenliebe.com\/de\/shop\/produkt\/perisphaerus-pygmaeus\/#primaryimage"},"thumbnailUrl":"https:\/\/insektenliebe.com\/wp-content\/uploads\/2025\/05\/Perisphaerus-pygmaeus-2.jpg","datePublished":"2024-06-29T13:27:13+00:00","dateModified":"2026-01-29T07:17:59+00:00","description":"G\u00fcnstige Pseudoglomeris magnifica \"Smaragdschabe\" online kaufen. Smaragdschaben z\u00e4hlen zu den sch\u00f6nsten Schabenarten \u00fcberhaupt. Direkt vom Z\u00fcchter kaufen!","breadcrumb":{"@id":"https:\/\/insektenliebe.com\/de\/shop\/produkt\/perisphaerus-pygmaeus\/#breadcrumb"},"inLanguage":"de","potentialAction":[{"@type":"ReadAction","target":["https:\/\/insektenliebe.com\/de\/shop\/produkt\/perisphaerus-pygmaeus\/"]}]},{"@type":"ImageObject","inLanguage":"de","@id":"https:\/\/insektenliebe.com\/de\/shop\/produkt\/perisphaerus-pygmaeus\/#primaryimage","url":"https:\/\/insektenliebe.com\/wp-content\/uploads\/2025\/05\/Perisphaerus-pygmaeus-2.jpg","contentUrl":"https:\/\/insektenliebe.com\/wp-content\/uploads\/2025\/05\/Perisphaerus-pygmaeus-2.jpg","width":820,"height":820,"caption":"Perisphaerus-pygmaeus-2.jpg"},{"@type":"BreadcrumbList","@id":"https:\/\/insektenliebe.com\/de\/shop\/produkt\/perisphaerus-pygmaeus\/#breadcrumb","itemListElement":[{"@type":"ListItem","position":1,"name":"Startseite","item":"https:\/\/insektenliebe.com\/de\/"},{"@type":"ListItem","position":2,"name":"Shop","item":"https:\/\/insektenliebe.com\/de\/shop\/"},{"@type":"ListItem","position":3,"name":"Perisphaerus pygmaeus"}]},{"@type":"WebSite","@id":"https:\/\/insektenliebe.com\/de\/#website","url":"https:\/\/insektenliebe.com\/de\/","name":"Insektenliebe","description":"Dein Zuhause f\u00fcr die kleinen Lebewesen","publisher":{"@id":"https:\/\/insektenliebe.com\/de\/#organization"},"potentialAction":[{"@type":"SearchAction","target":{"@type":"EntryPoint","urlTemplate":"https:\/\/insektenliebe.com\/de\/?s={search_term_string}"},"query-input":{"@type":"PropertyValueSpecification","valueRequired":true,"valueName":"search_term_string"}}],"inLanguage":"de"},{"@type":"Organization","@id":"https:\/\/insektenliebe.com\/de\/#organization","name":"Insektenliebe","url":"https:\/\/insektenliebe.com\/de\/","logo":{"@type":"ImageObject","inLanguage":"de","@id":"https:\/\/insektenliebe.com\/de\/#\/schema\/logo\/image\/","url":"https:\/\/insektenliebe.com\/wp-content\/uploads\/2025\/03\/logo-white.png","contentUrl":"https:\/\/insektenliebe.com\/wp-content\/uploads\/2025\/03\/logo-white.png","width":288,"height":188,"caption":"Insektenliebe"},"image":{"@id":"https:\/\/insektenliebe.com\/de\/#\/schema\/logo\/image\/"}}]}},"_links":{"self":[{"href":"https:\/\/insektenliebe.com\/de\/wp-json\/wp\/v2\/product\/5717","targetHints":{"allow":["GET"]}}],"collection":[{"href":"https:\/\/insektenliebe.com\/de\/wp-json\/wp\/v2\/product"}],"about":[{"href":"https:\/\/insektenliebe.com\/de\/wp-json\/wp\/v2\/types\/product"}],"wp:featuredmedia":[{"embeddable":true,"href":"https:\/\/insektenliebe.com\/de\/wp-json\/wp\/v2\/media\/5746"}],"wp:attachment":[{"href":"https:\/\/insektenliebe.com\/de\/wp-json\/wp\/v2\/media?parent=5717"}],"wp:term":[{"taxonomy":"product-supplier","embeddable":true,"href":"https:\/\/insektenliebe.com\/de\/wp-json\/wp\/v2\/product-supplier?post=5717"},{"taxonomy":"product_brand","embeddable":true,"href":"https:\/\/insektenliebe.com\/de\/wp-json\/wp\/v2\/product_brand?post=5717"},{"taxonomy":"product_cat","embeddable":true,"href":"https:\/\/insektenliebe.com\/de\/wp-json\/wp\/v2\/product_cat?post=5717"},{"taxonomy":"product_tag","embeddable":true,"href":"https:\/\/insektenliebe.com\/de\/wp-json\/wp\/v2\/product_tag?post=5717"},{"taxonomy":"lce-checkout-addons","embeddable":true,"href":"https:\/\/insektenliebe.com\/de\/wp-json\/wp\/v2\/lce-checkout-addons?post=5717"}],"curies":[{"name":"wp","href":"https:\/\/api.w.org\/{rel}","templated":true}]}}