{"id":5716,"date":"2024-06-29T14:03:00","date_gmt":"2024-06-29T12:03:00","guid":{"rendered":"http:\/\/localhost\/ins-test\/?post_type=product&#038;p=5716"},"modified":"2026-02-28T22:43:53","modified_gmt":"2026-02-28T21:43:53","slug":"biorb-kratzerentferner-set","status":"publish","type":"product","link":"https:\/\/insektenliebe.com\/de\/shop\/produkt\/biorb-kratzerentferner-set\/","title":{"rendered":"biOrb Kratzerentferner Set"},"content":{"rendered":"<h3><span style=\"color: #99cc33;\">Terrarium wie neu: Entferne Kratzer schnell mit dem biOrb Kratzerentferner Set<\/span><\/h3>\n<div class=\"flex-shrink-0 flex flex-col relative items-end\">\n<div>\n<div class=\"pt-0.5 juice:pt-0\">\n<div class=\"gizmo-bot-avatar flex h-6 w-6 items-center justify-center overflow-hidden rounded-full juice:h-8 juice:w-8\">\n<div class=\"relative p-1 rounded-sm flex items-center justify-center bg-token-main-surface-primary text-token-text-primary h-8 w-8\"><span style=\"color: #555555;\">Mit dem <strong>biOrb Kratzerentferner Set<\/strong> hast du die perfekte L\u00f6sung, um Kratzer und Tr\u00fcbungen von den Acryloberfl\u00e4chen effektiv zu entfernen. Dieses Set ist speziell daf\u00fcr entwickelt, dein Terrarium wieder makellos erscheinen zu lassen und die klare Sicht auf deine Terrarienbewohner zu verbessern.<\/span><\/div>\n<\/div>\n<\/div>\n<\/div>\n<\/div>\n<div class=\"group\/conversation-turn relative flex w-full min-w-0 flex-col agent-turn\">\n<div class=\"flex-col gap-1 md:gap-3\">\n<div class=\"flex flex-grow flex-col max-w-full\">\n<div class=\"min-h- text-message flex flex-col items-start whitespace-pre-wrap break-words :mt-5 juice:w-full juice:items-end overflow-x-auto gap-2\" dir=\"auto\" data-message-author-role=\"assistant\" data-message-id=\"49146237-9e95-41b0-9583-a885ae802f32\">\n<div class=\"flex w-full flex-col gap-1 juice:empty:hidden juice:first:pt-\">\n<div class=\"markdown prose w-full break-words dark:prose-invert light\">\n<p><strong>Anwendung:<\/strong> Beginne damit, den Staub gr\u00fcndlich von der Acryloberfl\u00e4che zu entfernen. Trage anschlie\u00dfend die spezielle Polierpaste mit der weichen Seite der mitgelieferten Reinigungs-Pads auf. Poliere die betroffenen Stellen sorgf\u00e4ltig, bis die Kratzer und Tr\u00fcbungen verschwunden sind. Bei Bedarf kannst du den Reinigungsvorgang wiederholen, um optimale Ergebnisse zu erzielen.<\/p>\n<p>Genie\u00dfe die neue Klarheit deines Terrariums, und stelle sicher, dass es immer von seiner besten Seite zu sehen ist, frei von unsch\u00f6nen Kratzern und Tr\u00fcbungen.<\/p>\n<\/div>\n<\/div>\n<\/div>\n<\/div>\n<\/div>\n<\/div>\n","protected":false},"excerpt":{"rendered":"<p>Terrarium wie neu: Entferne Kratzer schnell mit dem biOrb Kratzerentferner Set Mit dem biOrb Kratzerentferner Set hast du die perfekte L\u00f6sung, um Kratzer und Tr\u00fcbungen von den Acryloberfl\u00e4chen effektiv zu entfernen. Dieses Set ist speziell daf\u00fcr entwickelt, dein Terrarium wieder makellos erscheinen zu lassen und die klare Sicht auf deine Terrarienbewohner zu verbessern. Anwendung: Beginne [&hellip;]<\/p>\n","protected":false},"featured_media":5745,"template":"","meta":{"_acf_changed":false},"product-supplier":[],"product_brand":[962],"product_cat":[253,130],"product_tag":[],"lce-checkout-addons":[],"class_list":{"0":"post-5716","1":"product","2":"type-product","3":"status-publish","4":"has-post-thumbnail","6":"product_brand-biorb","7":"product_cat-einrichtung-dekoration","8":"product_cat-terrarien-behaelter","9":"product_shipping_class-equipment-shipping","11":"first","12":"instock","13":"taxable","14":"shipping-taxable","15":"purchasable","16":"product-type-simple"},"acf":[],"yoast_head":"<!-- This site is optimized with the Yoast SEO Premium plugin v26.8 (Yoast SEO v27.3) - https:\/\/yoast.com\/product\/yoast-seo-premium-wordpress\/ -->\n<title>biOrb Kratzerentferner Set - Insektenliebe<\/title>\n<meta name=\"description\" content=\"G\u00fcnstige biOrb Kratzerentferner Set direkt online kaufen. Beseitige Kratzer und Tr\u00fcbungen in deinem Terrarium mit dem einfach, schnell und effektiv.\" \/>\n<meta name=\"robots\" content=\"index, follow, max-snippet:-1, max-image-preview:large, max-video-preview:-1\" \/>\n<link rel=\"canonical\" href=\"https:\/\/insektenliebe.com\/de\/shop\/produkt\/biorb-kratzerentferner-set\/\" \/>\n<meta property=\"og:locale\" content=\"de_DE\" \/>\n<meta property=\"og:type\" content=\"article\" \/>\n<meta property=\"og:title\" content=\"biOrb Kratzerentferner Set\" \/>\n<meta property=\"og:description\" content=\"G\u00fcnstige biOrb Kratzerentferner Set direkt online kaufen. Beseitige Kratzer und Tr\u00fcbungen in deinem Terrarium mit dem einfach, schnell und effektiv.\" \/>\n<meta property=\"og:url\" content=\"https:\/\/insektenliebe.com\/de\/shop\/produkt\/biorb-kratzerentferner-set\/\" \/>\n<meta property=\"og:site_name\" content=\"Insektenliebe\" \/>\n<meta property=\"article:modified_time\" content=\"2026-02-28T21:43:53+00:00\" \/>\n<meta property=\"og:image\" content=\"https:\/\/insektenliebe.com\/wp-content\/uploads\/2025\/05\/biOrb-Kratzerentferner-Set-2.jpg\" \/>\n\t<meta property=\"og:image:width\" content=\"820\" \/>\n\t<meta property=\"og:image:height\" content=\"820\" \/>\n\t<meta property=\"og:image:type\" content=\"image\/jpeg\" \/>\n<meta name=\"twitter:card\" content=\"summary_large_image\" \/>\n<meta name=\"twitter:label1\" content=\"Price\" \/>\n\t<meta name=\"twitter:data1\" content=\"5,95&nbsp;&euro; inkl. MwSt. zzgl. Versand\" \/>\n\t<meta name=\"twitter:label2\" content=\"Availability\" \/>\n\t<meta name=\"twitter:data2\" content=\"In stock\" \/>\n<script type=\"application\/ld+json\" class=\"yoast-schema-graph\">{\"@context\":\"https:\\\/\\\/schema.org\",\"@graph\":[{\"@type\":\"WebPage\",\"@id\":\"https:\\\/\\\/insektenliebe.com\\\/de\\\/shop\\\/produkt\\\/biorb-kratzerentferner-set\\\/\",\"url\":\"https:\\\/\\\/insektenliebe.com\\\/de\\\/shop\\\/produkt\\\/biorb-kratzerentferner-set\\\/\",\"name\":\"biOrb Kratzerentferner Set - Insektenliebe\",\"isPartOf\":{\"@id\":\"https:\\\/\\\/insektenliebe.com\\\/de\\\/#website\"},\"primaryImageOfPage\":{\"@id\":\"https:\\\/\\\/insektenliebe.com\\\/de\\\/shop\\\/produkt\\\/biorb-kratzerentferner-set\\\/#primaryimage\"},\"image\":{\"@id\":\"https:\\\/\\\/insektenliebe.com\\\/de\\\/shop\\\/produkt\\\/biorb-kratzerentferner-set\\\/#primaryimage\"},\"thumbnailUrl\":\"https:\\\/\\\/insektenliebe.com\\\/wp-content\\\/uploads\\\/2025\\\/05\\\/biOrb-Kratzerentferner-Set-2.jpg\",\"datePublished\":\"2024-06-29T12:03:00+00:00\",\"dateModified\":\"2026-02-28T21:43:53+00:00\",\"description\":\"G\u00fcnstige biOrb Kratzerentferner Set direkt online kaufen. Beseitige Kratzer und Tr\u00fcbungen in deinem Terrarium mit dem einfach, schnell und effektiv.\",\"breadcrumb\":{\"@id\":\"https:\\\/\\\/insektenliebe.com\\\/de\\\/shop\\\/produkt\\\/biorb-kratzerentferner-set\\\/#breadcrumb\"},\"inLanguage\":\"de\",\"potentialAction\":[{\"@type\":\"ReadAction\",\"target\":[\"https:\\\/\\\/insektenliebe.com\\\/de\\\/shop\\\/produkt\\\/biorb-kratzerentferner-set\\\/\"]}]},{\"@type\":\"ImageObject\",\"inLanguage\":\"de\",\"@id\":\"https:\\\/\\\/insektenliebe.com\\\/de\\\/shop\\\/produkt\\\/biorb-kratzerentferner-set\\\/#primaryimage\",\"url\":\"https:\\\/\\\/insektenliebe.com\\\/wp-content\\\/uploads\\\/2025\\\/05\\\/biOrb-Kratzerentferner-Set-2.jpg\",\"contentUrl\":\"https:\\\/\\\/insektenliebe.com\\\/wp-content\\\/uploads\\\/2025\\\/05\\\/biOrb-Kratzerentferner-Set-2.jpg\",\"width\":820,\"height\":820,\"caption\":\"biOrb-Kratzerentferner-Set-2.jpg\"},{\"@type\":\"BreadcrumbList\",\"@id\":\"https:\\\/\\\/insektenliebe.com\\\/de\\\/shop\\\/produkt\\\/biorb-kratzerentferner-set\\\/#breadcrumb\",\"itemListElement\":[{\"@type\":\"ListItem\",\"position\":1,\"name\":\"Startseite\",\"item\":\"https:\\\/\\\/insektenliebe.com\\\/de\\\/\"},{\"@type\":\"ListItem\",\"position\":2,\"name\":\"Shop\",\"item\":\"https:\\\/\\\/insektenliebe.com\\\/de\\\/shop\\\/\"},{\"@type\":\"ListItem\",\"position\":3,\"name\":\"biOrb Kratzerentferner Set\"}]},{\"@type\":\"WebSite\",\"@id\":\"https:\\\/\\\/insektenliebe.com\\\/de\\\/#website\",\"url\":\"https:\\\/\\\/insektenliebe.com\\\/de\\\/\",\"name\":\"Insektenliebe\",\"description\":\"Dein Zuhause f\u00fcr die kleinen Lebewesen\",\"publisher\":{\"@id\":\"https:\\\/\\\/insektenliebe.com\\\/de\\\/#organization\"},\"potentialAction\":[{\"@type\":\"SearchAction\",\"target\":{\"@type\":\"EntryPoint\",\"urlTemplate\":\"https:\\\/\\\/insektenliebe.com\\\/de\\\/?s={search_term_string}\"},\"query-input\":{\"@type\":\"PropertyValueSpecification\",\"valueRequired\":true,\"valueName\":\"search_term_string\"}}],\"inLanguage\":\"de\"},{\"@type\":\"Organization\",\"@id\":\"https:\\\/\\\/insektenliebe.com\\\/de\\\/#organization\",\"name\":\"Insektenliebe\",\"url\":\"https:\\\/\\\/insektenliebe.com\\\/de\\\/\",\"logo\":{\"@type\":\"ImageObject\",\"inLanguage\":\"de\",\"@id\":\"https:\\\/\\\/insektenliebe.com\\\/de\\\/#\\\/schema\\\/logo\\\/image\\\/\",\"url\":\"https:\\\/\\\/insektenliebe.com\\\/wp-content\\\/uploads\\\/2025\\\/03\\\/logo-white.png\",\"contentUrl\":\"https:\\\/\\\/insektenliebe.com\\\/wp-content\\\/uploads\\\/2025\\\/03\\\/logo-white.png\",\"width\":288,\"height\":188,\"caption\":\"Insektenliebe\"},\"image\":{\"@id\":\"https:\\\/\\\/insektenliebe.com\\\/de\\\/#\\\/schema\\\/logo\\\/image\\\/\"}}]}<\/script>\n<meta property=\"product:price:amount\" content=\"5.95\" \/>\n<meta property=\"product:price:currency\" content=\"EUR\" \/>\n<meta property=\"og:availability\" content=\"instock\" \/>\n<meta property=\"product:availability\" content=\"instock\" \/>\n<meta property=\"product:retailer_item_id\" content=\"46026\" \/>\n<meta property=\"product:condition\" content=\"new\" \/>\n<!-- \/ Yoast SEO Premium plugin. -->","yoast_head_json":{"title":"biOrb Kratzerentferner Set - Insektenliebe","description":"G\u00fcnstige biOrb Kratzerentferner Set direkt online kaufen. Beseitige Kratzer und Tr\u00fcbungen in deinem Terrarium mit dem einfach, schnell und effektiv.","robots":{"index":"index","follow":"follow","max-snippet":"max-snippet:-1","max-image-preview":"max-image-preview:large","max-video-preview":"max-video-preview:-1"},"canonical":"https:\/\/insektenliebe.com\/de\/shop\/produkt\/biorb-kratzerentferner-set\/","og_locale":"de_DE","og_type":"article","og_title":"biOrb Kratzerentferner Set","og_description":"G\u00fcnstige biOrb Kratzerentferner Set direkt online kaufen. Beseitige Kratzer und Tr\u00fcbungen in deinem Terrarium mit dem einfach, schnell und effektiv.","og_url":"https:\/\/insektenliebe.com\/de\/shop\/produkt\/biorb-kratzerentferner-set\/","og_site_name":"Insektenliebe","article_modified_time":"2026-02-28T21:43:53+00:00","og_image":[{"width":820,"height":820,"url":"https:\/\/insektenliebe.com\/wp-content\/uploads\/2025\/05\/biOrb-Kratzerentferner-Set-2.jpg","type":"image\/jpeg"}],"twitter_card":"summary_large_image","twitter_misc":{"Price":"5,95&nbsp;&euro; inkl. MwSt. zzgl. Versand","Availability":"In stock"},"schema":{"@context":"https:\/\/schema.org","@graph":[{"@type":"WebPage","@id":"https:\/\/insektenliebe.com\/de\/shop\/produkt\/biorb-kratzerentferner-set\/","url":"https:\/\/insektenliebe.com\/de\/shop\/produkt\/biorb-kratzerentferner-set\/","name":"biOrb Kratzerentferner Set - Insektenliebe","isPartOf":{"@id":"https:\/\/insektenliebe.com\/de\/#website"},"primaryImageOfPage":{"@id":"https:\/\/insektenliebe.com\/de\/shop\/produkt\/biorb-kratzerentferner-set\/#primaryimage"},"image":{"@id":"https:\/\/insektenliebe.com\/de\/shop\/produkt\/biorb-kratzerentferner-set\/#primaryimage"},"thumbnailUrl":"https:\/\/insektenliebe.com\/wp-content\/uploads\/2025\/05\/biOrb-Kratzerentferner-Set-2.jpg","datePublished":"2024-06-29T12:03:00+00:00","dateModified":"2026-02-28T21:43:53+00:00","description":"G\u00fcnstige biOrb Kratzerentferner Set direkt online kaufen. Beseitige Kratzer und Tr\u00fcbungen in deinem Terrarium mit dem einfach, schnell und effektiv.","breadcrumb":{"@id":"https:\/\/insektenliebe.com\/de\/shop\/produkt\/biorb-kratzerentferner-set\/#breadcrumb"},"inLanguage":"de","potentialAction":[{"@type":"ReadAction","target":["https:\/\/insektenliebe.com\/de\/shop\/produkt\/biorb-kratzerentferner-set\/"]}]},{"@type":"ImageObject","inLanguage":"de","@id":"https:\/\/insektenliebe.com\/de\/shop\/produkt\/biorb-kratzerentferner-set\/#primaryimage","url":"https:\/\/insektenliebe.com\/wp-content\/uploads\/2025\/05\/biOrb-Kratzerentferner-Set-2.jpg","contentUrl":"https:\/\/insektenliebe.com\/wp-content\/uploads\/2025\/05\/biOrb-Kratzerentferner-Set-2.jpg","width":820,"height":820,"caption":"biOrb-Kratzerentferner-Set-2.jpg"},{"@type":"BreadcrumbList","@id":"https:\/\/insektenliebe.com\/de\/shop\/produkt\/biorb-kratzerentferner-set\/#breadcrumb","itemListElement":[{"@type":"ListItem","position":1,"name":"Startseite","item":"https:\/\/insektenliebe.com\/de\/"},{"@type":"ListItem","position":2,"name":"Shop","item":"https:\/\/insektenliebe.com\/de\/shop\/"},{"@type":"ListItem","position":3,"name":"biOrb Kratzerentferner Set"}]},{"@type":"WebSite","@id":"https:\/\/insektenliebe.com\/de\/#website","url":"https:\/\/insektenliebe.com\/de\/","name":"Insektenliebe","description":"Dein Zuhause f\u00fcr die kleinen Lebewesen","publisher":{"@id":"https:\/\/insektenliebe.com\/de\/#organization"},"potentialAction":[{"@type":"SearchAction","target":{"@type":"EntryPoint","urlTemplate":"https:\/\/insektenliebe.com\/de\/?s={search_term_string}"},"query-input":{"@type":"PropertyValueSpecification","valueRequired":true,"valueName":"search_term_string"}}],"inLanguage":"de"},{"@type":"Organization","@id":"https:\/\/insektenliebe.com\/de\/#organization","name":"Insektenliebe","url":"https:\/\/insektenliebe.com\/de\/","logo":{"@type":"ImageObject","inLanguage":"de","@id":"https:\/\/insektenliebe.com\/de\/#\/schema\/logo\/image\/","url":"https:\/\/insektenliebe.com\/wp-content\/uploads\/2025\/03\/logo-white.png","contentUrl":"https:\/\/insektenliebe.com\/wp-content\/uploads\/2025\/03\/logo-white.png","width":288,"height":188,"caption":"Insektenliebe"},"image":{"@id":"https:\/\/insektenliebe.com\/de\/#\/schema\/logo\/image\/"}}]},"product_price_amount":"5.95","product_price_currency":"EUR","og_availability":"instock","product_availability":"instock","product_retailer_item_id":"46026","product_condition":"new"},"_links":{"self":[{"href":"https:\/\/insektenliebe.com\/de\/wp-json\/wp\/v2\/product\/5716","targetHints":{"allow":["GET"]}}],"collection":[{"href":"https:\/\/insektenliebe.com\/de\/wp-json\/wp\/v2\/product"}],"about":[{"href":"https:\/\/insektenliebe.com\/de\/wp-json\/wp\/v2\/types\/product"}],"wp:featuredmedia":[{"embeddable":true,"href":"https:\/\/insektenliebe.com\/de\/wp-json\/wp\/v2\/media\/5745"}],"wp:attachment":[{"href":"https:\/\/insektenliebe.com\/de\/wp-json\/wp\/v2\/media?parent=5716"}],"wp:term":[{"taxonomy":"product-supplier","embeddable":true,"href":"https:\/\/insektenliebe.com\/de\/wp-json\/wp\/v2\/product-supplier?post=5716"},{"taxonomy":"product_brand","embeddable":true,"href":"https:\/\/insektenliebe.com\/de\/wp-json\/wp\/v2\/product_brand?post=5716"},{"taxonomy":"product_cat","embeddable":true,"href":"https:\/\/insektenliebe.com\/de\/wp-json\/wp\/v2\/product_cat?post=5716"},{"taxonomy":"product_tag","embeddable":true,"href":"https:\/\/insektenliebe.com\/de\/wp-json\/wp\/v2\/product_tag?post=5716"},{"taxonomy":"lce-checkout-addons","embeddable":true,"href":"https:\/\/insektenliebe.com\/de\/wp-json\/wp\/v2\/lce-checkout-addons?post=5716"}],"curies":[{"name":"wp","href":"https:\/\/api.w.org\/{rel}","templated":true}]}}