{"id":5714,"date":"2024-06-27T15:03:53","date_gmt":"2024-06-27T13:03:53","guid":{"rendered":"http:\/\/localhost\/ins-test\/?post_type=product&#038;p=5714"},"modified":"2026-04-19T22:05:13","modified_gmt":"2026-04-19T20:05:13","slug":"baumstuempfe","status":"publish","type":"product","link":"https:\/\/insektenliebe.com\/de\/shop\/produkt\/baumstuempfe\/","title":{"rendered":"Baumst\u00fcmpfe"},"content":{"rendered":"<div class=\"flex-shrink-0 flex flex-col relative items-end\">\n<div class=\"pt-0.5 juice:pt-0\">\n<div class=\"gizmo-bot-avatar flex h-6 w-6 items-center justify-center overflow-hidden rounded-full juice:h-8 juice:w-8\">\n<p class=\"p1\">Entdecke unsere <strong>Baumst\u00fcmpfe<\/strong> aus sechs Jahre lang abgelagertem Kieferwurzelholz, die dein Terrarium in eine beeindruckende Waldlandschaft verwandeln. Dieses nat\u00fcrliche Holz verleiht jeder Terrarienlandschaft eine authentische Waldatmosph\u00e4re, sodass du mit nur wenigen Handgriffen das Gef\u00fchl hast, ein St\u00fcckchen Wald direkt in deinem Zuhause zu haben.<\/p>\n<\/div>\n<\/div>\n<\/div>\n<p class=\"p1\">Ob f\u00fcr Asseln, Tausendf\u00fc\u00dfer oder bodenbewohnende Vogelspinnen \u2013 unsere <strong>Baumst\u00fcmpfe<\/strong> bieten nicht nur ein nat\u00fcrliches Versteck und Kletterm\u00f6glichkeiten, sondern sind auch eine stilvolle Dekoration, die den Boden deines Terrariums optisch aufwertet. Das robuste Kieferwurzelholz ist ideal f\u00fcr die vielseitigen Anforderungen eines Terrariums, da es langlebig ist und die nat\u00fcrlichen Bedingungen eines Waldhabitats simuliert.<\/p>\n<p class=\"p1\">Verwende unsere <strong>Baumst\u00fcmpfe<\/strong>, um deinem Terrarium ein nat\u00fcrliches Element hinzuzuf\u00fcgen und eine Umgebung zu gestalten, die sowohl f\u00fcr das Wohlbefinden deiner Terrarienbewohner als auch f\u00fcr die optische Wirkung vorteilhaft ist.<\/p>\n<p><b>Gr\u00f6\u00dfe:<br \/>\n<\/b><b>S:\u00a0<\/b>\u00d8 10-15 cm \/ H\u00f6he 8-20 cm<br \/>\n<b>L:\u00a0<\/b>\u00d8 15-20 cm \/ H\u00f6he 8-20 cm<\/p>\n<p><strong>Wir weisen darauf hin, dass es sich um ein Naturprodukt handelt bei dem kein St\u00fcck dem anderen gleicht. <\/strong><strong>W\u00fcnsche k\u00f6nnen gerne im Bemerkungsfeld in der Bestellung vermerkt werden.<\/strong><\/p>\n","protected":false},"excerpt":{"rendered":"<p>Entdecke unsere Baumst\u00fcmpfe aus sechs Jahre lang abgelagertem Kieferwurzelholz, die dein Terrarium in eine beeindruckende Waldlandschaft verwandeln. Dieses nat\u00fcrliche Holz verleiht jeder Terrarienlandschaft eine authentische Waldatmosph\u00e4re, sodass du mit nur wenigen Handgriffen das Gef\u00fchl hast, ein St\u00fcckchen Wald direkt in deinem Zuhause zu haben. Ob f\u00fcr Asseln, Tausendf\u00fc\u00dfer oder bodenbewohnende Vogelspinnen \u2013 unsere Baumst\u00fcmpfe bieten [&hellip;]<\/p>\n","protected":false},"featured_media":139015,"template":"","meta":{"_acf_changed":false},"product-supplier":[],"product_brand":[],"product_cat":[253],"product_tag":[],"lce-checkout-addons":[],"class_list":{"0":"post-5714","1":"product","2":"type-product","3":"status-publish","4":"has-post-thumbnail","6":"product_cat-einrichtung-dekoration","7":"product_shipping_class-equipment-shipping","9":"first","10":"instock","11":"sale","12":"taxable","13":"shipping-taxable","14":"purchasable","15":"product-type-variable"},"acf":[],"yoast_head":"<!-- This site is optimized with the Yoast SEO Premium plugin v26.8 (Yoast SEO v27.3) - https:\/\/yoast.com\/product\/yoast-seo-premium-wordpress\/ -->\n<title>Baumst\u00fcmpfe - Insektenliebe<\/title>\n<meta name=\"description\" content=\"G\u00fcnstige Baumst\u00fcmpfe direkt online kaufen. Die perfekte nat\u00fcrliche Versteckm\u00f6glichkeit und Dekoration. Mach aus deinem Terrarium ein Waldst\u00fcck!\" \/>\n<meta name=\"robots\" content=\"index, follow, max-snippet:-1, max-image-preview:large, max-video-preview:-1\" \/>\n<link rel=\"canonical\" href=\"https:\/\/insektenliebe.com\/de\/shop\/produkt\/baumstuempfe\/\" \/>\n<meta property=\"og:locale\" content=\"de_DE\" \/>\n<meta property=\"og:type\" content=\"article\" \/>\n<meta property=\"og:title\" content=\"Baumst\u00fcmpfe\" \/>\n<meta property=\"og:description\" content=\"G\u00fcnstige Baumst\u00fcmpfe direkt online kaufen. Die perfekte nat\u00fcrliche Versteckm\u00f6glichkeit und Dekoration. Mach aus deinem Terrarium ein Waldst\u00fcck!\" \/>\n<meta property=\"og:url\" content=\"https:\/\/insektenliebe.com\/de\/shop\/produkt\/baumstuempfe\/\" \/>\n<meta property=\"og:site_name\" content=\"Insektenliebe\" \/>\n<meta property=\"article:modified_time\" content=\"2026-04-19T20:05:13+00:00\" \/>\n<meta property=\"og:image\" content=\"https:\/\/insektenliebe.com\/wp-content\/uploads\/2024\/06\/Baumstuempfe.jpg\" \/>\n\t<meta property=\"og:image:width\" content=\"820\" \/>\n\t<meta property=\"og:image:height\" content=\"820\" \/>\n\t<meta property=\"og:image:type\" content=\"image\/jpeg\" \/>\n<meta name=\"twitter:card\" content=\"summary_large_image\" \/>\n<meta name=\"twitter:label1\" content=\"Verf\u00fcgbarkeit\" \/>\n\t<meta name=\"twitter:data1\" content=\"Auf Lager\" \/>\n<script type=\"application\/ld+json\" class=\"yoast-schema-graph\">{\"@context\":\"https:\\\/\\\/schema.org\",\"@graph\":[{\"@type\":\"WebPage\",\"@id\":\"https:\\\/\\\/insektenliebe.com\\\/de\\\/shop\\\/produkt\\\/baumstuempfe\\\/\",\"url\":\"https:\\\/\\\/insektenliebe.com\\\/de\\\/shop\\\/produkt\\\/baumstuempfe\\\/\",\"name\":\"Baumst\u00fcmpfe - Insektenliebe\",\"isPartOf\":{\"@id\":\"https:\\\/\\\/insektenliebe.com\\\/de\\\/#website\"},\"primaryImageOfPage\":{\"@id\":\"https:\\\/\\\/insektenliebe.com\\\/de\\\/shop\\\/produkt\\\/baumstuempfe\\\/#primaryimage\"},\"image\":{\"@id\":\"https:\\\/\\\/insektenliebe.com\\\/de\\\/shop\\\/produkt\\\/baumstuempfe\\\/#primaryimage\"},\"thumbnailUrl\":\"https:\\\/\\\/insektenliebe.com\\\/wp-content\\\/uploads\\\/2024\\\/06\\\/Baumstuempfe.jpg\",\"datePublished\":\"2024-06-27T13:03:53+00:00\",\"dateModified\":\"2026-04-19T20:05:13+00:00\",\"description\":\"G\u00fcnstige Baumst\u00fcmpfe direkt online kaufen. Die perfekte nat\u00fcrliche Versteckm\u00f6glichkeit und Dekoration. Mach aus deinem Terrarium ein Waldst\u00fcck!\",\"breadcrumb\":{\"@id\":\"https:\\\/\\\/insektenliebe.com\\\/de\\\/shop\\\/produkt\\\/baumstuempfe\\\/#breadcrumb\"},\"inLanguage\":\"de\",\"potentialAction\":[{\"@type\":\"ReadAction\",\"target\":[\"https:\\\/\\\/insektenliebe.com\\\/de\\\/shop\\\/produkt\\\/baumstuempfe\\\/\"]}]},{\"@type\":\"ImageObject\",\"inLanguage\":\"de\",\"@id\":\"https:\\\/\\\/insektenliebe.com\\\/de\\\/shop\\\/produkt\\\/baumstuempfe\\\/#primaryimage\",\"url\":\"https:\\\/\\\/insektenliebe.com\\\/wp-content\\\/uploads\\\/2024\\\/06\\\/Baumstuempfe.jpg\",\"contentUrl\":\"https:\\\/\\\/insektenliebe.com\\\/wp-content\\\/uploads\\\/2024\\\/06\\\/Baumstuempfe.jpg\",\"width\":820,\"height\":820,\"caption\":\"Baumstuempfe\"},{\"@type\":\"BreadcrumbList\",\"@id\":\"https:\\\/\\\/insektenliebe.com\\\/de\\\/shop\\\/produkt\\\/baumstuempfe\\\/#breadcrumb\",\"itemListElement\":[{\"@type\":\"ListItem\",\"position\":1,\"name\":\"Startseite\",\"item\":\"https:\\\/\\\/insektenliebe.com\\\/de\\\/\"},{\"@type\":\"ListItem\",\"position\":2,\"name\":\"Shop\",\"item\":\"https:\\\/\\\/insektenliebe.com\\\/de\\\/shop\\\/\"},{\"@type\":\"ListItem\",\"position\":3,\"name\":\"Baumst\u00fcmpfe\"}]},{\"@type\":\"WebSite\",\"@id\":\"https:\\\/\\\/insektenliebe.com\\\/de\\\/#website\",\"url\":\"https:\\\/\\\/insektenliebe.com\\\/de\\\/\",\"name\":\"Insektenliebe\",\"description\":\"Dein Zuhause f\u00fcr die kleinen Lebewesen\",\"publisher\":{\"@id\":\"https:\\\/\\\/insektenliebe.com\\\/de\\\/#organization\"},\"potentialAction\":[{\"@type\":\"SearchAction\",\"target\":{\"@type\":\"EntryPoint\",\"urlTemplate\":\"https:\\\/\\\/insektenliebe.com\\\/de\\\/?s={search_term_string}\"},\"query-input\":{\"@type\":\"PropertyValueSpecification\",\"valueRequired\":true,\"valueName\":\"search_term_string\"}}],\"inLanguage\":\"de\"},{\"@type\":\"Organization\",\"@id\":\"https:\\\/\\\/insektenliebe.com\\\/de\\\/#organization\",\"name\":\"Insektenliebe\",\"url\":\"https:\\\/\\\/insektenliebe.com\\\/de\\\/\",\"logo\":{\"@type\":\"ImageObject\",\"inLanguage\":\"de\",\"@id\":\"https:\\\/\\\/insektenliebe.com\\\/de\\\/#\\\/schema\\\/logo\\\/image\\\/\",\"url\":\"https:\\\/\\\/insektenliebe.com\\\/wp-content\\\/uploads\\\/2025\\\/03\\\/logo-white.png\",\"contentUrl\":\"https:\\\/\\\/insektenliebe.com\\\/wp-content\\\/uploads\\\/2025\\\/03\\\/logo-white.png\",\"width\":288,\"height\":188,\"caption\":\"Insektenliebe\"},\"image\":{\"@id\":\"https:\\\/\\\/insektenliebe.com\\\/de\\\/#\\\/schema\\\/logo\\\/image\\\/\"}}]}<\/script>\n<meta property=\"og:availability\" content=\"instock\" \/>\n<meta property=\"product:availability\" content=\"instock\" \/>\n<meta property=\"product:retailer_item_id\" content=\"623\" \/>\n<meta property=\"product:condition\" content=\"new\" \/>\n<!-- \/ Yoast SEO Premium plugin. -->","yoast_head_json":{"title":"Baumst\u00fcmpfe - Insektenliebe","description":"G\u00fcnstige Baumst\u00fcmpfe direkt online kaufen. Die perfekte nat\u00fcrliche Versteckm\u00f6glichkeit und Dekoration. Mach aus deinem Terrarium ein Waldst\u00fcck!","robots":{"index":"index","follow":"follow","max-snippet":"max-snippet:-1","max-image-preview":"max-image-preview:large","max-video-preview":"max-video-preview:-1"},"canonical":"https:\/\/insektenliebe.com\/de\/shop\/produkt\/baumstuempfe\/","og_locale":"de_DE","og_type":"article","og_title":"Baumst\u00fcmpfe","og_description":"G\u00fcnstige Baumst\u00fcmpfe direkt online kaufen. Die perfekte nat\u00fcrliche Versteckm\u00f6glichkeit und Dekoration. Mach aus deinem Terrarium ein Waldst\u00fcck!","og_url":"https:\/\/insektenliebe.com\/de\/shop\/produkt\/baumstuempfe\/","og_site_name":"Insektenliebe","article_modified_time":"2026-04-19T20:05:13+00:00","og_image":[{"width":820,"height":820,"url":"https:\/\/insektenliebe.com\/wp-content\/uploads\/2024\/06\/Baumstuempfe.jpg","type":"image\/jpeg"}],"twitter_card":"summary_large_image","twitter_misc":{"Verf\u00fcgbarkeit":"Auf Lager"},"schema":{"@context":"https:\/\/schema.org","@graph":[{"@type":"WebPage","@id":"https:\/\/insektenliebe.com\/de\/shop\/produkt\/baumstuempfe\/","url":"https:\/\/insektenliebe.com\/de\/shop\/produkt\/baumstuempfe\/","name":"Baumst\u00fcmpfe - Insektenliebe","isPartOf":{"@id":"https:\/\/insektenliebe.com\/de\/#website"},"primaryImageOfPage":{"@id":"https:\/\/insektenliebe.com\/de\/shop\/produkt\/baumstuempfe\/#primaryimage"},"image":{"@id":"https:\/\/insektenliebe.com\/de\/shop\/produkt\/baumstuempfe\/#primaryimage"},"thumbnailUrl":"https:\/\/insektenliebe.com\/wp-content\/uploads\/2024\/06\/Baumstuempfe.jpg","datePublished":"2024-06-27T13:03:53+00:00","dateModified":"2026-04-19T20:05:13+00:00","description":"G\u00fcnstige Baumst\u00fcmpfe direkt online kaufen. Die perfekte nat\u00fcrliche Versteckm\u00f6glichkeit und Dekoration. Mach aus deinem Terrarium ein Waldst\u00fcck!","breadcrumb":{"@id":"https:\/\/insektenliebe.com\/de\/shop\/produkt\/baumstuempfe\/#breadcrumb"},"inLanguage":"de","potentialAction":[{"@type":"ReadAction","target":["https:\/\/insektenliebe.com\/de\/shop\/produkt\/baumstuempfe\/"]}]},{"@type":"ImageObject","inLanguage":"de","@id":"https:\/\/insektenliebe.com\/de\/shop\/produkt\/baumstuempfe\/#primaryimage","url":"https:\/\/insektenliebe.com\/wp-content\/uploads\/2024\/06\/Baumstuempfe.jpg","contentUrl":"https:\/\/insektenliebe.com\/wp-content\/uploads\/2024\/06\/Baumstuempfe.jpg","width":820,"height":820,"caption":"Baumstuempfe"},{"@type":"BreadcrumbList","@id":"https:\/\/insektenliebe.com\/de\/shop\/produkt\/baumstuempfe\/#breadcrumb","itemListElement":[{"@type":"ListItem","position":1,"name":"Startseite","item":"https:\/\/insektenliebe.com\/de\/"},{"@type":"ListItem","position":2,"name":"Shop","item":"https:\/\/insektenliebe.com\/de\/shop\/"},{"@type":"ListItem","position":3,"name":"Baumst\u00fcmpfe"}]},{"@type":"WebSite","@id":"https:\/\/insektenliebe.com\/de\/#website","url":"https:\/\/insektenliebe.com\/de\/","name":"Insektenliebe","description":"Dein Zuhause f\u00fcr die kleinen Lebewesen","publisher":{"@id":"https:\/\/insektenliebe.com\/de\/#organization"},"potentialAction":[{"@type":"SearchAction","target":{"@type":"EntryPoint","urlTemplate":"https:\/\/insektenliebe.com\/de\/?s={search_term_string}"},"query-input":{"@type":"PropertyValueSpecification","valueRequired":true,"valueName":"search_term_string"}}],"inLanguage":"de"},{"@type":"Organization","@id":"https:\/\/insektenliebe.com\/de\/#organization","name":"Insektenliebe","url":"https:\/\/insektenliebe.com\/de\/","logo":{"@type":"ImageObject","inLanguage":"de","@id":"https:\/\/insektenliebe.com\/de\/#\/schema\/logo\/image\/","url":"https:\/\/insektenliebe.com\/wp-content\/uploads\/2025\/03\/logo-white.png","contentUrl":"https:\/\/insektenliebe.com\/wp-content\/uploads\/2025\/03\/logo-white.png","width":288,"height":188,"caption":"Insektenliebe"},"image":{"@id":"https:\/\/insektenliebe.com\/de\/#\/schema\/logo\/image\/"}}]},"og_availability":"instock","product_availability":"instock","product_retailer_item_id":"623","product_condition":"new"},"_links":{"self":[{"href":"https:\/\/insektenliebe.com\/de\/wp-json\/wp\/v2\/product\/5714","targetHints":{"allow":["GET"]}}],"collection":[{"href":"https:\/\/insektenliebe.com\/de\/wp-json\/wp\/v2\/product"}],"about":[{"href":"https:\/\/insektenliebe.com\/de\/wp-json\/wp\/v2\/types\/product"}],"wp:featuredmedia":[{"embeddable":true,"href":"https:\/\/insektenliebe.com\/de\/wp-json\/wp\/v2\/media\/139015"}],"wp:attachment":[{"href":"https:\/\/insektenliebe.com\/de\/wp-json\/wp\/v2\/media?parent=5714"}],"wp:term":[{"taxonomy":"product-supplier","embeddable":true,"href":"https:\/\/insektenliebe.com\/de\/wp-json\/wp\/v2\/product-supplier?post=5714"},{"taxonomy":"product_brand","embeddable":true,"href":"https:\/\/insektenliebe.com\/de\/wp-json\/wp\/v2\/product_brand?post=5714"},{"taxonomy":"product_cat","embeddable":true,"href":"https:\/\/insektenliebe.com\/de\/wp-json\/wp\/v2\/product_cat?post=5714"},{"taxonomy":"product_tag","embeddable":true,"href":"https:\/\/insektenliebe.com\/de\/wp-json\/wp\/v2\/product_tag?post=5714"},{"taxonomy":"lce-checkout-addons","embeddable":true,"href":"https:\/\/insektenliebe.com\/de\/wp-json\/wp\/v2\/lce-checkout-addons?post=5714"}],"curies":[{"name":"wp","href":"https:\/\/api.w.org\/{rel}","templated":true}]}}