{"id":5713,"date":"2024-06-24T16:02:00","date_gmt":"2024-06-24T14:02:00","guid":{"rendered":"http:\/\/localhost\/ins-test\/?post_type=product&#038;p=5713"},"modified":"2026-03-24T19:13:20","modified_gmt":"2026-03-24T18:13:20","slug":"hobby-led-thermometer","status":"publish","type":"product","link":"https:\/\/insektenliebe.com\/de\/shop\/produkt\/hobby-led-thermometer\/","title":{"rendered":"Hobby LED-Thermometer"},"content":{"rendered":"<h3><span style=\"color: #99cc33;\"><span class=\"s1\">Hobby LED-Thermometer <\/span><span class=\"s1\">- <\/span><span class=\"s1\">Kabellose Montage direkt an der Scheibe<\/span><\/span><\/h3>\n<p class=\"p1\"><span class=\"s1\">Das <\/span><strong><span class=\"s2\">Hobby LED-Thermometer<\/span><\/strong><span class=\"s1\"> bietet dir eine moderne und pr\u00e4zise L\u00f6sung zur Temperatur\u00fcberwachung im Terrarium. Gerade bei Reptilien, Amphibien oder Wirbellosen spielt eine stabile Temperatur eine entscheidende Rolle. Deshalb liefert dieses digitale Thermometer exakte Messwerte mit einer Genauigkeit von 0,1 \u00b0C.<\/span><\/p>\n<p class=\"p1\"><span class=\"s1\">Der Messbereich von 0 bis 40 \u00b0C deckt die meisten g\u00e4ngigen Terrarien-Setups zuverl\u00e4ssig ab. Auf dem gro\u00dfz\u00fcgigen LED-Display erkennst du die Temperatur klar und deutlich. Dadurch kannst du schnell reagieren, falls Anpassungen notwendig werden. Gleichzeitig sorgt die helle Anzeige f\u00fcr optimale Lesbarkeit, ohne st\u00f6rend zu wirken.<\/span><\/p>\n<p class=\"p1\"><span class=\"s1\">Die Installation gelingt besonders unkompliziert. Du klebst das Thermometer von au\u00dfen direkt auf die Terrarienscheibe. Der integrierte Sensor misst dabei zuverl\u00e4ssig die Innentemperatur \u2013 und das ganz ohne Kabel im Terrarium. Dadurch bleibt dein Setup aufger\u00e4umt und sicher f\u00fcr deine Tiere.<\/span><\/p>\n<p class=\"p1\"><span class=\"s1\">Die Bedienung erfolgt komfortabel \u00fcber einen integrierten Touch-Sensor. Mit einer leichten Ber\u00fchrung aktivierst du die Anzeige innerhalb von Sekundenbruchteilen. Nach etwa 10 Sekunden schaltet sich das Display automatisch wieder ab. So spart das Ger\u00e4t Energie und verl\u00e4ngert gleichzeitig die Batterielaufzeit.<\/span><\/p>\n<p class=\"p1\"><span class=\"s1\">Im ausgeschalteten Zustand wirkt das <strong>Hobby LED-Thermometer<\/strong> dezent und unauff\u00e4llig. Es f\u00fcgt sich harmonisch in moderne Terrarienlandschaften ein, ohne die Optik zu st\u00f6ren. Gerade bei stilvollen Glas- oder Designterrarien ist das ein gro\u00dfer Vorteil.<\/span><\/p>\n<p class=\"p1\"><span class=\"s1\">Im Vergleich zu analogen Thermometern profitierst du von deutlich pr\u00e4ziseren Messergebnissen. Dadurch kontrollierst du Temperaturzonen gezielter und unterst\u00fctzt aktiv die Gesundheit deiner Tiere. Besonders bei empfindlichen Arten oder w\u00e4hrend der H\u00e4utung und Zuchtphase ist eine exakte Temperatur\u00fcberwachung unverzichtbar.<\/span><\/p>\n<p class=\"p1\"><span class=\"s1\">Mit dem <\/span><strong><span class=\"s2\">Hobby LED-Thermometer<\/span><\/strong><span class=\"s1\"> entscheidest du dich f\u00fcr eine zuverl\u00e4ssige, moderne und benutzerfreundliche L\u00f6sung. Es kombiniert pr\u00e4zise Messtechnik mit elegantem Design und sorgt daf\u00fcr, dass du dein Terrarienklima jederzeit im Griff hast.<\/span><\/p>\n","protected":false},"excerpt":{"rendered":"<p>Hobby LED-Thermometer - Kabellose Montage direkt an der Scheibe Das Hobby LED-Thermometer bietet dir eine moderne und pr\u00e4zise L\u00f6sung zur Temperatur\u00fcberwachung im Terrarium. Gerade bei Reptilien, Amphibien oder Wirbellosen spielt eine stabile Temperatur eine entscheidende Rolle. Deshalb liefert dieses digitale Thermometer exakte Messwerte mit einer Genauigkeit von 0,1 \u00b0C. Der Messbereich von 0 bis 40 [&hellip;]<\/p>\n","protected":false},"featured_media":5742,"template":"","meta":{"_acf_changed":false},"product-supplier":[2555],"product_brand":[92],"product_cat":[299],"product_tag":[],"lce-checkout-addons":[],"class_list":{"0":"post-5713","1":"product","2":"type-product","3":"status-publish","4":"has-post-thumbnail","6":"product_brand-hobby-terraristik","7":"product_cat-beleuchtung-klima","8":"product_shipping_class-equipment-shipping","10":"first","11":"instock","12":"taxable","13":"shipping-taxable","14":"purchasable","15":"product-type-simple"},"acf":[],"yoast_head":"<!-- This site is optimized with the Yoast SEO plugin v27.3 - https:\/\/yoast.com\/product\/yoast-seo-wordpress\/ -->\n<title>Hobby LED-Thermometer - Insektenliebe<\/title>\n<meta name=\"description\" content=\"G\u00fcnstiger Hobby LED-Thermometer g\u00fcnstig direkt online kaufen. Der Messbereich ist von 0-40\u00b0 C mit einer Genauigkeit von 0,1\u00b0 C.\" \/>\n<meta name=\"robots\" content=\"index, follow, max-snippet:-1, max-image-preview:large, max-video-preview:-1\" \/>\n<link rel=\"canonical\" href=\"https:\/\/insektenliebe.com\/de\/shop\/produkt\/hobby-led-thermometer\/\" \/>\n<meta property=\"og:locale\" content=\"de_DE\" \/>\n<meta property=\"og:type\" content=\"article\" \/>\n<meta property=\"og:title\" content=\"Hobby LED-Thermometer - Insektenliebe\" \/>\n<meta property=\"og:description\" content=\"G\u00fcnstiger Hobby LED-Thermometer g\u00fcnstig direkt online kaufen. Der Messbereich ist von 0-40\u00b0 C mit einer Genauigkeit von 0,1\u00b0 C.\" \/>\n<meta property=\"og:url\" content=\"https:\/\/insektenliebe.com\/de\/shop\/produkt\/hobby-led-thermometer\/\" \/>\n<meta property=\"og:site_name\" content=\"Insektenliebe\" \/>\n<meta property=\"article:modified_time\" content=\"2026-03-24T18:13:20+00:00\" \/>\n<meta property=\"og:image\" content=\"https:\/\/insektenliebe.com\/wp-content\/uploads\/2025\/05\/Hobby-LED-Thermometer-2-2.jpg\" \/>\n\t<meta property=\"og:image:width\" content=\"820\" \/>\n\t<meta property=\"og:image:height\" content=\"820\" \/>\n\t<meta property=\"og:image:type\" content=\"image\/jpeg\" \/>\n<meta name=\"twitter:card\" content=\"summary_large_image\" \/>\n<meta name=\"twitter:label1\" content=\"Gesch\u00e4tzte Lesezeit\" \/>\n\t<meta name=\"twitter:data1\" content=\"2\u00a0Minuten\" \/>\n<script type=\"application\/ld+json\" class=\"yoast-schema-graph\">{\"@context\":\"https:\\\/\\\/schema.org\",\"@graph\":[{\"@type\":\"WebPage\",\"@id\":\"https:\\\/\\\/insektenliebe.com\\\/de\\\/shop\\\/produkt\\\/hobby-led-thermometer\\\/\",\"url\":\"https:\\\/\\\/insektenliebe.com\\\/de\\\/shop\\\/produkt\\\/hobby-led-thermometer\\\/\",\"name\":\"Hobby LED-Thermometer - Insektenliebe\",\"isPartOf\":{\"@id\":\"https:\\\/\\\/insektenliebe.com\\\/de\\\/#website\"},\"primaryImageOfPage\":{\"@id\":\"https:\\\/\\\/insektenliebe.com\\\/de\\\/shop\\\/produkt\\\/hobby-led-thermometer\\\/#primaryimage\"},\"image\":{\"@id\":\"https:\\\/\\\/insektenliebe.com\\\/de\\\/shop\\\/produkt\\\/hobby-led-thermometer\\\/#primaryimage\"},\"thumbnailUrl\":\"https:\\\/\\\/insektenliebe.com\\\/wp-content\\\/uploads\\\/2025\\\/05\\\/Hobby-LED-Thermometer-2-2.jpg\",\"datePublished\":\"2024-06-24T14:02:00+00:00\",\"dateModified\":\"2026-03-24T18:13:20+00:00\",\"description\":\"G\u00fcnstiger Hobby LED-Thermometer g\u00fcnstig direkt online kaufen. Der Messbereich ist von 0-40\u00b0 C mit einer Genauigkeit von 0,1\u00b0 C.\",\"breadcrumb\":{\"@id\":\"https:\\\/\\\/insektenliebe.com\\\/de\\\/shop\\\/produkt\\\/hobby-led-thermometer\\\/#breadcrumb\"},\"inLanguage\":\"de\",\"potentialAction\":[{\"@type\":\"ReadAction\",\"target\":[\"https:\\\/\\\/insektenliebe.com\\\/de\\\/shop\\\/produkt\\\/hobby-led-thermometer\\\/\"]}]},{\"@type\":\"ImageObject\",\"inLanguage\":\"de\",\"@id\":\"https:\\\/\\\/insektenliebe.com\\\/de\\\/shop\\\/produkt\\\/hobby-led-thermometer\\\/#primaryimage\",\"url\":\"https:\\\/\\\/insektenliebe.com\\\/wp-content\\\/uploads\\\/2025\\\/05\\\/Hobby-LED-Thermometer-2-2.jpg\",\"contentUrl\":\"https:\\\/\\\/insektenliebe.com\\\/wp-content\\\/uploads\\\/2025\\\/05\\\/Hobby-LED-Thermometer-2-2.jpg\",\"width\":820,\"height\":820,\"caption\":\"Hobby-LED-Thermometer-2-2.jpg\"},{\"@type\":\"BreadcrumbList\",\"@id\":\"https:\\\/\\\/insektenliebe.com\\\/de\\\/shop\\\/produkt\\\/hobby-led-thermometer\\\/#breadcrumb\",\"itemListElement\":[{\"@type\":\"ListItem\",\"position\":1,\"name\":\"Startseite\",\"item\":\"https:\\\/\\\/insektenliebe.com\\\/de\\\/\"},{\"@type\":\"ListItem\",\"position\":2,\"name\":\"Shop\",\"item\":\"https:\\\/\\\/insektenliebe.com\\\/de\\\/shop\\\/\"},{\"@type\":\"ListItem\",\"position\":3,\"name\":\"Hobby LED-Thermometer\"}]},{\"@type\":\"WebSite\",\"@id\":\"https:\\\/\\\/insektenliebe.com\\\/de\\\/#website\",\"url\":\"https:\\\/\\\/insektenliebe.com\\\/de\\\/\",\"name\":\"Insektenliebe\",\"description\":\"Dein Zuhause f\u00fcr die kleinen Lebewesen\",\"publisher\":{\"@id\":\"https:\\\/\\\/insektenliebe.com\\\/de\\\/#organization\"},\"potentialAction\":[{\"@type\":\"SearchAction\",\"target\":{\"@type\":\"EntryPoint\",\"urlTemplate\":\"https:\\\/\\\/insektenliebe.com\\\/de\\\/?s={search_term_string}\"},\"query-input\":{\"@type\":\"PropertyValueSpecification\",\"valueRequired\":true,\"valueName\":\"search_term_string\"}}],\"inLanguage\":\"de\"},{\"@type\":\"Organization\",\"@id\":\"https:\\\/\\\/insektenliebe.com\\\/de\\\/#organization\",\"name\":\"Insektenliebe\",\"url\":\"https:\\\/\\\/insektenliebe.com\\\/de\\\/\",\"logo\":{\"@type\":\"ImageObject\",\"inLanguage\":\"de\",\"@id\":\"https:\\\/\\\/insektenliebe.com\\\/de\\\/#\\\/schema\\\/logo\\\/image\\\/\",\"url\":\"https:\\\/\\\/insektenliebe.com\\\/wp-content\\\/uploads\\\/2025\\\/03\\\/logo-white.png\",\"contentUrl\":\"https:\\\/\\\/insektenliebe.com\\\/wp-content\\\/uploads\\\/2025\\\/03\\\/logo-white.png\",\"width\":288,\"height\":188,\"caption\":\"Insektenliebe\"},\"image\":{\"@id\":\"https:\\\/\\\/insektenliebe.com\\\/de\\\/#\\\/schema\\\/logo\\\/image\\\/\"}}]}<\/script>\n<!-- \/ Yoast SEO plugin. -->","yoast_head_json":{"title":"Hobby LED-Thermometer - Insektenliebe","description":"G\u00fcnstiger Hobby LED-Thermometer g\u00fcnstig direkt online kaufen. Der Messbereich ist von 0-40\u00b0 C mit einer Genauigkeit von 0,1\u00b0 C.","robots":{"index":"index","follow":"follow","max-snippet":"max-snippet:-1","max-image-preview":"max-image-preview:large","max-video-preview":"max-video-preview:-1"},"canonical":"https:\/\/insektenliebe.com\/de\/shop\/produkt\/hobby-led-thermometer\/","og_locale":"de_DE","og_type":"article","og_title":"Hobby LED-Thermometer - Insektenliebe","og_description":"G\u00fcnstiger Hobby LED-Thermometer g\u00fcnstig direkt online kaufen. Der Messbereich ist von 0-40\u00b0 C mit einer Genauigkeit von 0,1\u00b0 C.","og_url":"https:\/\/insektenliebe.com\/de\/shop\/produkt\/hobby-led-thermometer\/","og_site_name":"Insektenliebe","article_modified_time":"2026-03-24T18:13:20+00:00","og_image":[{"width":820,"height":820,"url":"https:\/\/insektenliebe.com\/wp-content\/uploads\/2025\/05\/Hobby-LED-Thermometer-2-2.jpg","type":"image\/jpeg"}],"twitter_card":"summary_large_image","twitter_misc":{"Gesch\u00e4tzte Lesezeit":"2\u00a0Minuten"},"schema":{"@context":"https:\/\/schema.org","@graph":[{"@type":"WebPage","@id":"https:\/\/insektenliebe.com\/de\/shop\/produkt\/hobby-led-thermometer\/","url":"https:\/\/insektenliebe.com\/de\/shop\/produkt\/hobby-led-thermometer\/","name":"Hobby LED-Thermometer - Insektenliebe","isPartOf":{"@id":"https:\/\/insektenliebe.com\/de\/#website"},"primaryImageOfPage":{"@id":"https:\/\/insektenliebe.com\/de\/shop\/produkt\/hobby-led-thermometer\/#primaryimage"},"image":{"@id":"https:\/\/insektenliebe.com\/de\/shop\/produkt\/hobby-led-thermometer\/#primaryimage"},"thumbnailUrl":"https:\/\/insektenliebe.com\/wp-content\/uploads\/2025\/05\/Hobby-LED-Thermometer-2-2.jpg","datePublished":"2024-06-24T14:02:00+00:00","dateModified":"2026-03-24T18:13:20+00:00","description":"G\u00fcnstiger Hobby LED-Thermometer g\u00fcnstig direkt online kaufen. Der Messbereich ist von 0-40\u00b0 C mit einer Genauigkeit von 0,1\u00b0 C.","breadcrumb":{"@id":"https:\/\/insektenliebe.com\/de\/shop\/produkt\/hobby-led-thermometer\/#breadcrumb"},"inLanguage":"de","potentialAction":[{"@type":"ReadAction","target":["https:\/\/insektenliebe.com\/de\/shop\/produkt\/hobby-led-thermometer\/"]}]},{"@type":"ImageObject","inLanguage":"de","@id":"https:\/\/insektenliebe.com\/de\/shop\/produkt\/hobby-led-thermometer\/#primaryimage","url":"https:\/\/insektenliebe.com\/wp-content\/uploads\/2025\/05\/Hobby-LED-Thermometer-2-2.jpg","contentUrl":"https:\/\/insektenliebe.com\/wp-content\/uploads\/2025\/05\/Hobby-LED-Thermometer-2-2.jpg","width":820,"height":820,"caption":"Hobby-LED-Thermometer-2-2.jpg"},{"@type":"BreadcrumbList","@id":"https:\/\/insektenliebe.com\/de\/shop\/produkt\/hobby-led-thermometer\/#breadcrumb","itemListElement":[{"@type":"ListItem","position":1,"name":"Startseite","item":"https:\/\/insektenliebe.com\/de\/"},{"@type":"ListItem","position":2,"name":"Shop","item":"https:\/\/insektenliebe.com\/de\/shop\/"},{"@type":"ListItem","position":3,"name":"Hobby LED-Thermometer"}]},{"@type":"WebSite","@id":"https:\/\/insektenliebe.com\/de\/#website","url":"https:\/\/insektenliebe.com\/de\/","name":"Insektenliebe","description":"Dein Zuhause f\u00fcr die kleinen Lebewesen","publisher":{"@id":"https:\/\/insektenliebe.com\/de\/#organization"},"potentialAction":[{"@type":"SearchAction","target":{"@type":"EntryPoint","urlTemplate":"https:\/\/insektenliebe.com\/de\/?s={search_term_string}"},"query-input":{"@type":"PropertyValueSpecification","valueRequired":true,"valueName":"search_term_string"}}],"inLanguage":"de"},{"@type":"Organization","@id":"https:\/\/insektenliebe.com\/de\/#organization","name":"Insektenliebe","url":"https:\/\/insektenliebe.com\/de\/","logo":{"@type":"ImageObject","inLanguage":"de","@id":"https:\/\/insektenliebe.com\/de\/#\/schema\/logo\/image\/","url":"https:\/\/insektenliebe.com\/wp-content\/uploads\/2025\/03\/logo-white.png","contentUrl":"https:\/\/insektenliebe.com\/wp-content\/uploads\/2025\/03\/logo-white.png","width":288,"height":188,"caption":"Insektenliebe"},"image":{"@id":"https:\/\/insektenliebe.com\/de\/#\/schema\/logo\/image\/"}}]}},"_links":{"self":[{"href":"https:\/\/insektenliebe.com\/de\/wp-json\/wp\/v2\/product\/5713","targetHints":{"allow":["GET"]}}],"collection":[{"href":"https:\/\/insektenliebe.com\/de\/wp-json\/wp\/v2\/product"}],"about":[{"href":"https:\/\/insektenliebe.com\/de\/wp-json\/wp\/v2\/types\/product"}],"wp:featuredmedia":[{"embeddable":true,"href":"https:\/\/insektenliebe.com\/de\/wp-json\/wp\/v2\/media\/5742"}],"wp:attachment":[{"href":"https:\/\/insektenliebe.com\/de\/wp-json\/wp\/v2\/media?parent=5713"}],"wp:term":[{"taxonomy":"product-supplier","embeddable":true,"href":"https:\/\/insektenliebe.com\/de\/wp-json\/wp\/v2\/product-supplier?post=5713"},{"taxonomy":"product_brand","embeddable":true,"href":"https:\/\/insektenliebe.com\/de\/wp-json\/wp\/v2\/product_brand?post=5713"},{"taxonomy":"product_cat","embeddable":true,"href":"https:\/\/insektenliebe.com\/de\/wp-json\/wp\/v2\/product_cat?post=5713"},{"taxonomy":"product_tag","embeddable":true,"href":"https:\/\/insektenliebe.com\/de\/wp-json\/wp\/v2\/product_tag?post=5713"},{"taxonomy":"lce-checkout-addons","embeddable":true,"href":"https:\/\/insektenliebe.com\/de\/wp-json\/wp\/v2\/lce-checkout-addons?post=5713"}],"curies":[{"name":"wp","href":"https:\/\/api.w.org\/{rel}","templated":true}]}}