{"id":5705,"date":"2024-06-13T16:34:00","date_gmt":"2024-06-13T14:34:00","guid":{"rendered":"http:\/\/localhost\/ins-test\/?post_type=product&#038;p=5705"},"modified":"2026-03-27T09:39:33","modified_gmt":"2026-03-27T08:39:33","slug":"ophiopogon-kyoto","status":"publish","type":"product","link":"https:\/\/insektenliebe.com\/de\/shop\/produkt\/ophiopogon-kyoto\/","title":{"rendered":"Ophiopogon kyoto"},"content":{"rendered":"<h3><span style=\"color: #99cc33\">Schwarzer Zwergschlangenbart: Pflegeleichte Sch\u00f6nheit f\u00fcr Terrarien<\/span><\/h3>\n<div class=\"group\/conversation-turn relative flex w-full min-w-0 flex-col agent-turn\">\n<div class=\"flex-col gap-1 md:gap-3\">\n<div class=\"flex flex-grow flex-col max-w-full\">\n<div class=\"min-h- text-message flex flex-col items-start whitespace-pre-wrap break-words :mt-5 juice:w-full juice:items-end overflow-x-auto gap-2\" dir=\"auto\" data-message-author-role=\"assistant\" data-message-id=\"622823d4-6ea1-4150-9ef9-019842ccf5a1\">\n<div class=\"flex w-full flex-col gap-1 juice:empty:hidden juice:first:pt-\">\n<div class=\"markdown prose w-full break-words dark:prose-invert light\">\n<p><strong>Ophiopogon kyoto<\/strong> - Auch bekannt als Schwarzer Zwergschlangenbart oder Mondo-Gras, ist eine attraktive, pflegeleichte Pflanze, die durch ihre tiefgr\u00fcnen, fast schwarzen, schmalen Bl\u00e4tter besticht. Sie eignet sich hervorragend f\u00fcr den Einsatz in Terrarien, da sie sowohl \u00e4sthetische als auch praktische Vorteile bietet. Ihre dichte Wuchsform schafft ideale Versteckm\u00f6glichkeiten und Kletterstrukturen f\u00fcr Terrarientiere.<\/p>\n<p><strong>Ophiopogon kyoto<\/strong> ist sehr anpassungsf\u00e4hig und gedeiht sowohl in hellem als auch in schattigem Licht. Die Pflanze ben\u00f6tigt nur m\u00e4\u00dfige Bew\u00e4sserung und ist \u00e4u\u00dferst robust, was sie perfekt f\u00fcr Anf\u00e4nger und erfahrene Pflanzenliebhaber macht. Ihre einzigartige Farbgebung und die pflegeleichte Natur machen sie zu einer beliebten Wahl f\u00fcr jedes Terrarium und verleihen deinem Setup einen Hauch von Exotik und Eleganz.<\/p>\n<div class=\"flex flex-grow flex-col max-w-full\">\n<div class=\"min-h- text-message flex flex-col items-start whitespace-pre-wrap break-words :mt-5 juice:w-full juice:items-end overflow-x-auto gap-2\" dir=\"auto\" data-message-author-role=\"assistant\" data-message-id=\"bc43ad1c-52f0-4f7d-ba3f-3c15c5c0ca83\">\n<div class=\"flex w-full flex-col gap-1 juice:empty:hidden juice:first:pt-\">\n<div class=\"markdown prose w-full break-words dark:prose-invert light\">\n<p><strong>Ophiopogon kyoto<\/strong>bietet deinen Terrarientieren vielf\u00e4ltige Vorteile: Sie k\u00f6nnen Wassertropfen von den Bl\u00e4ttern aufnehmen, sich verstecken, klettern und ihre Ootheken ablegen. Diese pflegeleichte Pflanze schafft so ein gesundes und nat\u00fcrliches Umfeld in deinem Terrarium.<\/p>\n<\/div>\n<\/div>\n<\/div>\n<\/div>\n<\/div>\n<\/div>\n<\/div>\n<\/div>\n<\/div>\n<\/div>\n","protected":false},"excerpt":{"rendered":"<p>Schwarzer Zwergschlangenbart: Pflegeleichte Sch\u00f6nheit f\u00fcr Terrarien Ophiopogon kyoto - Auch bekannt als Schwarzer Zwergschlangenbart oder Mondo-Gras, ist eine attraktive, pflegeleichte Pflanze, die durch ihre tiefgr\u00fcnen, fast schwarzen, schmalen Bl\u00e4tter besticht. Sie eignet sich hervorragend f\u00fcr den Einsatz in Terrarien, da sie sowohl \u00e4sthetische als auch praktische Vorteile bietet. Ihre dichte Wuchsform schafft ideale Versteckm\u00f6glichkeiten und [&hellip;]<\/p>\n","protected":false},"featured_media":5734,"template":"","meta":{"_acf_changed":false},"product-supplier":[],"product_brand":[],"product_cat":[414],"product_tag":[],"lce-checkout-addons":[1202],"class_list":{"0":"post-5705","1":"product","2":"type-product","3":"status-publish","4":"has-post-thumbnail","6":"product_cat-terrarienpflanzen","7":"product_shipping_class-equipment-shipping","8":"pa_herkunft-china","9":"pa_herkunft-japan","10":"pa_herkunft-korea","11":"lce-checkout-addons-winterverpackung","13":"first","14":"instock","15":"taxable","16":"shipping-taxable","17":"purchasable","18":"product-type-simple"},"acf":[],"yoast_head":"<!-- This site is optimized with the Yoast SEO plugin v27.3 - https:\/\/yoast.com\/product\/yoast-seo-wordpress\/ -->\n<title>Ophiopogon kyoto - Insektenliebe<\/title>\n<meta name=\"description\" content=\"G\u00fcnstige Ophiopogon kyoto direkt online kaufen. Eine robuste Terrarienpflanze, die eine nat\u00fcrliche und exotische Umgebung schafft.\" \/>\n<meta name=\"robots\" content=\"index, follow, max-snippet:-1, max-image-preview:large, max-video-preview:-1\" \/>\n<link rel=\"canonical\" href=\"https:\/\/insektenliebe.com\/de\/shop\/produkt\/ophiopogon-kyoto\/\" \/>\n<meta property=\"og:locale\" content=\"de_DE\" \/>\n<meta property=\"og:type\" content=\"article\" \/>\n<meta property=\"og:title\" content=\"Ophiopogon kyoto - Insektenliebe\" \/>\n<meta property=\"og:description\" content=\"G\u00fcnstige Ophiopogon kyoto direkt online kaufen. Eine robuste Terrarienpflanze, die eine nat\u00fcrliche und exotische Umgebung schafft.\" \/>\n<meta property=\"og:url\" content=\"https:\/\/insektenliebe.com\/de\/shop\/produkt\/ophiopogon-kyoto\/\" \/>\n<meta property=\"og:site_name\" content=\"Insektenliebe\" \/>\n<meta property=\"article:modified_time\" content=\"2026-03-27T08:39:33+00:00\" \/>\n<meta property=\"og:image\" content=\"https:\/\/insektenliebe.com\/wp-content\/uploads\/2025\/05\/Ophiopogon-kyoto-2.jpg\" \/>\n\t<meta property=\"og:image:width\" content=\"820\" \/>\n\t<meta property=\"og:image:height\" content=\"820\" \/>\n\t<meta property=\"og:image:type\" content=\"image\/jpeg\" \/>\n<meta name=\"twitter:card\" content=\"summary_large_image\" \/>\n<meta name=\"twitter:label1\" content=\"Gesch\u00e4tzte Lesezeit\" \/>\n\t<meta name=\"twitter:data1\" content=\"2\u00a0Minuten\" \/>\n<script type=\"application\/ld+json\" class=\"yoast-schema-graph\">{\"@context\":\"https:\\\/\\\/schema.org\",\"@graph\":[{\"@type\":\"WebPage\",\"@id\":\"https:\\\/\\\/insektenliebe.com\\\/de\\\/shop\\\/produkt\\\/ophiopogon-kyoto\\\/\",\"url\":\"https:\\\/\\\/insektenliebe.com\\\/de\\\/shop\\\/produkt\\\/ophiopogon-kyoto\\\/\",\"name\":\"Ophiopogon kyoto - Insektenliebe\",\"isPartOf\":{\"@id\":\"https:\\\/\\\/insektenliebe.com\\\/de\\\/#website\"},\"primaryImageOfPage\":{\"@id\":\"https:\\\/\\\/insektenliebe.com\\\/de\\\/shop\\\/produkt\\\/ophiopogon-kyoto\\\/#primaryimage\"},\"image\":{\"@id\":\"https:\\\/\\\/insektenliebe.com\\\/de\\\/shop\\\/produkt\\\/ophiopogon-kyoto\\\/#primaryimage\"},\"thumbnailUrl\":\"https:\\\/\\\/insektenliebe.com\\\/wp-content\\\/uploads\\\/2025\\\/05\\\/Ophiopogon-kyoto-2.jpg\",\"datePublished\":\"2024-06-13T14:34:00+00:00\",\"dateModified\":\"2026-03-27T08:39:33+00:00\",\"description\":\"G\u00fcnstige Ophiopogon kyoto direkt online kaufen. Eine robuste Terrarienpflanze, die eine nat\u00fcrliche und exotische Umgebung schafft.\",\"breadcrumb\":{\"@id\":\"https:\\\/\\\/insektenliebe.com\\\/de\\\/shop\\\/produkt\\\/ophiopogon-kyoto\\\/#breadcrumb\"},\"inLanguage\":\"de\",\"potentialAction\":[{\"@type\":\"ReadAction\",\"target\":[\"https:\\\/\\\/insektenliebe.com\\\/de\\\/shop\\\/produkt\\\/ophiopogon-kyoto\\\/\"]}]},{\"@type\":\"ImageObject\",\"inLanguage\":\"de\",\"@id\":\"https:\\\/\\\/insektenliebe.com\\\/de\\\/shop\\\/produkt\\\/ophiopogon-kyoto\\\/#primaryimage\",\"url\":\"https:\\\/\\\/insektenliebe.com\\\/wp-content\\\/uploads\\\/2025\\\/05\\\/Ophiopogon-kyoto-2.jpg\",\"contentUrl\":\"https:\\\/\\\/insektenliebe.com\\\/wp-content\\\/uploads\\\/2025\\\/05\\\/Ophiopogon-kyoto-2.jpg\",\"width\":820,\"height\":820,\"caption\":\"Ophiopogon-kyoto-2.jpg\"},{\"@type\":\"BreadcrumbList\",\"@id\":\"https:\\\/\\\/insektenliebe.com\\\/de\\\/shop\\\/produkt\\\/ophiopogon-kyoto\\\/#breadcrumb\",\"itemListElement\":[{\"@type\":\"ListItem\",\"position\":1,\"name\":\"Startseite\",\"item\":\"https:\\\/\\\/insektenliebe.com\\\/de\\\/\"},{\"@type\":\"ListItem\",\"position\":2,\"name\":\"Shop\",\"item\":\"https:\\\/\\\/insektenliebe.com\\\/de\\\/shop\\\/\"},{\"@type\":\"ListItem\",\"position\":3,\"name\":\"Ophiopogon kyoto\"}]},{\"@type\":\"WebSite\",\"@id\":\"https:\\\/\\\/insektenliebe.com\\\/de\\\/#website\",\"url\":\"https:\\\/\\\/insektenliebe.com\\\/de\\\/\",\"name\":\"Insektenliebe\",\"description\":\"Dein Zuhause f\u00fcr die kleinen Lebewesen\",\"publisher\":{\"@id\":\"https:\\\/\\\/insektenliebe.com\\\/de\\\/#organization\"},\"potentialAction\":[{\"@type\":\"SearchAction\",\"target\":{\"@type\":\"EntryPoint\",\"urlTemplate\":\"https:\\\/\\\/insektenliebe.com\\\/de\\\/?s={search_term_string}\"},\"query-input\":{\"@type\":\"PropertyValueSpecification\",\"valueRequired\":true,\"valueName\":\"search_term_string\"}}],\"inLanguage\":\"de\"},{\"@type\":\"Organization\",\"@id\":\"https:\\\/\\\/insektenliebe.com\\\/de\\\/#organization\",\"name\":\"Insektenliebe\",\"url\":\"https:\\\/\\\/insektenliebe.com\\\/de\\\/\",\"logo\":{\"@type\":\"ImageObject\",\"inLanguage\":\"de\",\"@id\":\"https:\\\/\\\/insektenliebe.com\\\/de\\\/#\\\/schema\\\/logo\\\/image\\\/\",\"url\":\"https:\\\/\\\/insektenliebe.com\\\/wp-content\\\/uploads\\\/2025\\\/03\\\/logo-white.png\",\"contentUrl\":\"https:\\\/\\\/insektenliebe.com\\\/wp-content\\\/uploads\\\/2025\\\/03\\\/logo-white.png\",\"width\":288,\"height\":188,\"caption\":\"Insektenliebe\"},\"image\":{\"@id\":\"https:\\\/\\\/insektenliebe.com\\\/de\\\/#\\\/schema\\\/logo\\\/image\\\/\"}}]}<\/script>\n<!-- \/ Yoast SEO plugin. -->","yoast_head_json":{"title":"Ophiopogon kyoto - Insektenliebe","description":"G\u00fcnstige Ophiopogon kyoto direkt online kaufen. Eine robuste Terrarienpflanze, die eine nat\u00fcrliche und exotische Umgebung schafft.","robots":{"index":"index","follow":"follow","max-snippet":"max-snippet:-1","max-image-preview":"max-image-preview:large","max-video-preview":"max-video-preview:-1"},"canonical":"https:\/\/insektenliebe.com\/de\/shop\/produkt\/ophiopogon-kyoto\/","og_locale":"de_DE","og_type":"article","og_title":"Ophiopogon kyoto - Insektenliebe","og_description":"G\u00fcnstige Ophiopogon kyoto direkt online kaufen. Eine robuste Terrarienpflanze, die eine nat\u00fcrliche und exotische Umgebung schafft.","og_url":"https:\/\/insektenliebe.com\/de\/shop\/produkt\/ophiopogon-kyoto\/","og_site_name":"Insektenliebe","article_modified_time":"2026-03-27T08:39:33+00:00","og_image":[{"width":820,"height":820,"url":"https:\/\/insektenliebe.com\/wp-content\/uploads\/2025\/05\/Ophiopogon-kyoto-2.jpg","type":"image\/jpeg"}],"twitter_card":"summary_large_image","twitter_misc":{"Gesch\u00e4tzte Lesezeit":"2\u00a0Minuten"},"schema":{"@context":"https:\/\/schema.org","@graph":[{"@type":"WebPage","@id":"https:\/\/insektenliebe.com\/de\/shop\/produkt\/ophiopogon-kyoto\/","url":"https:\/\/insektenliebe.com\/de\/shop\/produkt\/ophiopogon-kyoto\/","name":"Ophiopogon kyoto - Insektenliebe","isPartOf":{"@id":"https:\/\/insektenliebe.com\/de\/#website"},"primaryImageOfPage":{"@id":"https:\/\/insektenliebe.com\/de\/shop\/produkt\/ophiopogon-kyoto\/#primaryimage"},"image":{"@id":"https:\/\/insektenliebe.com\/de\/shop\/produkt\/ophiopogon-kyoto\/#primaryimage"},"thumbnailUrl":"https:\/\/insektenliebe.com\/wp-content\/uploads\/2025\/05\/Ophiopogon-kyoto-2.jpg","datePublished":"2024-06-13T14:34:00+00:00","dateModified":"2026-03-27T08:39:33+00:00","description":"G\u00fcnstige Ophiopogon kyoto direkt online kaufen. Eine robuste Terrarienpflanze, die eine nat\u00fcrliche und exotische Umgebung schafft.","breadcrumb":{"@id":"https:\/\/insektenliebe.com\/de\/shop\/produkt\/ophiopogon-kyoto\/#breadcrumb"},"inLanguage":"de","potentialAction":[{"@type":"ReadAction","target":["https:\/\/insektenliebe.com\/de\/shop\/produkt\/ophiopogon-kyoto\/"]}]},{"@type":"ImageObject","inLanguage":"de","@id":"https:\/\/insektenliebe.com\/de\/shop\/produkt\/ophiopogon-kyoto\/#primaryimage","url":"https:\/\/insektenliebe.com\/wp-content\/uploads\/2025\/05\/Ophiopogon-kyoto-2.jpg","contentUrl":"https:\/\/insektenliebe.com\/wp-content\/uploads\/2025\/05\/Ophiopogon-kyoto-2.jpg","width":820,"height":820,"caption":"Ophiopogon-kyoto-2.jpg"},{"@type":"BreadcrumbList","@id":"https:\/\/insektenliebe.com\/de\/shop\/produkt\/ophiopogon-kyoto\/#breadcrumb","itemListElement":[{"@type":"ListItem","position":1,"name":"Startseite","item":"https:\/\/insektenliebe.com\/de\/"},{"@type":"ListItem","position":2,"name":"Shop","item":"https:\/\/insektenliebe.com\/de\/shop\/"},{"@type":"ListItem","position":3,"name":"Ophiopogon kyoto"}]},{"@type":"WebSite","@id":"https:\/\/insektenliebe.com\/de\/#website","url":"https:\/\/insektenliebe.com\/de\/","name":"Insektenliebe","description":"Dein Zuhause f\u00fcr die kleinen Lebewesen","publisher":{"@id":"https:\/\/insektenliebe.com\/de\/#organization"},"potentialAction":[{"@type":"SearchAction","target":{"@type":"EntryPoint","urlTemplate":"https:\/\/insektenliebe.com\/de\/?s={search_term_string}"},"query-input":{"@type":"PropertyValueSpecification","valueRequired":true,"valueName":"search_term_string"}}],"inLanguage":"de"},{"@type":"Organization","@id":"https:\/\/insektenliebe.com\/de\/#organization","name":"Insektenliebe","url":"https:\/\/insektenliebe.com\/de\/","logo":{"@type":"ImageObject","inLanguage":"de","@id":"https:\/\/insektenliebe.com\/de\/#\/schema\/logo\/image\/","url":"https:\/\/insektenliebe.com\/wp-content\/uploads\/2025\/03\/logo-white.png","contentUrl":"https:\/\/insektenliebe.com\/wp-content\/uploads\/2025\/03\/logo-white.png","width":288,"height":188,"caption":"Insektenliebe"},"image":{"@id":"https:\/\/insektenliebe.com\/de\/#\/schema\/logo\/image\/"}}]}},"_links":{"self":[{"href":"https:\/\/insektenliebe.com\/de\/wp-json\/wp\/v2\/product\/5705","targetHints":{"allow":["GET"]}}],"collection":[{"href":"https:\/\/insektenliebe.com\/de\/wp-json\/wp\/v2\/product"}],"about":[{"href":"https:\/\/insektenliebe.com\/de\/wp-json\/wp\/v2\/types\/product"}],"wp:featuredmedia":[{"embeddable":true,"href":"https:\/\/insektenliebe.com\/de\/wp-json\/wp\/v2\/media\/5734"}],"wp:attachment":[{"href":"https:\/\/insektenliebe.com\/de\/wp-json\/wp\/v2\/media?parent=5705"}],"wp:term":[{"taxonomy":"product-supplier","embeddable":true,"href":"https:\/\/insektenliebe.com\/de\/wp-json\/wp\/v2\/product-supplier?post=5705"},{"taxonomy":"product_brand","embeddable":true,"href":"https:\/\/insektenliebe.com\/de\/wp-json\/wp\/v2\/product_brand?post=5705"},{"taxonomy":"product_cat","embeddable":true,"href":"https:\/\/insektenliebe.com\/de\/wp-json\/wp\/v2\/product_cat?post=5705"},{"taxonomy":"product_tag","embeddable":true,"href":"https:\/\/insektenliebe.com\/de\/wp-json\/wp\/v2\/product_tag?post=5705"},{"taxonomy":"lce-checkout-addons","embeddable":true,"href":"https:\/\/insektenliebe.com\/de\/wp-json\/wp\/v2\/lce-checkout-addons?post=5705"}],"curies":[{"name":"wp","href":"https:\/\/api.w.org\/{rel}","templated":true}]}}