{"id":5673,"date":"2024-04-27T14:35:54","date_gmt":"2024-04-27T12:35:54","guid":{"rendered":"http:\/\/localhost\/ins-test\/?post_type=product&#038;p=5673"},"modified":"2026-04-05T00:19:32","modified_gmt":"2026-04-04T22:19:32","slug":"linothele-fallax","status":"publish","type":"product","link":"https:\/\/insektenliebe.com\/de\/shop\/produkt\/linothele-fallax\/","title":{"rendered":"Linothele fallax"},"content":{"rendered":"<h3><span style=\"color: #99cc33\">Die Architektur des \u00dcberlebens: Grundlagen der Haltung der Linothele fallax Vogelspinne<\/span><\/h3>\n<p>Die Haltung von <strong>Linothele fallax<\/strong> ist nicht nur spannend, sondern auch \u00fcberraschend einfach, solange ihre spezifischen Bed\u00fcrfnisse erf\u00fcllt werden. Sie ben\u00f6tigt eine konstante Luftfeuchtigkeit von 80-90 % und f\u00fchlt sich bei Temperaturen zwischen 24-26 Grad Celsius besonders wohl. Ein ideales Zuhause f\u00fcr die <strong>Linothele fallax<\/strong> ist ein Terrarium mit den Ma\u00dfen 30x30x30 cm. Wir empfehlen hierf\u00fcr das ReptiPlanet Terrarium, das von oben ge\u00f6ffnet werden kann. Diese \u00d6ffnungsweise erleichtert die Pflege und das Handling der Spinne enorm. Durch die praktische Futterluke kannst du die Futtertiere ganz einfach ins Terrarium geben, ohne dabei die Vogelspinne zu st\u00f6ren.<\/p>\n<p>Die <strong>Linothele fallax<\/strong> ist eine bodenbewohnende Vogelspinnenart, die ihre Netze bevorzugt auf dem Bodengrund anlegt. Am besten du platzierst im Terrarium ist ein zentral platzierter Zweig. Die <strong>Linothele fallax<\/strong> nutzt diesen, um ihr beeindruckendes und k\u00fcnstlerisch anmutendes Netz zu spinnen. Diese Netze sind nicht nur ein Beweis f\u00fcr die kreative Seite der Natur, sondern dienen der Spinne auch als Jagdgrund und R\u00fcckzugsort.<\/p>\n<p>Die F\u00fctterung ist unkompliziert. Sie frisst einmal w\u00f6chentlich, was die F\u00fctterung sehr planbar und einfach macht. Die Futtertiere k\u00f6nnen fast so gro\u00df wie die Spinne selbst sein. Eine Wasserschale ist nicht n\u00f6tig, denn die Spinne nimmt die ben\u00f6tigte Feuchtigkeit direkt aus ihrem Netz auf. Daher solltest du beim spr\u00fchen auch immer ausreichend das Netz befeuchten.<\/p>\n<div class=\"react-scroll-to-bottom--css-sbfrk-1n7m0yu\">\n<div class=\"flex flex-col text-sm pb-9\">\n<div class=\"w-full text-token-text-primary sm:AIPRM__conversation__response\" data-testid=\"conversation-turn-29\">\n<div class=\"px-4 py-2 justify-center text-base md:gap-6 m-auto\">\n<div class=\"flex flex-1 text-base mx-auto gap-3 md:px-5 lg:px-1 xl:px-5 md:max-w-3xl lg:max-w- xl:max-w- group final-completion\">\n<div class=\"relative flex w-full flex-col agent-turn\">\n<div class=\"flex-col gap-1 md:gap-3\">\n<div class=\"flex flex-grow flex-col max-w-full\">\n<div class=\"min-h- text-message flex flex-col items-start gap-3 whitespace-pre-wrap break-words :mt-5 overflow-x-auto\" data-message-author-role=\"assistant\" data-message-id=\"89823a24-f53f-48eb-82b0-84e3103fabe2\">\n<div class=\"markdown prose w-full break-words dark:prose-invert light AIPRM__conversation__response\">\n<p>Dekorative Pflanzen oder andere Elemente im Terrarium sind nicht n\u00f6tig, da die Spinne diese in ihr Netz einweben w\u00fcrde. Das minimalistische Setup betont stattdessen die nat\u00fcrliche Sch\u00f6nheit und die faszinierenden Verhaltensweisen der <strong>Linothele fallax<\/strong>.<\/p>\n<p>Mit der richtigen Pflege und dem Verst\u00e4ndnis f\u00fcr ihre Bed\u00fcrfnisse kannst du die einzigartige Sch\u00f6nheit und das interessante Verhalten jeden Tag genie\u00dfen und gleichzeitig ein St\u00fcck exotische Natur bei dir Zuhause erleben.<\/p>\n<\/div>\n<\/div>\n<\/div>\n<\/div>\n<\/div>\n<\/div>\n<\/div>\n<\/div>\n<\/div>\n<\/div>\n","protected":false},"excerpt":{"rendered":"<p>Die Architektur des \u00dcberlebens: Grundlagen der Haltung der Linothele fallax Vogelspinne Die Haltung von Linothele fallax ist nicht nur spannend, sondern auch \u00fcberraschend einfach, solange ihre spezifischen Bed\u00fcrfnisse erf\u00fcllt werden. Sie ben\u00f6tigt eine konstante Luftfeuchtigkeit von 80-90 % und f\u00fchlt sich bei Temperaturen zwischen 24-26 Grad Celsius besonders wohl. Ein ideales Zuhause f\u00fcr die Linothele [&hellip;]<\/p>\n","protected":false},"featured_media":5701,"template":"","meta":{"_acf_changed":false},"product-supplier":[],"product_brand":[],"product_cat":[79,626],"product_tag":[],"lce-checkout-addons":[1202],"class_list":{"0":"post-5673","1":"product","2":"type-product","3":"status-publish","4":"has-post-thumbnail","6":"product_cat-sonstige-spinnen","7":"product_cat-spinnen","8":"product_shipping_class-animal-shipping","9":"pa_geschlecht-maennlich","10":"pa_geschlecht-unbestimmt","11":"pa_geschlecht-weiblich","12":"pa_herkunft-bolivien","13":"pa_kontinent-suedamerika","14":"lce-checkout-addons-winterverpackung","16":"first","17":"instock","18":"sale","19":"taxable","20":"shipping-taxable","21":"purchasable","22":"product-type-variable"},"acf":[],"yoast_head":"<!-- This site is optimized with the Yoast SEO plugin v27.3 - https:\/\/yoast.com\/product\/yoast-seo-wordpress\/ -->\n<title>Linothele fallax - Insektenliebe<\/title>\n<meta name=\"description\" content=\"G\u00fcnstige Linothele fallax direkt direkt online kaufen! Tolle Vogelspinne mit einem kreativem Netzbau. Auch f\u00fcr Einsteiger geeignet!\" \/>\n<meta name=\"robots\" content=\"index, follow, max-snippet:-1, max-image-preview:large, max-video-preview:-1\" \/>\n<link rel=\"canonical\" href=\"https:\/\/insektenliebe.com\/de\/shop\/produkt\/linothele-fallax\/\" \/>\n<meta property=\"og:locale\" content=\"de_DE\" \/>\n<meta property=\"og:type\" content=\"article\" \/>\n<meta property=\"og:title\" content=\"Linothele fallax - Insektenliebe\" \/>\n<meta property=\"og:description\" content=\"G\u00fcnstige Linothele fallax direkt direkt online kaufen! Tolle Vogelspinne mit einem kreativem Netzbau. Auch f\u00fcr Einsteiger geeignet!\" \/>\n<meta property=\"og:url\" content=\"https:\/\/insektenliebe.com\/de\/shop\/produkt\/linothele-fallax\/\" \/>\n<meta property=\"og:site_name\" content=\"Insektenliebe\" \/>\n<meta property=\"article:modified_time\" content=\"2026-04-04T22:19:32+00:00\" \/>\n<meta property=\"og:image\" content=\"https:\/\/insektenliebe.com\/wp-content\/uploads\/2025\/05\/Linothele-fallax-2.jpg\" \/>\n\t<meta property=\"og:image:width\" content=\"820\" \/>\n\t<meta property=\"og:image:height\" content=\"820\" \/>\n\t<meta property=\"og:image:type\" content=\"image\/jpeg\" \/>\n<meta name=\"twitter:card\" content=\"summary_large_image\" \/>\n<meta name=\"twitter:label1\" content=\"Gesch\u00e4tzte Lesezeit\" \/>\n\t<meta name=\"twitter:data1\" content=\"2\u00a0Minuten\" \/>\n<script type=\"application\/ld+json\" class=\"yoast-schema-graph\">{\"@context\":\"https:\\\/\\\/schema.org\",\"@graph\":[{\"@type\":\"WebPage\",\"@id\":\"https:\\\/\\\/insektenliebe.com\\\/de\\\/shop\\\/produkt\\\/linothele-fallax\\\/\",\"url\":\"https:\\\/\\\/insektenliebe.com\\\/de\\\/shop\\\/produkt\\\/linothele-fallax\\\/\",\"name\":\"Linothele fallax - Insektenliebe\",\"isPartOf\":{\"@id\":\"https:\\\/\\\/insektenliebe.com\\\/de\\\/#website\"},\"primaryImageOfPage\":{\"@id\":\"https:\\\/\\\/insektenliebe.com\\\/de\\\/shop\\\/produkt\\\/linothele-fallax\\\/#primaryimage\"},\"image\":{\"@id\":\"https:\\\/\\\/insektenliebe.com\\\/de\\\/shop\\\/produkt\\\/linothele-fallax\\\/#primaryimage\"},\"thumbnailUrl\":\"https:\\\/\\\/insektenliebe.com\\\/wp-content\\\/uploads\\\/2025\\\/05\\\/Linothele-fallax-2.jpg\",\"datePublished\":\"2024-04-27T12:35:54+00:00\",\"dateModified\":\"2026-04-04T22:19:32+00:00\",\"description\":\"G\u00fcnstige Linothele fallax direkt direkt online kaufen! Tolle Vogelspinne mit einem kreativem Netzbau. Auch f\u00fcr Einsteiger geeignet!\",\"breadcrumb\":{\"@id\":\"https:\\\/\\\/insektenliebe.com\\\/de\\\/shop\\\/produkt\\\/linothele-fallax\\\/#breadcrumb\"},\"inLanguage\":\"de\",\"potentialAction\":[{\"@type\":\"ReadAction\",\"target\":[\"https:\\\/\\\/insektenliebe.com\\\/de\\\/shop\\\/produkt\\\/linothele-fallax\\\/\"]}]},{\"@type\":\"ImageObject\",\"inLanguage\":\"de\",\"@id\":\"https:\\\/\\\/insektenliebe.com\\\/de\\\/shop\\\/produkt\\\/linothele-fallax\\\/#primaryimage\",\"url\":\"https:\\\/\\\/insektenliebe.com\\\/wp-content\\\/uploads\\\/2025\\\/05\\\/Linothele-fallax-2.jpg\",\"contentUrl\":\"https:\\\/\\\/insektenliebe.com\\\/wp-content\\\/uploads\\\/2025\\\/05\\\/Linothele-fallax-2.jpg\",\"width\":820,\"height\":820,\"caption\":\"Linothele-fallax-2.jpg\"},{\"@type\":\"BreadcrumbList\",\"@id\":\"https:\\\/\\\/insektenliebe.com\\\/de\\\/shop\\\/produkt\\\/linothele-fallax\\\/#breadcrumb\",\"itemListElement\":[{\"@type\":\"ListItem\",\"position\":1,\"name\":\"Startseite\",\"item\":\"https:\\\/\\\/insektenliebe.com\\\/de\\\/\"},{\"@type\":\"ListItem\",\"position\":2,\"name\":\"Shop\",\"item\":\"https:\\\/\\\/insektenliebe.com\\\/de\\\/shop\\\/\"},{\"@type\":\"ListItem\",\"position\":3,\"name\":\"Linothele fallax\"}]},{\"@type\":\"WebSite\",\"@id\":\"https:\\\/\\\/insektenliebe.com\\\/de\\\/#website\",\"url\":\"https:\\\/\\\/insektenliebe.com\\\/de\\\/\",\"name\":\"Insektenliebe\",\"description\":\"Dein Zuhause f\u00fcr die kleinen Lebewesen\",\"publisher\":{\"@id\":\"https:\\\/\\\/insektenliebe.com\\\/de\\\/#organization\"},\"potentialAction\":[{\"@type\":\"SearchAction\",\"target\":{\"@type\":\"EntryPoint\",\"urlTemplate\":\"https:\\\/\\\/insektenliebe.com\\\/de\\\/?s={search_term_string}\"},\"query-input\":{\"@type\":\"PropertyValueSpecification\",\"valueRequired\":true,\"valueName\":\"search_term_string\"}}],\"inLanguage\":\"de\"},{\"@type\":\"Organization\",\"@id\":\"https:\\\/\\\/insektenliebe.com\\\/de\\\/#organization\",\"name\":\"Insektenliebe\",\"url\":\"https:\\\/\\\/insektenliebe.com\\\/de\\\/\",\"logo\":{\"@type\":\"ImageObject\",\"inLanguage\":\"de\",\"@id\":\"https:\\\/\\\/insektenliebe.com\\\/de\\\/#\\\/schema\\\/logo\\\/image\\\/\",\"url\":\"https:\\\/\\\/insektenliebe.com\\\/wp-content\\\/uploads\\\/2025\\\/03\\\/logo-white.png\",\"contentUrl\":\"https:\\\/\\\/insektenliebe.com\\\/wp-content\\\/uploads\\\/2025\\\/03\\\/logo-white.png\",\"width\":288,\"height\":188,\"caption\":\"Insektenliebe\"},\"image\":{\"@id\":\"https:\\\/\\\/insektenliebe.com\\\/de\\\/#\\\/schema\\\/logo\\\/image\\\/\"}}]}<\/script>\n<!-- \/ Yoast SEO plugin. -->","yoast_head_json":{"title":"Linothele fallax - Insektenliebe","description":"G\u00fcnstige Linothele fallax direkt direkt online kaufen! Tolle Vogelspinne mit einem kreativem Netzbau. Auch f\u00fcr Einsteiger geeignet!","robots":{"index":"index","follow":"follow","max-snippet":"max-snippet:-1","max-image-preview":"max-image-preview:large","max-video-preview":"max-video-preview:-1"},"canonical":"https:\/\/insektenliebe.com\/de\/shop\/produkt\/linothele-fallax\/","og_locale":"de_DE","og_type":"article","og_title":"Linothele fallax - Insektenliebe","og_description":"G\u00fcnstige Linothele fallax direkt direkt online kaufen! Tolle Vogelspinne mit einem kreativem Netzbau. Auch f\u00fcr Einsteiger geeignet!","og_url":"https:\/\/insektenliebe.com\/de\/shop\/produkt\/linothele-fallax\/","og_site_name":"Insektenliebe","article_modified_time":"2026-04-04T22:19:32+00:00","og_image":[{"width":820,"height":820,"url":"https:\/\/insektenliebe.com\/wp-content\/uploads\/2025\/05\/Linothele-fallax-2.jpg","type":"image\/jpeg"}],"twitter_card":"summary_large_image","twitter_misc":{"Gesch\u00e4tzte Lesezeit":"2\u00a0Minuten"},"schema":{"@context":"https:\/\/schema.org","@graph":[{"@type":"WebPage","@id":"https:\/\/insektenliebe.com\/de\/shop\/produkt\/linothele-fallax\/","url":"https:\/\/insektenliebe.com\/de\/shop\/produkt\/linothele-fallax\/","name":"Linothele fallax - Insektenliebe","isPartOf":{"@id":"https:\/\/insektenliebe.com\/de\/#website"},"primaryImageOfPage":{"@id":"https:\/\/insektenliebe.com\/de\/shop\/produkt\/linothele-fallax\/#primaryimage"},"image":{"@id":"https:\/\/insektenliebe.com\/de\/shop\/produkt\/linothele-fallax\/#primaryimage"},"thumbnailUrl":"https:\/\/insektenliebe.com\/wp-content\/uploads\/2025\/05\/Linothele-fallax-2.jpg","datePublished":"2024-04-27T12:35:54+00:00","dateModified":"2026-04-04T22:19:32+00:00","description":"G\u00fcnstige Linothele fallax direkt direkt online kaufen! Tolle Vogelspinne mit einem kreativem Netzbau. Auch f\u00fcr Einsteiger geeignet!","breadcrumb":{"@id":"https:\/\/insektenliebe.com\/de\/shop\/produkt\/linothele-fallax\/#breadcrumb"},"inLanguage":"de","potentialAction":[{"@type":"ReadAction","target":["https:\/\/insektenliebe.com\/de\/shop\/produkt\/linothele-fallax\/"]}]},{"@type":"ImageObject","inLanguage":"de","@id":"https:\/\/insektenliebe.com\/de\/shop\/produkt\/linothele-fallax\/#primaryimage","url":"https:\/\/insektenliebe.com\/wp-content\/uploads\/2025\/05\/Linothele-fallax-2.jpg","contentUrl":"https:\/\/insektenliebe.com\/wp-content\/uploads\/2025\/05\/Linothele-fallax-2.jpg","width":820,"height":820,"caption":"Linothele-fallax-2.jpg"},{"@type":"BreadcrumbList","@id":"https:\/\/insektenliebe.com\/de\/shop\/produkt\/linothele-fallax\/#breadcrumb","itemListElement":[{"@type":"ListItem","position":1,"name":"Startseite","item":"https:\/\/insektenliebe.com\/de\/"},{"@type":"ListItem","position":2,"name":"Shop","item":"https:\/\/insektenliebe.com\/de\/shop\/"},{"@type":"ListItem","position":3,"name":"Linothele fallax"}]},{"@type":"WebSite","@id":"https:\/\/insektenliebe.com\/de\/#website","url":"https:\/\/insektenliebe.com\/de\/","name":"Insektenliebe","description":"Dein Zuhause f\u00fcr die kleinen Lebewesen","publisher":{"@id":"https:\/\/insektenliebe.com\/de\/#organization"},"potentialAction":[{"@type":"SearchAction","target":{"@type":"EntryPoint","urlTemplate":"https:\/\/insektenliebe.com\/de\/?s={search_term_string}"},"query-input":{"@type":"PropertyValueSpecification","valueRequired":true,"valueName":"search_term_string"}}],"inLanguage":"de"},{"@type":"Organization","@id":"https:\/\/insektenliebe.com\/de\/#organization","name":"Insektenliebe","url":"https:\/\/insektenliebe.com\/de\/","logo":{"@type":"ImageObject","inLanguage":"de","@id":"https:\/\/insektenliebe.com\/de\/#\/schema\/logo\/image\/","url":"https:\/\/insektenliebe.com\/wp-content\/uploads\/2025\/03\/logo-white.png","contentUrl":"https:\/\/insektenliebe.com\/wp-content\/uploads\/2025\/03\/logo-white.png","width":288,"height":188,"caption":"Insektenliebe"},"image":{"@id":"https:\/\/insektenliebe.com\/de\/#\/schema\/logo\/image\/"}}]}},"_links":{"self":[{"href":"https:\/\/insektenliebe.com\/de\/wp-json\/wp\/v2\/product\/5673","targetHints":{"allow":["GET"]}}],"collection":[{"href":"https:\/\/insektenliebe.com\/de\/wp-json\/wp\/v2\/product"}],"about":[{"href":"https:\/\/insektenliebe.com\/de\/wp-json\/wp\/v2\/types\/product"}],"wp:featuredmedia":[{"embeddable":true,"href":"https:\/\/insektenliebe.com\/de\/wp-json\/wp\/v2\/media\/5701"}],"wp:attachment":[{"href":"https:\/\/insektenliebe.com\/de\/wp-json\/wp\/v2\/media?parent=5673"}],"wp:term":[{"taxonomy":"product-supplier","embeddable":true,"href":"https:\/\/insektenliebe.com\/de\/wp-json\/wp\/v2\/product-supplier?post=5673"},{"taxonomy":"product_brand","embeddable":true,"href":"https:\/\/insektenliebe.com\/de\/wp-json\/wp\/v2\/product_brand?post=5673"},{"taxonomy":"product_cat","embeddable":true,"href":"https:\/\/insektenliebe.com\/de\/wp-json\/wp\/v2\/product_cat?post=5673"},{"taxonomy":"product_tag","embeddable":true,"href":"https:\/\/insektenliebe.com\/de\/wp-json\/wp\/v2\/product_tag?post=5673"},{"taxonomy":"lce-checkout-addons","embeddable":true,"href":"https:\/\/insektenliebe.com\/de\/wp-json\/wp\/v2\/lce-checkout-addons?post=5673"}],"curies":[{"name":"wp","href":"https:\/\/api.w.org\/{rel}","templated":true}]}}