{"id":5666,"date":"2024-04-16T17:25:00","date_gmt":"2024-04-16T15:25:00","guid":{"rendered":"http:\/\/localhost\/ins-test\/?post_type=product&#038;p=5666"},"modified":"2026-03-08T17:14:22","modified_gmt":"2026-03-08T16:14:22","slug":"rentiermoos","status":"publish","type":"product","link":"https:\/\/insektenliebe.com\/de\/shop\/produkt\/rentiermoos\/","title":{"rendered":"Rentiermoos"},"content":{"rendered":"<h3><span style=\"color: #99cc33;\"><strong>Rentiermoos setzt Akzente im Terrarium<\/strong><\/span><\/h3>\n<p class=\"p1\">Mach dich bereit f\u00fcr eine kleine gr\u00fcne Revolution in deinem Terrarium mit unserem neuen <b>Rentiermoos<\/b> direkt aus den unber\u00fchrten W\u00e4ldern Lettlands! Dieses naturbelassene Wunderwerk ist die perfekte Mischung aus Dekoration und praktischem Nutzen.<\/p>\n<p class=\"p1\">Du suchst einen geheimen R\u00fcckzugsort f\u00fcr deine Springspinnen? Mit diesem Moos geben wir ihnen den perfekten Ort, um sich zu verstecken und das Leben aus der zweiten Reihe zu genie\u00dfen. Aber das ist l\u00e4ngst nicht alles, was unser <b>Rentiermoos<\/b> kann. Es ist auch ein echter Hingucker und bringt ein St\u00fcck wilde Natur direkt zu dir nach Hause.<\/p>\n<p class=\"p1\">Das <b>Rentiermoos<\/b> ist nicht nur sch\u00f6n anzusehen, sondern auch ein wahres Multitalent in Sachen Gesundheit. Es hilft, die Luftfeuchtigkeit in deinem Terrarium optimal zu halten \u2013 perfekt f\u00fcr feuchtigkeitsliebende Terrarienbewohner. Gleichzeitig ist es eine nat\u00fcrliche Quelle f\u00fcr Protein und wirkt antiseptisch, was besonders deine Schnecken wie Archachatina und verschiedene Baumschnecken zu sch\u00e4tzen wissen. Diese kleinen Sch\u00f6nheiten brauchen Protein, und wer m\u00f6chte schon chemische Zus\u00e4tze im Essen seiner Haustiere?<\/p>\n<p class=\"p1\">Auch Tausendf\u00fc\u00dfer und Asseln sind gro\u00dfe Fans unseres <b>Rentiermooses<\/b>. Sie profitieren von seiner n\u00e4hrstoffreichen Zusammensetzung und f\u00fchlen sich rundum wohl in ihrer neuen, gr\u00fcnen Umgebung.<\/p>\n<p>&nbsp;<\/p>\n<div id=\"cc-m-12719937849\" class=\"j-module n j-hgrid \">\n<div class=\"cc-m-hgrid-column last\">\n<div id=\"cc-matrix-3557208649\">\n<div id=\"cc-m-12719945849\" class=\"j-module n j-text \">\n<p class=\"p1\">Unser <b>Rentiermoos<\/b> wird sorgf\u00e4ltig von Hand im lettischen Wald gesammelt und von Unreinheiten befreit, ganz ohne den Einsatz von Pestiziden. So garantieren wir dir ein 100% nat\u00fcrliches Produkt, das sicher und gesund f\u00fcr alle deine Terrarienbewohner ist.<\/p>\n<p>Obwohl es oft als \u201e<strong>Rentiermoos<\/strong>\u201c bezeichnet wird, ist unser Produkt eigentlich eine Flechte. Diese robuste Symbiose aus Pilzen und Algen ist nicht nur widerstandsf\u00e4higer als normales Moos, sondern auch \u00e4u\u00dferst anpassungsf\u00e4hig und ideal f\u00fcr dein Terrarium. Sie bringt nicht nur visuelle Abwechslung, sondern unterst\u00fctzt auch das Mikroklima.<\/p>\n<p class=\"p1\">Versch\u00f6nere dein Terrarium mit einem Touch von wilder lettischer Natur und biete deinen kleinen Freunden gleichzeitig ein gesundes, n\u00e4hrstoffreiches Zuhause. Probier unser <b>Rentiermoos<\/b> aus und \u00fcberzeug dich selbst von seiner magischen Wirkung!<\/p>\n<\/div>\n<\/div>\n<\/div>\n<\/div>\n","protected":false},"excerpt":{"rendered":"<p>Rentiermoos setzt Akzente im Terrarium Mach dich bereit f\u00fcr eine kleine gr\u00fcne Revolution in deinem Terrarium mit unserem neuen Rentiermoos direkt aus den unber\u00fchrten W\u00e4ldern Lettlands! Dieses naturbelassene Wunderwerk ist die perfekte Mischung aus Dekoration und praktischem Nutzen. Du suchst einen geheimen R\u00fcckzugsort f\u00fcr deine Springspinnen? Mit diesem Moos geben wir ihnen den perfekten Ort, [&hellip;]<\/p>\n","protected":false},"featured_media":5694,"template":"","meta":{"_acf_changed":false},"product-supplier":[],"product_brand":[],"product_cat":[253,129],"product_tag":[],"lce-checkout-addons":[],"class_list":{"0":"post-5666","1":"product","2":"type-product","3":"status-publish","4":"has-post-thumbnail","6":"product_cat-einrichtung-dekoration","7":"product_cat-futter-kalzium","8":"product_shipping_class-equipment-shipping","9":"pa_herkunft-lettland","11":"first","12":"instock","13":"sale","14":"taxable","15":"shipping-taxable","16":"purchasable","17":"product-type-simple"},"acf":[],"yoast_head":"<!-- This site is optimized with the Yoast SEO plugin v27.3 - https:\/\/yoast.com\/product\/yoast-seo-wordpress\/ -->\n<title>Rentiermoos - Insektenliebe<\/title>\n<meta name=\"description\" content=\"G\u00fcnstiger Rentiermoos direkt online kaufen. Die perfekte nat\u00fcrliche Versteckm\u00f6glichkeit und Dekoration im Terrarium. Perfektes Futter f\u00fcr Erstzersetzer.\" \/>\n<meta name=\"robots\" content=\"index, follow, max-snippet:-1, max-image-preview:large, max-video-preview:-1\" \/>\n<link rel=\"canonical\" href=\"https:\/\/insektenliebe.com\/de\/shop\/produkt\/rentiermoos\/\" \/>\n<meta property=\"og:locale\" content=\"de_DE\" \/>\n<meta property=\"og:type\" content=\"article\" \/>\n<meta property=\"og:title\" content=\"Rentiermoos - Insektenliebe\" \/>\n<meta property=\"og:description\" content=\"G\u00fcnstiger Rentiermoos direkt online kaufen. Die perfekte nat\u00fcrliche Versteckm\u00f6glichkeit und Dekoration im Terrarium. Perfektes Futter f\u00fcr Erstzersetzer.\" \/>\n<meta property=\"og:url\" content=\"https:\/\/insektenliebe.com\/de\/shop\/produkt\/rentiermoos\/\" \/>\n<meta property=\"og:site_name\" content=\"Insektenliebe\" \/>\n<meta property=\"article:modified_time\" content=\"2026-03-08T16:14:22+00:00\" \/>\n<meta property=\"og:image\" content=\"https:\/\/insektenliebe.com\/wp-content\/uploads\/2025\/05\/Rentiermoos-1-2.jpg\" \/>\n\t<meta property=\"og:image:width\" content=\"820\" \/>\n\t<meta property=\"og:image:height\" content=\"820\" \/>\n\t<meta property=\"og:image:type\" content=\"image\/jpeg\" \/>\n<meta name=\"twitter:card\" content=\"summary_large_image\" \/>\n<meta name=\"twitter:label1\" content=\"Gesch\u00e4tzte Lesezeit\" \/>\n\t<meta name=\"twitter:data1\" content=\"2\u00a0Minuten\" \/>\n<script type=\"application\/ld+json\" class=\"yoast-schema-graph\">{\"@context\":\"https:\\\/\\\/schema.org\",\"@graph\":[{\"@type\":\"WebPage\",\"@id\":\"https:\\\/\\\/insektenliebe.com\\\/de\\\/shop\\\/produkt\\\/rentiermoos\\\/\",\"url\":\"https:\\\/\\\/insektenliebe.com\\\/de\\\/shop\\\/produkt\\\/rentiermoos\\\/\",\"name\":\"Rentiermoos - Insektenliebe\",\"isPartOf\":{\"@id\":\"https:\\\/\\\/insektenliebe.com\\\/de\\\/#website\"},\"primaryImageOfPage\":{\"@id\":\"https:\\\/\\\/insektenliebe.com\\\/de\\\/shop\\\/produkt\\\/rentiermoos\\\/#primaryimage\"},\"image\":{\"@id\":\"https:\\\/\\\/insektenliebe.com\\\/de\\\/shop\\\/produkt\\\/rentiermoos\\\/#primaryimage\"},\"thumbnailUrl\":\"https:\\\/\\\/insektenliebe.com\\\/wp-content\\\/uploads\\\/2025\\\/05\\\/Rentiermoos-1-2.jpg\",\"datePublished\":\"2024-04-16T15:25:00+00:00\",\"dateModified\":\"2026-03-08T16:14:22+00:00\",\"description\":\"G\u00fcnstiger Rentiermoos direkt online kaufen. Die perfekte nat\u00fcrliche Versteckm\u00f6glichkeit und Dekoration im Terrarium. Perfektes Futter f\u00fcr Erstzersetzer.\",\"breadcrumb\":{\"@id\":\"https:\\\/\\\/insektenliebe.com\\\/de\\\/shop\\\/produkt\\\/rentiermoos\\\/#breadcrumb\"},\"inLanguage\":\"de\",\"potentialAction\":[{\"@type\":\"ReadAction\",\"target\":[\"https:\\\/\\\/insektenliebe.com\\\/de\\\/shop\\\/produkt\\\/rentiermoos\\\/\"]}]},{\"@type\":\"ImageObject\",\"inLanguage\":\"de\",\"@id\":\"https:\\\/\\\/insektenliebe.com\\\/de\\\/shop\\\/produkt\\\/rentiermoos\\\/#primaryimage\",\"url\":\"https:\\\/\\\/insektenliebe.com\\\/wp-content\\\/uploads\\\/2025\\\/05\\\/Rentiermoos-1-2.jpg\",\"contentUrl\":\"https:\\\/\\\/insektenliebe.com\\\/wp-content\\\/uploads\\\/2025\\\/05\\\/Rentiermoos-1-2.jpg\",\"width\":820,\"height\":820,\"caption\":\"Rentiermoos-1-2.jpg\"},{\"@type\":\"BreadcrumbList\",\"@id\":\"https:\\\/\\\/insektenliebe.com\\\/de\\\/shop\\\/produkt\\\/rentiermoos\\\/#breadcrumb\",\"itemListElement\":[{\"@type\":\"ListItem\",\"position\":1,\"name\":\"Startseite\",\"item\":\"https:\\\/\\\/insektenliebe.com\\\/de\\\/\"},{\"@type\":\"ListItem\",\"position\":2,\"name\":\"Shop\",\"item\":\"https:\\\/\\\/insektenliebe.com\\\/de\\\/shop\\\/\"},{\"@type\":\"ListItem\",\"position\":3,\"name\":\"Rentiermoos\"}]},{\"@type\":\"WebSite\",\"@id\":\"https:\\\/\\\/insektenliebe.com\\\/de\\\/#website\",\"url\":\"https:\\\/\\\/insektenliebe.com\\\/de\\\/\",\"name\":\"Insektenliebe\",\"description\":\"Dein Zuhause f\u00fcr die kleinen Lebewesen\",\"publisher\":{\"@id\":\"https:\\\/\\\/insektenliebe.com\\\/de\\\/#organization\"},\"potentialAction\":[{\"@type\":\"SearchAction\",\"target\":{\"@type\":\"EntryPoint\",\"urlTemplate\":\"https:\\\/\\\/insektenliebe.com\\\/de\\\/?s={search_term_string}\"},\"query-input\":{\"@type\":\"PropertyValueSpecification\",\"valueRequired\":true,\"valueName\":\"search_term_string\"}}],\"inLanguage\":\"de\"},{\"@type\":\"Organization\",\"@id\":\"https:\\\/\\\/insektenliebe.com\\\/de\\\/#organization\",\"name\":\"Insektenliebe\",\"url\":\"https:\\\/\\\/insektenliebe.com\\\/de\\\/\",\"logo\":{\"@type\":\"ImageObject\",\"inLanguage\":\"de\",\"@id\":\"https:\\\/\\\/insektenliebe.com\\\/de\\\/#\\\/schema\\\/logo\\\/image\\\/\",\"url\":\"https:\\\/\\\/insektenliebe.com\\\/wp-content\\\/uploads\\\/2025\\\/03\\\/logo-white.png\",\"contentUrl\":\"https:\\\/\\\/insektenliebe.com\\\/wp-content\\\/uploads\\\/2025\\\/03\\\/logo-white.png\",\"width\":288,\"height\":188,\"caption\":\"Insektenliebe\"},\"image\":{\"@id\":\"https:\\\/\\\/insektenliebe.com\\\/de\\\/#\\\/schema\\\/logo\\\/image\\\/\"}}]}<\/script>\n<!-- \/ Yoast SEO plugin. -->","yoast_head_json":{"title":"Rentiermoos - Insektenliebe","description":"G\u00fcnstiger Rentiermoos direkt online kaufen. Die perfekte nat\u00fcrliche Versteckm\u00f6glichkeit und Dekoration im Terrarium. Perfektes Futter f\u00fcr Erstzersetzer.","robots":{"index":"index","follow":"follow","max-snippet":"max-snippet:-1","max-image-preview":"max-image-preview:large","max-video-preview":"max-video-preview:-1"},"canonical":"https:\/\/insektenliebe.com\/de\/shop\/produkt\/rentiermoos\/","og_locale":"de_DE","og_type":"article","og_title":"Rentiermoos - Insektenliebe","og_description":"G\u00fcnstiger Rentiermoos direkt online kaufen. Die perfekte nat\u00fcrliche Versteckm\u00f6glichkeit und Dekoration im Terrarium. Perfektes Futter f\u00fcr Erstzersetzer.","og_url":"https:\/\/insektenliebe.com\/de\/shop\/produkt\/rentiermoos\/","og_site_name":"Insektenliebe","article_modified_time":"2026-03-08T16:14:22+00:00","og_image":[{"width":820,"height":820,"url":"https:\/\/insektenliebe.com\/wp-content\/uploads\/2025\/05\/Rentiermoos-1-2.jpg","type":"image\/jpeg"}],"twitter_card":"summary_large_image","twitter_misc":{"Gesch\u00e4tzte Lesezeit":"2\u00a0Minuten"},"schema":{"@context":"https:\/\/schema.org","@graph":[{"@type":"WebPage","@id":"https:\/\/insektenliebe.com\/de\/shop\/produkt\/rentiermoos\/","url":"https:\/\/insektenliebe.com\/de\/shop\/produkt\/rentiermoos\/","name":"Rentiermoos - Insektenliebe","isPartOf":{"@id":"https:\/\/insektenliebe.com\/de\/#website"},"primaryImageOfPage":{"@id":"https:\/\/insektenliebe.com\/de\/shop\/produkt\/rentiermoos\/#primaryimage"},"image":{"@id":"https:\/\/insektenliebe.com\/de\/shop\/produkt\/rentiermoos\/#primaryimage"},"thumbnailUrl":"https:\/\/insektenliebe.com\/wp-content\/uploads\/2025\/05\/Rentiermoos-1-2.jpg","datePublished":"2024-04-16T15:25:00+00:00","dateModified":"2026-03-08T16:14:22+00:00","description":"G\u00fcnstiger Rentiermoos direkt online kaufen. Die perfekte nat\u00fcrliche Versteckm\u00f6glichkeit und Dekoration im Terrarium. Perfektes Futter f\u00fcr Erstzersetzer.","breadcrumb":{"@id":"https:\/\/insektenliebe.com\/de\/shop\/produkt\/rentiermoos\/#breadcrumb"},"inLanguage":"de","potentialAction":[{"@type":"ReadAction","target":["https:\/\/insektenliebe.com\/de\/shop\/produkt\/rentiermoos\/"]}]},{"@type":"ImageObject","inLanguage":"de","@id":"https:\/\/insektenliebe.com\/de\/shop\/produkt\/rentiermoos\/#primaryimage","url":"https:\/\/insektenliebe.com\/wp-content\/uploads\/2025\/05\/Rentiermoos-1-2.jpg","contentUrl":"https:\/\/insektenliebe.com\/wp-content\/uploads\/2025\/05\/Rentiermoos-1-2.jpg","width":820,"height":820,"caption":"Rentiermoos-1-2.jpg"},{"@type":"BreadcrumbList","@id":"https:\/\/insektenliebe.com\/de\/shop\/produkt\/rentiermoos\/#breadcrumb","itemListElement":[{"@type":"ListItem","position":1,"name":"Startseite","item":"https:\/\/insektenliebe.com\/de\/"},{"@type":"ListItem","position":2,"name":"Shop","item":"https:\/\/insektenliebe.com\/de\/shop\/"},{"@type":"ListItem","position":3,"name":"Rentiermoos"}]},{"@type":"WebSite","@id":"https:\/\/insektenliebe.com\/de\/#website","url":"https:\/\/insektenliebe.com\/de\/","name":"Insektenliebe","description":"Dein Zuhause f\u00fcr die kleinen Lebewesen","publisher":{"@id":"https:\/\/insektenliebe.com\/de\/#organization"},"potentialAction":[{"@type":"SearchAction","target":{"@type":"EntryPoint","urlTemplate":"https:\/\/insektenliebe.com\/de\/?s={search_term_string}"},"query-input":{"@type":"PropertyValueSpecification","valueRequired":true,"valueName":"search_term_string"}}],"inLanguage":"de"},{"@type":"Organization","@id":"https:\/\/insektenliebe.com\/de\/#organization","name":"Insektenliebe","url":"https:\/\/insektenliebe.com\/de\/","logo":{"@type":"ImageObject","inLanguage":"de","@id":"https:\/\/insektenliebe.com\/de\/#\/schema\/logo\/image\/","url":"https:\/\/insektenliebe.com\/wp-content\/uploads\/2025\/03\/logo-white.png","contentUrl":"https:\/\/insektenliebe.com\/wp-content\/uploads\/2025\/03\/logo-white.png","width":288,"height":188,"caption":"Insektenliebe"},"image":{"@id":"https:\/\/insektenliebe.com\/de\/#\/schema\/logo\/image\/"}}]}},"_links":{"self":[{"href":"https:\/\/insektenliebe.com\/de\/wp-json\/wp\/v2\/product\/5666","targetHints":{"allow":["GET"]}}],"collection":[{"href":"https:\/\/insektenliebe.com\/de\/wp-json\/wp\/v2\/product"}],"about":[{"href":"https:\/\/insektenliebe.com\/de\/wp-json\/wp\/v2\/types\/product"}],"wp:featuredmedia":[{"embeddable":true,"href":"https:\/\/insektenliebe.com\/de\/wp-json\/wp\/v2\/media\/5694"}],"wp:attachment":[{"href":"https:\/\/insektenliebe.com\/de\/wp-json\/wp\/v2\/media?parent=5666"}],"wp:term":[{"taxonomy":"product-supplier","embeddable":true,"href":"https:\/\/insektenliebe.com\/de\/wp-json\/wp\/v2\/product-supplier?post=5666"},{"taxonomy":"product_brand","embeddable":true,"href":"https:\/\/insektenliebe.com\/de\/wp-json\/wp\/v2\/product_brand?post=5666"},{"taxonomy":"product_cat","embeddable":true,"href":"https:\/\/insektenliebe.com\/de\/wp-json\/wp\/v2\/product_cat?post=5666"},{"taxonomy":"product_tag","embeddable":true,"href":"https:\/\/insektenliebe.com\/de\/wp-json\/wp\/v2\/product_tag?post=5666"},{"taxonomy":"lce-checkout-addons","embeddable":true,"href":"https:\/\/insektenliebe.com\/de\/wp-json\/wp\/v2\/lce-checkout-addons?post=5666"}],"curies":[{"name":"wp","href":"https:\/\/api.w.org\/{rel}","templated":true}]}}