{"id":5664,"date":"2024-04-06T16:44:04","date_gmt":"2024-04-06T14:44:03","guid":{"rendered":"http:\/\/localhost\/ins-test\/?post_type=product&#038;p=5664"},"modified":"2026-03-06T18:31:57","modified_gmt":"2026-03-06T17:31:57","slug":"ornithoctoninae-spec-hon-sej","status":"publish","type":"product","link":"https:\/\/insektenliebe.com\/de\/shop\/produkt\/ornithoctoninae-spec-hon-sej\/","title":{"rendered":"Ornithoctoninae spec. \"Hon-Sej\""},"content":{"rendered":"<h3>Mittel<\/h3>\n<h3>Vietnam<\/h3>\n<h3>4-5 CM<\/h3>\n<h3>23-25 \u00b0C<\/h3>\n<h3><span style=\"color: #99cc33;\">Ornithoctoninae sp.\u00a0Hon-Sej: Prunkst\u00fcck jeder Collection aus Vietnam<\/span><\/h3>\n<div class=\"react-scroll-to-bottom--css-sbfrk-1n7m0yu\">\n<div class=\"flex flex-col text-sm pb-9\">\n<div class=\"w-full text-token-text-primary sm:AIPRM__conversation__response\" data-testid=\"conversation-turn-29\">\n<div class=\"px-4 py-2 justify-center text-base md:gap-6 m-auto\">\n<div class=\"flex flex-1 text-base mx-auto gap-3 md:px-5 lg:px-1 xl:px-5 md:max-w-3xl lg:max-w- xl:max-w- group final-completion\">\n<div class=\"relative flex w-full flex-col agent-turn\">\n<div class=\"flex-col gap-1 md:gap-3\">\n<div class=\"flex flex-grow flex-col max-w-full\">\n<div class=\"min-h- text-message flex flex-col items-start gap-3 whitespace-pre-wrap break-words :mt-5 overflow-x-auto\" data-message-author-role=\"assistant\" data-message-id=\"89823a24-f53f-48eb-82b0-84e3103fabe2\">\n<div class=\"markdown prose w-full break-words dark:prose-invert light AIPRM__conversation__response\">\n<p><strong>Ornithoctoninae spec. \"Hon-Sej\"<\/strong> ist eine sehr seltene, atemberaubende und noch nicht vollst\u00e4ndig beschriebene Vogelspinnenart aus den \u00fcppigen W\u00e4ldern Vietnams. Dieses Juwel unter den exotischen Haustieren zeichnet sich durch eine fesselnde Farbenpracht aus, die je nach Lichtverh\u00e4ltnissen von lebhaftem Orange und Gelb an Beinen bis hin zu tiefem Blau und Purpur auf Prosoma und Opisthosoma variieren kann.<\/p>\n<p>Die Ornithoctoninae sind eine Unterfamilie der Vogelspinnen, die in S\u00fcdostasien verbreitet ist und 1895 von Reginald Innes Pocock beschrieben wurde. Zu dieser Unterfamilie geh\u00f6ren verschiedene Gattungen wie\u00a0Citharognathus, Cyriopagopus, Haplopelma, Lampropelma, Ornithoctonus\u00a0und\u00a0Phormingochilus, die vorwiegend in Myanmar, China, Thailand, Vietnam, Malaysia, Singapur, Indonesien und auf den Philippinen zu finden sind. Die Spinnen dieser Unterfamilie f\u00fchren meist ein unterirdisches Leben in selbstgegrabenen H\u00f6hlen, einige Arten leben aber auch auf B\u00e4umen.<\/p>\n<p>Die <strong>Ornithoctoninae spec. \"Hon-Sej\"<\/strong> stammt aus den dichten und feuchten W\u00e4ldern Vietnams, wo sie ein zur\u00fcckgezogenes und fossoriales Leben f\u00fchrt. Sie graben komplexe Tunnelsysteme mit mehreren Eing\u00e4ngen, die ihnen Schutz und Zugang zu Nahrung bieten. Sie bevorzugt ein terrestrisches Leben in einem gut strukturierten Terrarium, das ihren nat\u00fcrlichen Lebensraum nachahmt. Die <strong>Ornithoctoninae spec. \"Hon-Sej\"<\/strong> nutzen gerne \u00c4ste, Laub und Moos, um ihren Eingang auszukleiden und in die H\u00f6he zu bauen, bis sie kleinen Schornsteinen \u00e4hneln. Eine Temperatur von 23-25\u00b0C und eine Luftfeuchtigkeit von \u00fcber 80% schaffen optimale Bedingungen f\u00fcr ihr Wohlbefinden.<\/p>\n<p>In einem f\u00fcr sie ma\u00dfgeschneiderten Terrarium, das 20 x 20 x 30 cm misst und mit einer Substrath\u00f6he von 10-15 cm ausgestattet ist, findet die <strong>Ornithoctoninae spec. \"Hon-Sej\"<\/strong> ein ideales Zuhause. Diese spezielle Unterbringung erm\u00f6glicht es ihr, ein nat\u00fcrliches und komfortables Habitat zu erleben, das eng an ihren Lebensraum in der Wildnis angelehnt ist.<\/p>\n<p>Diese 4 bis 5 cm gro\u00dfe Sch\u00f6nheit hat eine schnelle und defensive Natur, was sie zu einer Art f\u00fcr erfahrene Halter macht. Bei richtiger Haltung kann man sie abends und morgens, teils auch tags\u00fcber in voller Pracht auf dem Eingang Ihrer H\u00f6hle beobachten.<\/p>\n<\/div>\n<\/div>\n<\/div>\n<\/div>\n<\/div>\n<\/div>\n<\/div>\n<\/div>\n<\/div>\n<\/div>\n<h3><span style=\"color: #99cc33;\"><strong>Produkte f\u00fcr Ornithoctoninae spec. \"Hon-Sej\"!<\/strong><\/span><\/h3>\n","protected":false},"excerpt":{"rendered":"<p>Mittel Vietnam 4-5 CM 23-25 \u00b0C Ornithoctoninae sp.\u00a0Hon-Sej: Prunkst\u00fcck jeder Collection aus Vietnam Ornithoctoninae spec. \"Hon-Sej\" ist eine sehr seltene, atemberaubende und noch nicht vollst\u00e4ndig beschriebene Vogelspinnenart aus den \u00fcppigen W\u00e4ldern Vietnams. Dieses Juwel unter den exotischen Haustieren zeichnet sich durch eine fesselnde Farbenpracht aus, die je nach Lichtverh\u00e4ltnissen von lebhaftem Orange und Gelb an [&hellip;]<\/p>\n","protected":false},"featured_media":5692,"template":"","meta":{"_acf_changed":false},"product-supplier":[],"product_brand":[],"product_cat":[626,48],"product_tag":[],"lce-checkout-addons":[1202],"class_list":{"0":"post-5664","1":"product","2":"type-product","3":"status-publish","4":"has-post-thumbnail","6":"product_cat-spinnen","7":"product_cat-vogelspinnen","8":"product_shipping_class-animal-shipping","9":"lce-checkout-addons-winterverpackung","11":"first","12":"outofstock","13":"taxable","14":"shipping-taxable","15":"product-type-variable"},"acf":[],"yoast_head":"<!-- This site is optimized with the Yoast SEO plugin v27.3 - https:\/\/yoast.com\/product\/yoast-seo-wordpress\/ -->\n<title>Ornithoctoninae spec. &quot;Hon-Sej&quot; - Insektenliebe<\/title>\n<meta name=\"description\" content=\"G\u00fcnstige Ornithoctoninae spec. &quot;Hon-Sej&quot; direkt direkt online kaufen! Sie geh\u00f6rt zu den seltensten Vogelspinnen, die im Handel erh\u00e4ltlich sind.\" \/>\n<meta name=\"robots\" content=\"index, follow, max-snippet:-1, max-image-preview:large, max-video-preview:-1\" \/>\n<link rel=\"canonical\" href=\"https:\/\/insektenliebe.com\/de\/shop\/produkt\/ornithoctoninae-spec-hon-sej\/\" \/>\n<meta property=\"og:locale\" content=\"de_DE\" \/>\n<meta property=\"og:type\" content=\"article\" \/>\n<meta property=\"og:title\" content=\"Ornithoctoninae spec. &quot;Hon-Sej&quot; - Insektenliebe\" \/>\n<meta property=\"og:description\" content=\"G\u00fcnstige Ornithoctoninae spec. &quot;Hon-Sej&quot; direkt direkt online kaufen! Sie geh\u00f6rt zu den seltensten Vogelspinnen, die im Handel erh\u00e4ltlich sind.\" \/>\n<meta property=\"og:url\" content=\"https:\/\/insektenliebe.com\/de\/shop\/produkt\/ornithoctoninae-spec-hon-sej\/\" \/>\n<meta property=\"og:site_name\" content=\"Insektenliebe\" \/>\n<meta property=\"article:modified_time\" content=\"2026-03-06T17:31:57+00:00\" \/>\n<meta property=\"og:image\" content=\"https:\/\/insektenliebe.com\/wp-content\/uploads\/2025\/05\/Ornithoctoninae-spec.-Hon-Sej-2.jpg\" \/>\n\t<meta property=\"og:image:width\" content=\"820\" \/>\n\t<meta property=\"og:image:height\" content=\"820\" \/>\n\t<meta property=\"og:image:type\" content=\"image\/jpeg\" \/>\n<meta name=\"twitter:card\" content=\"summary_large_image\" \/>\n<meta name=\"twitter:label1\" content=\"Gesch\u00e4tzte Lesezeit\" \/>\n\t<meta name=\"twitter:data1\" content=\"3\u00a0Minuten\" \/>\n<script type=\"application\/ld+json\" class=\"yoast-schema-graph\">{\"@context\":\"https:\\\/\\\/schema.org\",\"@graph\":[{\"@type\":\"WebPage\",\"@id\":\"https:\\\/\\\/insektenliebe.com\\\/de\\\/shop\\\/produkt\\\/ornithoctoninae-spec-hon-sej\\\/\",\"url\":\"https:\\\/\\\/insektenliebe.com\\\/de\\\/shop\\\/produkt\\\/ornithoctoninae-spec-hon-sej\\\/\",\"name\":\"Ornithoctoninae spec. \\\"Hon-Sej\\\" - Insektenliebe\",\"isPartOf\":{\"@id\":\"https:\\\/\\\/insektenliebe.com\\\/de\\\/#website\"},\"primaryImageOfPage\":{\"@id\":\"https:\\\/\\\/insektenliebe.com\\\/de\\\/shop\\\/produkt\\\/ornithoctoninae-spec-hon-sej\\\/#primaryimage\"},\"image\":{\"@id\":\"https:\\\/\\\/insektenliebe.com\\\/de\\\/shop\\\/produkt\\\/ornithoctoninae-spec-hon-sej\\\/#primaryimage\"},\"thumbnailUrl\":\"https:\\\/\\\/insektenliebe.com\\\/wp-content\\\/uploads\\\/2025\\\/05\\\/Ornithoctoninae-spec.-Hon-Sej-2.jpg\",\"datePublished\":\"2024-04-06T14:44:03+00:00\",\"dateModified\":\"2026-03-06T17:31:57+00:00\",\"description\":\"G\u00fcnstige Ornithoctoninae spec. \\\"Hon-Sej\\\" direkt direkt online kaufen! Sie geh\u00f6rt zu den seltensten Vogelspinnen, die im Handel erh\u00e4ltlich sind.\",\"breadcrumb\":{\"@id\":\"https:\\\/\\\/insektenliebe.com\\\/de\\\/shop\\\/produkt\\\/ornithoctoninae-spec-hon-sej\\\/#breadcrumb\"},\"inLanguage\":\"de\",\"potentialAction\":[{\"@type\":\"ReadAction\",\"target\":[\"https:\\\/\\\/insektenliebe.com\\\/de\\\/shop\\\/produkt\\\/ornithoctoninae-spec-hon-sej\\\/\"]}]},{\"@type\":\"ImageObject\",\"inLanguage\":\"de\",\"@id\":\"https:\\\/\\\/insektenliebe.com\\\/de\\\/shop\\\/produkt\\\/ornithoctoninae-spec-hon-sej\\\/#primaryimage\",\"url\":\"https:\\\/\\\/insektenliebe.com\\\/wp-content\\\/uploads\\\/2025\\\/05\\\/Ornithoctoninae-spec.-Hon-Sej-2.jpg\",\"contentUrl\":\"https:\\\/\\\/insektenliebe.com\\\/wp-content\\\/uploads\\\/2025\\\/05\\\/Ornithoctoninae-spec.-Hon-Sej-2.jpg\",\"width\":820,\"height\":820,\"caption\":\"Ornithoctoninae-spec.-Hon-Sej-2.jpg\"},{\"@type\":\"BreadcrumbList\",\"@id\":\"https:\\\/\\\/insektenliebe.com\\\/de\\\/shop\\\/produkt\\\/ornithoctoninae-spec-hon-sej\\\/#breadcrumb\",\"itemListElement\":[{\"@type\":\"ListItem\",\"position\":1,\"name\":\"Startseite\",\"item\":\"https:\\\/\\\/insektenliebe.com\\\/de\\\/\"},{\"@type\":\"ListItem\",\"position\":2,\"name\":\"Shop\",\"item\":\"https:\\\/\\\/insektenliebe.com\\\/de\\\/shop\\\/\"},{\"@type\":\"ListItem\",\"position\":3,\"name\":\"Ornithoctoninae spec. \\\"Hon-Sej\\\"\"}]},{\"@type\":\"WebSite\",\"@id\":\"https:\\\/\\\/insektenliebe.com\\\/de\\\/#website\",\"url\":\"https:\\\/\\\/insektenliebe.com\\\/de\\\/\",\"name\":\"Insektenliebe\",\"description\":\"Dein Zuhause f\u00fcr die kleinen Lebewesen\",\"publisher\":{\"@id\":\"https:\\\/\\\/insektenliebe.com\\\/de\\\/#organization\"},\"potentialAction\":[{\"@type\":\"SearchAction\",\"target\":{\"@type\":\"EntryPoint\",\"urlTemplate\":\"https:\\\/\\\/insektenliebe.com\\\/de\\\/?s={search_term_string}\"},\"query-input\":{\"@type\":\"PropertyValueSpecification\",\"valueRequired\":true,\"valueName\":\"search_term_string\"}}],\"inLanguage\":\"de\"},{\"@type\":\"Organization\",\"@id\":\"https:\\\/\\\/insektenliebe.com\\\/de\\\/#organization\",\"name\":\"Insektenliebe\",\"url\":\"https:\\\/\\\/insektenliebe.com\\\/de\\\/\",\"logo\":{\"@type\":\"ImageObject\",\"inLanguage\":\"de\",\"@id\":\"https:\\\/\\\/insektenliebe.com\\\/de\\\/#\\\/schema\\\/logo\\\/image\\\/\",\"url\":\"https:\\\/\\\/insektenliebe.com\\\/wp-content\\\/uploads\\\/2025\\\/03\\\/logo-white.png\",\"contentUrl\":\"https:\\\/\\\/insektenliebe.com\\\/wp-content\\\/uploads\\\/2025\\\/03\\\/logo-white.png\",\"width\":288,\"height\":188,\"caption\":\"Insektenliebe\"},\"image\":{\"@id\":\"https:\\\/\\\/insektenliebe.com\\\/de\\\/#\\\/schema\\\/logo\\\/image\\\/\"}}]}<\/script>\n<!-- \/ Yoast SEO plugin. -->","yoast_head_json":{"title":"Ornithoctoninae spec. \"Hon-Sej\" - Insektenliebe","description":"G\u00fcnstige Ornithoctoninae spec. \"Hon-Sej\" direkt direkt online kaufen! Sie geh\u00f6rt zu den seltensten Vogelspinnen, die im Handel erh\u00e4ltlich sind.","robots":{"index":"index","follow":"follow","max-snippet":"max-snippet:-1","max-image-preview":"max-image-preview:large","max-video-preview":"max-video-preview:-1"},"canonical":"https:\/\/insektenliebe.com\/de\/shop\/produkt\/ornithoctoninae-spec-hon-sej\/","og_locale":"de_DE","og_type":"article","og_title":"Ornithoctoninae spec. \"Hon-Sej\" - Insektenliebe","og_description":"G\u00fcnstige Ornithoctoninae spec. \"Hon-Sej\" direkt direkt online kaufen! Sie geh\u00f6rt zu den seltensten Vogelspinnen, die im Handel erh\u00e4ltlich sind.","og_url":"https:\/\/insektenliebe.com\/de\/shop\/produkt\/ornithoctoninae-spec-hon-sej\/","og_site_name":"Insektenliebe","article_modified_time":"2026-03-06T17:31:57+00:00","og_image":[{"width":820,"height":820,"url":"https:\/\/insektenliebe.com\/wp-content\/uploads\/2025\/05\/Ornithoctoninae-spec.-Hon-Sej-2.jpg","type":"image\/jpeg"}],"twitter_card":"summary_large_image","twitter_misc":{"Gesch\u00e4tzte Lesezeit":"3\u00a0Minuten"},"schema":{"@context":"https:\/\/schema.org","@graph":[{"@type":"WebPage","@id":"https:\/\/insektenliebe.com\/de\/shop\/produkt\/ornithoctoninae-spec-hon-sej\/","url":"https:\/\/insektenliebe.com\/de\/shop\/produkt\/ornithoctoninae-spec-hon-sej\/","name":"Ornithoctoninae spec. \"Hon-Sej\" - Insektenliebe","isPartOf":{"@id":"https:\/\/insektenliebe.com\/de\/#website"},"primaryImageOfPage":{"@id":"https:\/\/insektenliebe.com\/de\/shop\/produkt\/ornithoctoninae-spec-hon-sej\/#primaryimage"},"image":{"@id":"https:\/\/insektenliebe.com\/de\/shop\/produkt\/ornithoctoninae-spec-hon-sej\/#primaryimage"},"thumbnailUrl":"https:\/\/insektenliebe.com\/wp-content\/uploads\/2025\/05\/Ornithoctoninae-spec.-Hon-Sej-2.jpg","datePublished":"2024-04-06T14:44:03+00:00","dateModified":"2026-03-06T17:31:57+00:00","description":"G\u00fcnstige Ornithoctoninae spec. \"Hon-Sej\" direkt direkt online kaufen! Sie geh\u00f6rt zu den seltensten Vogelspinnen, die im Handel erh\u00e4ltlich sind.","breadcrumb":{"@id":"https:\/\/insektenliebe.com\/de\/shop\/produkt\/ornithoctoninae-spec-hon-sej\/#breadcrumb"},"inLanguage":"de","potentialAction":[{"@type":"ReadAction","target":["https:\/\/insektenliebe.com\/de\/shop\/produkt\/ornithoctoninae-spec-hon-sej\/"]}]},{"@type":"ImageObject","inLanguage":"de","@id":"https:\/\/insektenliebe.com\/de\/shop\/produkt\/ornithoctoninae-spec-hon-sej\/#primaryimage","url":"https:\/\/insektenliebe.com\/wp-content\/uploads\/2025\/05\/Ornithoctoninae-spec.-Hon-Sej-2.jpg","contentUrl":"https:\/\/insektenliebe.com\/wp-content\/uploads\/2025\/05\/Ornithoctoninae-spec.-Hon-Sej-2.jpg","width":820,"height":820,"caption":"Ornithoctoninae-spec.-Hon-Sej-2.jpg"},{"@type":"BreadcrumbList","@id":"https:\/\/insektenliebe.com\/de\/shop\/produkt\/ornithoctoninae-spec-hon-sej\/#breadcrumb","itemListElement":[{"@type":"ListItem","position":1,"name":"Startseite","item":"https:\/\/insektenliebe.com\/de\/"},{"@type":"ListItem","position":2,"name":"Shop","item":"https:\/\/insektenliebe.com\/de\/shop\/"},{"@type":"ListItem","position":3,"name":"Ornithoctoninae spec. \"Hon-Sej\""}]},{"@type":"WebSite","@id":"https:\/\/insektenliebe.com\/de\/#website","url":"https:\/\/insektenliebe.com\/de\/","name":"Insektenliebe","description":"Dein Zuhause f\u00fcr die kleinen Lebewesen","publisher":{"@id":"https:\/\/insektenliebe.com\/de\/#organization"},"potentialAction":[{"@type":"SearchAction","target":{"@type":"EntryPoint","urlTemplate":"https:\/\/insektenliebe.com\/de\/?s={search_term_string}"},"query-input":{"@type":"PropertyValueSpecification","valueRequired":true,"valueName":"search_term_string"}}],"inLanguage":"de"},{"@type":"Organization","@id":"https:\/\/insektenliebe.com\/de\/#organization","name":"Insektenliebe","url":"https:\/\/insektenliebe.com\/de\/","logo":{"@type":"ImageObject","inLanguage":"de","@id":"https:\/\/insektenliebe.com\/de\/#\/schema\/logo\/image\/","url":"https:\/\/insektenliebe.com\/wp-content\/uploads\/2025\/03\/logo-white.png","contentUrl":"https:\/\/insektenliebe.com\/wp-content\/uploads\/2025\/03\/logo-white.png","width":288,"height":188,"caption":"Insektenliebe"},"image":{"@id":"https:\/\/insektenliebe.com\/de\/#\/schema\/logo\/image\/"}}]}},"_links":{"self":[{"href":"https:\/\/insektenliebe.com\/de\/wp-json\/wp\/v2\/product\/5664","targetHints":{"allow":["GET"]}}],"collection":[{"href":"https:\/\/insektenliebe.com\/de\/wp-json\/wp\/v2\/product"}],"about":[{"href":"https:\/\/insektenliebe.com\/de\/wp-json\/wp\/v2\/types\/product"}],"wp:featuredmedia":[{"embeddable":true,"href":"https:\/\/insektenliebe.com\/de\/wp-json\/wp\/v2\/media\/5692"}],"wp:attachment":[{"href":"https:\/\/insektenliebe.com\/de\/wp-json\/wp\/v2\/media?parent=5664"}],"wp:term":[{"taxonomy":"product-supplier","embeddable":true,"href":"https:\/\/insektenliebe.com\/de\/wp-json\/wp\/v2\/product-supplier?post=5664"},{"taxonomy":"product_brand","embeddable":true,"href":"https:\/\/insektenliebe.com\/de\/wp-json\/wp\/v2\/product_brand?post=5664"},{"taxonomy":"product_cat","embeddable":true,"href":"https:\/\/insektenliebe.com\/de\/wp-json\/wp\/v2\/product_cat?post=5664"},{"taxonomy":"product_tag","embeddable":true,"href":"https:\/\/insektenliebe.com\/de\/wp-json\/wp\/v2\/product_tag?post=5664"},{"taxonomy":"lce-checkout-addons","embeddable":true,"href":"https:\/\/insektenliebe.com\/de\/wp-json\/wp\/v2\/lce-checkout-addons?post=5664"}],"curies":[{"name":"wp","href":"https:\/\/api.w.org\/{rel}","templated":true}]}}