{"id":5662,"date":"2024-04-05T18:48:53","date_gmt":"2024-04-05T16:48:53","guid":{"rendered":"http:\/\/localhost\/ins-test\/?post_type=product&#038;p=5662"},"modified":"2026-03-06T18:32:23","modified_gmt":"2026-03-06T17:32:23","slug":"neoholothele-fasciaaurinigra","status":"publish","type":"product","link":"https:\/\/insektenliebe.com\/de\/shop\/produkt\/neoholothele-fasciaaurinigra\/","title":{"rendered":"Neoholothele fasciaaurinigra"},"content":{"rendered":"<h3>Mittel<\/h3>\n<h3>Kolumbien<\/h3>\n<h3>3-4 CM<\/h3>\n<h3>23-25 \u00b0C<\/h3>\n<h3><span style=\"color: #99cc33;\">Neoholothele fasciaaurinigra: Ein kolumbianisches Juwel<\/span><\/h3>\n<div class=\"react-scroll-to-bottom--css-sbfrk-1n7m0yu\">\n<div class=\"flex flex-col text-sm pb-9\">\n<div class=\"w-full text-token-text-primary sm:AIPRM__conversation__response\" data-testid=\"conversation-turn-29\">\n<div class=\"px-4 py-2 justify-center text-base md:gap-6 m-auto\">\n<div class=\"flex flex-1 text-base mx-auto gap-3 md:px-5 lg:px-1 xl:px-5 md:max-w-3xl lg:max-w- xl:max-w- group final-completion\">\n<div class=\"relative flex w-full flex-col agent-turn\">\n<div class=\"flex-col gap-1 md:gap-3\">\n<div class=\"flex flex-grow flex-col max-w-full\">\n<div class=\"min-h- text-message flex flex-col items-start gap-3 whitespace-pre-wrap break-words :mt-5 overflow-x-auto\" data-message-author-role=\"assistant\" data-message-id=\"89823a24-f53f-48eb-82b0-84e3103fabe2\">\n<div class=\"markdown prose w-full break-words dark:prose-invert light AIPRM__conversation__response\">\n<p><strong>Neoholothele fasciaaurinigra<\/strong>, auch bekannt als die \"Colombian Bumblebee\", ein beeindruckendes Mitglied der Theraphosidae-Familie. Diese seltene und faszinierende Vogelspinnenart wurde 2015 von Guadanucci &amp; Weinmann beschrieben und stammt aus den malerischen Regionen um Villavicencio, Meta, in Kolumbien\u200b\u200b.<\/p>\n<p>Die\u00a0<strong>Neoholothele fasciaaurinigra<\/strong> verzaubert mit ihrem unverwechselbaren Erscheinungsbild. Der Name leitet sich von der auff\u00e4lligen gestreiften schwarz-goldenen, teils r\u00f6tlichen Musterung ihres Abdomens ab \u2013 ein Merkmal, das sie unvergleichlich in der Welt der Vogelspinnen macht. Die Kombination aus den lateinischen W\u00f6rtern \u201efascia\u201c (Band oder Streifen), \u201eauri\u201c (golden) und \u201enigra\u201c (schwarz) beschreibt pr\u00e4zise die atemberaubende Sch\u00f6nheit dieser Art\u200b\u200b.<\/p>\n<p>Diese bodenbewohnende Vogelspinne bevorzugt ein Terrarium mit den Ma\u00dfen 20 x 20 x 20 cm, das ihrem nat\u00fcrlichen Lebensraum nachempfunden ist, mit Temperaturen zwischen 23-25\u00b0C und einer Luftfeuchtigkeit von 70-80%. Die \u201eColombian Bumblebee\u201c erreicht eine Beinspannweite von etwa 7 cm und ist bekannt f\u00fcr ihre scheue Natur\u200b\u200b.<\/p>\n<\/div>\n<\/div>\n<\/div>\n<\/div>\n<\/div>\n<\/div>\n<\/div>\n<\/div>\n<\/div>\n<\/div>\n<p>In der Vergangenheit war es manchmal ungewiss, ob man tats\u00e4chlich\u00a0<strong>Neoholothele fasciaaurinigra <\/strong>Nachwuchs, oder ihre h\u00e4ufig im Hobby angetroffene Schwesternart\u00a0Neoholothele incei angeboten bekommt. Dank genetischer Analysen ist jedoch gesichert, dass es sich bei der hier angebotenen Nachzucht nicht um Neoholothele incei\u00a0handelt.<\/p>\n<p>Die\u00a0<strong>Neoholothele fasciaaurinigra<\/strong> gilt aufgrund ihrer au\u00dfergew\u00f6hnlichen Sch\u00f6nheit und der spezifischen Pflegeanforderungen als besonders wertvoll f\u00fcr erfahrene Vogelspinnenhalter.<\/p>\n<h3><span style=\"color: #99cc33;\"><strong>Produkte f\u00fcr Neoholothele fasciaaurinigra!<\/strong><\/span><\/h3>\n","protected":false},"excerpt":{"rendered":"<p>Mittel Kolumbien 3-4 CM 23-25 \u00b0C Neoholothele fasciaaurinigra: Ein kolumbianisches Juwel Neoholothele fasciaaurinigra, auch bekannt als die \"Colombian Bumblebee\", ein beeindruckendes Mitglied der Theraphosidae-Familie. Diese seltene und faszinierende Vogelspinnenart wurde 2015 von Guadanucci &amp; Weinmann beschrieben und stammt aus den malerischen Regionen um Villavicencio, Meta, in Kolumbien\u200b\u200b. Die\u00a0Neoholothele fasciaaurinigra verzaubert mit ihrem unverwechselbaren Erscheinungsbild. Der [&hellip;]<\/p>\n","protected":false},"featured_media":5690,"template":"","meta":{"_acf_changed":false},"product-supplier":[],"product_brand":[],"product_cat":[626,48],"product_tag":[],"lce-checkout-addons":[1202],"class_list":{"0":"post-5662","1":"product","2":"type-product","3":"status-publish","4":"has-post-thumbnail","6":"product_cat-spinnen","7":"product_cat-vogelspinnen","8":"product_shipping_class-animal-shipping","9":"lce-checkout-addons-winterverpackung","11":"first","12":"outofstock","13":"taxable","14":"shipping-taxable","15":"product-type-variable","16":"has-default-attributes"},"acf":[],"yoast_head":"<!-- This site is optimized with the Yoast SEO Premium plugin v26.8 (Yoast SEO v27.3) - https:\/\/yoast.com\/product\/yoast-seo-premium-wordpress\/ -->\n<title>Neoholothele fasciaaurinigra - Insektenliebe<\/title>\n<meta name=\"description\" content=\"G\u00fcnstige Neoholothele fasciaaurinigra direkt direkt online kaufen! Sie geh\u00f6rt zu den seltensten Vogelspinnen, die im Handel erh\u00e4ltlich sind.\" \/>\n<meta name=\"robots\" content=\"index, follow, max-snippet:-1, max-image-preview:large, max-video-preview:-1\" \/>\n<link rel=\"canonical\" href=\"https:\/\/insektenliebe.com\/de\/shop\/produkt\/neoholothele-fasciaaurinigra\/\" \/>\n<meta property=\"og:locale\" content=\"de_DE\" \/>\n<meta property=\"og:type\" content=\"article\" \/>\n<meta property=\"og:title\" content=\"Neoholothele fasciaaurinigra\" \/>\n<meta property=\"og:description\" content=\"G\u00fcnstige Neoholothele fasciaaurinigra direkt direkt online kaufen! Sie geh\u00f6rt zu den seltensten Vogelspinnen, die im Handel erh\u00e4ltlich sind.\" \/>\n<meta property=\"og:url\" content=\"https:\/\/insektenliebe.com\/de\/shop\/produkt\/neoholothele-fasciaaurinigra\/\" \/>\n<meta property=\"og:site_name\" content=\"Insektenliebe\" \/>\n<meta property=\"article:modified_time\" content=\"2026-03-06T17:32:23+00:00\" \/>\n<meta property=\"og:image\" content=\"https:\/\/insektenliebe.com\/wp-content\/uploads\/2025\/05\/Neoholothele-fasciaaurinigra-2.jpg\" \/>\n\t<meta property=\"og:image:width\" content=\"820\" \/>\n\t<meta property=\"og:image:height\" content=\"820\" \/>\n\t<meta property=\"og:image:type\" content=\"image\/jpeg\" \/>\n<meta name=\"twitter:card\" content=\"summary_large_image\" \/>\n<meta name=\"twitter:label1\" content=\"Verf\u00fcgbarkeit\" \/>\n\t<meta name=\"twitter:data1\" content=\"ausverkauft\" \/>\n<script type=\"application\/ld+json\" class=\"yoast-schema-graph\">{\"@context\":\"https:\\\/\\\/schema.org\",\"@graph\":[{\"@type\":\"WebPage\",\"@id\":\"https:\\\/\\\/insektenliebe.com\\\/de\\\/shop\\\/produkt\\\/neoholothele-fasciaaurinigra\\\/\",\"url\":\"https:\\\/\\\/insektenliebe.com\\\/de\\\/shop\\\/produkt\\\/neoholothele-fasciaaurinigra\\\/\",\"name\":\"Neoholothele fasciaaurinigra - Insektenliebe\",\"isPartOf\":{\"@id\":\"https:\\\/\\\/insektenliebe.com\\\/de\\\/#website\"},\"primaryImageOfPage\":{\"@id\":\"https:\\\/\\\/insektenliebe.com\\\/de\\\/shop\\\/produkt\\\/neoholothele-fasciaaurinigra\\\/#primaryimage\"},\"image\":{\"@id\":\"https:\\\/\\\/insektenliebe.com\\\/de\\\/shop\\\/produkt\\\/neoholothele-fasciaaurinigra\\\/#primaryimage\"},\"thumbnailUrl\":\"https:\\\/\\\/insektenliebe.com\\\/wp-content\\\/uploads\\\/2025\\\/05\\\/Neoholothele-fasciaaurinigra-2.jpg\",\"datePublished\":\"2024-04-05T16:48:53+00:00\",\"dateModified\":\"2026-03-06T17:32:23+00:00\",\"description\":\"G\u00fcnstige Neoholothele fasciaaurinigra direkt direkt online kaufen! Sie geh\u00f6rt zu den seltensten Vogelspinnen, die im Handel erh\u00e4ltlich sind.\",\"breadcrumb\":{\"@id\":\"https:\\\/\\\/insektenliebe.com\\\/de\\\/shop\\\/produkt\\\/neoholothele-fasciaaurinigra\\\/#breadcrumb\"},\"inLanguage\":\"de\",\"potentialAction\":[{\"@type\":\"ReadAction\",\"target\":[\"https:\\\/\\\/insektenliebe.com\\\/de\\\/shop\\\/produkt\\\/neoholothele-fasciaaurinigra\\\/\"]}]},{\"@type\":\"ImageObject\",\"inLanguage\":\"de\",\"@id\":\"https:\\\/\\\/insektenliebe.com\\\/de\\\/shop\\\/produkt\\\/neoholothele-fasciaaurinigra\\\/#primaryimage\",\"url\":\"https:\\\/\\\/insektenliebe.com\\\/wp-content\\\/uploads\\\/2025\\\/05\\\/Neoholothele-fasciaaurinigra-2.jpg\",\"contentUrl\":\"https:\\\/\\\/insektenliebe.com\\\/wp-content\\\/uploads\\\/2025\\\/05\\\/Neoholothele-fasciaaurinigra-2.jpg\",\"width\":820,\"height\":820,\"caption\":\"Neoholothele-fasciaaurinigra-2.jpg\"},{\"@type\":\"BreadcrumbList\",\"@id\":\"https:\\\/\\\/insektenliebe.com\\\/de\\\/shop\\\/produkt\\\/neoholothele-fasciaaurinigra\\\/#breadcrumb\",\"itemListElement\":[{\"@type\":\"ListItem\",\"position\":1,\"name\":\"Startseite\",\"item\":\"https:\\\/\\\/insektenliebe.com\\\/de\\\/\"},{\"@type\":\"ListItem\",\"position\":2,\"name\":\"Shop\",\"item\":\"https:\\\/\\\/insektenliebe.com\\\/de\\\/shop\\\/\"},{\"@type\":\"ListItem\",\"position\":3,\"name\":\"Neoholothele fasciaaurinigra\"}]},{\"@type\":\"WebSite\",\"@id\":\"https:\\\/\\\/insektenliebe.com\\\/de\\\/#website\",\"url\":\"https:\\\/\\\/insektenliebe.com\\\/de\\\/\",\"name\":\"Insektenliebe\",\"description\":\"Dein Zuhause f\u00fcr die kleinen Lebewesen\",\"publisher\":{\"@id\":\"https:\\\/\\\/insektenliebe.com\\\/de\\\/#organization\"},\"potentialAction\":[{\"@type\":\"SearchAction\",\"target\":{\"@type\":\"EntryPoint\",\"urlTemplate\":\"https:\\\/\\\/insektenliebe.com\\\/de\\\/?s={search_term_string}\"},\"query-input\":{\"@type\":\"PropertyValueSpecification\",\"valueRequired\":true,\"valueName\":\"search_term_string\"}}],\"inLanguage\":\"de\"},{\"@type\":\"Organization\",\"@id\":\"https:\\\/\\\/insektenliebe.com\\\/de\\\/#organization\",\"name\":\"Insektenliebe\",\"url\":\"https:\\\/\\\/insektenliebe.com\\\/de\\\/\",\"logo\":{\"@type\":\"ImageObject\",\"inLanguage\":\"de\",\"@id\":\"https:\\\/\\\/insektenliebe.com\\\/de\\\/#\\\/schema\\\/logo\\\/image\\\/\",\"url\":\"https:\\\/\\\/insektenliebe.com\\\/wp-content\\\/uploads\\\/2025\\\/03\\\/logo-white.png\",\"contentUrl\":\"https:\\\/\\\/insektenliebe.com\\\/wp-content\\\/uploads\\\/2025\\\/03\\\/logo-white.png\",\"width\":288,\"height\":188,\"caption\":\"Insektenliebe\"},\"image\":{\"@id\":\"https:\\\/\\\/insektenliebe.com\\\/de\\\/#\\\/schema\\\/logo\\\/image\\\/\"}}]}<\/script>\n<meta property=\"og:availability\" content=\"out of stock\" \/>\n<meta property=\"product:availability\" content=\"out of stock\" \/>\n<meta property=\"product:retailer_item_id\" content=\"612\" \/>\n<meta property=\"product:condition\" content=\"new\" \/>\n<!-- \/ Yoast SEO Premium plugin. -->","yoast_head_json":{"title":"Neoholothele fasciaaurinigra - Insektenliebe","description":"G\u00fcnstige Neoholothele fasciaaurinigra direkt direkt online kaufen! Sie geh\u00f6rt zu den seltensten Vogelspinnen, die im Handel erh\u00e4ltlich sind.","robots":{"index":"index","follow":"follow","max-snippet":"max-snippet:-1","max-image-preview":"max-image-preview:large","max-video-preview":"max-video-preview:-1"},"canonical":"https:\/\/insektenliebe.com\/de\/shop\/produkt\/neoholothele-fasciaaurinigra\/","og_locale":"de_DE","og_type":"article","og_title":"Neoholothele fasciaaurinigra","og_description":"G\u00fcnstige Neoholothele fasciaaurinigra direkt direkt online kaufen! Sie geh\u00f6rt zu den seltensten Vogelspinnen, die im Handel erh\u00e4ltlich sind.","og_url":"https:\/\/insektenliebe.com\/de\/shop\/produkt\/neoholothele-fasciaaurinigra\/","og_site_name":"Insektenliebe","article_modified_time":"2026-03-06T17:32:23+00:00","og_image":[{"width":820,"height":820,"url":"https:\/\/insektenliebe.com\/wp-content\/uploads\/2025\/05\/Neoholothele-fasciaaurinigra-2.jpg","type":"image\/jpeg"}],"twitter_card":"summary_large_image","twitter_misc":{"Verf\u00fcgbarkeit":"ausverkauft"},"schema":{"@context":"https:\/\/schema.org","@graph":[{"@type":"WebPage","@id":"https:\/\/insektenliebe.com\/de\/shop\/produkt\/neoholothele-fasciaaurinigra\/","url":"https:\/\/insektenliebe.com\/de\/shop\/produkt\/neoholothele-fasciaaurinigra\/","name":"Neoholothele fasciaaurinigra - Insektenliebe","isPartOf":{"@id":"https:\/\/insektenliebe.com\/de\/#website"},"primaryImageOfPage":{"@id":"https:\/\/insektenliebe.com\/de\/shop\/produkt\/neoholothele-fasciaaurinigra\/#primaryimage"},"image":{"@id":"https:\/\/insektenliebe.com\/de\/shop\/produkt\/neoholothele-fasciaaurinigra\/#primaryimage"},"thumbnailUrl":"https:\/\/insektenliebe.com\/wp-content\/uploads\/2025\/05\/Neoholothele-fasciaaurinigra-2.jpg","datePublished":"2024-04-05T16:48:53+00:00","dateModified":"2026-03-06T17:32:23+00:00","description":"G\u00fcnstige Neoholothele fasciaaurinigra direkt direkt online kaufen! Sie geh\u00f6rt zu den seltensten Vogelspinnen, die im Handel erh\u00e4ltlich sind.","breadcrumb":{"@id":"https:\/\/insektenliebe.com\/de\/shop\/produkt\/neoholothele-fasciaaurinigra\/#breadcrumb"},"inLanguage":"de","potentialAction":[{"@type":"ReadAction","target":["https:\/\/insektenliebe.com\/de\/shop\/produkt\/neoholothele-fasciaaurinigra\/"]}]},{"@type":"ImageObject","inLanguage":"de","@id":"https:\/\/insektenliebe.com\/de\/shop\/produkt\/neoholothele-fasciaaurinigra\/#primaryimage","url":"https:\/\/insektenliebe.com\/wp-content\/uploads\/2025\/05\/Neoholothele-fasciaaurinigra-2.jpg","contentUrl":"https:\/\/insektenliebe.com\/wp-content\/uploads\/2025\/05\/Neoholothele-fasciaaurinigra-2.jpg","width":820,"height":820,"caption":"Neoholothele-fasciaaurinigra-2.jpg"},{"@type":"BreadcrumbList","@id":"https:\/\/insektenliebe.com\/de\/shop\/produkt\/neoholothele-fasciaaurinigra\/#breadcrumb","itemListElement":[{"@type":"ListItem","position":1,"name":"Startseite","item":"https:\/\/insektenliebe.com\/de\/"},{"@type":"ListItem","position":2,"name":"Shop","item":"https:\/\/insektenliebe.com\/de\/shop\/"},{"@type":"ListItem","position":3,"name":"Neoholothele fasciaaurinigra"}]},{"@type":"WebSite","@id":"https:\/\/insektenliebe.com\/de\/#website","url":"https:\/\/insektenliebe.com\/de\/","name":"Insektenliebe","description":"Dein Zuhause f\u00fcr die kleinen Lebewesen","publisher":{"@id":"https:\/\/insektenliebe.com\/de\/#organization"},"potentialAction":[{"@type":"SearchAction","target":{"@type":"EntryPoint","urlTemplate":"https:\/\/insektenliebe.com\/de\/?s={search_term_string}"},"query-input":{"@type":"PropertyValueSpecification","valueRequired":true,"valueName":"search_term_string"}}],"inLanguage":"de"},{"@type":"Organization","@id":"https:\/\/insektenliebe.com\/de\/#organization","name":"Insektenliebe","url":"https:\/\/insektenliebe.com\/de\/","logo":{"@type":"ImageObject","inLanguage":"de","@id":"https:\/\/insektenliebe.com\/de\/#\/schema\/logo\/image\/","url":"https:\/\/insektenliebe.com\/wp-content\/uploads\/2025\/03\/logo-white.png","contentUrl":"https:\/\/insektenliebe.com\/wp-content\/uploads\/2025\/03\/logo-white.png","width":288,"height":188,"caption":"Insektenliebe"},"image":{"@id":"https:\/\/insektenliebe.com\/de\/#\/schema\/logo\/image\/"}}]},"og_availability":"out of stock","product_availability":"out of stock","product_retailer_item_id":"612","product_condition":"new"},"_links":{"self":[{"href":"https:\/\/insektenliebe.com\/de\/wp-json\/wp\/v2\/product\/5662","targetHints":{"allow":["GET"]}}],"collection":[{"href":"https:\/\/insektenliebe.com\/de\/wp-json\/wp\/v2\/product"}],"about":[{"href":"https:\/\/insektenliebe.com\/de\/wp-json\/wp\/v2\/types\/product"}],"wp:featuredmedia":[{"embeddable":true,"href":"https:\/\/insektenliebe.com\/de\/wp-json\/wp\/v2\/media\/5690"}],"wp:attachment":[{"href":"https:\/\/insektenliebe.com\/de\/wp-json\/wp\/v2\/media?parent=5662"}],"wp:term":[{"taxonomy":"product-supplier","embeddable":true,"href":"https:\/\/insektenliebe.com\/de\/wp-json\/wp\/v2\/product-supplier?post=5662"},{"taxonomy":"product_brand","embeddable":true,"href":"https:\/\/insektenliebe.com\/de\/wp-json\/wp\/v2\/product_brand?post=5662"},{"taxonomy":"product_cat","embeddable":true,"href":"https:\/\/insektenliebe.com\/de\/wp-json\/wp\/v2\/product_cat?post=5662"},{"taxonomy":"product_tag","embeddable":true,"href":"https:\/\/insektenliebe.com\/de\/wp-json\/wp\/v2\/product_tag?post=5662"},{"taxonomy":"lce-checkout-addons","embeddable":true,"href":"https:\/\/insektenliebe.com\/de\/wp-json\/wp\/v2\/lce-checkout-addons?post=5662"}],"curies":[{"name":"wp","href":"https:\/\/api.w.org\/{rel}","templated":true}]}}