{"id":5660,"date":"2024-04-12T09:36:49","date_gmt":"2024-03-28T15:36:48","guid":{"rendered":"http:\/\/localhost\/ins-test\/?post_type=product&#038;p=5660"},"modified":"2026-01-28T21:19:14","modified_gmt":"2026-01-28T20:19:14","slug":"sibylla-pretiosa","status":"publish","type":"product","link":"https:\/\/insektenliebe.com\/de\/shop\/produkt\/sibylla-pretiosa\/","title":{"rendered":"Sibylla pretiosa"},"content":{"rendered":"<h3>Mittel<\/h3>\n<h3>Ostafrika<\/h3>\n<h3>5 CM<\/h3>\n<h3>25-32 \u00b0C<\/h3>\n<h3><span style=\"color: #99cc33\">Lebenszyklus der Sibylla pretiosa: Von Larven zu prachtvollen J\u00e4gern<\/span><\/h3>\n<p><strong>Sibylla pretiosa<\/strong>, auch bekannt als die Kryptische Mantis, ist eine faszinierende Mantidenart, die in Ostafrika vorkommt. Sie ist vor allem in Savannen zu finden, wo sie auf B\u00e4umen und Str\u00e4uchern lebt. In den ersten beiden Larvenstadien (L1\/2) ern\u00e4hrt sich die Kryptische Mantis von Drosophila hydei und Drosophila melanogaster. Im dritten und vierten Stadium (L4\/5) sind Ofenfische und Drosophila hydei ihre Nahrung, im f\u00fcnften und sechsten Stadium (L5\/6) wechselt die Nahrung zu Goldfliegen und Ofenfischen und in den letzten beiden Larvenstadien (L7\/8) bevorzugen sie Schmei\u00dffliegen und Schokoschaben.<\/p>\n<p>Diese Art kann sich ziemlich schnell bewegen, besonders im Adult Stadium. Im Gegensatz zu anderen Arten vertr\u00e4gt <strong>Sibylla pretiosa<\/strong> auch Schaben, jedoch wird empfohlen, bei befruchteten adulten Tieren Fliegen als Nahrung zu w\u00e4hlen, da Schaben als Futter die Form und den Schaum der Ootheken negativ beeinflussen k\u00f6nnen.<\/p>\n<p><strong>Sibylla pretiosa<\/strong> kann gut in Gruppen gehalten werden, wobei es ratsam ist, die Tiere ab dem pr\u00e4subadulten Stadium zu trennen, um Kannibalismus zu vermeiden. Die M\u00e4nnchen k\u00f6nnen weiterhin in Gruppen leben. Die Weibchen legen ungef\u00e4hr alle sieben Tage eine Ootheke, auch wenn sie nicht befruchtet ist.<\/p>\n<p>&nbsp;<\/p>\n<p><img loading=\"lazy\" decoding=\"async\" class=\"alignnone wp-image-138813 size-full\" src=\"https:\/\/insektenliebe.com\/wp-content\/uploads\/2024\/03\/Sibylla-pretiosa-oben-1.jpg\" alt=\"Sibylla Pretiosa\" width=\"820\" height=\"820\" srcset=\"https:\/\/insektenliebe.com\/wp-content\/uploads\/2024\/03\/Sibylla-pretiosa-oben-1.jpg 820w, https:\/\/insektenliebe.com\/wp-content\/uploads\/2024\/03\/Sibylla-pretiosa-oben-1-300x300.jpg 300w, https:\/\/insektenliebe.com\/wp-content\/uploads\/2024\/03\/Sibylla-pretiosa-oben-1-150x150.jpg 150w, https:\/\/insektenliebe.com\/wp-content\/uploads\/2024\/03\/Sibylla-pretiosa-oben-1-768x768.jpg 768w, https:\/\/insektenliebe.com\/wp-content\/uploads\/2024\/03\/Sibylla-pretiosa-oben-1-600x600.jpg 600w, https:\/\/insektenliebe.com\/wp-content\/uploads\/2024\/03\/Sibylla-pretiosa-oben-1-100x100.jpg 100w\" sizes=\"auto, (max-width: 820px) 100vw, 820px\" \/><\/p>\n<div class=\"react-scroll-to-bottom--css-pztwj-1n7m0yu\">\n<div class=\"flex flex-col text-sm pb-9\">\n<div class=\"w-full text-token-text-primary sm:AIPRM__conversation__response\" data-testid=\"conversation-turn-3\">\n<div class=\"px-4 py-2 justify-center text-base md:gap-6 m-auto\">\n<div class=\"flex flex-1 text-base mx-auto gap-3 md:px-5 lg:px-1 xl:px-5 md:max-w-3xl lg:max-w- xl:max-w- group final-completion\">\n<div class=\"relative flex w-full flex-col agent-turn\">\n<div class=\"flex-col gap-1 md:gap-3\">\n<div class=\"flex flex-grow flex-col max-w-full\">\n<div class=\"min-h- text-message flex flex-col items-start gap-3 whitespace-pre-wrap break-words :mt-5 overflow-x-auto\" data-message-author-role=\"assistant\" data-message-id=\"c2ee0180-e53b-4417-9e32-aa21a229dea5\">\n<div class=\"markdown prose w-full break-words dark:prose-invert light AIPRM__conversation__response\">\n<p>Nur aus den befruchteten Ootheken schl\u00fcpfen je nach Gr\u00f6\u00dfe der Ootheke etwa 25 bis 40 Jungtiere. Erwachsene M\u00e4nnchen zeigen ein flugfreudiges Verhalten. In den jungen Larvenstadien ist es wichtig, die Tiere k\u00fchl und feucht zu halten, w\u00e4hrend in sp\u00e4teren Stadien w\u00e4rmere und etwas trockenere Bedingungen angemessen sind. Die optimalen Temperatur- und Feuchtigkeitsbedingungen f\u00fcr die verschiedenen Stadien sind wie folgt:<\/p>\n<p><strong>L1\/2<\/strong> sollte die Temperatur zwischen 23 und 25 Grad Celsius und die Luftfeuchtigkeit zwischen 60 und 75 Prozent liegen.<br \/>\n<strong>L3\/4<\/strong> sind es 25 bis 27 Grad Celsius und 60 bis 75 Prozent Luftfeuchtigkeit.<br \/>\n<strong>L5\/6<\/strong> ben\u00f6tigen die Tiere 26 bis 29 Grad Celsius und 60 bis 70 Prozent Luftfeuchtigkeit.<br \/>\n<strong>L7\/8<\/strong> sind es 26 bis 31 Grad Celsius und 55 bis 70 Prozent Luftfeuchtigkeit.<\/p>\n<p>Dabei ist zu beachten, dass man die Lampe am Besten in ein Eck des Terrariums stellt, um eine warme Stelle und eine etwas k\u00fchlere Stelle zu haben. Das Tier kann sich so das perfekte Klima selbst raussuchen.<\/p>\n<p>Die Ootheken werden oft an den Unterseiten von Bl\u00e4ttern oder auf flachen Oberfl\u00e4chen platziert. Die Ootheken sollten bei einer Temperatur von 25 bis 29 Grad Celsius und einer Luftfeuchtigkeit von etwa 60 bis 70 Prozent gehalten werden. Eine gute Bel\u00fcftung ist sowohl f\u00fcr die Tiere als auch f\u00fcr die Ootheken essenziell. Larven der Stadien L1\/2 sind besonders temperaturempfindlich und sterben schnell bei Temperaturen \u00fcber 27 Grad Celsius. Es ist ratsam, <strong>Sibylla pretiosa<\/strong> leicht zu bespr\u00fchen, um ihnen das Trinken zu erm\u00f6glichen.<\/p>\n<p>Die Paarung der Kryptischen Mantis ist relativ unkompliziert. Das M\u00e4nnchen ist leicht Paarungsfreudig und beobachtet das Weibchen oft. Um eine erfolgreiche Paarung zu gew\u00e4hrleisten, sollte das Weibchen gut gen\u00e4hrt sein. Eine Paarung des Weibchens wird etwa drei bis vier Wochen nach Erreichen des adulten Stadiums empfohlen, w\u00e4hrend das M\u00e4nnchen zwei bis drei Wochen nach der Adulth\u00e4utung bereit f\u00fcr die Paarung ist. Vor der Paarung zittern die F\u00fchler des M\u00e4nnchens der <strong>Sibylla pretiosa<\/strong> besonders stark, was ein Indiz daf\u00fcr ist, dass es das Weibchen erkannt hat. Die Paarung dauert in der Regel nur etwa vier bis f\u00fcnf Stunden, und die eigentliche Kopulation h\u00e4lt etwa 30 Minuten bis zu einer Stunde an. Probleme mit der Befruchtung des Weibchens sind bei dieser Art nicht bekannt.<\/p>\n<p>Die Ootheken schl\u00fcpfen je nach Temperatur in etwa vier bis sechs Wochen. F\u00fcr die H\u00e4utung ben\u00f6tigen die Tiere ausreichend Platz nach unten, mindestens die doppelte L\u00e4nge ihres K\u00f6rpers. <strong>Sibylla pretiosa<\/strong> geh\u00f6rt zur Ordnung Mantodea, zur Familie der Sibyllidae und zur Unterfamilie der Sibyllinae<\/p>\n<\/div>\n<\/div>\n<\/div>\n<div class=\"mt-1 flex justify-start gap-3 empty:hidden\">\n<div class=\"text-gray-400 flex self-end lg:self-center items-center justify-center lg:justify-start mt-0 -ml-1 h-7 gap- visible\">\n<div class=\"flex\"><\/div>\n<\/div>\n<\/div>\n<\/div>\n<\/div>\n<\/div>\n<\/div>\n<\/div>\n<\/div>\n<\/div>\n<h3><span style=\"color: #99cc33\"><strong>Produkte f\u00fcr Sibylla pretiosa!<\/strong><\/span><\/h3>\n","protected":false},"excerpt":{"rendered":"<p>Mittel Ostafrika 5 CM 25-32 \u00b0C Lebenszyklus der Sibylla pretiosa: Von Larven zu prachtvollen J\u00e4gern Sibylla pretiosa, auch bekannt als die Kryptische Mantis, ist eine faszinierende Mantidenart, die in Ostafrika vorkommt. Sie ist vor allem in Savannen zu finden, wo sie auf B\u00e4umen und Str\u00e4uchern lebt. In den ersten beiden Larvenstadien (L1\/2) ern\u00e4hrt sich die [&hellip;]<\/p>\n","protected":false},"featured_media":5688,"template":"","meta":{"_acf_changed":false},"product-supplier":[],"product_brand":[],"product_cat":[218],"product_tag":[],"lce-checkout-addons":[1202],"class_list":{"0":"post-5660","1":"product","2":"type-product","3":"status-publish","4":"has-post-thumbnail","6":"product_cat-mantiden","7":"product_shipping_class-animal-shipping","8":"lce-checkout-addons-winterverpackung","10":"first","11":"outofstock","12":"taxable","13":"shipping-taxable","14":"product-type-variable"},"acf":[],"yoast_head":"<!-- This site is optimized with the Yoast SEO plugin v27.3 - https:\/\/yoast.com\/product\/yoast-seo-wordpress\/ -->\n<title>Sibylla pretiosa - Insektenliebe<\/title>\n<meta name=\"description\" content=\"Wundersch\u00f6ne Sibylla pretiosa direkt online kaufen. Wir bieten Nachzuchten dieser tollen Mantiden-Art an. Direkt beim Z\u00fcchter kaufen!\" \/>\n<meta name=\"robots\" content=\"index, follow, max-snippet:-1, max-image-preview:large, max-video-preview:-1\" \/>\n<link rel=\"canonical\" href=\"https:\/\/insektenliebe.com\/de\/shop\/produkt\/sibylla-pretiosa\/\" \/>\n<meta property=\"og:locale\" content=\"de_DE\" \/>\n<meta property=\"og:type\" content=\"article\" \/>\n<meta property=\"og:title\" content=\"Sibylla pretiosa - Insektenliebe\" \/>\n<meta property=\"og:description\" content=\"Wundersch\u00f6ne Sibylla pretiosa direkt online kaufen. Wir bieten Nachzuchten dieser tollen Mantiden-Art an. Direkt beim Z\u00fcchter kaufen!\" \/>\n<meta property=\"og:url\" content=\"https:\/\/insektenliebe.com\/de\/shop\/produkt\/sibylla-pretiosa\/\" \/>\n<meta property=\"og:site_name\" content=\"Insektenliebe\" \/>\n<meta property=\"article:modified_time\" content=\"2026-01-28T20:19:14+00:00\" \/>\n<meta property=\"og:image\" content=\"https:\/\/insektenliebe.com\/wp-content\/uploads\/2025\/05\/Sibylla-pretiosa-3-2.jpg\" \/>\n\t<meta property=\"og:image:width\" content=\"820\" \/>\n\t<meta property=\"og:image:height\" content=\"820\" \/>\n\t<meta property=\"og:image:type\" content=\"image\/jpeg\" \/>\n<meta name=\"twitter:card\" content=\"summary_large_image\" \/>\n<meta name=\"twitter:label1\" content=\"Gesch\u00e4tzte Lesezeit\" \/>\n\t<meta name=\"twitter:data1\" content=\"4\u00a0Minuten\" \/>\n<script type=\"application\/ld+json\" class=\"yoast-schema-graph\">{\"@context\":\"https:\\\/\\\/schema.org\",\"@graph\":[{\"@type\":\"WebPage\",\"@id\":\"https:\\\/\\\/insektenliebe.com\\\/de\\\/shop\\\/produkt\\\/sibylla-pretiosa\\\/\",\"url\":\"https:\\\/\\\/insektenliebe.com\\\/de\\\/shop\\\/produkt\\\/sibylla-pretiosa\\\/\",\"name\":\"Sibylla pretiosa - Insektenliebe\",\"isPartOf\":{\"@id\":\"https:\\\/\\\/insektenliebe.com\\\/de\\\/#website\"},\"primaryImageOfPage\":{\"@id\":\"https:\\\/\\\/insektenliebe.com\\\/de\\\/shop\\\/produkt\\\/sibylla-pretiosa\\\/#primaryimage\"},\"image\":{\"@id\":\"https:\\\/\\\/insektenliebe.com\\\/de\\\/shop\\\/produkt\\\/sibylla-pretiosa\\\/#primaryimage\"},\"thumbnailUrl\":\"https:\\\/\\\/insektenliebe.com\\\/wp-content\\\/uploads\\\/2025\\\/05\\\/Sibylla-pretiosa-3-2.jpg\",\"datePublished\":\"2024-03-28T15:36:48+00:00\",\"dateModified\":\"2026-01-28T20:19:14+00:00\",\"description\":\"Wundersch\u00f6ne Sibylla pretiosa direkt online kaufen. Wir bieten Nachzuchten dieser tollen Mantiden-Art an. Direkt beim Z\u00fcchter kaufen!\",\"breadcrumb\":{\"@id\":\"https:\\\/\\\/insektenliebe.com\\\/de\\\/shop\\\/produkt\\\/sibylla-pretiosa\\\/#breadcrumb\"},\"inLanguage\":\"de\",\"potentialAction\":[{\"@type\":\"ReadAction\",\"target\":[\"https:\\\/\\\/insektenliebe.com\\\/de\\\/shop\\\/produkt\\\/sibylla-pretiosa\\\/\"]}]},{\"@type\":\"ImageObject\",\"inLanguage\":\"de\",\"@id\":\"https:\\\/\\\/insektenliebe.com\\\/de\\\/shop\\\/produkt\\\/sibylla-pretiosa\\\/#primaryimage\",\"url\":\"https:\\\/\\\/insektenliebe.com\\\/wp-content\\\/uploads\\\/2025\\\/05\\\/Sibylla-pretiosa-3-2.jpg\",\"contentUrl\":\"https:\\\/\\\/insektenliebe.com\\\/wp-content\\\/uploads\\\/2025\\\/05\\\/Sibylla-pretiosa-3-2.jpg\",\"width\":820,\"height\":820,\"caption\":\"Sibylla-pretiosa-3-2.jpg\"},{\"@type\":\"BreadcrumbList\",\"@id\":\"https:\\\/\\\/insektenliebe.com\\\/de\\\/shop\\\/produkt\\\/sibylla-pretiosa\\\/#breadcrumb\",\"itemListElement\":[{\"@type\":\"ListItem\",\"position\":1,\"name\":\"Startseite\",\"item\":\"https:\\\/\\\/insektenliebe.com\\\/de\\\/\"},{\"@type\":\"ListItem\",\"position\":2,\"name\":\"Shop\",\"item\":\"https:\\\/\\\/insektenliebe.com\\\/de\\\/shop\\\/\"},{\"@type\":\"ListItem\",\"position\":3,\"name\":\"Sibylla pretiosa\"}]},{\"@type\":\"WebSite\",\"@id\":\"https:\\\/\\\/insektenliebe.com\\\/de\\\/#website\",\"url\":\"https:\\\/\\\/insektenliebe.com\\\/de\\\/\",\"name\":\"Insektenliebe\",\"description\":\"Dein Zuhause f\u00fcr die kleinen Lebewesen\",\"publisher\":{\"@id\":\"https:\\\/\\\/insektenliebe.com\\\/de\\\/#organization\"},\"potentialAction\":[{\"@type\":\"SearchAction\",\"target\":{\"@type\":\"EntryPoint\",\"urlTemplate\":\"https:\\\/\\\/insektenliebe.com\\\/de\\\/?s={search_term_string}\"},\"query-input\":{\"@type\":\"PropertyValueSpecification\",\"valueRequired\":true,\"valueName\":\"search_term_string\"}}],\"inLanguage\":\"de\"},{\"@type\":\"Organization\",\"@id\":\"https:\\\/\\\/insektenliebe.com\\\/de\\\/#organization\",\"name\":\"Insektenliebe\",\"url\":\"https:\\\/\\\/insektenliebe.com\\\/de\\\/\",\"logo\":{\"@type\":\"ImageObject\",\"inLanguage\":\"de\",\"@id\":\"https:\\\/\\\/insektenliebe.com\\\/de\\\/#\\\/schema\\\/logo\\\/image\\\/\",\"url\":\"https:\\\/\\\/insektenliebe.com\\\/wp-content\\\/uploads\\\/2025\\\/03\\\/logo-white.png\",\"contentUrl\":\"https:\\\/\\\/insektenliebe.com\\\/wp-content\\\/uploads\\\/2025\\\/03\\\/logo-white.png\",\"width\":288,\"height\":188,\"caption\":\"Insektenliebe\"},\"image\":{\"@id\":\"https:\\\/\\\/insektenliebe.com\\\/de\\\/#\\\/schema\\\/logo\\\/image\\\/\"}}]}<\/script>\n<!-- \/ Yoast SEO plugin. -->","yoast_head_json":{"title":"Sibylla pretiosa - Insektenliebe","description":"Wundersch\u00f6ne Sibylla pretiosa direkt online kaufen. Wir bieten Nachzuchten dieser tollen Mantiden-Art an. Direkt beim Z\u00fcchter kaufen!","robots":{"index":"index","follow":"follow","max-snippet":"max-snippet:-1","max-image-preview":"max-image-preview:large","max-video-preview":"max-video-preview:-1"},"canonical":"https:\/\/insektenliebe.com\/de\/shop\/produkt\/sibylla-pretiosa\/","og_locale":"de_DE","og_type":"article","og_title":"Sibylla pretiosa - Insektenliebe","og_description":"Wundersch\u00f6ne Sibylla pretiosa direkt online kaufen. Wir bieten Nachzuchten dieser tollen Mantiden-Art an. Direkt beim Z\u00fcchter kaufen!","og_url":"https:\/\/insektenliebe.com\/de\/shop\/produkt\/sibylla-pretiosa\/","og_site_name":"Insektenliebe","article_modified_time":"2026-01-28T20:19:14+00:00","og_image":[{"width":820,"height":820,"url":"https:\/\/insektenliebe.com\/wp-content\/uploads\/2025\/05\/Sibylla-pretiosa-3-2.jpg","type":"image\/jpeg"}],"twitter_card":"summary_large_image","twitter_misc":{"Gesch\u00e4tzte Lesezeit":"4\u00a0Minuten"},"schema":{"@context":"https:\/\/schema.org","@graph":[{"@type":"WebPage","@id":"https:\/\/insektenliebe.com\/de\/shop\/produkt\/sibylla-pretiosa\/","url":"https:\/\/insektenliebe.com\/de\/shop\/produkt\/sibylla-pretiosa\/","name":"Sibylla pretiosa - Insektenliebe","isPartOf":{"@id":"https:\/\/insektenliebe.com\/de\/#website"},"primaryImageOfPage":{"@id":"https:\/\/insektenliebe.com\/de\/shop\/produkt\/sibylla-pretiosa\/#primaryimage"},"image":{"@id":"https:\/\/insektenliebe.com\/de\/shop\/produkt\/sibylla-pretiosa\/#primaryimage"},"thumbnailUrl":"https:\/\/insektenliebe.com\/wp-content\/uploads\/2025\/05\/Sibylla-pretiosa-3-2.jpg","datePublished":"2024-03-28T15:36:48+00:00","dateModified":"2026-01-28T20:19:14+00:00","description":"Wundersch\u00f6ne Sibylla pretiosa direkt online kaufen. Wir bieten Nachzuchten dieser tollen Mantiden-Art an. Direkt beim Z\u00fcchter kaufen!","breadcrumb":{"@id":"https:\/\/insektenliebe.com\/de\/shop\/produkt\/sibylla-pretiosa\/#breadcrumb"},"inLanguage":"de","potentialAction":[{"@type":"ReadAction","target":["https:\/\/insektenliebe.com\/de\/shop\/produkt\/sibylla-pretiosa\/"]}]},{"@type":"ImageObject","inLanguage":"de","@id":"https:\/\/insektenliebe.com\/de\/shop\/produkt\/sibylla-pretiosa\/#primaryimage","url":"https:\/\/insektenliebe.com\/wp-content\/uploads\/2025\/05\/Sibylla-pretiosa-3-2.jpg","contentUrl":"https:\/\/insektenliebe.com\/wp-content\/uploads\/2025\/05\/Sibylla-pretiosa-3-2.jpg","width":820,"height":820,"caption":"Sibylla-pretiosa-3-2.jpg"},{"@type":"BreadcrumbList","@id":"https:\/\/insektenliebe.com\/de\/shop\/produkt\/sibylla-pretiosa\/#breadcrumb","itemListElement":[{"@type":"ListItem","position":1,"name":"Startseite","item":"https:\/\/insektenliebe.com\/de\/"},{"@type":"ListItem","position":2,"name":"Shop","item":"https:\/\/insektenliebe.com\/de\/shop\/"},{"@type":"ListItem","position":3,"name":"Sibylla pretiosa"}]},{"@type":"WebSite","@id":"https:\/\/insektenliebe.com\/de\/#website","url":"https:\/\/insektenliebe.com\/de\/","name":"Insektenliebe","description":"Dein Zuhause f\u00fcr die kleinen Lebewesen","publisher":{"@id":"https:\/\/insektenliebe.com\/de\/#organization"},"potentialAction":[{"@type":"SearchAction","target":{"@type":"EntryPoint","urlTemplate":"https:\/\/insektenliebe.com\/de\/?s={search_term_string}"},"query-input":{"@type":"PropertyValueSpecification","valueRequired":true,"valueName":"search_term_string"}}],"inLanguage":"de"},{"@type":"Organization","@id":"https:\/\/insektenliebe.com\/de\/#organization","name":"Insektenliebe","url":"https:\/\/insektenliebe.com\/de\/","logo":{"@type":"ImageObject","inLanguage":"de","@id":"https:\/\/insektenliebe.com\/de\/#\/schema\/logo\/image\/","url":"https:\/\/insektenliebe.com\/wp-content\/uploads\/2025\/03\/logo-white.png","contentUrl":"https:\/\/insektenliebe.com\/wp-content\/uploads\/2025\/03\/logo-white.png","width":288,"height":188,"caption":"Insektenliebe"},"image":{"@id":"https:\/\/insektenliebe.com\/de\/#\/schema\/logo\/image\/"}}]}},"_links":{"self":[{"href":"https:\/\/insektenliebe.com\/de\/wp-json\/wp\/v2\/product\/5660","targetHints":{"allow":["GET"]}}],"collection":[{"href":"https:\/\/insektenliebe.com\/de\/wp-json\/wp\/v2\/product"}],"about":[{"href":"https:\/\/insektenliebe.com\/de\/wp-json\/wp\/v2\/types\/product"}],"wp:featuredmedia":[{"embeddable":true,"href":"https:\/\/insektenliebe.com\/de\/wp-json\/wp\/v2\/media\/5688"}],"wp:attachment":[{"href":"https:\/\/insektenliebe.com\/de\/wp-json\/wp\/v2\/media?parent=5660"}],"wp:term":[{"taxonomy":"product-supplier","embeddable":true,"href":"https:\/\/insektenliebe.com\/de\/wp-json\/wp\/v2\/product-supplier?post=5660"},{"taxonomy":"product_brand","embeddable":true,"href":"https:\/\/insektenliebe.com\/de\/wp-json\/wp\/v2\/product_brand?post=5660"},{"taxonomy":"product_cat","embeddable":true,"href":"https:\/\/insektenliebe.com\/de\/wp-json\/wp\/v2\/product_cat?post=5660"},{"taxonomy":"product_tag","embeddable":true,"href":"https:\/\/insektenliebe.com\/de\/wp-json\/wp\/v2\/product_tag?post=5660"},{"taxonomy":"lce-checkout-addons","embeddable":true,"href":"https:\/\/insektenliebe.com\/de\/wp-json\/wp\/v2\/lce-checkout-addons?post=5660"}],"curies":[{"name":"wp","href":"https:\/\/api.w.org\/{rel}","templated":true}]}}