{"id":5657,"date":"2024-03-23T12:04:11","date_gmt":"2024-03-23T10:04:11","guid":{"rendered":"http:\/\/localhost\/ins-test\/?post_type=product&#038;p=5657"},"modified":"2026-03-12T07:37:22","modified_gmt":"2026-03-12T06:37:22","slug":"mini-baum","status":"publish","type":"product","link":"https:\/\/insektenliebe.com\/de\/shop\/produkt\/mini-baum\/","title":{"rendered":"Mini Baum"},"content":{"rendered":"<h3><span class=\"s1\" style=\"color: #99cc33;\">Mini Baum \u2013 Dekoration mit echtem Mehrwert<\/span><\/h3>\n<p>Entdecke unseren neuesten Schatz f\u00fcr dein Terrarium: den <strong>Mini Baum<\/strong>. <span class=\"s1\">Dieses B\u00e4umchen bringt echte Natur in dein Terrarium. Es handelt sich um nat\u00fcrlich gewachsene Zweige mit feiner Ver\u00e4stelung. Jeder Mini Baum ist ein Unikat, denn Form, Struktur und Verzweigung unterscheiden sich leicht. Dadurch wirkt dein Setup individueller und nat\u00fcrlicher.<\/span><\/p>\n<p class=\"p1\"><span class=\"s1\">Springspinnen profitieren besonders von dieser Struktur. Sie springen aktiv von Ast zu Ast und nutzen erh\u00f6hte Positionen als Aussichtspunkt. Gleichzeitig seilen sie sich an ihren Sicherheitsf\u00e4den ab. Der <strong>Mini Baum<\/strong> unterst\u00fctzt genau dieses Verhalten und f\u00f6rdert dadurch Bewegung und Aktivit\u00e4t. So bleiben deine Tiere agil und zeigen ihr volles Verhaltensspektrum.<\/span><\/p>\n<p class=\"p1\"><span class=\"s1\">Durch die vielen kleinen Abzweigungen entstehen unterschiedliche Ebenen. So schafft der <strong>Mini Baum<\/strong> mehr Tiefe im Terrarium. Au\u00dferdem entstehen nat\u00fcrliche Laufwege, die den verf\u00fcgbaren Raum optimal nutzen. Gerade in kleineren Becken ist das wichtig, denn dort z\u00e4hlt jeder Zentimeter Struktur.<\/span><\/p>\n<p class=\"p1\"><span class=\"s1\">Der <strong>Mini Baum<\/strong> ist unbehandelt und frei von Pestiziden. Wir w\u00e4hlen die Zweige sorgf\u00e4ltig aus, damit sie sich auch f\u00fcr empfindliche Terrarienbewohner eignen. Da sie naturbelassen sind, f\u00fcgen sie sich harmonisch in tropische oder trockene Setups ein. Gleichzeitig wirken sie deutlich authentischer als k\u00fcnstliche Dekoration.<\/span><\/p>\n<p class=\"p1\"><span class=\"s1\">Neben der Kletterfunktion bietet der <strong>Mini Baum<\/strong> auch R\u00fcckzugsm\u00f6glichkeiten. Zwischen den Ver\u00e4stelungen entstehen gesch\u00fctzte Bereiche, die Sicherheit vermitteln. Dort f\u00fchlen sich Springspinnen besonders w\u00e4hrend der H\u00e4utung sicher und ruhig. Gleichzeitig k\u00f6nnen sie von erh\u00f6hten Punkten aus ihr Terrarium \u00fcberblicken.<\/span><\/p>\n<p class=\"p1\"><span class=\"s1\">Die Integration ist unkompliziert. Du kannst den <strong>Mini Baum<\/strong> direkt in das Substrat stecken oder zwischen andere Hardscape-Elemente platzieren. In Kombination mit Moos, kleinen Pflanzen oder Kork entsteht eine realistische Waldszene. Dadurch wirkt das gesamte Layout lebendiger und strukturierter.<\/span><\/p>\n<p class=\"p1\"><span class=\"s1\">Mit dem <strong>Mini Baum<\/strong> entscheidest du dich f\u00fcr eine nat\u00fcrliche, funktionale und optisch starke Terrarienstruktur. Er verbindet \u00c4sthetik mit echtem Mehrwert und unterst\u00fctzt die artgerechte Haltung aktiver Springspinnen.<\/span><\/p>\n<div id=\"cc-m-12719937849\" class=\"j-module n j-hgrid \">\n<div class=\"cc-m-hgrid-column last\">\n<div id=\"cc-matrix-3557208649\">\n<div id=\"cc-m-12719945849\" class=\"j-module n j-text \">\n<p><strong>S: ca. 5 x 7 cm<br \/>\nM: ca. 10 \u00d7 15 cm<br \/>\nL: ca. 20 \u00d7 20 cm<\/strong><\/p>\n<\/div>\n<\/div>\n<\/div>\n<\/div>\n<p><strong>Wir weisen darauf hin, dass es sich um ein Naturprodukt handelt bei dem kein St\u00fcck dem anderen gleicht.<\/strong><\/p>\n","protected":false},"excerpt":{"rendered":"<p>Mini Baum \u2013 Dekoration mit echtem Mehrwert Entdecke unseren neuesten Schatz f\u00fcr dein Terrarium: den Mini Baum. Dieses B\u00e4umchen bringt echte Natur in dein Terrarium. Es handelt sich um nat\u00fcrlich gewachsene Zweige mit feiner Ver\u00e4stelung. Jeder Mini Baum ist ein Unikat, denn Form, Struktur und Verzweigung unterscheiden sich leicht. Dadurch wirkt dein Setup individueller und [&hellip;]<\/p>\n","protected":false},"featured_media":5685,"template":"","meta":{"_acf_changed":false},"product-supplier":[],"product_brand":[],"product_cat":[253],"product_tag":[],"lce-checkout-addons":[],"class_list":{"0":"post-5657","1":"product","2":"type-product","3":"status-publish","4":"has-post-thumbnail","6":"product_cat-einrichtung-dekoration","7":"product_shipping_class-equipment-shipping","9":"first","10":"instock","11":"taxable","12":"shipping-taxable","13":"purchasable","14":"product-type-variable"},"acf":[],"yoast_head":"<!-- This site is optimized with the Yoast SEO plugin v27.3 - https:\/\/yoast.com\/product\/yoast-seo-wordpress\/ -->\n<title>Mini Baum - Insektenliebe<\/title>\n<meta name=\"description\" content=\"Mini Baum \u2013 nat\u00fcrlicher Dekozweig f\u00fcr Springspinnen-Terrarien. Unbehandelt, pestizidfrei und ideal zum Klettern, Springen und Abseilen.\" \/>\n<meta name=\"robots\" content=\"index, follow, max-snippet:-1, max-image-preview:large, max-video-preview:-1\" \/>\n<link rel=\"canonical\" href=\"https:\/\/insektenliebe.com\/de\/shop\/produkt\/mini-baum\/\" \/>\n<meta property=\"og:locale\" content=\"de_DE\" \/>\n<meta property=\"og:type\" content=\"article\" \/>\n<meta property=\"og:title\" content=\"Mini Baum - Insektenliebe\" \/>\n<meta property=\"og:description\" content=\"Mini Baum \u2013 nat\u00fcrlicher Dekozweig f\u00fcr Springspinnen-Terrarien. Unbehandelt, pestizidfrei und ideal zum Klettern, Springen und Abseilen.\" \/>\n<meta property=\"og:url\" content=\"https:\/\/insektenliebe.com\/de\/shop\/produkt\/mini-baum\/\" \/>\n<meta property=\"og:site_name\" content=\"Insektenliebe\" \/>\n<meta property=\"article:modified_time\" content=\"2026-03-12T06:37:22+00:00\" \/>\n<meta property=\"og:image\" content=\"https:\/\/insektenliebe.com\/wp-content\/uploads\/2025\/05\/Mini-Baum-L-2.jpg\" \/>\n\t<meta property=\"og:image:width\" content=\"820\" \/>\n\t<meta property=\"og:image:height\" content=\"820\" \/>\n\t<meta property=\"og:image:type\" content=\"image\/jpeg\" \/>\n<meta name=\"twitter:card\" content=\"summary_large_image\" \/>\n<meta name=\"twitter:label1\" content=\"Gesch\u00e4tzte Lesezeit\" \/>\n\t<meta name=\"twitter:data1\" content=\"3\u00a0Minuten\" \/>\n<script type=\"application\/ld+json\" class=\"yoast-schema-graph\">{\"@context\":\"https:\\\/\\\/schema.org\",\"@graph\":[{\"@type\":\"WebPage\",\"@id\":\"https:\\\/\\\/insektenliebe.com\\\/de\\\/shop\\\/produkt\\\/mini-baum\\\/\",\"url\":\"https:\\\/\\\/insektenliebe.com\\\/de\\\/shop\\\/produkt\\\/mini-baum\\\/\",\"name\":\"Mini Baum - Insektenliebe\",\"isPartOf\":{\"@id\":\"https:\\\/\\\/insektenliebe.com\\\/de\\\/#website\"},\"primaryImageOfPage\":{\"@id\":\"https:\\\/\\\/insektenliebe.com\\\/de\\\/shop\\\/produkt\\\/mini-baum\\\/#primaryimage\"},\"image\":{\"@id\":\"https:\\\/\\\/insektenliebe.com\\\/de\\\/shop\\\/produkt\\\/mini-baum\\\/#primaryimage\"},\"thumbnailUrl\":\"https:\\\/\\\/insektenliebe.com\\\/wp-content\\\/uploads\\\/2025\\\/05\\\/Mini-Baum-L-2.jpg\",\"datePublished\":\"2024-03-23T10:04:11+00:00\",\"dateModified\":\"2026-03-12T06:37:22+00:00\",\"description\":\"Mini Baum \u2013 nat\u00fcrlicher Dekozweig f\u00fcr Springspinnen-Terrarien. Unbehandelt, pestizidfrei und ideal zum Klettern, Springen und Abseilen.\",\"breadcrumb\":{\"@id\":\"https:\\\/\\\/insektenliebe.com\\\/de\\\/shop\\\/produkt\\\/mini-baum\\\/#breadcrumb\"},\"inLanguage\":\"de\",\"potentialAction\":[{\"@type\":\"ReadAction\",\"target\":[\"https:\\\/\\\/insektenliebe.com\\\/de\\\/shop\\\/produkt\\\/mini-baum\\\/\"]}]},{\"@type\":\"ImageObject\",\"inLanguage\":\"de\",\"@id\":\"https:\\\/\\\/insektenliebe.com\\\/de\\\/shop\\\/produkt\\\/mini-baum\\\/#primaryimage\",\"url\":\"https:\\\/\\\/insektenliebe.com\\\/wp-content\\\/uploads\\\/2025\\\/05\\\/Mini-Baum-L-2.jpg\",\"contentUrl\":\"https:\\\/\\\/insektenliebe.com\\\/wp-content\\\/uploads\\\/2025\\\/05\\\/Mini-Baum-L-2.jpg\",\"width\":820,\"height\":820,\"caption\":\"Mini-Baum-L-2.jpg\"},{\"@type\":\"BreadcrumbList\",\"@id\":\"https:\\\/\\\/insektenliebe.com\\\/de\\\/shop\\\/produkt\\\/mini-baum\\\/#breadcrumb\",\"itemListElement\":[{\"@type\":\"ListItem\",\"position\":1,\"name\":\"Startseite\",\"item\":\"https:\\\/\\\/insektenliebe.com\\\/de\\\/\"},{\"@type\":\"ListItem\",\"position\":2,\"name\":\"Shop\",\"item\":\"https:\\\/\\\/insektenliebe.com\\\/de\\\/shop\\\/\"},{\"@type\":\"ListItem\",\"position\":3,\"name\":\"Mini Baum\"}]},{\"@type\":\"WebSite\",\"@id\":\"https:\\\/\\\/insektenliebe.com\\\/de\\\/#website\",\"url\":\"https:\\\/\\\/insektenliebe.com\\\/de\\\/\",\"name\":\"Insektenliebe\",\"description\":\"Dein Zuhause f\u00fcr die kleinen Lebewesen\",\"publisher\":{\"@id\":\"https:\\\/\\\/insektenliebe.com\\\/de\\\/#organization\"},\"potentialAction\":[{\"@type\":\"SearchAction\",\"target\":{\"@type\":\"EntryPoint\",\"urlTemplate\":\"https:\\\/\\\/insektenliebe.com\\\/de\\\/?s={search_term_string}\"},\"query-input\":{\"@type\":\"PropertyValueSpecification\",\"valueRequired\":true,\"valueName\":\"search_term_string\"}}],\"inLanguage\":\"de\"},{\"@type\":\"Organization\",\"@id\":\"https:\\\/\\\/insektenliebe.com\\\/de\\\/#organization\",\"name\":\"Insektenliebe\",\"url\":\"https:\\\/\\\/insektenliebe.com\\\/de\\\/\",\"logo\":{\"@type\":\"ImageObject\",\"inLanguage\":\"de\",\"@id\":\"https:\\\/\\\/insektenliebe.com\\\/de\\\/#\\\/schema\\\/logo\\\/image\\\/\",\"url\":\"https:\\\/\\\/insektenliebe.com\\\/wp-content\\\/uploads\\\/2025\\\/03\\\/logo-white.png\",\"contentUrl\":\"https:\\\/\\\/insektenliebe.com\\\/wp-content\\\/uploads\\\/2025\\\/03\\\/logo-white.png\",\"width\":288,\"height\":188,\"caption\":\"Insektenliebe\"},\"image\":{\"@id\":\"https:\\\/\\\/insektenliebe.com\\\/de\\\/#\\\/schema\\\/logo\\\/image\\\/\"}}]}<\/script>\n<!-- \/ Yoast SEO plugin. -->","yoast_head_json":{"title":"Mini Baum - Insektenliebe","description":"Mini Baum \u2013 nat\u00fcrlicher Dekozweig f\u00fcr Springspinnen-Terrarien. Unbehandelt, pestizidfrei und ideal zum Klettern, Springen und Abseilen.","robots":{"index":"index","follow":"follow","max-snippet":"max-snippet:-1","max-image-preview":"max-image-preview:large","max-video-preview":"max-video-preview:-1"},"canonical":"https:\/\/insektenliebe.com\/de\/shop\/produkt\/mini-baum\/","og_locale":"de_DE","og_type":"article","og_title":"Mini Baum - Insektenliebe","og_description":"Mini Baum \u2013 nat\u00fcrlicher Dekozweig f\u00fcr Springspinnen-Terrarien. Unbehandelt, pestizidfrei und ideal zum Klettern, Springen und Abseilen.","og_url":"https:\/\/insektenliebe.com\/de\/shop\/produkt\/mini-baum\/","og_site_name":"Insektenliebe","article_modified_time":"2026-03-12T06:37:22+00:00","og_image":[{"width":820,"height":820,"url":"https:\/\/insektenliebe.com\/wp-content\/uploads\/2025\/05\/Mini-Baum-L-2.jpg","type":"image\/jpeg"}],"twitter_card":"summary_large_image","twitter_misc":{"Gesch\u00e4tzte Lesezeit":"3\u00a0Minuten"},"schema":{"@context":"https:\/\/schema.org","@graph":[{"@type":"WebPage","@id":"https:\/\/insektenliebe.com\/de\/shop\/produkt\/mini-baum\/","url":"https:\/\/insektenliebe.com\/de\/shop\/produkt\/mini-baum\/","name":"Mini Baum - Insektenliebe","isPartOf":{"@id":"https:\/\/insektenliebe.com\/de\/#website"},"primaryImageOfPage":{"@id":"https:\/\/insektenliebe.com\/de\/shop\/produkt\/mini-baum\/#primaryimage"},"image":{"@id":"https:\/\/insektenliebe.com\/de\/shop\/produkt\/mini-baum\/#primaryimage"},"thumbnailUrl":"https:\/\/insektenliebe.com\/wp-content\/uploads\/2025\/05\/Mini-Baum-L-2.jpg","datePublished":"2024-03-23T10:04:11+00:00","dateModified":"2026-03-12T06:37:22+00:00","description":"Mini Baum \u2013 nat\u00fcrlicher Dekozweig f\u00fcr Springspinnen-Terrarien. Unbehandelt, pestizidfrei und ideal zum Klettern, Springen und Abseilen.","breadcrumb":{"@id":"https:\/\/insektenliebe.com\/de\/shop\/produkt\/mini-baum\/#breadcrumb"},"inLanguage":"de","potentialAction":[{"@type":"ReadAction","target":["https:\/\/insektenliebe.com\/de\/shop\/produkt\/mini-baum\/"]}]},{"@type":"ImageObject","inLanguage":"de","@id":"https:\/\/insektenliebe.com\/de\/shop\/produkt\/mini-baum\/#primaryimage","url":"https:\/\/insektenliebe.com\/wp-content\/uploads\/2025\/05\/Mini-Baum-L-2.jpg","contentUrl":"https:\/\/insektenliebe.com\/wp-content\/uploads\/2025\/05\/Mini-Baum-L-2.jpg","width":820,"height":820,"caption":"Mini-Baum-L-2.jpg"},{"@type":"BreadcrumbList","@id":"https:\/\/insektenliebe.com\/de\/shop\/produkt\/mini-baum\/#breadcrumb","itemListElement":[{"@type":"ListItem","position":1,"name":"Startseite","item":"https:\/\/insektenliebe.com\/de\/"},{"@type":"ListItem","position":2,"name":"Shop","item":"https:\/\/insektenliebe.com\/de\/shop\/"},{"@type":"ListItem","position":3,"name":"Mini Baum"}]},{"@type":"WebSite","@id":"https:\/\/insektenliebe.com\/de\/#website","url":"https:\/\/insektenliebe.com\/de\/","name":"Insektenliebe","description":"Dein Zuhause f\u00fcr die kleinen Lebewesen","publisher":{"@id":"https:\/\/insektenliebe.com\/de\/#organization"},"potentialAction":[{"@type":"SearchAction","target":{"@type":"EntryPoint","urlTemplate":"https:\/\/insektenliebe.com\/de\/?s={search_term_string}"},"query-input":{"@type":"PropertyValueSpecification","valueRequired":true,"valueName":"search_term_string"}}],"inLanguage":"de"},{"@type":"Organization","@id":"https:\/\/insektenliebe.com\/de\/#organization","name":"Insektenliebe","url":"https:\/\/insektenliebe.com\/de\/","logo":{"@type":"ImageObject","inLanguage":"de","@id":"https:\/\/insektenliebe.com\/de\/#\/schema\/logo\/image\/","url":"https:\/\/insektenliebe.com\/wp-content\/uploads\/2025\/03\/logo-white.png","contentUrl":"https:\/\/insektenliebe.com\/wp-content\/uploads\/2025\/03\/logo-white.png","width":288,"height":188,"caption":"Insektenliebe"},"image":{"@id":"https:\/\/insektenliebe.com\/de\/#\/schema\/logo\/image\/"}}]}},"_links":{"self":[{"href":"https:\/\/insektenliebe.com\/de\/wp-json\/wp\/v2\/product\/5657","targetHints":{"allow":["GET"]}}],"collection":[{"href":"https:\/\/insektenliebe.com\/de\/wp-json\/wp\/v2\/product"}],"about":[{"href":"https:\/\/insektenliebe.com\/de\/wp-json\/wp\/v2\/types\/product"}],"wp:featuredmedia":[{"embeddable":true,"href":"https:\/\/insektenliebe.com\/de\/wp-json\/wp\/v2\/media\/5685"}],"wp:attachment":[{"href":"https:\/\/insektenliebe.com\/de\/wp-json\/wp\/v2\/media?parent=5657"}],"wp:term":[{"taxonomy":"product-supplier","embeddable":true,"href":"https:\/\/insektenliebe.com\/de\/wp-json\/wp\/v2\/product-supplier?post=5657"},{"taxonomy":"product_brand","embeddable":true,"href":"https:\/\/insektenliebe.com\/de\/wp-json\/wp\/v2\/product_brand?post=5657"},{"taxonomy":"product_cat","embeddable":true,"href":"https:\/\/insektenliebe.com\/de\/wp-json\/wp\/v2\/product_cat?post=5657"},{"taxonomy":"product_tag","embeddable":true,"href":"https:\/\/insektenliebe.com\/de\/wp-json\/wp\/v2\/product_tag?post=5657"},{"taxonomy":"lce-checkout-addons","embeddable":true,"href":"https:\/\/insektenliebe.com\/de\/wp-json\/wp\/v2\/lce-checkout-addons?post=5657"}],"curies":[{"name":"wp","href":"https:\/\/api.w.org\/{rel}","templated":true}]}}