{"id":5656,"date":"2024-03-20T16:22:06","date_gmt":"2024-03-20T14:22:06","guid":{"rendered":"http:\/\/localhost\/ins-test\/?post_type=product&#038;p=5656"},"modified":"2026-04-13T19:52:39","modified_gmt":"2026-04-13T17:52:39","slug":"arcadia-lumenize-jungle-dawn-led-bar","status":"publish","type":"product","link":"https:\/\/insektenliebe.com\/de\/shop\/produkt\/arcadia-lumenize-jungle-dawn-led-bar\/","title":{"rendered":"Arcadia LumenIZE Jungle Dawn LED Bar"},"content":{"rendered":"<h3><span style=\"color: #99cc33\">Intelligente Beleuchtung, nat\u00fcrliche Welten: Die revolution\u00e4re LumenIZE Jungle Dawn LED Bar<\/span><\/h3>\n<p>Die <strong>Arcadia Reptile LumenIZE Jungle Dawn LED Bar<\/strong> stellt eine revolution\u00e4re Entwicklung in der Beleuchtungstechnologie f\u00fcr Terrarien dar. Dieses Produkt ist das Ergebnis umfassender Forschung und Entwicklung mit dem Ziel, eine Beleuchtungsl\u00f6sung zu schaffen, die nicht nur energieeffizient, sondern auch benutzerfreundlich und tiergerecht ist.<\/p>\n<p>Mit der Einf\u00fchrung der App-Steuerung erm\u00f6glicht Arcadia den Anwendern, ihre Beleuchtungssysteme mit beispielloser Pr\u00e4zision zu steuern. Dies ist ein bedeutender Schritt nach vorne, da es den Haltern erm\u00f6glicht, Lichtverh\u00e4ltnisse zu schaffen, die den nat\u00fcrlichen Lebensbedingungen der Tiere n\u00e4herkommen. Die M\u00f6glichkeit, Sonnenauf- und -untergangsmuster zu erstellen, ist ein entscheidender Vorteil gegen\u00fcber der herk\u00f6mmlichen &#8218;An\/Aus&#8216;-Beleuchtung, da sie den nat\u00fcrlichen Rhythmus der Tiere unterst\u00fctzt und f\u00f6rdert.<\/p>\n<p>Die Dimmfunktion der <strong>Arcadia Reptile LumenIZE Jungle Dawn LED Bar<\/strong> tr\u00e4gt nicht nur zur Energieeffizienz bei, sondern erm\u00f6glicht es auch, das Licht je nach den spezifischen Bed\u00fcrfnissen der Tiere und Pflanzen in der Umgebung anzupassen. Die Angabe, dass durch die Dimmbarkeit durchschnittlich 30% Energie eingespart werden k\u00f6nnen, unterstreicht den umweltfreundlichen Charakter dieses Produkts. Diese Energieeinsparung ist ein wichtiger Aspekt, insbesondere in Zeiten wachsender Umweltbewusstheit.<\/p>\n<p>Die Robustheit der <strong>Arcadia Reptile LumenIZE Jungle Dawn LED Bar<\/strong> wird durch die IP65-Wasserbest\u00e4ndigkeit gew\u00e4hrleistet, was die Leuchte besonders f\u00fcr Umgebungen mit hoher Feuchtigkeit geeignet macht. Dies ist ein entscheidendes Merkmal, das die Langlebigkeit und Zuverl\u00e4ssigkeit des Produkts in verschiedenen Terrariumumgebungen sicherstellt.<\/p>\n<p>Das optionale Link Cable ist eine innovative Erg\u00e4nzung, die es erm\u00f6glicht, mehrere Lampen effizient zu verkn\u00fcpfen und zu steuern. Dies ist besonders n\u00fctzlich f\u00fcr umfangreiche Installationen oder f\u00fcr Anwender, die mehrere Terrarien betreuen. Die M\u00f6glichkeit, bis zu 10 Lampen mit nur einer Stromquelle zu betreiben, zeigt das Engagement von Arcadia f\u00fcr praktische und benutzerorientierte L\u00f6sungen.<\/p>\n<p>Die Verbesserung des Lichtspektrums und der Intensit\u00e4t der LED-Dioden zeigt das Bestreben von Arcadia, Produkte zu liefern, die nicht nur die Pflanzenwachstum unterst\u00fctzen, sondern auch den Tieren helfen, sich in ihrer Umgebung wohler und nat\u00fcrlicher zu f\u00fchlen. Das Engagement f\u00fcr das Wohlergehen der Tiere und die F\u00f6rderung ihres nat\u00fcrlichen Verhaltens steht im Einklang.<\/p>\n<p>Abschlie\u00dfend l\u00e4sst sich sagen, dass die <strong>Arcadia Reptile LumenIZE Jungle Dawn LED Bar <\/strong>nicht nur ein weiteres Beleuchtungsprodukt ist, sondern eine durchdachte L\u00f6sung, die darauf abzielt, die Lebensqualit\u00e4t von Tieren in Terrarien zu verbessern, w\u00e4hrend sie gleichzeitig umweltfreundlicher und benutzerfreundlicher wird.<\/p>\n<p>Die <strong>Arcadia Reptile LumenIZE Jungle Dawn LED Bar<\/strong> kannst du selbstverst\u00e4ndlich auch ohne App betreiben. Dadurch ist allerdings kein Dimmen und keine sonstige Programmierung m\u00f6glich und die Beleuchtung l\u00e4uft dauerhaft auf 100%.<\/p>\n","protected":false},"excerpt":{"rendered":"<p>Intelligente Beleuchtung, nat\u00fcrliche Welten: Die revolution\u00e4re LumenIZE Jungle Dawn LED Bar Die Arcadia Reptile LumenIZE Jungle Dawn LED Bar stellt eine revolution\u00e4re Entwicklung in der Beleuchtungstechnologie f\u00fcr Terrarien dar. Dieses Produkt ist das Ergebnis umfassender Forschung und Entwicklung mit dem Ziel, eine Beleuchtungsl\u00f6sung zu schaffen, die nicht nur energieeffizient, sondern auch benutzerfreundlich und tiergerecht ist. [&hellip;]<\/p>\n","protected":false},"featured_media":5684,"template":"","meta":{"_acf_changed":false},"product-supplier":[],"product_brand":[],"product_cat":[299],"product_tag":[],"lce-checkout-addons":[],"class_list":{"0":"post-5656","1":"product","2":"type-product","3":"status-publish","4":"has-post-thumbnail","6":"product_cat-beleuchtung-klima","7":"product_shipping_class-equipment-shipping","9":"first","10":"instock","11":"sale","12":"taxable","13":"shipping-taxable","14":"purchasable","15":"product-type-variable"},"acf":[],"yoast_head":"<!-- This site is optimized with the Yoast SEO Premium plugin v26.8 (Yoast SEO v27.3) - https:\/\/yoast.com\/product\/yoast-seo-premium-wordpress\/ -->\n<title>Arcadia LumenIZE Jungle Dawn LED Bar - Insektenliebe<\/title>\n<meta name=\"description\" content=\"G\u00fcnstige Arcadia LumenIZE Jungle Dawn LED Bar direkt online kaufen. Fordert den rapiden Pflanzenwachstum durch neuste LED-Technik. Mit App-Anwendung!\" \/>\n<meta name=\"robots\" content=\"index, follow, max-snippet:-1, max-image-preview:large, max-video-preview:-1\" \/>\n<link rel=\"canonical\" href=\"https:\/\/insektenliebe.com\/de\/shop\/produkt\/arcadia-lumenize-jungle-dawn-led-bar\/\" \/>\n<meta property=\"og:locale\" content=\"de_DE\" \/>\n<meta property=\"og:type\" content=\"article\" \/>\n<meta property=\"og:title\" content=\"Arcadia LumenIZE Jungle Dawn LED Bar\" \/>\n<meta property=\"og:description\" content=\"G\u00fcnstige Arcadia LumenIZE Jungle Dawn LED Bar direkt online kaufen. Fordert den rapiden Pflanzenwachstum durch neuste LED-Technik. Mit App-Anwendung!\" \/>\n<meta property=\"og:url\" content=\"https:\/\/insektenliebe.com\/de\/shop\/produkt\/arcadia-lumenize-jungle-dawn-led-bar\/\" \/>\n<meta property=\"og:site_name\" content=\"Insektenliebe\" \/>\n<meta property=\"article:modified_time\" content=\"2026-04-13T17:52:39+00:00\" \/>\n<meta property=\"og:image\" content=\"https:\/\/insektenliebe.com\/wp-content\/uploads\/2025\/05\/Arcadia-LumenIZE-Jungle-Dawn-LED-Bar-2.jpg\" \/>\n\t<meta property=\"og:image:width\" content=\"820\" \/>\n\t<meta property=\"og:image:height\" content=\"820\" \/>\n\t<meta property=\"og:image:type\" content=\"image\/jpeg\" \/>\n<meta name=\"twitter:card\" content=\"summary_large_image\" \/>\n<meta name=\"twitter:label1\" content=\"Verf\u00fcgbarkeit\" \/>\n\t<meta name=\"twitter:data1\" content=\"Auf Lager\" \/>\n<script type=\"application\/ld+json\" class=\"yoast-schema-graph\">{\"@context\":\"https:\\\/\\\/schema.org\",\"@graph\":[{\"@type\":\"WebPage\",\"@id\":\"https:\\\/\\\/insektenliebe.com\\\/de\\\/shop\\\/produkt\\\/arcadia-lumenize-jungle-dawn-led-bar\\\/\",\"url\":\"https:\\\/\\\/insektenliebe.com\\\/de\\\/shop\\\/produkt\\\/arcadia-lumenize-jungle-dawn-led-bar\\\/\",\"name\":\"Arcadia LumenIZE Jungle Dawn LED Bar - Insektenliebe\",\"isPartOf\":{\"@id\":\"https:\\\/\\\/insektenliebe.com\\\/de\\\/#website\"},\"primaryImageOfPage\":{\"@id\":\"https:\\\/\\\/insektenliebe.com\\\/de\\\/shop\\\/produkt\\\/arcadia-lumenize-jungle-dawn-led-bar\\\/#primaryimage\"},\"image\":{\"@id\":\"https:\\\/\\\/insektenliebe.com\\\/de\\\/shop\\\/produkt\\\/arcadia-lumenize-jungle-dawn-led-bar\\\/#primaryimage\"},\"thumbnailUrl\":\"https:\\\/\\\/insektenliebe.com\\\/wp-content\\\/uploads\\\/2025\\\/05\\\/Arcadia-LumenIZE-Jungle-Dawn-LED-Bar-2.jpg\",\"datePublished\":\"2024-03-20T14:22:06+00:00\",\"dateModified\":\"2026-04-13T17:52:39+00:00\",\"description\":\"G\u00fcnstige Arcadia LumenIZE Jungle Dawn LED Bar direkt online kaufen. Fordert den rapiden Pflanzenwachstum durch neuste LED-Technik. Mit App-Anwendung!\",\"breadcrumb\":{\"@id\":\"https:\\\/\\\/insektenliebe.com\\\/de\\\/shop\\\/produkt\\\/arcadia-lumenize-jungle-dawn-led-bar\\\/#breadcrumb\"},\"inLanguage\":\"de\",\"potentialAction\":[{\"@type\":\"ReadAction\",\"target\":[\"https:\\\/\\\/insektenliebe.com\\\/de\\\/shop\\\/produkt\\\/arcadia-lumenize-jungle-dawn-led-bar\\\/\"]}]},{\"@type\":\"ImageObject\",\"inLanguage\":\"de\",\"@id\":\"https:\\\/\\\/insektenliebe.com\\\/de\\\/shop\\\/produkt\\\/arcadia-lumenize-jungle-dawn-led-bar\\\/#primaryimage\",\"url\":\"https:\\\/\\\/insektenliebe.com\\\/wp-content\\\/uploads\\\/2025\\\/05\\\/Arcadia-LumenIZE-Jungle-Dawn-LED-Bar-2.jpg\",\"contentUrl\":\"https:\\\/\\\/insektenliebe.com\\\/wp-content\\\/uploads\\\/2025\\\/05\\\/Arcadia-LumenIZE-Jungle-Dawn-LED-Bar-2.jpg\",\"width\":820,\"height\":820,\"caption\":\"Arcadia-LumenIZE-Jungle-Dawn-LED-Bar-2.jpg\"},{\"@type\":\"BreadcrumbList\",\"@id\":\"https:\\\/\\\/insektenliebe.com\\\/de\\\/shop\\\/produkt\\\/arcadia-lumenize-jungle-dawn-led-bar\\\/#breadcrumb\",\"itemListElement\":[{\"@type\":\"ListItem\",\"position\":1,\"name\":\"Startseite\",\"item\":\"https:\\\/\\\/insektenliebe.com\\\/de\\\/\"},{\"@type\":\"ListItem\",\"position\":2,\"name\":\"Shop\",\"item\":\"https:\\\/\\\/insektenliebe.com\\\/de\\\/shop\\\/\"},{\"@type\":\"ListItem\",\"position\":3,\"name\":\"Arcadia LumenIZE Jungle Dawn LED Bar\"}]},{\"@type\":\"WebSite\",\"@id\":\"https:\\\/\\\/insektenliebe.com\\\/de\\\/#website\",\"url\":\"https:\\\/\\\/insektenliebe.com\\\/de\\\/\",\"name\":\"Insektenliebe\",\"description\":\"Dein Zuhause f\u00fcr die kleinen Lebewesen\",\"publisher\":{\"@id\":\"https:\\\/\\\/insektenliebe.com\\\/de\\\/#organization\"},\"potentialAction\":[{\"@type\":\"SearchAction\",\"target\":{\"@type\":\"EntryPoint\",\"urlTemplate\":\"https:\\\/\\\/insektenliebe.com\\\/de\\\/?s={search_term_string}\"},\"query-input\":{\"@type\":\"PropertyValueSpecification\",\"valueRequired\":true,\"valueName\":\"search_term_string\"}}],\"inLanguage\":\"de\"},{\"@type\":\"Organization\",\"@id\":\"https:\\\/\\\/insektenliebe.com\\\/de\\\/#organization\",\"name\":\"Insektenliebe\",\"url\":\"https:\\\/\\\/insektenliebe.com\\\/de\\\/\",\"logo\":{\"@type\":\"ImageObject\",\"inLanguage\":\"de\",\"@id\":\"https:\\\/\\\/insektenliebe.com\\\/de\\\/#\\\/schema\\\/logo\\\/image\\\/\",\"url\":\"https:\\\/\\\/insektenliebe.com\\\/wp-content\\\/uploads\\\/2025\\\/03\\\/logo-white.png\",\"contentUrl\":\"https:\\\/\\\/insektenliebe.com\\\/wp-content\\\/uploads\\\/2025\\\/03\\\/logo-white.png\",\"width\":288,\"height\":188,\"caption\":\"Insektenliebe\"},\"image\":{\"@id\":\"https:\\\/\\\/insektenliebe.com\\\/de\\\/#\\\/schema\\\/logo\\\/image\\\/\"}}]}<\/script>\n<meta property=\"og:availability\" content=\"instock\" \/>\n<meta property=\"product:availability\" content=\"instock\" \/>\n<meta property=\"product:retailer_item_id\" content=\"00056741\" \/>\n<meta property=\"product:condition\" content=\"new\" \/>\n<!-- \/ Yoast SEO Premium plugin. -->","yoast_head_json":{"title":"Arcadia LumenIZE Jungle Dawn LED Bar - Insektenliebe","description":"G\u00fcnstige Arcadia LumenIZE Jungle Dawn LED Bar direkt online kaufen. Fordert den rapiden Pflanzenwachstum durch neuste LED-Technik. Mit App-Anwendung!","robots":{"index":"index","follow":"follow","max-snippet":"max-snippet:-1","max-image-preview":"max-image-preview:large","max-video-preview":"max-video-preview:-1"},"canonical":"https:\/\/insektenliebe.com\/de\/shop\/produkt\/arcadia-lumenize-jungle-dawn-led-bar\/","og_locale":"de_DE","og_type":"article","og_title":"Arcadia LumenIZE Jungle Dawn LED Bar","og_description":"G\u00fcnstige Arcadia LumenIZE Jungle Dawn LED Bar direkt online kaufen. Fordert den rapiden Pflanzenwachstum durch neuste LED-Technik. Mit App-Anwendung!","og_url":"https:\/\/insektenliebe.com\/de\/shop\/produkt\/arcadia-lumenize-jungle-dawn-led-bar\/","og_site_name":"Insektenliebe","article_modified_time":"2026-04-13T17:52:39+00:00","og_image":[{"width":820,"height":820,"url":"https:\/\/insektenliebe.com\/wp-content\/uploads\/2025\/05\/Arcadia-LumenIZE-Jungle-Dawn-LED-Bar-2.jpg","type":"image\/jpeg"}],"twitter_card":"summary_large_image","twitter_misc":{"Verf\u00fcgbarkeit":"Auf Lager"},"schema":{"@context":"https:\/\/schema.org","@graph":[{"@type":"WebPage","@id":"https:\/\/insektenliebe.com\/de\/shop\/produkt\/arcadia-lumenize-jungle-dawn-led-bar\/","url":"https:\/\/insektenliebe.com\/de\/shop\/produkt\/arcadia-lumenize-jungle-dawn-led-bar\/","name":"Arcadia LumenIZE Jungle Dawn LED Bar - Insektenliebe","isPartOf":{"@id":"https:\/\/insektenliebe.com\/de\/#website"},"primaryImageOfPage":{"@id":"https:\/\/insektenliebe.com\/de\/shop\/produkt\/arcadia-lumenize-jungle-dawn-led-bar\/#primaryimage"},"image":{"@id":"https:\/\/insektenliebe.com\/de\/shop\/produkt\/arcadia-lumenize-jungle-dawn-led-bar\/#primaryimage"},"thumbnailUrl":"https:\/\/insektenliebe.com\/wp-content\/uploads\/2025\/05\/Arcadia-LumenIZE-Jungle-Dawn-LED-Bar-2.jpg","datePublished":"2024-03-20T14:22:06+00:00","dateModified":"2026-04-13T17:52:39+00:00","description":"G\u00fcnstige Arcadia LumenIZE Jungle Dawn LED Bar direkt online kaufen. Fordert den rapiden Pflanzenwachstum durch neuste LED-Technik. Mit App-Anwendung!","breadcrumb":{"@id":"https:\/\/insektenliebe.com\/de\/shop\/produkt\/arcadia-lumenize-jungle-dawn-led-bar\/#breadcrumb"},"inLanguage":"de","potentialAction":[{"@type":"ReadAction","target":["https:\/\/insektenliebe.com\/de\/shop\/produkt\/arcadia-lumenize-jungle-dawn-led-bar\/"]}]},{"@type":"ImageObject","inLanguage":"de","@id":"https:\/\/insektenliebe.com\/de\/shop\/produkt\/arcadia-lumenize-jungle-dawn-led-bar\/#primaryimage","url":"https:\/\/insektenliebe.com\/wp-content\/uploads\/2025\/05\/Arcadia-LumenIZE-Jungle-Dawn-LED-Bar-2.jpg","contentUrl":"https:\/\/insektenliebe.com\/wp-content\/uploads\/2025\/05\/Arcadia-LumenIZE-Jungle-Dawn-LED-Bar-2.jpg","width":820,"height":820,"caption":"Arcadia-LumenIZE-Jungle-Dawn-LED-Bar-2.jpg"},{"@type":"BreadcrumbList","@id":"https:\/\/insektenliebe.com\/de\/shop\/produkt\/arcadia-lumenize-jungle-dawn-led-bar\/#breadcrumb","itemListElement":[{"@type":"ListItem","position":1,"name":"Startseite","item":"https:\/\/insektenliebe.com\/de\/"},{"@type":"ListItem","position":2,"name":"Shop","item":"https:\/\/insektenliebe.com\/de\/shop\/"},{"@type":"ListItem","position":3,"name":"Arcadia LumenIZE Jungle Dawn LED Bar"}]},{"@type":"WebSite","@id":"https:\/\/insektenliebe.com\/de\/#website","url":"https:\/\/insektenliebe.com\/de\/","name":"Insektenliebe","description":"Dein Zuhause f\u00fcr die kleinen Lebewesen","publisher":{"@id":"https:\/\/insektenliebe.com\/de\/#organization"},"potentialAction":[{"@type":"SearchAction","target":{"@type":"EntryPoint","urlTemplate":"https:\/\/insektenliebe.com\/de\/?s={search_term_string}"},"query-input":{"@type":"PropertyValueSpecification","valueRequired":true,"valueName":"search_term_string"}}],"inLanguage":"de"},{"@type":"Organization","@id":"https:\/\/insektenliebe.com\/de\/#organization","name":"Insektenliebe","url":"https:\/\/insektenliebe.com\/de\/","logo":{"@type":"ImageObject","inLanguage":"de","@id":"https:\/\/insektenliebe.com\/de\/#\/schema\/logo\/image\/","url":"https:\/\/insektenliebe.com\/wp-content\/uploads\/2025\/03\/logo-white.png","contentUrl":"https:\/\/insektenliebe.com\/wp-content\/uploads\/2025\/03\/logo-white.png","width":288,"height":188,"caption":"Insektenliebe"},"image":{"@id":"https:\/\/insektenliebe.com\/de\/#\/schema\/logo\/image\/"}}]},"og_availability":"instock","product_availability":"instock","product_retailer_item_id":"00056741","product_condition":"new"},"_links":{"self":[{"href":"https:\/\/insektenliebe.com\/de\/wp-json\/wp\/v2\/product\/5656","targetHints":{"allow":["GET"]}}],"collection":[{"href":"https:\/\/insektenliebe.com\/de\/wp-json\/wp\/v2\/product"}],"about":[{"href":"https:\/\/insektenliebe.com\/de\/wp-json\/wp\/v2\/types\/product"}],"wp:featuredmedia":[{"embeddable":true,"href":"https:\/\/insektenliebe.com\/de\/wp-json\/wp\/v2\/media\/5684"}],"wp:attachment":[{"href":"https:\/\/insektenliebe.com\/de\/wp-json\/wp\/v2\/media?parent=5656"}],"wp:term":[{"taxonomy":"product-supplier","embeddable":true,"href":"https:\/\/insektenliebe.com\/de\/wp-json\/wp\/v2\/product-supplier?post=5656"},{"taxonomy":"product_brand","embeddable":true,"href":"https:\/\/insektenliebe.com\/de\/wp-json\/wp\/v2\/product_brand?post=5656"},{"taxonomy":"product_cat","embeddable":true,"href":"https:\/\/insektenliebe.com\/de\/wp-json\/wp\/v2\/product_cat?post=5656"},{"taxonomy":"product_tag","embeddable":true,"href":"https:\/\/insektenliebe.com\/de\/wp-json\/wp\/v2\/product_tag?post=5656"},{"taxonomy":"lce-checkout-addons","embeddable":true,"href":"https:\/\/insektenliebe.com\/de\/wp-json\/wp\/v2\/lce-checkout-addons?post=5656"}],"curies":[{"name":"wp","href":"https:\/\/api.w.org\/{rel}","templated":true}]}}