{"id":5654,"date":"2024-04-06T14:19:45","date_gmt":"2024-04-06T12:19:45","guid":{"rendered":"http:\/\/localhost\/ins-test\/?post_type=product&#038;p=5654"},"modified":"2026-03-06T18:32:09","modified_gmt":"2026-03-06T17:32:09","slug":"cyclosternum-spec-aureum","status":"publish","type":"product","link":"https:\/\/insektenliebe.com\/de\/shop\/produkt\/cyclosternum-spec-aureum\/","title":{"rendered":"Cyclosternum spec. \"Aureum\""},"content":{"rendered":"<h3><span style=\"color: #99cc33;\">Goldene Wunder: Einblicke in eine seltene Vogelspinnenart<\/span><\/h3>\n<div class=\"react-scroll-to-bottom--css-sbfrk-1n7m0yu\">\n<div class=\"flex flex-col text-sm pb-9\">\n<div class=\"w-full text-token-text-primary sm:AIPRM__conversation__response\" data-testid=\"conversation-turn-29\">\n<div class=\"px-4 py-2 justify-center text-base md:gap-6 m-auto\">\n<div class=\"flex flex-1 text-base mx-auto gap-3 md:px-5 lg:px-1 xl:px-5 md:max-w-3xl lg:max-w- xl:max-w- group final-completion\">\n<div class=\"relative flex w-full flex-col agent-turn\">\n<div class=\"flex-col gap-1 md:gap-3\">\n<div class=\"flex flex-grow flex-col max-w-full\">\n<div class=\"min-h- text-message flex flex-col items-start gap-3 whitespace-pre-wrap break-words :mt-5 overflow-x-auto\" data-message-author-role=\"assistant\" data-message-id=\"89823a24-f53f-48eb-82b0-84e3103fabe2\">\n<div class=\"markdown prose w-full break-words dark:prose-invert light AIPRM__conversation__response\">\n<p class=\"p1\">Die <strong>Cyclosternum spec. \"Aureum\"<\/strong> geh\u00f6rt zu den seltensten Vogelspinnen, die im Handel erh\u00e4ltlich sind. \u00dcber diese aus S\u00fcdamerika stammende Art ist bislang nur wenig bekannt. Mit einer K\u00f6rperl\u00e4nge von etwa 4 cm bleibt diese Vogelspinne relativ klein und f\u00fchrt eine fossoriale Lebensweise, indem sie unterirdische G\u00e4nge mit mehreren Eing\u00e4ngen anlegt. Optimale Lebensbedingungen findet sie bei Temperaturen von 20-25 \u00b0C und einer Luftfeuchtigkeit von \u00fcber 80 %.<\/p>\n<p class=\"p1\">Der Name \"Aureum\", was golden bedeutet, spiegelt sich in ihrer Erscheinung wider: Der Carapax der Spinne zeigt eine goldene F\u00e4rbung, die in einem beeindruckenden Kontrast zu den bl\u00e4ulich get\u00f6nten Beinen und dem rot-braunen Abdomen steht. Auch die Gelenke der Beine heben sich in einem goldenen Ton ab.<\/p>\n<p class=\"p1\">Die Nachzucht, die hier zum Verkauf steht, stammt von Elterntieren ab, die zu den ersten geh\u00f6rten, die in Deutschland verf\u00fcgbar waren.<\/p>\n<p class=\"p1\">Da diese Spezies noch nicht wissenschaftlich beschrieben wurde, ist ungewiss, ob sie in der Gattung Cyclosternum verbleiben wird. Eine detaillierte morphologische Beschreibung steht noch aus, und erste genetische Analysen deuten m\u00f6glicherweise auf eine andere Klassifizierung hin. Es bleibt spannend, welche weiteren Erkenntnisse wir \u00fcber diese au\u00dfergew\u00f6hnlich seltene Vogelspinnenart gewinnen werden!<\/p>\n<\/div>\n<\/div>\n<\/div>\n<\/div>\n<\/div>\n<\/div>\n<\/div>\n<\/div>\n<\/div>\n<\/div>\n<p>Wir empfehlen ein Terrarium von ReptiPlanet mit den Ma\u00dfen 20 x 20 x 20 cm, das ideal f\u00fcr <strong>Cyclosternum spec. \"Aureum\"<\/strong> ist. Die empfohlene Substrath\u00f6he von 10 bis 15 cm bietet ausreichend Raum f\u00fcr das Graben oder Verstecken, was f\u00fcr <strong>Cyclosternum spec. \"Aureum\"<\/strong> essentiell ist.<\/p>\n<p>Diese Substrattiefe unterst\u00fctzt zudem eine angemessene Feuchtigkeitsregulierung und bietet gen\u00fcgend Platz f\u00fcr Pflanzen oder Dekorationselemente, um eine naturnahe Umgebung zu schaffen. Das kompakte Design des Terrariums macht es zu einer ausgezeichneten Wahl f\u00fcr <strong>Cyclosternum spec. \"Aureum\"<\/strong>, f\u00fcr ein artgerechtes und ansprechendes Zuhause f\u00fcr deine kleine tierische Spinne.<\/p>\n","protected":false},"excerpt":{"rendered":"<p>Goldene Wunder: Einblicke in eine seltene Vogelspinnenart Die Cyclosternum spec. \"Aureum\" geh\u00f6rt zu den seltensten Vogelspinnen, die im Handel erh\u00e4ltlich sind. \u00dcber diese aus S\u00fcdamerika stammende Art ist bislang nur wenig bekannt. Mit einer K\u00f6rperl\u00e4nge von etwa 4 cm bleibt diese Vogelspinne relativ klein und f\u00fchrt eine fossoriale Lebensweise, indem sie unterirdische G\u00e4nge mit mehreren [&hellip;]<\/p>\n","protected":false},"featured_media":5682,"template":"","meta":{"_acf_changed":false},"product-supplier":[],"product_brand":[],"product_cat":[626,48],"product_tag":[],"lce-checkout-addons":[1202],"class_list":{"0":"post-5654","1":"product","2":"type-product","3":"status-publish","4":"has-post-thumbnail","6":"product_cat-spinnen","7":"product_cat-vogelspinnen","8":"product_shipping_class-animal-shipping","9":"pa_geschlecht-maennlich","10":"pa_geschlecht-unbestimmt","11":"pa_geschlecht-weiblich","12":"pa_herkunft-brasilien","13":"pa_kontinent-suedamerika","14":"lce-checkout-addons-winterverpackung","16":"first","17":"outofstock","18":"taxable","19":"shipping-taxable","20":"product-type-variable"},"acf":[],"yoast_head":"<!-- This site is optimized with the Yoast SEO plugin v27.3 - https:\/\/yoast.com\/product\/yoast-seo-wordpress\/ -->\n<title>Cyclosternum spec. &quot;Aureum&quot; - Insektenliebe<\/title>\n<meta name=\"description\" content=\"G\u00fcnstige Cyclosternum spec. &quot;Aureum&quot; direkt direkt online kaufen! Sie geh\u00f6rt zu den seltensten Vogelspinnen, die im Handel erh\u00e4ltlich sind.\" \/>\n<meta name=\"robots\" content=\"index, follow, max-snippet:-1, max-image-preview:large, max-video-preview:-1\" \/>\n<link rel=\"canonical\" href=\"https:\/\/insektenliebe.com\/de\/shop\/produkt\/cyclosternum-spec-aureum\/\" \/>\n<meta property=\"og:locale\" content=\"de_DE\" \/>\n<meta property=\"og:type\" content=\"article\" \/>\n<meta property=\"og:title\" content=\"Cyclosternum spec. &quot;Aureum&quot; - Insektenliebe\" \/>\n<meta property=\"og:description\" content=\"G\u00fcnstige Cyclosternum spec. &quot;Aureum&quot; direkt direkt online kaufen! Sie geh\u00f6rt zu den seltensten Vogelspinnen, die im Handel erh\u00e4ltlich sind.\" \/>\n<meta property=\"og:url\" content=\"https:\/\/insektenliebe.com\/de\/shop\/produkt\/cyclosternum-spec-aureum\/\" \/>\n<meta property=\"og:site_name\" content=\"Insektenliebe\" \/>\n<meta property=\"article:modified_time\" content=\"2026-03-06T17:32:09+00:00\" \/>\n<meta property=\"og:image\" content=\"https:\/\/insektenliebe.com\/wp-content\/uploads\/2025\/05\/Cyclosternum-spec.-22Aureum22-2.jpg\" \/>\n\t<meta property=\"og:image:width\" content=\"820\" \/>\n\t<meta property=\"og:image:height\" content=\"820\" \/>\n\t<meta property=\"og:image:type\" content=\"image\/jpeg\" \/>\n<meta name=\"twitter:card\" content=\"summary_large_image\" \/>\n<meta name=\"twitter:label1\" content=\"Gesch\u00e4tzte Lesezeit\" \/>\n\t<meta name=\"twitter:data1\" content=\"2\u00a0Minuten\" \/>\n<script type=\"application\/ld+json\" class=\"yoast-schema-graph\">{\"@context\":\"https:\\\/\\\/schema.org\",\"@graph\":[{\"@type\":\"WebPage\",\"@id\":\"https:\\\/\\\/insektenliebe.com\\\/de\\\/shop\\\/produkt\\\/cyclosternum-spec-aureum\\\/\",\"url\":\"https:\\\/\\\/insektenliebe.com\\\/de\\\/shop\\\/produkt\\\/cyclosternum-spec-aureum\\\/\",\"name\":\"Cyclosternum spec. \\\"Aureum\\\" - Insektenliebe\",\"isPartOf\":{\"@id\":\"https:\\\/\\\/insektenliebe.com\\\/de\\\/#website\"},\"primaryImageOfPage\":{\"@id\":\"https:\\\/\\\/insektenliebe.com\\\/de\\\/shop\\\/produkt\\\/cyclosternum-spec-aureum\\\/#primaryimage\"},\"image\":{\"@id\":\"https:\\\/\\\/insektenliebe.com\\\/de\\\/shop\\\/produkt\\\/cyclosternum-spec-aureum\\\/#primaryimage\"},\"thumbnailUrl\":\"https:\\\/\\\/insektenliebe.com\\\/wp-content\\\/uploads\\\/2025\\\/05\\\/Cyclosternum-spec.-22Aureum22-2.jpg\",\"datePublished\":\"2024-04-06T12:19:45+00:00\",\"dateModified\":\"2026-03-06T17:32:09+00:00\",\"description\":\"G\u00fcnstige Cyclosternum spec. \\\"Aureum\\\" direkt direkt online kaufen! Sie geh\u00f6rt zu den seltensten Vogelspinnen, die im Handel erh\u00e4ltlich sind.\",\"breadcrumb\":{\"@id\":\"https:\\\/\\\/insektenliebe.com\\\/de\\\/shop\\\/produkt\\\/cyclosternum-spec-aureum\\\/#breadcrumb\"},\"inLanguage\":\"de\",\"potentialAction\":[{\"@type\":\"ReadAction\",\"target\":[\"https:\\\/\\\/insektenliebe.com\\\/de\\\/shop\\\/produkt\\\/cyclosternum-spec-aureum\\\/\"]}]},{\"@type\":\"ImageObject\",\"inLanguage\":\"de\",\"@id\":\"https:\\\/\\\/insektenliebe.com\\\/de\\\/shop\\\/produkt\\\/cyclosternum-spec-aureum\\\/#primaryimage\",\"url\":\"https:\\\/\\\/insektenliebe.com\\\/wp-content\\\/uploads\\\/2025\\\/05\\\/Cyclosternum-spec.-22Aureum22-2.jpg\",\"contentUrl\":\"https:\\\/\\\/insektenliebe.com\\\/wp-content\\\/uploads\\\/2025\\\/05\\\/Cyclosternum-spec.-22Aureum22-2.jpg\",\"width\":820,\"height\":820,\"caption\":\"Cyclosternum-spec.-22Aureum22-2.jpg\"},{\"@type\":\"BreadcrumbList\",\"@id\":\"https:\\\/\\\/insektenliebe.com\\\/de\\\/shop\\\/produkt\\\/cyclosternum-spec-aureum\\\/#breadcrumb\",\"itemListElement\":[{\"@type\":\"ListItem\",\"position\":1,\"name\":\"Startseite\",\"item\":\"https:\\\/\\\/insektenliebe.com\\\/de\\\/\"},{\"@type\":\"ListItem\",\"position\":2,\"name\":\"Shop\",\"item\":\"https:\\\/\\\/insektenliebe.com\\\/de\\\/shop\\\/\"},{\"@type\":\"ListItem\",\"position\":3,\"name\":\"Cyclosternum spec. \\\"Aureum\\\"\"}]},{\"@type\":\"WebSite\",\"@id\":\"https:\\\/\\\/insektenliebe.com\\\/de\\\/#website\",\"url\":\"https:\\\/\\\/insektenliebe.com\\\/de\\\/\",\"name\":\"Insektenliebe\",\"description\":\"Dein Zuhause f\u00fcr die kleinen Lebewesen\",\"publisher\":{\"@id\":\"https:\\\/\\\/insektenliebe.com\\\/de\\\/#organization\"},\"potentialAction\":[{\"@type\":\"SearchAction\",\"target\":{\"@type\":\"EntryPoint\",\"urlTemplate\":\"https:\\\/\\\/insektenliebe.com\\\/de\\\/?s={search_term_string}\"},\"query-input\":{\"@type\":\"PropertyValueSpecification\",\"valueRequired\":true,\"valueName\":\"search_term_string\"}}],\"inLanguage\":\"de\"},{\"@type\":\"Organization\",\"@id\":\"https:\\\/\\\/insektenliebe.com\\\/de\\\/#organization\",\"name\":\"Insektenliebe\",\"url\":\"https:\\\/\\\/insektenliebe.com\\\/de\\\/\",\"logo\":{\"@type\":\"ImageObject\",\"inLanguage\":\"de\",\"@id\":\"https:\\\/\\\/insektenliebe.com\\\/de\\\/#\\\/schema\\\/logo\\\/image\\\/\",\"url\":\"https:\\\/\\\/insektenliebe.com\\\/wp-content\\\/uploads\\\/2025\\\/03\\\/logo-white.png\",\"contentUrl\":\"https:\\\/\\\/insektenliebe.com\\\/wp-content\\\/uploads\\\/2025\\\/03\\\/logo-white.png\",\"width\":288,\"height\":188,\"caption\":\"Insektenliebe\"},\"image\":{\"@id\":\"https:\\\/\\\/insektenliebe.com\\\/de\\\/#\\\/schema\\\/logo\\\/image\\\/\"}}]}<\/script>\n<!-- \/ Yoast SEO plugin. -->","yoast_head_json":{"title":"Cyclosternum spec. \"Aureum\" - Insektenliebe","description":"G\u00fcnstige Cyclosternum spec. \"Aureum\" direkt direkt online kaufen! Sie geh\u00f6rt zu den seltensten Vogelspinnen, die im Handel erh\u00e4ltlich sind.","robots":{"index":"index","follow":"follow","max-snippet":"max-snippet:-1","max-image-preview":"max-image-preview:large","max-video-preview":"max-video-preview:-1"},"canonical":"https:\/\/insektenliebe.com\/de\/shop\/produkt\/cyclosternum-spec-aureum\/","og_locale":"de_DE","og_type":"article","og_title":"Cyclosternum spec. \"Aureum\" - Insektenliebe","og_description":"G\u00fcnstige Cyclosternum spec. \"Aureum\" direkt direkt online kaufen! Sie geh\u00f6rt zu den seltensten Vogelspinnen, die im Handel erh\u00e4ltlich sind.","og_url":"https:\/\/insektenliebe.com\/de\/shop\/produkt\/cyclosternum-spec-aureum\/","og_site_name":"Insektenliebe","article_modified_time":"2026-03-06T17:32:09+00:00","og_image":[{"width":820,"height":820,"url":"https:\/\/insektenliebe.com\/wp-content\/uploads\/2025\/05\/Cyclosternum-spec.-22Aureum22-2.jpg","type":"image\/jpeg"}],"twitter_card":"summary_large_image","twitter_misc":{"Gesch\u00e4tzte Lesezeit":"2\u00a0Minuten"},"schema":{"@context":"https:\/\/schema.org","@graph":[{"@type":"WebPage","@id":"https:\/\/insektenliebe.com\/de\/shop\/produkt\/cyclosternum-spec-aureum\/","url":"https:\/\/insektenliebe.com\/de\/shop\/produkt\/cyclosternum-spec-aureum\/","name":"Cyclosternum spec. \"Aureum\" - Insektenliebe","isPartOf":{"@id":"https:\/\/insektenliebe.com\/de\/#website"},"primaryImageOfPage":{"@id":"https:\/\/insektenliebe.com\/de\/shop\/produkt\/cyclosternum-spec-aureum\/#primaryimage"},"image":{"@id":"https:\/\/insektenliebe.com\/de\/shop\/produkt\/cyclosternum-spec-aureum\/#primaryimage"},"thumbnailUrl":"https:\/\/insektenliebe.com\/wp-content\/uploads\/2025\/05\/Cyclosternum-spec.-22Aureum22-2.jpg","datePublished":"2024-04-06T12:19:45+00:00","dateModified":"2026-03-06T17:32:09+00:00","description":"G\u00fcnstige Cyclosternum spec. \"Aureum\" direkt direkt online kaufen! Sie geh\u00f6rt zu den seltensten Vogelspinnen, die im Handel erh\u00e4ltlich sind.","breadcrumb":{"@id":"https:\/\/insektenliebe.com\/de\/shop\/produkt\/cyclosternum-spec-aureum\/#breadcrumb"},"inLanguage":"de","potentialAction":[{"@type":"ReadAction","target":["https:\/\/insektenliebe.com\/de\/shop\/produkt\/cyclosternum-spec-aureum\/"]}]},{"@type":"ImageObject","inLanguage":"de","@id":"https:\/\/insektenliebe.com\/de\/shop\/produkt\/cyclosternum-spec-aureum\/#primaryimage","url":"https:\/\/insektenliebe.com\/wp-content\/uploads\/2025\/05\/Cyclosternum-spec.-22Aureum22-2.jpg","contentUrl":"https:\/\/insektenliebe.com\/wp-content\/uploads\/2025\/05\/Cyclosternum-spec.-22Aureum22-2.jpg","width":820,"height":820,"caption":"Cyclosternum-spec.-22Aureum22-2.jpg"},{"@type":"BreadcrumbList","@id":"https:\/\/insektenliebe.com\/de\/shop\/produkt\/cyclosternum-spec-aureum\/#breadcrumb","itemListElement":[{"@type":"ListItem","position":1,"name":"Startseite","item":"https:\/\/insektenliebe.com\/de\/"},{"@type":"ListItem","position":2,"name":"Shop","item":"https:\/\/insektenliebe.com\/de\/shop\/"},{"@type":"ListItem","position":3,"name":"Cyclosternum spec. \"Aureum\""}]},{"@type":"WebSite","@id":"https:\/\/insektenliebe.com\/de\/#website","url":"https:\/\/insektenliebe.com\/de\/","name":"Insektenliebe","description":"Dein Zuhause f\u00fcr die kleinen Lebewesen","publisher":{"@id":"https:\/\/insektenliebe.com\/de\/#organization"},"potentialAction":[{"@type":"SearchAction","target":{"@type":"EntryPoint","urlTemplate":"https:\/\/insektenliebe.com\/de\/?s={search_term_string}"},"query-input":{"@type":"PropertyValueSpecification","valueRequired":true,"valueName":"search_term_string"}}],"inLanguage":"de"},{"@type":"Organization","@id":"https:\/\/insektenliebe.com\/de\/#organization","name":"Insektenliebe","url":"https:\/\/insektenliebe.com\/de\/","logo":{"@type":"ImageObject","inLanguage":"de","@id":"https:\/\/insektenliebe.com\/de\/#\/schema\/logo\/image\/","url":"https:\/\/insektenliebe.com\/wp-content\/uploads\/2025\/03\/logo-white.png","contentUrl":"https:\/\/insektenliebe.com\/wp-content\/uploads\/2025\/03\/logo-white.png","width":288,"height":188,"caption":"Insektenliebe"},"image":{"@id":"https:\/\/insektenliebe.com\/de\/#\/schema\/logo\/image\/"}}]}},"_links":{"self":[{"href":"https:\/\/insektenliebe.com\/de\/wp-json\/wp\/v2\/product\/5654","targetHints":{"allow":["GET"]}}],"collection":[{"href":"https:\/\/insektenliebe.com\/de\/wp-json\/wp\/v2\/product"}],"about":[{"href":"https:\/\/insektenliebe.com\/de\/wp-json\/wp\/v2\/types\/product"}],"wp:featuredmedia":[{"embeddable":true,"href":"https:\/\/insektenliebe.com\/de\/wp-json\/wp\/v2\/media\/5682"}],"wp:attachment":[{"href":"https:\/\/insektenliebe.com\/de\/wp-json\/wp\/v2\/media?parent=5654"}],"wp:term":[{"taxonomy":"product-supplier","embeddable":true,"href":"https:\/\/insektenliebe.com\/de\/wp-json\/wp\/v2\/product-supplier?post=5654"},{"taxonomy":"product_brand","embeddable":true,"href":"https:\/\/insektenliebe.com\/de\/wp-json\/wp\/v2\/product_brand?post=5654"},{"taxonomy":"product_cat","embeddable":true,"href":"https:\/\/insektenliebe.com\/de\/wp-json\/wp\/v2\/product_cat?post=5654"},{"taxonomy":"product_tag","embeddable":true,"href":"https:\/\/insektenliebe.com\/de\/wp-json\/wp\/v2\/product_tag?post=5654"},{"taxonomy":"lce-checkout-addons","embeddable":true,"href":"https:\/\/insektenliebe.com\/de\/wp-json\/wp\/v2\/lce-checkout-addons?post=5654"}],"curies":[{"name":"wp","href":"https:\/\/api.w.org\/{rel}","templated":true}]}}