{"id":5648,"date":"2024-02-02T10:24:03","date_gmt":"2024-02-02T08:24:03","guid":{"rendered":"http:\/\/localhost\/ins-test\/?post_type=product&#038;p=5648"},"modified":"2026-01-24T22:11:25","modified_gmt":"2026-01-24T21:11:25","slug":"braune-asseln","status":"publish","type":"product","link":"https:\/\/insektenliebe.com\/de\/shop\/produkt\/braune-asseln\/","title":{"rendered":"Braune Asseln"},"content":{"rendered":"<h3><span style=\"color: #99cc33\">Die Braune Asseln: Perfekte Helfer f\u00fcr Feuchttterrarien<\/span><\/h3>\n<p class=\"p1\">Entdecke die kleinen, wendigen Bodenbewohner f\u00fcr dein Terrarium: die Braunen Zwergasseln (Trichoniscus pusillus)!<\/p>\n<p class=\"p1\">Urspr\u00fcnglich aus den feuchten Regionen West-, Mittel- und Nordeuropas stammend, haben sie mittlerweile auch ihren Weg nach Nordamerika gefunden. Diese agilen Asseln f\u00fchlen sich besonders in feuchten, k\u00fchleren Klimabedingungen wohl.<\/p>\n<p class=\"p1\">Sie sind ein Muss f\u00fcr jeden Terrarienbesitzer, vor allem, wenn du ein Pfeilgiftfrosch-Terrarium besitzt! Diese flinken, braunen Asseln zeichnen sich durch ihre rasche Beweglichkeit aus. Dies macht sie nicht nur perfekt daf\u00fcr, dein Terrarium in bestem Zustand zu halten, sondern auch, dass sie von den Fr\u00f6schen leichter entdeckt werden k\u00f6nnen.<\/p>\n<p class=\"p1\">Sie entgehen daher den hungrigen Blicken kleinerer Fr\u00f6sche und Echsen nicht, was sie zu einer zus\u00e4tzlichen Futterquelle macht.<\/p>\n<p class=\"p1\">Braune Asseln die aus einem gem\u00e4\u00dfigten Klima stammen entwickeln sich besonders gut in Umgebungen mit hoher Luftfeuchtigkeit. Sie sind perfekte Futtertiere f\u00fcr viele Terrarienbewohner wie Fr\u00f6sche und Geckos. Mehr noch, sie spielen eine wichtige Rolle bei der Entsorgung von Futterresten und tragen somit zu einem gesunden Mikroklima bei.<\/p>\n<p class=\"p1\">Setze die Braune Asseln in dein feuchtes Terrarium und beobachte, wie sie zusammen mit den Pflanzen ein ideales Umfeld f\u00fcr deine Terrarienbewohner schaffen. Sie sind die kleinen Helfer, die f\u00fcr Ordnung sorgen - deine pers\u00f6nliche Gesundheits- und Bodenpolizei. Auch f\u00fcr Flascheng\u00e4rten sind sie hervorragend geeignet.<\/p>\n<p class=\"p1\">Hol dir diese nat\u00fcrlichen Reinigungsexperten und bereichere das Leben in deinem Terrarium!<\/p>\n<p><strong>Inhalt: <\/strong>10-20 Braune Asseln in einer 500ml Dose<\/p>\n","protected":false},"excerpt":{"rendered":"<p>Die Braune Asseln: Perfekte Helfer f\u00fcr Feuchttterrarien Entdecke die kleinen, wendigen Bodenbewohner f\u00fcr dein Terrarium: die Braunen Zwergasseln (Trichoniscus pusillus)! Urspr\u00fcnglich aus den feuchten Regionen West-, Mittel- und Nordeuropas stammend, haben sie mittlerweile auch ihren Weg nach Nordamerika gefunden. Diese agilen Asseln f\u00fchlen sich besonders in feuchten, k\u00fchleren Klimabedingungen wohl. Sie sind ein Muss f\u00fcr [&hellip;]<\/p>\n","protected":false},"featured_media":5676,"template":"","meta":{"_acf_changed":false},"product-supplier":[],"product_brand":[],"product_cat":[627,2351,125],"product_tag":[],"lce-checkout-addons":[1202],"class_list":{"0":"post-5648","1":"product","2":"type-product","3":"status-publish","4":"has-post-thumbnail","6":"product_cat-asseln","7":"product_cat-futtertiere","8":"product_cat-sonstige-asseln-merulanella-uvm","9":"product_shipping_class-animal-shipping","10":"pa_herkunft-europa","11":"pa_kontinent-europa","12":"lce-checkout-addons-winterverpackung","14":"first","15":"outofstock","16":"taxable","17":"shipping-taxable","18":"purchasable","19":"product-type-simple"},"acf":[],"yoast_head":"<!-- This site is optimized with the Yoast SEO plugin v27.3 - https:\/\/yoast.com\/product\/yoast-seo-wordpress\/ -->\n<title>Braune Asseln - Insektenliebe<\/title>\n<meta name=\"description\" content=\"G\u00fcnstige Braune Asseln (Trichoniscus pusillus) online kaufen. Sie sind als Bodenpolizei oder Futtertiere bestens geeignet. Braune Asseln direkt vom Z\u00fcchter!\" \/>\n<meta name=\"robots\" content=\"index, follow, max-snippet:-1, max-image-preview:large, max-video-preview:-1\" \/>\n<link rel=\"canonical\" href=\"https:\/\/insektenliebe.com\/de\/shop\/produkt\/braune-asseln\/\" \/>\n<meta property=\"og:locale\" content=\"de_DE\" \/>\n<meta property=\"og:type\" content=\"article\" \/>\n<meta property=\"og:title\" content=\"Braune Asseln - Insektenliebe\" \/>\n<meta property=\"og:description\" content=\"G\u00fcnstige Braune Asseln (Trichoniscus pusillus) online kaufen. Sie sind als Bodenpolizei oder Futtertiere bestens geeignet. Braune Asseln direkt vom Z\u00fcchter!\" \/>\n<meta property=\"og:url\" content=\"https:\/\/insektenliebe.com\/de\/shop\/produkt\/braune-asseln\/\" \/>\n<meta property=\"og:site_name\" content=\"Insektenliebe\" \/>\n<meta property=\"article:modified_time\" content=\"2026-01-24T21:11:25+00:00\" \/>\n<meta property=\"og:image\" content=\"https:\/\/insektenliebe.com\/wp-content\/uploads\/2025\/05\/Braune-Asseln-2-2.jpg\" \/>\n\t<meta property=\"og:image:width\" content=\"820\" \/>\n\t<meta property=\"og:image:height\" content=\"820\" \/>\n\t<meta property=\"og:image:type\" content=\"image\/jpeg\" \/>\n<meta name=\"twitter:card\" content=\"summary_large_image\" \/>\n<meta name=\"twitter:label1\" content=\"Gesch\u00e4tzte Lesezeit\" \/>\n\t<meta name=\"twitter:data1\" content=\"2\u00a0Minuten\" \/>\n<script type=\"application\/ld+json\" class=\"yoast-schema-graph\">{\"@context\":\"https:\\\/\\\/schema.org\",\"@graph\":[{\"@type\":\"WebPage\",\"@id\":\"https:\\\/\\\/insektenliebe.com\\\/de\\\/shop\\\/produkt\\\/braune-asseln\\\/\",\"url\":\"https:\\\/\\\/insektenliebe.com\\\/de\\\/shop\\\/produkt\\\/braune-asseln\\\/\",\"name\":\"Braune Asseln - Insektenliebe\",\"isPartOf\":{\"@id\":\"https:\\\/\\\/insektenliebe.com\\\/de\\\/#website\"},\"primaryImageOfPage\":{\"@id\":\"https:\\\/\\\/insektenliebe.com\\\/de\\\/shop\\\/produkt\\\/braune-asseln\\\/#primaryimage\"},\"image\":{\"@id\":\"https:\\\/\\\/insektenliebe.com\\\/de\\\/shop\\\/produkt\\\/braune-asseln\\\/#primaryimage\"},\"thumbnailUrl\":\"https:\\\/\\\/insektenliebe.com\\\/wp-content\\\/uploads\\\/2025\\\/05\\\/Braune-Asseln-2-2.jpg\",\"datePublished\":\"2024-02-02T08:24:03+00:00\",\"dateModified\":\"2026-01-24T21:11:25+00:00\",\"description\":\"G\u00fcnstige Braune Asseln (Trichoniscus pusillus) online kaufen. Sie sind als Bodenpolizei oder Futtertiere bestens geeignet. Braune Asseln direkt vom Z\u00fcchter!\",\"breadcrumb\":{\"@id\":\"https:\\\/\\\/insektenliebe.com\\\/de\\\/shop\\\/produkt\\\/braune-asseln\\\/#breadcrumb\"},\"inLanguage\":\"de\",\"potentialAction\":[{\"@type\":\"ReadAction\",\"target\":[\"https:\\\/\\\/insektenliebe.com\\\/de\\\/shop\\\/produkt\\\/braune-asseln\\\/\"]}]},{\"@type\":\"ImageObject\",\"inLanguage\":\"de\",\"@id\":\"https:\\\/\\\/insektenliebe.com\\\/de\\\/shop\\\/produkt\\\/braune-asseln\\\/#primaryimage\",\"url\":\"https:\\\/\\\/insektenliebe.com\\\/wp-content\\\/uploads\\\/2025\\\/05\\\/Braune-Asseln-2-2.jpg\",\"contentUrl\":\"https:\\\/\\\/insektenliebe.com\\\/wp-content\\\/uploads\\\/2025\\\/05\\\/Braune-Asseln-2-2.jpg\",\"width\":820,\"height\":820,\"caption\":\"Braune-Asseln-2-2.jpg\"},{\"@type\":\"BreadcrumbList\",\"@id\":\"https:\\\/\\\/insektenliebe.com\\\/de\\\/shop\\\/produkt\\\/braune-asseln\\\/#breadcrumb\",\"itemListElement\":[{\"@type\":\"ListItem\",\"position\":1,\"name\":\"Startseite\",\"item\":\"https:\\\/\\\/insektenliebe.com\\\/de\\\/\"},{\"@type\":\"ListItem\",\"position\":2,\"name\":\"Shop\",\"item\":\"https:\\\/\\\/insektenliebe.com\\\/de\\\/shop\\\/\"},{\"@type\":\"ListItem\",\"position\":3,\"name\":\"Braune Asseln\"}]},{\"@type\":\"WebSite\",\"@id\":\"https:\\\/\\\/insektenliebe.com\\\/de\\\/#website\",\"url\":\"https:\\\/\\\/insektenliebe.com\\\/de\\\/\",\"name\":\"Insektenliebe\",\"description\":\"Dein Zuhause f\u00fcr die kleinen Lebewesen\",\"publisher\":{\"@id\":\"https:\\\/\\\/insektenliebe.com\\\/de\\\/#organization\"},\"potentialAction\":[{\"@type\":\"SearchAction\",\"target\":{\"@type\":\"EntryPoint\",\"urlTemplate\":\"https:\\\/\\\/insektenliebe.com\\\/de\\\/?s={search_term_string}\"},\"query-input\":{\"@type\":\"PropertyValueSpecification\",\"valueRequired\":true,\"valueName\":\"search_term_string\"}}],\"inLanguage\":\"de\"},{\"@type\":\"Organization\",\"@id\":\"https:\\\/\\\/insektenliebe.com\\\/de\\\/#organization\",\"name\":\"Insektenliebe\",\"url\":\"https:\\\/\\\/insektenliebe.com\\\/de\\\/\",\"logo\":{\"@type\":\"ImageObject\",\"inLanguage\":\"de\",\"@id\":\"https:\\\/\\\/insektenliebe.com\\\/de\\\/#\\\/schema\\\/logo\\\/image\\\/\",\"url\":\"https:\\\/\\\/insektenliebe.com\\\/wp-content\\\/uploads\\\/2025\\\/03\\\/logo-white.png\",\"contentUrl\":\"https:\\\/\\\/insektenliebe.com\\\/wp-content\\\/uploads\\\/2025\\\/03\\\/logo-white.png\",\"width\":288,\"height\":188,\"caption\":\"Insektenliebe\"},\"image\":{\"@id\":\"https:\\\/\\\/insektenliebe.com\\\/de\\\/#\\\/schema\\\/logo\\\/image\\\/\"}}]}<\/script>\n<!-- \/ Yoast SEO plugin. -->","yoast_head_json":{"title":"Braune Asseln - Insektenliebe","description":"G\u00fcnstige Braune Asseln (Trichoniscus pusillus) online kaufen. Sie sind als Bodenpolizei oder Futtertiere bestens geeignet. Braune Asseln direkt vom Z\u00fcchter!","robots":{"index":"index","follow":"follow","max-snippet":"max-snippet:-1","max-image-preview":"max-image-preview:large","max-video-preview":"max-video-preview:-1"},"canonical":"https:\/\/insektenliebe.com\/de\/shop\/produkt\/braune-asseln\/","og_locale":"de_DE","og_type":"article","og_title":"Braune Asseln - Insektenliebe","og_description":"G\u00fcnstige Braune Asseln (Trichoniscus pusillus) online kaufen. Sie sind als Bodenpolizei oder Futtertiere bestens geeignet. Braune Asseln direkt vom Z\u00fcchter!","og_url":"https:\/\/insektenliebe.com\/de\/shop\/produkt\/braune-asseln\/","og_site_name":"Insektenliebe","article_modified_time":"2026-01-24T21:11:25+00:00","og_image":[{"width":820,"height":820,"url":"https:\/\/insektenliebe.com\/wp-content\/uploads\/2025\/05\/Braune-Asseln-2-2.jpg","type":"image\/jpeg"}],"twitter_card":"summary_large_image","twitter_misc":{"Gesch\u00e4tzte Lesezeit":"2\u00a0Minuten"},"schema":{"@context":"https:\/\/schema.org","@graph":[{"@type":"WebPage","@id":"https:\/\/insektenliebe.com\/de\/shop\/produkt\/braune-asseln\/","url":"https:\/\/insektenliebe.com\/de\/shop\/produkt\/braune-asseln\/","name":"Braune Asseln - Insektenliebe","isPartOf":{"@id":"https:\/\/insektenliebe.com\/de\/#website"},"primaryImageOfPage":{"@id":"https:\/\/insektenliebe.com\/de\/shop\/produkt\/braune-asseln\/#primaryimage"},"image":{"@id":"https:\/\/insektenliebe.com\/de\/shop\/produkt\/braune-asseln\/#primaryimage"},"thumbnailUrl":"https:\/\/insektenliebe.com\/wp-content\/uploads\/2025\/05\/Braune-Asseln-2-2.jpg","datePublished":"2024-02-02T08:24:03+00:00","dateModified":"2026-01-24T21:11:25+00:00","description":"G\u00fcnstige Braune Asseln (Trichoniscus pusillus) online kaufen. Sie sind als Bodenpolizei oder Futtertiere bestens geeignet. Braune Asseln direkt vom Z\u00fcchter!","breadcrumb":{"@id":"https:\/\/insektenliebe.com\/de\/shop\/produkt\/braune-asseln\/#breadcrumb"},"inLanguage":"de","potentialAction":[{"@type":"ReadAction","target":["https:\/\/insektenliebe.com\/de\/shop\/produkt\/braune-asseln\/"]}]},{"@type":"ImageObject","inLanguage":"de","@id":"https:\/\/insektenliebe.com\/de\/shop\/produkt\/braune-asseln\/#primaryimage","url":"https:\/\/insektenliebe.com\/wp-content\/uploads\/2025\/05\/Braune-Asseln-2-2.jpg","contentUrl":"https:\/\/insektenliebe.com\/wp-content\/uploads\/2025\/05\/Braune-Asseln-2-2.jpg","width":820,"height":820,"caption":"Braune-Asseln-2-2.jpg"},{"@type":"BreadcrumbList","@id":"https:\/\/insektenliebe.com\/de\/shop\/produkt\/braune-asseln\/#breadcrumb","itemListElement":[{"@type":"ListItem","position":1,"name":"Startseite","item":"https:\/\/insektenliebe.com\/de\/"},{"@type":"ListItem","position":2,"name":"Shop","item":"https:\/\/insektenliebe.com\/de\/shop\/"},{"@type":"ListItem","position":3,"name":"Braune Asseln"}]},{"@type":"WebSite","@id":"https:\/\/insektenliebe.com\/de\/#website","url":"https:\/\/insektenliebe.com\/de\/","name":"Insektenliebe","description":"Dein Zuhause f\u00fcr die kleinen Lebewesen","publisher":{"@id":"https:\/\/insektenliebe.com\/de\/#organization"},"potentialAction":[{"@type":"SearchAction","target":{"@type":"EntryPoint","urlTemplate":"https:\/\/insektenliebe.com\/de\/?s={search_term_string}"},"query-input":{"@type":"PropertyValueSpecification","valueRequired":true,"valueName":"search_term_string"}}],"inLanguage":"de"},{"@type":"Organization","@id":"https:\/\/insektenliebe.com\/de\/#organization","name":"Insektenliebe","url":"https:\/\/insektenliebe.com\/de\/","logo":{"@type":"ImageObject","inLanguage":"de","@id":"https:\/\/insektenliebe.com\/de\/#\/schema\/logo\/image\/","url":"https:\/\/insektenliebe.com\/wp-content\/uploads\/2025\/03\/logo-white.png","contentUrl":"https:\/\/insektenliebe.com\/wp-content\/uploads\/2025\/03\/logo-white.png","width":288,"height":188,"caption":"Insektenliebe"},"image":{"@id":"https:\/\/insektenliebe.com\/de\/#\/schema\/logo\/image\/"}}]}},"_links":{"self":[{"href":"https:\/\/insektenliebe.com\/de\/wp-json\/wp\/v2\/product\/5648","targetHints":{"allow":["GET"]}}],"collection":[{"href":"https:\/\/insektenliebe.com\/de\/wp-json\/wp\/v2\/product"}],"about":[{"href":"https:\/\/insektenliebe.com\/de\/wp-json\/wp\/v2\/types\/product"}],"wp:featuredmedia":[{"embeddable":true,"href":"https:\/\/insektenliebe.com\/de\/wp-json\/wp\/v2\/media\/5676"}],"wp:attachment":[{"href":"https:\/\/insektenliebe.com\/de\/wp-json\/wp\/v2\/media?parent=5648"}],"wp:term":[{"taxonomy":"product-supplier","embeddable":true,"href":"https:\/\/insektenliebe.com\/de\/wp-json\/wp\/v2\/product-supplier?post=5648"},{"taxonomy":"product_brand","embeddable":true,"href":"https:\/\/insektenliebe.com\/de\/wp-json\/wp\/v2\/product_brand?post=5648"},{"taxonomy":"product_cat","embeddable":true,"href":"https:\/\/insektenliebe.com\/de\/wp-json\/wp\/v2\/product_cat?post=5648"},{"taxonomy":"product_tag","embeddable":true,"href":"https:\/\/insektenliebe.com\/de\/wp-json\/wp\/v2\/product_tag?post=5648"},{"taxonomy":"lce-checkout-addons","embeddable":true,"href":"https:\/\/insektenliebe.com\/de\/wp-json\/wp\/v2\/lce-checkout-addons?post=5648"}],"curies":[{"name":"wp","href":"https:\/\/api.w.org\/{rel}","templated":true}]}}