{"id":5615,"date":"2023-11-20T10:04:07","date_gmt":"2023-11-20T08:04:07","guid":{"rendered":"http:\/\/localhost\/ins-test\/?post_type=product&#038;p=5615"},"modified":"2026-01-31T13:46:42","modified_gmt":"2026-01-31T12:46:42","slug":"piloctenus-haematostoma","status":"publish","type":"product","link":"https:\/\/insektenliebe.com\/de\/shop\/produkt\/piloctenus-haematostoma\/","title":{"rendered":"Piloctenus haematostoma"},"content":{"rendered":"<h3>Mittel<\/h3>\n<h3>Westafrika<\/h3>\n<h3>5 CM<\/h3>\n<h3>23-27 \u00b0C<\/h3>\n<h3><span style=\"color: #99cc33\">Piloctenus haematostoma- Die territorialen Spinnen mit den roten Fangz\u00e4hnen<\/span><\/h3>\n<p class=\"p1\"><strong>Piloctenus haematostoma<\/strong>, auch unter dem Beinamen \"Red Fang Spider\" bekannt, ist eine \u00e4u\u00dferst faszinierende Spinnenart, die in der Regel eine K\u00f6rperl\u00e4nge von ungef\u00e4hr 3 cm aufweist. Ihr K\u00f6rper besticht durch eine vorherrschende beige Grundfarbe, die von dunklen und markanten Mustern durchzogen ist. Besonders auff\u00e4llig sind dabei die auff\u00e4llig rot gef\u00e4rbten Fangz\u00e4hne, welche ihr ihren charakteristischen Namen verleihen.<\/p>\n<p class=\"p1\">Was diese Spinnenart besonders bemerkenswert macht, ist ihre einzigartige Jagdweise. <strong>Piloctenus haematostoma<\/strong> ist vorwiegend nachtaktiv und bewegt sich geschickt auf dem Boden, um ihre Beute zu erjagen. Dabei zeichnen sie sich durch eine au\u00dferordentliche Agilit\u00e4t aus und sind in der Lage, Beute, darunter Insekten und andere kleine Wirbellose, \u00e4u\u00dferst schnell zu verfolgen und zu fangen.<\/p>\n<p class=\"p1\">Im Unterschied zu einigen anderen Spinnenarten, die auf komplexe Netzstrukturen setzen, baut <strong>Piloctenus haematostoma<\/strong> keine derartigen Gespinste. Stattdessen bevorzugen sie es, sich in nat\u00fcrlichen Verstecken oder hinter Rinden zu verbergen. Zudem zeigen sie ein ausgepr\u00e4gtes territoriales Verhalten und verteidigen ihr Revier \u00e4u\u00dferst aggressiv gegen potenzielle Eindringlinge.<\/p>\n<p><img decoding=\"async\" src=\"https:\/\/insektenliebe.com\/wp-content\/uploads\/2023\/11\/Piloctenus-haematostoma-von-oben.jpg\" alt=\"Piloctenus haematostoma-von oben\" \/><\/p>\n<p><img decoding=\"async\" src=\"https:\/\/insektenliebe.com\/wp-content\/uploads\/2023\/11\/Piloctenus-haematostoma-Produktbild.jpg\" alt=\"Piloctenus haematostoma-Produktbild\" \/><\/p>\n<p class=\"p1\">F\u00fcr die erfolgreiche Haltung dieser faszinierenden Spinnenart wird ein Terrarium mit den gro\u00dfz\u00fcgigen Abmessungen von 30x30x30 cm empfohlen. In diesem Umfeld sollte eine konstante Luftfeuchtigkeit von etwa 70-80% gew\u00e4hrleistet sein. Als ideales Futter eignen sich Schaben, Heuschrecken oder Heimchen, die in regelm\u00e4\u00dfigen Abst\u00e4nden von etwa zwei Wochen angeboten werden sollten. Die Pflege und Beobachtung von <strong>Piloctenus haematostoma<\/strong> bietet somit ein spannendes Einblick in das Verhalten dieser faszinierenden Spinnenart.<\/p>\n<div><\/div>\n<h3><span style=\"color: #99cc33\"><strong>Produkte f\u00fcr Piloctenus haematostoma!<\/strong><\/span><\/h3>\n","protected":false},"excerpt":{"rendered":"<p>Mittel Westafrika 5 CM 23-27 \u00b0C Piloctenus haematostoma- Die territorialen Spinnen mit den roten Fangz\u00e4hnen Piloctenus haematostoma, auch unter dem Beinamen \"Red Fang Spider\" bekannt, ist eine \u00e4u\u00dferst faszinierende Spinnenart, die in der Regel eine K\u00f6rperl\u00e4nge von ungef\u00e4hr 3 cm aufweist. Ihr K\u00f6rper besticht durch eine vorherrschende beige Grundfarbe, die von dunklen und markanten Mustern [&hellip;]<\/p>\n","protected":false},"featured_media":138700,"template":"","meta":{"_acf_changed":false},"product-supplier":[],"product_brand":[],"product_cat":[79,626],"product_tag":[],"lce-checkout-addons":[1202],"class_list":{"0":"post-5615","1":"product","2":"type-product","3":"status-publish","4":"has-post-thumbnail","6":"product_cat-sonstige-spinnen","7":"product_cat-spinnen","8":"product_shipping_class-animal-shipping","9":"lce-checkout-addons-winterverpackung","11":"first","12":"outofstock","13":"taxable","14":"shipping-taxable","15":"product-type-variable"},"acf":[],"yoast_head":"<!-- This site is optimized with the Yoast SEO plugin v27.3 - https:\/\/yoast.com\/product\/yoast-seo-wordpress\/ -->\n<title>Piloctenus haematostoma - Insektenliebe<\/title>\n<meta name=\"description\" content=\"G\u00fcnstige Piloctenus haematostoma direkt direkt online kaufen! Die territorialen Spinnen mit den roten Fangz\u00e4hnen und der sehenswerten Jagdtechnik.\" \/>\n<meta name=\"robots\" content=\"index, follow, max-snippet:-1, max-image-preview:large, max-video-preview:-1\" \/>\n<link rel=\"canonical\" href=\"https:\/\/insektenliebe.com\/de\/shop\/produkt\/piloctenus-haematostoma\/\" \/>\n<meta property=\"og:locale\" content=\"de_DE\" \/>\n<meta property=\"og:type\" content=\"article\" \/>\n<meta property=\"og:title\" content=\"Piloctenus haematostoma - Insektenliebe\" \/>\n<meta property=\"og:description\" content=\"G\u00fcnstige Piloctenus haematostoma direkt direkt online kaufen! Die territorialen Spinnen mit den roten Fangz\u00e4hnen und der sehenswerten Jagdtechnik.\" \/>\n<meta property=\"og:url\" content=\"https:\/\/insektenliebe.com\/de\/shop\/produkt\/piloctenus-haematostoma\/\" \/>\n<meta property=\"og:site_name\" content=\"Insektenliebe\" \/>\n<meta property=\"article:modified_time\" content=\"2026-01-31T12:46:42+00:00\" \/>\n<meta property=\"og:image\" content=\"https:\/\/insektenliebe.com\/wp-content\/uploads\/2023\/11\/Piloctenus-haematostoma.jpg\" \/>\n\t<meta property=\"og:image:width\" content=\"820\" \/>\n\t<meta property=\"og:image:height\" content=\"820\" \/>\n\t<meta property=\"og:image:type\" content=\"image\/jpeg\" \/>\n<meta name=\"twitter:card\" content=\"summary_large_image\" \/>\n<meta name=\"twitter:label1\" content=\"Gesch\u00e4tzte Lesezeit\" \/>\n\t<meta name=\"twitter:data1\" content=\"2\u00a0Minuten\" \/>\n<script type=\"application\/ld+json\" class=\"yoast-schema-graph\">{\"@context\":\"https:\\\/\\\/schema.org\",\"@graph\":[{\"@type\":\"WebPage\",\"@id\":\"https:\\\/\\\/insektenliebe.com\\\/de\\\/shop\\\/produkt\\\/piloctenus-haematostoma\\\/\",\"url\":\"https:\\\/\\\/insektenliebe.com\\\/de\\\/shop\\\/produkt\\\/piloctenus-haematostoma\\\/\",\"name\":\"Piloctenus haematostoma - Insektenliebe\",\"isPartOf\":{\"@id\":\"https:\\\/\\\/insektenliebe.com\\\/de\\\/#website\"},\"primaryImageOfPage\":{\"@id\":\"https:\\\/\\\/insektenliebe.com\\\/de\\\/shop\\\/produkt\\\/piloctenus-haematostoma\\\/#primaryimage\"},\"image\":{\"@id\":\"https:\\\/\\\/insektenliebe.com\\\/de\\\/shop\\\/produkt\\\/piloctenus-haematostoma\\\/#primaryimage\"},\"thumbnailUrl\":\"https:\\\/\\\/insektenliebe.com\\\/wp-content\\\/uploads\\\/2023\\\/11\\\/Piloctenus-haematostoma.jpg\",\"datePublished\":\"2023-11-20T08:04:07+00:00\",\"dateModified\":\"2026-01-31T12:46:42+00:00\",\"description\":\"G\u00fcnstige Piloctenus haematostoma direkt direkt online kaufen! Die territorialen Spinnen mit den roten Fangz\u00e4hnen und der sehenswerten Jagdtechnik.\",\"breadcrumb\":{\"@id\":\"https:\\\/\\\/insektenliebe.com\\\/de\\\/shop\\\/produkt\\\/piloctenus-haematostoma\\\/#breadcrumb\"},\"inLanguage\":\"de\",\"potentialAction\":[{\"@type\":\"ReadAction\",\"target\":[\"https:\\\/\\\/insektenliebe.com\\\/de\\\/shop\\\/produkt\\\/piloctenus-haematostoma\\\/\"]}]},{\"@type\":\"ImageObject\",\"inLanguage\":\"de\",\"@id\":\"https:\\\/\\\/insektenliebe.com\\\/de\\\/shop\\\/produkt\\\/piloctenus-haematostoma\\\/#primaryimage\",\"url\":\"https:\\\/\\\/insektenliebe.com\\\/wp-content\\\/uploads\\\/2023\\\/11\\\/Piloctenus-haematostoma.jpg\",\"contentUrl\":\"https:\\\/\\\/insektenliebe.com\\\/wp-content\\\/uploads\\\/2023\\\/11\\\/Piloctenus-haematostoma.jpg\",\"width\":820,\"height\":820,\"caption\":\"Piloctenus-haematostoma\"},{\"@type\":\"BreadcrumbList\",\"@id\":\"https:\\\/\\\/insektenliebe.com\\\/de\\\/shop\\\/produkt\\\/piloctenus-haematostoma\\\/#breadcrumb\",\"itemListElement\":[{\"@type\":\"ListItem\",\"position\":1,\"name\":\"Startseite\",\"item\":\"https:\\\/\\\/insektenliebe.com\\\/de\\\/\"},{\"@type\":\"ListItem\",\"position\":2,\"name\":\"Shop\",\"item\":\"https:\\\/\\\/insektenliebe.com\\\/de\\\/shop\\\/\"},{\"@type\":\"ListItem\",\"position\":3,\"name\":\"Piloctenus haematostoma\"}]},{\"@type\":\"WebSite\",\"@id\":\"https:\\\/\\\/insektenliebe.com\\\/de\\\/#website\",\"url\":\"https:\\\/\\\/insektenliebe.com\\\/de\\\/\",\"name\":\"Insektenliebe\",\"description\":\"Dein Zuhause f\u00fcr die kleinen Lebewesen\",\"publisher\":{\"@id\":\"https:\\\/\\\/insektenliebe.com\\\/de\\\/#organization\"},\"potentialAction\":[{\"@type\":\"SearchAction\",\"target\":{\"@type\":\"EntryPoint\",\"urlTemplate\":\"https:\\\/\\\/insektenliebe.com\\\/de\\\/?s={search_term_string}\"},\"query-input\":{\"@type\":\"PropertyValueSpecification\",\"valueRequired\":true,\"valueName\":\"search_term_string\"}}],\"inLanguage\":\"de\"},{\"@type\":\"Organization\",\"@id\":\"https:\\\/\\\/insektenliebe.com\\\/de\\\/#organization\",\"name\":\"Insektenliebe\",\"url\":\"https:\\\/\\\/insektenliebe.com\\\/de\\\/\",\"logo\":{\"@type\":\"ImageObject\",\"inLanguage\":\"de\",\"@id\":\"https:\\\/\\\/insektenliebe.com\\\/de\\\/#\\\/schema\\\/logo\\\/image\\\/\",\"url\":\"https:\\\/\\\/insektenliebe.com\\\/wp-content\\\/uploads\\\/2025\\\/03\\\/logo-white.png\",\"contentUrl\":\"https:\\\/\\\/insektenliebe.com\\\/wp-content\\\/uploads\\\/2025\\\/03\\\/logo-white.png\",\"width\":288,\"height\":188,\"caption\":\"Insektenliebe\"},\"image\":{\"@id\":\"https:\\\/\\\/insektenliebe.com\\\/de\\\/#\\\/schema\\\/logo\\\/image\\\/\"}}]}<\/script>\n<!-- \/ Yoast SEO plugin. -->","yoast_head_json":{"title":"Piloctenus haematostoma - Insektenliebe","description":"G\u00fcnstige Piloctenus haematostoma direkt direkt online kaufen! Die territorialen Spinnen mit den roten Fangz\u00e4hnen und der sehenswerten Jagdtechnik.","robots":{"index":"index","follow":"follow","max-snippet":"max-snippet:-1","max-image-preview":"max-image-preview:large","max-video-preview":"max-video-preview:-1"},"canonical":"https:\/\/insektenliebe.com\/de\/shop\/produkt\/piloctenus-haematostoma\/","og_locale":"de_DE","og_type":"article","og_title":"Piloctenus haematostoma - Insektenliebe","og_description":"G\u00fcnstige Piloctenus haematostoma direkt direkt online kaufen! Die territorialen Spinnen mit den roten Fangz\u00e4hnen und der sehenswerten Jagdtechnik.","og_url":"https:\/\/insektenliebe.com\/de\/shop\/produkt\/piloctenus-haematostoma\/","og_site_name":"Insektenliebe","article_modified_time":"2026-01-31T12:46:42+00:00","og_image":[{"width":820,"height":820,"url":"https:\/\/insektenliebe.com\/wp-content\/uploads\/2023\/11\/Piloctenus-haematostoma.jpg","type":"image\/jpeg"}],"twitter_card":"summary_large_image","twitter_misc":{"Gesch\u00e4tzte Lesezeit":"2\u00a0Minuten"},"schema":{"@context":"https:\/\/schema.org","@graph":[{"@type":"WebPage","@id":"https:\/\/insektenliebe.com\/de\/shop\/produkt\/piloctenus-haematostoma\/","url":"https:\/\/insektenliebe.com\/de\/shop\/produkt\/piloctenus-haematostoma\/","name":"Piloctenus haematostoma - Insektenliebe","isPartOf":{"@id":"https:\/\/insektenliebe.com\/de\/#website"},"primaryImageOfPage":{"@id":"https:\/\/insektenliebe.com\/de\/shop\/produkt\/piloctenus-haematostoma\/#primaryimage"},"image":{"@id":"https:\/\/insektenliebe.com\/de\/shop\/produkt\/piloctenus-haematostoma\/#primaryimage"},"thumbnailUrl":"https:\/\/insektenliebe.com\/wp-content\/uploads\/2023\/11\/Piloctenus-haematostoma.jpg","datePublished":"2023-11-20T08:04:07+00:00","dateModified":"2026-01-31T12:46:42+00:00","description":"G\u00fcnstige Piloctenus haematostoma direkt direkt online kaufen! Die territorialen Spinnen mit den roten Fangz\u00e4hnen und der sehenswerten Jagdtechnik.","breadcrumb":{"@id":"https:\/\/insektenliebe.com\/de\/shop\/produkt\/piloctenus-haematostoma\/#breadcrumb"},"inLanguage":"de","potentialAction":[{"@type":"ReadAction","target":["https:\/\/insektenliebe.com\/de\/shop\/produkt\/piloctenus-haematostoma\/"]}]},{"@type":"ImageObject","inLanguage":"de","@id":"https:\/\/insektenliebe.com\/de\/shop\/produkt\/piloctenus-haematostoma\/#primaryimage","url":"https:\/\/insektenliebe.com\/wp-content\/uploads\/2023\/11\/Piloctenus-haematostoma.jpg","contentUrl":"https:\/\/insektenliebe.com\/wp-content\/uploads\/2023\/11\/Piloctenus-haematostoma.jpg","width":820,"height":820,"caption":"Piloctenus-haematostoma"},{"@type":"BreadcrumbList","@id":"https:\/\/insektenliebe.com\/de\/shop\/produkt\/piloctenus-haematostoma\/#breadcrumb","itemListElement":[{"@type":"ListItem","position":1,"name":"Startseite","item":"https:\/\/insektenliebe.com\/de\/"},{"@type":"ListItem","position":2,"name":"Shop","item":"https:\/\/insektenliebe.com\/de\/shop\/"},{"@type":"ListItem","position":3,"name":"Piloctenus haematostoma"}]},{"@type":"WebSite","@id":"https:\/\/insektenliebe.com\/de\/#website","url":"https:\/\/insektenliebe.com\/de\/","name":"Insektenliebe","description":"Dein Zuhause f\u00fcr die kleinen Lebewesen","publisher":{"@id":"https:\/\/insektenliebe.com\/de\/#organization"},"potentialAction":[{"@type":"SearchAction","target":{"@type":"EntryPoint","urlTemplate":"https:\/\/insektenliebe.com\/de\/?s={search_term_string}"},"query-input":{"@type":"PropertyValueSpecification","valueRequired":true,"valueName":"search_term_string"}}],"inLanguage":"de"},{"@type":"Organization","@id":"https:\/\/insektenliebe.com\/de\/#organization","name":"Insektenliebe","url":"https:\/\/insektenliebe.com\/de\/","logo":{"@type":"ImageObject","inLanguage":"de","@id":"https:\/\/insektenliebe.com\/de\/#\/schema\/logo\/image\/","url":"https:\/\/insektenliebe.com\/wp-content\/uploads\/2025\/03\/logo-white.png","contentUrl":"https:\/\/insektenliebe.com\/wp-content\/uploads\/2025\/03\/logo-white.png","width":288,"height":188,"caption":"Insektenliebe"},"image":{"@id":"https:\/\/insektenliebe.com\/de\/#\/schema\/logo\/image\/"}}]}},"_links":{"self":[{"href":"https:\/\/insektenliebe.com\/de\/wp-json\/wp\/v2\/product\/5615","targetHints":{"allow":["GET"]}}],"collection":[{"href":"https:\/\/insektenliebe.com\/de\/wp-json\/wp\/v2\/product"}],"about":[{"href":"https:\/\/insektenliebe.com\/de\/wp-json\/wp\/v2\/types\/product"}],"wp:featuredmedia":[{"embeddable":true,"href":"https:\/\/insektenliebe.com\/de\/wp-json\/wp\/v2\/media\/138700"}],"wp:attachment":[{"href":"https:\/\/insektenliebe.com\/de\/wp-json\/wp\/v2\/media?parent=5615"}],"wp:term":[{"taxonomy":"product-supplier","embeddable":true,"href":"https:\/\/insektenliebe.com\/de\/wp-json\/wp\/v2\/product-supplier?post=5615"},{"taxonomy":"product_brand","embeddable":true,"href":"https:\/\/insektenliebe.com\/de\/wp-json\/wp\/v2\/product_brand?post=5615"},{"taxonomy":"product_cat","embeddable":true,"href":"https:\/\/insektenliebe.com\/de\/wp-json\/wp\/v2\/product_cat?post=5615"},{"taxonomy":"product_tag","embeddable":true,"href":"https:\/\/insektenliebe.com\/de\/wp-json\/wp\/v2\/product_tag?post=5615"},{"taxonomy":"lce-checkout-addons","embeddable":true,"href":"https:\/\/insektenliebe.com\/de\/wp-json\/wp\/v2\/lce-checkout-addons?post=5615"}],"curies":[{"name":"wp","href":"https:\/\/api.w.org\/{rel}","templated":true}]}}