{"id":5614,"date":"2023-08-20T11:23:26","date_gmt":"2023-08-20T09:23:26","guid":{"rendered":"http:\/\/localhost\/ins-test\/?post_type=product&#038;p=5614"},"modified":"2026-02-12T21:18:07","modified_gmt":"2026-02-12T20:18:07","slug":"biorb-earth-rgb-infrarot-licht","status":"publish","type":"product","link":"https:\/\/insektenliebe.com\/de\/shop\/produkt\/biorb-earth-rgb-infrarot-licht\/","title":{"rendered":"biOrb EARTH RGB \/ Infrarot-Licht"},"content":{"rendered":"<p>Das <strong>biOrb EARTH RGB \/ Infrarot-Licht<\/strong> ist eine Ersatzlampe f\u00fcr dein biOrb EARTH 125 Terrarium. Diese hochentwickelte LED-Einheit erf\u00fcllt alle Anforderungen, die deine Tiere und Pflanzen f\u00fcr ein optimales Wellenl\u00e4ngenspektrum ben\u00f6tigen.<\/p>\n<p>Infrarot- und RGB-LEDs im biOrb EARTH bieten die zus\u00e4tzlichen Wellenl\u00e4ngen, die f\u00fcr das Wohlbefinden deiner Tiere und Pflanzen entscheidend sind. Infrarot-Wellenl\u00e4ngen sind besonders wichtig, da sie bekannterma\u00dfen die Haut durchdringen k\u00f6nnen. Dies bedeutet, dass sie eine effektivere W\u00e4rmequelle f\u00fcr unsere Tiere darstellen. Infrarot-A wird auch als \"nahes Infrarot\" bezeichnet und ist die k\u00fcrzeste Wellenl\u00e4nge. Es hat eine hohe Energie und ist f\u00fcr Tiere vorteilhaft, da die Photonen in die Haut eindringen k\u00f6nnen.<\/p>\n<p>Das <strong>biOrb EARTH RGB \/ Infrarot-Licht<\/strong> gew\u00e4hrleistet, dass deine Reptilien die notwendigen Wellenl\u00e4ngen f\u00fcr W\u00e4rme und Licht erhalten, um sich in ihrem Terrarium wohlzuf\u00fchlen. Diese hochwertige Ersatzlampe ist speziell entwickelt, um die nat\u00fcrlichen Bedingungen in der Umgebung deiner Reptilien nachzuahmen und ihre Lebensqualit\u00e4t zu steigern.<\/p>\n<p>Die Installation dieser Ersatzlampe in dein biOrb EARTH 125 Terrarium ist einfach und unkompliziert. Du kannst darauf vertrauen, dass du ein zuverl\u00e4ssiges Produkt erh\u00e4ltst, das dazu beitr\u00e4gt, eine gesunde und gl\u00fcckliche Umgebung f\u00fcr deine Terrarienbewohner zu schaffen.<\/p>\n","protected":false},"excerpt":{"rendered":"<p>Das biOrb EARTH RGB \/ Infrarot-Licht ist eine Ersatzlampe f\u00fcr dein biOrb EARTH 125 Terrarium. Diese hochentwickelte LED-Einheit erf\u00fcllt alle Anforderungen, die deine Tiere und Pflanzen f\u00fcr ein optimales Wellenl\u00e4ngenspektrum ben\u00f6tigen. Infrarot- und RGB-LEDs im biOrb EARTH bieten die zus\u00e4tzlichen Wellenl\u00e4ngen, die f\u00fcr das Wohlbefinden deiner Tiere und Pflanzen entscheidend sind. Infrarot-Wellenl\u00e4ngen sind besonders wichtig, [&hellip;]<\/p>\n","protected":false},"featured_media":5643,"template":"","meta":{"_acf_changed":false},"product-supplier":[],"product_brand":[962],"product_cat":[299],"product_tag":[],"lce-checkout-addons":[],"class_list":{"0":"post-5614","1":"product","2":"type-product","3":"status-publish","4":"has-post-thumbnail","6":"product_brand-biorb","7":"product_cat-beleuchtung-klima","8":"product_shipping_class-equipment-shipping","10":"first","11":"instock","12":"sale","13":"taxable","14":"shipping-taxable","15":"purchasable","16":"product-type-simple"},"acf":[],"yoast_head":"<!-- This site is optimized with the Yoast SEO plugin v27.3 - https:\/\/yoast.com\/product\/yoast-seo-wordpress\/ -->\n<title>biOrb EARTH RGB \/ Infrarot-Licht - Insektenliebe<\/title>\n<meta name=\"description\" content=\"G\u00fcnstiges biOrb EARTH RGB \/ Infrarot-Licht direkt online kaufen! Das biOrb EARTH RGB \/ Infrarot-Licht ist eine Ersatzlampe f\u00fcr biOrb EARTH 125 Terrarien.\" \/>\n<meta name=\"robots\" content=\"index, follow, max-snippet:-1, max-image-preview:large, max-video-preview:-1\" \/>\n<link rel=\"canonical\" href=\"https:\/\/insektenliebe.com\/de\/shop\/produkt\/biorb-earth-rgb-infrarot-licht\/\" \/>\n<meta property=\"og:locale\" content=\"de_DE\" \/>\n<meta property=\"og:type\" content=\"article\" \/>\n<meta property=\"og:title\" content=\"biOrb EARTH RGB \/ Infrarot-Licht - Insektenliebe\" \/>\n<meta property=\"og:description\" content=\"G\u00fcnstiges biOrb EARTH RGB \/ Infrarot-Licht direkt online kaufen! Das biOrb EARTH RGB \/ Infrarot-Licht ist eine Ersatzlampe f\u00fcr biOrb EARTH 125 Terrarien.\" \/>\n<meta property=\"og:url\" content=\"https:\/\/insektenliebe.com\/de\/shop\/produkt\/biorb-earth-rgb-infrarot-licht\/\" \/>\n<meta property=\"og:site_name\" content=\"Insektenliebe\" \/>\n<meta property=\"article:modified_time\" content=\"2026-02-12T20:18:07+00:00\" \/>\n<meta property=\"og:image\" content=\"https:\/\/insektenliebe.com\/wp-content\/uploads\/2025\/05\/biOrb-EARTH-RGB-Infrarot-Licht-2.jpg\" \/>\n\t<meta property=\"og:image:width\" content=\"820\" \/>\n\t<meta property=\"og:image:height\" content=\"820\" \/>\n\t<meta property=\"og:image:type\" content=\"image\/jpeg\" \/>\n<meta name=\"twitter:card\" content=\"summary_large_image\" \/>\n<meta name=\"twitter:label1\" content=\"Gesch\u00e4tzte Lesezeit\" \/>\n\t<meta name=\"twitter:data1\" content=\"2\u00a0Minuten\" \/>\n<script type=\"application\/ld+json\" class=\"yoast-schema-graph\">{\"@context\":\"https:\\\/\\\/schema.org\",\"@graph\":[{\"@type\":\"WebPage\",\"@id\":\"https:\\\/\\\/insektenliebe.com\\\/de\\\/shop\\\/produkt\\\/biorb-earth-rgb-infrarot-licht\\\/\",\"url\":\"https:\\\/\\\/insektenliebe.com\\\/de\\\/shop\\\/produkt\\\/biorb-earth-rgb-infrarot-licht\\\/\",\"name\":\"biOrb EARTH RGB \\\/ Infrarot-Licht - Insektenliebe\",\"isPartOf\":{\"@id\":\"https:\\\/\\\/insektenliebe.com\\\/de\\\/#website\"},\"primaryImageOfPage\":{\"@id\":\"https:\\\/\\\/insektenliebe.com\\\/de\\\/shop\\\/produkt\\\/biorb-earth-rgb-infrarot-licht\\\/#primaryimage\"},\"image\":{\"@id\":\"https:\\\/\\\/insektenliebe.com\\\/de\\\/shop\\\/produkt\\\/biorb-earth-rgb-infrarot-licht\\\/#primaryimage\"},\"thumbnailUrl\":\"https:\\\/\\\/insektenliebe.com\\\/wp-content\\\/uploads\\\/2025\\\/05\\\/biOrb-EARTH-RGB-Infrarot-Licht-2.jpg\",\"datePublished\":\"2023-08-20T09:23:26+00:00\",\"dateModified\":\"2026-02-12T20:18:07+00:00\",\"description\":\"G\u00fcnstiges biOrb EARTH RGB \\\/ Infrarot-Licht direkt online kaufen! Das biOrb EARTH RGB \\\/ Infrarot-Licht ist eine Ersatzlampe f\u00fcr biOrb EARTH 125 Terrarien.\",\"breadcrumb\":{\"@id\":\"https:\\\/\\\/insektenliebe.com\\\/de\\\/shop\\\/produkt\\\/biorb-earth-rgb-infrarot-licht\\\/#breadcrumb\"},\"inLanguage\":\"de\",\"potentialAction\":[{\"@type\":\"ReadAction\",\"target\":[\"https:\\\/\\\/insektenliebe.com\\\/de\\\/shop\\\/produkt\\\/biorb-earth-rgb-infrarot-licht\\\/\"]}]},{\"@type\":\"ImageObject\",\"inLanguage\":\"de\",\"@id\":\"https:\\\/\\\/insektenliebe.com\\\/de\\\/shop\\\/produkt\\\/biorb-earth-rgb-infrarot-licht\\\/#primaryimage\",\"url\":\"https:\\\/\\\/insektenliebe.com\\\/wp-content\\\/uploads\\\/2025\\\/05\\\/biOrb-EARTH-RGB-Infrarot-Licht-2.jpg\",\"contentUrl\":\"https:\\\/\\\/insektenliebe.com\\\/wp-content\\\/uploads\\\/2025\\\/05\\\/biOrb-EARTH-RGB-Infrarot-Licht-2.jpg\",\"width\":820,\"height\":820,\"caption\":\"biOrb-EARTH-RGB-Infrarot-Licht-2.jpg\"},{\"@type\":\"BreadcrumbList\",\"@id\":\"https:\\\/\\\/insektenliebe.com\\\/de\\\/shop\\\/produkt\\\/biorb-earth-rgb-infrarot-licht\\\/#breadcrumb\",\"itemListElement\":[{\"@type\":\"ListItem\",\"position\":1,\"name\":\"Startseite\",\"item\":\"https:\\\/\\\/insektenliebe.com\\\/de\\\/\"},{\"@type\":\"ListItem\",\"position\":2,\"name\":\"Shop\",\"item\":\"https:\\\/\\\/insektenliebe.com\\\/de\\\/shop\\\/\"},{\"@type\":\"ListItem\",\"position\":3,\"name\":\"biOrb EARTH RGB \\\/ Infrarot-Licht\"}]},{\"@type\":\"WebSite\",\"@id\":\"https:\\\/\\\/insektenliebe.com\\\/de\\\/#website\",\"url\":\"https:\\\/\\\/insektenliebe.com\\\/de\\\/\",\"name\":\"Insektenliebe\",\"description\":\"Dein Zuhause f\u00fcr die kleinen Lebewesen\",\"publisher\":{\"@id\":\"https:\\\/\\\/insektenliebe.com\\\/de\\\/#organization\"},\"potentialAction\":[{\"@type\":\"SearchAction\",\"target\":{\"@type\":\"EntryPoint\",\"urlTemplate\":\"https:\\\/\\\/insektenliebe.com\\\/de\\\/?s={search_term_string}\"},\"query-input\":{\"@type\":\"PropertyValueSpecification\",\"valueRequired\":true,\"valueName\":\"search_term_string\"}}],\"inLanguage\":\"de\"},{\"@type\":\"Organization\",\"@id\":\"https:\\\/\\\/insektenliebe.com\\\/de\\\/#organization\",\"name\":\"Insektenliebe\",\"url\":\"https:\\\/\\\/insektenliebe.com\\\/de\\\/\",\"logo\":{\"@type\":\"ImageObject\",\"inLanguage\":\"de\",\"@id\":\"https:\\\/\\\/insektenliebe.com\\\/de\\\/#\\\/schema\\\/logo\\\/image\\\/\",\"url\":\"https:\\\/\\\/insektenliebe.com\\\/wp-content\\\/uploads\\\/2025\\\/03\\\/logo-white.png\",\"contentUrl\":\"https:\\\/\\\/insektenliebe.com\\\/wp-content\\\/uploads\\\/2025\\\/03\\\/logo-white.png\",\"width\":288,\"height\":188,\"caption\":\"Insektenliebe\"},\"image\":{\"@id\":\"https:\\\/\\\/insektenliebe.com\\\/de\\\/#\\\/schema\\\/logo\\\/image\\\/\"}}]}<\/script>\n<!-- \/ Yoast SEO plugin. -->","yoast_head_json":{"title":"biOrb EARTH RGB \/ Infrarot-Licht - Insektenliebe","description":"G\u00fcnstiges biOrb EARTH RGB \/ Infrarot-Licht direkt online kaufen! Das biOrb EARTH RGB \/ Infrarot-Licht ist eine Ersatzlampe f\u00fcr biOrb EARTH 125 Terrarien.","robots":{"index":"index","follow":"follow","max-snippet":"max-snippet:-1","max-image-preview":"max-image-preview:large","max-video-preview":"max-video-preview:-1"},"canonical":"https:\/\/insektenliebe.com\/de\/shop\/produkt\/biorb-earth-rgb-infrarot-licht\/","og_locale":"de_DE","og_type":"article","og_title":"biOrb EARTH RGB \/ Infrarot-Licht - Insektenliebe","og_description":"G\u00fcnstiges biOrb EARTH RGB \/ Infrarot-Licht direkt online kaufen! Das biOrb EARTH RGB \/ Infrarot-Licht ist eine Ersatzlampe f\u00fcr biOrb EARTH 125 Terrarien.","og_url":"https:\/\/insektenliebe.com\/de\/shop\/produkt\/biorb-earth-rgb-infrarot-licht\/","og_site_name":"Insektenliebe","article_modified_time":"2026-02-12T20:18:07+00:00","og_image":[{"width":820,"height":820,"url":"https:\/\/insektenliebe.com\/wp-content\/uploads\/2025\/05\/biOrb-EARTH-RGB-Infrarot-Licht-2.jpg","type":"image\/jpeg"}],"twitter_card":"summary_large_image","twitter_misc":{"Gesch\u00e4tzte Lesezeit":"2\u00a0Minuten"},"schema":{"@context":"https:\/\/schema.org","@graph":[{"@type":"WebPage","@id":"https:\/\/insektenliebe.com\/de\/shop\/produkt\/biorb-earth-rgb-infrarot-licht\/","url":"https:\/\/insektenliebe.com\/de\/shop\/produkt\/biorb-earth-rgb-infrarot-licht\/","name":"biOrb EARTH RGB \/ Infrarot-Licht - Insektenliebe","isPartOf":{"@id":"https:\/\/insektenliebe.com\/de\/#website"},"primaryImageOfPage":{"@id":"https:\/\/insektenliebe.com\/de\/shop\/produkt\/biorb-earth-rgb-infrarot-licht\/#primaryimage"},"image":{"@id":"https:\/\/insektenliebe.com\/de\/shop\/produkt\/biorb-earth-rgb-infrarot-licht\/#primaryimage"},"thumbnailUrl":"https:\/\/insektenliebe.com\/wp-content\/uploads\/2025\/05\/biOrb-EARTH-RGB-Infrarot-Licht-2.jpg","datePublished":"2023-08-20T09:23:26+00:00","dateModified":"2026-02-12T20:18:07+00:00","description":"G\u00fcnstiges biOrb EARTH RGB \/ Infrarot-Licht direkt online kaufen! Das biOrb EARTH RGB \/ Infrarot-Licht ist eine Ersatzlampe f\u00fcr biOrb EARTH 125 Terrarien.","breadcrumb":{"@id":"https:\/\/insektenliebe.com\/de\/shop\/produkt\/biorb-earth-rgb-infrarot-licht\/#breadcrumb"},"inLanguage":"de","potentialAction":[{"@type":"ReadAction","target":["https:\/\/insektenliebe.com\/de\/shop\/produkt\/biorb-earth-rgb-infrarot-licht\/"]}]},{"@type":"ImageObject","inLanguage":"de","@id":"https:\/\/insektenliebe.com\/de\/shop\/produkt\/biorb-earth-rgb-infrarot-licht\/#primaryimage","url":"https:\/\/insektenliebe.com\/wp-content\/uploads\/2025\/05\/biOrb-EARTH-RGB-Infrarot-Licht-2.jpg","contentUrl":"https:\/\/insektenliebe.com\/wp-content\/uploads\/2025\/05\/biOrb-EARTH-RGB-Infrarot-Licht-2.jpg","width":820,"height":820,"caption":"biOrb-EARTH-RGB-Infrarot-Licht-2.jpg"},{"@type":"BreadcrumbList","@id":"https:\/\/insektenliebe.com\/de\/shop\/produkt\/biorb-earth-rgb-infrarot-licht\/#breadcrumb","itemListElement":[{"@type":"ListItem","position":1,"name":"Startseite","item":"https:\/\/insektenliebe.com\/de\/"},{"@type":"ListItem","position":2,"name":"Shop","item":"https:\/\/insektenliebe.com\/de\/shop\/"},{"@type":"ListItem","position":3,"name":"biOrb EARTH RGB \/ Infrarot-Licht"}]},{"@type":"WebSite","@id":"https:\/\/insektenliebe.com\/de\/#website","url":"https:\/\/insektenliebe.com\/de\/","name":"Insektenliebe","description":"Dein Zuhause f\u00fcr die kleinen Lebewesen","publisher":{"@id":"https:\/\/insektenliebe.com\/de\/#organization"},"potentialAction":[{"@type":"SearchAction","target":{"@type":"EntryPoint","urlTemplate":"https:\/\/insektenliebe.com\/de\/?s={search_term_string}"},"query-input":{"@type":"PropertyValueSpecification","valueRequired":true,"valueName":"search_term_string"}}],"inLanguage":"de"},{"@type":"Organization","@id":"https:\/\/insektenliebe.com\/de\/#organization","name":"Insektenliebe","url":"https:\/\/insektenliebe.com\/de\/","logo":{"@type":"ImageObject","inLanguage":"de","@id":"https:\/\/insektenliebe.com\/de\/#\/schema\/logo\/image\/","url":"https:\/\/insektenliebe.com\/wp-content\/uploads\/2025\/03\/logo-white.png","contentUrl":"https:\/\/insektenliebe.com\/wp-content\/uploads\/2025\/03\/logo-white.png","width":288,"height":188,"caption":"Insektenliebe"},"image":{"@id":"https:\/\/insektenliebe.com\/de\/#\/schema\/logo\/image\/"}}]}},"_links":{"self":[{"href":"https:\/\/insektenliebe.com\/de\/wp-json\/wp\/v2\/product\/5614","targetHints":{"allow":["GET"]}}],"collection":[{"href":"https:\/\/insektenliebe.com\/de\/wp-json\/wp\/v2\/product"}],"about":[{"href":"https:\/\/insektenliebe.com\/de\/wp-json\/wp\/v2\/types\/product"}],"wp:featuredmedia":[{"embeddable":true,"href":"https:\/\/insektenliebe.com\/de\/wp-json\/wp\/v2\/media\/5643"}],"wp:attachment":[{"href":"https:\/\/insektenliebe.com\/de\/wp-json\/wp\/v2\/media?parent=5614"}],"wp:term":[{"taxonomy":"product-supplier","embeddable":true,"href":"https:\/\/insektenliebe.com\/de\/wp-json\/wp\/v2\/product-supplier?post=5614"},{"taxonomy":"product_brand","embeddable":true,"href":"https:\/\/insektenliebe.com\/de\/wp-json\/wp\/v2\/product_brand?post=5614"},{"taxonomy":"product_cat","embeddable":true,"href":"https:\/\/insektenliebe.com\/de\/wp-json\/wp\/v2\/product_cat?post=5614"},{"taxonomy":"product_tag","embeddable":true,"href":"https:\/\/insektenliebe.com\/de\/wp-json\/wp\/v2\/product_tag?post=5614"},{"taxonomy":"lce-checkout-addons","embeddable":true,"href":"https:\/\/insektenliebe.com\/de\/wp-json\/wp\/v2\/lce-checkout-addons?post=5614"}],"curies":[{"name":"wp","href":"https:\/\/api.w.org\/{rel}","templated":true}]}}