{"id":5613,"date":"2023-08-20T10:44:04","date_gmt":"2023-08-20T08:44:04","guid":{"rendered":"http:\/\/localhost\/ins-test\/?post_type=product&#038;p=5613"},"modified":"2026-02-12T21:18:36","modified_gmt":"2026-02-12T20:18:36","slug":"biorb-earth-uv-licht","status":"publish","type":"product","link":"https:\/\/insektenliebe.com\/de\/shop\/produkt\/biorb-earth-uv-licht\/","title":{"rendered":"biOrb EARTH UV-Licht"},"content":{"rendered":"<p>Das <strong>biOrb EARTH UV-Licht<\/strong> ist ein unverzichtbarer Bestandteil f\u00fcr dein biOrb EARTH 125 Terrarium. Es wurde speziell entwickelt, um die Bed\u00fcrfnisse deiner Reptilien zu erf\u00fcllen und ein optimales UV-Licht in ihrem Lebensraum zu gew\u00e4hrleisten.<\/p>\n<p>Ein entscheidender Faktor f\u00fcr das Wohlbefinden von Reptilien in ihrem Terrarium ist die richtige Versorgung mit UV-Licht. Je nach Herkunft und Art ben\u00f6tigen Reptilien unterschiedliche Mengen an UV-Licht. Das UV-A-Licht stimuliert die Pigmentierung, w\u00e4hrend das UV-B-Licht die Synthese von Vitamin D3 aus Vitamin D2 f\u00f6rdert. Das <strong>biOrb EARTH UV-Licht<\/strong> enth\u00e4lt ein \u00e4u\u00dferst d\u00fcnn, aber \u00e4u\u00dferst effizientes UVA\/B-Licht mit einer beeindruckenden Lebensdauer von bis zu 20.000 Stunden.<\/p>\n<p>Die Installation des <strong>biOrb EARTH UV-Lichts<\/strong> als Ersatzlampe f\u00fcr dein biOrb EARTH 125 Terrarium ist einfach und unkompliziert. Du kannst sicher sein, dass du ein zuverl\u00e4ssiges und langlebiges Produkt erh\u00e4ltst, das dazu beitr\u00e4gt, eine gesunde und gl\u00fcckliche Umgebung f\u00fcr deine Terrariumsbewohner zu schaffen.<\/p>\n","protected":false},"excerpt":{"rendered":"<p>Das biOrb EARTH UV-Licht ist ein unverzichtbarer Bestandteil f\u00fcr dein biOrb EARTH 125 Terrarium. Es wurde speziell entwickelt, um die Bed\u00fcrfnisse deiner Reptilien zu erf\u00fcllen und ein optimales UV-Licht in ihrem Lebensraum zu gew\u00e4hrleisten. Ein entscheidender Faktor f\u00fcr das Wohlbefinden von Reptilien in ihrem Terrarium ist die richtige Versorgung mit UV-Licht. Je nach Herkunft und [&hellip;]<\/p>\n","protected":false},"featured_media":5642,"template":"","meta":{"_acf_changed":false},"product-supplier":[],"product_brand":[962],"product_cat":[299],"product_tag":[],"lce-checkout-addons":[],"class_list":{"0":"post-5613","1":"product","2":"type-product","3":"status-publish","4":"has-post-thumbnail","6":"product_brand-biorb","7":"product_cat-beleuchtung-klima","8":"product_shipping_class-equipment-shipping","10":"first","11":"instock","12":"sale","13":"taxable","14":"shipping-taxable","15":"purchasable","16":"product-type-simple"},"acf":[],"yoast_head":"<!-- This site is optimized with the Yoast SEO plugin v27.3 - https:\/\/yoast.com\/product\/yoast-seo-wordpress\/ -->\n<title>biOrb EARTH UV-Licht - Insektenliebe<\/title>\n<meta name=\"description\" content=\"G\u00fcnstige biOrb EARTH UV-Licht direkt online kaufen! Die biOrb EARTH UV-Licht ist eine Ersatzlampe f\u00fcr dein biOrb EARTH 125 Terrarium.\" \/>\n<meta name=\"robots\" content=\"index, follow, max-snippet:-1, max-image-preview:large, max-video-preview:-1\" \/>\n<link rel=\"canonical\" href=\"https:\/\/insektenliebe.com\/de\/shop\/produkt\/biorb-earth-uv-licht\/\" \/>\n<meta property=\"og:locale\" content=\"de_DE\" \/>\n<meta property=\"og:type\" content=\"article\" \/>\n<meta property=\"og:title\" content=\"biOrb EARTH UV-Licht - Insektenliebe\" \/>\n<meta property=\"og:description\" content=\"G\u00fcnstige biOrb EARTH UV-Licht direkt online kaufen! Die biOrb EARTH UV-Licht ist eine Ersatzlampe f\u00fcr dein biOrb EARTH 125 Terrarium.\" \/>\n<meta property=\"og:url\" content=\"https:\/\/insektenliebe.com\/de\/shop\/produkt\/biorb-earth-uv-licht\/\" \/>\n<meta property=\"og:site_name\" content=\"Insektenliebe\" \/>\n<meta property=\"article:modified_time\" content=\"2026-02-12T20:18:36+00:00\" \/>\n<meta property=\"og:image\" content=\"https:\/\/insektenliebe.com\/wp-content\/uploads\/2025\/05\/biOrb-EARTH-UV-Licht-2.jpg\" \/>\n\t<meta property=\"og:image:width\" content=\"820\" \/>\n\t<meta property=\"og:image:height\" content=\"820\" \/>\n\t<meta property=\"og:image:type\" content=\"image\/jpeg\" \/>\n<meta name=\"twitter:card\" content=\"summary_large_image\" \/>\n<meta name=\"twitter:label1\" content=\"Gesch\u00e4tzte Lesezeit\" \/>\n\t<meta name=\"twitter:data1\" content=\"1\u00a0Minute\" \/>\n<script type=\"application\/ld+json\" class=\"yoast-schema-graph\">{\"@context\":\"https:\\\/\\\/schema.org\",\"@graph\":[{\"@type\":\"WebPage\",\"@id\":\"https:\\\/\\\/insektenliebe.com\\\/de\\\/shop\\\/produkt\\\/biorb-earth-uv-licht\\\/\",\"url\":\"https:\\\/\\\/insektenliebe.com\\\/de\\\/shop\\\/produkt\\\/biorb-earth-uv-licht\\\/\",\"name\":\"biOrb EARTH UV-Licht - Insektenliebe\",\"isPartOf\":{\"@id\":\"https:\\\/\\\/insektenliebe.com\\\/de\\\/#website\"},\"primaryImageOfPage\":{\"@id\":\"https:\\\/\\\/insektenliebe.com\\\/de\\\/shop\\\/produkt\\\/biorb-earth-uv-licht\\\/#primaryimage\"},\"image\":{\"@id\":\"https:\\\/\\\/insektenliebe.com\\\/de\\\/shop\\\/produkt\\\/biorb-earth-uv-licht\\\/#primaryimage\"},\"thumbnailUrl\":\"https:\\\/\\\/insektenliebe.com\\\/wp-content\\\/uploads\\\/2025\\\/05\\\/biOrb-EARTH-UV-Licht-2.jpg\",\"datePublished\":\"2023-08-20T08:44:04+00:00\",\"dateModified\":\"2026-02-12T20:18:36+00:00\",\"description\":\"G\u00fcnstige biOrb EARTH UV-Licht direkt online kaufen! Die biOrb EARTH UV-Licht ist eine Ersatzlampe f\u00fcr dein biOrb EARTH 125 Terrarium.\",\"breadcrumb\":{\"@id\":\"https:\\\/\\\/insektenliebe.com\\\/de\\\/shop\\\/produkt\\\/biorb-earth-uv-licht\\\/#breadcrumb\"},\"inLanguage\":\"de\",\"potentialAction\":[{\"@type\":\"ReadAction\",\"target\":[\"https:\\\/\\\/insektenliebe.com\\\/de\\\/shop\\\/produkt\\\/biorb-earth-uv-licht\\\/\"]}]},{\"@type\":\"ImageObject\",\"inLanguage\":\"de\",\"@id\":\"https:\\\/\\\/insektenliebe.com\\\/de\\\/shop\\\/produkt\\\/biorb-earth-uv-licht\\\/#primaryimage\",\"url\":\"https:\\\/\\\/insektenliebe.com\\\/wp-content\\\/uploads\\\/2025\\\/05\\\/biOrb-EARTH-UV-Licht-2.jpg\",\"contentUrl\":\"https:\\\/\\\/insektenliebe.com\\\/wp-content\\\/uploads\\\/2025\\\/05\\\/biOrb-EARTH-UV-Licht-2.jpg\",\"width\":820,\"height\":820,\"caption\":\"biOrb-EARTH-UV-Licht-2.jpg\"},{\"@type\":\"BreadcrumbList\",\"@id\":\"https:\\\/\\\/insektenliebe.com\\\/de\\\/shop\\\/produkt\\\/biorb-earth-uv-licht\\\/#breadcrumb\",\"itemListElement\":[{\"@type\":\"ListItem\",\"position\":1,\"name\":\"Startseite\",\"item\":\"https:\\\/\\\/insektenliebe.com\\\/de\\\/\"},{\"@type\":\"ListItem\",\"position\":2,\"name\":\"Shop\",\"item\":\"https:\\\/\\\/insektenliebe.com\\\/de\\\/shop\\\/\"},{\"@type\":\"ListItem\",\"position\":3,\"name\":\"biOrb EARTH UV-Licht\"}]},{\"@type\":\"WebSite\",\"@id\":\"https:\\\/\\\/insektenliebe.com\\\/de\\\/#website\",\"url\":\"https:\\\/\\\/insektenliebe.com\\\/de\\\/\",\"name\":\"Insektenliebe\",\"description\":\"Dein Zuhause f\u00fcr die kleinen Lebewesen\",\"publisher\":{\"@id\":\"https:\\\/\\\/insektenliebe.com\\\/de\\\/#organization\"},\"potentialAction\":[{\"@type\":\"SearchAction\",\"target\":{\"@type\":\"EntryPoint\",\"urlTemplate\":\"https:\\\/\\\/insektenliebe.com\\\/de\\\/?s={search_term_string}\"},\"query-input\":{\"@type\":\"PropertyValueSpecification\",\"valueRequired\":true,\"valueName\":\"search_term_string\"}}],\"inLanguage\":\"de\"},{\"@type\":\"Organization\",\"@id\":\"https:\\\/\\\/insektenliebe.com\\\/de\\\/#organization\",\"name\":\"Insektenliebe\",\"url\":\"https:\\\/\\\/insektenliebe.com\\\/de\\\/\",\"logo\":{\"@type\":\"ImageObject\",\"inLanguage\":\"de\",\"@id\":\"https:\\\/\\\/insektenliebe.com\\\/de\\\/#\\\/schema\\\/logo\\\/image\\\/\",\"url\":\"https:\\\/\\\/insektenliebe.com\\\/wp-content\\\/uploads\\\/2025\\\/03\\\/logo-white.png\",\"contentUrl\":\"https:\\\/\\\/insektenliebe.com\\\/wp-content\\\/uploads\\\/2025\\\/03\\\/logo-white.png\",\"width\":288,\"height\":188,\"caption\":\"Insektenliebe\"},\"image\":{\"@id\":\"https:\\\/\\\/insektenliebe.com\\\/de\\\/#\\\/schema\\\/logo\\\/image\\\/\"}}]}<\/script>\n<!-- \/ Yoast SEO plugin. -->","yoast_head_json":{"title":"biOrb EARTH UV-Licht - Insektenliebe","description":"G\u00fcnstige biOrb EARTH UV-Licht direkt online kaufen! Die biOrb EARTH UV-Licht ist eine Ersatzlampe f\u00fcr dein biOrb EARTH 125 Terrarium.","robots":{"index":"index","follow":"follow","max-snippet":"max-snippet:-1","max-image-preview":"max-image-preview:large","max-video-preview":"max-video-preview:-1"},"canonical":"https:\/\/insektenliebe.com\/de\/shop\/produkt\/biorb-earth-uv-licht\/","og_locale":"de_DE","og_type":"article","og_title":"biOrb EARTH UV-Licht - Insektenliebe","og_description":"G\u00fcnstige biOrb EARTH UV-Licht direkt online kaufen! Die biOrb EARTH UV-Licht ist eine Ersatzlampe f\u00fcr dein biOrb EARTH 125 Terrarium.","og_url":"https:\/\/insektenliebe.com\/de\/shop\/produkt\/biorb-earth-uv-licht\/","og_site_name":"Insektenliebe","article_modified_time":"2026-02-12T20:18:36+00:00","og_image":[{"width":820,"height":820,"url":"https:\/\/insektenliebe.com\/wp-content\/uploads\/2025\/05\/biOrb-EARTH-UV-Licht-2.jpg","type":"image\/jpeg"}],"twitter_card":"summary_large_image","twitter_misc":{"Gesch\u00e4tzte Lesezeit":"1\u00a0Minute"},"schema":{"@context":"https:\/\/schema.org","@graph":[{"@type":"WebPage","@id":"https:\/\/insektenliebe.com\/de\/shop\/produkt\/biorb-earth-uv-licht\/","url":"https:\/\/insektenliebe.com\/de\/shop\/produkt\/biorb-earth-uv-licht\/","name":"biOrb EARTH UV-Licht - Insektenliebe","isPartOf":{"@id":"https:\/\/insektenliebe.com\/de\/#website"},"primaryImageOfPage":{"@id":"https:\/\/insektenliebe.com\/de\/shop\/produkt\/biorb-earth-uv-licht\/#primaryimage"},"image":{"@id":"https:\/\/insektenliebe.com\/de\/shop\/produkt\/biorb-earth-uv-licht\/#primaryimage"},"thumbnailUrl":"https:\/\/insektenliebe.com\/wp-content\/uploads\/2025\/05\/biOrb-EARTH-UV-Licht-2.jpg","datePublished":"2023-08-20T08:44:04+00:00","dateModified":"2026-02-12T20:18:36+00:00","description":"G\u00fcnstige biOrb EARTH UV-Licht direkt online kaufen! Die biOrb EARTH UV-Licht ist eine Ersatzlampe f\u00fcr dein biOrb EARTH 125 Terrarium.","breadcrumb":{"@id":"https:\/\/insektenliebe.com\/de\/shop\/produkt\/biorb-earth-uv-licht\/#breadcrumb"},"inLanguage":"de","potentialAction":[{"@type":"ReadAction","target":["https:\/\/insektenliebe.com\/de\/shop\/produkt\/biorb-earth-uv-licht\/"]}]},{"@type":"ImageObject","inLanguage":"de","@id":"https:\/\/insektenliebe.com\/de\/shop\/produkt\/biorb-earth-uv-licht\/#primaryimage","url":"https:\/\/insektenliebe.com\/wp-content\/uploads\/2025\/05\/biOrb-EARTH-UV-Licht-2.jpg","contentUrl":"https:\/\/insektenliebe.com\/wp-content\/uploads\/2025\/05\/biOrb-EARTH-UV-Licht-2.jpg","width":820,"height":820,"caption":"biOrb-EARTH-UV-Licht-2.jpg"},{"@type":"BreadcrumbList","@id":"https:\/\/insektenliebe.com\/de\/shop\/produkt\/biorb-earth-uv-licht\/#breadcrumb","itemListElement":[{"@type":"ListItem","position":1,"name":"Startseite","item":"https:\/\/insektenliebe.com\/de\/"},{"@type":"ListItem","position":2,"name":"Shop","item":"https:\/\/insektenliebe.com\/de\/shop\/"},{"@type":"ListItem","position":3,"name":"biOrb EARTH UV-Licht"}]},{"@type":"WebSite","@id":"https:\/\/insektenliebe.com\/de\/#website","url":"https:\/\/insektenliebe.com\/de\/","name":"Insektenliebe","description":"Dein Zuhause f\u00fcr die kleinen Lebewesen","publisher":{"@id":"https:\/\/insektenliebe.com\/de\/#organization"},"potentialAction":[{"@type":"SearchAction","target":{"@type":"EntryPoint","urlTemplate":"https:\/\/insektenliebe.com\/de\/?s={search_term_string}"},"query-input":{"@type":"PropertyValueSpecification","valueRequired":true,"valueName":"search_term_string"}}],"inLanguage":"de"},{"@type":"Organization","@id":"https:\/\/insektenliebe.com\/de\/#organization","name":"Insektenliebe","url":"https:\/\/insektenliebe.com\/de\/","logo":{"@type":"ImageObject","inLanguage":"de","@id":"https:\/\/insektenliebe.com\/de\/#\/schema\/logo\/image\/","url":"https:\/\/insektenliebe.com\/wp-content\/uploads\/2025\/03\/logo-white.png","contentUrl":"https:\/\/insektenliebe.com\/wp-content\/uploads\/2025\/03\/logo-white.png","width":288,"height":188,"caption":"Insektenliebe"},"image":{"@id":"https:\/\/insektenliebe.com\/de\/#\/schema\/logo\/image\/"}}]}},"_links":{"self":[{"href":"https:\/\/insektenliebe.com\/de\/wp-json\/wp\/v2\/product\/5613","targetHints":{"allow":["GET"]}}],"collection":[{"href":"https:\/\/insektenliebe.com\/de\/wp-json\/wp\/v2\/product"}],"about":[{"href":"https:\/\/insektenliebe.com\/de\/wp-json\/wp\/v2\/types\/product"}],"wp:featuredmedia":[{"embeddable":true,"href":"https:\/\/insektenliebe.com\/de\/wp-json\/wp\/v2\/media\/5642"}],"wp:attachment":[{"href":"https:\/\/insektenliebe.com\/de\/wp-json\/wp\/v2\/media?parent=5613"}],"wp:term":[{"taxonomy":"product-supplier","embeddable":true,"href":"https:\/\/insektenliebe.com\/de\/wp-json\/wp\/v2\/product-supplier?post=5613"},{"taxonomy":"product_brand","embeddable":true,"href":"https:\/\/insektenliebe.com\/de\/wp-json\/wp\/v2\/product_brand?post=5613"},{"taxonomy":"product_cat","embeddable":true,"href":"https:\/\/insektenliebe.com\/de\/wp-json\/wp\/v2\/product_cat?post=5613"},{"taxonomy":"product_tag","embeddable":true,"href":"https:\/\/insektenliebe.com\/de\/wp-json\/wp\/v2\/product_tag?post=5613"},{"taxonomy":"lce-checkout-addons","embeddable":true,"href":"https:\/\/insektenliebe.com\/de\/wp-json\/wp\/v2\/lce-checkout-addons?post=5613"}],"curies":[{"name":"wp","href":"https:\/\/api.w.org\/{rel}","templated":true}]}}