{"id":5609,"date":"2023-09-08T10:02:02","date_gmt":"2023-09-08T08:02:02","guid":{"rendered":"http:\/\/localhost\/ins-test\/?post_type=product&#038;p=5609"},"modified":"2026-04-11T14:17:14","modified_gmt":"2026-04-11T12:17:14","slug":"skylight-netzteil-mid-30-intense","status":"publish","type":"product","link":"https:\/\/insektenliebe.com\/de\/shop\/produkt\/skylight-netzteil-mid-30-intense\/","title":{"rendered":"Skylight Netzteil MID-30 Intense"},"content":{"rendered":"<h3><span style=\"color: #99cc33\">Skylight Netzteil MID-30 Intense \u2013 Ma\u00dfgeschneiderte Energieversorgung f\u00fcr deine Beleuchtung<\/span><\/h3>\n<p class=\"p1\"><span class=\"s1\">Eine stabile Stromversorgung ist entscheidend f\u00fcr eine zuverl\u00e4ssige Terrariumbeleuchtung. Nur wenn deine Lampen konstant mit Energie versorgt werden, entsteht ein gleichm\u00e4\u00dfiges Lichtbild und ein stabiles Umfeld f\u00fcr deine Tiere.<\/span><\/p>\n<p class=\"p1\"><span class=\"s1\">Mit diesem Netzteil erh\u00e4ltst du eine L\u00f6sung, die speziell auf <\/span><span class=\"s2\">moderne Terrarienbeleuchtung<\/span><span class=\"s1\"> abgestimmt ist. Es liefert genau die Leistung, die deine Lampen ben\u00f6tigen, und sorgt gleichzeitig f\u00fcr einen sicheren Betrieb.<\/span><\/p>\n<p class=\"p1\"><span class=\"s1\">Ein gro\u00dfer Vorteil ist die flexible Auswahl. Du kannst zwischen mehreren Varianten w\u00e4hlen und die Leistung genau an dein Setup anpassen. Zur Verf\u00fcgung stehen Ausf\u00fchrungen f\u00fcr:<\/span><\/p>\n<ul>\n<li>\n<p class=\"p1\"><span class=\"s1\">1 Lampe<\/span><\/p>\n<\/li>\n<li>\n<p class=\"p1\"><span class=\"s1\">2 Lampen<\/span><\/p>\n<\/li>\n<li>\n<p class=\"p1\"><span class=\"s1\">3\u20134 Lampen<\/span><\/p>\n<\/li>\n<li>\n<p class=\"p1\"><span class=\"s1\">bis zu 6 Lampen<\/span><\/p>\n<\/li>\n<\/ul>\n<p class=\"p1\"><span class=\"s1\">Dadurch vermeidest du unn\u00f6tige Energieverluste und stellst sicher, dass dein System optimal l\u00e4uft. Gleichzeitig kannst du dein Setup jederzeit erweitern und die passende Variante nutzen.<\/span><\/p>\n<p class=\"p1\"><span class=\"s1\">Die Stromversorgung arbeitet zuverl\u00e4ssig und bleibt auch bei l\u00e4ngerer Nutzung stabil. Dadurch vermeidest du Leistungsschwankungen, die sich negativ auf deine Beleuchtung auswirken k\u00f6nnten. Besonders bei empfindlichen Setups ist das ein gro\u00dfer Vorteil.<\/span><\/p>\n<p class=\"p1\"><span class=\"s1\">Auch im Alltag \u00fcberzeugt die einfache Handhabung. Du schlie\u00dft das Netzteil an und kannst dein Beleuchtungssystem direkt nutzen. Es ist sofort einsatzbereit und ben\u00f6tigt keine komplizierten Einstellungen.<\/span><\/p>\n<p class=\"p1\"><span class=\"s1\">Zus\u00e4tzlich punktet das Ger\u00e4t durch seine <\/span><span class=\"s2\">langlebige Bauweise<\/span><span class=\"s1\">. Es h\u00e4lt auch bei regelm\u00e4\u00dfigem Einsatz stand und versorgt deine Lampen dauerhaft zuverl\u00e4ssig. Dadurch sparst du langfristig Zeit und Aufwand.<\/span><\/p>\n<p class=\"p1\"><span class=\"s1\">Durch die abgestimmte Leistung eignet sich das Netzteil sowohl f\u00fcr <\/span><span class=\"s2\">kleine Terrarien als auch f\u00fcr gr\u00f6\u00dfere Anlagen<\/span><span class=\"s1\">. Du kannst verschiedene Lichtquellen kombinieren und gleichzeitig eine gleichm\u00e4\u00dfige Ausleuchtung erreichen.<\/span><\/p>\n<p class=\"p1\"><span class=\"s1\">Mit dieser Stromversorgung sicherst du dir eine <\/span><span class=\"s2\">effiziente, stabile und flexible L\u00f6sung<\/span><span class=\"s1\">, die dein Beleuchtungssystem optimal unterst\u00fctzt und dein Terrarium zuverl\u00e4ssig mit Energie versorgt. <\/span><\/p>\n","protected":false},"excerpt":{"rendered":"<p>Skylight Netzteil MID-30 Intense \u2013 Ma\u00dfgeschneiderte Energieversorgung f\u00fcr deine Beleuchtung Eine stabile Stromversorgung ist entscheidend f\u00fcr eine zuverl\u00e4ssige Terrariumbeleuchtung. Nur wenn deine Lampen konstant mit Energie versorgt werden, entsteht ein gleichm\u00e4\u00dfiges Lichtbild und ein stabiles Umfeld f\u00fcr deine Tiere. Mit diesem Netzteil erh\u00e4ltst du eine L\u00f6sung, die speziell auf moderne Terrarienbeleuchtung abgestimmt ist. Es liefert [&hellip;]<\/p>\n","protected":false},"featured_media":5638,"template":"","meta":{"_acf_changed":false},"product-supplier":[],"product_brand":[93],"product_cat":[299],"product_tag":[],"lce-checkout-addons":[],"class_list":{"0":"post-5609","1":"product","2":"type-product","3":"status-publish","4":"has-post-thumbnail","6":"product_brand-skylight","7":"product_cat-beleuchtung-klima","8":"product_shipping_class-equipment-shipping","10":"first","11":"instock","12":"taxable","13":"shipping-taxable","14":"purchasable","15":"product-type-variable"},"acf":[],"yoast_head":"<!-- This site is optimized with the Yoast SEO Premium plugin v26.8 (Yoast SEO v27.3) - https:\/\/yoast.com\/product\/yoast-seo-premium-wordpress\/ -->\n<title>Skylight Netzteil MID-30 Intense - Insektenliebe<\/title>\n<meta name=\"description\" content=\"Skylight Netzteil MID-30 Intense \u2013 zuverl\u00e4ssige Stromversorgung f\u00fcr Skylight Lampen. Verschiedene Varianten f\u00fcr 1 bis 6 Lampen verf\u00fcgbar.\" \/>\n<meta name=\"robots\" content=\"index, follow, max-snippet:-1, max-image-preview:large, max-video-preview:-1\" \/>\n<link rel=\"canonical\" href=\"https:\/\/insektenliebe.com\/de\/shop\/produkt\/skylight-netzteil-mid-30-intense\/\" \/>\n<meta property=\"og:locale\" content=\"de_DE\" \/>\n<meta property=\"og:type\" content=\"article\" \/>\n<meta property=\"og:title\" content=\"Skylight Netzteil MID-30 Intense\" \/>\n<meta property=\"og:description\" content=\"Skylight Netzteil MID-30 Intense \u2013 zuverl\u00e4ssige Stromversorgung f\u00fcr Skylight Lampen. Verschiedene Varianten f\u00fcr 1 bis 6 Lampen verf\u00fcgbar.\" \/>\n<meta property=\"og:url\" content=\"https:\/\/insektenliebe.com\/de\/shop\/produkt\/skylight-netzteil-mid-30-intense\/\" \/>\n<meta property=\"og:site_name\" content=\"Insektenliebe\" \/>\n<meta property=\"article:modified_time\" content=\"2026-04-11T12:17:14+00:00\" \/>\n<meta property=\"og:image\" content=\"https:\/\/insektenliebe.com\/wp-content\/uploads\/2025\/05\/Skylight-Netzteil-MID-30-Intense-1-Lampe-2.jpg\" \/>\n\t<meta property=\"og:image:width\" content=\"820\" \/>\n\t<meta property=\"og:image:height\" content=\"820\" \/>\n\t<meta property=\"og:image:type\" content=\"image\/jpeg\" \/>\n<meta name=\"twitter:card\" content=\"summary_large_image\" \/>\n<meta name=\"twitter:label1\" content=\"Verf\u00fcgbarkeit\" \/>\n\t<meta name=\"twitter:data1\" content=\"Auf Lager\" \/>\n<script type=\"application\/ld+json\" class=\"yoast-schema-graph\">{\"@context\":\"https:\\\/\\\/schema.org\",\"@graph\":[{\"@type\":\"WebPage\",\"@id\":\"https:\\\/\\\/insektenliebe.com\\\/de\\\/shop\\\/produkt\\\/skylight-netzteil-mid-30-intense\\\/\",\"url\":\"https:\\\/\\\/insektenliebe.com\\\/de\\\/shop\\\/produkt\\\/skylight-netzteil-mid-30-intense\\\/\",\"name\":\"Skylight Netzteil MID-30 Intense - Insektenliebe\",\"isPartOf\":{\"@id\":\"https:\\\/\\\/insektenliebe.com\\\/de\\\/#website\"},\"primaryImageOfPage\":{\"@id\":\"https:\\\/\\\/insektenliebe.com\\\/de\\\/shop\\\/produkt\\\/skylight-netzteil-mid-30-intense\\\/#primaryimage\"},\"image\":{\"@id\":\"https:\\\/\\\/insektenliebe.com\\\/de\\\/shop\\\/produkt\\\/skylight-netzteil-mid-30-intense\\\/#primaryimage\"},\"thumbnailUrl\":\"https:\\\/\\\/insektenliebe.com\\\/wp-content\\\/uploads\\\/2025\\\/05\\\/Skylight-Netzteil-MID-30-Intense-1-Lampe-2.jpg\",\"datePublished\":\"2023-09-08T08:02:02+00:00\",\"dateModified\":\"2026-04-11T12:17:14+00:00\",\"description\":\"Skylight Netzteil MID-30 Intense \u2013 zuverl\u00e4ssige Stromversorgung f\u00fcr Skylight Lampen. Verschiedene Varianten f\u00fcr 1 bis 6 Lampen verf\u00fcgbar.\",\"breadcrumb\":{\"@id\":\"https:\\\/\\\/insektenliebe.com\\\/de\\\/shop\\\/produkt\\\/skylight-netzteil-mid-30-intense\\\/#breadcrumb\"},\"inLanguage\":\"de\",\"potentialAction\":[{\"@type\":\"ReadAction\",\"target\":[\"https:\\\/\\\/insektenliebe.com\\\/de\\\/shop\\\/produkt\\\/skylight-netzteil-mid-30-intense\\\/\"]}]},{\"@type\":\"ImageObject\",\"inLanguage\":\"de\",\"@id\":\"https:\\\/\\\/insektenliebe.com\\\/de\\\/shop\\\/produkt\\\/skylight-netzteil-mid-30-intense\\\/#primaryimage\",\"url\":\"https:\\\/\\\/insektenliebe.com\\\/wp-content\\\/uploads\\\/2025\\\/05\\\/Skylight-Netzteil-MID-30-Intense-1-Lampe-2.jpg\",\"contentUrl\":\"https:\\\/\\\/insektenliebe.com\\\/wp-content\\\/uploads\\\/2025\\\/05\\\/Skylight-Netzteil-MID-30-Intense-1-Lampe-2.jpg\",\"width\":820,\"height\":820,\"caption\":\"Skylight-Netzteil-MID-30-Intense-1-Lampe-2.jpg\"},{\"@type\":\"BreadcrumbList\",\"@id\":\"https:\\\/\\\/insektenliebe.com\\\/de\\\/shop\\\/produkt\\\/skylight-netzteil-mid-30-intense\\\/#breadcrumb\",\"itemListElement\":[{\"@type\":\"ListItem\",\"position\":1,\"name\":\"Startseite\",\"item\":\"https:\\\/\\\/insektenliebe.com\\\/de\\\/\"},{\"@type\":\"ListItem\",\"position\":2,\"name\":\"Shop\",\"item\":\"https:\\\/\\\/insektenliebe.com\\\/de\\\/shop\\\/\"},{\"@type\":\"ListItem\",\"position\":3,\"name\":\"Skylight Netzteil MID-30 Intense\"}]},{\"@type\":\"WebSite\",\"@id\":\"https:\\\/\\\/insektenliebe.com\\\/de\\\/#website\",\"url\":\"https:\\\/\\\/insektenliebe.com\\\/de\\\/\",\"name\":\"Insektenliebe\",\"description\":\"Dein Zuhause f\u00fcr die kleinen Lebewesen\",\"publisher\":{\"@id\":\"https:\\\/\\\/insektenliebe.com\\\/de\\\/#organization\"},\"potentialAction\":[{\"@type\":\"SearchAction\",\"target\":{\"@type\":\"EntryPoint\",\"urlTemplate\":\"https:\\\/\\\/insektenliebe.com\\\/de\\\/?s={search_term_string}\"},\"query-input\":{\"@type\":\"PropertyValueSpecification\",\"valueRequired\":true,\"valueName\":\"search_term_string\"}}],\"inLanguage\":\"de\"},{\"@type\":\"Organization\",\"@id\":\"https:\\\/\\\/insektenliebe.com\\\/de\\\/#organization\",\"name\":\"Insektenliebe\",\"url\":\"https:\\\/\\\/insektenliebe.com\\\/de\\\/\",\"logo\":{\"@type\":\"ImageObject\",\"inLanguage\":\"de\",\"@id\":\"https:\\\/\\\/insektenliebe.com\\\/de\\\/#\\\/schema\\\/logo\\\/image\\\/\",\"url\":\"https:\\\/\\\/insektenliebe.com\\\/wp-content\\\/uploads\\\/2025\\\/03\\\/logo-white.png\",\"contentUrl\":\"https:\\\/\\\/insektenliebe.com\\\/wp-content\\\/uploads\\\/2025\\\/03\\\/logo-white.png\",\"width\":288,\"height\":188,\"caption\":\"Insektenliebe\"},\"image\":{\"@id\":\"https:\\\/\\\/insektenliebe.com\\\/de\\\/#\\\/schema\\\/logo\\\/image\\\/\"}}]}<\/script>\n<meta property=\"og:availability\" content=\"instock\" \/>\n<meta property=\"product:availability\" content=\"instock\" \/>\n<meta property=\"product:retailer_item_id\" content=\"488\" \/>\n<meta property=\"product:condition\" content=\"new\" \/>\n<!-- \/ Yoast SEO Premium plugin. -->","yoast_head_json":{"title":"Skylight Netzteil MID-30 Intense - Insektenliebe","description":"Skylight Netzteil MID-30 Intense \u2013 zuverl\u00e4ssige Stromversorgung f\u00fcr Skylight Lampen. Verschiedene Varianten f\u00fcr 1 bis 6 Lampen verf\u00fcgbar.","robots":{"index":"index","follow":"follow","max-snippet":"max-snippet:-1","max-image-preview":"max-image-preview:large","max-video-preview":"max-video-preview:-1"},"canonical":"https:\/\/insektenliebe.com\/de\/shop\/produkt\/skylight-netzteil-mid-30-intense\/","og_locale":"de_DE","og_type":"article","og_title":"Skylight Netzteil MID-30 Intense","og_description":"Skylight Netzteil MID-30 Intense \u2013 zuverl\u00e4ssige Stromversorgung f\u00fcr Skylight Lampen. Verschiedene Varianten f\u00fcr 1 bis 6 Lampen verf\u00fcgbar.","og_url":"https:\/\/insektenliebe.com\/de\/shop\/produkt\/skylight-netzteil-mid-30-intense\/","og_site_name":"Insektenliebe","article_modified_time":"2026-04-11T12:17:14+00:00","og_image":[{"width":820,"height":820,"url":"https:\/\/insektenliebe.com\/wp-content\/uploads\/2025\/05\/Skylight-Netzteil-MID-30-Intense-1-Lampe-2.jpg","type":"image\/jpeg"}],"twitter_card":"summary_large_image","twitter_misc":{"Verf\u00fcgbarkeit":"Auf Lager"},"schema":{"@context":"https:\/\/schema.org","@graph":[{"@type":"WebPage","@id":"https:\/\/insektenliebe.com\/de\/shop\/produkt\/skylight-netzteil-mid-30-intense\/","url":"https:\/\/insektenliebe.com\/de\/shop\/produkt\/skylight-netzteil-mid-30-intense\/","name":"Skylight Netzteil MID-30 Intense - Insektenliebe","isPartOf":{"@id":"https:\/\/insektenliebe.com\/de\/#website"},"primaryImageOfPage":{"@id":"https:\/\/insektenliebe.com\/de\/shop\/produkt\/skylight-netzteil-mid-30-intense\/#primaryimage"},"image":{"@id":"https:\/\/insektenliebe.com\/de\/shop\/produkt\/skylight-netzteil-mid-30-intense\/#primaryimage"},"thumbnailUrl":"https:\/\/insektenliebe.com\/wp-content\/uploads\/2025\/05\/Skylight-Netzteil-MID-30-Intense-1-Lampe-2.jpg","datePublished":"2023-09-08T08:02:02+00:00","dateModified":"2026-04-11T12:17:14+00:00","description":"Skylight Netzteil MID-30 Intense \u2013 zuverl\u00e4ssige Stromversorgung f\u00fcr Skylight Lampen. Verschiedene Varianten f\u00fcr 1 bis 6 Lampen verf\u00fcgbar.","breadcrumb":{"@id":"https:\/\/insektenliebe.com\/de\/shop\/produkt\/skylight-netzteil-mid-30-intense\/#breadcrumb"},"inLanguage":"de","potentialAction":[{"@type":"ReadAction","target":["https:\/\/insektenliebe.com\/de\/shop\/produkt\/skylight-netzteil-mid-30-intense\/"]}]},{"@type":"ImageObject","inLanguage":"de","@id":"https:\/\/insektenliebe.com\/de\/shop\/produkt\/skylight-netzteil-mid-30-intense\/#primaryimage","url":"https:\/\/insektenliebe.com\/wp-content\/uploads\/2025\/05\/Skylight-Netzteil-MID-30-Intense-1-Lampe-2.jpg","contentUrl":"https:\/\/insektenliebe.com\/wp-content\/uploads\/2025\/05\/Skylight-Netzteil-MID-30-Intense-1-Lampe-2.jpg","width":820,"height":820,"caption":"Skylight-Netzteil-MID-30-Intense-1-Lampe-2.jpg"},{"@type":"BreadcrumbList","@id":"https:\/\/insektenliebe.com\/de\/shop\/produkt\/skylight-netzteil-mid-30-intense\/#breadcrumb","itemListElement":[{"@type":"ListItem","position":1,"name":"Startseite","item":"https:\/\/insektenliebe.com\/de\/"},{"@type":"ListItem","position":2,"name":"Shop","item":"https:\/\/insektenliebe.com\/de\/shop\/"},{"@type":"ListItem","position":3,"name":"Skylight Netzteil MID-30 Intense"}]},{"@type":"WebSite","@id":"https:\/\/insektenliebe.com\/de\/#website","url":"https:\/\/insektenliebe.com\/de\/","name":"Insektenliebe","description":"Dein Zuhause f\u00fcr die kleinen Lebewesen","publisher":{"@id":"https:\/\/insektenliebe.com\/de\/#organization"},"potentialAction":[{"@type":"SearchAction","target":{"@type":"EntryPoint","urlTemplate":"https:\/\/insektenliebe.com\/de\/?s={search_term_string}"},"query-input":{"@type":"PropertyValueSpecification","valueRequired":true,"valueName":"search_term_string"}}],"inLanguage":"de"},{"@type":"Organization","@id":"https:\/\/insektenliebe.com\/de\/#organization","name":"Insektenliebe","url":"https:\/\/insektenliebe.com\/de\/","logo":{"@type":"ImageObject","inLanguage":"de","@id":"https:\/\/insektenliebe.com\/de\/#\/schema\/logo\/image\/","url":"https:\/\/insektenliebe.com\/wp-content\/uploads\/2025\/03\/logo-white.png","contentUrl":"https:\/\/insektenliebe.com\/wp-content\/uploads\/2025\/03\/logo-white.png","width":288,"height":188,"caption":"Insektenliebe"},"image":{"@id":"https:\/\/insektenliebe.com\/de\/#\/schema\/logo\/image\/"}}]},"og_availability":"instock","product_availability":"instock","product_retailer_item_id":"488","product_condition":"new"},"_links":{"self":[{"href":"https:\/\/insektenliebe.com\/de\/wp-json\/wp\/v2\/product\/5609","targetHints":{"allow":["GET"]}}],"collection":[{"href":"https:\/\/insektenliebe.com\/de\/wp-json\/wp\/v2\/product"}],"about":[{"href":"https:\/\/insektenliebe.com\/de\/wp-json\/wp\/v2\/types\/product"}],"wp:featuredmedia":[{"embeddable":true,"href":"https:\/\/insektenliebe.com\/de\/wp-json\/wp\/v2\/media\/5638"}],"wp:attachment":[{"href":"https:\/\/insektenliebe.com\/de\/wp-json\/wp\/v2\/media?parent=5609"}],"wp:term":[{"taxonomy":"product-supplier","embeddable":true,"href":"https:\/\/insektenliebe.com\/de\/wp-json\/wp\/v2\/product-supplier?post=5609"},{"taxonomy":"product_brand","embeddable":true,"href":"https:\/\/insektenliebe.com\/de\/wp-json\/wp\/v2\/product_brand?post=5609"},{"taxonomy":"product_cat","embeddable":true,"href":"https:\/\/insektenliebe.com\/de\/wp-json\/wp\/v2\/product_cat?post=5609"},{"taxonomy":"product_tag","embeddable":true,"href":"https:\/\/insektenliebe.com\/de\/wp-json\/wp\/v2\/product_tag?post=5609"},{"taxonomy":"lce-checkout-addons","embeddable":true,"href":"https:\/\/insektenliebe.com\/de\/wp-json\/wp\/v2\/lce-checkout-addons?post=5609"}],"curies":[{"name":"wp","href":"https:\/\/api.w.org\/{rel}","templated":true}]}}