{"id":5608,"date":"2023-09-07T13:32:39","date_gmt":"2023-09-07T11:32:39","guid":{"rendered":"http:\/\/localhost\/ins-test\/?post_type=product&#038;p=5608"},"modified":"2026-02-12T21:22:14","modified_gmt":"2026-02-12T20:22:14","slug":"skylight-aqct-support-controller","status":"publish","type":"product","link":"https:\/\/insektenliebe.com\/de\/shop\/produkt\/skylight-aqct-support-controller\/","title":{"rendered":"Skylight AQCT-Support Controller"},"content":{"rendered":"<h3><span style=\"color: #99cc33\">Skylight AQCT-Support Controller \u2013 Die optimale Erweiterung f\u00fcr dein Beleuchtungssystem<\/span><\/h3>\n<p>Der <strong>Skylight AQCT-Support Controller<\/strong> bietet all jenen, die nach mehr Flexibilit\u00e4t in ihrer Beleuchtung suchen, die perfekte L\u00f6sung. Als Erweiterung f\u00fcr den AQCT Timer erm\u00f6glicht dieser Controller das Einbinden einer weiteren Skylight Lampe, und das mit einer kinderleichten Installation. Egal, ob du Leuchten der Hyperspot-Serie oder der AQI-Serie in deinem System hast, der <strong>Skylight AQCT-Support Controller<\/strong> erlaubt es, bis zu zwei dieser Lampen zu verbinden und mit nur einem Skylight Controller zu steuern.<\/p>\n<p>So wird die Handhabung nicht nur vereinfacht, sondern auch effizienter gestaltet. Zudem \u00fcberzeugt der <strong>Skylight AQCT-Support Controller<\/strong> mit Funktionen wie der stufenlosen Dimmung, der M\u00f6glichkeit zur Variation der Farbtemperatur und der Erzeugung von Effekten wie nat\u00fcrlichen Tagesverl\u00e4ufen.<\/p>\n<p>Ein weiteres Highlight des <strong>Skylight AQCT-Support Controller<\/strong> ist, dass Befestigungsschrauben f\u00fcr die Montage im Unterschrank bereits im Lieferumfang enthalten sind. Dies erm\u00f6glicht eine unmittelbare Installation und verleiht deinem Beleuchtungssystem eine neue, beeindruckende Dimension. Mit Skylight setzt du auf Beleuchtung der Extraklasse.<\/p>\n","protected":false},"excerpt":{"rendered":"<p>Skylight AQCT-Support Controller \u2013 Die optimale Erweiterung f\u00fcr dein Beleuchtungssystem Der Skylight AQCT-Support Controller bietet all jenen, die nach mehr Flexibilit\u00e4t in ihrer Beleuchtung suchen, die perfekte L\u00f6sung. Als Erweiterung f\u00fcr den AQCT Timer erm\u00f6glicht dieser Controller das Einbinden einer weiteren Skylight Lampe, und das mit einer kinderleichten Installation. Egal, ob du Leuchten der Hyperspot-Serie [&hellip;]<\/p>\n","protected":false},"featured_media":5637,"template":"","meta":{"_acf_changed":false},"product-supplier":[],"product_brand":[93],"product_cat":[299],"product_tag":[],"lce-checkout-addons":[],"class_list":{"0":"post-5608","1":"product","2":"type-product","3":"status-publish","4":"has-post-thumbnail","6":"product_brand-skylight","7":"product_cat-beleuchtung-klima","8":"product_shipping_class-equipment-shipping","10":"first","11":"outofstock","12":"taxable","13":"shipping-taxable","14":"purchasable","15":"product-type-simple"},"acf":[],"yoast_head":"<!-- This site is optimized with the Yoast SEO plugin v27.3 - https:\/\/yoast.com\/product\/yoast-seo-wordpress\/ -->\n<title>Skylight AQCT-Support Controller - Insektenliebe<\/title>\n<meta name=\"description\" content=\"G\u00fcnstiger Skylight AQCT-Support Controller direkt online kaufen. Als Erweiterung erm\u00f6glicht dieser Controller das Einbinden einer weiteren Skylight Lampe.\" \/>\n<meta name=\"robots\" content=\"index, follow, max-snippet:-1, max-image-preview:large, max-video-preview:-1\" \/>\n<link rel=\"canonical\" href=\"https:\/\/insektenliebe.com\/de\/shop\/produkt\/skylight-aqct-support-controller\/\" \/>\n<meta property=\"og:locale\" content=\"de_DE\" \/>\n<meta property=\"og:type\" content=\"article\" \/>\n<meta property=\"og:title\" content=\"Skylight AQCT-Support Controller - Insektenliebe\" \/>\n<meta property=\"og:description\" content=\"G\u00fcnstiger Skylight AQCT-Support Controller direkt online kaufen. Als Erweiterung erm\u00f6glicht dieser Controller das Einbinden einer weiteren Skylight Lampe.\" \/>\n<meta property=\"og:url\" content=\"https:\/\/insektenliebe.com\/de\/shop\/produkt\/skylight-aqct-support-controller\/\" \/>\n<meta property=\"og:site_name\" content=\"Insektenliebe\" \/>\n<meta property=\"article:modified_time\" content=\"2026-02-12T20:22:14+00:00\" \/>\n<meta property=\"og:image\" content=\"https:\/\/insektenliebe.com\/wp-content\/uploads\/2025\/05\/Skylight-AQCT-Support-Controller-2.jpg\" \/>\n\t<meta property=\"og:image:width\" content=\"820\" \/>\n\t<meta property=\"og:image:height\" content=\"820\" \/>\n\t<meta property=\"og:image:type\" content=\"image\/jpeg\" \/>\n<meta name=\"twitter:card\" content=\"summary_large_image\" \/>\n<meta name=\"twitter:label1\" content=\"Gesch\u00e4tzte Lesezeit\" \/>\n\t<meta name=\"twitter:data1\" content=\"2\u00a0Minuten\" \/>\n<script type=\"application\/ld+json\" class=\"yoast-schema-graph\">{\"@context\":\"https:\\\/\\\/schema.org\",\"@graph\":[{\"@type\":\"WebPage\",\"@id\":\"https:\\\/\\\/insektenliebe.com\\\/de\\\/shop\\\/produkt\\\/skylight-aqct-support-controller\\\/\",\"url\":\"https:\\\/\\\/insektenliebe.com\\\/de\\\/shop\\\/produkt\\\/skylight-aqct-support-controller\\\/\",\"name\":\"Skylight AQCT-Support Controller - Insektenliebe\",\"isPartOf\":{\"@id\":\"https:\\\/\\\/insektenliebe.com\\\/de\\\/#website\"},\"primaryImageOfPage\":{\"@id\":\"https:\\\/\\\/insektenliebe.com\\\/de\\\/shop\\\/produkt\\\/skylight-aqct-support-controller\\\/#primaryimage\"},\"image\":{\"@id\":\"https:\\\/\\\/insektenliebe.com\\\/de\\\/shop\\\/produkt\\\/skylight-aqct-support-controller\\\/#primaryimage\"},\"thumbnailUrl\":\"https:\\\/\\\/insektenliebe.com\\\/wp-content\\\/uploads\\\/2025\\\/05\\\/Skylight-AQCT-Support-Controller-2.jpg\",\"datePublished\":\"2023-09-07T11:32:39+00:00\",\"dateModified\":\"2026-02-12T20:22:14+00:00\",\"description\":\"G\u00fcnstiger Skylight AQCT-Support Controller direkt online kaufen. Als Erweiterung erm\u00f6glicht dieser Controller das Einbinden einer weiteren Skylight Lampe.\",\"breadcrumb\":{\"@id\":\"https:\\\/\\\/insektenliebe.com\\\/de\\\/shop\\\/produkt\\\/skylight-aqct-support-controller\\\/#breadcrumb\"},\"inLanguage\":\"de\",\"potentialAction\":[{\"@type\":\"ReadAction\",\"target\":[\"https:\\\/\\\/insektenliebe.com\\\/de\\\/shop\\\/produkt\\\/skylight-aqct-support-controller\\\/\"]}]},{\"@type\":\"ImageObject\",\"inLanguage\":\"de\",\"@id\":\"https:\\\/\\\/insektenliebe.com\\\/de\\\/shop\\\/produkt\\\/skylight-aqct-support-controller\\\/#primaryimage\",\"url\":\"https:\\\/\\\/insektenliebe.com\\\/wp-content\\\/uploads\\\/2025\\\/05\\\/Skylight-AQCT-Support-Controller-2.jpg\",\"contentUrl\":\"https:\\\/\\\/insektenliebe.com\\\/wp-content\\\/uploads\\\/2025\\\/05\\\/Skylight-AQCT-Support-Controller-2.jpg\",\"width\":820,\"height\":820,\"caption\":\"Skylight-AQCT-Support-Controller-2.jpg\"},{\"@type\":\"BreadcrumbList\",\"@id\":\"https:\\\/\\\/insektenliebe.com\\\/de\\\/shop\\\/produkt\\\/skylight-aqct-support-controller\\\/#breadcrumb\",\"itemListElement\":[{\"@type\":\"ListItem\",\"position\":1,\"name\":\"Startseite\",\"item\":\"https:\\\/\\\/insektenliebe.com\\\/de\\\/\"},{\"@type\":\"ListItem\",\"position\":2,\"name\":\"Shop\",\"item\":\"https:\\\/\\\/insektenliebe.com\\\/de\\\/shop\\\/\"},{\"@type\":\"ListItem\",\"position\":3,\"name\":\"Skylight AQCT-Support Controller\"}]},{\"@type\":\"WebSite\",\"@id\":\"https:\\\/\\\/insektenliebe.com\\\/de\\\/#website\",\"url\":\"https:\\\/\\\/insektenliebe.com\\\/de\\\/\",\"name\":\"Insektenliebe\",\"description\":\"Dein Zuhause f\u00fcr die kleinen Lebewesen\",\"publisher\":{\"@id\":\"https:\\\/\\\/insektenliebe.com\\\/de\\\/#organization\"},\"potentialAction\":[{\"@type\":\"SearchAction\",\"target\":{\"@type\":\"EntryPoint\",\"urlTemplate\":\"https:\\\/\\\/insektenliebe.com\\\/de\\\/?s={search_term_string}\"},\"query-input\":{\"@type\":\"PropertyValueSpecification\",\"valueRequired\":true,\"valueName\":\"search_term_string\"}}],\"inLanguage\":\"de\"},{\"@type\":\"Organization\",\"@id\":\"https:\\\/\\\/insektenliebe.com\\\/de\\\/#organization\",\"name\":\"Insektenliebe\",\"url\":\"https:\\\/\\\/insektenliebe.com\\\/de\\\/\",\"logo\":{\"@type\":\"ImageObject\",\"inLanguage\":\"de\",\"@id\":\"https:\\\/\\\/insektenliebe.com\\\/de\\\/#\\\/schema\\\/logo\\\/image\\\/\",\"url\":\"https:\\\/\\\/insektenliebe.com\\\/wp-content\\\/uploads\\\/2025\\\/03\\\/logo-white.png\",\"contentUrl\":\"https:\\\/\\\/insektenliebe.com\\\/wp-content\\\/uploads\\\/2025\\\/03\\\/logo-white.png\",\"width\":288,\"height\":188,\"caption\":\"Insektenliebe\"},\"image\":{\"@id\":\"https:\\\/\\\/insektenliebe.com\\\/de\\\/#\\\/schema\\\/logo\\\/image\\\/\"}}]}<\/script>\n<!-- \/ Yoast SEO plugin. -->","yoast_head_json":{"title":"Skylight AQCT-Support Controller - Insektenliebe","description":"G\u00fcnstiger Skylight AQCT-Support Controller direkt online kaufen. Als Erweiterung erm\u00f6glicht dieser Controller das Einbinden einer weiteren Skylight Lampe.","robots":{"index":"index","follow":"follow","max-snippet":"max-snippet:-1","max-image-preview":"max-image-preview:large","max-video-preview":"max-video-preview:-1"},"canonical":"https:\/\/insektenliebe.com\/de\/shop\/produkt\/skylight-aqct-support-controller\/","og_locale":"de_DE","og_type":"article","og_title":"Skylight AQCT-Support Controller - Insektenliebe","og_description":"G\u00fcnstiger Skylight AQCT-Support Controller direkt online kaufen. Als Erweiterung erm\u00f6glicht dieser Controller das Einbinden einer weiteren Skylight Lampe.","og_url":"https:\/\/insektenliebe.com\/de\/shop\/produkt\/skylight-aqct-support-controller\/","og_site_name":"Insektenliebe","article_modified_time":"2026-02-12T20:22:14+00:00","og_image":[{"width":820,"height":820,"url":"https:\/\/insektenliebe.com\/wp-content\/uploads\/2025\/05\/Skylight-AQCT-Support-Controller-2.jpg","type":"image\/jpeg"}],"twitter_card":"summary_large_image","twitter_misc":{"Gesch\u00e4tzte Lesezeit":"2\u00a0Minuten"},"schema":{"@context":"https:\/\/schema.org","@graph":[{"@type":"WebPage","@id":"https:\/\/insektenliebe.com\/de\/shop\/produkt\/skylight-aqct-support-controller\/","url":"https:\/\/insektenliebe.com\/de\/shop\/produkt\/skylight-aqct-support-controller\/","name":"Skylight AQCT-Support Controller - Insektenliebe","isPartOf":{"@id":"https:\/\/insektenliebe.com\/de\/#website"},"primaryImageOfPage":{"@id":"https:\/\/insektenliebe.com\/de\/shop\/produkt\/skylight-aqct-support-controller\/#primaryimage"},"image":{"@id":"https:\/\/insektenliebe.com\/de\/shop\/produkt\/skylight-aqct-support-controller\/#primaryimage"},"thumbnailUrl":"https:\/\/insektenliebe.com\/wp-content\/uploads\/2025\/05\/Skylight-AQCT-Support-Controller-2.jpg","datePublished":"2023-09-07T11:32:39+00:00","dateModified":"2026-02-12T20:22:14+00:00","description":"G\u00fcnstiger Skylight AQCT-Support Controller direkt online kaufen. Als Erweiterung erm\u00f6glicht dieser Controller das Einbinden einer weiteren Skylight Lampe.","breadcrumb":{"@id":"https:\/\/insektenliebe.com\/de\/shop\/produkt\/skylight-aqct-support-controller\/#breadcrumb"},"inLanguage":"de","potentialAction":[{"@type":"ReadAction","target":["https:\/\/insektenliebe.com\/de\/shop\/produkt\/skylight-aqct-support-controller\/"]}]},{"@type":"ImageObject","inLanguage":"de","@id":"https:\/\/insektenliebe.com\/de\/shop\/produkt\/skylight-aqct-support-controller\/#primaryimage","url":"https:\/\/insektenliebe.com\/wp-content\/uploads\/2025\/05\/Skylight-AQCT-Support-Controller-2.jpg","contentUrl":"https:\/\/insektenliebe.com\/wp-content\/uploads\/2025\/05\/Skylight-AQCT-Support-Controller-2.jpg","width":820,"height":820,"caption":"Skylight-AQCT-Support-Controller-2.jpg"},{"@type":"BreadcrumbList","@id":"https:\/\/insektenliebe.com\/de\/shop\/produkt\/skylight-aqct-support-controller\/#breadcrumb","itemListElement":[{"@type":"ListItem","position":1,"name":"Startseite","item":"https:\/\/insektenliebe.com\/de\/"},{"@type":"ListItem","position":2,"name":"Shop","item":"https:\/\/insektenliebe.com\/de\/shop\/"},{"@type":"ListItem","position":3,"name":"Skylight AQCT-Support Controller"}]},{"@type":"WebSite","@id":"https:\/\/insektenliebe.com\/de\/#website","url":"https:\/\/insektenliebe.com\/de\/","name":"Insektenliebe","description":"Dein Zuhause f\u00fcr die kleinen Lebewesen","publisher":{"@id":"https:\/\/insektenliebe.com\/de\/#organization"},"potentialAction":[{"@type":"SearchAction","target":{"@type":"EntryPoint","urlTemplate":"https:\/\/insektenliebe.com\/de\/?s={search_term_string}"},"query-input":{"@type":"PropertyValueSpecification","valueRequired":true,"valueName":"search_term_string"}}],"inLanguage":"de"},{"@type":"Organization","@id":"https:\/\/insektenliebe.com\/de\/#organization","name":"Insektenliebe","url":"https:\/\/insektenliebe.com\/de\/","logo":{"@type":"ImageObject","inLanguage":"de","@id":"https:\/\/insektenliebe.com\/de\/#\/schema\/logo\/image\/","url":"https:\/\/insektenliebe.com\/wp-content\/uploads\/2025\/03\/logo-white.png","contentUrl":"https:\/\/insektenliebe.com\/wp-content\/uploads\/2025\/03\/logo-white.png","width":288,"height":188,"caption":"Insektenliebe"},"image":{"@id":"https:\/\/insektenliebe.com\/de\/#\/schema\/logo\/image\/"}}]}},"_links":{"self":[{"href":"https:\/\/insektenliebe.com\/de\/wp-json\/wp\/v2\/product\/5608","targetHints":{"allow":["GET"]}}],"collection":[{"href":"https:\/\/insektenliebe.com\/de\/wp-json\/wp\/v2\/product"}],"about":[{"href":"https:\/\/insektenliebe.com\/de\/wp-json\/wp\/v2\/types\/product"}],"wp:featuredmedia":[{"embeddable":true,"href":"https:\/\/insektenliebe.com\/de\/wp-json\/wp\/v2\/media\/5637"}],"wp:attachment":[{"href":"https:\/\/insektenliebe.com\/de\/wp-json\/wp\/v2\/media?parent=5608"}],"wp:term":[{"taxonomy":"product-supplier","embeddable":true,"href":"https:\/\/insektenliebe.com\/de\/wp-json\/wp\/v2\/product-supplier?post=5608"},{"taxonomy":"product_brand","embeddable":true,"href":"https:\/\/insektenliebe.com\/de\/wp-json\/wp\/v2\/product_brand?post=5608"},{"taxonomy":"product_cat","embeddable":true,"href":"https:\/\/insektenliebe.com\/de\/wp-json\/wp\/v2\/product_cat?post=5608"},{"taxonomy":"product_tag","embeddable":true,"href":"https:\/\/insektenliebe.com\/de\/wp-json\/wp\/v2\/product_tag?post=5608"},{"taxonomy":"lce-checkout-addons","embeddable":true,"href":"https:\/\/insektenliebe.com\/de\/wp-json\/wp\/v2\/lce-checkout-addons?post=5608"}],"curies":[{"name":"wp","href":"https:\/\/api.w.org\/{rel}","templated":true}]}}