{"id":5607,"date":"2023-09-07T10:42:33","date_gmt":"2023-09-07T08:42:33","guid":{"rendered":"http:\/\/localhost\/ins-test\/?post_type=product&#038;p=5607"},"modified":"2026-03-16T16:25:43","modified_gmt":"2026-03-16T15:25:43","slug":"skylight-adapter","status":"publish","type":"product","link":"https:\/\/insektenliebe.com\/de\/shop\/produkt\/skylight-adapter\/","title":{"rendered":"Skylight Adapter"},"content":{"rendered":"<h3><span style=\"color: #99cc33\">Skylight Adapter \u2013 Flexibilit\u00e4t f\u00fcr deine Beleuchtung<\/span><\/h3>\n<p>Maximiere die Effizienz deiner Beleuchtung mit dem <strong>Skylight Adapter<\/strong>. Dieses praktische Zubeh\u00f6r ist in den Varianten 2-fach, 3-fach und 4-fach erh\u00e4ltlich und erm\u00f6glicht es dir, je nach Modell, zwei, drei oder vier Lampen problemlos an ein einziges Netzteil anzuschlie\u00dfen.<\/p>\n<p>Dank des <strong>Skylight Adapters<\/strong> sparst du nicht nur Platz, sondern auch Zeit bei der Installation deiner Beleuchtung. Er wurde speziell entwickelt, um den Anschluss mehrerer Lampen zu vereinfachen und dennoch eine zuverl\u00e4ssige und sichere Stromversorgung zu gew\u00e4hrleisten. Ideal f\u00fcr alle, die ihre Beleuchtung effizient und geordnet gestalten m\u00f6chten.<\/p>\n<p>Mit dem 4-fach Adapter beispielsweise kannst du vier Lampen m\u00fchelos an einem Netzteil betreiben. So schaffst du eine harmonische und l\u00fcckenlose Ausleuchtung \u2013 perfekt f\u00fcr gr\u00f6\u00dfere Aquarien oder Terrarien.<\/p>\n<p>Setze auf die Qualit\u00e4t und das Know-how von Skylight und erweitere deine Beleuchtungsm\u00f6glichkeiten mit dem <strong>Skylight Adapter<\/strong>.<\/p>\n","protected":false},"excerpt":{"rendered":"<p>Skylight Adapter \u2013 Flexibilit\u00e4t f\u00fcr deine Beleuchtung Maximiere die Effizienz deiner Beleuchtung mit dem Skylight Adapter. Dieses praktische Zubeh\u00f6r ist in den Varianten 2-fach, 3-fach und 4-fach erh\u00e4ltlich und erm\u00f6glicht es dir, je nach Modell, zwei, drei oder vier Lampen problemlos an ein einziges Netzteil anzuschlie\u00dfen. Dank des Skylight Adapters sparst du nicht nur Platz, [&hellip;]<\/p>\n","protected":false},"featured_media":5636,"template":"","meta":{"_acf_changed":false},"product-supplier":[],"product_brand":[93],"product_cat":[299],"product_tag":[],"lce-checkout-addons":[],"class_list":{"0":"post-5607","1":"product","2":"type-product","3":"status-publish","4":"has-post-thumbnail","6":"product_brand-skylight","7":"product_cat-beleuchtung-klima","8":"product_shipping_class-equipment-shipping","10":"first","11":"instock","12":"taxable","13":"shipping-taxable","14":"purchasable","15":"product-type-variable"},"acf":[],"yoast_head":"<!-- This site is optimized with the Yoast SEO plugin v27.3 - https:\/\/yoast.com\/product\/yoast-seo-wordpress\/ -->\n<title>Skylight Adapter - Insektenliebe<\/title>\n<meta name=\"description\" content=\"G\u00fcnstiger Skylight Adapter direkt online kaufen. Maximiere die Effizienz deiner Beleuchtung mit dem Skylight Adapter und schlie\u00dfe bis zu 4 Lampen an.\" \/>\n<meta name=\"robots\" content=\"index, follow, max-snippet:-1, max-image-preview:large, max-video-preview:-1\" \/>\n<link rel=\"canonical\" href=\"https:\/\/insektenliebe.com\/de\/shop\/produkt\/skylight-adapter\/\" \/>\n<meta property=\"og:locale\" content=\"de_DE\" \/>\n<meta property=\"og:type\" content=\"article\" \/>\n<meta property=\"og:title\" content=\"Skylight Adapter - Insektenliebe\" \/>\n<meta property=\"og:description\" content=\"G\u00fcnstiger Skylight Adapter direkt online kaufen. Maximiere die Effizienz deiner Beleuchtung mit dem Skylight Adapter und schlie\u00dfe bis zu 4 Lampen an.\" \/>\n<meta property=\"og:url\" content=\"https:\/\/insektenliebe.com\/de\/shop\/produkt\/skylight-adapter\/\" \/>\n<meta property=\"og:site_name\" content=\"Insektenliebe\" \/>\n<meta property=\"article:modified_time\" content=\"2026-03-16T15:25:43+00:00\" \/>\n<meta property=\"og:image\" content=\"https:\/\/insektenliebe.com\/wp-content\/uploads\/2025\/05\/Skylight-Adapter-2-fach-2.jpg\" \/>\n\t<meta property=\"og:image:width\" content=\"820\" \/>\n\t<meta property=\"og:image:height\" content=\"820\" \/>\n\t<meta property=\"og:image:type\" content=\"image\/jpeg\" \/>\n<meta name=\"twitter:card\" content=\"summary_large_image\" \/>\n<meta name=\"twitter:label1\" content=\"Gesch\u00e4tzte Lesezeit\" \/>\n\t<meta name=\"twitter:data1\" content=\"1\u00a0Minute\" \/>\n<script type=\"application\/ld+json\" class=\"yoast-schema-graph\">{\"@context\":\"https:\\\/\\\/schema.org\",\"@graph\":[{\"@type\":\"WebPage\",\"@id\":\"https:\\\/\\\/insektenliebe.com\\\/de\\\/shop\\\/produkt\\\/skylight-adapter\\\/\",\"url\":\"https:\\\/\\\/insektenliebe.com\\\/de\\\/shop\\\/produkt\\\/skylight-adapter\\\/\",\"name\":\"Skylight Adapter - Insektenliebe\",\"isPartOf\":{\"@id\":\"https:\\\/\\\/insektenliebe.com\\\/de\\\/#website\"},\"primaryImageOfPage\":{\"@id\":\"https:\\\/\\\/insektenliebe.com\\\/de\\\/shop\\\/produkt\\\/skylight-adapter\\\/#primaryimage\"},\"image\":{\"@id\":\"https:\\\/\\\/insektenliebe.com\\\/de\\\/shop\\\/produkt\\\/skylight-adapter\\\/#primaryimage\"},\"thumbnailUrl\":\"https:\\\/\\\/insektenliebe.com\\\/wp-content\\\/uploads\\\/2025\\\/05\\\/Skylight-Adapter-2-fach-2.jpg\",\"datePublished\":\"2023-09-07T08:42:33+00:00\",\"dateModified\":\"2026-03-16T15:25:43+00:00\",\"description\":\"G\u00fcnstiger Skylight Adapter direkt online kaufen. Maximiere die Effizienz deiner Beleuchtung mit dem Skylight Adapter und schlie\u00dfe bis zu 4 Lampen an.\",\"breadcrumb\":{\"@id\":\"https:\\\/\\\/insektenliebe.com\\\/de\\\/shop\\\/produkt\\\/skylight-adapter\\\/#breadcrumb\"},\"inLanguage\":\"de\",\"potentialAction\":[{\"@type\":\"ReadAction\",\"target\":[\"https:\\\/\\\/insektenliebe.com\\\/de\\\/shop\\\/produkt\\\/skylight-adapter\\\/\"]}]},{\"@type\":\"ImageObject\",\"inLanguage\":\"de\",\"@id\":\"https:\\\/\\\/insektenliebe.com\\\/de\\\/shop\\\/produkt\\\/skylight-adapter\\\/#primaryimage\",\"url\":\"https:\\\/\\\/insektenliebe.com\\\/wp-content\\\/uploads\\\/2025\\\/05\\\/Skylight-Adapter-2-fach-2.jpg\",\"contentUrl\":\"https:\\\/\\\/insektenliebe.com\\\/wp-content\\\/uploads\\\/2025\\\/05\\\/Skylight-Adapter-2-fach-2.jpg\",\"width\":820,\"height\":820,\"caption\":\"Skylight-Adapter-2-fach-2.jpg\"},{\"@type\":\"BreadcrumbList\",\"@id\":\"https:\\\/\\\/insektenliebe.com\\\/de\\\/shop\\\/produkt\\\/skylight-adapter\\\/#breadcrumb\",\"itemListElement\":[{\"@type\":\"ListItem\",\"position\":1,\"name\":\"Startseite\",\"item\":\"https:\\\/\\\/insektenliebe.com\\\/de\\\/\"},{\"@type\":\"ListItem\",\"position\":2,\"name\":\"Shop\",\"item\":\"https:\\\/\\\/insektenliebe.com\\\/de\\\/shop\\\/\"},{\"@type\":\"ListItem\",\"position\":3,\"name\":\"Skylight Adapter\"}]},{\"@type\":\"WebSite\",\"@id\":\"https:\\\/\\\/insektenliebe.com\\\/de\\\/#website\",\"url\":\"https:\\\/\\\/insektenliebe.com\\\/de\\\/\",\"name\":\"Insektenliebe\",\"description\":\"Dein Zuhause f\u00fcr die kleinen Lebewesen\",\"publisher\":{\"@id\":\"https:\\\/\\\/insektenliebe.com\\\/de\\\/#organization\"},\"potentialAction\":[{\"@type\":\"SearchAction\",\"target\":{\"@type\":\"EntryPoint\",\"urlTemplate\":\"https:\\\/\\\/insektenliebe.com\\\/de\\\/?s={search_term_string}\"},\"query-input\":{\"@type\":\"PropertyValueSpecification\",\"valueRequired\":true,\"valueName\":\"search_term_string\"}}],\"inLanguage\":\"de\"},{\"@type\":\"Organization\",\"@id\":\"https:\\\/\\\/insektenliebe.com\\\/de\\\/#organization\",\"name\":\"Insektenliebe\",\"url\":\"https:\\\/\\\/insektenliebe.com\\\/de\\\/\",\"logo\":{\"@type\":\"ImageObject\",\"inLanguage\":\"de\",\"@id\":\"https:\\\/\\\/insektenliebe.com\\\/de\\\/#\\\/schema\\\/logo\\\/image\\\/\",\"url\":\"https:\\\/\\\/insektenliebe.com\\\/wp-content\\\/uploads\\\/2025\\\/03\\\/logo-white.png\",\"contentUrl\":\"https:\\\/\\\/insektenliebe.com\\\/wp-content\\\/uploads\\\/2025\\\/03\\\/logo-white.png\",\"width\":288,\"height\":188,\"caption\":\"Insektenliebe\"},\"image\":{\"@id\":\"https:\\\/\\\/insektenliebe.com\\\/de\\\/#\\\/schema\\\/logo\\\/image\\\/\"}}]}<\/script>\n<!-- \/ Yoast SEO plugin. -->","yoast_head_json":{"title":"Skylight Adapter - Insektenliebe","description":"G\u00fcnstiger Skylight Adapter direkt online kaufen. Maximiere die Effizienz deiner Beleuchtung mit dem Skylight Adapter und schlie\u00dfe bis zu 4 Lampen an.","robots":{"index":"index","follow":"follow","max-snippet":"max-snippet:-1","max-image-preview":"max-image-preview:large","max-video-preview":"max-video-preview:-1"},"canonical":"https:\/\/insektenliebe.com\/de\/shop\/produkt\/skylight-adapter\/","og_locale":"de_DE","og_type":"article","og_title":"Skylight Adapter - Insektenliebe","og_description":"G\u00fcnstiger Skylight Adapter direkt online kaufen. Maximiere die Effizienz deiner Beleuchtung mit dem Skylight Adapter und schlie\u00dfe bis zu 4 Lampen an.","og_url":"https:\/\/insektenliebe.com\/de\/shop\/produkt\/skylight-adapter\/","og_site_name":"Insektenliebe","article_modified_time":"2026-03-16T15:25:43+00:00","og_image":[{"width":820,"height":820,"url":"https:\/\/insektenliebe.com\/wp-content\/uploads\/2025\/05\/Skylight-Adapter-2-fach-2.jpg","type":"image\/jpeg"}],"twitter_card":"summary_large_image","twitter_misc":{"Gesch\u00e4tzte Lesezeit":"1\u00a0Minute"},"schema":{"@context":"https:\/\/schema.org","@graph":[{"@type":"WebPage","@id":"https:\/\/insektenliebe.com\/de\/shop\/produkt\/skylight-adapter\/","url":"https:\/\/insektenliebe.com\/de\/shop\/produkt\/skylight-adapter\/","name":"Skylight Adapter - Insektenliebe","isPartOf":{"@id":"https:\/\/insektenliebe.com\/de\/#website"},"primaryImageOfPage":{"@id":"https:\/\/insektenliebe.com\/de\/shop\/produkt\/skylight-adapter\/#primaryimage"},"image":{"@id":"https:\/\/insektenliebe.com\/de\/shop\/produkt\/skylight-adapter\/#primaryimage"},"thumbnailUrl":"https:\/\/insektenliebe.com\/wp-content\/uploads\/2025\/05\/Skylight-Adapter-2-fach-2.jpg","datePublished":"2023-09-07T08:42:33+00:00","dateModified":"2026-03-16T15:25:43+00:00","description":"G\u00fcnstiger Skylight Adapter direkt online kaufen. Maximiere die Effizienz deiner Beleuchtung mit dem Skylight Adapter und schlie\u00dfe bis zu 4 Lampen an.","breadcrumb":{"@id":"https:\/\/insektenliebe.com\/de\/shop\/produkt\/skylight-adapter\/#breadcrumb"},"inLanguage":"de","potentialAction":[{"@type":"ReadAction","target":["https:\/\/insektenliebe.com\/de\/shop\/produkt\/skylight-adapter\/"]}]},{"@type":"ImageObject","inLanguage":"de","@id":"https:\/\/insektenliebe.com\/de\/shop\/produkt\/skylight-adapter\/#primaryimage","url":"https:\/\/insektenliebe.com\/wp-content\/uploads\/2025\/05\/Skylight-Adapter-2-fach-2.jpg","contentUrl":"https:\/\/insektenliebe.com\/wp-content\/uploads\/2025\/05\/Skylight-Adapter-2-fach-2.jpg","width":820,"height":820,"caption":"Skylight-Adapter-2-fach-2.jpg"},{"@type":"BreadcrumbList","@id":"https:\/\/insektenliebe.com\/de\/shop\/produkt\/skylight-adapter\/#breadcrumb","itemListElement":[{"@type":"ListItem","position":1,"name":"Startseite","item":"https:\/\/insektenliebe.com\/de\/"},{"@type":"ListItem","position":2,"name":"Shop","item":"https:\/\/insektenliebe.com\/de\/shop\/"},{"@type":"ListItem","position":3,"name":"Skylight Adapter"}]},{"@type":"WebSite","@id":"https:\/\/insektenliebe.com\/de\/#website","url":"https:\/\/insektenliebe.com\/de\/","name":"Insektenliebe","description":"Dein Zuhause f\u00fcr die kleinen Lebewesen","publisher":{"@id":"https:\/\/insektenliebe.com\/de\/#organization"},"potentialAction":[{"@type":"SearchAction","target":{"@type":"EntryPoint","urlTemplate":"https:\/\/insektenliebe.com\/de\/?s={search_term_string}"},"query-input":{"@type":"PropertyValueSpecification","valueRequired":true,"valueName":"search_term_string"}}],"inLanguage":"de"},{"@type":"Organization","@id":"https:\/\/insektenliebe.com\/de\/#organization","name":"Insektenliebe","url":"https:\/\/insektenliebe.com\/de\/","logo":{"@type":"ImageObject","inLanguage":"de","@id":"https:\/\/insektenliebe.com\/de\/#\/schema\/logo\/image\/","url":"https:\/\/insektenliebe.com\/wp-content\/uploads\/2025\/03\/logo-white.png","contentUrl":"https:\/\/insektenliebe.com\/wp-content\/uploads\/2025\/03\/logo-white.png","width":288,"height":188,"caption":"Insektenliebe"},"image":{"@id":"https:\/\/insektenliebe.com\/de\/#\/schema\/logo\/image\/"}}]}},"_links":{"self":[{"href":"https:\/\/insektenliebe.com\/de\/wp-json\/wp\/v2\/product\/5607","targetHints":{"allow":["GET"]}}],"collection":[{"href":"https:\/\/insektenliebe.com\/de\/wp-json\/wp\/v2\/product"}],"about":[{"href":"https:\/\/insektenliebe.com\/de\/wp-json\/wp\/v2\/types\/product"}],"wp:featuredmedia":[{"embeddable":true,"href":"https:\/\/insektenliebe.com\/de\/wp-json\/wp\/v2\/media\/5636"}],"wp:attachment":[{"href":"https:\/\/insektenliebe.com\/de\/wp-json\/wp\/v2\/media?parent=5607"}],"wp:term":[{"taxonomy":"product-supplier","embeddable":true,"href":"https:\/\/insektenliebe.com\/de\/wp-json\/wp\/v2\/product-supplier?post=5607"},{"taxonomy":"product_brand","embeddable":true,"href":"https:\/\/insektenliebe.com\/de\/wp-json\/wp\/v2\/product_brand?post=5607"},{"taxonomy":"product_cat","embeddable":true,"href":"https:\/\/insektenliebe.com\/de\/wp-json\/wp\/v2\/product_cat?post=5607"},{"taxonomy":"product_tag","embeddable":true,"href":"https:\/\/insektenliebe.com\/de\/wp-json\/wp\/v2\/product_tag?post=5607"},{"taxonomy":"lce-checkout-addons","embeddable":true,"href":"https:\/\/insektenliebe.com\/de\/wp-json\/wp\/v2\/lce-checkout-addons?post=5607"}],"curies":[{"name":"wp","href":"https:\/\/api.w.org\/{rel}","templated":true}]}}